{"id":21580,"date":"2025-03-07T23:44:15","date_gmt":"2025-03-07T23:44:15","guid":{"rendered":"https:\/\/aigleshopping.ca\/produit\/robot-de-balayage-automatique-intelligent-machine-de-nettoyage-a-pulverisation-et-chargement-aspirateur-menager\/"},"modified":"2025-03-07T23:44:15","modified_gmt":"2025-03-07T23:44:15","slug":"robot-de-balayage-automatique-intelligent-machine-de-nettoyage-a-pulverisation-et-chargement-aspirateur-menager","status":"publish","type":"product","link":"https:\/\/aigleshopping.ca\/fr\/produit\/robot-de-balayage-automatique-intelligent-machine-de-nettoyage-a-pulverisation-et-chargement-aspirateur-menager\/","title":{"rendered":"Robot de balayage automatique intelligent Machine de nettoyage \u00e0 pulv\u00e9risation et chargement Aspirateur m\u00e9nager"},"content":{"rendered":"<p> <b>Vue d&rsquo;ensemble :<\/b> <br \/> 1. Pas besoin de contr\u00f4ler <br \/> 2. Poussi\u00e8re collante, pas de poussi\u00e8re <br \/> 3. Tr\u00e8s faible consommation d&rsquo;\u00e9nergie <br \/> 4. Humide et sec <br \/> 5. Chemin de croisi\u00e8re automatique <br \/> 6. St\u00e9rilisation par ultraviolets <br \/> 7. Essuyage manuel rotatif <br \/> 8. \u00c9chappement automatique <br \/> 9. Nettoyage \u00e0 faible bruit <br \/> 10. Humidification par pulv\u00e9risation          <br \/> <b> <br \/>  Sp\u00e9cification :  <\/b> <br \/>  Voie de nettoyage : al\u00e9atoire  <br \/>  Mode de fonctionnement : m\u00e9canique  <br \/>  Mode d&rsquo;alimentation : USB  <br \/>  Fonction de temporisation : pas de temporisation  <br \/>  Tension nominale : 3,7V  <br \/>  Puissance nominale : 5W  <br \/>  Fr\u00e9quence nominale : 50hz  <br \/>  Type d&rsquo;interrupteur : bouton normal  <br \/>  Fonction de la balayeuse : balayage  <br \/>  Style de la balayeuse : robot intelligent  <br \/>  Environnement d&rsquo;utilisation : domicile  <br \/>  Zone d&rsquo;application : 90-120 m\u00e8tres carr\u00e9s  <br \/>  Mod\u00e8le : A8  <br \/>  Capacit\u00e9 : 1800  <br \/>  Apparence : robot balayeur  <br \/>  Avec t\u00e9l\u00e9commande : Non  <br \/>  Affichage LCD : Aucun  <br \/>  Existe-t-il une fonction de rendez-vous \u00e0 heure fixe ? Non  <br \/>  Existe-t-il un mur virtuel ? Aucun  <br \/>  Protection contre les collisions : collision m\u00e9canique  <br \/>  Chargement automatique ou non : Non  <br \/>  Couleur : gris argent\u00e9, or local  <\/p>\n<p> <b>Contenu de l&#8217;emballage :<\/b> <br \/> Robot de balayage automatique intelligent*1  <\/p>\n<p> <\/p>\n<p> <img decoding=\"async\" src=\"https:\/\/cf.cjdropshipping.com\/1619421505664.jpg\"> <img decoding=\"async\" src=\"https:\/\/cf.cjdropshipping.com\/1619421505662.jpg\"> <img decoding=\"async\" src=\"https:\/\/cf.cjdropshipping.com\/1619421505666.jpg\"> <img decoding=\"async\" src=\"https:\/\/cf.cjdropshipping.com\/1619421505672.jpg\"> <img decoding=\"async\" src=\"https:\/\/cf.cjdropshipping.com\/1619421505670.jpg\">  <\/p>\n","protected":false},"excerpt":{"rendered":"<p>Vue d&rsquo;ensemble : 1. Pas besoin de contr\u00f4ler 2. Poussi\u00e8re collante, pas de poussi\u00e8re 3. Tr\u00e8s faible consommation d&rsquo;\u00e9nergie 4. Humide et sec 5. Chemin de croisi\u00e8re automatique 6. St\u00e9rilisation par ultraviolets 7. Essuyage manuel rotatif 8. \u00c9chappement automatique 9. Nettoyage \u00e0 faible bruit 10. Humidification par pulv\u00e9risation Sp\u00e9cification : Voie de nettoyage : al\u00e9atoire [&hellip;]<\/p>\n","protected":false},"featured_media":13627,"comment_status":"open","ping_status":"closed","template":"","meta":{"content-type":""},"product_brand":[],"product_cat":[266],"product_tag":[],"class_list":{"0":"post-21580","1":"product","2":"type-product","3":"status-publish","4":"has-post-thumbnail","6":"product_cat-chiens-et-chats","8":"first","9":"instock","10":"taxable","11":"shipping-taxable","12":"purchasable","13":"product-type-variable","14":"add-to-wishlist-after_add_to_cart"},"yoast_head":"<!-- This site is optimized with the Yoast SEO plugin v27.4 - https:\/\/yoast.com\/product\/yoast-seo-wordpress\/ -->\n<title>Robot de balayage automatique intelligent Machine de nettoyage \u00e0 pulv\u00e9risation et chargement Aspirateur m\u00e9nager - Aigle Shopping Canada<\/title>\n<meta name=\"robots\" content=\"index, follow, max-snippet:-1, max-image-preview:large, max-video-preview:-1\" \/>\n<link rel=\"canonical\" href=\"https:\/\/aigleshopping.ca\/fr\/produit\/robot-de-balayage-automatique-intelligent-machine-de-nettoyage-a-pulverisation-et-chargement-aspirateur-menager\/\" \/>\n<meta property=\"og:locale\" content=\"fr_FR\" \/>\n<meta property=\"og:type\" content=\"article\" \/>\n<meta property=\"og:title\" content=\"Robot de balayage automatique intelligent Machine de nettoyage \u00e0 pulv\u00e9risation et chargement Aspirateur m\u00e9nager - Aigle Shopping Canada\" \/>\n<meta property=\"og:description\" content=\"Vue d&rsquo;ensemble : 1. Pas besoin de contr\u00f4ler 2. Poussi\u00e8re collante, pas de poussi\u00e8re 3. Tr\u00e8s faible consommation d&rsquo;\u00e9nergie 4. Humide et sec 5. Chemin de croisi\u00e8re automatique 6. St\u00e9rilisation par ultraviolets 7. Essuyage manuel rotatif 8. \u00c9chappement automatique 9. Nettoyage \u00e0 faible bruit 10. Humidification par pulv\u00e9risation Sp\u00e9cification : Voie de nettoyage : al\u00e9atoire [&hellip;]\" \/>\n<meta property=\"og:url\" content=\"https:\/\/aigleshopping.ca\/fr\/produit\/robot-de-balayage-automatique-intelligent-machine-de-nettoyage-a-pulverisation-et-chargement-aspirateur-menager\/\" \/>\n<meta property=\"og:site_name\" content=\"Aigle Shopping Canada\" \/>\n<meta property=\"og:image\" content=\"https:\/\/aigleshopping.ca\/wp-content\/uploads\/2025\/03\/1619421580135.jpg\" \/>\n\t<meta property=\"og:image:width\" content=\"800\" \/>\n\t<meta property=\"og:image:height\" content=\"800\" \/>\n\t<meta property=\"og:image:type\" content=\"image\/jpeg\" \/>\n<meta name=\"twitter:card\" content=\"summary_large_image\" \/>\n<meta name=\"twitter:label1\" content=\"Dur\u00e9e de lecture estim\u00e9e\" \/>\n\t<meta name=\"twitter:data1\" content=\"1 minute\" \/>\n<script type=\"application\/ld+json\" class=\"yoast-schema-graph\">{\"@context\":\"https:\\\/\\\/schema.org\",\"@graph\":[{\"@type\":\"WebPage\",\"@id\":\"https:\\\/\\\/aigleshopping.ca\\\/fr\\\/produit\\\/robot-de-balayage-automatique-intelligent-machine-de-nettoyage-a-pulverisation-et-chargement-aspirateur-menager\\\/\",\"url\":\"https:\\\/\\\/aigleshopping.ca\\\/fr\\\/produit\\\/robot-de-balayage-automatique-intelligent-machine-de-nettoyage-a-pulverisation-et-chargement-aspirateur-menager\\\/\",\"name\":\"Robot de balayage automatique intelligent Machine de nettoyage \u00e0 pulv\u00e9risation et chargement Aspirateur m\u00e9nager - Aigle Shopping Canada\",\"isPartOf\":{\"@id\":\"https:\\\/\\\/aigleshopping.ca\\\/#website\"},\"primaryImageOfPage\":{\"@id\":\"https:\\\/\\\/aigleshopping.ca\\\/fr\\\/produit\\\/robot-de-balayage-automatique-intelligent-machine-de-nettoyage-a-pulverisation-et-chargement-aspirateur-menager\\\/#primaryimage\"},\"image\":{\"@id\":\"https:\\\/\\\/aigleshopping.ca\\\/fr\\\/produit\\\/robot-de-balayage-automatique-intelligent-machine-de-nettoyage-a-pulverisation-et-chargement-aspirateur-menager\\\/#primaryimage\"},\"thumbnailUrl\":\"https:\\\/\\\/aigleshopping.ca\\\/wp-content\\\/uploads\\\/2025\\\/03\\\/1619421580135.jpg\",\"datePublished\":\"2025-03-07T23:44:15+00:00\",\"breadcrumb\":{\"@id\":\"https:\\\/\\\/aigleshopping.ca\\\/fr\\\/produit\\\/robot-de-balayage-automatique-intelligent-machine-de-nettoyage-a-pulverisation-et-chargement-aspirateur-menager\\\/#breadcrumb\"},\"inLanguage\":\"fr-FR\",\"potentialAction\":[{\"@type\":\"ReadAction\",\"target\":[\"https:\\\/\\\/aigleshopping.ca\\\/fr\\\/produit\\\/robot-de-balayage-automatique-intelligent-machine-de-nettoyage-a-pulverisation-et-chargement-aspirateur-menager\\\/\"]}]},{\"@type\":\"ImageObject\",\"inLanguage\":\"fr-FR\",\"@id\":\"https:\\\/\\\/aigleshopping.ca\\\/fr\\\/produit\\\/robot-de-balayage-automatique-intelligent-machine-de-nettoyage-a-pulverisation-et-chargement-aspirateur-menager\\\/#primaryimage\",\"url\":\"https:\\\/\\\/aigleshopping.ca\\\/wp-content\\\/uploads\\\/2025\\\/03\\\/1619421580135.jpg\",\"contentUrl\":\"https:\\\/\\\/aigleshopping.ca\\\/wp-content\\\/uploads\\\/2025\\\/03\\\/1619421580135.jpg\",\"width\":800,\"height\":800},{\"@type\":\"BreadcrumbList\",\"@id\":\"https:\\\/\\\/aigleshopping.ca\\\/fr\\\/produit\\\/robot-de-balayage-automatique-intelligent-machine-de-nettoyage-a-pulverisation-et-chargement-aspirateur-menager\\\/#breadcrumb\",\"itemListElement\":[{\"@type\":\"ListItem\",\"position\":1,\"name\":\"Home\",\"item\":\"https:\\\/\\\/aigleshopping.ca\\\/fr\\\/home\\\/\"},{\"@type\":\"ListItem\",\"position\":2,\"name\":\"Products\",\"item\":\"https:\\\/\\\/aigleshopping.ca\\\/shop\\\/\"},{\"@type\":\"ListItem\",\"position\":3,\"name\":\"Robot de balayage automatique intelligent Machine de nettoyage \u00e0 pulv\u00e9risation et chargement Aspirateur m\u00e9nager\"}]},{\"@type\":\"WebSite\",\"@id\":\"https:\\\/\\\/aigleshopping.ca\\\/#website\",\"url\":\"https:\\\/\\\/aigleshopping.ca\\\/\",\"name\":\"Aigle Shopping Canada\",\"description\":\"Au-del\u00e0 des fronti\u00e8res, pour vous offrir le\u00a0meilleur!\",\"publisher\":{\"@id\":\"https:\\\/\\\/aigleshopping.ca\\\/#organization\"},\"potentialAction\":[{\"@type\":\"SearchAction\",\"target\":{\"@type\":\"EntryPoint\",\"urlTemplate\":\"https:\\\/\\\/aigleshopping.ca\\\/?s={search_term_string}\"},\"query-input\":{\"@type\":\"PropertyValueSpecification\",\"valueRequired\":true,\"valueName\":\"search_term_string\"}}],\"inLanguage\":\"fr-FR\"},{\"@type\":\"Organization\",\"@id\":\"https:\\\/\\\/aigleshopping.ca\\\/#organization\",\"name\":\"Aigle Shopping Canada\",\"url\":\"https:\\\/\\\/aigleshopping.ca\\\/\",\"logo\":{\"@type\":\"ImageObject\",\"inLanguage\":\"fr-FR\",\"@id\":\"https:\\\/\\\/aigleshopping.ca\\\/#\\\/schema\\\/logo\\\/image\\\/\",\"url\":\"https:\\\/\\\/aigleshopping.ca\\\/wp-content\\\/uploads\\\/2025\\\/12\\\/logo_aigleshopping_ca.png\",\"contentUrl\":\"https:\\\/\\\/aigleshopping.ca\\\/wp-content\\\/uploads\\\/2025\\\/12\\\/logo_aigleshopping_ca.png\",\"width\":800,\"height\":233,\"caption\":\"Aigle Shopping Canada\"},\"image\":{\"@id\":\"https:\\\/\\\/aigleshopping.ca\\\/#\\\/schema\\\/logo\\\/image\\\/\"}}]}<\/script>\n<!-- \/ Yoast SEO plugin. -->","yoast_head_json":{"title":"Robot de balayage automatique intelligent Machine de nettoyage \u00e0 pulv\u00e9risation et chargement Aspirateur m\u00e9nager - Aigle Shopping Canada","robots":{"index":"index","follow":"follow","max-snippet":"max-snippet:-1","max-image-preview":"max-image-preview:large","max-video-preview":"max-video-preview:-1"},"canonical":"https:\/\/aigleshopping.ca\/fr\/produit\/robot-de-balayage-automatique-intelligent-machine-de-nettoyage-a-pulverisation-et-chargement-aspirateur-menager\/","og_locale":"fr_FR","og_type":"article","og_title":"Robot de balayage automatique intelligent Machine de nettoyage \u00e0 pulv\u00e9risation et chargement Aspirateur m\u00e9nager - Aigle Shopping Canada","og_description":"Vue d&rsquo;ensemble : 1. Pas besoin de contr\u00f4ler 2. Poussi\u00e8re collante, pas de poussi\u00e8re 3. Tr\u00e8s faible consommation d&rsquo;\u00e9nergie 4. Humide et sec 5. Chemin de croisi\u00e8re automatique 6. St\u00e9rilisation par ultraviolets 7. Essuyage manuel rotatif 8. \u00c9chappement automatique 9. Nettoyage \u00e0 faible bruit 10. Humidification par pulv\u00e9risation Sp\u00e9cification : Voie de nettoyage : al\u00e9atoire [&hellip;]","og_url":"https:\/\/aigleshopping.ca\/fr\/produit\/robot-de-balayage-automatique-intelligent-machine-de-nettoyage-a-pulverisation-et-chargement-aspirateur-menager\/","og_site_name":"Aigle Shopping Canada","og_image":[{"width":800,"height":800,"url":"https:\/\/aigleshopping.ca\/wp-content\/uploads\/2025\/03\/1619421580135.jpg","type":"image\/jpeg"}],"twitter_card":"summary_large_image","twitter_misc":{"Dur\u00e9e de lecture estim\u00e9e":"1 minute"},"schema":{"@context":"https:\/\/schema.org","@graph":[{"@type":"WebPage","@id":"https:\/\/aigleshopping.ca\/fr\/produit\/robot-de-balayage-automatique-intelligent-machine-de-nettoyage-a-pulverisation-et-chargement-aspirateur-menager\/","url":"https:\/\/aigleshopping.ca\/fr\/produit\/robot-de-balayage-automatique-intelligent-machine-de-nettoyage-a-pulverisation-et-chargement-aspirateur-menager\/","name":"Robot de balayage automatique intelligent Machine de nettoyage \u00e0 pulv\u00e9risation et chargement Aspirateur m\u00e9nager - Aigle Shopping Canada","isPartOf":{"@id":"https:\/\/aigleshopping.ca\/#website"},"primaryImageOfPage":{"@id":"https:\/\/aigleshopping.ca\/fr\/produit\/robot-de-balayage-automatique-intelligent-machine-de-nettoyage-a-pulverisation-et-chargement-aspirateur-menager\/#primaryimage"},"image":{"@id":"https:\/\/aigleshopping.ca\/fr\/produit\/robot-de-balayage-automatique-intelligent-machine-de-nettoyage-a-pulverisation-et-chargement-aspirateur-menager\/#primaryimage"},"thumbnailUrl":"https:\/\/aigleshopping.ca\/wp-content\/uploads\/2025\/03\/1619421580135.jpg","datePublished":"2025-03-07T23:44:15+00:00","breadcrumb":{"@id":"https:\/\/aigleshopping.ca\/fr\/produit\/robot-de-balayage-automatique-intelligent-machine-de-nettoyage-a-pulverisation-et-chargement-aspirateur-menager\/#breadcrumb"},"inLanguage":"fr-FR","potentialAction":[{"@type":"ReadAction","target":["https:\/\/aigleshopping.ca\/fr\/produit\/robot-de-balayage-automatique-intelligent-machine-de-nettoyage-a-pulverisation-et-chargement-aspirateur-menager\/"]}]},{"@type":"ImageObject","inLanguage":"fr-FR","@id":"https:\/\/aigleshopping.ca\/fr\/produit\/robot-de-balayage-automatique-intelligent-machine-de-nettoyage-a-pulverisation-et-chargement-aspirateur-menager\/#primaryimage","url":"https:\/\/aigleshopping.ca\/wp-content\/uploads\/2025\/03\/1619421580135.jpg","contentUrl":"https:\/\/aigleshopping.ca\/wp-content\/uploads\/2025\/03\/1619421580135.jpg","width":800,"height":800},{"@type":"BreadcrumbList","@id":"https:\/\/aigleshopping.ca\/fr\/produit\/robot-de-balayage-automatique-intelligent-machine-de-nettoyage-a-pulverisation-et-chargement-aspirateur-menager\/#breadcrumb","itemListElement":[{"@type":"ListItem","position":1,"name":"Home","item":"https:\/\/aigleshopping.ca\/fr\/home\/"},{"@type":"ListItem","position":2,"name":"Products","item":"https:\/\/aigleshopping.ca\/shop\/"},{"@type":"ListItem","position":3,"name":"Robot de balayage automatique intelligent Machine de nettoyage \u00e0 pulv\u00e9risation et chargement Aspirateur m\u00e9nager"}]},{"@type":"WebSite","@id":"https:\/\/aigleshopping.ca\/#website","url":"https:\/\/aigleshopping.ca\/","name":"Aigle Shopping Canada","description":"Au-del\u00e0 des fronti\u00e8res, pour vous offrir le\u00a0meilleur!","publisher":{"@id":"https:\/\/aigleshopping.ca\/#organization"},"potentialAction":[{"@type":"SearchAction","target":{"@type":"EntryPoint","urlTemplate":"https:\/\/aigleshopping.ca\/?s={search_term_string}"},"query-input":{"@type":"PropertyValueSpecification","valueRequired":true,"valueName":"search_term_string"}}],"inLanguage":"fr-FR"},{"@type":"Organization","@id":"https:\/\/aigleshopping.ca\/#organization","name":"Aigle Shopping Canada","url":"https:\/\/aigleshopping.ca\/","logo":{"@type":"ImageObject","inLanguage":"fr-FR","@id":"https:\/\/aigleshopping.ca\/#\/schema\/logo\/image\/","url":"https:\/\/aigleshopping.ca\/wp-content\/uploads\/2025\/12\/logo_aigleshopping_ca.png","contentUrl":"https:\/\/aigleshopping.ca\/wp-content\/uploads\/2025\/12\/logo_aigleshopping_ca.png","width":800,"height":233,"caption":"Aigle Shopping Canada"},"image":{"@id":"https:\/\/aigleshopping.ca\/#\/schema\/logo\/image\/"}}]}},"jetpack_sharing_enabled":true,"_links":{"self":[{"href":"https:\/\/aigleshopping.ca\/fr\/wp-json\/wp\/v2\/product\/21580","targetHints":{"allow":["GET"]}}],"collection":[{"href":"https:\/\/aigleshopping.ca\/fr\/wp-json\/wp\/v2\/product"}],"about":[{"href":"https:\/\/aigleshopping.ca\/fr\/wp-json\/wp\/v2\/types\/product"}],"replies":[{"embeddable":true,"href":"https:\/\/aigleshopping.ca\/fr\/wp-json\/wp\/v2\/comments?post=21580"}],"wp:featuredmedia":[{"embeddable":true,"href":"https:\/\/aigleshopping.ca\/fr\/wp-json\/wp\/v2\/media\/13627"}],"wp:attachment":[{"href":"https:\/\/aigleshopping.ca\/fr\/wp-json\/wp\/v2\/media?parent=21580"}],"wp:term":[{"taxonomy":"product_brand","embeddable":true,"href":"https:\/\/aigleshopping.ca\/fr\/wp-json\/wp\/v2\/product_brand?post=21580"},{"taxonomy":"product_cat","embeddable":true,"href":"https:\/\/aigleshopping.ca\/fr\/wp-json\/wp\/v2\/product_cat?post=21580"},{"taxonomy":"product_tag","embeddable":true,"href":"https:\/\/aigleshopping.ca\/fr\/wp-json\/wp\/v2\/product_tag?post=21580"}],"curies":[{"name":"wp","href":"https:\/\/api.w.org\/{rel}","templated":true}]}}