{"id":21583,"date":"2025-03-07T23:38:47","date_gmt":"2025-03-07T23:38:47","guid":{"rendered":"https:\/\/aigleshopping.ca\/produit\/dresseur-de-chiens\/"},"modified":"2025-03-10T14:29:36","modified_gmt":"2025-03-10T14:29:36","slug":"dresseur-de-chiens","status":"publish","type":"product","link":"https:\/\/aigleshopping.ca\/fr\/produit\/dresseur-de-chiens\/","title":{"rendered":"Dresseur de chiens"},"content":{"rendered":"<p>  300 m\u00e8tres t\u00e9l\u00e9commande de recharge appareil de dressage de chien \u00e9tanche t\u00e9l\u00e9commande appareil de dressage de chien collier anti-aboiement 998DBB <br \/> 1. Mod\u00e8le du produit : 998DBB-1 <br \/> 2. Ecran LCD bleu, boutons bleus <br \/> 3. La distance de la t\u00e9l\u00e9commande est d&rsquo;environ 300 m\u00e8tres <br \/> 4. Batterie au lithium, rechargeable <br \/> 5. R\u00e9cepteur en mat\u00e9riau TPU et \u00e9tanche <br \/> 6. Peut cibler deux chiens (vous devez acheter un r\u00e9cepteur suppl\u00e9mentaire) <br \/> description du produit <br \/> 1. La distance de la t\u00e9l\u00e9commande est d&rsquo;environ 300 m\u00e8tres <br \/> 2. Batterie lithium rechargeable haute capacit\u00e9 int\u00e9gr\u00e9e (500 mA) <br \/> 3. R\u00e9cepteur \u00e9tanche, mat\u00e9riau TPU de haute qualit\u00e9 <br \/> 4. \u00c9cran LCD r\u00e9tro\u00e9clair\u00e9 bleu pratique et facile \u00e0 lire, affichage des chocs \u00e9lectriques, des vibrations, du son d&rsquo;avertissement, fonction d&rsquo;indicateur de recherche, \u00e9clairage LED <br \/> 5. Convient aux chiens de 15 \u00e0 100 livres, la taille du collier TPU peut \u00eatre ajust\u00e9e de 5 \u00e0 22 pouces <br \/> 6. R\u00e9gulateur \u00e0 100 vitesses, qui peut ajuster la statique et la vibration du r\u00e9cepteur, vous pouvez l&rsquo;ajuster en fonction de la personnalit\u00e9 et de la taille de votre animal <br \/> 7. Le collier pour chien est dot\u00e9 d&rsquo;une fonction de m\u00e9moire de correspondance de code num\u00e9rique automatique, qui ne sera pas perturb\u00e9e par les produits similaires des voisins <br \/> 8. Test complet \u00e0 100 %, garantie d&rsquo;un an <br \/> 9. La couleur du produit et la bo\u00eete de couleur peuvent \u00eatre personnalis\u00e9es <br \/> Pr\u00e9cautions : <br \/> &#8211; La port\u00e9e de 300 m\u00e8tres est une distance en ligne droite, et il n&rsquo;y a pas d&rsquo;obstacle entre l&rsquo;\u00e9metteur et le r\u00e9cepteur.                 <br \/>  &#8211; La distance de t\u00e9l\u00e9commande du produit peut varier en fonction du terrain, des conditions m\u00e9t\u00e9orologiques, de la v\u00e9g\u00e9tation, des performances de la batterie et des interf\u00e9rences avec d&rsquo;autres \u00e9quipements radio.  <br \/>  Informations sur l&rsquo;\u00e9tanch\u00e9it\u00e9 : <br \/> Le r\u00e9cepteur est parfaitement \u00e9tanche, notamment pour la natation et la baignade.  <br \/>  T\u00e9l\u00e9commande X1  <br \/>  R\u00e9cepteur X21  <br \/>  Collier TPU X1  <br \/>  Cordon d&rsquo;alimentation \u00e0 double usage X1  <br \/>  Fiche d&rsquo;alimentation X1  <br \/>  Lampe test X1  <br \/>  Quincaillerie longue X2  <br \/>  Mat\u00e9riel court X2  <br \/>  Manuel en anglais X1  <br \/>  Taille de la t\u00e9l\u00e9commande : 12,7&#215;4,5&#215;2,5cm  <br \/>  Taille du r\u00e9cepteur : 7.0&#215;4.0x3.2cm  <\/p>\n<p> <img decoding=\"async\" src=\"https:\/\/cf.cjdropshipping.com\/17054496\/2401170320220324900.jpg\"> <\/p>\n<p> <img decoding=\"async\" src=\"https:\/\/cf.cjdropshipping.com\/17054496\/2401170320220325200.jpg\"> <\/p>\n<p> <img decoding=\"async\" src=\"https:\/\/cf.cjdropshipping.com\/17054496\/2401170320220325600.jpg\"> <\/p>\n<p> <img decoding=\"async\" src=\"https:\/\/cf.cjdropshipping.com\/17054496\/2401170320220325800.jpg\"> <\/p>\n","protected":false},"excerpt":{"rendered":"<p>300 m\u00e8tres t\u00e9l\u00e9commande de recharge appareil de dressage de chien \u00e9tanche t\u00e9l\u00e9commande appareil de dressage de chien collier anti-aboiement 998DBB 1. Mod\u00e8le du produit : 998DBB-1 2. Ecran LCD bleu, boutons bleus 3. La distance de la t\u00e9l\u00e9commande est d&rsquo;environ 300 m\u00e8tres 4. Batterie au lithium, rechargeable 5. R\u00e9cepteur en mat\u00e9riau TPU et \u00e9tanche 6. [&hellip;]<\/p>\n","protected":false},"featured_media":13345,"comment_status":"open","ping_status":"closed","template":"","meta":{"content-type":""},"product_brand":[],"product_cat":[266],"product_tag":[],"class_list":{"0":"post-21583","1":"product","2":"type-product","3":"status-publish","4":"has-post-thumbnail","6":"product_cat-chiens-et-chats","8":"first","9":"instock","10":"taxable","11":"shipping-taxable","12":"purchasable","13":"product-type-variable","14":"add-to-wishlist-after_add_to_cart"},"yoast_head":"<!-- This site is optimized with the Yoast SEO plugin v27.4 - https:\/\/yoast.com\/product\/yoast-seo-wordpress\/ -->\n<title>Dresseur de chiens - Aigle Shopping Canada<\/title>\n<meta name=\"robots\" content=\"index, follow, max-snippet:-1, max-image-preview:large, max-video-preview:-1\" \/>\n<link rel=\"canonical\" href=\"https:\/\/aigleshopping.ca\/fr\/produit\/dresseur-de-chiens\/\" \/>\n<meta property=\"og:locale\" content=\"fr_FR\" \/>\n<meta property=\"og:type\" content=\"article\" \/>\n<meta property=\"og:title\" content=\"Dresseur de chiens - Aigle Shopping Canada\" \/>\n<meta property=\"og:description\" content=\"300 m\u00e8tres t\u00e9l\u00e9commande de recharge appareil de dressage de chien \u00e9tanche t\u00e9l\u00e9commande appareil de dressage de chien collier anti-aboiement 998DBB 1. Mod\u00e8le du produit : 998DBB-1 2. Ecran LCD bleu, boutons bleus 3. La distance de la t\u00e9l\u00e9commande est d&rsquo;environ 300 m\u00e8tres 4. Batterie au lithium, rechargeable 5. R\u00e9cepteur en mat\u00e9riau TPU et \u00e9tanche 6. [&hellip;]\" \/>\n<meta property=\"og:url\" content=\"https:\/\/aigleshopping.ca\/fr\/produit\/dresseur-de-chiens\/\" \/>\n<meta property=\"og:site_name\" content=\"Aigle Shopping Canada\" \/>\n<meta property=\"article:modified_time\" content=\"2025-03-10T14:29:36+00:00\" \/>\n<meta property=\"og:image\" content=\"https:\/\/aigleshopping.ca\/wp-content\/uploads\/2025\/03\/8533898876933.jpg\" \/>\n\t<meta property=\"og:image:width\" content=\"1000\" \/>\n\t<meta property=\"og:image:height\" content=\"1000\" \/>\n\t<meta property=\"og:image:type\" content=\"image\/jpeg\" \/>\n<meta name=\"twitter:card\" content=\"summary_large_image\" \/>\n<meta name=\"twitter:label1\" content=\"Dur\u00e9e de lecture estim\u00e9e\" \/>\n\t<meta name=\"twitter:data1\" content=\"2 minutes\" \/>\n<script type=\"application\/ld+json\" class=\"yoast-schema-graph\">{\"@context\":\"https:\\\/\\\/schema.org\",\"@graph\":[{\"@type\":\"WebPage\",\"@id\":\"https:\\\/\\\/aigleshopping.ca\\\/fr\\\/produit\\\/dresseur-de-chiens\\\/\",\"url\":\"https:\\\/\\\/aigleshopping.ca\\\/fr\\\/produit\\\/dresseur-de-chiens\\\/\",\"name\":\"Dresseur de chiens - Aigle Shopping Canada\",\"isPartOf\":{\"@id\":\"https:\\\/\\\/aigleshopping.ca\\\/#website\"},\"primaryImageOfPage\":{\"@id\":\"https:\\\/\\\/aigleshopping.ca\\\/fr\\\/produit\\\/dresseur-de-chiens\\\/#primaryimage\"},\"image\":{\"@id\":\"https:\\\/\\\/aigleshopping.ca\\\/fr\\\/produit\\\/dresseur-de-chiens\\\/#primaryimage\"},\"thumbnailUrl\":\"https:\\\/\\\/aigleshopping.ca\\\/wp-content\\\/uploads\\\/2025\\\/03\\\/8533898876933.jpg\",\"datePublished\":\"2025-03-07T23:38:47+00:00\",\"dateModified\":\"2025-03-10T14:29:36+00:00\",\"breadcrumb\":{\"@id\":\"https:\\\/\\\/aigleshopping.ca\\\/fr\\\/produit\\\/dresseur-de-chiens\\\/#breadcrumb\"},\"inLanguage\":\"fr-FR\",\"potentialAction\":[{\"@type\":\"ReadAction\",\"target\":[\"https:\\\/\\\/aigleshopping.ca\\\/fr\\\/produit\\\/dresseur-de-chiens\\\/\"]}]},{\"@type\":\"ImageObject\",\"inLanguage\":\"fr-FR\",\"@id\":\"https:\\\/\\\/aigleshopping.ca\\\/fr\\\/produit\\\/dresseur-de-chiens\\\/#primaryimage\",\"url\":\"https:\\\/\\\/aigleshopping.ca\\\/wp-content\\\/uploads\\\/2025\\\/03\\\/8533898876933.jpg\",\"contentUrl\":\"https:\\\/\\\/aigleshopping.ca\\\/wp-content\\\/uploads\\\/2025\\\/03\\\/8533898876933.jpg\",\"width\":1000,\"height\":1000},{\"@type\":\"BreadcrumbList\",\"@id\":\"https:\\\/\\\/aigleshopping.ca\\\/fr\\\/produit\\\/dresseur-de-chiens\\\/#breadcrumb\",\"itemListElement\":[{\"@type\":\"ListItem\",\"position\":1,\"name\":\"Home\",\"item\":\"https:\\\/\\\/aigleshopping.ca\\\/fr\\\/home\\\/\"},{\"@type\":\"ListItem\",\"position\":2,\"name\":\"Products\",\"item\":\"https:\\\/\\\/aigleshopping.ca\\\/shop\\\/\"},{\"@type\":\"ListItem\",\"position\":3,\"name\":\"Dresseur de chiens\"}]},{\"@type\":\"WebSite\",\"@id\":\"https:\\\/\\\/aigleshopping.ca\\\/#website\",\"url\":\"https:\\\/\\\/aigleshopping.ca\\\/\",\"name\":\"Aigle Shopping Canada\",\"description\":\"Au-del\u00e0 des fronti\u00e8res, pour vous offrir le\u00a0meilleur!\",\"publisher\":{\"@id\":\"https:\\\/\\\/aigleshopping.ca\\\/#organization\"},\"potentialAction\":[{\"@type\":\"SearchAction\",\"target\":{\"@type\":\"EntryPoint\",\"urlTemplate\":\"https:\\\/\\\/aigleshopping.ca\\\/?s={search_term_string}\"},\"query-input\":{\"@type\":\"PropertyValueSpecification\",\"valueRequired\":true,\"valueName\":\"search_term_string\"}}],\"inLanguage\":\"fr-FR\"},{\"@type\":\"Organization\",\"@id\":\"https:\\\/\\\/aigleshopping.ca\\\/#organization\",\"name\":\"Aigle Shopping Canada\",\"url\":\"https:\\\/\\\/aigleshopping.ca\\\/\",\"logo\":{\"@type\":\"ImageObject\",\"inLanguage\":\"fr-FR\",\"@id\":\"https:\\\/\\\/aigleshopping.ca\\\/#\\\/schema\\\/logo\\\/image\\\/\",\"url\":\"https:\\\/\\\/aigleshopping.ca\\\/wp-content\\\/uploads\\\/2025\\\/12\\\/logo_aigleshopping_ca.png\",\"contentUrl\":\"https:\\\/\\\/aigleshopping.ca\\\/wp-content\\\/uploads\\\/2025\\\/12\\\/logo_aigleshopping_ca.png\",\"width\":800,\"height\":233,\"caption\":\"Aigle Shopping Canada\"},\"image\":{\"@id\":\"https:\\\/\\\/aigleshopping.ca\\\/#\\\/schema\\\/logo\\\/image\\\/\"}}]}<\/script>\n<!-- \/ Yoast SEO plugin. -->","yoast_head_json":{"title":"Dresseur de chiens - Aigle Shopping Canada","robots":{"index":"index","follow":"follow","max-snippet":"max-snippet:-1","max-image-preview":"max-image-preview:large","max-video-preview":"max-video-preview:-1"},"canonical":"https:\/\/aigleshopping.ca\/fr\/produit\/dresseur-de-chiens\/","og_locale":"fr_FR","og_type":"article","og_title":"Dresseur de chiens - Aigle Shopping Canada","og_description":"300 m\u00e8tres t\u00e9l\u00e9commande de recharge appareil de dressage de chien \u00e9tanche t\u00e9l\u00e9commande appareil de dressage de chien collier anti-aboiement 998DBB 1. Mod\u00e8le du produit : 998DBB-1 2. Ecran LCD bleu, boutons bleus 3. La distance de la t\u00e9l\u00e9commande est d&rsquo;environ 300 m\u00e8tres 4. Batterie au lithium, rechargeable 5. R\u00e9cepteur en mat\u00e9riau TPU et \u00e9tanche 6. [&hellip;]","og_url":"https:\/\/aigleshopping.ca\/fr\/produit\/dresseur-de-chiens\/","og_site_name":"Aigle Shopping Canada","article_modified_time":"2025-03-10T14:29:36+00:00","og_image":[{"width":1000,"height":1000,"url":"https:\/\/aigleshopping.ca\/wp-content\/uploads\/2025\/03\/8533898876933.jpg","type":"image\/jpeg"}],"twitter_card":"summary_large_image","twitter_misc":{"Dur\u00e9e de lecture estim\u00e9e":"2 minutes"},"schema":{"@context":"https:\/\/schema.org","@graph":[{"@type":"WebPage","@id":"https:\/\/aigleshopping.ca\/fr\/produit\/dresseur-de-chiens\/","url":"https:\/\/aigleshopping.ca\/fr\/produit\/dresseur-de-chiens\/","name":"Dresseur de chiens - Aigle Shopping Canada","isPartOf":{"@id":"https:\/\/aigleshopping.ca\/#website"},"primaryImageOfPage":{"@id":"https:\/\/aigleshopping.ca\/fr\/produit\/dresseur-de-chiens\/#primaryimage"},"image":{"@id":"https:\/\/aigleshopping.ca\/fr\/produit\/dresseur-de-chiens\/#primaryimage"},"thumbnailUrl":"https:\/\/aigleshopping.ca\/wp-content\/uploads\/2025\/03\/8533898876933.jpg","datePublished":"2025-03-07T23:38:47+00:00","dateModified":"2025-03-10T14:29:36+00:00","breadcrumb":{"@id":"https:\/\/aigleshopping.ca\/fr\/produit\/dresseur-de-chiens\/#breadcrumb"},"inLanguage":"fr-FR","potentialAction":[{"@type":"ReadAction","target":["https:\/\/aigleshopping.ca\/fr\/produit\/dresseur-de-chiens\/"]}]},{"@type":"ImageObject","inLanguage":"fr-FR","@id":"https:\/\/aigleshopping.ca\/fr\/produit\/dresseur-de-chiens\/#primaryimage","url":"https:\/\/aigleshopping.ca\/wp-content\/uploads\/2025\/03\/8533898876933.jpg","contentUrl":"https:\/\/aigleshopping.ca\/wp-content\/uploads\/2025\/03\/8533898876933.jpg","width":1000,"height":1000},{"@type":"BreadcrumbList","@id":"https:\/\/aigleshopping.ca\/fr\/produit\/dresseur-de-chiens\/#breadcrumb","itemListElement":[{"@type":"ListItem","position":1,"name":"Home","item":"https:\/\/aigleshopping.ca\/fr\/home\/"},{"@type":"ListItem","position":2,"name":"Products","item":"https:\/\/aigleshopping.ca\/shop\/"},{"@type":"ListItem","position":3,"name":"Dresseur de chiens"}]},{"@type":"WebSite","@id":"https:\/\/aigleshopping.ca\/#website","url":"https:\/\/aigleshopping.ca\/","name":"Aigle Shopping Canada","description":"Au-del\u00e0 des fronti\u00e8res, pour vous offrir le\u00a0meilleur!","publisher":{"@id":"https:\/\/aigleshopping.ca\/#organization"},"potentialAction":[{"@type":"SearchAction","target":{"@type":"EntryPoint","urlTemplate":"https:\/\/aigleshopping.ca\/?s={search_term_string}"},"query-input":{"@type":"PropertyValueSpecification","valueRequired":true,"valueName":"search_term_string"}}],"inLanguage":"fr-FR"},{"@type":"Organization","@id":"https:\/\/aigleshopping.ca\/#organization","name":"Aigle Shopping Canada","url":"https:\/\/aigleshopping.ca\/","logo":{"@type":"ImageObject","inLanguage":"fr-FR","@id":"https:\/\/aigleshopping.ca\/#\/schema\/logo\/image\/","url":"https:\/\/aigleshopping.ca\/wp-content\/uploads\/2025\/12\/logo_aigleshopping_ca.png","contentUrl":"https:\/\/aigleshopping.ca\/wp-content\/uploads\/2025\/12\/logo_aigleshopping_ca.png","width":800,"height":233,"caption":"Aigle Shopping Canada"},"image":{"@id":"https:\/\/aigleshopping.ca\/#\/schema\/logo\/image\/"}}]}},"jetpack_sharing_enabled":true,"_links":{"self":[{"href":"https:\/\/aigleshopping.ca\/fr\/wp-json\/wp\/v2\/product\/21583","targetHints":{"allow":["GET"]}}],"collection":[{"href":"https:\/\/aigleshopping.ca\/fr\/wp-json\/wp\/v2\/product"}],"about":[{"href":"https:\/\/aigleshopping.ca\/fr\/wp-json\/wp\/v2\/types\/product"}],"replies":[{"embeddable":true,"href":"https:\/\/aigleshopping.ca\/fr\/wp-json\/wp\/v2\/comments?post=21583"}],"wp:featuredmedia":[{"embeddable":true,"href":"https:\/\/aigleshopping.ca\/fr\/wp-json\/wp\/v2\/media\/13345"}],"wp:attachment":[{"href":"https:\/\/aigleshopping.ca\/fr\/wp-json\/wp\/v2\/media?parent=21583"}],"wp:term":[{"taxonomy":"product_brand","embeddable":true,"href":"https:\/\/aigleshopping.ca\/fr\/wp-json\/wp\/v2\/product_brand?post=21583"},{"taxonomy":"product_cat","embeddable":true,"href":"https:\/\/aigleshopping.ca\/fr\/wp-json\/wp\/v2\/product_cat?post=21583"},{"taxonomy":"product_tag","embeddable":true,"href":"https:\/\/aigleshopping.ca\/fr\/wp-json\/wp\/v2\/product_tag?post=21583"}],"curies":[{"name":"wp","href":"https:\/\/api.w.org\/{rel}","templated":true}]}}