{"id":21614,"date":"2025-03-07T23:40:21","date_gmt":"2025-03-07T23:40:21","guid":{"rendered":"https:\/\/aigleshopping.ca\/produit\/portable-pet-cat-bag-breathable-dog-carrier-backpack-large-capacity-travel-pet-handbag-for-puppy-kitten-pets-outdoor-supplies\/"},"modified":"2025-03-10T14:29:39","modified_gmt":"2025-03-10T14:29:39","slug":"portable-pet-cat-bag-breathable-dog-carrier-backpack-large-capacity-travel-pet-handbag-for-puppy-kitten-pets-outdoor-supplies","status":"publish","type":"product","link":"https:\/\/aigleshopping.ca\/fr\/produit\/portable-pet-cat-bag-breathable-dog-carrier-backpack-large-capacity-travel-pet-handbag-for-puppy-kitten-pets-outdoor-supplies\/","title":{"rendered":"Portable Pet Cat Bag Breathable Dog Carrier Backpack Large Capacity Travel Pet Handbag For Puppy Kitten Pets Outdoor Supplies"},"content":{"rendered":"<p> <b>Vue d&rsquo;ensemble :<\/b> <br \/> 1. Le sac \u00e0 dos est fabriqu\u00e9 en tissu Oxford, solide et durable, facile \u00e0 nettoyer <br \/> 2. Filet en nylon, solide et respirant, pas facile \u00e0 endommager <br \/> 3. Grande capacit\u00e9, conception l\u00e9g\u00e8re pour r\u00e9pondre aux diff\u00e9rents besoins des clients <br \/> 4. Les gobelets, sacs \u00e0 ordures, cl\u00e9s peuvent \u00eatre plac\u00e9s \u00e0 l&rsquo;int\u00e9rieur des poches <br \/> 5. Design \u00e9l\u00e9gant convenant \u00e0 toutes les saisons <br \/> <b> <br \/> Sp\u00e9cification : <\/b> <br \/> Mat\u00e9riau : Oxford <br \/> Capacit\u00e9 : Moyenne <br \/> Duret\u00e9 : moyenne \u00e0 dure <br \/> Sp\u00e9cification : Code S, code L <br \/> Couleur : gris, rouge clair, bleu        <\/p>\n<p> <b> <br \/> <\/b> <\/p>\n<p> <b>  Informations sur la taille :  <br \/> <\/b> <\/p>\n<table>\n<colgroup>\n<col>\n<col>\n<col>\n <\/colgroup>\n<tbody>\n<tr>\n<td>taille\/cm<\/td>\n<td>long<\/td>\n<td>haut<\/td>\n<td>largeur<\/td>\n<\/tr>\n<tr>\n<td>S<\/td>\n<td>39<\/td>\n<td>17<\/td>\n<td>27<\/td>\n<\/tr>\n<tr>\n<td>M<\/td>\n<td>44<\/td>\n<td>17<\/td>\n<td>29<\/td>\n<\/tr>\n<\/tbody>\n<\/table>\n<p> <b> <br \/> <span style=\"font-size: 1em\">Contenu de l&#8217;emballage :<\/span> <\/b> <\/p>\n<p>Sac pour animaux de compagnie*1<\/p>\n<p> <img decoding=\"async\" src=\"https:\/\/cf.cjdropshipping.com\/176ff1c4-ee1d-4974-931e-b422ffbfbff1.jpg\"> <img decoding=\"async\" src=\"https:\/\/cf.cjdropshipping.com\/8bef8f91-2f95-40be-b924-c0f373ddbd6d.jpg\"> <img decoding=\"async\" src=\"https:\/\/cf.cjdropshipping.com\/1180fea4-0e81-4e0a-aee5-a57a20ce5a65.jpg\"> <img decoding=\"async\" src=\"https:\/\/cf.cjdropshipping.com\/31dd1333-c87e-4a26-9c59-3af0abbca6b2.jpg\"> <img decoding=\"async\" src=\"https:\/\/cf.cjdropshipping.com\/080c7742-bc9f-41c2-ae62-0e0e2b7ad313.jpg\"> <img decoding=\"async\" src=\"https:\/\/cf.cjdropshipping.com\/c3578f0e-3bd9-4b8f-a82e-368fa0196f63.jpg\"> <img decoding=\"async\" src=\"https:\/\/cf.cjdropshipping.com\/5b2c5805-0433-484f-b75b-903b30ac354b.jpg\"> <img decoding=\"async\" src=\"https:\/\/cf.cjdropshipping.com\/31d2df88-636c-46b0-8cf2-48c83496c0f2.jpg\"> <img decoding=\"async\" src=\"https:\/\/cf.cjdropshipping.com\/d705924a-69af-4548-a0ee-9e3e0f733ef1.jpg\"> <img decoding=\"async\" src=\"https:\/\/cf.cjdropshipping.com\/46a5b08e-6b73-46da-8a6e-4befd2610a78.jpg\"> <img decoding=\"async\" src=\"https:\/\/cf.cjdropshipping.com\/1a628f16-69a6-4786-bc98-de89db01eff5.jpg\"> <img decoding=\"async\" src=\"https:\/\/cf.cjdropshipping.com\/674da9f0-0c69-415f-b4f4-2ad8c77e8f4a.jpg\"> <img decoding=\"async\" src=\"https:\/\/cf.cjdropshipping.com\/8b917b90-5b77-4ae7-bd6b-018da17eadd8.jpg\"> <img decoding=\"async\" src=\"https:\/\/cf.cjdropshipping.com\/adf3e82b-0fea-41e8-9191-0454edeea0ee.jpg\"> <img decoding=\"async\" src=\"https:\/\/cf.cjdropshipping.com\/1eb6cc6f-d9fe-4a8b-923b-0f6b2c3c33c3.jpg\"> <img decoding=\"async\" src=\"https:\/\/cf.cjdropshipping.com\/95c69dce-ac9b-4c1c-9749-d0182b51331a.jpg\"> <img decoding=\"async\" src=\"https:\/\/cf.cjdropshipping.com\/58b56567-e2e5-442d-ba3a-40d7d342fa30.jpg\">  <\/p>\n","protected":false},"excerpt":{"rendered":"<p>Vue d&rsquo;ensemble : 1. Le sac \u00e0 dos est fabriqu\u00e9 en tissu Oxford, solide et durable, facile \u00e0 nettoyer 2. Filet en nylon, solide et respirant, pas facile \u00e0 endommager 3. Grande capacit\u00e9, conception l\u00e9g\u00e8re pour r\u00e9pondre aux diff\u00e9rents besoins des clients 4. Les gobelets, sacs \u00e0 ordures, cl\u00e9s peuvent \u00eatre plac\u00e9s \u00e0 l&rsquo;int\u00e9rieur des [&hellip;]<\/p>\n","protected":false},"featured_media":13458,"comment_status":"open","ping_status":"closed","template":"","meta":{"content-type":""},"product_brand":[],"product_cat":[266],"product_tag":[],"class_list":{"0":"post-21614","1":"product","2":"type-product","3":"status-publish","4":"has-post-thumbnail","6":"product_cat-chiens-et-chats","8":"first","9":"instock","10":"taxable","11":"shipping-taxable","12":"purchasable","13":"product-type-variable","14":"add-to-wishlist-after_add_to_cart"},"yoast_head":"<!-- This site is optimized with the Yoast SEO plugin v27.4 - https:\/\/yoast.com\/product\/yoast-seo-wordpress\/ -->\n<title>Portable Pet Cat Bag Breathable Dog Carrier Backpack Large Capacity Travel Pet Handbag For Puppy Kitten Pets Outdoor Supplies - Aigle Shopping Canada<\/title>\n<meta name=\"robots\" content=\"index, follow, max-snippet:-1, max-image-preview:large, max-video-preview:-1\" \/>\n<link rel=\"canonical\" href=\"https:\/\/aigleshopping.ca\/fr\/produit\/portable-pet-cat-bag-breathable-dog-carrier-backpack-large-capacity-travel-pet-handbag-for-puppy-kitten-pets-outdoor-supplies\/\" \/>\n<meta property=\"og:locale\" content=\"fr_FR\" \/>\n<meta property=\"og:type\" content=\"article\" \/>\n<meta property=\"og:title\" content=\"Portable Pet Cat Bag Breathable Dog Carrier Backpack Large Capacity Travel Pet Handbag For Puppy Kitten Pets Outdoor Supplies - Aigle Shopping Canada\" \/>\n<meta property=\"og:description\" content=\"Vue d&rsquo;ensemble : 1. Le sac \u00e0 dos est fabriqu\u00e9 en tissu Oxford, solide et durable, facile \u00e0 nettoyer 2. Filet en nylon, solide et respirant, pas facile \u00e0 endommager 3. Grande capacit\u00e9, conception l\u00e9g\u00e8re pour r\u00e9pondre aux diff\u00e9rents besoins des clients 4. Les gobelets, sacs \u00e0 ordures, cl\u00e9s peuvent \u00eatre plac\u00e9s \u00e0 l&rsquo;int\u00e9rieur des [&hellip;]\" \/>\n<meta property=\"og:url\" content=\"https:\/\/aigleshopping.ca\/fr\/produit\/portable-pet-cat-bag-breathable-dog-carrier-backpack-large-capacity-travel-pet-handbag-for-puppy-kitten-pets-outdoor-supplies\/\" \/>\n<meta property=\"og:site_name\" content=\"Aigle Shopping Canada\" \/>\n<meta property=\"article:modified_time\" content=\"2025-03-10T14:29:39+00:00\" \/>\n<meta property=\"og:image\" content=\"https:\/\/aigleshopping.ca\/wp-content\/uploads\/2025\/03\/3a2511eb-e380-4716-9c83-c36c71c654d7.jpg\" \/>\n\t<meta property=\"og:image:width\" content=\"800\" \/>\n\t<meta property=\"og:image:height\" content=\"800\" \/>\n\t<meta property=\"og:image:type\" content=\"image\/jpeg\" \/>\n<meta name=\"twitter:card\" content=\"summary_large_image\" \/>\n<meta name=\"twitter:label1\" content=\"Dur\u00e9e de lecture estim\u00e9e\" \/>\n\t<meta name=\"twitter:data1\" content=\"1 minute\" \/>\n<script type=\"application\/ld+json\" class=\"yoast-schema-graph\">{\"@context\":\"https:\\\/\\\/schema.org\",\"@graph\":[{\"@type\":\"WebPage\",\"@id\":\"https:\\\/\\\/aigleshopping.ca\\\/fr\\\/produit\\\/portable-pet-cat-bag-breathable-dog-carrier-backpack-large-capacity-travel-pet-handbag-for-puppy-kitten-pets-outdoor-supplies\\\/\",\"url\":\"https:\\\/\\\/aigleshopping.ca\\\/fr\\\/produit\\\/portable-pet-cat-bag-breathable-dog-carrier-backpack-large-capacity-travel-pet-handbag-for-puppy-kitten-pets-outdoor-supplies\\\/\",\"name\":\"Portable Pet Cat Bag Breathable Dog Carrier Backpack Large Capacity Travel Pet Handbag For Puppy Kitten Pets Outdoor Supplies - Aigle Shopping Canada\",\"isPartOf\":{\"@id\":\"https:\\\/\\\/aigleshopping.ca\\\/#website\"},\"primaryImageOfPage\":{\"@id\":\"https:\\\/\\\/aigleshopping.ca\\\/fr\\\/produit\\\/portable-pet-cat-bag-breathable-dog-carrier-backpack-large-capacity-travel-pet-handbag-for-puppy-kitten-pets-outdoor-supplies\\\/#primaryimage\"},\"image\":{\"@id\":\"https:\\\/\\\/aigleshopping.ca\\\/fr\\\/produit\\\/portable-pet-cat-bag-breathable-dog-carrier-backpack-large-capacity-travel-pet-handbag-for-puppy-kitten-pets-outdoor-supplies\\\/#primaryimage\"},\"thumbnailUrl\":\"https:\\\/\\\/aigleshopping.ca\\\/wp-content\\\/uploads\\\/2025\\\/03\\\/3a2511eb-e380-4716-9c83-c36c71c654d7.jpg\",\"datePublished\":\"2025-03-07T23:40:21+00:00\",\"dateModified\":\"2025-03-10T14:29:39+00:00\",\"breadcrumb\":{\"@id\":\"https:\\\/\\\/aigleshopping.ca\\\/fr\\\/produit\\\/portable-pet-cat-bag-breathable-dog-carrier-backpack-large-capacity-travel-pet-handbag-for-puppy-kitten-pets-outdoor-supplies\\\/#breadcrumb\"},\"inLanguage\":\"fr-FR\",\"potentialAction\":[{\"@type\":\"ReadAction\",\"target\":[\"https:\\\/\\\/aigleshopping.ca\\\/fr\\\/produit\\\/portable-pet-cat-bag-breathable-dog-carrier-backpack-large-capacity-travel-pet-handbag-for-puppy-kitten-pets-outdoor-supplies\\\/\"]}]},{\"@type\":\"ImageObject\",\"inLanguage\":\"fr-FR\",\"@id\":\"https:\\\/\\\/aigleshopping.ca\\\/fr\\\/produit\\\/portable-pet-cat-bag-breathable-dog-carrier-backpack-large-capacity-travel-pet-handbag-for-puppy-kitten-pets-outdoor-supplies\\\/#primaryimage\",\"url\":\"https:\\\/\\\/aigleshopping.ca\\\/wp-content\\\/uploads\\\/2025\\\/03\\\/3a2511eb-e380-4716-9c83-c36c71c654d7.jpg\",\"contentUrl\":\"https:\\\/\\\/aigleshopping.ca\\\/wp-content\\\/uploads\\\/2025\\\/03\\\/3a2511eb-e380-4716-9c83-c36c71c654d7.jpg\",\"width\":800,\"height\":800},{\"@type\":\"BreadcrumbList\",\"@id\":\"https:\\\/\\\/aigleshopping.ca\\\/fr\\\/produit\\\/portable-pet-cat-bag-breathable-dog-carrier-backpack-large-capacity-travel-pet-handbag-for-puppy-kitten-pets-outdoor-supplies\\\/#breadcrumb\",\"itemListElement\":[{\"@type\":\"ListItem\",\"position\":1,\"name\":\"Home\",\"item\":\"https:\\\/\\\/aigleshopping.ca\\\/fr\\\/home\\\/\"},{\"@type\":\"ListItem\",\"position\":2,\"name\":\"Products\",\"item\":\"https:\\\/\\\/aigleshopping.ca\\\/shop\\\/\"},{\"@type\":\"ListItem\",\"position\":3,\"name\":\"Portable Pet Cat Bag Breathable Dog Carrier Backpack Large Capacity Travel Pet Handbag For Puppy Kitten Pets Outdoor Supplies\"}]},{\"@type\":\"WebSite\",\"@id\":\"https:\\\/\\\/aigleshopping.ca\\\/#website\",\"url\":\"https:\\\/\\\/aigleshopping.ca\\\/\",\"name\":\"Aigle Shopping Canada\",\"description\":\"Au-del\u00e0 des fronti\u00e8res, pour vous offrir le\u00a0meilleur!\",\"publisher\":{\"@id\":\"https:\\\/\\\/aigleshopping.ca\\\/#organization\"},\"potentialAction\":[{\"@type\":\"SearchAction\",\"target\":{\"@type\":\"EntryPoint\",\"urlTemplate\":\"https:\\\/\\\/aigleshopping.ca\\\/?s={search_term_string}\"},\"query-input\":{\"@type\":\"PropertyValueSpecification\",\"valueRequired\":true,\"valueName\":\"search_term_string\"}}],\"inLanguage\":\"fr-FR\"},{\"@type\":\"Organization\",\"@id\":\"https:\\\/\\\/aigleshopping.ca\\\/#organization\",\"name\":\"Aigle Shopping Canada\",\"url\":\"https:\\\/\\\/aigleshopping.ca\\\/\",\"logo\":{\"@type\":\"ImageObject\",\"inLanguage\":\"fr-FR\",\"@id\":\"https:\\\/\\\/aigleshopping.ca\\\/#\\\/schema\\\/logo\\\/image\\\/\",\"url\":\"https:\\\/\\\/aigleshopping.ca\\\/wp-content\\\/uploads\\\/2025\\\/12\\\/logo_aigleshopping_ca.png\",\"contentUrl\":\"https:\\\/\\\/aigleshopping.ca\\\/wp-content\\\/uploads\\\/2025\\\/12\\\/logo_aigleshopping_ca.png\",\"width\":800,\"height\":233,\"caption\":\"Aigle Shopping Canada\"},\"image\":{\"@id\":\"https:\\\/\\\/aigleshopping.ca\\\/#\\\/schema\\\/logo\\\/image\\\/\"}}]}<\/script>\n<!-- \/ Yoast SEO plugin. -->","yoast_head_json":{"title":"Portable Pet Cat Bag Breathable Dog Carrier Backpack Large Capacity Travel Pet Handbag For Puppy Kitten Pets Outdoor Supplies - Aigle Shopping Canada","robots":{"index":"index","follow":"follow","max-snippet":"max-snippet:-1","max-image-preview":"max-image-preview:large","max-video-preview":"max-video-preview:-1"},"canonical":"https:\/\/aigleshopping.ca\/fr\/produit\/portable-pet-cat-bag-breathable-dog-carrier-backpack-large-capacity-travel-pet-handbag-for-puppy-kitten-pets-outdoor-supplies\/","og_locale":"fr_FR","og_type":"article","og_title":"Portable Pet Cat Bag Breathable Dog Carrier Backpack Large Capacity Travel Pet Handbag For Puppy Kitten Pets Outdoor Supplies - Aigle Shopping Canada","og_description":"Vue d&rsquo;ensemble : 1. Le sac \u00e0 dos est fabriqu\u00e9 en tissu Oxford, solide et durable, facile \u00e0 nettoyer 2. Filet en nylon, solide et respirant, pas facile \u00e0 endommager 3. Grande capacit\u00e9, conception l\u00e9g\u00e8re pour r\u00e9pondre aux diff\u00e9rents besoins des clients 4. Les gobelets, sacs \u00e0 ordures, cl\u00e9s peuvent \u00eatre plac\u00e9s \u00e0 l&rsquo;int\u00e9rieur des [&hellip;]","og_url":"https:\/\/aigleshopping.ca\/fr\/produit\/portable-pet-cat-bag-breathable-dog-carrier-backpack-large-capacity-travel-pet-handbag-for-puppy-kitten-pets-outdoor-supplies\/","og_site_name":"Aigle Shopping Canada","article_modified_time":"2025-03-10T14:29:39+00:00","og_image":[{"width":800,"height":800,"url":"https:\/\/aigleshopping.ca\/wp-content\/uploads\/2025\/03\/3a2511eb-e380-4716-9c83-c36c71c654d7.jpg","type":"image\/jpeg"}],"twitter_card":"summary_large_image","twitter_misc":{"Dur\u00e9e de lecture estim\u00e9e":"1 minute"},"schema":{"@context":"https:\/\/schema.org","@graph":[{"@type":"WebPage","@id":"https:\/\/aigleshopping.ca\/fr\/produit\/portable-pet-cat-bag-breathable-dog-carrier-backpack-large-capacity-travel-pet-handbag-for-puppy-kitten-pets-outdoor-supplies\/","url":"https:\/\/aigleshopping.ca\/fr\/produit\/portable-pet-cat-bag-breathable-dog-carrier-backpack-large-capacity-travel-pet-handbag-for-puppy-kitten-pets-outdoor-supplies\/","name":"Portable Pet Cat Bag Breathable Dog Carrier Backpack Large Capacity Travel Pet Handbag For Puppy Kitten Pets Outdoor Supplies - Aigle Shopping Canada","isPartOf":{"@id":"https:\/\/aigleshopping.ca\/#website"},"primaryImageOfPage":{"@id":"https:\/\/aigleshopping.ca\/fr\/produit\/portable-pet-cat-bag-breathable-dog-carrier-backpack-large-capacity-travel-pet-handbag-for-puppy-kitten-pets-outdoor-supplies\/#primaryimage"},"image":{"@id":"https:\/\/aigleshopping.ca\/fr\/produit\/portable-pet-cat-bag-breathable-dog-carrier-backpack-large-capacity-travel-pet-handbag-for-puppy-kitten-pets-outdoor-supplies\/#primaryimage"},"thumbnailUrl":"https:\/\/aigleshopping.ca\/wp-content\/uploads\/2025\/03\/3a2511eb-e380-4716-9c83-c36c71c654d7.jpg","datePublished":"2025-03-07T23:40:21+00:00","dateModified":"2025-03-10T14:29:39+00:00","breadcrumb":{"@id":"https:\/\/aigleshopping.ca\/fr\/produit\/portable-pet-cat-bag-breathable-dog-carrier-backpack-large-capacity-travel-pet-handbag-for-puppy-kitten-pets-outdoor-supplies\/#breadcrumb"},"inLanguage":"fr-FR","potentialAction":[{"@type":"ReadAction","target":["https:\/\/aigleshopping.ca\/fr\/produit\/portable-pet-cat-bag-breathable-dog-carrier-backpack-large-capacity-travel-pet-handbag-for-puppy-kitten-pets-outdoor-supplies\/"]}]},{"@type":"ImageObject","inLanguage":"fr-FR","@id":"https:\/\/aigleshopping.ca\/fr\/produit\/portable-pet-cat-bag-breathable-dog-carrier-backpack-large-capacity-travel-pet-handbag-for-puppy-kitten-pets-outdoor-supplies\/#primaryimage","url":"https:\/\/aigleshopping.ca\/wp-content\/uploads\/2025\/03\/3a2511eb-e380-4716-9c83-c36c71c654d7.jpg","contentUrl":"https:\/\/aigleshopping.ca\/wp-content\/uploads\/2025\/03\/3a2511eb-e380-4716-9c83-c36c71c654d7.jpg","width":800,"height":800},{"@type":"BreadcrumbList","@id":"https:\/\/aigleshopping.ca\/fr\/produit\/portable-pet-cat-bag-breathable-dog-carrier-backpack-large-capacity-travel-pet-handbag-for-puppy-kitten-pets-outdoor-supplies\/#breadcrumb","itemListElement":[{"@type":"ListItem","position":1,"name":"Home","item":"https:\/\/aigleshopping.ca\/fr\/home\/"},{"@type":"ListItem","position":2,"name":"Products","item":"https:\/\/aigleshopping.ca\/shop\/"},{"@type":"ListItem","position":3,"name":"Portable Pet Cat Bag Breathable Dog Carrier Backpack Large Capacity Travel Pet Handbag For Puppy Kitten Pets Outdoor Supplies"}]},{"@type":"WebSite","@id":"https:\/\/aigleshopping.ca\/#website","url":"https:\/\/aigleshopping.ca\/","name":"Aigle Shopping Canada","description":"Au-del\u00e0 des fronti\u00e8res, pour vous offrir le\u00a0meilleur!","publisher":{"@id":"https:\/\/aigleshopping.ca\/#organization"},"potentialAction":[{"@type":"SearchAction","target":{"@type":"EntryPoint","urlTemplate":"https:\/\/aigleshopping.ca\/?s={search_term_string}"},"query-input":{"@type":"PropertyValueSpecification","valueRequired":true,"valueName":"search_term_string"}}],"inLanguage":"fr-FR"},{"@type":"Organization","@id":"https:\/\/aigleshopping.ca\/#organization","name":"Aigle Shopping Canada","url":"https:\/\/aigleshopping.ca\/","logo":{"@type":"ImageObject","inLanguage":"fr-FR","@id":"https:\/\/aigleshopping.ca\/#\/schema\/logo\/image\/","url":"https:\/\/aigleshopping.ca\/wp-content\/uploads\/2025\/12\/logo_aigleshopping_ca.png","contentUrl":"https:\/\/aigleshopping.ca\/wp-content\/uploads\/2025\/12\/logo_aigleshopping_ca.png","width":800,"height":233,"caption":"Aigle Shopping Canada"},"image":{"@id":"https:\/\/aigleshopping.ca\/#\/schema\/logo\/image\/"}}]}},"jetpack_sharing_enabled":true,"_links":{"self":[{"href":"https:\/\/aigleshopping.ca\/fr\/wp-json\/wp\/v2\/product\/21614","targetHints":{"allow":["GET"]}}],"collection":[{"href":"https:\/\/aigleshopping.ca\/fr\/wp-json\/wp\/v2\/product"}],"about":[{"href":"https:\/\/aigleshopping.ca\/fr\/wp-json\/wp\/v2\/types\/product"}],"replies":[{"embeddable":true,"href":"https:\/\/aigleshopping.ca\/fr\/wp-json\/wp\/v2\/comments?post=21614"}],"wp:featuredmedia":[{"embeddable":true,"href":"https:\/\/aigleshopping.ca\/fr\/wp-json\/wp\/v2\/media\/13458"}],"wp:attachment":[{"href":"https:\/\/aigleshopping.ca\/fr\/wp-json\/wp\/v2\/media?parent=21614"}],"wp:term":[{"taxonomy":"product_brand","embeddable":true,"href":"https:\/\/aigleshopping.ca\/fr\/wp-json\/wp\/v2\/product_brand?post=21614"},{"taxonomy":"product_cat","embeddable":true,"href":"https:\/\/aigleshopping.ca\/fr\/wp-json\/wp\/v2\/product_cat?post=21614"},{"taxonomy":"product_tag","embeddable":true,"href":"https:\/\/aigleshopping.ca\/fr\/wp-json\/wp\/v2\/product_tag?post=21614"}],"curies":[{"name":"wp","href":"https:\/\/api.w.org\/{rel}","templated":true}]}}