{"id":21631,"date":"2025-03-08T06:48:02","date_gmt":"2025-03-08T06:48:02","guid":{"rendered":"https:\/\/aigleshopping.ca\/produit\/machine-a-boire-pour-chiens\/"},"modified":"2025-03-08T06:48:02","modified_gmt":"2025-03-08T06:48:02","slug":"machine-a-boire-pour-chiens","status":"publish","type":"product","link":"https:\/\/aigleshopping.ca\/fr\/produit\/machine-a-boire-pour-chiens\/","title":{"rendered":"Machine \u00e0 boire pour chiens"},"content":{"rendered":"<p>  MAT\u00c9RIAU : notre distributeur de croquettes pour chiens et chats est fabriqu\u00e9 en plastique de qualit\u00e9 alimentaire, s\u00fbr, non toxique et \u00e9cologique. (Ne le nettoyez pas avec de l&rsquo;eau chaude (plus de 25 degr\u00e9s). Vous devez secouer le distributeur de nourriture pour que la nourriture tombe en raison du temps chaud (la nourriture restera coinc\u00e9e \u00e0 la sortie apr\u00e8s avoir \u00e9t\u00e9 mouill\u00e9e). <br \/> Dimensions : 31,5 x 17,5 x 30CM ; Capacit\u00e9 : 3,75L. Avertissement : Ne pas laver la base au lave-vaisselle. <br \/> Fonctions : Assurez-vous que votre animal de compagnie puisse profiter librement d&rsquo;une nourriture fra\u00eeche et hygi\u00e9nique. <br \/> Assemblage : montage et d\u00e9montage faciles pour un nettoyage r\u00e9gulier.     <img decoding=\"async\" src=\"https:\/\/cf.cjdropshipping.com\/da422ba5-35d6-41d8-b23e-b69ffee520bb.jpg\"> <img decoding=\"async\" src=\"https:\/\/cf.cjdropshipping.com\/e1460136-1ada-4f96-924c-64dc28066b07.jpg\"> <img decoding=\"async\" src=\"https:\/\/cf.cjdropshipping.com\/1199b09b-bb8b-4c9c-a228-68bccbbfdf4a.jpg\"> <\/p>\n<p> <img decoding=\"async\" src=\"https:\/\/cf.cjdropshipping.com\/4d1bf993-2639-4ca9-a60a-d2d4d41c9d96.jpg\"> <img decoding=\"async\" src=\"https:\/\/cf.cjdropshipping.com\/eea33a33-6603-4049-be20-b740f16390ca.jpg\"> <img decoding=\"async\" src=\"https:\/\/cf.cjdropshipping.com\/4105704b-1efe-4929-afa5-8e0dad0d0269.jpg\"> <img decoding=\"async\" src=\"https:\/\/cf.cjdropshipping.com\/89aa75ea-32af-4018-a4ff-36eda8288850.jpg\">  <\/p>\n","protected":false},"excerpt":{"rendered":"<p>MAT\u00c9RIAU : notre distributeur de croquettes pour chiens et chats est fabriqu\u00e9 en plastique de qualit\u00e9 alimentaire, s\u00fbr, non toxique et \u00e9cologique. (Ne le nettoyez pas avec de l&rsquo;eau chaude (plus de 25 degr\u00e9s). Vous devez secouer le distributeur de nourriture pour que la nourriture tombe en raison du temps chaud (la nourriture restera coinc\u00e9e [&hellip;]<\/p>\n","protected":false},"featured_media":13963,"comment_status":"open","ping_status":"closed","template":"","meta":{"content-type":""},"product_brand":[],"product_cat":[266],"product_tag":[],"class_list":{"0":"post-21631","1":"product","2":"type-product","3":"status-publish","4":"has-post-thumbnail","6":"product_cat-chiens-et-chats","8":"first","9":"instock","10":"taxable","11":"shipping-taxable","12":"purchasable","13":"product-type-variable","14":"add-to-wishlist-after_add_to_cart"},"yoast_head":"<!-- This site is optimized with the Yoast SEO plugin v27.4 - https:\/\/yoast.com\/product\/yoast-seo-wordpress\/ -->\n<title>Machine \u00e0 boire pour chiens - Aigle Shopping Canada<\/title>\n<meta name=\"robots\" content=\"index, follow, max-snippet:-1, max-image-preview:large, max-video-preview:-1\" \/>\n<link rel=\"canonical\" href=\"https:\/\/aigleshopping.ca\/fr\/produit\/machine-a-boire-pour-chiens\/\" \/>\n<meta property=\"og:locale\" content=\"fr_FR\" \/>\n<meta property=\"og:type\" content=\"article\" \/>\n<meta property=\"og:title\" content=\"Machine \u00e0 boire pour chiens - Aigle Shopping Canada\" \/>\n<meta property=\"og:description\" content=\"MAT\u00c9RIAU : notre distributeur de croquettes pour chiens et chats est fabriqu\u00e9 en plastique de qualit\u00e9 alimentaire, s\u00fbr, non toxique et \u00e9cologique. (Ne le nettoyez pas avec de l&rsquo;eau chaude (plus de 25 degr\u00e9s). Vous devez secouer le distributeur de nourriture pour que la nourriture tombe en raison du temps chaud (la nourriture restera coinc\u00e9e [&hellip;]\" \/>\n<meta property=\"og:url\" content=\"https:\/\/aigleshopping.ca\/fr\/produit\/machine-a-boire-pour-chiens\/\" \/>\n<meta property=\"og:site_name\" content=\"Aigle Shopping Canada\" \/>\n<meta property=\"og:image\" content=\"https:\/\/aigleshopping.ca\/wp-content\/uploads\/2025\/03\/29127708844168.jpg\" \/>\n\t<meta property=\"og:image:width\" content=\"800\" \/>\n\t<meta property=\"og:image:height\" content=\"800\" \/>\n\t<meta property=\"og:image:type\" content=\"image\/jpeg\" \/>\n<meta name=\"twitter:card\" content=\"summary_large_image\" \/>\n<meta name=\"twitter:label1\" content=\"Dur\u00e9e de lecture estim\u00e9e\" \/>\n\t<meta name=\"twitter:data1\" content=\"1 minute\" \/>\n<script type=\"application\/ld+json\" class=\"yoast-schema-graph\">{\"@context\":\"https:\\\/\\\/schema.org\",\"@graph\":[{\"@type\":\"WebPage\",\"@id\":\"https:\\\/\\\/aigleshopping.ca\\\/fr\\\/produit\\\/machine-a-boire-pour-chiens\\\/\",\"url\":\"https:\\\/\\\/aigleshopping.ca\\\/fr\\\/produit\\\/machine-a-boire-pour-chiens\\\/\",\"name\":\"Machine \u00e0 boire pour chiens - Aigle Shopping Canada\",\"isPartOf\":{\"@id\":\"https:\\\/\\\/aigleshopping.ca\\\/#website\"},\"primaryImageOfPage\":{\"@id\":\"https:\\\/\\\/aigleshopping.ca\\\/fr\\\/produit\\\/machine-a-boire-pour-chiens\\\/#primaryimage\"},\"image\":{\"@id\":\"https:\\\/\\\/aigleshopping.ca\\\/fr\\\/produit\\\/machine-a-boire-pour-chiens\\\/#primaryimage\"},\"thumbnailUrl\":\"https:\\\/\\\/aigleshopping.ca\\\/wp-content\\\/uploads\\\/2025\\\/03\\\/29127708844168.jpg\",\"datePublished\":\"2025-03-08T06:48:02+00:00\",\"breadcrumb\":{\"@id\":\"https:\\\/\\\/aigleshopping.ca\\\/fr\\\/produit\\\/machine-a-boire-pour-chiens\\\/#breadcrumb\"},\"inLanguage\":\"fr-FR\",\"potentialAction\":[{\"@type\":\"ReadAction\",\"target\":[\"https:\\\/\\\/aigleshopping.ca\\\/fr\\\/produit\\\/machine-a-boire-pour-chiens\\\/\"]}]},{\"@type\":\"ImageObject\",\"inLanguage\":\"fr-FR\",\"@id\":\"https:\\\/\\\/aigleshopping.ca\\\/fr\\\/produit\\\/machine-a-boire-pour-chiens\\\/#primaryimage\",\"url\":\"https:\\\/\\\/aigleshopping.ca\\\/wp-content\\\/uploads\\\/2025\\\/03\\\/29127708844168.jpg\",\"contentUrl\":\"https:\\\/\\\/aigleshopping.ca\\\/wp-content\\\/uploads\\\/2025\\\/03\\\/29127708844168.jpg\",\"width\":800,\"height\":800},{\"@type\":\"BreadcrumbList\",\"@id\":\"https:\\\/\\\/aigleshopping.ca\\\/fr\\\/produit\\\/machine-a-boire-pour-chiens\\\/#breadcrumb\",\"itemListElement\":[{\"@type\":\"ListItem\",\"position\":1,\"name\":\"Home\",\"item\":\"https:\\\/\\\/aigleshopping.ca\\\/fr\\\/home\\\/\"},{\"@type\":\"ListItem\",\"position\":2,\"name\":\"Products\",\"item\":\"https:\\\/\\\/aigleshopping.ca\\\/shop\\\/\"},{\"@type\":\"ListItem\",\"position\":3,\"name\":\"Machine \u00e0 boire pour chiens\"}]},{\"@type\":\"WebSite\",\"@id\":\"https:\\\/\\\/aigleshopping.ca\\\/#website\",\"url\":\"https:\\\/\\\/aigleshopping.ca\\\/\",\"name\":\"Aigle Shopping Canada\",\"description\":\"Au-del\u00e0 des fronti\u00e8res, pour vous offrir le\u00a0meilleur!\",\"publisher\":{\"@id\":\"https:\\\/\\\/aigleshopping.ca\\\/#organization\"},\"potentialAction\":[{\"@type\":\"SearchAction\",\"target\":{\"@type\":\"EntryPoint\",\"urlTemplate\":\"https:\\\/\\\/aigleshopping.ca\\\/?s={search_term_string}\"},\"query-input\":{\"@type\":\"PropertyValueSpecification\",\"valueRequired\":true,\"valueName\":\"search_term_string\"}}],\"inLanguage\":\"fr-FR\"},{\"@type\":\"Organization\",\"@id\":\"https:\\\/\\\/aigleshopping.ca\\\/#organization\",\"name\":\"Aigle Shopping Canada\",\"url\":\"https:\\\/\\\/aigleshopping.ca\\\/\",\"logo\":{\"@type\":\"ImageObject\",\"inLanguage\":\"fr-FR\",\"@id\":\"https:\\\/\\\/aigleshopping.ca\\\/#\\\/schema\\\/logo\\\/image\\\/\",\"url\":\"https:\\\/\\\/aigleshopping.ca\\\/wp-content\\\/uploads\\\/2025\\\/12\\\/logo_aigleshopping_ca.png\",\"contentUrl\":\"https:\\\/\\\/aigleshopping.ca\\\/wp-content\\\/uploads\\\/2025\\\/12\\\/logo_aigleshopping_ca.png\",\"width\":800,\"height\":233,\"caption\":\"Aigle Shopping Canada\"},\"image\":{\"@id\":\"https:\\\/\\\/aigleshopping.ca\\\/#\\\/schema\\\/logo\\\/image\\\/\"}}]}<\/script>\n<!-- \/ Yoast SEO plugin. -->","yoast_head_json":{"title":"Machine \u00e0 boire pour chiens - Aigle Shopping Canada","robots":{"index":"index","follow":"follow","max-snippet":"max-snippet:-1","max-image-preview":"max-image-preview:large","max-video-preview":"max-video-preview:-1"},"canonical":"https:\/\/aigleshopping.ca\/fr\/produit\/machine-a-boire-pour-chiens\/","og_locale":"fr_FR","og_type":"article","og_title":"Machine \u00e0 boire pour chiens - Aigle Shopping Canada","og_description":"MAT\u00c9RIAU : notre distributeur de croquettes pour chiens et chats est fabriqu\u00e9 en plastique de qualit\u00e9 alimentaire, s\u00fbr, non toxique et \u00e9cologique. (Ne le nettoyez pas avec de l&rsquo;eau chaude (plus de 25 degr\u00e9s). Vous devez secouer le distributeur de nourriture pour que la nourriture tombe en raison du temps chaud (la nourriture restera coinc\u00e9e [&hellip;]","og_url":"https:\/\/aigleshopping.ca\/fr\/produit\/machine-a-boire-pour-chiens\/","og_site_name":"Aigle Shopping Canada","og_image":[{"width":800,"height":800,"url":"https:\/\/aigleshopping.ca\/wp-content\/uploads\/2025\/03\/29127708844168.jpg","type":"image\/jpeg"}],"twitter_card":"summary_large_image","twitter_misc":{"Dur\u00e9e de lecture estim\u00e9e":"1 minute"},"schema":{"@context":"https:\/\/schema.org","@graph":[{"@type":"WebPage","@id":"https:\/\/aigleshopping.ca\/fr\/produit\/machine-a-boire-pour-chiens\/","url":"https:\/\/aigleshopping.ca\/fr\/produit\/machine-a-boire-pour-chiens\/","name":"Machine \u00e0 boire pour chiens - Aigle Shopping Canada","isPartOf":{"@id":"https:\/\/aigleshopping.ca\/#website"},"primaryImageOfPage":{"@id":"https:\/\/aigleshopping.ca\/fr\/produit\/machine-a-boire-pour-chiens\/#primaryimage"},"image":{"@id":"https:\/\/aigleshopping.ca\/fr\/produit\/machine-a-boire-pour-chiens\/#primaryimage"},"thumbnailUrl":"https:\/\/aigleshopping.ca\/wp-content\/uploads\/2025\/03\/29127708844168.jpg","datePublished":"2025-03-08T06:48:02+00:00","breadcrumb":{"@id":"https:\/\/aigleshopping.ca\/fr\/produit\/machine-a-boire-pour-chiens\/#breadcrumb"},"inLanguage":"fr-FR","potentialAction":[{"@type":"ReadAction","target":["https:\/\/aigleshopping.ca\/fr\/produit\/machine-a-boire-pour-chiens\/"]}]},{"@type":"ImageObject","inLanguage":"fr-FR","@id":"https:\/\/aigleshopping.ca\/fr\/produit\/machine-a-boire-pour-chiens\/#primaryimage","url":"https:\/\/aigleshopping.ca\/wp-content\/uploads\/2025\/03\/29127708844168.jpg","contentUrl":"https:\/\/aigleshopping.ca\/wp-content\/uploads\/2025\/03\/29127708844168.jpg","width":800,"height":800},{"@type":"BreadcrumbList","@id":"https:\/\/aigleshopping.ca\/fr\/produit\/machine-a-boire-pour-chiens\/#breadcrumb","itemListElement":[{"@type":"ListItem","position":1,"name":"Home","item":"https:\/\/aigleshopping.ca\/fr\/home\/"},{"@type":"ListItem","position":2,"name":"Products","item":"https:\/\/aigleshopping.ca\/shop\/"},{"@type":"ListItem","position":3,"name":"Machine \u00e0 boire pour chiens"}]},{"@type":"WebSite","@id":"https:\/\/aigleshopping.ca\/#website","url":"https:\/\/aigleshopping.ca\/","name":"Aigle Shopping Canada","description":"Au-del\u00e0 des fronti\u00e8res, pour vous offrir le\u00a0meilleur!","publisher":{"@id":"https:\/\/aigleshopping.ca\/#organization"},"potentialAction":[{"@type":"SearchAction","target":{"@type":"EntryPoint","urlTemplate":"https:\/\/aigleshopping.ca\/?s={search_term_string}"},"query-input":{"@type":"PropertyValueSpecification","valueRequired":true,"valueName":"search_term_string"}}],"inLanguage":"fr-FR"},{"@type":"Organization","@id":"https:\/\/aigleshopping.ca\/#organization","name":"Aigle Shopping Canada","url":"https:\/\/aigleshopping.ca\/","logo":{"@type":"ImageObject","inLanguage":"fr-FR","@id":"https:\/\/aigleshopping.ca\/#\/schema\/logo\/image\/","url":"https:\/\/aigleshopping.ca\/wp-content\/uploads\/2025\/12\/logo_aigleshopping_ca.png","contentUrl":"https:\/\/aigleshopping.ca\/wp-content\/uploads\/2025\/12\/logo_aigleshopping_ca.png","width":800,"height":233,"caption":"Aigle Shopping Canada"},"image":{"@id":"https:\/\/aigleshopping.ca\/#\/schema\/logo\/image\/"}}]}},"jetpack_sharing_enabled":true,"_links":{"self":[{"href":"https:\/\/aigleshopping.ca\/fr\/wp-json\/wp\/v2\/product\/21631","targetHints":{"allow":["GET"]}}],"collection":[{"href":"https:\/\/aigleshopping.ca\/fr\/wp-json\/wp\/v2\/product"}],"about":[{"href":"https:\/\/aigleshopping.ca\/fr\/wp-json\/wp\/v2\/types\/product"}],"replies":[{"embeddable":true,"href":"https:\/\/aigleshopping.ca\/fr\/wp-json\/wp\/v2\/comments?post=21631"}],"wp:featuredmedia":[{"embeddable":true,"href":"https:\/\/aigleshopping.ca\/fr\/wp-json\/wp\/v2\/media\/13963"}],"wp:attachment":[{"href":"https:\/\/aigleshopping.ca\/fr\/wp-json\/wp\/v2\/media?parent=21631"}],"wp:term":[{"taxonomy":"product_brand","embeddable":true,"href":"https:\/\/aigleshopping.ca\/fr\/wp-json\/wp\/v2\/product_brand?post=21631"},{"taxonomy":"product_cat","embeddable":true,"href":"https:\/\/aigleshopping.ca\/fr\/wp-json\/wp\/v2\/product_cat?post=21631"},{"taxonomy":"product_tag","embeddable":true,"href":"https:\/\/aigleshopping.ca\/fr\/wp-json\/wp\/v2\/product_tag?post=21631"}],"curies":[{"name":"wp","href":"https:\/\/api.w.org\/{rel}","templated":true}]}}