{"id":21738,"date":"2025-03-08T06:53:39","date_gmt":"2025-03-08T06:53:39","guid":{"rendered":"https:\/\/aigleshopping.ca\/produit\/distributeur-automatique-de-nourriture-pour-animaux-de-compagnie-grande-capacite-enregistreur-vocal-intelligent-controle-app-minuterie-distributeur-de-nourriture-pour-chats-et-chiens-avec-wifi"},"modified":"2025-03-10T14:30:13","modified_gmt":"2025-03-10T14:30:13","slug":"distributeur-automatique-de-nourriture-pour-animaux-de-compagnie-grande-capacite-enregistreur-vocal-intelligent-controle-app-minuterie-distributeur-de-nourriture-pour-chats-et-chiens-avec-wifi-bol-pou","status":"publish","type":"product","link":"https:\/\/aigleshopping.ca\/fr\/produit\/distributeur-automatique-de-nourriture-pour-animaux-de-compagnie-grande-capacite-enregistreur-vocal-intelligent-controle-app-minuterie-distributeur-de-nourriture-pour-chats-et-chiens-avec-wifi-bol-pou\/","title":{"rendered":"Distributeur automatique de nourriture pour animaux de compagnie Grande capacit\u00e9 Enregistreur vocal intelligent Contr\u00f4le APP Minuterie Distributeur de nourriture pour chats et chiens Avec WiFi Bol pour animaux de compagnie"},"content":{"rendered":"<p>  <b> Vue d&rsquo;ensemble : <\/b> <b> <br \/>  1. Contr\u00f4le \u00e0 distance par APP : Le distributeur automatique de nourriture pour chats WiFi peut se connecter \u00e0 un r\u00e9seau de 2,4 GHz. Programmez et contr\u00f4lez les repas de votre animal n&rsquo;importe o\u00f9 et n&rsquo;importe quand gr\u00e2ce \u00e0 l&rsquo;application \u00ab\u00a0Smart Life\u00a0\u00bb sur votre smartphone iOS ou Android. <\/b>    <br \/>  2. Facile \u00e0 nettoyer (d\u00e9tachable) : Le distributeur d&rsquo;aliments secs pour chats \uff08BPA-Free\uff09 est \u00e9quip\u00e9 d&rsquo;un r\u00e9servoir amovible et d&rsquo;un bol en acier inoxydable.   <br \/>  3. Alimentation lente et contr\u00f4le des portions : Lorsque votre chat ou votre chien est ballonn\u00e9, vous pouvez le nourrir manuellement \u00e0 l&rsquo;aide du bouton \u00a0\u00bb Feed \u00a0\u00bb de l&rsquo;APP, ce qui permet aux animaux gourmands de manger \u00e0 un rythme plus sain.   <br \/>  4. Stockage de nourriture de grande capacit\u00e9 : La r\u00e9serve de nourriture pour chats de 6 litres avec sacs d\u00e9shydratants fournit automatiquement et continuellement de la nourriture fra\u00eeche \u00e0 votre chat et \u00e0 votre chien pendant plusieurs semaines.   <b> <br \/> <\/b> <\/p>\n<p> <b> <br \/> <\/b> <\/p>\n<p> <b>  Informations sur le produit :  <br \/> <\/b> <\/p>\n<p>  Taille du produit : 32*21*19cm <br \/> Taille de la bo\u00eete de couleur : 20,5*22,5*34cm <br \/> Poids (simple, emballage compris) : 1,8kg <br \/> Capacit\u00e9 : 6 l <br \/> Mat\u00e9riau : ABS.  <br \/>  Le prix est sup\u00e9rieur \u00e0 50$, nous ne sommes pas responsables du service apr\u00e8s-vente, il ne faut pas tirer.  <\/p>\n<p>  A. Version de la cl\u00e9  <br \/>  Sans WIFI, la machine peut compl\u00e9ter le r\u00e9glage en appuyant sur la touche  <br \/>  Chronom\u00e9trage cardiaque et alimentation quantitative  <br \/>  Enregistrement du rythme cardiaque  <br \/>  Double utilisation pile cardiaque\/branchement  <br \/>  B. WIFI : Version de l&rsquo;application  <br \/>  Param\u00e9trage de l&rsquo;APP mobile, simple et rapide  <br \/>  Enregistrer, crier et nourrir r\u00e9guli\u00e8rement et quantitativement  <br \/>  Contr\u00f4le par t\u00e9l\u00e9phone portable, ajoutez des repas \u00e0 tout moment  <br \/>  Double utilisation batterie\/branchement  <br \/>  C. Version vid\u00e9o  <br \/>  Fonctionnement \u00e0 distance \u00e0 l&rsquo;aide d&rsquo;un t\u00e9l\u00e9phone portable, visualisation vid\u00e9o en temps r\u00e9el des animaux domestiques  <br \/>  Alimentation vocale de la zone, alimentation r\u00e9guli\u00e8re et quantitative  <br \/>  Contr\u00f4le par t\u00e9l\u00e9phone mobile, ajout de repas en temps r\u00e9el  <br \/>  Cam\u00e9ra vid\u00e9o, cam\u00e9ra de vision nocturne  <br \/>  Double utilisation batterie\/branchement   <\/p>\n<p>  Set 1 : Machine+3 paquets de d\u00e9shydratant <br \/> Set 2 : Machine+4 paquets de d\u00e9shydratant  <\/p>\n<p> <b> <br \/>  Liste d&#8217;emballage :  <\/b> <\/p>\n<p>Alimentateur en plastique*1<\/p>\n<p> <img decoding=\"async\" src=\"https:\/\/cf.cjdropshipping.com\/17054496\/2401170635460326600.jpg\">  <\/p>\n<p> <\/p>\n<p> <img decoding=\"async\" src=\"https:\/\/cf.cjdropshipping.com\/17054496\/2401170635460327600.jpg\"> <img decoding=\"async\" src=\"https:\/\/cf.cjdropshipping.com\/17054496\/2401170635460328100.jpg\"> <img decoding=\"async\" src=\"https:\/\/cf.cjdropshipping.com\/17054496\/2401170635460328700.jpg\"> <img decoding=\"async\" src=\"https:\/\/cf.cjdropshipping.com\/17054496\/2401170635460329000.jpg\"> <img decoding=\"async\" src=\"https:\/\/cf.cjdropshipping.com\/17054496\/2401170635460329300.jpg\"> <img decoding=\"async\" src=\"https:\/\/cf.cjdropshipping.com\/17054496\/2401170635460329700.jpg\">  <\/p>\n<p> <img decoding=\"async\" src=\"https:\/\/cf.cjdropshipping.com\/17054496\/2401170635470320100.jpg\"> <\/p>\n<p> <img decoding=\"async\" src=\"https:\/\/cf.cjdropshipping.com\/17054496\/2401170635470320600.jpg\"> <\/p>\n","protected":false},"excerpt":{"rendered":"<p>Vue d&rsquo;ensemble : 1. Contr\u00f4le \u00e0 distance par APP : Le distributeur automatique de nourriture pour chats WiFi peut se connecter \u00e0 un r\u00e9seau de 2,4 GHz. Programmez et contr\u00f4lez les repas de votre animal n&rsquo;importe o\u00f9 et n&rsquo;importe quand gr\u00e2ce \u00e0 l&rsquo;application \u00ab\u00a0Smart Life\u00a0\u00bb sur votre smartphone iOS ou Android. 2. Facile \u00e0 nettoyer [&hellip;]<\/p>\n","protected":false},"featured_media":14195,"comment_status":"open","ping_status":"closed","template":"","meta":{"content-type":""},"product_brand":[],"product_cat":[266],"product_tag":[],"class_list":{"0":"post-21738","1":"product","2":"type-product","3":"status-publish","4":"has-post-thumbnail","6":"product_cat-chiens-et-chats","8":"first","9":"instock","10":"taxable","11":"shipping-taxable","12":"purchasable","13":"product-type-variable","14":"add-to-wishlist-after_add_to_cart"},"yoast_head":"<!-- This site is optimized with the Yoast SEO plugin v27.4 - https:\/\/yoast.com\/product\/yoast-seo-wordpress\/ -->\n<title>Distributeur automatique de nourriture pour animaux de compagnie Grande capacit\u00e9 Enregistreur vocal intelligent Contr\u00f4le APP Minuterie Distributeur de nourriture pour chats et chiens Avec WiFi Bol pour animaux de compagnie - Aigle Shopping Canada<\/title>\n<meta name=\"robots\" content=\"index, follow, max-snippet:-1, max-image-preview:large, max-video-preview:-1\" \/>\n<link rel=\"canonical\" href=\"https:\/\/aigleshopping.ca\/fr\/produit\/distributeur-automatique-de-nourriture-pour-animaux-de-compagnie-grande-capacite-enregistreur-vocal-intelligent-controle-app-minuterie-distributeur-de-nourriture-pour-chats-et-chiens-avec-wifi-bol-pou\/\" \/>\n<meta property=\"og:locale\" content=\"fr_FR\" \/>\n<meta property=\"og:type\" content=\"article\" \/>\n<meta property=\"og:title\" content=\"Distributeur automatique de nourriture pour animaux de compagnie Grande capacit\u00e9 Enregistreur vocal intelligent Contr\u00f4le APP Minuterie Distributeur de nourriture pour chats et chiens Avec WiFi Bol pour animaux de compagnie - Aigle Shopping Canada\" \/>\n<meta property=\"og:description\" content=\"Vue d&rsquo;ensemble : 1. Contr\u00f4le \u00e0 distance par APP : Le distributeur automatique de nourriture pour chats WiFi peut se connecter \u00e0 un r\u00e9seau de 2,4 GHz. Programmez et contr\u00f4lez les repas de votre animal n&rsquo;importe o\u00f9 et n&rsquo;importe quand gr\u00e2ce \u00e0 l&rsquo;application \u00ab\u00a0Smart Life\u00a0\u00bb sur votre smartphone iOS ou Android. 2. Facile \u00e0 nettoyer [&hellip;]\" \/>\n<meta property=\"og:url\" content=\"https:\/\/aigleshopping.ca\/fr\/produit\/distributeur-automatique-de-nourriture-pour-animaux-de-compagnie-grande-capacite-enregistreur-vocal-intelligent-controle-app-minuterie-distributeur-de-nourriture-pour-chats-et-chiens-avec-wifi-bol-pou\/\" \/>\n<meta property=\"og:site_name\" content=\"Aigle Shopping Canada\" \/>\n<meta property=\"article:modified_time\" content=\"2025-03-10T14:30:13+00:00\" \/>\n<meta property=\"og:image\" content=\"https:\/\/aigleshopping.ca\/wp-content\/uploads\/2025\/03\/48aee2fe-3269-43f4-b62c-dba501e15cb3.jpg\" \/>\n\t<meta property=\"og:image:width\" content=\"800\" \/>\n\t<meta property=\"og:image:height\" content=\"800\" \/>\n\t<meta property=\"og:image:type\" content=\"image\/jpeg\" \/>\n<meta name=\"twitter:card\" content=\"summary_large_image\" \/>\n<meta name=\"twitter:label1\" content=\"Dur\u00e9e de lecture estim\u00e9e\" \/>\n\t<meta name=\"twitter:data1\" content=\"2 minutes\" \/>\n<script type=\"application\/ld+json\" class=\"yoast-schema-graph\">{\"@context\":\"https:\\\/\\\/schema.org\",\"@graph\":[{\"@type\":\"WebPage\",\"@id\":\"https:\\\/\\\/aigleshopping.ca\\\/fr\\\/produit\\\/distributeur-automatique-de-nourriture-pour-animaux-de-compagnie-grande-capacite-enregistreur-vocal-intelligent-controle-app-minuterie-distributeur-de-nourriture-pour-chats-et-chiens-avec-wifi-bol-pou\\\/\",\"url\":\"https:\\\/\\\/aigleshopping.ca\\\/fr\\\/produit\\\/distributeur-automatique-de-nourriture-pour-animaux-de-compagnie-grande-capacite-enregistreur-vocal-intelligent-controle-app-minuterie-distributeur-de-nourriture-pour-chats-et-chiens-avec-wifi-bol-pou\\\/\",\"name\":\"Distributeur automatique de nourriture pour animaux de compagnie Grande capacit\u00e9 Enregistreur vocal intelligent Contr\u00f4le APP Minuterie Distributeur de nourriture pour chats et chiens Avec WiFi Bol pour animaux de compagnie - Aigle Shopping Canada\",\"isPartOf\":{\"@id\":\"https:\\\/\\\/aigleshopping.ca\\\/#website\"},\"primaryImageOfPage\":{\"@id\":\"https:\\\/\\\/aigleshopping.ca\\\/fr\\\/produit\\\/distributeur-automatique-de-nourriture-pour-animaux-de-compagnie-grande-capacite-enregistreur-vocal-intelligent-controle-app-minuterie-distributeur-de-nourriture-pour-chats-et-chiens-avec-wifi-bol-pou\\\/#primaryimage\"},\"image\":{\"@id\":\"https:\\\/\\\/aigleshopping.ca\\\/fr\\\/produit\\\/distributeur-automatique-de-nourriture-pour-animaux-de-compagnie-grande-capacite-enregistreur-vocal-intelligent-controle-app-minuterie-distributeur-de-nourriture-pour-chats-et-chiens-avec-wifi-bol-pou\\\/#primaryimage\"},\"thumbnailUrl\":\"https:\\\/\\\/aigleshopping.ca\\\/wp-content\\\/uploads\\\/2025\\\/03\\\/48aee2fe-3269-43f4-b62c-dba501e15cb3.jpg\",\"datePublished\":\"2025-03-08T06:53:39+00:00\",\"dateModified\":\"2025-03-10T14:30:13+00:00\",\"breadcrumb\":{\"@id\":\"https:\\\/\\\/aigleshopping.ca\\\/fr\\\/produit\\\/distributeur-automatique-de-nourriture-pour-animaux-de-compagnie-grande-capacite-enregistreur-vocal-intelligent-controle-app-minuterie-distributeur-de-nourriture-pour-chats-et-chiens-avec-wifi-bol-pou\\\/#breadcrumb\"},\"inLanguage\":\"fr-FR\",\"potentialAction\":[{\"@type\":\"ReadAction\",\"target\":[\"https:\\\/\\\/aigleshopping.ca\\\/fr\\\/produit\\\/distributeur-automatique-de-nourriture-pour-animaux-de-compagnie-grande-capacite-enregistreur-vocal-intelligent-controle-app-minuterie-distributeur-de-nourriture-pour-chats-et-chiens-avec-wifi-bol-pou\\\/\"]}]},{\"@type\":\"ImageObject\",\"inLanguage\":\"fr-FR\",\"@id\":\"https:\\\/\\\/aigleshopping.ca\\\/fr\\\/produit\\\/distributeur-automatique-de-nourriture-pour-animaux-de-compagnie-grande-capacite-enregistreur-vocal-intelligent-controle-app-minuterie-distributeur-de-nourriture-pour-chats-et-chiens-avec-wifi-bol-pou\\\/#primaryimage\",\"url\":\"https:\\\/\\\/aigleshopping.ca\\\/wp-content\\\/uploads\\\/2025\\\/03\\\/48aee2fe-3269-43f4-b62c-dba501e15cb3.jpg\",\"contentUrl\":\"https:\\\/\\\/aigleshopping.ca\\\/wp-content\\\/uploads\\\/2025\\\/03\\\/48aee2fe-3269-43f4-b62c-dba501e15cb3.jpg\",\"width\":800,\"height\":800},{\"@type\":\"BreadcrumbList\",\"@id\":\"https:\\\/\\\/aigleshopping.ca\\\/fr\\\/produit\\\/distributeur-automatique-de-nourriture-pour-animaux-de-compagnie-grande-capacite-enregistreur-vocal-intelligent-controle-app-minuterie-distributeur-de-nourriture-pour-chats-et-chiens-avec-wifi-bol-pou\\\/#breadcrumb\",\"itemListElement\":[{\"@type\":\"ListItem\",\"position\":1,\"name\":\"Home\",\"item\":\"https:\\\/\\\/aigleshopping.ca\\\/fr\\\/home\\\/\"},{\"@type\":\"ListItem\",\"position\":2,\"name\":\"Products\",\"item\":\"https:\\\/\\\/aigleshopping.ca\\\/shop\\\/\"},{\"@type\":\"ListItem\",\"position\":3,\"name\":\"Distributeur automatique de nourriture pour animaux de compagnie Grande capacit\u00e9 Enregistreur vocal intelligent Contr\u00f4le APP Minuterie Distributeur de nourriture pour chats et chiens Avec WiFi Bol pour animaux de compagnie\"}]},{\"@type\":\"WebSite\",\"@id\":\"https:\\\/\\\/aigleshopping.ca\\\/#website\",\"url\":\"https:\\\/\\\/aigleshopping.ca\\\/\",\"name\":\"Aigle Shopping Canada\",\"description\":\"Au-del\u00e0 des fronti\u00e8res, pour vous offrir le\u00a0meilleur!\",\"publisher\":{\"@id\":\"https:\\\/\\\/aigleshopping.ca\\\/#organization\"},\"potentialAction\":[{\"@type\":\"SearchAction\",\"target\":{\"@type\":\"EntryPoint\",\"urlTemplate\":\"https:\\\/\\\/aigleshopping.ca\\\/?s={search_term_string}\"},\"query-input\":{\"@type\":\"PropertyValueSpecification\",\"valueRequired\":true,\"valueName\":\"search_term_string\"}}],\"inLanguage\":\"fr-FR\"},{\"@type\":\"Organization\",\"@id\":\"https:\\\/\\\/aigleshopping.ca\\\/#organization\",\"name\":\"Aigle Shopping Canada\",\"url\":\"https:\\\/\\\/aigleshopping.ca\\\/\",\"logo\":{\"@type\":\"ImageObject\",\"inLanguage\":\"fr-FR\",\"@id\":\"https:\\\/\\\/aigleshopping.ca\\\/#\\\/schema\\\/logo\\\/image\\\/\",\"url\":\"https:\\\/\\\/aigleshopping.ca\\\/wp-content\\\/uploads\\\/2025\\\/12\\\/logo_aigleshopping_ca.png\",\"contentUrl\":\"https:\\\/\\\/aigleshopping.ca\\\/wp-content\\\/uploads\\\/2025\\\/12\\\/logo_aigleshopping_ca.png\",\"width\":800,\"height\":233,\"caption\":\"Aigle Shopping Canada\"},\"image\":{\"@id\":\"https:\\\/\\\/aigleshopping.ca\\\/#\\\/schema\\\/logo\\\/image\\\/\"}}]}<\/script>\n<!-- \/ Yoast SEO plugin. -->","yoast_head_json":{"title":"Distributeur automatique de nourriture pour animaux de compagnie Grande capacit\u00e9 Enregistreur vocal intelligent Contr\u00f4le APP Minuterie Distributeur de nourriture pour chats et chiens Avec WiFi Bol pour animaux de compagnie - Aigle Shopping Canada","robots":{"index":"index","follow":"follow","max-snippet":"max-snippet:-1","max-image-preview":"max-image-preview:large","max-video-preview":"max-video-preview:-1"},"canonical":"https:\/\/aigleshopping.ca\/fr\/produit\/distributeur-automatique-de-nourriture-pour-animaux-de-compagnie-grande-capacite-enregistreur-vocal-intelligent-controle-app-minuterie-distributeur-de-nourriture-pour-chats-et-chiens-avec-wifi-bol-pou\/","og_locale":"fr_FR","og_type":"article","og_title":"Distributeur automatique de nourriture pour animaux de compagnie Grande capacit\u00e9 Enregistreur vocal intelligent Contr\u00f4le APP Minuterie Distributeur de nourriture pour chats et chiens Avec WiFi Bol pour animaux de compagnie - Aigle Shopping Canada","og_description":"Vue d&rsquo;ensemble : 1. Contr\u00f4le \u00e0 distance par APP : Le distributeur automatique de nourriture pour chats WiFi peut se connecter \u00e0 un r\u00e9seau de 2,4 GHz. Programmez et contr\u00f4lez les repas de votre animal n&rsquo;importe o\u00f9 et n&rsquo;importe quand gr\u00e2ce \u00e0 l&rsquo;application \u00ab\u00a0Smart Life\u00a0\u00bb sur votre smartphone iOS ou Android. 2. Facile \u00e0 nettoyer [&hellip;]","og_url":"https:\/\/aigleshopping.ca\/fr\/produit\/distributeur-automatique-de-nourriture-pour-animaux-de-compagnie-grande-capacite-enregistreur-vocal-intelligent-controle-app-minuterie-distributeur-de-nourriture-pour-chats-et-chiens-avec-wifi-bol-pou\/","og_site_name":"Aigle Shopping Canada","article_modified_time":"2025-03-10T14:30:13+00:00","og_image":[{"width":800,"height":800,"url":"https:\/\/aigleshopping.ca\/wp-content\/uploads\/2025\/03\/48aee2fe-3269-43f4-b62c-dba501e15cb3.jpg","type":"image\/jpeg"}],"twitter_card":"summary_large_image","twitter_misc":{"Dur\u00e9e de lecture estim\u00e9e":"2 minutes"},"schema":{"@context":"https:\/\/schema.org","@graph":[{"@type":"WebPage","@id":"https:\/\/aigleshopping.ca\/fr\/produit\/distributeur-automatique-de-nourriture-pour-animaux-de-compagnie-grande-capacite-enregistreur-vocal-intelligent-controle-app-minuterie-distributeur-de-nourriture-pour-chats-et-chiens-avec-wifi-bol-pou\/","url":"https:\/\/aigleshopping.ca\/fr\/produit\/distributeur-automatique-de-nourriture-pour-animaux-de-compagnie-grande-capacite-enregistreur-vocal-intelligent-controle-app-minuterie-distributeur-de-nourriture-pour-chats-et-chiens-avec-wifi-bol-pou\/","name":"Distributeur automatique de nourriture pour animaux de compagnie Grande capacit\u00e9 Enregistreur vocal intelligent Contr\u00f4le APP Minuterie Distributeur de nourriture pour chats et chiens Avec WiFi Bol pour animaux de compagnie - Aigle Shopping Canada","isPartOf":{"@id":"https:\/\/aigleshopping.ca\/#website"},"primaryImageOfPage":{"@id":"https:\/\/aigleshopping.ca\/fr\/produit\/distributeur-automatique-de-nourriture-pour-animaux-de-compagnie-grande-capacite-enregistreur-vocal-intelligent-controle-app-minuterie-distributeur-de-nourriture-pour-chats-et-chiens-avec-wifi-bol-pou\/#primaryimage"},"image":{"@id":"https:\/\/aigleshopping.ca\/fr\/produit\/distributeur-automatique-de-nourriture-pour-animaux-de-compagnie-grande-capacite-enregistreur-vocal-intelligent-controle-app-minuterie-distributeur-de-nourriture-pour-chats-et-chiens-avec-wifi-bol-pou\/#primaryimage"},"thumbnailUrl":"https:\/\/aigleshopping.ca\/wp-content\/uploads\/2025\/03\/48aee2fe-3269-43f4-b62c-dba501e15cb3.jpg","datePublished":"2025-03-08T06:53:39+00:00","dateModified":"2025-03-10T14:30:13+00:00","breadcrumb":{"@id":"https:\/\/aigleshopping.ca\/fr\/produit\/distributeur-automatique-de-nourriture-pour-animaux-de-compagnie-grande-capacite-enregistreur-vocal-intelligent-controle-app-minuterie-distributeur-de-nourriture-pour-chats-et-chiens-avec-wifi-bol-pou\/#breadcrumb"},"inLanguage":"fr-FR","potentialAction":[{"@type":"ReadAction","target":["https:\/\/aigleshopping.ca\/fr\/produit\/distributeur-automatique-de-nourriture-pour-animaux-de-compagnie-grande-capacite-enregistreur-vocal-intelligent-controle-app-minuterie-distributeur-de-nourriture-pour-chats-et-chiens-avec-wifi-bol-pou\/"]}]},{"@type":"ImageObject","inLanguage":"fr-FR","@id":"https:\/\/aigleshopping.ca\/fr\/produit\/distributeur-automatique-de-nourriture-pour-animaux-de-compagnie-grande-capacite-enregistreur-vocal-intelligent-controle-app-minuterie-distributeur-de-nourriture-pour-chats-et-chiens-avec-wifi-bol-pou\/#primaryimage","url":"https:\/\/aigleshopping.ca\/wp-content\/uploads\/2025\/03\/48aee2fe-3269-43f4-b62c-dba501e15cb3.jpg","contentUrl":"https:\/\/aigleshopping.ca\/wp-content\/uploads\/2025\/03\/48aee2fe-3269-43f4-b62c-dba501e15cb3.jpg","width":800,"height":800},{"@type":"BreadcrumbList","@id":"https:\/\/aigleshopping.ca\/fr\/produit\/distributeur-automatique-de-nourriture-pour-animaux-de-compagnie-grande-capacite-enregistreur-vocal-intelligent-controle-app-minuterie-distributeur-de-nourriture-pour-chats-et-chiens-avec-wifi-bol-pou\/#breadcrumb","itemListElement":[{"@type":"ListItem","position":1,"name":"Home","item":"https:\/\/aigleshopping.ca\/fr\/home\/"},{"@type":"ListItem","position":2,"name":"Products","item":"https:\/\/aigleshopping.ca\/shop\/"},{"@type":"ListItem","position":3,"name":"Distributeur automatique de nourriture pour animaux de compagnie Grande capacit\u00e9 Enregistreur vocal intelligent Contr\u00f4le APP Minuterie Distributeur de nourriture pour chats et chiens Avec WiFi Bol pour animaux de compagnie"}]},{"@type":"WebSite","@id":"https:\/\/aigleshopping.ca\/#website","url":"https:\/\/aigleshopping.ca\/","name":"Aigle Shopping Canada","description":"Au-del\u00e0 des fronti\u00e8res, pour vous offrir le\u00a0meilleur!","publisher":{"@id":"https:\/\/aigleshopping.ca\/#organization"},"potentialAction":[{"@type":"SearchAction","target":{"@type":"EntryPoint","urlTemplate":"https:\/\/aigleshopping.ca\/?s={search_term_string}"},"query-input":{"@type":"PropertyValueSpecification","valueRequired":true,"valueName":"search_term_string"}}],"inLanguage":"fr-FR"},{"@type":"Organization","@id":"https:\/\/aigleshopping.ca\/#organization","name":"Aigle Shopping Canada","url":"https:\/\/aigleshopping.ca\/","logo":{"@type":"ImageObject","inLanguage":"fr-FR","@id":"https:\/\/aigleshopping.ca\/#\/schema\/logo\/image\/","url":"https:\/\/aigleshopping.ca\/wp-content\/uploads\/2025\/12\/logo_aigleshopping_ca.png","contentUrl":"https:\/\/aigleshopping.ca\/wp-content\/uploads\/2025\/12\/logo_aigleshopping_ca.png","width":800,"height":233,"caption":"Aigle Shopping Canada"},"image":{"@id":"https:\/\/aigleshopping.ca\/#\/schema\/logo\/image\/"}}]}},"jetpack_sharing_enabled":true,"_links":{"self":[{"href":"https:\/\/aigleshopping.ca\/fr\/wp-json\/wp\/v2\/product\/21738","targetHints":{"allow":["GET"]}}],"collection":[{"href":"https:\/\/aigleshopping.ca\/fr\/wp-json\/wp\/v2\/product"}],"about":[{"href":"https:\/\/aigleshopping.ca\/fr\/wp-json\/wp\/v2\/types\/product"}],"replies":[{"embeddable":true,"href":"https:\/\/aigleshopping.ca\/fr\/wp-json\/wp\/v2\/comments?post=21738"}],"wp:featuredmedia":[{"embeddable":true,"href":"https:\/\/aigleshopping.ca\/fr\/wp-json\/wp\/v2\/media\/14195"}],"wp:attachment":[{"href":"https:\/\/aigleshopping.ca\/fr\/wp-json\/wp\/v2\/media?parent=21738"}],"wp:term":[{"taxonomy":"product_brand","embeddable":true,"href":"https:\/\/aigleshopping.ca\/fr\/wp-json\/wp\/v2\/product_brand?post=21738"},{"taxonomy":"product_cat","embeddable":true,"href":"https:\/\/aigleshopping.ca\/fr\/wp-json\/wp\/v2\/product_cat?post=21738"},{"taxonomy":"product_tag","embeddable":true,"href":"https:\/\/aigleshopping.ca\/fr\/wp-json\/wp\/v2\/product_tag?post=21738"}],"curies":[{"name":"wp","href":"https:\/\/api.w.org\/{rel}","templated":true}]}}