{"id":21792,"date":"2025-03-07T08:07:53","date_gmt":"2025-03-07T08:07:53","guid":{"rendered":"https:\/\/aigleshopping.ca\/produit\/massage-multifonctionnel-avec-telecommande-pour-la-nuque\/"},"modified":"2025-03-07T08:07:53","modified_gmt":"2025-03-07T08:07:53","slug":"massage-multifonctionnel-avec-telecommande-pour-la-nuque","status":"publish","type":"product","link":"https:\/\/aigleshopping.ca\/fr\/produit\/massage-multifonctionnel-avec-telecommande-pour-la-nuque\/","title":{"rendered":"Massage multifonctionnel avec t\u00e9l\u00e9commande pour la nuque"},"content":{"rendered":"<div>\n<p> <span style=\"font-weight: bold\">Vue d&rsquo;ensemble :<\/span> <br \/> Gr\u00e2ce \u00e0 la technologie d&rsquo;impulsion \u00e0 faible cycle, 3 \u00e0 5 cm de profondeur sous la peau, ouvrent les points douloureux et les m\u00e9ridiens, r\u00e9duisent la douleur cervicale. <\/p>\n<p> <span style=\"font-weight: bold\">Sp\u00e9cifications :<\/span> <br \/> Mode d&rsquo;alimentation : USB <br \/> Couleur : Rose Noir Bleu <\/p>\n<p> <span style=\"font-weight: bold\">D\u00e9tails de l&#8217;emballage :<\/span> <br \/> 1 X USB Neck Massager <br \/> 1 X USB Charger <br \/> 1 X Remote Controller <br \/> 1 X User Manua   <\/p>\n<p>Le mod\u00e8le \u00e0 t\u00e9l\u00e9commande signifie que tous les modes de changement de vitesse s&rsquo;effectuent \u00e0 partir de la t\u00e9l\u00e9commande.<\/p>\n<p>  Note : <br \/> 1. En raison de la diversit\u00e9 des \u00e9crans et des effets de lumi\u00e8re, la couleur r\u00e9elle de l&rsquo;article peut \u00eatre l\u00e9g\u00e8rement diff\u00e9rente de celle qui appara\u00eet sur les photos. Nous vous remercions de votre attention.   <br \/>  2. Veuillez tenir compte d&rsquo;un \u00e9cart de 1 \u00e0 3 cm d\u00fb aux mesures manuelles.   <\/p>\n<\/div>\n<p> <img decoding=\"async\" src=\"https:\/\/cf.cjdropshipping.com\/b2cca57a-946a-491e-b0d3-2c64b76060a9.jpg\"> <img decoding=\"async\" src=\"https:\/\/cf.cjdropshipping.com\/0e9fc01a-ed4d-4e42-816c-84092f17f012.jpg\"> <img decoding=\"async\" src=\"https:\/\/cf.cjdropshipping.com\/dad6ee98-54d8-4a3b-9129-bc648909f614.jpg\"> <img decoding=\"async\" src=\"https:\/\/cf.cjdropshipping.com\/1f255401-1f01-45cc-8696-54b9219e48cb.jpg\"> <img decoding=\"async\" src=\"https:\/\/cf.cjdropshipping.com\/8a61dc9e-2b4e-4f3f-a6a4-e7db4ac034c1.jpg\"> <img decoding=\"async\" src=\"https:\/\/cf.cjdropshipping.com\/830c5871-2cbb-4303-935e-641ed74406ed.jpg\"> <img decoding=\"async\" src=\"https:\/\/cf.cjdropshipping.com\/2682caa3-5c39-4ccb-a930-8365e0df3d30.jpg\"> <img decoding=\"async\" src=\"https:\/\/cf.cjdropshipping.com\/6d7b81e3-342b-484b-9a59-e3c8fd00e263.jpg\"> <img decoding=\"async\" src=\"https:\/\/cf.cjdropshipping.com\/e55b58db-f68a-4ede-a392-1539cf1308d4.jpg\"> <img decoding=\"async\" src=\"https:\/\/cf.cjdropshipping.com\/9d961a49-c300-4850-b79a-629290009b7f.jpg\"> <img decoding=\"async\" src=\"https:\/\/cf.cjdropshipping.com\/d4e62fbc-7319-4e0a-99b2-2cfc7ceb6073.jpg\"> <img decoding=\"async\" src=\"https:\/\/cf.cjdropshipping.com\/0349f685-22ad-449c-80b5-005fc17efa4f.jpg\">  <\/p>\n","protected":false},"excerpt":{"rendered":"<p>Vue d&rsquo;ensemble : Gr\u00e2ce \u00e0 la technologie d&rsquo;impulsion \u00e0 faible cycle, 3 \u00e0 5 cm de profondeur sous la peau, ouvrent les points douloureux et les m\u00e9ridiens, r\u00e9duisent la douleur cervicale. Sp\u00e9cifications : Mode d&rsquo;alimentation : USB Couleur : Rose Noir Bleu D\u00e9tails de l&#8217;emballage : 1 X USB Neck Massager 1 X USB Charger [&hellip;]<\/p>\n","protected":false},"featured_media":11882,"comment_status":"open","ping_status":"closed","template":"","meta":{"content-type":""},"product_brand":[],"product_cat":[797],"product_tag":[],"class_list":{"0":"post-21792","1":"product","2":"type-product","3":"status-publish","4":"has-post-thumbnail","6":"product_cat-dispositifs-de-beaute","8":"first","9":"instock","10":"taxable","11":"shipping-taxable","12":"purchasable","13":"product-type-variable","14":"add-to-wishlist-after_add_to_cart"},"yoast_head":"<!-- This site is optimized with the Yoast SEO plugin v27.4 - https:\/\/yoast.com\/product\/yoast-seo-wordpress\/ -->\n<title>Massage multifonctionnel avec t\u00e9l\u00e9commande pour la nuque - Aigle Shopping Canada<\/title>\n<meta name=\"robots\" content=\"index, follow, max-snippet:-1, max-image-preview:large, max-video-preview:-1\" \/>\n<link rel=\"canonical\" href=\"https:\/\/aigleshopping.ca\/fr\/produit\/massage-multifonctionnel-avec-telecommande-pour-la-nuque\/\" \/>\n<meta property=\"og:locale\" content=\"fr_FR\" \/>\n<meta property=\"og:type\" content=\"article\" \/>\n<meta property=\"og:title\" content=\"Massage multifonctionnel avec t\u00e9l\u00e9commande pour la nuque - Aigle Shopping Canada\" \/>\n<meta property=\"og:description\" content=\"Vue d&rsquo;ensemble : Gr\u00e2ce \u00e0 la technologie d&rsquo;impulsion \u00e0 faible cycle, 3 \u00e0 5 cm de profondeur sous la peau, ouvrent les points douloureux et les m\u00e9ridiens, r\u00e9duisent la douleur cervicale. Sp\u00e9cifications : Mode d&rsquo;alimentation : USB Couleur : Rose Noir Bleu D\u00e9tails de l&#8217;emballage : 1 X USB Neck Massager 1 X USB Charger [&hellip;]\" \/>\n<meta property=\"og:url\" content=\"https:\/\/aigleshopping.ca\/fr\/produit\/massage-multifonctionnel-avec-telecommande-pour-la-nuque\/\" \/>\n<meta property=\"og:site_name\" content=\"Aigle Shopping Canada\" \/>\n<meta property=\"og:image\" content=\"https:\/\/aigleshopping.ca\/wp-content\/uploads\/2025\/03\/1052552109875.jpg\" \/>\n\t<meta property=\"og:image:width\" content=\"800\" \/>\n\t<meta property=\"og:image:height\" content=\"800\" \/>\n\t<meta property=\"og:image:type\" content=\"image\/jpeg\" \/>\n<meta name=\"twitter:card\" content=\"summary_large_image\" \/>\n<meta name=\"twitter:label1\" content=\"Dur\u00e9e de lecture estim\u00e9e\" \/>\n\t<meta name=\"twitter:data1\" content=\"1 minute\" \/>\n<script type=\"application\/ld+json\" class=\"yoast-schema-graph\">{\"@context\":\"https:\\\/\\\/schema.org\",\"@graph\":[{\"@type\":\"WebPage\",\"@id\":\"https:\\\/\\\/aigleshopping.ca\\\/fr\\\/produit\\\/massage-multifonctionnel-avec-telecommande-pour-la-nuque\\\/\",\"url\":\"https:\\\/\\\/aigleshopping.ca\\\/fr\\\/produit\\\/massage-multifonctionnel-avec-telecommande-pour-la-nuque\\\/\",\"name\":\"Massage multifonctionnel avec t\u00e9l\u00e9commande pour la nuque - Aigle Shopping Canada\",\"isPartOf\":{\"@id\":\"https:\\\/\\\/aigleshopping.ca\\\/#website\"},\"primaryImageOfPage\":{\"@id\":\"https:\\\/\\\/aigleshopping.ca\\\/fr\\\/produit\\\/massage-multifonctionnel-avec-telecommande-pour-la-nuque\\\/#primaryimage\"},\"image\":{\"@id\":\"https:\\\/\\\/aigleshopping.ca\\\/fr\\\/produit\\\/massage-multifonctionnel-avec-telecommande-pour-la-nuque\\\/#primaryimage\"},\"thumbnailUrl\":\"https:\\\/\\\/aigleshopping.ca\\\/wp-content\\\/uploads\\\/2025\\\/03\\\/1052552109875.jpg\",\"datePublished\":\"2025-03-07T08:07:53+00:00\",\"breadcrumb\":{\"@id\":\"https:\\\/\\\/aigleshopping.ca\\\/fr\\\/produit\\\/massage-multifonctionnel-avec-telecommande-pour-la-nuque\\\/#breadcrumb\"},\"inLanguage\":\"fr-FR\",\"potentialAction\":[{\"@type\":\"ReadAction\",\"target\":[\"https:\\\/\\\/aigleshopping.ca\\\/fr\\\/produit\\\/massage-multifonctionnel-avec-telecommande-pour-la-nuque\\\/\"]}]},{\"@type\":\"ImageObject\",\"inLanguage\":\"fr-FR\",\"@id\":\"https:\\\/\\\/aigleshopping.ca\\\/fr\\\/produit\\\/massage-multifonctionnel-avec-telecommande-pour-la-nuque\\\/#primaryimage\",\"url\":\"https:\\\/\\\/aigleshopping.ca\\\/wp-content\\\/uploads\\\/2025\\\/03\\\/1052552109875.jpg\",\"contentUrl\":\"https:\\\/\\\/aigleshopping.ca\\\/wp-content\\\/uploads\\\/2025\\\/03\\\/1052552109875.jpg\",\"width\":800,\"height\":800},{\"@type\":\"BreadcrumbList\",\"@id\":\"https:\\\/\\\/aigleshopping.ca\\\/fr\\\/produit\\\/massage-multifonctionnel-avec-telecommande-pour-la-nuque\\\/#breadcrumb\",\"itemListElement\":[{\"@type\":\"ListItem\",\"position\":1,\"name\":\"Home\",\"item\":\"https:\\\/\\\/aigleshopping.ca\\\/fr\\\/home\\\/\"},{\"@type\":\"ListItem\",\"position\":2,\"name\":\"Products\",\"item\":\"https:\\\/\\\/aigleshopping.ca\\\/shop\\\/\"},{\"@type\":\"ListItem\",\"position\":3,\"name\":\"Massage multifonctionnel avec t\u00e9l\u00e9commande pour la nuque\"}]},{\"@type\":\"WebSite\",\"@id\":\"https:\\\/\\\/aigleshopping.ca\\\/#website\",\"url\":\"https:\\\/\\\/aigleshopping.ca\\\/\",\"name\":\"Aigle Shopping Canada\",\"description\":\"Au-del\u00e0 des fronti\u00e8res, pour vous offrir le\u00a0meilleur!\",\"publisher\":{\"@id\":\"https:\\\/\\\/aigleshopping.ca\\\/#organization\"},\"potentialAction\":[{\"@type\":\"SearchAction\",\"target\":{\"@type\":\"EntryPoint\",\"urlTemplate\":\"https:\\\/\\\/aigleshopping.ca\\\/?s={search_term_string}\"},\"query-input\":{\"@type\":\"PropertyValueSpecification\",\"valueRequired\":true,\"valueName\":\"search_term_string\"}}],\"inLanguage\":\"fr-FR\"},{\"@type\":\"Organization\",\"@id\":\"https:\\\/\\\/aigleshopping.ca\\\/#organization\",\"name\":\"Aigle Shopping Canada\",\"url\":\"https:\\\/\\\/aigleshopping.ca\\\/\",\"logo\":{\"@type\":\"ImageObject\",\"inLanguage\":\"fr-FR\",\"@id\":\"https:\\\/\\\/aigleshopping.ca\\\/#\\\/schema\\\/logo\\\/image\\\/\",\"url\":\"https:\\\/\\\/aigleshopping.ca\\\/wp-content\\\/uploads\\\/2025\\\/12\\\/logo_aigleshopping_ca.png\",\"contentUrl\":\"https:\\\/\\\/aigleshopping.ca\\\/wp-content\\\/uploads\\\/2025\\\/12\\\/logo_aigleshopping_ca.png\",\"width\":800,\"height\":233,\"caption\":\"Aigle Shopping Canada\"},\"image\":{\"@id\":\"https:\\\/\\\/aigleshopping.ca\\\/#\\\/schema\\\/logo\\\/image\\\/\"}}]}<\/script>\n<!-- \/ Yoast SEO plugin. -->","yoast_head_json":{"title":"Massage multifonctionnel avec t\u00e9l\u00e9commande pour la nuque - Aigle Shopping Canada","robots":{"index":"index","follow":"follow","max-snippet":"max-snippet:-1","max-image-preview":"max-image-preview:large","max-video-preview":"max-video-preview:-1"},"canonical":"https:\/\/aigleshopping.ca\/fr\/produit\/massage-multifonctionnel-avec-telecommande-pour-la-nuque\/","og_locale":"fr_FR","og_type":"article","og_title":"Massage multifonctionnel avec t\u00e9l\u00e9commande pour la nuque - Aigle Shopping Canada","og_description":"Vue d&rsquo;ensemble : Gr\u00e2ce \u00e0 la technologie d&rsquo;impulsion \u00e0 faible cycle, 3 \u00e0 5 cm de profondeur sous la peau, ouvrent les points douloureux et les m\u00e9ridiens, r\u00e9duisent la douleur cervicale. Sp\u00e9cifications : Mode d&rsquo;alimentation : USB Couleur : Rose Noir Bleu D\u00e9tails de l&#8217;emballage : 1 X USB Neck Massager 1 X USB Charger [&hellip;]","og_url":"https:\/\/aigleshopping.ca\/fr\/produit\/massage-multifonctionnel-avec-telecommande-pour-la-nuque\/","og_site_name":"Aigle Shopping Canada","og_image":[{"width":800,"height":800,"url":"https:\/\/aigleshopping.ca\/wp-content\/uploads\/2025\/03\/1052552109875.jpg","type":"image\/jpeg"}],"twitter_card":"summary_large_image","twitter_misc":{"Dur\u00e9e de lecture estim\u00e9e":"1 minute"},"schema":{"@context":"https:\/\/schema.org","@graph":[{"@type":"WebPage","@id":"https:\/\/aigleshopping.ca\/fr\/produit\/massage-multifonctionnel-avec-telecommande-pour-la-nuque\/","url":"https:\/\/aigleshopping.ca\/fr\/produit\/massage-multifonctionnel-avec-telecommande-pour-la-nuque\/","name":"Massage multifonctionnel avec t\u00e9l\u00e9commande pour la nuque - Aigle Shopping Canada","isPartOf":{"@id":"https:\/\/aigleshopping.ca\/#website"},"primaryImageOfPage":{"@id":"https:\/\/aigleshopping.ca\/fr\/produit\/massage-multifonctionnel-avec-telecommande-pour-la-nuque\/#primaryimage"},"image":{"@id":"https:\/\/aigleshopping.ca\/fr\/produit\/massage-multifonctionnel-avec-telecommande-pour-la-nuque\/#primaryimage"},"thumbnailUrl":"https:\/\/aigleshopping.ca\/wp-content\/uploads\/2025\/03\/1052552109875.jpg","datePublished":"2025-03-07T08:07:53+00:00","breadcrumb":{"@id":"https:\/\/aigleshopping.ca\/fr\/produit\/massage-multifonctionnel-avec-telecommande-pour-la-nuque\/#breadcrumb"},"inLanguage":"fr-FR","potentialAction":[{"@type":"ReadAction","target":["https:\/\/aigleshopping.ca\/fr\/produit\/massage-multifonctionnel-avec-telecommande-pour-la-nuque\/"]}]},{"@type":"ImageObject","inLanguage":"fr-FR","@id":"https:\/\/aigleshopping.ca\/fr\/produit\/massage-multifonctionnel-avec-telecommande-pour-la-nuque\/#primaryimage","url":"https:\/\/aigleshopping.ca\/wp-content\/uploads\/2025\/03\/1052552109875.jpg","contentUrl":"https:\/\/aigleshopping.ca\/wp-content\/uploads\/2025\/03\/1052552109875.jpg","width":800,"height":800},{"@type":"BreadcrumbList","@id":"https:\/\/aigleshopping.ca\/fr\/produit\/massage-multifonctionnel-avec-telecommande-pour-la-nuque\/#breadcrumb","itemListElement":[{"@type":"ListItem","position":1,"name":"Home","item":"https:\/\/aigleshopping.ca\/fr\/home\/"},{"@type":"ListItem","position":2,"name":"Products","item":"https:\/\/aigleshopping.ca\/shop\/"},{"@type":"ListItem","position":3,"name":"Massage multifonctionnel avec t\u00e9l\u00e9commande pour la nuque"}]},{"@type":"WebSite","@id":"https:\/\/aigleshopping.ca\/#website","url":"https:\/\/aigleshopping.ca\/","name":"Aigle Shopping Canada","description":"Au-del\u00e0 des fronti\u00e8res, pour vous offrir le\u00a0meilleur!","publisher":{"@id":"https:\/\/aigleshopping.ca\/#organization"},"potentialAction":[{"@type":"SearchAction","target":{"@type":"EntryPoint","urlTemplate":"https:\/\/aigleshopping.ca\/?s={search_term_string}"},"query-input":{"@type":"PropertyValueSpecification","valueRequired":true,"valueName":"search_term_string"}}],"inLanguage":"fr-FR"},{"@type":"Organization","@id":"https:\/\/aigleshopping.ca\/#organization","name":"Aigle Shopping Canada","url":"https:\/\/aigleshopping.ca\/","logo":{"@type":"ImageObject","inLanguage":"fr-FR","@id":"https:\/\/aigleshopping.ca\/#\/schema\/logo\/image\/","url":"https:\/\/aigleshopping.ca\/wp-content\/uploads\/2025\/12\/logo_aigleshopping_ca.png","contentUrl":"https:\/\/aigleshopping.ca\/wp-content\/uploads\/2025\/12\/logo_aigleshopping_ca.png","width":800,"height":233,"caption":"Aigle Shopping Canada"},"image":{"@id":"https:\/\/aigleshopping.ca\/#\/schema\/logo\/image\/"}}]}},"jetpack_sharing_enabled":true,"_links":{"self":[{"href":"https:\/\/aigleshopping.ca\/fr\/wp-json\/wp\/v2\/product\/21792","targetHints":{"allow":["GET"]}}],"collection":[{"href":"https:\/\/aigleshopping.ca\/fr\/wp-json\/wp\/v2\/product"}],"about":[{"href":"https:\/\/aigleshopping.ca\/fr\/wp-json\/wp\/v2\/types\/product"}],"replies":[{"embeddable":true,"href":"https:\/\/aigleshopping.ca\/fr\/wp-json\/wp\/v2\/comments?post=21792"}],"wp:featuredmedia":[{"embeddable":true,"href":"https:\/\/aigleshopping.ca\/fr\/wp-json\/wp\/v2\/media\/11882"}],"wp:attachment":[{"href":"https:\/\/aigleshopping.ca\/fr\/wp-json\/wp\/v2\/media?parent=21792"}],"wp:term":[{"taxonomy":"product_brand","embeddable":true,"href":"https:\/\/aigleshopping.ca\/fr\/wp-json\/wp\/v2\/product_brand?post=21792"},{"taxonomy":"product_cat","embeddable":true,"href":"https:\/\/aigleshopping.ca\/fr\/wp-json\/wp\/v2\/product_cat?post=21792"},{"taxonomy":"product_tag","embeddable":true,"href":"https:\/\/aigleshopping.ca\/fr\/wp-json\/wp\/v2\/product_tag?post=21792"}],"curies":[{"name":"wp","href":"https:\/\/api.w.org\/{rel}","templated":true}]}}