{"id":21876,"date":"2025-03-09T21:45:31","date_gmt":"2025-03-09T21:45:31","guid":{"rendered":"https:\/\/aigleshopping.ca\/produit\/banque-de-recharge-par-aspiration-magnetique-banque-de-recharge-sans-fil-alimentation-mobile\/"},"modified":"2025-03-10T14:30:48","modified_gmt":"2025-03-10T14:30:48","slug":"banque-de-recharge-par-aspiration-magnetique-banque-de-recharge-sans-fil-alimentation-mobile","status":"publish","type":"product","link":"https:\/\/aigleshopping.ca\/fr\/produit\/banque-de-recharge-par-aspiration-magnetique-banque-de-recharge-sans-fil-alimentation-mobile\/","title":{"rendered":"Banque de recharge par aspiration magn\u00e9tique Banque de recharge sans fil Alimentation mobile"},"content":{"rendered":"<p> <b>Informations sur le produit :<\/b>  <\/p>\n<p>  Classification ; absorption magn\u00e9tique <br \/> Type d&rsquo;application ; alimentation mobile conventionnelle <br \/> Type de batterie : Soft pack <br \/> Type de cellule ; Cellule lithium ion polym\u00e8re <br \/> Mat\u00e9riau du bo\u00eetier : plastique <br \/> Couleur ; Noir, blanc, violet clair, vert arm\u00e9e <br \/> Capacit\u00e9 d&rsquo;alimentation :5000mAh,4000mAh <br \/> Taille :93x62x14mm <br \/> Conversion :60 (%) <br \/> Puissance de charge :5W  <\/p>\n<p> <\/p>\n<p> <b>Liste d&#8217;emballage :<\/b> <\/p>\n<p>1* Banque d&rsquo;alimentation<\/p>\n<p> <\/p>\n<p> <img decoding=\"async\" src=\"https:\/\/cf.cjdropshipping.com\/398acd27-7e25-445b-af5e-08eaced37dd7.jpg\"> <img decoding=\"async\" src=\"https:\/\/cf.cjdropshipping.com\/a8ca99a5-0917-4229-bd43-237881c69d03.jpg\"> <img decoding=\"async\" src=\"https:\/\/cf.cjdropshipping.com\/41e9bb4c-322c-4e73-ad90-34dd8d351b34.jpg\"> <img decoding=\"async\" src=\"https:\/\/cf.cjdropshipping.com\/9151fa03-98a3-46d3-95cd-4bec2cb5f56c.jpg\"> <img decoding=\"async\" src=\"https:\/\/cf.cjdropshipping.com\/4cb5de36-d2d9-49a7-935b-8ab81217f8d4.jpg\"> <img decoding=\"async\" src=\"https:\/\/cf.cjdropshipping.com\/cc8c40a4-78da-4194-861e-8c76a2ddbe92.png\">  <\/p>\n","protected":false},"excerpt":{"rendered":"<p>Informations sur le produit : Classification ; absorption magn\u00e9tique Type d&rsquo;application ; alimentation mobile conventionnelle Type de batterie : Soft pack Type de cellule ; Cellule lithium ion polym\u00e8re Mat\u00e9riau du bo\u00eetier : plastique Couleur ; Noir, blanc, violet clair, vert arm\u00e9e Capacit\u00e9 d&rsquo;alimentation :5000mAh,4000mAh Taille :93x62x14mm Conversion :60 (%) Puissance de charge :5W Liste [&hellip;]<\/p>\n","protected":false},"featured_media":20429,"comment_status":"open","ping_status":"closed","template":"","meta":{"content-type":""},"product_brand":[],"product_cat":[739],"product_tag":[],"class_list":{"0":"post-21876","1":"product","2":"type-product","3":"status-publish","4":"has-post-thumbnail","6":"product_cat-banque-denergie-et-station-de-recharge","8":"first","9":"instock","10":"taxable","11":"shipping-taxable","12":"purchasable","13":"product-type-variable","14":"add-to-wishlist-after_add_to_cart"},"yoast_head":"<!-- This site is optimized with the Yoast SEO plugin v27.5 - https:\/\/yoast.com\/product\/yoast-seo-wordpress\/ -->\n<title>Banque de recharge par aspiration magn\u00e9tique Banque de recharge sans fil Alimentation mobile - Aigle Shopping Canada<\/title>\n<meta name=\"robots\" content=\"index, follow, max-snippet:-1, max-image-preview:large, max-video-preview:-1\" \/>\n<link rel=\"canonical\" href=\"https:\/\/aigleshopping.ca\/fr\/produit\/banque-de-recharge-par-aspiration-magnetique-banque-de-recharge-sans-fil-alimentation-mobile\/\" \/>\n<meta property=\"og:locale\" content=\"fr_FR\" \/>\n<meta property=\"og:type\" content=\"article\" \/>\n<meta property=\"og:title\" content=\"Banque de recharge par aspiration magn\u00e9tique Banque de recharge sans fil Alimentation mobile - Aigle Shopping Canada\" \/>\n<meta property=\"og:description\" content=\"Informations sur le produit : Classification ; absorption magn\u00e9tique Type d&rsquo;application ; alimentation mobile conventionnelle Type de batterie : Soft pack Type de cellule ; Cellule lithium ion polym\u00e8re Mat\u00e9riau du bo\u00eetier : plastique Couleur ; Noir, blanc, violet clair, vert arm\u00e9e Capacit\u00e9 d&rsquo;alimentation :5000mAh,4000mAh Taille :93x62x14mm Conversion :60 (%) Puissance de charge :5W Liste [&hellip;]\" \/>\n<meta property=\"og:url\" content=\"https:\/\/aigleshopping.ca\/fr\/produit\/banque-de-recharge-par-aspiration-magnetique-banque-de-recharge-sans-fil-alimentation-mobile\/\" \/>\n<meta property=\"og:site_name\" content=\"Aigle Shopping Canada\" \/>\n<meta property=\"article:modified_time\" content=\"2025-03-10T14:30:48+00:00\" \/>\n<meta property=\"og:image\" content=\"https:\/\/aigleshopping.ca\/wp-content\/uploads\/2025\/03\/bc7db35b-711b-4c29-a9de-40294212a77d.jpg\" \/>\n\t<meta property=\"og:image:width\" content=\"800\" \/>\n\t<meta property=\"og:image:height\" content=\"800\" \/>\n\t<meta property=\"og:image:type\" content=\"image\/jpeg\" \/>\n<meta name=\"twitter:card\" content=\"summary_large_image\" \/>\n<script type=\"application\/ld+json\" class=\"yoast-schema-graph\">{\"@context\":\"https:\\\/\\\/schema.org\",\"@graph\":[{\"@type\":\"WebPage\",\"@id\":\"https:\\\/\\\/aigleshopping.ca\\\/fr\\\/produit\\\/banque-de-recharge-par-aspiration-magnetique-banque-de-recharge-sans-fil-alimentation-mobile\\\/\",\"url\":\"https:\\\/\\\/aigleshopping.ca\\\/fr\\\/produit\\\/banque-de-recharge-par-aspiration-magnetique-banque-de-recharge-sans-fil-alimentation-mobile\\\/\",\"name\":\"Banque de recharge par aspiration magn\u00e9tique Banque de recharge sans fil Alimentation mobile - Aigle Shopping Canada\",\"isPartOf\":{\"@id\":\"https:\\\/\\\/aigleshopping.ca\\\/#website\"},\"primaryImageOfPage\":{\"@id\":\"https:\\\/\\\/aigleshopping.ca\\\/fr\\\/produit\\\/banque-de-recharge-par-aspiration-magnetique-banque-de-recharge-sans-fil-alimentation-mobile\\\/#primaryimage\"},\"image\":{\"@id\":\"https:\\\/\\\/aigleshopping.ca\\\/fr\\\/produit\\\/banque-de-recharge-par-aspiration-magnetique-banque-de-recharge-sans-fil-alimentation-mobile\\\/#primaryimage\"},\"thumbnailUrl\":\"https:\\\/\\\/aigleshopping.ca\\\/wp-content\\\/uploads\\\/2025\\\/03\\\/bc7db35b-711b-4c29-a9de-40294212a77d.jpg\",\"datePublished\":\"2025-03-09T21:45:31+00:00\",\"dateModified\":\"2025-03-10T14:30:48+00:00\",\"breadcrumb\":{\"@id\":\"https:\\\/\\\/aigleshopping.ca\\\/fr\\\/produit\\\/banque-de-recharge-par-aspiration-magnetique-banque-de-recharge-sans-fil-alimentation-mobile\\\/#breadcrumb\"},\"inLanguage\":\"fr-FR\",\"potentialAction\":[{\"@type\":\"ReadAction\",\"target\":[\"https:\\\/\\\/aigleshopping.ca\\\/fr\\\/produit\\\/banque-de-recharge-par-aspiration-magnetique-banque-de-recharge-sans-fil-alimentation-mobile\\\/\"]}]},{\"@type\":\"ImageObject\",\"inLanguage\":\"fr-FR\",\"@id\":\"https:\\\/\\\/aigleshopping.ca\\\/fr\\\/produit\\\/banque-de-recharge-par-aspiration-magnetique-banque-de-recharge-sans-fil-alimentation-mobile\\\/#primaryimage\",\"url\":\"https:\\\/\\\/aigleshopping.ca\\\/wp-content\\\/uploads\\\/2025\\\/03\\\/bc7db35b-711b-4c29-a9de-40294212a77d.jpg\",\"contentUrl\":\"https:\\\/\\\/aigleshopping.ca\\\/wp-content\\\/uploads\\\/2025\\\/03\\\/bc7db35b-711b-4c29-a9de-40294212a77d.jpg\",\"width\":800,\"height\":800},{\"@type\":\"BreadcrumbList\",\"@id\":\"https:\\\/\\\/aigleshopping.ca\\\/fr\\\/produit\\\/banque-de-recharge-par-aspiration-magnetique-banque-de-recharge-sans-fil-alimentation-mobile\\\/#breadcrumb\",\"itemListElement\":[{\"@type\":\"ListItem\",\"position\":1,\"name\":\"Home\",\"item\":\"https:\\\/\\\/aigleshopping.ca\\\/fr\\\/home\\\/\"},{\"@type\":\"ListItem\",\"position\":2,\"name\":\"Products\",\"item\":\"https:\\\/\\\/aigleshopping.ca\\\/shop\\\/\"},{\"@type\":\"ListItem\",\"position\":3,\"name\":\"Banque de recharge par aspiration magn\u00e9tique Banque de recharge sans fil Alimentation mobile\"}]},{\"@type\":\"WebSite\",\"@id\":\"https:\\\/\\\/aigleshopping.ca\\\/#website\",\"url\":\"https:\\\/\\\/aigleshopping.ca\\\/\",\"name\":\"Aigle Shopping Canada\",\"description\":\"Au-del\u00e0 des fronti\u00e8res, pour vous offrir le\u00a0meilleur!\",\"publisher\":{\"@id\":\"https:\\\/\\\/aigleshopping.ca\\\/#organization\"},\"potentialAction\":[{\"@type\":\"SearchAction\",\"target\":{\"@type\":\"EntryPoint\",\"urlTemplate\":\"https:\\\/\\\/aigleshopping.ca\\\/?s={search_term_string}\"},\"query-input\":{\"@type\":\"PropertyValueSpecification\",\"valueRequired\":true,\"valueName\":\"search_term_string\"}}],\"inLanguage\":\"fr-FR\"},{\"@type\":\"Organization\",\"@id\":\"https:\\\/\\\/aigleshopping.ca\\\/#organization\",\"name\":\"Aigle Shopping Canada\",\"url\":\"https:\\\/\\\/aigleshopping.ca\\\/\",\"logo\":{\"@type\":\"ImageObject\",\"inLanguage\":\"fr-FR\",\"@id\":\"https:\\\/\\\/aigleshopping.ca\\\/#\\\/schema\\\/logo\\\/image\\\/\",\"url\":\"https:\\\/\\\/aigleshopping.ca\\\/wp-content\\\/uploads\\\/2025\\\/12\\\/logo_aigleshopping_ca.png\",\"contentUrl\":\"https:\\\/\\\/aigleshopping.ca\\\/wp-content\\\/uploads\\\/2025\\\/12\\\/logo_aigleshopping_ca.png\",\"width\":800,\"height\":233,\"caption\":\"Aigle Shopping Canada\"},\"image\":{\"@id\":\"https:\\\/\\\/aigleshopping.ca\\\/#\\\/schema\\\/logo\\\/image\\\/\"}}]}<\/script>\n<!-- \/ Yoast SEO plugin. -->","yoast_head_json":{"title":"Banque de recharge par aspiration magn\u00e9tique Banque de recharge sans fil Alimentation mobile - Aigle Shopping Canada","robots":{"index":"index","follow":"follow","max-snippet":"max-snippet:-1","max-image-preview":"max-image-preview:large","max-video-preview":"max-video-preview:-1"},"canonical":"https:\/\/aigleshopping.ca\/fr\/produit\/banque-de-recharge-par-aspiration-magnetique-banque-de-recharge-sans-fil-alimentation-mobile\/","og_locale":"fr_FR","og_type":"article","og_title":"Banque de recharge par aspiration magn\u00e9tique Banque de recharge sans fil Alimentation mobile - Aigle Shopping Canada","og_description":"Informations sur le produit : Classification ; absorption magn\u00e9tique Type d&rsquo;application ; alimentation mobile conventionnelle Type de batterie : Soft pack Type de cellule ; Cellule lithium ion polym\u00e8re Mat\u00e9riau du bo\u00eetier : plastique Couleur ; Noir, blanc, violet clair, vert arm\u00e9e Capacit\u00e9 d&rsquo;alimentation :5000mAh,4000mAh Taille :93x62x14mm Conversion :60 (%) Puissance de charge :5W Liste [&hellip;]","og_url":"https:\/\/aigleshopping.ca\/fr\/produit\/banque-de-recharge-par-aspiration-magnetique-banque-de-recharge-sans-fil-alimentation-mobile\/","og_site_name":"Aigle Shopping Canada","article_modified_time":"2025-03-10T14:30:48+00:00","og_image":[{"width":800,"height":800,"url":"https:\/\/aigleshopping.ca\/wp-content\/uploads\/2025\/03\/bc7db35b-711b-4c29-a9de-40294212a77d.jpg","type":"image\/jpeg"}],"twitter_card":"summary_large_image","schema":{"@context":"https:\/\/schema.org","@graph":[{"@type":"WebPage","@id":"https:\/\/aigleshopping.ca\/fr\/produit\/banque-de-recharge-par-aspiration-magnetique-banque-de-recharge-sans-fil-alimentation-mobile\/","url":"https:\/\/aigleshopping.ca\/fr\/produit\/banque-de-recharge-par-aspiration-magnetique-banque-de-recharge-sans-fil-alimentation-mobile\/","name":"Banque de recharge par aspiration magn\u00e9tique Banque de recharge sans fil Alimentation mobile - Aigle Shopping Canada","isPartOf":{"@id":"https:\/\/aigleshopping.ca\/#website"},"primaryImageOfPage":{"@id":"https:\/\/aigleshopping.ca\/fr\/produit\/banque-de-recharge-par-aspiration-magnetique-banque-de-recharge-sans-fil-alimentation-mobile\/#primaryimage"},"image":{"@id":"https:\/\/aigleshopping.ca\/fr\/produit\/banque-de-recharge-par-aspiration-magnetique-banque-de-recharge-sans-fil-alimentation-mobile\/#primaryimage"},"thumbnailUrl":"https:\/\/aigleshopping.ca\/wp-content\/uploads\/2025\/03\/bc7db35b-711b-4c29-a9de-40294212a77d.jpg","datePublished":"2025-03-09T21:45:31+00:00","dateModified":"2025-03-10T14:30:48+00:00","breadcrumb":{"@id":"https:\/\/aigleshopping.ca\/fr\/produit\/banque-de-recharge-par-aspiration-magnetique-banque-de-recharge-sans-fil-alimentation-mobile\/#breadcrumb"},"inLanguage":"fr-FR","potentialAction":[{"@type":"ReadAction","target":["https:\/\/aigleshopping.ca\/fr\/produit\/banque-de-recharge-par-aspiration-magnetique-banque-de-recharge-sans-fil-alimentation-mobile\/"]}]},{"@type":"ImageObject","inLanguage":"fr-FR","@id":"https:\/\/aigleshopping.ca\/fr\/produit\/banque-de-recharge-par-aspiration-magnetique-banque-de-recharge-sans-fil-alimentation-mobile\/#primaryimage","url":"https:\/\/aigleshopping.ca\/wp-content\/uploads\/2025\/03\/bc7db35b-711b-4c29-a9de-40294212a77d.jpg","contentUrl":"https:\/\/aigleshopping.ca\/wp-content\/uploads\/2025\/03\/bc7db35b-711b-4c29-a9de-40294212a77d.jpg","width":800,"height":800},{"@type":"BreadcrumbList","@id":"https:\/\/aigleshopping.ca\/fr\/produit\/banque-de-recharge-par-aspiration-magnetique-banque-de-recharge-sans-fil-alimentation-mobile\/#breadcrumb","itemListElement":[{"@type":"ListItem","position":1,"name":"Home","item":"https:\/\/aigleshopping.ca\/fr\/home\/"},{"@type":"ListItem","position":2,"name":"Products","item":"https:\/\/aigleshopping.ca\/shop\/"},{"@type":"ListItem","position":3,"name":"Banque de recharge par aspiration magn\u00e9tique Banque de recharge sans fil Alimentation mobile"}]},{"@type":"WebSite","@id":"https:\/\/aigleshopping.ca\/#website","url":"https:\/\/aigleshopping.ca\/","name":"Aigle Shopping Canada","description":"Au-del\u00e0 des fronti\u00e8res, pour vous offrir le\u00a0meilleur!","publisher":{"@id":"https:\/\/aigleshopping.ca\/#organization"},"potentialAction":[{"@type":"SearchAction","target":{"@type":"EntryPoint","urlTemplate":"https:\/\/aigleshopping.ca\/?s={search_term_string}"},"query-input":{"@type":"PropertyValueSpecification","valueRequired":true,"valueName":"search_term_string"}}],"inLanguage":"fr-FR"},{"@type":"Organization","@id":"https:\/\/aigleshopping.ca\/#organization","name":"Aigle Shopping Canada","url":"https:\/\/aigleshopping.ca\/","logo":{"@type":"ImageObject","inLanguage":"fr-FR","@id":"https:\/\/aigleshopping.ca\/#\/schema\/logo\/image\/","url":"https:\/\/aigleshopping.ca\/wp-content\/uploads\/2025\/12\/logo_aigleshopping_ca.png","contentUrl":"https:\/\/aigleshopping.ca\/wp-content\/uploads\/2025\/12\/logo_aigleshopping_ca.png","width":800,"height":233,"caption":"Aigle Shopping Canada"},"image":{"@id":"https:\/\/aigleshopping.ca\/#\/schema\/logo\/image\/"}}]}},"jetpack_sharing_enabled":true,"_links":{"self":[{"href":"https:\/\/aigleshopping.ca\/fr\/wp-json\/wp\/v2\/product\/21876","targetHints":{"allow":["GET"]}}],"collection":[{"href":"https:\/\/aigleshopping.ca\/fr\/wp-json\/wp\/v2\/product"}],"about":[{"href":"https:\/\/aigleshopping.ca\/fr\/wp-json\/wp\/v2\/types\/product"}],"replies":[{"embeddable":true,"href":"https:\/\/aigleshopping.ca\/fr\/wp-json\/wp\/v2\/comments?post=21876"}],"wp:featuredmedia":[{"embeddable":true,"href":"https:\/\/aigleshopping.ca\/fr\/wp-json\/wp\/v2\/media\/20429"}],"wp:attachment":[{"href":"https:\/\/aigleshopping.ca\/fr\/wp-json\/wp\/v2\/media?parent=21876"}],"wp:term":[{"taxonomy":"product_brand","embeddable":true,"href":"https:\/\/aigleshopping.ca\/fr\/wp-json\/wp\/v2\/product_brand?post=21876"},{"taxonomy":"product_cat","embeddable":true,"href":"https:\/\/aigleshopping.ca\/fr\/wp-json\/wp\/v2\/product_cat?post=21876"},{"taxonomy":"product_tag","embeddable":true,"href":"https:\/\/aigleshopping.ca\/fr\/wp-json\/wp\/v2\/product_tag?post=21876"}],"curies":[{"name":"wp","href":"https:\/\/api.w.org\/{rel}","templated":true}]}}