{"id":21881,"date":"2025-03-09T21:38:34","date_gmt":"2025-03-09T21:38:34","guid":{"rendered":"https:\/\/aigleshopping.ca\/produit\/mini-banque-denergie-portable-avec-cable-solaire\/"},"modified":"2025-03-09T21:38:34","modified_gmt":"2025-03-09T21:38:34","slug":"mini-banque-denergie-portable-avec-cable-solaire","status":"publish","type":"product","link":"https:\/\/aigleshopping.ca\/fr\/produit\/mini-banque-denergie-portable-avec-cable-solaire\/","title":{"rendered":"Mini banque d&rsquo;\u00e9nergie portable avec c\u00e2ble solaire"},"content":{"rendered":"<p> <b>&nbsp;Informations sur le produit :<\/b>  <\/p>\n<p>  Type de batterie : batterie lithium-ion polym\u00e8re <br \/> Mat\u00e9riau de la coque : plastique <br \/> Fonction suppl\u00e9mentaire : solaire <br \/> Couleur : noir, blanc <br \/> Capacit\u00e9 d&rsquo;alimentation : 10000 mA <br \/> Taux de conversion : 85 (%) <br \/> Puissance de charge : PD20W  <\/p>\n<p> <\/p>\n<p> <b>Informations sur les dimensions :<\/b> <br \/> Taille du produit : 88*78*26mm  <\/p>\n<p> <b>Liste d&#8217;emballage :<\/b> <\/p>\n<p>&nbsp;1* banc d&rsquo;alimentation + 1* manuel<\/p>\n<p> <\/p>\n<p> <img decoding=\"async\" src=\"https:\/\/cf.cjdropshipping.com\/85f745dc-854a-4e3d-9e15-d5d6aefdf5bf.jpg\"> <img decoding=\"async\" src=\"https:\/\/cf.cjdropshipping.com\/c273e659-5fd4-4e1e-9b94-2bd125869366.jpg\"> <img decoding=\"async\" src=\"https:\/\/cf.cjdropshipping.com\/338338f7-c10e-48d8-8674-d6cb9ca91167.jpg\"> <img decoding=\"async\" src=\"https:\/\/cf.cjdropshipping.com\/0578d2f1-bafe-4e16-9fad-c92aaed445ac.jpg\"> <img decoding=\"async\" src=\"https:\/\/cf.cjdropshipping.com\/0f8a71b1-5698-4e5e-86d5-2a1fa7e866bc.jpg\"> <img decoding=\"async\" src=\"https:\/\/cf.cjdropshipping.com\/2bee74a9-b0e3-484f-b3b3-5e81b1536e1c.jpg\">  <\/p>\n","protected":false},"excerpt":{"rendered":"<p>&nbsp;Informations sur le produit : Type de batterie : batterie lithium-ion polym\u00e8re Mat\u00e9riau de la coque : plastique Fonction suppl\u00e9mentaire : solaire Couleur : noir, blanc Capacit\u00e9 d&rsquo;alimentation : 10000 mA Taux de conversion : 85 (%) Puissance de charge : PD20W Informations sur les dimensions : Taille du produit : 88*78*26mm Liste d&#8217;emballage : [&hellip;]<\/p>\n","protected":false},"featured_media":20142,"comment_status":"open","ping_status":"closed","template":"","meta":{"content-type":""},"product_brand":[],"product_cat":[739],"product_tag":[],"class_list":{"0":"post-21881","1":"product","2":"type-product","3":"status-publish","4":"has-post-thumbnail","6":"product_cat-banque-denergie-et-station-de-recharge","8":"first","9":"instock","10":"taxable","11":"shipping-taxable","12":"purchasable","13":"product-type-variable","14":"add-to-wishlist-after_add_to_cart"},"yoast_head":"<!-- This site is optimized with the Yoast SEO plugin v27.3 - https:\/\/yoast.com\/product\/yoast-seo-wordpress\/ -->\n<title>Mini banque d&#039;\u00e9nergie portable avec c\u00e2ble solaire - Aigle Shopping Canada<\/title>\n<meta name=\"robots\" content=\"index, follow, max-snippet:-1, max-image-preview:large, max-video-preview:-1\" \/>\n<link rel=\"canonical\" href=\"https:\/\/aigleshopping.ca\/fr\/produit\/mini-banque-denergie-portable-avec-cable-solaire\/\" \/>\n<meta property=\"og:locale\" content=\"fr_FR\" \/>\n<meta property=\"og:type\" content=\"article\" \/>\n<meta property=\"og:title\" content=\"Mini banque d&#039;\u00e9nergie portable avec c\u00e2ble solaire - Aigle Shopping Canada\" \/>\n<meta property=\"og:description\" content=\"&nbsp;Informations sur le produit : Type de batterie : batterie lithium-ion polym\u00e8re Mat\u00e9riau de la coque : plastique Fonction suppl\u00e9mentaire : solaire Couleur : noir, blanc Capacit\u00e9 d&rsquo;alimentation : 10000 mA Taux de conversion : 85 (%) Puissance de charge : PD20W Informations sur les dimensions : Taille du produit : 88*78*26mm Liste d&#8217;emballage : [&hellip;]\" \/>\n<meta property=\"og:url\" content=\"https:\/\/aigleshopping.ca\/fr\/produit\/mini-banque-denergie-portable-avec-cable-solaire\/\" \/>\n<meta property=\"og:site_name\" content=\"Aigle Shopping Canada\" \/>\n<meta property=\"og:image\" content=\"https:\/\/aigleshopping.ca\/wp-content\/uploads\/2025\/03\/a2f4671b-7ab5-45bd-99fd-4888e239224a.jpg\" \/>\n\t<meta property=\"og:image:width\" content=\"800\" \/>\n\t<meta property=\"og:image:height\" content=\"800\" \/>\n\t<meta property=\"og:image:type\" content=\"image\/jpeg\" \/>\n<meta name=\"twitter:card\" content=\"summary_large_image\" \/>\n<script type=\"application\/ld+json\" class=\"yoast-schema-graph\">{\"@context\":\"https:\\\/\\\/schema.org\",\"@graph\":[{\"@type\":\"WebPage\",\"@id\":\"https:\\\/\\\/aigleshopping.ca\\\/fr\\\/produit\\\/mini-banque-denergie-portable-avec-cable-solaire\\\/\",\"url\":\"https:\\\/\\\/aigleshopping.ca\\\/fr\\\/produit\\\/mini-banque-denergie-portable-avec-cable-solaire\\\/\",\"name\":\"Mini banque d'\u00e9nergie portable avec c\u00e2ble solaire - Aigle Shopping Canada\",\"isPartOf\":{\"@id\":\"https:\\\/\\\/aigleshopping.ca\\\/#website\"},\"primaryImageOfPage\":{\"@id\":\"https:\\\/\\\/aigleshopping.ca\\\/fr\\\/produit\\\/mini-banque-denergie-portable-avec-cable-solaire\\\/#primaryimage\"},\"image\":{\"@id\":\"https:\\\/\\\/aigleshopping.ca\\\/fr\\\/produit\\\/mini-banque-denergie-portable-avec-cable-solaire\\\/#primaryimage\"},\"thumbnailUrl\":\"https:\\\/\\\/aigleshopping.ca\\\/wp-content\\\/uploads\\\/2025\\\/03\\\/a2f4671b-7ab5-45bd-99fd-4888e239224a.jpg\",\"datePublished\":\"2025-03-09T21:38:34+00:00\",\"breadcrumb\":{\"@id\":\"https:\\\/\\\/aigleshopping.ca\\\/fr\\\/produit\\\/mini-banque-denergie-portable-avec-cable-solaire\\\/#breadcrumb\"},\"inLanguage\":\"fr-FR\",\"potentialAction\":[{\"@type\":\"ReadAction\",\"target\":[\"https:\\\/\\\/aigleshopping.ca\\\/fr\\\/produit\\\/mini-banque-denergie-portable-avec-cable-solaire\\\/\"]}]},{\"@type\":\"ImageObject\",\"inLanguage\":\"fr-FR\",\"@id\":\"https:\\\/\\\/aigleshopping.ca\\\/fr\\\/produit\\\/mini-banque-denergie-portable-avec-cable-solaire\\\/#primaryimage\",\"url\":\"https:\\\/\\\/aigleshopping.ca\\\/wp-content\\\/uploads\\\/2025\\\/03\\\/a2f4671b-7ab5-45bd-99fd-4888e239224a.jpg\",\"contentUrl\":\"https:\\\/\\\/aigleshopping.ca\\\/wp-content\\\/uploads\\\/2025\\\/03\\\/a2f4671b-7ab5-45bd-99fd-4888e239224a.jpg\",\"width\":800,\"height\":800},{\"@type\":\"BreadcrumbList\",\"@id\":\"https:\\\/\\\/aigleshopping.ca\\\/fr\\\/produit\\\/mini-banque-denergie-portable-avec-cable-solaire\\\/#breadcrumb\",\"itemListElement\":[{\"@type\":\"ListItem\",\"position\":1,\"name\":\"Home\",\"item\":\"https:\\\/\\\/aigleshopping.ca\\\/fr\\\/home\\\/\"},{\"@type\":\"ListItem\",\"position\":2,\"name\":\"Products\",\"item\":\"https:\\\/\\\/aigleshopping.ca\\\/shop\\\/\"},{\"@type\":\"ListItem\",\"position\":3,\"name\":\"Mini banque d&#8217;\u00e9nergie portable avec c\u00e2ble solaire\"}]},{\"@type\":\"WebSite\",\"@id\":\"https:\\\/\\\/aigleshopping.ca\\\/#website\",\"url\":\"https:\\\/\\\/aigleshopping.ca\\\/\",\"name\":\"Aigle Shopping Canada\",\"description\":\"Au-del\u00e0 des fronti\u00e8res, pour vous offrir le\u00a0meilleur!\",\"publisher\":{\"@id\":\"https:\\\/\\\/aigleshopping.ca\\\/#organization\"},\"potentialAction\":[{\"@type\":\"SearchAction\",\"target\":{\"@type\":\"EntryPoint\",\"urlTemplate\":\"https:\\\/\\\/aigleshopping.ca\\\/?s={search_term_string}\"},\"query-input\":{\"@type\":\"PropertyValueSpecification\",\"valueRequired\":true,\"valueName\":\"search_term_string\"}}],\"inLanguage\":\"fr-FR\"},{\"@type\":\"Organization\",\"@id\":\"https:\\\/\\\/aigleshopping.ca\\\/#organization\",\"name\":\"Aigle Shopping Canada\",\"url\":\"https:\\\/\\\/aigleshopping.ca\\\/\",\"logo\":{\"@type\":\"ImageObject\",\"inLanguage\":\"fr-FR\",\"@id\":\"https:\\\/\\\/aigleshopping.ca\\\/#\\\/schema\\\/logo\\\/image\\\/\",\"url\":\"https:\\\/\\\/aigleshopping.ca\\\/wp-content\\\/uploads\\\/2025\\\/12\\\/logo_aigleshopping_ca.png\",\"contentUrl\":\"https:\\\/\\\/aigleshopping.ca\\\/wp-content\\\/uploads\\\/2025\\\/12\\\/logo_aigleshopping_ca.png\",\"width\":800,\"height\":233,\"caption\":\"Aigle Shopping Canada\"},\"image\":{\"@id\":\"https:\\\/\\\/aigleshopping.ca\\\/#\\\/schema\\\/logo\\\/image\\\/\"}}]}<\/script>\n<!-- \/ Yoast SEO plugin. -->","yoast_head_json":{"title":"Mini banque d'\u00e9nergie portable avec c\u00e2ble solaire - Aigle Shopping Canada","robots":{"index":"index","follow":"follow","max-snippet":"max-snippet:-1","max-image-preview":"max-image-preview:large","max-video-preview":"max-video-preview:-1"},"canonical":"https:\/\/aigleshopping.ca\/fr\/produit\/mini-banque-denergie-portable-avec-cable-solaire\/","og_locale":"fr_FR","og_type":"article","og_title":"Mini banque d'\u00e9nergie portable avec c\u00e2ble solaire - Aigle Shopping Canada","og_description":"&nbsp;Informations sur le produit : Type de batterie : batterie lithium-ion polym\u00e8re Mat\u00e9riau de la coque : plastique Fonction suppl\u00e9mentaire : solaire Couleur : noir, blanc Capacit\u00e9 d&rsquo;alimentation : 10000 mA Taux de conversion : 85 (%) Puissance de charge : PD20W Informations sur les dimensions : Taille du produit : 88*78*26mm Liste d&#8217;emballage : [&hellip;]","og_url":"https:\/\/aigleshopping.ca\/fr\/produit\/mini-banque-denergie-portable-avec-cable-solaire\/","og_site_name":"Aigle Shopping Canada","og_image":[{"width":800,"height":800,"url":"https:\/\/aigleshopping.ca\/wp-content\/uploads\/2025\/03\/a2f4671b-7ab5-45bd-99fd-4888e239224a.jpg","type":"image\/jpeg"}],"twitter_card":"summary_large_image","schema":{"@context":"https:\/\/schema.org","@graph":[{"@type":"WebPage","@id":"https:\/\/aigleshopping.ca\/fr\/produit\/mini-banque-denergie-portable-avec-cable-solaire\/","url":"https:\/\/aigleshopping.ca\/fr\/produit\/mini-banque-denergie-portable-avec-cable-solaire\/","name":"Mini banque d'\u00e9nergie portable avec c\u00e2ble solaire - Aigle Shopping Canada","isPartOf":{"@id":"https:\/\/aigleshopping.ca\/#website"},"primaryImageOfPage":{"@id":"https:\/\/aigleshopping.ca\/fr\/produit\/mini-banque-denergie-portable-avec-cable-solaire\/#primaryimage"},"image":{"@id":"https:\/\/aigleshopping.ca\/fr\/produit\/mini-banque-denergie-portable-avec-cable-solaire\/#primaryimage"},"thumbnailUrl":"https:\/\/aigleshopping.ca\/wp-content\/uploads\/2025\/03\/a2f4671b-7ab5-45bd-99fd-4888e239224a.jpg","datePublished":"2025-03-09T21:38:34+00:00","breadcrumb":{"@id":"https:\/\/aigleshopping.ca\/fr\/produit\/mini-banque-denergie-portable-avec-cable-solaire\/#breadcrumb"},"inLanguage":"fr-FR","potentialAction":[{"@type":"ReadAction","target":["https:\/\/aigleshopping.ca\/fr\/produit\/mini-banque-denergie-portable-avec-cable-solaire\/"]}]},{"@type":"ImageObject","inLanguage":"fr-FR","@id":"https:\/\/aigleshopping.ca\/fr\/produit\/mini-banque-denergie-portable-avec-cable-solaire\/#primaryimage","url":"https:\/\/aigleshopping.ca\/wp-content\/uploads\/2025\/03\/a2f4671b-7ab5-45bd-99fd-4888e239224a.jpg","contentUrl":"https:\/\/aigleshopping.ca\/wp-content\/uploads\/2025\/03\/a2f4671b-7ab5-45bd-99fd-4888e239224a.jpg","width":800,"height":800},{"@type":"BreadcrumbList","@id":"https:\/\/aigleshopping.ca\/fr\/produit\/mini-banque-denergie-portable-avec-cable-solaire\/#breadcrumb","itemListElement":[{"@type":"ListItem","position":1,"name":"Home","item":"https:\/\/aigleshopping.ca\/fr\/home\/"},{"@type":"ListItem","position":2,"name":"Products","item":"https:\/\/aigleshopping.ca\/shop\/"},{"@type":"ListItem","position":3,"name":"Mini banque d&#8217;\u00e9nergie portable avec c\u00e2ble solaire"}]},{"@type":"WebSite","@id":"https:\/\/aigleshopping.ca\/#website","url":"https:\/\/aigleshopping.ca\/","name":"Aigle Shopping Canada","description":"Au-del\u00e0 des fronti\u00e8res, pour vous offrir le\u00a0meilleur!","publisher":{"@id":"https:\/\/aigleshopping.ca\/#organization"},"potentialAction":[{"@type":"SearchAction","target":{"@type":"EntryPoint","urlTemplate":"https:\/\/aigleshopping.ca\/?s={search_term_string}"},"query-input":{"@type":"PropertyValueSpecification","valueRequired":true,"valueName":"search_term_string"}}],"inLanguage":"fr-FR"},{"@type":"Organization","@id":"https:\/\/aigleshopping.ca\/#organization","name":"Aigle Shopping Canada","url":"https:\/\/aigleshopping.ca\/","logo":{"@type":"ImageObject","inLanguage":"fr-FR","@id":"https:\/\/aigleshopping.ca\/#\/schema\/logo\/image\/","url":"https:\/\/aigleshopping.ca\/wp-content\/uploads\/2025\/12\/logo_aigleshopping_ca.png","contentUrl":"https:\/\/aigleshopping.ca\/wp-content\/uploads\/2025\/12\/logo_aigleshopping_ca.png","width":800,"height":233,"caption":"Aigle Shopping Canada"},"image":{"@id":"https:\/\/aigleshopping.ca\/#\/schema\/logo\/image\/"}}]}},"jetpack_sharing_enabled":true,"_links":{"self":[{"href":"https:\/\/aigleshopping.ca\/fr\/wp-json\/wp\/v2\/product\/21881","targetHints":{"allow":["GET"]}}],"collection":[{"href":"https:\/\/aigleshopping.ca\/fr\/wp-json\/wp\/v2\/product"}],"about":[{"href":"https:\/\/aigleshopping.ca\/fr\/wp-json\/wp\/v2\/types\/product"}],"replies":[{"embeddable":true,"href":"https:\/\/aigleshopping.ca\/fr\/wp-json\/wp\/v2\/comments?post=21881"}],"wp:featuredmedia":[{"embeddable":true,"href":"https:\/\/aigleshopping.ca\/fr\/wp-json\/wp\/v2\/media\/20142"}],"wp:attachment":[{"href":"https:\/\/aigleshopping.ca\/fr\/wp-json\/wp\/v2\/media?parent=21881"}],"wp:term":[{"taxonomy":"product_brand","embeddable":true,"href":"https:\/\/aigleshopping.ca\/fr\/wp-json\/wp\/v2\/product_brand?post=21881"},{"taxonomy":"product_cat","embeddable":true,"href":"https:\/\/aigleshopping.ca\/fr\/wp-json\/wp\/v2\/product_cat?post=21881"},{"taxonomy":"product_tag","embeddable":true,"href":"https:\/\/aigleshopping.ca\/fr\/wp-json\/wp\/v2\/product_tag?post=21881"}],"curies":[{"name":"wp","href":"https:\/\/api.w.org\/{rel}","templated":true}]}}