{"id":21901,"date":"2025-03-09T21:42:38","date_gmt":"2025-03-09T21:42:38","guid":{"rendered":"https:\/\/aigleshopping.ca\/produit\/petite-banque-dalimentation-usb-banque-dalimentation-portable\/"},"modified":"2025-03-09T21:42:38","modified_gmt":"2025-03-09T21:42:38","slug":"petite-banque-dalimentation-usb-banque-dalimentation-portable","status":"publish","type":"product","link":"https:\/\/aigleshopping.ca\/fr\/produit\/petite-banque-dalimentation-usb-banque-dalimentation-portable\/","title":{"rendered":"Petite banque d&rsquo;alimentation USB Banque d&rsquo;alimentation portable"},"content":{"rendered":"<p>  Mode d&rsquo;alimentation : USB <br \/> Tension nominale : DC-5V <br \/> Puissance nominale : 10W <br \/> Type de chauffe-mains : Chauffe-mains <br \/> Couleur : Chauffe-mains Milu-vert fonc\u00e9, Chauffe-mains Milu-rose long, Chauffe-mains Milu-vert clair <br \/> Poss\u00e8de une marque propre pouvant faire l&rsquo;objet d&rsquo;une licence : Oui <br \/> La source d&rsquo;approvisionnement est-elle destin\u00e9e \u00e0 l&rsquo;exportation transfrontali\u00e8re ? Oui  <\/p>\n<p> <span style=\"font-size: 1em\">Capacit\u00e9 de la batterie : 10000MAH polym\u00e8re, temps de charge 5-7 heures, temps d&rsquo;utilisation 7-9 heures, \u00e9galement chauffe-mains et alimentation mobile.<\/span> <\/p>\n<p>  Type c-USB  <span style=\"font-size: 1em\"> <br \/> <\/span> <\/p>\n<p> <img decoding=\"async\" src=\"https:\/\/cf.cjdropshipping.com\/6ba1474f-0ebf-4458-b784-e11a6e4fd8cf.jpg\"> <img decoding=\"async\" src=\"https:\/\/cf.cjdropshipping.com\/3515961f-a407-4131-b9ca-78901be53943.jpg\"> <img decoding=\"async\" src=\"https:\/\/cf.cjdropshipping.com\/3550715d-d3dd-47f5-87a3-dc8fa77de333.jpg\"> <img decoding=\"async\" src=\"https:\/\/cf.cjdropshipping.com\/5db876f0-59fc-4f07-a7bf-a06f97278c0f.jpg\"> <img decoding=\"async\" src=\"https:\/\/cf.cjdropshipping.com\/b8336723-a0ea-4fd0-a378-4224984d71d1.jpg\"> <\/p>\n","protected":false},"excerpt":{"rendered":"<p>Mode d&rsquo;alimentation : USB Tension nominale : DC-5V Puissance nominale : 10W Type de chauffe-mains : Chauffe-mains Couleur : Chauffe-mains Milu-vert fonc\u00e9, Chauffe-mains Milu-rose long, Chauffe-mains Milu-vert clair Poss\u00e8de une marque propre pouvant faire l&rsquo;objet d&rsquo;une licence : Oui La source d&rsquo;approvisionnement est-elle destin\u00e9e \u00e0 l&rsquo;exportation transfrontali\u00e8re ? Oui Capacit\u00e9 de la batterie : 10000MAH [&hellip;]<\/p>\n","protected":false},"featured_media":20330,"comment_status":"open","ping_status":"closed","template":"","meta":{"content-type":""},"product_brand":[],"product_cat":[739],"product_tag":[],"class_list":{"0":"post-21901","1":"product","2":"type-product","3":"status-publish","4":"has-post-thumbnail","6":"product_cat-banque-denergie-et-station-de-recharge","8":"first","9":"instock","10":"taxable","11":"shipping-taxable","12":"purchasable","13":"product-type-variable","14":"add-to-wishlist-after_add_to_cart"},"yoast_head":"<!-- This site is optimized with the Yoast SEO plugin v27.5 - https:\/\/yoast.com\/product\/yoast-seo-wordpress\/ -->\n<title>Petite banque d&#039;alimentation USB Banque d&#039;alimentation portable - Aigle Shopping Canada<\/title>\n<meta name=\"robots\" content=\"index, follow, max-snippet:-1, max-image-preview:large, max-video-preview:-1\" \/>\n<link rel=\"canonical\" href=\"https:\/\/aigleshopping.ca\/fr\/produit\/petite-banque-dalimentation-usb-banque-dalimentation-portable\/\" \/>\n<meta property=\"og:locale\" content=\"fr_FR\" \/>\n<meta property=\"og:type\" content=\"article\" \/>\n<meta property=\"og:title\" content=\"Petite banque d&#039;alimentation USB Banque d&#039;alimentation portable - Aigle Shopping Canada\" \/>\n<meta property=\"og:description\" content=\"Mode d&rsquo;alimentation : USB Tension nominale : DC-5V Puissance nominale : 10W Type de chauffe-mains : Chauffe-mains Couleur : Chauffe-mains Milu-vert fonc\u00e9, Chauffe-mains Milu-rose long, Chauffe-mains Milu-vert clair Poss\u00e8de une marque propre pouvant faire l&rsquo;objet d&rsquo;une licence : Oui La source d&rsquo;approvisionnement est-elle destin\u00e9e \u00e0 l&rsquo;exportation transfrontali\u00e8re ? Oui Capacit\u00e9 de la batterie : 10000MAH [&hellip;]\" \/>\n<meta property=\"og:url\" content=\"https:\/\/aigleshopping.ca\/fr\/produit\/petite-banque-dalimentation-usb-banque-dalimentation-portable\/\" \/>\n<meta property=\"og:site_name\" content=\"Aigle Shopping Canada\" \/>\n<meta property=\"og:image\" content=\"https:\/\/aigleshopping.ca\/wp-content\/uploads\/2025\/03\/739471176558.jpg\" \/>\n\t<meta property=\"og:image:width\" content=\"1000\" \/>\n\t<meta property=\"og:image:height\" content=\"1000\" \/>\n\t<meta property=\"og:image:type\" content=\"image\/jpeg\" \/>\n<meta name=\"twitter:card\" content=\"summary_large_image\" \/>\n<script type=\"application\/ld+json\" class=\"yoast-schema-graph\">{\"@context\":\"https:\\\/\\\/schema.org\",\"@graph\":[{\"@type\":\"WebPage\",\"@id\":\"https:\\\/\\\/aigleshopping.ca\\\/fr\\\/produit\\\/petite-banque-dalimentation-usb-banque-dalimentation-portable\\\/\",\"url\":\"https:\\\/\\\/aigleshopping.ca\\\/fr\\\/produit\\\/petite-banque-dalimentation-usb-banque-dalimentation-portable\\\/\",\"name\":\"Petite banque d'alimentation USB Banque d'alimentation portable - Aigle Shopping Canada\",\"isPartOf\":{\"@id\":\"https:\\\/\\\/aigleshopping.ca\\\/#website\"},\"primaryImageOfPage\":{\"@id\":\"https:\\\/\\\/aigleshopping.ca\\\/fr\\\/produit\\\/petite-banque-dalimentation-usb-banque-dalimentation-portable\\\/#primaryimage\"},\"image\":{\"@id\":\"https:\\\/\\\/aigleshopping.ca\\\/fr\\\/produit\\\/petite-banque-dalimentation-usb-banque-dalimentation-portable\\\/#primaryimage\"},\"thumbnailUrl\":\"https:\\\/\\\/aigleshopping.ca\\\/wp-content\\\/uploads\\\/2025\\\/03\\\/739471176558.jpg\",\"datePublished\":\"2025-03-09T21:42:38+00:00\",\"breadcrumb\":{\"@id\":\"https:\\\/\\\/aigleshopping.ca\\\/fr\\\/produit\\\/petite-banque-dalimentation-usb-banque-dalimentation-portable\\\/#breadcrumb\"},\"inLanguage\":\"fr-FR\",\"potentialAction\":[{\"@type\":\"ReadAction\",\"target\":[\"https:\\\/\\\/aigleshopping.ca\\\/fr\\\/produit\\\/petite-banque-dalimentation-usb-banque-dalimentation-portable\\\/\"]}]},{\"@type\":\"ImageObject\",\"inLanguage\":\"fr-FR\",\"@id\":\"https:\\\/\\\/aigleshopping.ca\\\/fr\\\/produit\\\/petite-banque-dalimentation-usb-banque-dalimentation-portable\\\/#primaryimage\",\"url\":\"https:\\\/\\\/aigleshopping.ca\\\/wp-content\\\/uploads\\\/2025\\\/03\\\/739471176558.jpg\",\"contentUrl\":\"https:\\\/\\\/aigleshopping.ca\\\/wp-content\\\/uploads\\\/2025\\\/03\\\/739471176558.jpg\",\"width\":1000,\"height\":1000},{\"@type\":\"BreadcrumbList\",\"@id\":\"https:\\\/\\\/aigleshopping.ca\\\/fr\\\/produit\\\/petite-banque-dalimentation-usb-banque-dalimentation-portable\\\/#breadcrumb\",\"itemListElement\":[{\"@type\":\"ListItem\",\"position\":1,\"name\":\"Home\",\"item\":\"https:\\\/\\\/aigleshopping.ca\\\/fr\\\/home\\\/\"},{\"@type\":\"ListItem\",\"position\":2,\"name\":\"Products\",\"item\":\"https:\\\/\\\/aigleshopping.ca\\\/shop\\\/\"},{\"@type\":\"ListItem\",\"position\":3,\"name\":\"Petite banque d&#8217;alimentation USB Banque d&#8217;alimentation portable\"}]},{\"@type\":\"WebSite\",\"@id\":\"https:\\\/\\\/aigleshopping.ca\\\/#website\",\"url\":\"https:\\\/\\\/aigleshopping.ca\\\/\",\"name\":\"Aigle Shopping Canada\",\"description\":\"Au-del\u00e0 des fronti\u00e8res, pour vous offrir le\u00a0meilleur!\",\"publisher\":{\"@id\":\"https:\\\/\\\/aigleshopping.ca\\\/#organization\"},\"potentialAction\":[{\"@type\":\"SearchAction\",\"target\":{\"@type\":\"EntryPoint\",\"urlTemplate\":\"https:\\\/\\\/aigleshopping.ca\\\/?s={search_term_string}\"},\"query-input\":{\"@type\":\"PropertyValueSpecification\",\"valueRequired\":true,\"valueName\":\"search_term_string\"}}],\"inLanguage\":\"fr-FR\"},{\"@type\":\"Organization\",\"@id\":\"https:\\\/\\\/aigleshopping.ca\\\/#organization\",\"name\":\"Aigle Shopping Canada\",\"url\":\"https:\\\/\\\/aigleshopping.ca\\\/\",\"logo\":{\"@type\":\"ImageObject\",\"inLanguage\":\"fr-FR\",\"@id\":\"https:\\\/\\\/aigleshopping.ca\\\/#\\\/schema\\\/logo\\\/image\\\/\",\"url\":\"https:\\\/\\\/aigleshopping.ca\\\/wp-content\\\/uploads\\\/2025\\\/12\\\/logo_aigleshopping_ca.png\",\"contentUrl\":\"https:\\\/\\\/aigleshopping.ca\\\/wp-content\\\/uploads\\\/2025\\\/12\\\/logo_aigleshopping_ca.png\",\"width\":800,\"height\":233,\"caption\":\"Aigle Shopping Canada\"},\"image\":{\"@id\":\"https:\\\/\\\/aigleshopping.ca\\\/#\\\/schema\\\/logo\\\/image\\\/\"}}]}<\/script>\n<!-- \/ Yoast SEO plugin. -->","yoast_head_json":{"title":"Petite banque d'alimentation USB Banque d'alimentation portable - Aigle Shopping Canada","robots":{"index":"index","follow":"follow","max-snippet":"max-snippet:-1","max-image-preview":"max-image-preview:large","max-video-preview":"max-video-preview:-1"},"canonical":"https:\/\/aigleshopping.ca\/fr\/produit\/petite-banque-dalimentation-usb-banque-dalimentation-portable\/","og_locale":"fr_FR","og_type":"article","og_title":"Petite banque d'alimentation USB Banque d'alimentation portable - Aigle Shopping Canada","og_description":"Mode d&rsquo;alimentation : USB Tension nominale : DC-5V Puissance nominale : 10W Type de chauffe-mains : Chauffe-mains Couleur : Chauffe-mains Milu-vert fonc\u00e9, Chauffe-mains Milu-rose long, Chauffe-mains Milu-vert clair Poss\u00e8de une marque propre pouvant faire l&rsquo;objet d&rsquo;une licence : Oui La source d&rsquo;approvisionnement est-elle destin\u00e9e \u00e0 l&rsquo;exportation transfrontali\u00e8re ? Oui Capacit\u00e9 de la batterie : 10000MAH [&hellip;]","og_url":"https:\/\/aigleshopping.ca\/fr\/produit\/petite-banque-dalimentation-usb-banque-dalimentation-portable\/","og_site_name":"Aigle Shopping Canada","og_image":[{"width":1000,"height":1000,"url":"https:\/\/aigleshopping.ca\/wp-content\/uploads\/2025\/03\/739471176558.jpg","type":"image\/jpeg"}],"twitter_card":"summary_large_image","schema":{"@context":"https:\/\/schema.org","@graph":[{"@type":"WebPage","@id":"https:\/\/aigleshopping.ca\/fr\/produit\/petite-banque-dalimentation-usb-banque-dalimentation-portable\/","url":"https:\/\/aigleshopping.ca\/fr\/produit\/petite-banque-dalimentation-usb-banque-dalimentation-portable\/","name":"Petite banque d'alimentation USB Banque d'alimentation portable - Aigle Shopping Canada","isPartOf":{"@id":"https:\/\/aigleshopping.ca\/#website"},"primaryImageOfPage":{"@id":"https:\/\/aigleshopping.ca\/fr\/produit\/petite-banque-dalimentation-usb-banque-dalimentation-portable\/#primaryimage"},"image":{"@id":"https:\/\/aigleshopping.ca\/fr\/produit\/petite-banque-dalimentation-usb-banque-dalimentation-portable\/#primaryimage"},"thumbnailUrl":"https:\/\/aigleshopping.ca\/wp-content\/uploads\/2025\/03\/739471176558.jpg","datePublished":"2025-03-09T21:42:38+00:00","breadcrumb":{"@id":"https:\/\/aigleshopping.ca\/fr\/produit\/petite-banque-dalimentation-usb-banque-dalimentation-portable\/#breadcrumb"},"inLanguage":"fr-FR","potentialAction":[{"@type":"ReadAction","target":["https:\/\/aigleshopping.ca\/fr\/produit\/petite-banque-dalimentation-usb-banque-dalimentation-portable\/"]}]},{"@type":"ImageObject","inLanguage":"fr-FR","@id":"https:\/\/aigleshopping.ca\/fr\/produit\/petite-banque-dalimentation-usb-banque-dalimentation-portable\/#primaryimage","url":"https:\/\/aigleshopping.ca\/wp-content\/uploads\/2025\/03\/739471176558.jpg","contentUrl":"https:\/\/aigleshopping.ca\/wp-content\/uploads\/2025\/03\/739471176558.jpg","width":1000,"height":1000},{"@type":"BreadcrumbList","@id":"https:\/\/aigleshopping.ca\/fr\/produit\/petite-banque-dalimentation-usb-banque-dalimentation-portable\/#breadcrumb","itemListElement":[{"@type":"ListItem","position":1,"name":"Home","item":"https:\/\/aigleshopping.ca\/fr\/home\/"},{"@type":"ListItem","position":2,"name":"Products","item":"https:\/\/aigleshopping.ca\/shop\/"},{"@type":"ListItem","position":3,"name":"Petite banque d&#8217;alimentation USB Banque d&#8217;alimentation portable"}]},{"@type":"WebSite","@id":"https:\/\/aigleshopping.ca\/#website","url":"https:\/\/aigleshopping.ca\/","name":"Aigle Shopping Canada","description":"Au-del\u00e0 des fronti\u00e8res, pour vous offrir le\u00a0meilleur!","publisher":{"@id":"https:\/\/aigleshopping.ca\/#organization"},"potentialAction":[{"@type":"SearchAction","target":{"@type":"EntryPoint","urlTemplate":"https:\/\/aigleshopping.ca\/?s={search_term_string}"},"query-input":{"@type":"PropertyValueSpecification","valueRequired":true,"valueName":"search_term_string"}}],"inLanguage":"fr-FR"},{"@type":"Organization","@id":"https:\/\/aigleshopping.ca\/#organization","name":"Aigle Shopping Canada","url":"https:\/\/aigleshopping.ca\/","logo":{"@type":"ImageObject","inLanguage":"fr-FR","@id":"https:\/\/aigleshopping.ca\/#\/schema\/logo\/image\/","url":"https:\/\/aigleshopping.ca\/wp-content\/uploads\/2025\/12\/logo_aigleshopping_ca.png","contentUrl":"https:\/\/aigleshopping.ca\/wp-content\/uploads\/2025\/12\/logo_aigleshopping_ca.png","width":800,"height":233,"caption":"Aigle Shopping Canada"},"image":{"@id":"https:\/\/aigleshopping.ca\/#\/schema\/logo\/image\/"}}]}},"jetpack_sharing_enabled":true,"_links":{"self":[{"href":"https:\/\/aigleshopping.ca\/fr\/wp-json\/wp\/v2\/product\/21901","targetHints":{"allow":["GET"]}}],"collection":[{"href":"https:\/\/aigleshopping.ca\/fr\/wp-json\/wp\/v2\/product"}],"about":[{"href":"https:\/\/aigleshopping.ca\/fr\/wp-json\/wp\/v2\/types\/product"}],"replies":[{"embeddable":true,"href":"https:\/\/aigleshopping.ca\/fr\/wp-json\/wp\/v2\/comments?post=21901"}],"wp:featuredmedia":[{"embeddable":true,"href":"https:\/\/aigleshopping.ca\/fr\/wp-json\/wp\/v2\/media\/20330"}],"wp:attachment":[{"href":"https:\/\/aigleshopping.ca\/fr\/wp-json\/wp\/v2\/media?parent=21901"}],"wp:term":[{"taxonomy":"product_brand","embeddable":true,"href":"https:\/\/aigleshopping.ca\/fr\/wp-json\/wp\/v2\/product_brand?post=21901"},{"taxonomy":"product_cat","embeddable":true,"href":"https:\/\/aigleshopping.ca\/fr\/wp-json\/wp\/v2\/product_cat?post=21901"},{"taxonomy":"product_tag","embeddable":true,"href":"https:\/\/aigleshopping.ca\/fr\/wp-json\/wp\/v2\/product_tag?post=21901"}],"curies":[{"name":"wp","href":"https:\/\/api.w.org\/{rel}","templated":true}]}}