{"id":30233,"date":"2025-03-09T21:33:56","date_gmt":"2025-03-09T21:33:56","guid":{"rendered":"https:\/\/aigleshopping.ca\/produit\/banque-dalimentation-compacte-macaron\/"},"modified":"2025-03-09T21:33:56","modified_gmt":"2025-03-09T21:33:56","slug":"banque-dalimentation-compacte-macaron","status":"publish","type":"product","link":"https:\/\/aigleshopping.ca\/fr\/produit\/banque-dalimentation-compacte-macaron\/","title":{"rendered":"Banque d&rsquo;alimentation compacte Macaron"},"content":{"rendered":"<p>  Type de batterie : batterie lithium-ion polym\u00e8re <br \/> Type d&rsquo;application : type g\u00e9n\u00e9ral <br \/> Mat\u00e9riau de la coque : plastique <br \/> Fonction suppl\u00e9mentaire : Sortie Multi-U <br \/> Couleur : bleu glacier, rose, gris, vert pomme, violet lavande <br \/> Capacit\u00e9 d&rsquo;alimentation : 5000MAh-10000MAh  <\/p>\n<p> <img decoding=\"async\" src=\"https:\/\/cf.cjdropshipping.com\/1620454890192.jpg\"> <img decoding=\"async\" src=\"https:\/\/cf.cjdropshipping.com\/1620454890196.jpg\"> <img decoding=\"async\" src=\"https:\/\/cf.cjdropshipping.com\/1620454895021.jpg\"> <img decoding=\"async\" src=\"https:\/\/cf.cjdropshipping.com\/1620454895025.jpg\"> <img decoding=\"async\" src=\"https:\/\/cf.cjdropshipping.com\/1620454900521.jpg\"> <img decoding=\"async\" src=\"https:\/\/cf.cjdropshipping.com\/1620454900535.jpg\"> <img decoding=\"async\" src=\"https:\/\/cf.cjdropshipping.com\/1620454900833.jpg\"> <img decoding=\"async\" src=\"https:\/\/cf.cjdropshipping.com\/1620454900812.jpg\"> <img decoding=\"async\" src=\"https:\/\/cf.cjdropshipping.com\/1620454901104.jpg\">  <\/p>\n","protected":false},"excerpt":{"rendered":"<p>Type de batterie : batterie lithium-ion polym\u00e8re Type d&rsquo;application : type g\u00e9n\u00e9ral Mat\u00e9riau de la coque : plastique Fonction suppl\u00e9mentaire : Sortie Multi-U Couleur : bleu glacier, rose, gris, vert pomme, violet lavande Capacit\u00e9 d&rsquo;alimentation : 5000MAh-10000MAh<\/p>\n","protected":false},"featured_media":19974,"comment_status":"open","ping_status":"closed","template":"","meta":{"content-type":""},"product_brand":[],"product_cat":[739],"product_tag":[],"class_list":{"0":"post-30233","1":"product","2":"type-product","3":"status-publish","4":"has-post-thumbnail","6":"product_cat-banque-denergie-et-station-de-recharge","8":"first","9":"instock","10":"taxable","11":"shipping-taxable","12":"purchasable","13":"product-type-variable","14":"add-to-wishlist-after_add_to_cart"},"yoast_head":"<!-- This site is optimized with the Yoast SEO plugin v27.4 - https:\/\/yoast.com\/product\/yoast-seo-wordpress\/ -->\n<title>Banque d&#039;alimentation compacte Macaron - Aigle Shopping Canada<\/title>\n<meta name=\"robots\" content=\"index, follow, max-snippet:-1, max-image-preview:large, max-video-preview:-1\" \/>\n<link rel=\"canonical\" href=\"https:\/\/aigleshopping.ca\/fr\/produit\/banque-dalimentation-compacte-macaron\/\" \/>\n<meta property=\"og:locale\" content=\"fr_FR\" \/>\n<meta property=\"og:type\" content=\"article\" \/>\n<meta property=\"og:title\" content=\"Banque d&#039;alimentation compacte Macaron - Aigle Shopping Canada\" \/>\n<meta property=\"og:description\" content=\"Type de batterie : batterie lithium-ion polym\u00e8re Type d&rsquo;application : type g\u00e9n\u00e9ral Mat\u00e9riau de la coque : plastique Fonction suppl\u00e9mentaire : Sortie Multi-U Couleur : bleu glacier, rose, gris, vert pomme, violet lavande Capacit\u00e9 d&rsquo;alimentation : 5000MAh-10000MAh\" \/>\n<meta property=\"og:url\" content=\"https:\/\/aigleshopping.ca\/fr\/produit\/banque-dalimentation-compacte-macaron\/\" \/>\n<meta property=\"og:site_name\" content=\"Aigle Shopping Canada\" \/>\n<meta property=\"og:image\" content=\"https:\/\/aigleshopping.ca\/wp-content\/uploads\/2025\/03\/1620454908078.jpg\" \/>\n\t<meta property=\"og:image:width\" content=\"800\" \/>\n\t<meta property=\"og:image:height\" content=\"696\" \/>\n\t<meta property=\"og:image:type\" content=\"image\/jpeg\" \/>\n<meta name=\"twitter:card\" content=\"summary_large_image\" \/>\n<script type=\"application\/ld+json\" class=\"yoast-schema-graph\">{\"@context\":\"https:\\\/\\\/schema.org\",\"@graph\":[{\"@type\":\"WebPage\",\"@id\":\"https:\\\/\\\/aigleshopping.ca\\\/fr\\\/produit\\\/banque-dalimentation-compacte-macaron\\\/\",\"url\":\"https:\\\/\\\/aigleshopping.ca\\\/fr\\\/produit\\\/banque-dalimentation-compacte-macaron\\\/\",\"name\":\"Banque d'alimentation compacte Macaron - Aigle Shopping Canada\",\"isPartOf\":{\"@id\":\"https:\\\/\\\/aigleshopping.ca\\\/#website\"},\"primaryImageOfPage\":{\"@id\":\"https:\\\/\\\/aigleshopping.ca\\\/fr\\\/produit\\\/banque-dalimentation-compacte-macaron\\\/#primaryimage\"},\"image\":{\"@id\":\"https:\\\/\\\/aigleshopping.ca\\\/fr\\\/produit\\\/banque-dalimentation-compacte-macaron\\\/#primaryimage\"},\"thumbnailUrl\":\"https:\\\/\\\/aigleshopping.ca\\\/wp-content\\\/uploads\\\/2025\\\/03\\\/1620454908078.jpg\",\"datePublished\":\"2025-03-09T21:33:56+00:00\",\"breadcrumb\":{\"@id\":\"https:\\\/\\\/aigleshopping.ca\\\/fr\\\/produit\\\/banque-dalimentation-compacte-macaron\\\/#breadcrumb\"},\"inLanguage\":\"fr-FR\",\"potentialAction\":[{\"@type\":\"ReadAction\",\"target\":[\"https:\\\/\\\/aigleshopping.ca\\\/fr\\\/produit\\\/banque-dalimentation-compacte-macaron\\\/\"]}]},{\"@type\":\"ImageObject\",\"inLanguage\":\"fr-FR\",\"@id\":\"https:\\\/\\\/aigleshopping.ca\\\/fr\\\/produit\\\/banque-dalimentation-compacte-macaron\\\/#primaryimage\",\"url\":\"https:\\\/\\\/aigleshopping.ca\\\/wp-content\\\/uploads\\\/2025\\\/03\\\/1620454908078.jpg\",\"contentUrl\":\"https:\\\/\\\/aigleshopping.ca\\\/wp-content\\\/uploads\\\/2025\\\/03\\\/1620454908078.jpg\",\"width\":800,\"height\":696},{\"@type\":\"BreadcrumbList\",\"@id\":\"https:\\\/\\\/aigleshopping.ca\\\/fr\\\/produit\\\/banque-dalimentation-compacte-macaron\\\/#breadcrumb\",\"itemListElement\":[{\"@type\":\"ListItem\",\"position\":1,\"name\":\"Home\",\"item\":\"https:\\\/\\\/aigleshopping.ca\\\/fr\\\/home\\\/\"},{\"@type\":\"ListItem\",\"position\":2,\"name\":\"Products\",\"item\":\"https:\\\/\\\/aigleshopping.ca\\\/shop\\\/\"},{\"@type\":\"ListItem\",\"position\":3,\"name\":\"Banque d&#8217;alimentation compacte Macaron\"}]},{\"@type\":\"WebSite\",\"@id\":\"https:\\\/\\\/aigleshopping.ca\\\/#website\",\"url\":\"https:\\\/\\\/aigleshopping.ca\\\/\",\"name\":\"Aigle Shopping Canada\",\"description\":\"Au-del\u00e0 des fronti\u00e8res, pour vous offrir le\u00a0meilleur!\",\"publisher\":{\"@id\":\"https:\\\/\\\/aigleshopping.ca\\\/#organization\"},\"potentialAction\":[{\"@type\":\"SearchAction\",\"target\":{\"@type\":\"EntryPoint\",\"urlTemplate\":\"https:\\\/\\\/aigleshopping.ca\\\/?s={search_term_string}\"},\"query-input\":{\"@type\":\"PropertyValueSpecification\",\"valueRequired\":true,\"valueName\":\"search_term_string\"}}],\"inLanguage\":\"fr-FR\"},{\"@type\":\"Organization\",\"@id\":\"https:\\\/\\\/aigleshopping.ca\\\/#organization\",\"name\":\"Aigle Shopping Canada\",\"url\":\"https:\\\/\\\/aigleshopping.ca\\\/\",\"logo\":{\"@type\":\"ImageObject\",\"inLanguage\":\"fr-FR\",\"@id\":\"https:\\\/\\\/aigleshopping.ca\\\/#\\\/schema\\\/logo\\\/image\\\/\",\"url\":\"https:\\\/\\\/aigleshopping.ca\\\/wp-content\\\/uploads\\\/2025\\\/12\\\/logo_aigleshopping_ca.png\",\"contentUrl\":\"https:\\\/\\\/aigleshopping.ca\\\/wp-content\\\/uploads\\\/2025\\\/12\\\/logo_aigleshopping_ca.png\",\"width\":800,\"height\":233,\"caption\":\"Aigle Shopping Canada\"},\"image\":{\"@id\":\"https:\\\/\\\/aigleshopping.ca\\\/#\\\/schema\\\/logo\\\/image\\\/\"}}]}<\/script>\n<!-- \/ Yoast SEO plugin. -->","yoast_head_json":{"title":"Banque d'alimentation compacte Macaron - Aigle Shopping Canada","robots":{"index":"index","follow":"follow","max-snippet":"max-snippet:-1","max-image-preview":"max-image-preview:large","max-video-preview":"max-video-preview:-1"},"canonical":"https:\/\/aigleshopping.ca\/fr\/produit\/banque-dalimentation-compacte-macaron\/","og_locale":"fr_FR","og_type":"article","og_title":"Banque d'alimentation compacte Macaron - Aigle Shopping Canada","og_description":"Type de batterie : batterie lithium-ion polym\u00e8re Type d&rsquo;application : type g\u00e9n\u00e9ral Mat\u00e9riau de la coque : plastique Fonction suppl\u00e9mentaire : Sortie Multi-U Couleur : bleu glacier, rose, gris, vert pomme, violet lavande Capacit\u00e9 d&rsquo;alimentation : 5000MAh-10000MAh","og_url":"https:\/\/aigleshopping.ca\/fr\/produit\/banque-dalimentation-compacte-macaron\/","og_site_name":"Aigle Shopping Canada","og_image":[{"width":800,"height":696,"url":"https:\/\/aigleshopping.ca\/wp-content\/uploads\/2025\/03\/1620454908078.jpg","type":"image\/jpeg"}],"twitter_card":"summary_large_image","schema":{"@context":"https:\/\/schema.org","@graph":[{"@type":"WebPage","@id":"https:\/\/aigleshopping.ca\/fr\/produit\/banque-dalimentation-compacte-macaron\/","url":"https:\/\/aigleshopping.ca\/fr\/produit\/banque-dalimentation-compacte-macaron\/","name":"Banque d'alimentation compacte Macaron - Aigle Shopping Canada","isPartOf":{"@id":"https:\/\/aigleshopping.ca\/#website"},"primaryImageOfPage":{"@id":"https:\/\/aigleshopping.ca\/fr\/produit\/banque-dalimentation-compacte-macaron\/#primaryimage"},"image":{"@id":"https:\/\/aigleshopping.ca\/fr\/produit\/banque-dalimentation-compacte-macaron\/#primaryimage"},"thumbnailUrl":"https:\/\/aigleshopping.ca\/wp-content\/uploads\/2025\/03\/1620454908078.jpg","datePublished":"2025-03-09T21:33:56+00:00","breadcrumb":{"@id":"https:\/\/aigleshopping.ca\/fr\/produit\/banque-dalimentation-compacte-macaron\/#breadcrumb"},"inLanguage":"fr-FR","potentialAction":[{"@type":"ReadAction","target":["https:\/\/aigleshopping.ca\/fr\/produit\/banque-dalimentation-compacte-macaron\/"]}]},{"@type":"ImageObject","inLanguage":"fr-FR","@id":"https:\/\/aigleshopping.ca\/fr\/produit\/banque-dalimentation-compacte-macaron\/#primaryimage","url":"https:\/\/aigleshopping.ca\/wp-content\/uploads\/2025\/03\/1620454908078.jpg","contentUrl":"https:\/\/aigleshopping.ca\/wp-content\/uploads\/2025\/03\/1620454908078.jpg","width":800,"height":696},{"@type":"BreadcrumbList","@id":"https:\/\/aigleshopping.ca\/fr\/produit\/banque-dalimentation-compacte-macaron\/#breadcrumb","itemListElement":[{"@type":"ListItem","position":1,"name":"Home","item":"https:\/\/aigleshopping.ca\/fr\/home\/"},{"@type":"ListItem","position":2,"name":"Products","item":"https:\/\/aigleshopping.ca\/shop\/"},{"@type":"ListItem","position":3,"name":"Banque d&#8217;alimentation compacte Macaron"}]},{"@type":"WebSite","@id":"https:\/\/aigleshopping.ca\/#website","url":"https:\/\/aigleshopping.ca\/","name":"Aigle Shopping Canada","description":"Au-del\u00e0 des fronti\u00e8res, pour vous offrir le\u00a0meilleur!","publisher":{"@id":"https:\/\/aigleshopping.ca\/#organization"},"potentialAction":[{"@type":"SearchAction","target":{"@type":"EntryPoint","urlTemplate":"https:\/\/aigleshopping.ca\/?s={search_term_string}"},"query-input":{"@type":"PropertyValueSpecification","valueRequired":true,"valueName":"search_term_string"}}],"inLanguage":"fr-FR"},{"@type":"Organization","@id":"https:\/\/aigleshopping.ca\/#organization","name":"Aigle Shopping Canada","url":"https:\/\/aigleshopping.ca\/","logo":{"@type":"ImageObject","inLanguage":"fr-FR","@id":"https:\/\/aigleshopping.ca\/#\/schema\/logo\/image\/","url":"https:\/\/aigleshopping.ca\/wp-content\/uploads\/2025\/12\/logo_aigleshopping_ca.png","contentUrl":"https:\/\/aigleshopping.ca\/wp-content\/uploads\/2025\/12\/logo_aigleshopping_ca.png","width":800,"height":233,"caption":"Aigle Shopping Canada"},"image":{"@id":"https:\/\/aigleshopping.ca\/#\/schema\/logo\/image\/"}}]}},"jetpack_sharing_enabled":true,"_links":{"self":[{"href":"https:\/\/aigleshopping.ca\/fr\/wp-json\/wp\/v2\/product\/30233","targetHints":{"allow":["GET"]}}],"collection":[{"href":"https:\/\/aigleshopping.ca\/fr\/wp-json\/wp\/v2\/product"}],"about":[{"href":"https:\/\/aigleshopping.ca\/fr\/wp-json\/wp\/v2\/types\/product"}],"replies":[{"embeddable":true,"href":"https:\/\/aigleshopping.ca\/fr\/wp-json\/wp\/v2\/comments?post=30233"}],"wp:featuredmedia":[{"embeddable":true,"href":"https:\/\/aigleshopping.ca\/fr\/wp-json\/wp\/v2\/media\/19974"}],"wp:attachment":[{"href":"https:\/\/aigleshopping.ca\/fr\/wp-json\/wp\/v2\/media?parent=30233"}],"wp:term":[{"taxonomy":"product_brand","embeddable":true,"href":"https:\/\/aigleshopping.ca\/fr\/wp-json\/wp\/v2\/product_brand?post=30233"},{"taxonomy":"product_cat","embeddable":true,"href":"https:\/\/aigleshopping.ca\/fr\/wp-json\/wp\/v2\/product_cat?post=30233"},{"taxonomy":"product_tag","embeddable":true,"href":"https:\/\/aigleshopping.ca\/fr\/wp-json\/wp\/v2\/product_tag?post=30233"}],"curies":[{"name":"wp","href":"https:\/\/api.w.org\/{rel}","templated":true}]}}