{"id":30271,"date":"2025-04-06T21:24:11","date_gmt":"2025-04-06T21:24:11","guid":{"rendered":"https:\/\/aigleshopping.ca\/produit\/masseur-pour-le-soin-de-la-nuque\/"},"modified":"2025-04-06T21:24:11","modified_gmt":"2025-04-06T21:24:11","slug":"masseur-pour-le-soin-de-la-nuque","status":"publish","type":"product","link":"https:\/\/aigleshopping.ca\/fr\/produit\/masseur-pour-le-soin-de-la-nuque\/","title":{"rendered":"Masseur pour le soin de la nuque"},"content":{"rendered":"<div id=\"offer-template-0\"><\/div>\n<p> <span style=\"font-weight: bold\">Vue d&rsquo;ensemble :<\/span> <\/p>\n<p>Convient aux voyageurs, aux employ\u00e9s de bureau, aux personnes qui utilisent beaucoup l&rsquo;ordinateur, et m\u00eame aux personnes qui utilisent trop souvent leur smartphone. Design ergonomique, il s&rsquo;adapte \u00e0 la courbe de notre cou. &nbsp;<\/p>\n<p>Commande vocale, lecteur Blue tooth, th\u00e9rapie magn\u00e9tique infrarouge, th\u00e9rapie physique de terrain.<\/p>\n<p> <\/p>\n<p> <span style=\"font-weight: bold\">Sp\u00e9cification :<\/span> <\/p>\n<p>Taille : 146mm*142mm*43mm<\/p>\n<p>Mode de massage : 6 modes<\/p>\n<p>Autonomie en veille : 7 jours<\/p>\n<p>Dur\u00e9e du massage : 20 minutes<\/p>\n<p>Interface de l&rsquo;article : Type-C<\/p>\n<p>Couleur : Gris, Rose<\/p>\n<p>Batterie : 1200mAh<\/p>\n<p> <img decoding=\"async\" alt=\"B\u6b3e\u62a4\u9888\u4eea\u82f1\u6587\u8be6\u60c511_01.png\" height=\"1122.7575757575758\" src=\"https:\/\/cf.cjdropshipping.com\/16778016\/1631542500927868928.jpg\" width=\"790\"> <\/p>\n<p> <img decoding=\"async\" alt=\"B\u6b3e\u62a4\u9888\u4eea\u82f1\u6587\u8be6\u60c511_02.png\" height=\"535.4444444444445\" src=\"https:\/\/cf.cjdropshipping.com\/16778016\/1631542501393436672.jpg\" width=\"790\"> <\/p>\n<p> <img decoding=\"async\" alt=\"B\u6b3e\u62a4\u9888\u4eea\u82f1\u6587\u8be6\u60c511_03.png\" height=\"1122.7575757575758\" src=\"https:\/\/cf.cjdropshipping.com\/16778016\/1631542501879975936.jpg\" width=\"790\"> <\/p>\n<p> <img decoding=\"async\" alt=\"B\u6b3e\u62a4\u9888\u4eea\u82f1\u6587\u8be6\u60c511_04.png\" height=\"1177.8181818181818\" src=\"https:\/\/cf.cjdropshipping.com\/16778016\/1631542502370709504.jpg\" width=\"790\"> <\/p>\n<p> <img decoding=\"async\" alt=\"B\u6b3e\u62a4\u9888\u4eea\u82f1\u6587\u8be6\u60c511_05.png\" height=\"876.979797979798\" src=\"https:\/\/cf.cjdropshipping.com\/16778016\/1631542502802722816.jpg\" width=\"790\"> <\/p>\n<p> <img decoding=\"async\" alt=\"B\u6b3e\u62a4\u9888\u4eea\u82f1\u6587\u8be6\u60c511_06.png\" height=\"1392.4747474747476\" src=\"https:\/\/cf.cjdropshipping.com\/16778016\/1631542503264096256.jpg\" width=\"790\"> <\/p>\n<p> <img decoding=\"async\" alt=\"B\u6b3e\u62a4\u9888\u4eea\u82f1\u6587\u8be6\u60c511_07.png\" height=\"1023.010101010101\" src=\"https:\/\/cf.cjdropshipping.com\/16778016\/1631542503738052608.jpg\" width=\"790\"> <\/p>\n<p> <img decoding=\"async\" alt=\"B\u6b3e\u62a4\u9888\u4eea\u82f1\u6587\u8be6\u60c511_08.png\" height=\"880.969696969697\" src=\"https:\/\/cf.cjdropshipping.com\/16778016\/1631542504228786176.jpg\" width=\"790\"> <\/p>\n<p> <img decoding=\"async\" alt=\"B\u6b3e\u62a4\u9888\u4eea\u82f1\u6587\u8be6\u60c511_09.png\" height=\"1284.7474747474748\" src=\"https:\/\/cf.cjdropshipping.com\/16778016\/1631542504669188096.jpg\" width=\"790\"> <\/p>\n<p> <img decoding=\"async\" alt=\"B\u6b3e\u62a4\u9888\u4eea\u82f1\u6587\u8be6\u60c511_10.png\" height=\"1428.3838383838383\" src=\"https:\/\/cf.cjdropshipping.com\/16778016\/1631542505201864704.jpg\" width=\"790\"> <\/p>\n<p> <img decoding=\"async\" alt=\"B\u6b3e\u62a4\u9888\u4eea\u82f1\u6587\u8be6\u60c511_11.png\" height=\"1181.8080808080808\" src=\"https:\/\/cf.cjdropshipping.com\/16778016\/1631542505738735616.jpg\" width=\"790\"> <\/p>\n<p> <img decoding=\"async\" alt=\"B\u6b3e\u62a4\u9888\u4eea\u82f1\u6587\u8be6\u60c511_12.png\" height=\"1440.3535353535353\" src=\"https:\/\/cf.cjdropshipping.com\/16778016\/1631542506191720448.jpg\" width=\"790\"> <\/p>\n<p> <img decoding=\"async\" alt=\"B\u6b3e\u62a4\u9888\u4eea\u82f1\u6587\u8be6\u60c511_13.png\" height=\"1169.8383838383838\" src=\"https:\/\/cf.cjdropshipping.com\/16778016\/1631542506716008448.jpg\" width=\"790\"> <\/p>\n<p> <img decoding=\"async\" alt=\"B\u6b3e\u62a4\u9888\u4eea\u82f1\u6587\u8be6\u60c511_14.png\" height=\"1031.7878787878788\" src=\"https:\/\/cf.cjdropshipping.com\/16778016\/1631542507185770496.jpg\" width=\"790\"> <\/p>\n<p> <img decoding=\"async\" alt=\"B\u6b3e\u62a4\u9888\u4eea\u82f1\u6587\u8be6\u60c511_15.png\" height=\"1197.767676767677\" src=\"https:\/\/cf.cjdropshipping.com\/16778016\/1631542507668115456.jpg\" width=\"790\"> <\/p>\n<p> <img decoding=\"async\" alt=\"B\u6b3e\u62a4\u9888\u4eea\u82f1\u6587\u8be6\u60c511_16.png\" height=\"1023.010101010101\" src=\"https:\/\/cf.cjdropshipping.com\/16778016\/1631542508137877504.jpg\" width=\"790\"> <\/p>\n<p> <img decoding=\"async\" alt=\"B\u6b3e\u62a4\u9888\u4eea\u82f1\u6587\u8be6\u60c511_17.png\" height=\"1285.5454545454545\" src=\"https:\/\/cf.cjdropshipping.com\/16778016\/1631542508590862336.jpg\" width=\"790\"> <\/p>\n<p> <img decoding=\"async\" alt=\"B\u6b3e\u62a4\u9888\u4eea\u82f1\u6587\u8be6\u60c511_18.jpg\" height=\"975.929292929293\" src=\"https:\/\/cf.cjdropshipping.com\/16778016\/1631542509081595904.jpg\" width=\"790\">  <\/p>\n","protected":false},"excerpt":{"rendered":"<p>Vue d&rsquo;ensemble : Convient aux voyageurs, aux employ\u00e9s de bureau, aux personnes qui utilisent beaucoup l&rsquo;ordinateur, et m\u00eame aux personnes qui utilisent trop souvent leur smartphone. Design ergonomique, il s&rsquo;adapte \u00e0 la courbe de notre cou. &nbsp; Commande vocale, lecteur Blue tooth, th\u00e9rapie magn\u00e9tique infrarouge, th\u00e9rapie physique de terrain. Sp\u00e9cification : Taille : 146mm*142mm*43mm Mode [&hellip;]<\/p>\n","protected":false},"featured_media":29447,"comment_status":"open","ping_status":"closed","template":"","meta":{"content-type":""},"product_brand":[],"product_cat":[797],"product_tag":[],"class_list":{"0":"post-30271","1":"product","2":"type-product","3":"status-publish","4":"has-post-thumbnail","6":"product_cat-dispositifs-de-beaute","8":"first","9":"instock","10":"taxable","11":"shipping-taxable","12":"purchasable","13":"product-type-variable","14":"add-to-wishlist-after_add_to_cart"},"yoast_head":"<!-- This site is optimized with the Yoast SEO plugin v27.4 - https:\/\/yoast.com\/product\/yoast-seo-wordpress\/ -->\n<title>Masseur pour le soin de la nuque - Aigle Shopping Canada<\/title>\n<meta name=\"robots\" content=\"index, follow, max-snippet:-1, max-image-preview:large, max-video-preview:-1\" \/>\n<link rel=\"canonical\" href=\"https:\/\/aigleshopping.ca\/fr\/produit\/masseur-pour-le-soin-de-la-nuque\/\" \/>\n<meta property=\"og:locale\" content=\"fr_FR\" \/>\n<meta property=\"og:type\" content=\"article\" \/>\n<meta property=\"og:title\" content=\"Masseur pour le soin de la nuque - Aigle Shopping Canada\" \/>\n<meta property=\"og:description\" content=\"Vue d&rsquo;ensemble : Convient aux voyageurs, aux employ\u00e9s de bureau, aux personnes qui utilisent beaucoup l&rsquo;ordinateur, et m\u00eame aux personnes qui utilisent trop souvent leur smartphone. Design ergonomique, il s&rsquo;adapte \u00e0 la courbe de notre cou. &nbsp; Commande vocale, lecteur Blue tooth, th\u00e9rapie magn\u00e9tique infrarouge, th\u00e9rapie physique de terrain. Sp\u00e9cification : Taille : 146mm*142mm*43mm Mode [&hellip;]\" \/>\n<meta property=\"og:url\" content=\"https:\/\/aigleshopping.ca\/fr\/produit\/masseur-pour-le-soin-de-la-nuque\/\" \/>\n<meta property=\"og:site_name\" content=\"Aigle Shopping Canada\" \/>\n<meta property=\"og:image\" content=\"https:\/\/aigleshopping.ca\/wp-content\/uploads\/2025\/04\/971206103385.jpg\" \/>\n\t<meta property=\"og:image:width\" content=\"800\" \/>\n\t<meta property=\"og:image:height\" content=\"800\" \/>\n\t<meta property=\"og:image:type\" content=\"image\/jpeg\" \/>\n<meta name=\"twitter:card\" content=\"summary_large_image\" \/>\n<script type=\"application\/ld+json\" class=\"yoast-schema-graph\">{\"@context\":\"https:\\\/\\\/schema.org\",\"@graph\":[{\"@type\":\"WebPage\",\"@id\":\"https:\\\/\\\/aigleshopping.ca\\\/fr\\\/produit\\\/masseur-pour-le-soin-de-la-nuque\\\/\",\"url\":\"https:\\\/\\\/aigleshopping.ca\\\/fr\\\/produit\\\/masseur-pour-le-soin-de-la-nuque\\\/\",\"name\":\"Masseur pour le soin de la nuque - Aigle Shopping Canada\",\"isPartOf\":{\"@id\":\"https:\\\/\\\/aigleshopping.ca\\\/#website\"},\"primaryImageOfPage\":{\"@id\":\"https:\\\/\\\/aigleshopping.ca\\\/fr\\\/produit\\\/masseur-pour-le-soin-de-la-nuque\\\/#primaryimage\"},\"image\":{\"@id\":\"https:\\\/\\\/aigleshopping.ca\\\/fr\\\/produit\\\/masseur-pour-le-soin-de-la-nuque\\\/#primaryimage\"},\"thumbnailUrl\":\"https:\\\/\\\/aigleshopping.ca\\\/wp-content\\\/uploads\\\/2025\\\/04\\\/971206103385.jpg\",\"datePublished\":\"2025-04-06T21:24:11+00:00\",\"breadcrumb\":{\"@id\":\"https:\\\/\\\/aigleshopping.ca\\\/fr\\\/produit\\\/masseur-pour-le-soin-de-la-nuque\\\/#breadcrumb\"},\"inLanguage\":\"fr-FR\",\"potentialAction\":[{\"@type\":\"ReadAction\",\"target\":[\"https:\\\/\\\/aigleshopping.ca\\\/fr\\\/produit\\\/masseur-pour-le-soin-de-la-nuque\\\/\"]}]},{\"@type\":\"ImageObject\",\"inLanguage\":\"fr-FR\",\"@id\":\"https:\\\/\\\/aigleshopping.ca\\\/fr\\\/produit\\\/masseur-pour-le-soin-de-la-nuque\\\/#primaryimage\",\"url\":\"https:\\\/\\\/aigleshopping.ca\\\/wp-content\\\/uploads\\\/2025\\\/04\\\/971206103385.jpg\",\"contentUrl\":\"https:\\\/\\\/aigleshopping.ca\\\/wp-content\\\/uploads\\\/2025\\\/04\\\/971206103385.jpg\",\"width\":800,\"height\":800},{\"@type\":\"BreadcrumbList\",\"@id\":\"https:\\\/\\\/aigleshopping.ca\\\/fr\\\/produit\\\/masseur-pour-le-soin-de-la-nuque\\\/#breadcrumb\",\"itemListElement\":[{\"@type\":\"ListItem\",\"position\":1,\"name\":\"Home\",\"item\":\"https:\\\/\\\/aigleshopping.ca\\\/fr\\\/home\\\/\"},{\"@type\":\"ListItem\",\"position\":2,\"name\":\"Products\",\"item\":\"https:\\\/\\\/aigleshopping.ca\\\/shop\\\/\"},{\"@type\":\"ListItem\",\"position\":3,\"name\":\"Masseur pour le soin de la nuque\"}]},{\"@type\":\"WebSite\",\"@id\":\"https:\\\/\\\/aigleshopping.ca\\\/#website\",\"url\":\"https:\\\/\\\/aigleshopping.ca\\\/\",\"name\":\"Aigle Shopping Canada\",\"description\":\"Au-del\u00e0 des fronti\u00e8res, pour vous offrir le\u00a0meilleur!\",\"publisher\":{\"@id\":\"https:\\\/\\\/aigleshopping.ca\\\/#organization\"},\"potentialAction\":[{\"@type\":\"SearchAction\",\"target\":{\"@type\":\"EntryPoint\",\"urlTemplate\":\"https:\\\/\\\/aigleshopping.ca\\\/?s={search_term_string}\"},\"query-input\":{\"@type\":\"PropertyValueSpecification\",\"valueRequired\":true,\"valueName\":\"search_term_string\"}}],\"inLanguage\":\"fr-FR\"},{\"@type\":\"Organization\",\"@id\":\"https:\\\/\\\/aigleshopping.ca\\\/#organization\",\"name\":\"Aigle Shopping Canada\",\"url\":\"https:\\\/\\\/aigleshopping.ca\\\/\",\"logo\":{\"@type\":\"ImageObject\",\"inLanguage\":\"fr-FR\",\"@id\":\"https:\\\/\\\/aigleshopping.ca\\\/#\\\/schema\\\/logo\\\/image\\\/\",\"url\":\"https:\\\/\\\/aigleshopping.ca\\\/wp-content\\\/uploads\\\/2025\\\/12\\\/logo_aigleshopping_ca.png\",\"contentUrl\":\"https:\\\/\\\/aigleshopping.ca\\\/wp-content\\\/uploads\\\/2025\\\/12\\\/logo_aigleshopping_ca.png\",\"width\":800,\"height\":233,\"caption\":\"Aigle Shopping Canada\"},\"image\":{\"@id\":\"https:\\\/\\\/aigleshopping.ca\\\/#\\\/schema\\\/logo\\\/image\\\/\"}}]}<\/script>\n<!-- \/ Yoast SEO plugin. -->","yoast_head_json":{"title":"Masseur pour le soin de la nuque - Aigle Shopping Canada","robots":{"index":"index","follow":"follow","max-snippet":"max-snippet:-1","max-image-preview":"max-image-preview:large","max-video-preview":"max-video-preview:-1"},"canonical":"https:\/\/aigleshopping.ca\/fr\/produit\/masseur-pour-le-soin-de-la-nuque\/","og_locale":"fr_FR","og_type":"article","og_title":"Masseur pour le soin de la nuque - Aigle Shopping Canada","og_description":"Vue d&rsquo;ensemble : Convient aux voyageurs, aux employ\u00e9s de bureau, aux personnes qui utilisent beaucoup l&rsquo;ordinateur, et m\u00eame aux personnes qui utilisent trop souvent leur smartphone. Design ergonomique, il s&rsquo;adapte \u00e0 la courbe de notre cou. &nbsp; Commande vocale, lecteur Blue tooth, th\u00e9rapie magn\u00e9tique infrarouge, th\u00e9rapie physique de terrain. Sp\u00e9cification : Taille : 146mm*142mm*43mm Mode [&hellip;]","og_url":"https:\/\/aigleshopping.ca\/fr\/produit\/masseur-pour-le-soin-de-la-nuque\/","og_site_name":"Aigle Shopping Canada","og_image":[{"width":800,"height":800,"url":"https:\/\/aigleshopping.ca\/wp-content\/uploads\/2025\/04\/971206103385.jpg","type":"image\/jpeg"}],"twitter_card":"summary_large_image","schema":{"@context":"https:\/\/schema.org","@graph":[{"@type":"WebPage","@id":"https:\/\/aigleshopping.ca\/fr\/produit\/masseur-pour-le-soin-de-la-nuque\/","url":"https:\/\/aigleshopping.ca\/fr\/produit\/masseur-pour-le-soin-de-la-nuque\/","name":"Masseur pour le soin de la nuque - Aigle Shopping Canada","isPartOf":{"@id":"https:\/\/aigleshopping.ca\/#website"},"primaryImageOfPage":{"@id":"https:\/\/aigleshopping.ca\/fr\/produit\/masseur-pour-le-soin-de-la-nuque\/#primaryimage"},"image":{"@id":"https:\/\/aigleshopping.ca\/fr\/produit\/masseur-pour-le-soin-de-la-nuque\/#primaryimage"},"thumbnailUrl":"https:\/\/aigleshopping.ca\/wp-content\/uploads\/2025\/04\/971206103385.jpg","datePublished":"2025-04-06T21:24:11+00:00","breadcrumb":{"@id":"https:\/\/aigleshopping.ca\/fr\/produit\/masseur-pour-le-soin-de-la-nuque\/#breadcrumb"},"inLanguage":"fr-FR","potentialAction":[{"@type":"ReadAction","target":["https:\/\/aigleshopping.ca\/fr\/produit\/masseur-pour-le-soin-de-la-nuque\/"]}]},{"@type":"ImageObject","inLanguage":"fr-FR","@id":"https:\/\/aigleshopping.ca\/fr\/produit\/masseur-pour-le-soin-de-la-nuque\/#primaryimage","url":"https:\/\/aigleshopping.ca\/wp-content\/uploads\/2025\/04\/971206103385.jpg","contentUrl":"https:\/\/aigleshopping.ca\/wp-content\/uploads\/2025\/04\/971206103385.jpg","width":800,"height":800},{"@type":"BreadcrumbList","@id":"https:\/\/aigleshopping.ca\/fr\/produit\/masseur-pour-le-soin-de-la-nuque\/#breadcrumb","itemListElement":[{"@type":"ListItem","position":1,"name":"Home","item":"https:\/\/aigleshopping.ca\/fr\/home\/"},{"@type":"ListItem","position":2,"name":"Products","item":"https:\/\/aigleshopping.ca\/shop\/"},{"@type":"ListItem","position":3,"name":"Masseur pour le soin de la nuque"}]},{"@type":"WebSite","@id":"https:\/\/aigleshopping.ca\/#website","url":"https:\/\/aigleshopping.ca\/","name":"Aigle Shopping Canada","description":"Au-del\u00e0 des fronti\u00e8res, pour vous offrir le\u00a0meilleur!","publisher":{"@id":"https:\/\/aigleshopping.ca\/#organization"},"potentialAction":[{"@type":"SearchAction","target":{"@type":"EntryPoint","urlTemplate":"https:\/\/aigleshopping.ca\/?s={search_term_string}"},"query-input":{"@type":"PropertyValueSpecification","valueRequired":true,"valueName":"search_term_string"}}],"inLanguage":"fr-FR"},{"@type":"Organization","@id":"https:\/\/aigleshopping.ca\/#organization","name":"Aigle Shopping Canada","url":"https:\/\/aigleshopping.ca\/","logo":{"@type":"ImageObject","inLanguage":"fr-FR","@id":"https:\/\/aigleshopping.ca\/#\/schema\/logo\/image\/","url":"https:\/\/aigleshopping.ca\/wp-content\/uploads\/2025\/12\/logo_aigleshopping_ca.png","contentUrl":"https:\/\/aigleshopping.ca\/wp-content\/uploads\/2025\/12\/logo_aigleshopping_ca.png","width":800,"height":233,"caption":"Aigle Shopping Canada"},"image":{"@id":"https:\/\/aigleshopping.ca\/#\/schema\/logo\/image\/"}}]}},"jetpack_sharing_enabled":true,"_links":{"self":[{"href":"https:\/\/aigleshopping.ca\/fr\/wp-json\/wp\/v2\/product\/30271","targetHints":{"allow":["GET"]}}],"collection":[{"href":"https:\/\/aigleshopping.ca\/fr\/wp-json\/wp\/v2\/product"}],"about":[{"href":"https:\/\/aigleshopping.ca\/fr\/wp-json\/wp\/v2\/types\/product"}],"replies":[{"embeddable":true,"href":"https:\/\/aigleshopping.ca\/fr\/wp-json\/wp\/v2\/comments?post=30271"}],"wp:featuredmedia":[{"embeddable":true,"href":"https:\/\/aigleshopping.ca\/fr\/wp-json\/wp\/v2\/media\/29447"}],"wp:attachment":[{"href":"https:\/\/aigleshopping.ca\/fr\/wp-json\/wp\/v2\/media?parent=30271"}],"wp:term":[{"taxonomy":"product_brand","embeddable":true,"href":"https:\/\/aigleshopping.ca\/fr\/wp-json\/wp\/v2\/product_brand?post=30271"},{"taxonomy":"product_cat","embeddable":true,"href":"https:\/\/aigleshopping.ca\/fr\/wp-json\/wp\/v2\/product_cat?post=30271"},{"taxonomy":"product_tag","embeddable":true,"href":"https:\/\/aigleshopping.ca\/fr\/wp-json\/wp\/v2\/product_tag?post=30271"}],"curies":[{"name":"wp","href":"https:\/\/api.w.org\/{rel}","templated":true}]}}