{"id":30274,"date":"2025-04-06T21:24:53","date_gmt":"2025-04-06T21:24:53","guid":{"rendered":"https:\/\/aigleshopping.ca\/produit\/4-en-1-body-guasha-cupping-machine-a-eliminer-les-points-noirs-machine-a-nettoyer-les-pores-du-visage-en-profondeur-soins-de-beaute-de-la-peau\/"},"modified":"2025-07-22T13:00:52","modified_gmt":"2025-07-22T13:00:52","slug":"4-en-1-body-guasha-cupping-machine-a-eliminer-les-points-noirs-machine-a-nettoyer-les-pores-du-visage-en-profondeur-soins-de-beaute-de-la-peau","status":"publish","type":"product","link":"https:\/\/aigleshopping.ca\/fr\/produit\/4-en-1-body-guasha-cupping-machine-a-eliminer-les-points-noirs-machine-a-nettoyer-les-pores-du-visage-en-profondeur-soins-de-beaute-de-la-peau\/","title":{"rendered":"4 en 1 Body Guasha Cupping Machine \u00e0 \u00e9liminer les points noirs Machine \u00e0 nettoyer les pores du visage en profondeur Soins de beaut\u00e9 de la peau"},"content":{"rendered":"<p>  <b> Vue d&rsquo;ensemble : <\/b> <b> <br \/>  1) [S\u00fbr et efficace] Adoptez la technologie innovante d&rsquo;absorption sous vide pour une aspiration super puissante afin d&rsquo;\u00e9liminer sans effort l&rsquo;humidit\u00e9 du corps, ainsi que pour aspirer les points noirs, les points blancs, les peaux mortes, les r\u00e9sidus de maquillage, l&rsquo;acn\u00e9 et les boutons sans blesser votre peau, sans irritation et sans douleur afin d&rsquo;\u00e9viter les effets secondaires. <\/b>  <br \/>  2) [Application polyvalente] 4 niveaux d&rsquo;aspiration r\u00e9glables, 3 t\u00eates d&rsquo;aspiration interchangeables et 1 t\u00eate d&rsquo;aspiration de remplacement pour un ajustement libre, s&rsquo;adaptant largement \u00e0 diff\u00e9rents types de peau et travaillant sur diff\u00e9rentes zones de la peau, r\u00e9pondant enti\u00e8rement \u00e0 vos demandes de nettoyage personnalis\u00e9 des pores.  <br \/>  3) [Utilisation facile] Un seul bouton de commande vous permet d&rsquo;allumer et d&rsquo;\u00e9teindre l&rsquo;appareil et de passer d&rsquo;un niveau d&rsquo;aspiration \u00e0 l&rsquo;autre, ce qui vous permet de profiter imm\u00e9diatement de l&rsquo;appareil.  <br \/>  4) [Indication claire] Les indicateurs lumineux LED permettent d&rsquo;afficher directement les niveaux d&rsquo;aspiration pour une surveillance et un contr\u00f4le en temps r\u00e9el de l&rsquo;\u00e9tat de fonctionnement.  <br \/>  5) [Hygi\u00e8ne et propret\u00e9] Les t\u00eates amovibles peuvent \u00eatre retir\u00e9es pour un nettoyage sans effort et l&rsquo;\u00e9ponge filtrante peut emp\u00eacher efficacement la salet\u00e9 et la k\u00e9ratine vieillissante de p\u00e9n\u00e9trer \u00e0 l&rsquo;int\u00e9rieur de l&rsquo;appareil.  <br \/>  6) [Performances stables] La batterie rechargeable int\u00e9gr\u00e9e de grande capacit\u00e9 300mAh peut \u00eatre aliment\u00e9e par chargement USB, vous pouvez pratiquement acc\u00e9der \u00e0 l&rsquo;alimentation via PC, tablette, adaptateur, banque d&rsquo;alimentation et autres appareils compatibles USB.  <br \/>  7) [Qualit\u00e9 fiable] Le design ergonomique du corps permet une prise en main confortable et s\u00fbre, le mat\u00e9riau ABS durable et respectueux de l&rsquo;environnement permet une utilisation \u00e0 long terme.  <br \/>  8) [Taille compacte] Conception l\u00e9g\u00e8re et portable, adapt\u00e9e \u00e0 la maison et aux voyages avec une brise de transport.  <\/p>\n<p> <\/p>\n<p>  <b> Sp\u00e9cifications : <\/b> <b> <br \/>  Mat\u00e9riau : ABS \u00e9cologique <\/b> <br \/> Couleur de la coque : blanc\/noir (en option) <br \/> Tension nominale : 3,7V <br \/> Puissance nominale : 4W <br \/> Capacit\u00e9 de la batterie : 300mAh <br \/> Alimentation : Chargement USB <br \/> Niveau d&rsquo;aspiration : 4 niveaux r\u00e9glables  <\/p>\n<p>  Il existe une certification CE \u3002   <\/p>\n<p> <\/p>\n<p>  <b> Contenu de l&#8217;emballage : <\/b> <b> <br \/>  1* Aspirateur \u00e9lectrique pour \u00e9liminer les points noirs (unit\u00e9 principale) <\/b> <br \/> 3* T\u00eates d&rsquo;aspiration rempla\u00e7ables <br \/> 1* T\u00eate d&rsquo;aspiration rempla\u00e7able <br \/> 1* C\u00e2ble USB <br \/> 1* Manuel d&rsquo;utilisation <br \/> 1 Sachet d&rsquo;\u00e9ponges   <\/p>\n<p> <\/p>\n<p> <\/p>\n<p> <img decoding=\"async\" src=\"https:\/\/cf.cjdropshipping.com\/1618468374908.jpg\"> <img decoding=\"async\" src=\"https:\/\/cf.cjdropshipping.com\/1618468374916.jpg\"> <img decoding=\"async\" src=\"https:\/\/cf.cjdropshipping.com\/1618468374922.jpg\"> <img decoding=\"async\" src=\"https:\/\/cf.cjdropshipping.com\/1618468374923.jpg\"> <img decoding=\"async\" src=\"https:\/\/cf.cjdropshipping.com\/1618468374910.jpg\"> <img decoding=\"async\" src=\"https:\/\/cf.cjdropshipping.com\/1618468374911.jpg\"> <img decoding=\"async\" src=\"https:\/\/cf.cjdropshipping.com\/1618468382303.jpg\">  <\/p>\n","protected":false},"excerpt":{"rendered":"<p>Vue d&rsquo;ensemble : 1) [S\u00fbr et efficace] Adoptez la technologie innovante d&rsquo;absorption sous vide pour une aspiration super puissante afin d&rsquo;\u00e9liminer sans effort l&rsquo;humidit\u00e9 du corps, ainsi que pour aspirer les points noirs, les points blancs, les peaux mortes, les r\u00e9sidus de maquillage, l&rsquo;acn\u00e9 et les boutons sans blesser votre peau, sans irritation et sans [&hellip;]<\/p>\n","protected":false},"featured_media":29461,"comment_status":"open","ping_status":"closed","template":"","meta":{"content-type":""},"product_brand":[],"product_cat":[797],"product_tag":[],"class_list":{"0":"post-30274","1":"product","2":"type-product","3":"status-publish","4":"has-post-thumbnail","6":"product_cat-dispositifs-de-beaute","8":"first","9":"instock","10":"taxable","11":"shipping-taxable","12":"purchasable","13":"product-type-variable","14":"add-to-wishlist-after_add_to_cart"},"yoast_head":"<!-- This site is optimized with the Yoast SEO plugin v27.5 - https:\/\/yoast.com\/product\/yoast-seo-wordpress\/ -->\n<title>4 en 1 Body Guasha Cupping Machine \u00e0 \u00e9liminer les points noirs Machine \u00e0 nettoyer les pores du visage en profondeur Soins de beaut\u00e9 de la peau - Aigle Shopping Canada<\/title>\n<meta name=\"robots\" content=\"index, follow, max-snippet:-1, max-image-preview:large, max-video-preview:-1\" \/>\n<link rel=\"canonical\" href=\"https:\/\/aigleshopping.ca\/fr\/produit\/4-en-1-body-guasha-cupping-machine-a-eliminer-les-points-noirs-machine-a-nettoyer-les-pores-du-visage-en-profondeur-soins-de-beaute-de-la-peau\/\" \/>\n<meta property=\"og:locale\" content=\"fr_FR\" \/>\n<meta property=\"og:type\" content=\"article\" \/>\n<meta property=\"og:title\" content=\"4 en 1 Body Guasha Cupping Machine \u00e0 \u00e9liminer les points noirs Machine \u00e0 nettoyer les pores du visage en profondeur Soins de beaut\u00e9 de la peau - Aigle Shopping Canada\" \/>\n<meta property=\"og:description\" content=\"Vue d&rsquo;ensemble : 1) [S\u00fbr et efficace] Adoptez la technologie innovante d&rsquo;absorption sous vide pour une aspiration super puissante afin d&rsquo;\u00e9liminer sans effort l&rsquo;humidit\u00e9 du corps, ainsi que pour aspirer les points noirs, les points blancs, les peaux mortes, les r\u00e9sidus de maquillage, l&rsquo;acn\u00e9 et les boutons sans blesser votre peau, sans irritation et sans [&hellip;]\" \/>\n<meta property=\"og:url\" content=\"https:\/\/aigleshopping.ca\/fr\/produit\/4-en-1-body-guasha-cupping-machine-a-eliminer-les-points-noirs-machine-a-nettoyer-les-pores-du-visage-en-profondeur-soins-de-beaute-de-la-peau\/\" \/>\n<meta property=\"og:site_name\" content=\"Aigle Shopping Canada\" \/>\n<meta property=\"article:modified_time\" content=\"2025-07-22T13:00:52+00:00\" \/>\n<meta property=\"og:image\" content=\"https:\/\/aigleshopping.ca\/wp-content\/uploads\/2025\/04\/1618468437513.jpg\" \/>\n\t<meta property=\"og:image:width\" content=\"1000\" \/>\n\t<meta property=\"og:image:height\" content=\"1000\" \/>\n\t<meta property=\"og:image:type\" content=\"image\/jpeg\" \/>\n<meta name=\"twitter:card\" content=\"summary_large_image\" \/>\n<meta name=\"twitter:label1\" content=\"Dur\u00e9e de lecture estim\u00e9e\" \/>\n\t<meta name=\"twitter:data1\" content=\"2 minutes\" \/>\n<script type=\"application\/ld+json\" class=\"yoast-schema-graph\">{\"@context\":\"https:\\\/\\\/schema.org\",\"@graph\":[{\"@type\":\"WebPage\",\"@id\":\"https:\\\/\\\/aigleshopping.ca\\\/fr\\\/produit\\\/4-en-1-body-guasha-cupping-machine-a-eliminer-les-points-noirs-machine-a-nettoyer-les-pores-du-visage-en-profondeur-soins-de-beaute-de-la-peau\\\/\",\"url\":\"https:\\\/\\\/aigleshopping.ca\\\/fr\\\/produit\\\/4-en-1-body-guasha-cupping-machine-a-eliminer-les-points-noirs-machine-a-nettoyer-les-pores-du-visage-en-profondeur-soins-de-beaute-de-la-peau\\\/\",\"name\":\"4 en 1 Body Guasha Cupping Machine \u00e0 \u00e9liminer les points noirs Machine \u00e0 nettoyer les pores du visage en profondeur Soins de beaut\u00e9 de la peau - Aigle Shopping Canada\",\"isPartOf\":{\"@id\":\"https:\\\/\\\/aigleshopping.ca\\\/#website\"},\"primaryImageOfPage\":{\"@id\":\"https:\\\/\\\/aigleshopping.ca\\\/fr\\\/produit\\\/4-en-1-body-guasha-cupping-machine-a-eliminer-les-points-noirs-machine-a-nettoyer-les-pores-du-visage-en-profondeur-soins-de-beaute-de-la-peau\\\/#primaryimage\"},\"image\":{\"@id\":\"https:\\\/\\\/aigleshopping.ca\\\/fr\\\/produit\\\/4-en-1-body-guasha-cupping-machine-a-eliminer-les-points-noirs-machine-a-nettoyer-les-pores-du-visage-en-profondeur-soins-de-beaute-de-la-peau\\\/#primaryimage\"},\"thumbnailUrl\":\"https:\\\/\\\/aigleshopping.ca\\\/wp-content\\\/uploads\\\/2025\\\/04\\\/1618468437513.jpg\",\"datePublished\":\"2025-04-06T21:24:53+00:00\",\"dateModified\":\"2025-07-22T13:00:52+00:00\",\"breadcrumb\":{\"@id\":\"https:\\\/\\\/aigleshopping.ca\\\/fr\\\/produit\\\/4-en-1-body-guasha-cupping-machine-a-eliminer-les-points-noirs-machine-a-nettoyer-les-pores-du-visage-en-profondeur-soins-de-beaute-de-la-peau\\\/#breadcrumb\"},\"inLanguage\":\"fr-FR\",\"potentialAction\":[{\"@type\":\"ReadAction\",\"target\":[\"https:\\\/\\\/aigleshopping.ca\\\/fr\\\/produit\\\/4-en-1-body-guasha-cupping-machine-a-eliminer-les-points-noirs-machine-a-nettoyer-les-pores-du-visage-en-profondeur-soins-de-beaute-de-la-peau\\\/\"]}]},{\"@type\":\"ImageObject\",\"inLanguage\":\"fr-FR\",\"@id\":\"https:\\\/\\\/aigleshopping.ca\\\/fr\\\/produit\\\/4-en-1-body-guasha-cupping-machine-a-eliminer-les-points-noirs-machine-a-nettoyer-les-pores-du-visage-en-profondeur-soins-de-beaute-de-la-peau\\\/#primaryimage\",\"url\":\"https:\\\/\\\/aigleshopping.ca\\\/wp-content\\\/uploads\\\/2025\\\/04\\\/1618468437513.jpg\",\"contentUrl\":\"https:\\\/\\\/aigleshopping.ca\\\/wp-content\\\/uploads\\\/2025\\\/04\\\/1618468437513.jpg\",\"width\":1000,\"height\":1000},{\"@type\":\"BreadcrumbList\",\"@id\":\"https:\\\/\\\/aigleshopping.ca\\\/fr\\\/produit\\\/4-en-1-body-guasha-cupping-machine-a-eliminer-les-points-noirs-machine-a-nettoyer-les-pores-du-visage-en-profondeur-soins-de-beaute-de-la-peau\\\/#breadcrumb\",\"itemListElement\":[{\"@type\":\"ListItem\",\"position\":1,\"name\":\"Home\",\"item\":\"https:\\\/\\\/aigleshopping.ca\\\/fr\\\/home\\\/\"},{\"@type\":\"ListItem\",\"position\":2,\"name\":\"Products\",\"item\":\"https:\\\/\\\/aigleshopping.ca\\\/shop\\\/\"},{\"@type\":\"ListItem\",\"position\":3,\"name\":\"4 en 1 Body Guasha Cupping Machine \u00e0 \u00e9liminer les points noirs Machine \u00e0 nettoyer les pores du visage en profondeur Soins de beaut\u00e9 de la peau\"}]},{\"@type\":\"WebSite\",\"@id\":\"https:\\\/\\\/aigleshopping.ca\\\/#website\",\"url\":\"https:\\\/\\\/aigleshopping.ca\\\/\",\"name\":\"Aigle Shopping Canada\",\"description\":\"Au-del\u00e0 des fronti\u00e8res, pour vous offrir le\u00a0meilleur!\",\"publisher\":{\"@id\":\"https:\\\/\\\/aigleshopping.ca\\\/#organization\"},\"potentialAction\":[{\"@type\":\"SearchAction\",\"target\":{\"@type\":\"EntryPoint\",\"urlTemplate\":\"https:\\\/\\\/aigleshopping.ca\\\/?s={search_term_string}\"},\"query-input\":{\"@type\":\"PropertyValueSpecification\",\"valueRequired\":true,\"valueName\":\"search_term_string\"}}],\"inLanguage\":\"fr-FR\"},{\"@type\":\"Organization\",\"@id\":\"https:\\\/\\\/aigleshopping.ca\\\/#organization\",\"name\":\"Aigle Shopping Canada\",\"url\":\"https:\\\/\\\/aigleshopping.ca\\\/\",\"logo\":{\"@type\":\"ImageObject\",\"inLanguage\":\"fr-FR\",\"@id\":\"https:\\\/\\\/aigleshopping.ca\\\/#\\\/schema\\\/logo\\\/image\\\/\",\"url\":\"https:\\\/\\\/aigleshopping.ca\\\/wp-content\\\/uploads\\\/2025\\\/12\\\/logo_aigleshopping_ca.png\",\"contentUrl\":\"https:\\\/\\\/aigleshopping.ca\\\/wp-content\\\/uploads\\\/2025\\\/12\\\/logo_aigleshopping_ca.png\",\"width\":800,\"height\":233,\"caption\":\"Aigle Shopping Canada\"},\"image\":{\"@id\":\"https:\\\/\\\/aigleshopping.ca\\\/#\\\/schema\\\/logo\\\/image\\\/\"}}]}<\/script>\n<!-- \/ Yoast SEO plugin. -->","yoast_head_json":{"title":"4 en 1 Body Guasha Cupping Machine \u00e0 \u00e9liminer les points noirs Machine \u00e0 nettoyer les pores du visage en profondeur Soins de beaut\u00e9 de la peau - Aigle Shopping Canada","robots":{"index":"index","follow":"follow","max-snippet":"max-snippet:-1","max-image-preview":"max-image-preview:large","max-video-preview":"max-video-preview:-1"},"canonical":"https:\/\/aigleshopping.ca\/fr\/produit\/4-en-1-body-guasha-cupping-machine-a-eliminer-les-points-noirs-machine-a-nettoyer-les-pores-du-visage-en-profondeur-soins-de-beaute-de-la-peau\/","og_locale":"fr_FR","og_type":"article","og_title":"4 en 1 Body Guasha Cupping Machine \u00e0 \u00e9liminer les points noirs Machine \u00e0 nettoyer les pores du visage en profondeur Soins de beaut\u00e9 de la peau - Aigle Shopping Canada","og_description":"Vue d&rsquo;ensemble : 1) [S\u00fbr et efficace] Adoptez la technologie innovante d&rsquo;absorption sous vide pour une aspiration super puissante afin d&rsquo;\u00e9liminer sans effort l&rsquo;humidit\u00e9 du corps, ainsi que pour aspirer les points noirs, les points blancs, les peaux mortes, les r\u00e9sidus de maquillage, l&rsquo;acn\u00e9 et les boutons sans blesser votre peau, sans irritation et sans [&hellip;]","og_url":"https:\/\/aigleshopping.ca\/fr\/produit\/4-en-1-body-guasha-cupping-machine-a-eliminer-les-points-noirs-machine-a-nettoyer-les-pores-du-visage-en-profondeur-soins-de-beaute-de-la-peau\/","og_site_name":"Aigle Shopping Canada","article_modified_time":"2025-07-22T13:00:52+00:00","og_image":[{"width":1000,"height":1000,"url":"https:\/\/aigleshopping.ca\/wp-content\/uploads\/2025\/04\/1618468437513.jpg","type":"image\/jpeg"}],"twitter_card":"summary_large_image","twitter_misc":{"Dur\u00e9e de lecture estim\u00e9e":"2 minutes"},"schema":{"@context":"https:\/\/schema.org","@graph":[{"@type":"WebPage","@id":"https:\/\/aigleshopping.ca\/fr\/produit\/4-en-1-body-guasha-cupping-machine-a-eliminer-les-points-noirs-machine-a-nettoyer-les-pores-du-visage-en-profondeur-soins-de-beaute-de-la-peau\/","url":"https:\/\/aigleshopping.ca\/fr\/produit\/4-en-1-body-guasha-cupping-machine-a-eliminer-les-points-noirs-machine-a-nettoyer-les-pores-du-visage-en-profondeur-soins-de-beaute-de-la-peau\/","name":"4 en 1 Body Guasha Cupping Machine \u00e0 \u00e9liminer les points noirs Machine \u00e0 nettoyer les pores du visage en profondeur Soins de beaut\u00e9 de la peau - Aigle Shopping Canada","isPartOf":{"@id":"https:\/\/aigleshopping.ca\/#website"},"primaryImageOfPage":{"@id":"https:\/\/aigleshopping.ca\/fr\/produit\/4-en-1-body-guasha-cupping-machine-a-eliminer-les-points-noirs-machine-a-nettoyer-les-pores-du-visage-en-profondeur-soins-de-beaute-de-la-peau\/#primaryimage"},"image":{"@id":"https:\/\/aigleshopping.ca\/fr\/produit\/4-en-1-body-guasha-cupping-machine-a-eliminer-les-points-noirs-machine-a-nettoyer-les-pores-du-visage-en-profondeur-soins-de-beaute-de-la-peau\/#primaryimage"},"thumbnailUrl":"https:\/\/aigleshopping.ca\/wp-content\/uploads\/2025\/04\/1618468437513.jpg","datePublished":"2025-04-06T21:24:53+00:00","dateModified":"2025-07-22T13:00:52+00:00","breadcrumb":{"@id":"https:\/\/aigleshopping.ca\/fr\/produit\/4-en-1-body-guasha-cupping-machine-a-eliminer-les-points-noirs-machine-a-nettoyer-les-pores-du-visage-en-profondeur-soins-de-beaute-de-la-peau\/#breadcrumb"},"inLanguage":"fr-FR","potentialAction":[{"@type":"ReadAction","target":["https:\/\/aigleshopping.ca\/fr\/produit\/4-en-1-body-guasha-cupping-machine-a-eliminer-les-points-noirs-machine-a-nettoyer-les-pores-du-visage-en-profondeur-soins-de-beaute-de-la-peau\/"]}]},{"@type":"ImageObject","inLanguage":"fr-FR","@id":"https:\/\/aigleshopping.ca\/fr\/produit\/4-en-1-body-guasha-cupping-machine-a-eliminer-les-points-noirs-machine-a-nettoyer-les-pores-du-visage-en-profondeur-soins-de-beaute-de-la-peau\/#primaryimage","url":"https:\/\/aigleshopping.ca\/wp-content\/uploads\/2025\/04\/1618468437513.jpg","contentUrl":"https:\/\/aigleshopping.ca\/wp-content\/uploads\/2025\/04\/1618468437513.jpg","width":1000,"height":1000},{"@type":"BreadcrumbList","@id":"https:\/\/aigleshopping.ca\/fr\/produit\/4-en-1-body-guasha-cupping-machine-a-eliminer-les-points-noirs-machine-a-nettoyer-les-pores-du-visage-en-profondeur-soins-de-beaute-de-la-peau\/#breadcrumb","itemListElement":[{"@type":"ListItem","position":1,"name":"Home","item":"https:\/\/aigleshopping.ca\/fr\/home\/"},{"@type":"ListItem","position":2,"name":"Products","item":"https:\/\/aigleshopping.ca\/shop\/"},{"@type":"ListItem","position":3,"name":"4 en 1 Body Guasha Cupping Machine \u00e0 \u00e9liminer les points noirs Machine \u00e0 nettoyer les pores du visage en profondeur Soins de beaut\u00e9 de la peau"}]},{"@type":"WebSite","@id":"https:\/\/aigleshopping.ca\/#website","url":"https:\/\/aigleshopping.ca\/","name":"Aigle Shopping Canada","description":"Au-del\u00e0 des fronti\u00e8res, pour vous offrir le\u00a0meilleur!","publisher":{"@id":"https:\/\/aigleshopping.ca\/#organization"},"potentialAction":[{"@type":"SearchAction","target":{"@type":"EntryPoint","urlTemplate":"https:\/\/aigleshopping.ca\/?s={search_term_string}"},"query-input":{"@type":"PropertyValueSpecification","valueRequired":true,"valueName":"search_term_string"}}],"inLanguage":"fr-FR"},{"@type":"Organization","@id":"https:\/\/aigleshopping.ca\/#organization","name":"Aigle Shopping Canada","url":"https:\/\/aigleshopping.ca\/","logo":{"@type":"ImageObject","inLanguage":"fr-FR","@id":"https:\/\/aigleshopping.ca\/#\/schema\/logo\/image\/","url":"https:\/\/aigleshopping.ca\/wp-content\/uploads\/2025\/12\/logo_aigleshopping_ca.png","contentUrl":"https:\/\/aigleshopping.ca\/wp-content\/uploads\/2025\/12\/logo_aigleshopping_ca.png","width":800,"height":233,"caption":"Aigle Shopping Canada"},"image":{"@id":"https:\/\/aigleshopping.ca\/#\/schema\/logo\/image\/"}}]}},"jetpack_sharing_enabled":true,"_links":{"self":[{"href":"https:\/\/aigleshopping.ca\/fr\/wp-json\/wp\/v2\/product\/30274","targetHints":{"allow":["GET"]}}],"collection":[{"href":"https:\/\/aigleshopping.ca\/fr\/wp-json\/wp\/v2\/product"}],"about":[{"href":"https:\/\/aigleshopping.ca\/fr\/wp-json\/wp\/v2\/types\/product"}],"replies":[{"embeddable":true,"href":"https:\/\/aigleshopping.ca\/fr\/wp-json\/wp\/v2\/comments?post=30274"}],"wp:featuredmedia":[{"embeddable":true,"href":"https:\/\/aigleshopping.ca\/fr\/wp-json\/wp\/v2\/media\/29461"}],"wp:attachment":[{"href":"https:\/\/aigleshopping.ca\/fr\/wp-json\/wp\/v2\/media?parent=30274"}],"wp:term":[{"taxonomy":"product_brand","embeddable":true,"href":"https:\/\/aigleshopping.ca\/fr\/wp-json\/wp\/v2\/product_brand?post=30274"},{"taxonomy":"product_cat","embeddable":true,"href":"https:\/\/aigleshopping.ca\/fr\/wp-json\/wp\/v2\/product_cat?post=30274"},{"taxonomy":"product_tag","embeddable":true,"href":"https:\/\/aigleshopping.ca\/fr\/wp-json\/wp\/v2\/product_tag?post=30274"}],"curies":[{"name":"wp","href":"https:\/\/api.w.org\/{rel}","templated":true}]}}