{"id":30275,"date":"2025-03-09T21:31:36","date_gmt":"2025-03-09T21:31:36","guid":{"rendered":"https:\/\/aigleshopping.ca\/produit\/compatible-avec-apple-batterie-solaire-exterieure-pour-charger-liphone\/"},"modified":"2025-03-09T21:31:36","modified_gmt":"2025-03-09T21:31:36","slug":"compatible-avec-apple-batterie-solaire-exterieure-pour-charger-liphone","status":"publish","type":"product","link":"https:\/\/aigleshopping.ca\/fr\/produit\/compatible-avec-apple-batterie-solaire-exterieure-pour-charger-liphone\/","title":{"rendered":"Compatible avec Apple, Batterie solaire ext\u00e9rieure pour charger l&rsquo;iPhone"},"content":{"rendered":"<p>  Note\uff1aNon-Apple branded products,Compatible with iPhone models   <\/p>\n<p> <\/p>\n<div id=\"offer-template-0\"><\/div>\n<p> <span style=\"font-weight: bold\">Vue d&rsquo;ensemble :<\/span> <\/p>\n<p>  Panneau solaire, vous pouvez recharger la batterie \u00e0 la lumi\u00e8re du soleil en cas d&rsquo;urgence lorsque vous \u00eates \u00e0 l&rsquo;ext\u00e9rieur <br \/> L&rsquo;indice d&rsquo;\u00e9tanch\u00e9it\u00e9 IP67 peut aider \u00e0 prot\u00e9ger contre l&rsquo;eau, mais ne peut pas \u00eatre tremp\u00e9 dans l&rsquo;eau. C&rsquo;est un excellent choix pour les activit\u00e9s de plein air. <br \/> Avec deux ports USB, vous pouvez charger simultan\u00e9ment des t\u00e9l\u00e9phones, des tablettes ou d&rsquo;autres petits appareils \u00e9lectroniques. <br \/> Mat\u00e9riau : Panneau solaire, couvercle en plastique ABS, cadre en silicone <br \/> Lumi\u00e8re LED, fonctionne parfaitement dans l&rsquo;obscurit\u00e9, surtout en cas d&rsquo;urgence <br \/> Signal de d\u00e9tresse SOS pour aider les autres \u00e0 vous trouver <br \/> Boussole, aide \u00e0 trouver la direction <br \/> La batterie a pass\u00e9 le MSDS ( Material Safety Data Sheet )   <\/p>\n<p> <span style=\"font-weight: bold\"> <br \/> <\/span> <\/p>\n<p>  <span style=\"font-weight: bold\"> Sp\u00e9cifications :   <br \/>  Type de batterie : Batterie Li-polym\u00e8re <\/span> <br \/> Mod\u00e8le de produit : camping light solar mobile power <br \/> Mat\u00e9riau du produit : coque en plastique <br \/> Dimensions : 138*76*19 <br \/> Classification des couleurs : noir + bleu, noir + jaune, noir + rouge, noir + vert <br \/> Type d&rsquo;application : Type universel, trois sources d&rsquo;\u00e9nergie anti-mobile <br \/> Le voyant lumineux indique : le premier voyant est le voyant de charge solaire, et les 4 autres sont les voyants de la batterie. <br \/> Capacit\u00e9 de la batterie : 2 batteries 606090 polym\u00e8re 8000 mAh <br \/> Carte PCBA : 9 lumi\u00e8res LED avec \u00e9clairage de lampe de table <br \/> Entr\u00e9e : Interface d&rsquo;entr\u00e9e MIRCO <br \/> Sortie : 5v\/1A, 5V\/2.1A, et 5v\/1A, 5V\/1A  <\/p>\n<p> <span style=\"font-weight: bold\"> <br \/> <\/span> <\/p>\n<p> <span style=\"font-weight: bold\">Note :&nbsp;<\/span> <\/p>\n<p>M\u00eame dans un laboratoire parfait, l&rsquo;efficacit\u00e9 de la transformation de l&rsquo;\u00e9nergie solaire en \u00e9nergie \u00e9lectrique est tr\u00e8s faible. Lorsqu&rsquo;il est utilis\u00e9 en ext\u00e9rieur, il est \u00e9galement affect\u00e9 par les conditions m\u00e9t\u00e9orologiques, l&#8217;emplacement ou d&rsquo;autres facteurs. Nous vous sugg\u00e9rons de le recharger \u00e0 l&rsquo;aide d&rsquo;un chargeur mural au d\u00e9but pour que la batterie soit compl\u00e8tement activ\u00e9e.  &nbsp;<\/p>\n<p> <span style=\"font-weight: bold\"> <br \/> <\/span> <\/p>\n<p>  <span style=\"font-weight: bold\"> Emballage inclus :   <br \/>  1 x bloc d&rsquo;alimentation, <\/span> <br \/> 1 x c\u00e2ble de chargement USB, <br \/> 1 x boussole  <\/p>\n<p> <span> <br \/> <img fetchpriority=\"high\" decoding=\"async\" alt=\"ind\u00e9fini\" height=\"766\" src=\"https:\/\/cf.cjdropshipping.com\/16367616\/1636805168586.jpg\" width=\"789\"> <\/p>\n<p> <img decoding=\"async\" alt=\"ind\u00e9fini\" height=\"715\" src=\"https:\/\/cf.cjdropshipping.com\/16367616\/1636805168618.jpg\" width=\"786\"> <\/p>\n<p> <img decoding=\"async\" alt=\"ind\u00e9fini\" height=\"770\" src=\"https:\/\/cf.cjdropshipping.com\/16367616\/1636805168663.jpg\" width=\"788\"> <\/p>\n<p> <img loading=\"lazy\" decoding=\"async\" alt=\"ind\u00e9fini\" height=\"766\" src=\"https:\/\/cf.cjdropshipping.com\/16367616\/1636805168718.jpg\" width=\"788\"> <\/p>\n<p> <img decoding=\"async\" alt=\"ind\u00e9fini\" height=\"808.2658959537572\" src=\"https:\/\/cf.cjdropshipping.com\/16367616\/1636805168769.jpg\" width=\"790\"> <\/p>\n<p> <\/span> <\/p>\n<p><\/p>\n","protected":false},"excerpt":{"rendered":"<p>Note\uff1aNon-Apple branded products,Compatible with iPhone models Vue d&rsquo;ensemble : Panneau solaire, vous pouvez recharger la batterie \u00e0 la lumi\u00e8re du soleil en cas d&rsquo;urgence lorsque vous \u00eates \u00e0 l&rsquo;ext\u00e9rieur L&rsquo;indice d&rsquo;\u00e9tanch\u00e9it\u00e9 IP67 peut aider \u00e0 prot\u00e9ger contre l&rsquo;eau, mais ne peut pas \u00eatre tremp\u00e9 dans l&rsquo;eau. C&rsquo;est un excellent choix pour les activit\u00e9s de plein [&hellip;]<\/p>\n","protected":false},"featured_media":19899,"comment_status":"open","ping_status":"closed","template":"","meta":{"content-type":""},"product_brand":[],"product_cat":[739],"product_tag":[],"class_list":{"0":"post-30275","1":"product","2":"type-product","3":"status-publish","4":"has-post-thumbnail","6":"product_cat-banque-denergie-et-station-de-recharge","8":"first","9":"instock","10":"taxable","11":"shipping-taxable","12":"purchasable","13":"product-type-variable","14":"add-to-wishlist-after_add_to_cart"},"yoast_head":"<!-- This site is optimized with the Yoast SEO plugin v27.4 - https:\/\/yoast.com\/product\/yoast-seo-wordpress\/ -->\n<title>Compatible avec Apple, Batterie solaire ext\u00e9rieure pour charger l&#039;iPhone - Aigle Shopping Canada<\/title>\n<meta name=\"robots\" content=\"index, follow, max-snippet:-1, max-image-preview:large, max-video-preview:-1\" \/>\n<link rel=\"canonical\" href=\"https:\/\/aigleshopping.ca\/fr\/produit\/compatible-avec-apple-batterie-solaire-exterieure-pour-charger-liphone\/\" \/>\n<meta property=\"og:locale\" content=\"fr_FR\" \/>\n<meta property=\"og:type\" content=\"article\" \/>\n<meta property=\"og:title\" content=\"Compatible avec Apple, Batterie solaire ext\u00e9rieure pour charger l&#039;iPhone - Aigle Shopping Canada\" \/>\n<meta property=\"og:description\" content=\"Note\uff1aNon-Apple branded products,Compatible with iPhone models Vue d&rsquo;ensemble : Panneau solaire, vous pouvez recharger la batterie \u00e0 la lumi\u00e8re du soleil en cas d&rsquo;urgence lorsque vous \u00eates \u00e0 l&rsquo;ext\u00e9rieur L&rsquo;indice d&rsquo;\u00e9tanch\u00e9it\u00e9 IP67 peut aider \u00e0 prot\u00e9ger contre l&rsquo;eau, mais ne peut pas \u00eatre tremp\u00e9 dans l&rsquo;eau. C&rsquo;est un excellent choix pour les activit\u00e9s de plein [&hellip;]\" \/>\n<meta property=\"og:url\" content=\"https:\/\/aigleshopping.ca\/fr\/produit\/compatible-avec-apple-batterie-solaire-exterieure-pour-charger-liphone\/\" \/>\n<meta property=\"og:site_name\" content=\"Aigle Shopping Canada\" \/>\n<meta property=\"og:image\" content=\"https:\/\/aigleshopping.ca\/wp-content\/uploads\/2025\/03\/99219893733073.jpg\" \/>\n\t<meta property=\"og:image:width\" content=\"417\" \/>\n\t<meta property=\"og:image:height\" content=\"393\" \/>\n\t<meta property=\"og:image:type\" content=\"image\/jpeg\" \/>\n<meta name=\"twitter:card\" content=\"summary_large_image\" \/>\n<meta name=\"twitter:label1\" content=\"Dur\u00e9e de lecture estim\u00e9e\" \/>\n\t<meta name=\"twitter:data1\" content=\"2 minutes\" \/>\n<script type=\"application\/ld+json\" class=\"yoast-schema-graph\">{\"@context\":\"https:\\\/\\\/schema.org\",\"@graph\":[{\"@type\":\"WebPage\",\"@id\":\"https:\\\/\\\/aigleshopping.ca\\\/fr\\\/produit\\\/compatible-avec-apple-batterie-solaire-exterieure-pour-charger-liphone\\\/\",\"url\":\"https:\\\/\\\/aigleshopping.ca\\\/fr\\\/produit\\\/compatible-avec-apple-batterie-solaire-exterieure-pour-charger-liphone\\\/\",\"name\":\"Compatible avec Apple, Batterie solaire ext\u00e9rieure pour charger l'iPhone - Aigle Shopping Canada\",\"isPartOf\":{\"@id\":\"https:\\\/\\\/aigleshopping.ca\\\/#website\"},\"primaryImageOfPage\":{\"@id\":\"https:\\\/\\\/aigleshopping.ca\\\/fr\\\/produit\\\/compatible-avec-apple-batterie-solaire-exterieure-pour-charger-liphone\\\/#primaryimage\"},\"image\":{\"@id\":\"https:\\\/\\\/aigleshopping.ca\\\/fr\\\/produit\\\/compatible-avec-apple-batterie-solaire-exterieure-pour-charger-liphone\\\/#primaryimage\"},\"thumbnailUrl\":\"https:\\\/\\\/aigleshopping.ca\\\/wp-content\\\/uploads\\\/2025\\\/03\\\/99219893733073.jpg\",\"datePublished\":\"2025-03-09T21:31:36+00:00\",\"breadcrumb\":{\"@id\":\"https:\\\/\\\/aigleshopping.ca\\\/fr\\\/produit\\\/compatible-avec-apple-batterie-solaire-exterieure-pour-charger-liphone\\\/#breadcrumb\"},\"inLanguage\":\"fr-FR\",\"potentialAction\":[{\"@type\":\"ReadAction\",\"target\":[\"https:\\\/\\\/aigleshopping.ca\\\/fr\\\/produit\\\/compatible-avec-apple-batterie-solaire-exterieure-pour-charger-liphone\\\/\"]}]},{\"@type\":\"ImageObject\",\"inLanguage\":\"fr-FR\",\"@id\":\"https:\\\/\\\/aigleshopping.ca\\\/fr\\\/produit\\\/compatible-avec-apple-batterie-solaire-exterieure-pour-charger-liphone\\\/#primaryimage\",\"url\":\"https:\\\/\\\/aigleshopping.ca\\\/wp-content\\\/uploads\\\/2025\\\/03\\\/99219893733073.jpg\",\"contentUrl\":\"https:\\\/\\\/aigleshopping.ca\\\/wp-content\\\/uploads\\\/2025\\\/03\\\/99219893733073.jpg\",\"width\":417,\"height\":393},{\"@type\":\"BreadcrumbList\",\"@id\":\"https:\\\/\\\/aigleshopping.ca\\\/fr\\\/produit\\\/compatible-avec-apple-batterie-solaire-exterieure-pour-charger-liphone\\\/#breadcrumb\",\"itemListElement\":[{\"@type\":\"ListItem\",\"position\":1,\"name\":\"Home\",\"item\":\"https:\\\/\\\/aigleshopping.ca\\\/fr\\\/home\\\/\"},{\"@type\":\"ListItem\",\"position\":2,\"name\":\"Products\",\"item\":\"https:\\\/\\\/aigleshopping.ca\\\/shop\\\/\"},{\"@type\":\"ListItem\",\"position\":3,\"name\":\"Compatible avec Apple, Batterie solaire ext\u00e9rieure pour charger l&#8217;iPhone\"}]},{\"@type\":\"WebSite\",\"@id\":\"https:\\\/\\\/aigleshopping.ca\\\/#website\",\"url\":\"https:\\\/\\\/aigleshopping.ca\\\/\",\"name\":\"Aigle Shopping Canada\",\"description\":\"Au-del\u00e0 des fronti\u00e8res, pour vous offrir le\u00a0meilleur!\",\"publisher\":{\"@id\":\"https:\\\/\\\/aigleshopping.ca\\\/#organization\"},\"potentialAction\":[{\"@type\":\"SearchAction\",\"target\":{\"@type\":\"EntryPoint\",\"urlTemplate\":\"https:\\\/\\\/aigleshopping.ca\\\/?s={search_term_string}\"},\"query-input\":{\"@type\":\"PropertyValueSpecification\",\"valueRequired\":true,\"valueName\":\"search_term_string\"}}],\"inLanguage\":\"fr-FR\"},{\"@type\":\"Organization\",\"@id\":\"https:\\\/\\\/aigleshopping.ca\\\/#organization\",\"name\":\"Aigle Shopping Canada\",\"url\":\"https:\\\/\\\/aigleshopping.ca\\\/\",\"logo\":{\"@type\":\"ImageObject\",\"inLanguage\":\"fr-FR\",\"@id\":\"https:\\\/\\\/aigleshopping.ca\\\/#\\\/schema\\\/logo\\\/image\\\/\",\"url\":\"https:\\\/\\\/aigleshopping.ca\\\/wp-content\\\/uploads\\\/2025\\\/12\\\/logo_aigleshopping_ca.png\",\"contentUrl\":\"https:\\\/\\\/aigleshopping.ca\\\/wp-content\\\/uploads\\\/2025\\\/12\\\/logo_aigleshopping_ca.png\",\"width\":800,\"height\":233,\"caption\":\"Aigle Shopping Canada\"},\"image\":{\"@id\":\"https:\\\/\\\/aigleshopping.ca\\\/#\\\/schema\\\/logo\\\/image\\\/\"}}]}<\/script>\n<!-- \/ Yoast SEO plugin. -->","yoast_head_json":{"title":"Compatible avec Apple, Batterie solaire ext\u00e9rieure pour charger l'iPhone - Aigle Shopping Canada","robots":{"index":"index","follow":"follow","max-snippet":"max-snippet:-1","max-image-preview":"max-image-preview:large","max-video-preview":"max-video-preview:-1"},"canonical":"https:\/\/aigleshopping.ca\/fr\/produit\/compatible-avec-apple-batterie-solaire-exterieure-pour-charger-liphone\/","og_locale":"fr_FR","og_type":"article","og_title":"Compatible avec Apple, Batterie solaire ext\u00e9rieure pour charger l'iPhone - Aigle Shopping Canada","og_description":"Note\uff1aNon-Apple branded products,Compatible with iPhone models Vue d&rsquo;ensemble : Panneau solaire, vous pouvez recharger la batterie \u00e0 la lumi\u00e8re du soleil en cas d&rsquo;urgence lorsque vous \u00eates \u00e0 l&rsquo;ext\u00e9rieur L&rsquo;indice d&rsquo;\u00e9tanch\u00e9it\u00e9 IP67 peut aider \u00e0 prot\u00e9ger contre l&rsquo;eau, mais ne peut pas \u00eatre tremp\u00e9 dans l&rsquo;eau. C&rsquo;est un excellent choix pour les activit\u00e9s de plein [&hellip;]","og_url":"https:\/\/aigleshopping.ca\/fr\/produit\/compatible-avec-apple-batterie-solaire-exterieure-pour-charger-liphone\/","og_site_name":"Aigle Shopping Canada","og_image":[{"width":417,"height":393,"url":"https:\/\/aigleshopping.ca\/wp-content\/uploads\/2025\/03\/99219893733073.jpg","type":"image\/jpeg"}],"twitter_card":"summary_large_image","twitter_misc":{"Dur\u00e9e de lecture estim\u00e9e":"2 minutes"},"schema":{"@context":"https:\/\/schema.org","@graph":[{"@type":"WebPage","@id":"https:\/\/aigleshopping.ca\/fr\/produit\/compatible-avec-apple-batterie-solaire-exterieure-pour-charger-liphone\/","url":"https:\/\/aigleshopping.ca\/fr\/produit\/compatible-avec-apple-batterie-solaire-exterieure-pour-charger-liphone\/","name":"Compatible avec Apple, Batterie solaire ext\u00e9rieure pour charger l'iPhone - Aigle Shopping Canada","isPartOf":{"@id":"https:\/\/aigleshopping.ca\/#website"},"primaryImageOfPage":{"@id":"https:\/\/aigleshopping.ca\/fr\/produit\/compatible-avec-apple-batterie-solaire-exterieure-pour-charger-liphone\/#primaryimage"},"image":{"@id":"https:\/\/aigleshopping.ca\/fr\/produit\/compatible-avec-apple-batterie-solaire-exterieure-pour-charger-liphone\/#primaryimage"},"thumbnailUrl":"https:\/\/aigleshopping.ca\/wp-content\/uploads\/2025\/03\/99219893733073.jpg","datePublished":"2025-03-09T21:31:36+00:00","breadcrumb":{"@id":"https:\/\/aigleshopping.ca\/fr\/produit\/compatible-avec-apple-batterie-solaire-exterieure-pour-charger-liphone\/#breadcrumb"},"inLanguage":"fr-FR","potentialAction":[{"@type":"ReadAction","target":["https:\/\/aigleshopping.ca\/fr\/produit\/compatible-avec-apple-batterie-solaire-exterieure-pour-charger-liphone\/"]}]},{"@type":"ImageObject","inLanguage":"fr-FR","@id":"https:\/\/aigleshopping.ca\/fr\/produit\/compatible-avec-apple-batterie-solaire-exterieure-pour-charger-liphone\/#primaryimage","url":"https:\/\/aigleshopping.ca\/wp-content\/uploads\/2025\/03\/99219893733073.jpg","contentUrl":"https:\/\/aigleshopping.ca\/wp-content\/uploads\/2025\/03\/99219893733073.jpg","width":417,"height":393},{"@type":"BreadcrumbList","@id":"https:\/\/aigleshopping.ca\/fr\/produit\/compatible-avec-apple-batterie-solaire-exterieure-pour-charger-liphone\/#breadcrumb","itemListElement":[{"@type":"ListItem","position":1,"name":"Home","item":"https:\/\/aigleshopping.ca\/fr\/home\/"},{"@type":"ListItem","position":2,"name":"Products","item":"https:\/\/aigleshopping.ca\/shop\/"},{"@type":"ListItem","position":3,"name":"Compatible avec Apple, Batterie solaire ext\u00e9rieure pour charger l&#8217;iPhone"}]},{"@type":"WebSite","@id":"https:\/\/aigleshopping.ca\/#website","url":"https:\/\/aigleshopping.ca\/","name":"Aigle Shopping Canada","description":"Au-del\u00e0 des fronti\u00e8res, pour vous offrir le\u00a0meilleur!","publisher":{"@id":"https:\/\/aigleshopping.ca\/#organization"},"potentialAction":[{"@type":"SearchAction","target":{"@type":"EntryPoint","urlTemplate":"https:\/\/aigleshopping.ca\/?s={search_term_string}"},"query-input":{"@type":"PropertyValueSpecification","valueRequired":true,"valueName":"search_term_string"}}],"inLanguage":"fr-FR"},{"@type":"Organization","@id":"https:\/\/aigleshopping.ca\/#organization","name":"Aigle Shopping Canada","url":"https:\/\/aigleshopping.ca\/","logo":{"@type":"ImageObject","inLanguage":"fr-FR","@id":"https:\/\/aigleshopping.ca\/#\/schema\/logo\/image\/","url":"https:\/\/aigleshopping.ca\/wp-content\/uploads\/2025\/12\/logo_aigleshopping_ca.png","contentUrl":"https:\/\/aigleshopping.ca\/wp-content\/uploads\/2025\/12\/logo_aigleshopping_ca.png","width":800,"height":233,"caption":"Aigle Shopping Canada"},"image":{"@id":"https:\/\/aigleshopping.ca\/#\/schema\/logo\/image\/"}}]}},"jetpack_sharing_enabled":true,"_links":{"self":[{"href":"https:\/\/aigleshopping.ca\/fr\/wp-json\/wp\/v2\/product\/30275","targetHints":{"allow":["GET"]}}],"collection":[{"href":"https:\/\/aigleshopping.ca\/fr\/wp-json\/wp\/v2\/product"}],"about":[{"href":"https:\/\/aigleshopping.ca\/fr\/wp-json\/wp\/v2\/types\/product"}],"replies":[{"embeddable":true,"href":"https:\/\/aigleshopping.ca\/fr\/wp-json\/wp\/v2\/comments?post=30275"}],"wp:featuredmedia":[{"embeddable":true,"href":"https:\/\/aigleshopping.ca\/fr\/wp-json\/wp\/v2\/media\/19899"}],"wp:attachment":[{"href":"https:\/\/aigleshopping.ca\/fr\/wp-json\/wp\/v2\/media?parent=30275"}],"wp:term":[{"taxonomy":"product_brand","embeddable":true,"href":"https:\/\/aigleshopping.ca\/fr\/wp-json\/wp\/v2\/product_brand?post=30275"},{"taxonomy":"product_cat","embeddable":true,"href":"https:\/\/aigleshopping.ca\/fr\/wp-json\/wp\/v2\/product_cat?post=30275"},{"taxonomy":"product_tag","embeddable":true,"href":"https:\/\/aigleshopping.ca\/fr\/wp-json\/wp\/v2\/product_tag?post=30275"}],"curies":[{"name":"wp","href":"https:\/\/api.w.org\/{rel}","templated":true}]}}