{"id":30318,"date":"2025-04-06T21:25:29","date_gmt":"2025-04-06T21:25:29","guid":{"rendered":"https:\/\/aigleshopping.ca\/produit\/appareil-de-massage-pour-les-soins-de-sante\/"},"modified":"2025-04-06T21:25:29","modified_gmt":"2025-04-06T21:25:29","slug":"appareil-de-massage-pour-les-soins-de-sante","status":"publish","type":"product","link":"https:\/\/aigleshopping.ca\/fr\/produit\/appareil-de-massage-pour-les-soins-de-sante\/","title":{"rendered":"Appareil de massage pour les soins de sant\u00e9"},"content":{"rendered":"<p>description du produit<\/p>\n<p>  CJBJPFMB01486-4pcs set= <br \/> CJBJPFMB01486-M2405+ <br \/> CJBJPFMB01486-M2406+ <br \/> CJBJPFMB01486-M3005+ <br \/> CJBJPFMB01486-M3006  <\/p>\n<p>  1. Jade naturel, frais au toucher.  <br \/>  2. Facile \u00e0 utiliser. La t\u00eate en germanium de la barre de beaut\u00e9 en jade germanium peut \u00eatre utilis\u00e9e pour tout le corps. Si la pierre de jade est un gros rouleau pour le visage, et un petit rouleau pour les yeux.    <br \/>  3. Pour la ligne du visage et du cou et pour \u00e9liminer le double menton, il aide \u00e0 amincir le visage.  <br \/>  4. Il peut \u00e9galement \u00eatre utilis\u00e9 pour masser le cou, am\u00e9liorer la r\u00e9gulation sanguine et lisser les muscles du cou.  <br \/>  5. Peut \u00eatre utilis\u00e9 pour masser les joues.  <br \/>  6. La t\u00eate en germanium peut masser tout le corps, le rouleau en jade le menton, le contour des yeux, le front, etc.  <\/p>\n<p> <img decoding=\"async\" src=\"https:\/\/cf.cjdropshipping.com\/25fc5ae0-8360-432f-8584-4de46c9f698e.jpg\"> <img decoding=\"async\" src=\"https:\/\/cf.cjdropshipping.com\/a27c14b5-f3e9-48eb-a7f1-6ef68e67c235.jpg\"> <img decoding=\"async\" src=\"https:\/\/cf.cjdropshipping.com\/46013834-4fa4-4d01-bb27-dd8749c69636.jpg\"> <img decoding=\"async\" src=\"https:\/\/cf.cjdropshipping.com\/bb2412a8-af67-4f5f-b3ea-395eca802cd4.jpg\"> <img decoding=\"async\" src=\"https:\/\/cf.cjdropshipping.com\/e942d85e-cb83-42d4-babd-e2849dc9739b.jpg\"> <img decoding=\"async\" src=\"https:\/\/cf.cjdropshipping.com\/80d5cf25-71b4-46d2-bb6f-cab803a8a80f.jpg\"> <img decoding=\"async\" src=\"https:\/\/cf.cjdropshipping.com\/6c014f74-0a24-4534-bd75-400497d6e4ba.jpg\">  <\/p>\n","protected":false},"excerpt":{"rendered":"<p>description du produit CJBJPFMB01486-4pcs set= CJBJPFMB01486-M2405+ CJBJPFMB01486-M2406+ CJBJPFMB01486-M3005+ CJBJPFMB01486-M3006 1. Jade naturel, frais au toucher. 2. Facile \u00e0 utiliser. La t\u00eate en germanium de la barre de beaut\u00e9 en jade germanium peut \u00eatre utilis\u00e9e pour tout le corps. Si la pierre de jade est un gros rouleau pour le visage, et un petit rouleau pour [&hellip;]<\/p>\n","protected":false},"featured_media":29486,"comment_status":"open","ping_status":"closed","template":"","meta":{"content-type":""},"product_brand":[],"product_cat":[797],"product_tag":[],"class_list":{"0":"post-30318","1":"product","2":"type-product","3":"status-publish","4":"has-post-thumbnail","6":"product_cat-dispositifs-de-beaute","8":"first","9":"instock","10":"taxable","11":"shipping-taxable","12":"purchasable","13":"product-type-variable","14":"add-to-wishlist-after_add_to_cart"},"yoast_head":"<!-- This site is optimized with the Yoast SEO plugin v27.4 - https:\/\/yoast.com\/product\/yoast-seo-wordpress\/ -->\n<title>Appareil de massage pour les soins de sant\u00e9 - Aigle Shopping Canada<\/title>\n<meta name=\"robots\" content=\"index, follow, max-snippet:-1, max-image-preview:large, max-video-preview:-1\" \/>\n<link rel=\"canonical\" href=\"https:\/\/aigleshopping.ca\/fr\/produit\/appareil-de-massage-pour-les-soins-de-sante\/\" \/>\n<meta property=\"og:locale\" content=\"fr_FR\" \/>\n<meta property=\"og:type\" content=\"article\" \/>\n<meta property=\"og:title\" content=\"Appareil de massage pour les soins de sant\u00e9 - Aigle Shopping Canada\" \/>\n<meta property=\"og:description\" content=\"description du produit CJBJPFMB01486-4pcs set= CJBJPFMB01486-M2405+ CJBJPFMB01486-M2406+ CJBJPFMB01486-M3005+ CJBJPFMB01486-M3006 1. Jade naturel, frais au toucher. 2. Facile \u00e0 utiliser. La t\u00eate en germanium de la barre de beaut\u00e9 en jade germanium peut \u00eatre utilis\u00e9e pour tout le corps. Si la pierre de jade est un gros rouleau pour le visage, et un petit rouleau pour [&hellip;]\" \/>\n<meta property=\"og:url\" content=\"https:\/\/aigleshopping.ca\/fr\/produit\/appareil-de-massage-pour-les-soins-de-sante\/\" \/>\n<meta property=\"og:site_name\" content=\"Aigle Shopping Canada\" \/>\n<meta property=\"og:image\" content=\"https:\/\/aigleshopping.ca\/wp-content\/uploads\/2025\/04\/15736987061.jpg\" \/>\n\t<meta property=\"og:image:width\" content=\"800\" \/>\n\t<meta property=\"og:image:height\" content=\"800\" \/>\n\t<meta property=\"og:image:type\" content=\"image\/jpeg\" \/>\n<meta name=\"twitter:card\" content=\"summary_large_image\" \/>\n<meta name=\"twitter:label1\" content=\"Dur\u00e9e de lecture estim\u00e9e\" \/>\n\t<meta name=\"twitter:data1\" content=\"1 minute\" \/>\n<script type=\"application\/ld+json\" class=\"yoast-schema-graph\">{\"@context\":\"https:\\\/\\\/schema.org\",\"@graph\":[{\"@type\":\"WebPage\",\"@id\":\"https:\\\/\\\/aigleshopping.ca\\\/fr\\\/produit\\\/appareil-de-massage-pour-les-soins-de-sante\\\/\",\"url\":\"https:\\\/\\\/aigleshopping.ca\\\/fr\\\/produit\\\/appareil-de-massage-pour-les-soins-de-sante\\\/\",\"name\":\"Appareil de massage pour les soins de sant\u00e9 - Aigle Shopping Canada\",\"isPartOf\":{\"@id\":\"https:\\\/\\\/aigleshopping.ca\\\/#website\"},\"primaryImageOfPage\":{\"@id\":\"https:\\\/\\\/aigleshopping.ca\\\/fr\\\/produit\\\/appareil-de-massage-pour-les-soins-de-sante\\\/#primaryimage\"},\"image\":{\"@id\":\"https:\\\/\\\/aigleshopping.ca\\\/fr\\\/produit\\\/appareil-de-massage-pour-les-soins-de-sante\\\/#primaryimage\"},\"thumbnailUrl\":\"https:\\\/\\\/aigleshopping.ca\\\/wp-content\\\/uploads\\\/2025\\\/04\\\/15736987061.jpg\",\"datePublished\":\"2025-04-06T21:25:29+00:00\",\"breadcrumb\":{\"@id\":\"https:\\\/\\\/aigleshopping.ca\\\/fr\\\/produit\\\/appareil-de-massage-pour-les-soins-de-sante\\\/#breadcrumb\"},\"inLanguage\":\"fr-FR\",\"potentialAction\":[{\"@type\":\"ReadAction\",\"target\":[\"https:\\\/\\\/aigleshopping.ca\\\/fr\\\/produit\\\/appareil-de-massage-pour-les-soins-de-sante\\\/\"]}]},{\"@type\":\"ImageObject\",\"inLanguage\":\"fr-FR\",\"@id\":\"https:\\\/\\\/aigleshopping.ca\\\/fr\\\/produit\\\/appareil-de-massage-pour-les-soins-de-sante\\\/#primaryimage\",\"url\":\"https:\\\/\\\/aigleshopping.ca\\\/wp-content\\\/uploads\\\/2025\\\/04\\\/15736987061.jpg\",\"contentUrl\":\"https:\\\/\\\/aigleshopping.ca\\\/wp-content\\\/uploads\\\/2025\\\/04\\\/15736987061.jpg\",\"width\":800,\"height\":800},{\"@type\":\"BreadcrumbList\",\"@id\":\"https:\\\/\\\/aigleshopping.ca\\\/fr\\\/produit\\\/appareil-de-massage-pour-les-soins-de-sante\\\/#breadcrumb\",\"itemListElement\":[{\"@type\":\"ListItem\",\"position\":1,\"name\":\"Home\",\"item\":\"https:\\\/\\\/aigleshopping.ca\\\/fr\\\/home\\\/\"},{\"@type\":\"ListItem\",\"position\":2,\"name\":\"Products\",\"item\":\"https:\\\/\\\/aigleshopping.ca\\\/shop\\\/\"},{\"@type\":\"ListItem\",\"position\":3,\"name\":\"Appareil de massage pour les soins de sant\u00e9\"}]},{\"@type\":\"WebSite\",\"@id\":\"https:\\\/\\\/aigleshopping.ca\\\/#website\",\"url\":\"https:\\\/\\\/aigleshopping.ca\\\/\",\"name\":\"Aigle Shopping Canada\",\"description\":\"Au-del\u00e0 des fronti\u00e8res, pour vous offrir le\u00a0meilleur!\",\"publisher\":{\"@id\":\"https:\\\/\\\/aigleshopping.ca\\\/#organization\"},\"potentialAction\":[{\"@type\":\"SearchAction\",\"target\":{\"@type\":\"EntryPoint\",\"urlTemplate\":\"https:\\\/\\\/aigleshopping.ca\\\/?s={search_term_string}\"},\"query-input\":{\"@type\":\"PropertyValueSpecification\",\"valueRequired\":true,\"valueName\":\"search_term_string\"}}],\"inLanguage\":\"fr-FR\"},{\"@type\":\"Organization\",\"@id\":\"https:\\\/\\\/aigleshopping.ca\\\/#organization\",\"name\":\"Aigle Shopping Canada\",\"url\":\"https:\\\/\\\/aigleshopping.ca\\\/\",\"logo\":{\"@type\":\"ImageObject\",\"inLanguage\":\"fr-FR\",\"@id\":\"https:\\\/\\\/aigleshopping.ca\\\/#\\\/schema\\\/logo\\\/image\\\/\",\"url\":\"https:\\\/\\\/aigleshopping.ca\\\/wp-content\\\/uploads\\\/2025\\\/12\\\/logo_aigleshopping_ca.png\",\"contentUrl\":\"https:\\\/\\\/aigleshopping.ca\\\/wp-content\\\/uploads\\\/2025\\\/12\\\/logo_aigleshopping_ca.png\",\"width\":800,\"height\":233,\"caption\":\"Aigle Shopping Canada\"},\"image\":{\"@id\":\"https:\\\/\\\/aigleshopping.ca\\\/#\\\/schema\\\/logo\\\/image\\\/\"}}]}<\/script>\n<!-- \/ Yoast SEO plugin. -->","yoast_head_json":{"title":"Appareil de massage pour les soins de sant\u00e9 - Aigle Shopping Canada","robots":{"index":"index","follow":"follow","max-snippet":"max-snippet:-1","max-image-preview":"max-image-preview:large","max-video-preview":"max-video-preview:-1"},"canonical":"https:\/\/aigleshopping.ca\/fr\/produit\/appareil-de-massage-pour-les-soins-de-sante\/","og_locale":"fr_FR","og_type":"article","og_title":"Appareil de massage pour les soins de sant\u00e9 - Aigle Shopping Canada","og_description":"description du produit CJBJPFMB01486-4pcs set= CJBJPFMB01486-M2405+ CJBJPFMB01486-M2406+ CJBJPFMB01486-M3005+ CJBJPFMB01486-M3006 1. Jade naturel, frais au toucher. 2. Facile \u00e0 utiliser. La t\u00eate en germanium de la barre de beaut\u00e9 en jade germanium peut \u00eatre utilis\u00e9e pour tout le corps. Si la pierre de jade est un gros rouleau pour le visage, et un petit rouleau pour [&hellip;]","og_url":"https:\/\/aigleshopping.ca\/fr\/produit\/appareil-de-massage-pour-les-soins-de-sante\/","og_site_name":"Aigle Shopping Canada","og_image":[{"width":800,"height":800,"url":"https:\/\/aigleshopping.ca\/wp-content\/uploads\/2025\/04\/15736987061.jpg","type":"image\/jpeg"}],"twitter_card":"summary_large_image","twitter_misc":{"Dur\u00e9e de lecture estim\u00e9e":"1 minute"},"schema":{"@context":"https:\/\/schema.org","@graph":[{"@type":"WebPage","@id":"https:\/\/aigleshopping.ca\/fr\/produit\/appareil-de-massage-pour-les-soins-de-sante\/","url":"https:\/\/aigleshopping.ca\/fr\/produit\/appareil-de-massage-pour-les-soins-de-sante\/","name":"Appareil de massage pour les soins de sant\u00e9 - Aigle Shopping Canada","isPartOf":{"@id":"https:\/\/aigleshopping.ca\/#website"},"primaryImageOfPage":{"@id":"https:\/\/aigleshopping.ca\/fr\/produit\/appareil-de-massage-pour-les-soins-de-sante\/#primaryimage"},"image":{"@id":"https:\/\/aigleshopping.ca\/fr\/produit\/appareil-de-massage-pour-les-soins-de-sante\/#primaryimage"},"thumbnailUrl":"https:\/\/aigleshopping.ca\/wp-content\/uploads\/2025\/04\/15736987061.jpg","datePublished":"2025-04-06T21:25:29+00:00","breadcrumb":{"@id":"https:\/\/aigleshopping.ca\/fr\/produit\/appareil-de-massage-pour-les-soins-de-sante\/#breadcrumb"},"inLanguage":"fr-FR","potentialAction":[{"@type":"ReadAction","target":["https:\/\/aigleshopping.ca\/fr\/produit\/appareil-de-massage-pour-les-soins-de-sante\/"]}]},{"@type":"ImageObject","inLanguage":"fr-FR","@id":"https:\/\/aigleshopping.ca\/fr\/produit\/appareil-de-massage-pour-les-soins-de-sante\/#primaryimage","url":"https:\/\/aigleshopping.ca\/wp-content\/uploads\/2025\/04\/15736987061.jpg","contentUrl":"https:\/\/aigleshopping.ca\/wp-content\/uploads\/2025\/04\/15736987061.jpg","width":800,"height":800},{"@type":"BreadcrumbList","@id":"https:\/\/aigleshopping.ca\/fr\/produit\/appareil-de-massage-pour-les-soins-de-sante\/#breadcrumb","itemListElement":[{"@type":"ListItem","position":1,"name":"Home","item":"https:\/\/aigleshopping.ca\/fr\/home\/"},{"@type":"ListItem","position":2,"name":"Products","item":"https:\/\/aigleshopping.ca\/shop\/"},{"@type":"ListItem","position":3,"name":"Appareil de massage pour les soins de sant\u00e9"}]},{"@type":"WebSite","@id":"https:\/\/aigleshopping.ca\/#website","url":"https:\/\/aigleshopping.ca\/","name":"Aigle Shopping Canada","description":"Au-del\u00e0 des fronti\u00e8res, pour vous offrir le\u00a0meilleur!","publisher":{"@id":"https:\/\/aigleshopping.ca\/#organization"},"potentialAction":[{"@type":"SearchAction","target":{"@type":"EntryPoint","urlTemplate":"https:\/\/aigleshopping.ca\/?s={search_term_string}"},"query-input":{"@type":"PropertyValueSpecification","valueRequired":true,"valueName":"search_term_string"}}],"inLanguage":"fr-FR"},{"@type":"Organization","@id":"https:\/\/aigleshopping.ca\/#organization","name":"Aigle Shopping Canada","url":"https:\/\/aigleshopping.ca\/","logo":{"@type":"ImageObject","inLanguage":"fr-FR","@id":"https:\/\/aigleshopping.ca\/#\/schema\/logo\/image\/","url":"https:\/\/aigleshopping.ca\/wp-content\/uploads\/2025\/12\/logo_aigleshopping_ca.png","contentUrl":"https:\/\/aigleshopping.ca\/wp-content\/uploads\/2025\/12\/logo_aigleshopping_ca.png","width":800,"height":233,"caption":"Aigle Shopping Canada"},"image":{"@id":"https:\/\/aigleshopping.ca\/#\/schema\/logo\/image\/"}}]}},"jetpack_sharing_enabled":true,"_links":{"self":[{"href":"https:\/\/aigleshopping.ca\/fr\/wp-json\/wp\/v2\/product\/30318","targetHints":{"allow":["GET"]}}],"collection":[{"href":"https:\/\/aigleshopping.ca\/fr\/wp-json\/wp\/v2\/product"}],"about":[{"href":"https:\/\/aigleshopping.ca\/fr\/wp-json\/wp\/v2\/types\/product"}],"replies":[{"embeddable":true,"href":"https:\/\/aigleshopping.ca\/fr\/wp-json\/wp\/v2\/comments?post=30318"}],"wp:featuredmedia":[{"embeddable":true,"href":"https:\/\/aigleshopping.ca\/fr\/wp-json\/wp\/v2\/media\/29486"}],"wp:attachment":[{"href":"https:\/\/aigleshopping.ca\/fr\/wp-json\/wp\/v2\/media?parent=30318"}],"wp:term":[{"taxonomy":"product_brand","embeddable":true,"href":"https:\/\/aigleshopping.ca\/fr\/wp-json\/wp\/v2\/product_brand?post=30318"},{"taxonomy":"product_cat","embeddable":true,"href":"https:\/\/aigleshopping.ca\/fr\/wp-json\/wp\/v2\/product_cat?post=30318"},{"taxonomy":"product_tag","embeddable":true,"href":"https:\/\/aigleshopping.ca\/fr\/wp-json\/wp\/v2\/product_tag?post=30318"}],"curies":[{"name":"wp","href":"https:\/\/api.w.org\/{rel}","templated":true}]}}