{"id":30338,"date":"2025-04-06T21:30:22","date_gmt":"2025-04-06T21:30:22","guid":{"rendered":"https:\/\/aigleshopping.ca\/produit\/appareil-de-massage-automatique-des-pieds-et-des-mains\/"},"modified":"2025-04-06T21:30:22","modified_gmt":"2025-04-06T21:30:22","slug":"appareil-de-massage-automatique-des-pieds-et-des-mains","status":"publish","type":"product","link":"https:\/\/aigleshopping.ca\/fr\/produit\/appareil-de-massage-automatique-des-pieds-et-des-mains\/","title":{"rendered":"Appareil de massage automatique des pieds et des mains"},"content":{"rendered":"<p>  Caract\u00e9ristiques : <br \/> 1. Antid\u00e9rapant : Le coussin antid\u00e9rapant en latex de haute qualit\u00e9 utilis\u00e9 dans le fond du coussin antid\u00e9rapant, s&rsquo;accroche fermement de sorte que vous ne vous sentez pas \u00e0 l&rsquo;aise sur le sol lisse.   <br \/>  2. Massage chaud confortable : tout comme le massage professionnel par compresses chaudes, il peut transf\u00e9rer la chaleur au corps humain, activer la vitalit\u00e9 des cellules des pieds et r\u00e9soudre compl\u00e8tement les sympt\u00f4mes des pieds froids en hiver.  <br \/>  3. Simple : facile \u00e0 utiliser, vous pouvez facilement masser <\/p>\n<p> Descriptions : <br \/> 1. \u00c9l\u00e9gant et beau <br \/> 2. Portable et compact <br \/> 3. Mat\u00e9riau de qualit\u00e9 sup\u00e9rieure, toucher d\u00e9licat <\/p>\n<p> Sp\u00e9cifications : <br \/> Mat\u00e9riau : coque en plastique <br \/> Couleur : rouge <br \/> Type : GB \/ US \/ EU \/ UK <\/p>\n<p> Contenu de l&#8217;emballage : <br \/> 1 x Masseur de pieds <br \/> 1 x adaptateur     <\/p>\n<p> <img decoding=\"async\" src=\"https:\/\/cf.cjdropshipping.com\/15759072\/396051385188.png\"> <img decoding=\"async\" src=\"https:\/\/cf.cjdropshipping.com\/15759072\/1327527185150.png\"> <img decoding=\"async\" src=\"https:\/\/cf.cjdropshipping.com\/15759072\/2751663993528.png\"> <img decoding=\"async\" src=\"https:\/\/cf.cjdropshipping.com\/15759072\/10016223906248.png\"> <br \/> <img decoding=\"async\" src=\"https:\/\/cf.cjdropshipping.com\/649919b5-e045-4f5c-99fa-08912dc423b1.png\"> <img decoding=\"async\" src=\"https:\/\/cf.cjdropshipping.com\/c2a1af2d-b745-4d18-935d-5091534cf587.png\">  <\/p>\n","protected":false},"excerpt":{"rendered":"<p>Caract\u00e9ristiques : 1. Antid\u00e9rapant : Le coussin antid\u00e9rapant en latex de haute qualit\u00e9 utilis\u00e9 dans le fond du coussin antid\u00e9rapant, s&rsquo;accroche fermement de sorte que vous ne vous sentez pas \u00e0 l&rsquo;aise sur le sol lisse. 2. Massage chaud confortable : tout comme le massage professionnel par compresses chaudes, il peut transf\u00e9rer la chaleur au [&hellip;]<\/p>\n","protected":false},"featured_media":29643,"comment_status":"open","ping_status":"closed","template":"","meta":{"content-type":""},"product_brand":[],"product_cat":[797],"product_tag":[],"class_list":{"0":"post-30338","1":"product","2":"type-product","3":"status-publish","4":"has-post-thumbnail","6":"product_cat-dispositifs-de-beaute","8":"first","9":"instock","10":"taxable","11":"shipping-taxable","12":"purchasable","13":"product-type-variable","14":"add-to-wishlist-after_add_to_cart"},"yoast_head":"<!-- This site is optimized with the Yoast SEO plugin v27.3 - https:\/\/yoast.com\/product\/yoast-seo-wordpress\/ -->\n<title>Appareil de massage automatique des pieds et des mains - Aigle Shopping Canada<\/title>\n<meta name=\"robots\" content=\"index, follow, max-snippet:-1, max-image-preview:large, max-video-preview:-1\" \/>\n<link rel=\"canonical\" href=\"https:\/\/aigleshopping.ca\/fr\/produit\/appareil-de-massage-automatique-des-pieds-et-des-mains\/\" \/>\n<meta property=\"og:locale\" content=\"fr_FR\" \/>\n<meta property=\"og:type\" content=\"article\" \/>\n<meta property=\"og:title\" content=\"Appareil de massage automatique des pieds et des mains - Aigle Shopping Canada\" \/>\n<meta property=\"og:description\" content=\"Caract\u00e9ristiques : 1. Antid\u00e9rapant : Le coussin antid\u00e9rapant en latex de haute qualit\u00e9 utilis\u00e9 dans le fond du coussin antid\u00e9rapant, s&rsquo;accroche fermement de sorte que vous ne vous sentez pas \u00e0 l&rsquo;aise sur le sol lisse. 2. Massage chaud confortable : tout comme le massage professionnel par compresses chaudes, il peut transf\u00e9rer la chaleur au [&hellip;]\" \/>\n<meta property=\"og:url\" content=\"https:\/\/aigleshopping.ca\/fr\/produit\/appareil-de-massage-automatique-des-pieds-et-des-mains\/\" \/>\n<meta property=\"og:site_name\" content=\"Aigle Shopping Canada\" \/>\n<meta property=\"og:image\" content=\"https:\/\/aigleshopping.ca\/wp-content\/uploads\/2025\/04\/823708958782.jpg\" \/>\n\t<meta property=\"og:image:width\" content=\"1010\" \/>\n\t<meta property=\"og:image:height\" content=\"1010\" \/>\n\t<meta property=\"og:image:type\" content=\"image\/jpeg\" \/>\n<meta name=\"twitter:card\" content=\"summary_large_image\" \/>\n<meta name=\"twitter:label1\" content=\"Dur\u00e9e de lecture estim\u00e9e\" \/>\n\t<meta name=\"twitter:data1\" content=\"1 minute\" \/>\n<script type=\"application\/ld+json\" class=\"yoast-schema-graph\">{\"@context\":\"https:\\\/\\\/schema.org\",\"@graph\":[{\"@type\":\"WebPage\",\"@id\":\"https:\\\/\\\/aigleshopping.ca\\\/fr\\\/produit\\\/appareil-de-massage-automatique-des-pieds-et-des-mains\\\/\",\"url\":\"https:\\\/\\\/aigleshopping.ca\\\/fr\\\/produit\\\/appareil-de-massage-automatique-des-pieds-et-des-mains\\\/\",\"name\":\"Appareil de massage automatique des pieds et des mains - Aigle Shopping Canada\",\"isPartOf\":{\"@id\":\"https:\\\/\\\/aigleshopping.ca\\\/#website\"},\"primaryImageOfPage\":{\"@id\":\"https:\\\/\\\/aigleshopping.ca\\\/fr\\\/produit\\\/appareil-de-massage-automatique-des-pieds-et-des-mains\\\/#primaryimage\"},\"image\":{\"@id\":\"https:\\\/\\\/aigleshopping.ca\\\/fr\\\/produit\\\/appareil-de-massage-automatique-des-pieds-et-des-mains\\\/#primaryimage\"},\"thumbnailUrl\":\"https:\\\/\\\/aigleshopping.ca\\\/wp-content\\\/uploads\\\/2025\\\/04\\\/823708958782.jpg\",\"datePublished\":\"2025-04-06T21:30:22+00:00\",\"breadcrumb\":{\"@id\":\"https:\\\/\\\/aigleshopping.ca\\\/fr\\\/produit\\\/appareil-de-massage-automatique-des-pieds-et-des-mains\\\/#breadcrumb\"},\"inLanguage\":\"fr-FR\",\"potentialAction\":[{\"@type\":\"ReadAction\",\"target\":[\"https:\\\/\\\/aigleshopping.ca\\\/fr\\\/produit\\\/appareil-de-massage-automatique-des-pieds-et-des-mains\\\/\"]}]},{\"@type\":\"ImageObject\",\"inLanguage\":\"fr-FR\",\"@id\":\"https:\\\/\\\/aigleshopping.ca\\\/fr\\\/produit\\\/appareil-de-massage-automatique-des-pieds-et-des-mains\\\/#primaryimage\",\"url\":\"https:\\\/\\\/aigleshopping.ca\\\/wp-content\\\/uploads\\\/2025\\\/04\\\/823708958782.jpg\",\"contentUrl\":\"https:\\\/\\\/aigleshopping.ca\\\/wp-content\\\/uploads\\\/2025\\\/04\\\/823708958782.jpg\",\"width\":1010,\"height\":1010},{\"@type\":\"BreadcrumbList\",\"@id\":\"https:\\\/\\\/aigleshopping.ca\\\/fr\\\/produit\\\/appareil-de-massage-automatique-des-pieds-et-des-mains\\\/#breadcrumb\",\"itemListElement\":[{\"@type\":\"ListItem\",\"position\":1,\"name\":\"Home\",\"item\":\"https:\\\/\\\/aigleshopping.ca\\\/fr\\\/home\\\/\"},{\"@type\":\"ListItem\",\"position\":2,\"name\":\"Products\",\"item\":\"https:\\\/\\\/aigleshopping.ca\\\/shop\\\/\"},{\"@type\":\"ListItem\",\"position\":3,\"name\":\"Appareil de massage automatique des pieds et des mains\"}]},{\"@type\":\"WebSite\",\"@id\":\"https:\\\/\\\/aigleshopping.ca\\\/#website\",\"url\":\"https:\\\/\\\/aigleshopping.ca\\\/\",\"name\":\"Aigle Shopping Canada\",\"description\":\"Au-del\u00e0 des fronti\u00e8res, pour vous offrir le\u00a0meilleur!\",\"publisher\":{\"@id\":\"https:\\\/\\\/aigleshopping.ca\\\/#organization\"},\"potentialAction\":[{\"@type\":\"SearchAction\",\"target\":{\"@type\":\"EntryPoint\",\"urlTemplate\":\"https:\\\/\\\/aigleshopping.ca\\\/?s={search_term_string}\"},\"query-input\":{\"@type\":\"PropertyValueSpecification\",\"valueRequired\":true,\"valueName\":\"search_term_string\"}}],\"inLanguage\":\"fr-FR\"},{\"@type\":\"Organization\",\"@id\":\"https:\\\/\\\/aigleshopping.ca\\\/#organization\",\"name\":\"Aigle Shopping Canada\",\"url\":\"https:\\\/\\\/aigleshopping.ca\\\/\",\"logo\":{\"@type\":\"ImageObject\",\"inLanguage\":\"fr-FR\",\"@id\":\"https:\\\/\\\/aigleshopping.ca\\\/#\\\/schema\\\/logo\\\/image\\\/\",\"url\":\"https:\\\/\\\/aigleshopping.ca\\\/wp-content\\\/uploads\\\/2025\\\/12\\\/logo_aigleshopping_ca.png\",\"contentUrl\":\"https:\\\/\\\/aigleshopping.ca\\\/wp-content\\\/uploads\\\/2025\\\/12\\\/logo_aigleshopping_ca.png\",\"width\":800,\"height\":233,\"caption\":\"Aigle Shopping Canada\"},\"image\":{\"@id\":\"https:\\\/\\\/aigleshopping.ca\\\/#\\\/schema\\\/logo\\\/image\\\/\"}}]}<\/script>\n<!-- \/ Yoast SEO plugin. -->","yoast_head_json":{"title":"Appareil de massage automatique des pieds et des mains - Aigle Shopping Canada","robots":{"index":"index","follow":"follow","max-snippet":"max-snippet:-1","max-image-preview":"max-image-preview:large","max-video-preview":"max-video-preview:-1"},"canonical":"https:\/\/aigleshopping.ca\/fr\/produit\/appareil-de-massage-automatique-des-pieds-et-des-mains\/","og_locale":"fr_FR","og_type":"article","og_title":"Appareil de massage automatique des pieds et des mains - Aigle Shopping Canada","og_description":"Caract\u00e9ristiques : 1. Antid\u00e9rapant : Le coussin antid\u00e9rapant en latex de haute qualit\u00e9 utilis\u00e9 dans le fond du coussin antid\u00e9rapant, s&rsquo;accroche fermement de sorte que vous ne vous sentez pas \u00e0 l&rsquo;aise sur le sol lisse. 2. Massage chaud confortable : tout comme le massage professionnel par compresses chaudes, il peut transf\u00e9rer la chaleur au [&hellip;]","og_url":"https:\/\/aigleshopping.ca\/fr\/produit\/appareil-de-massage-automatique-des-pieds-et-des-mains\/","og_site_name":"Aigle Shopping Canada","og_image":[{"width":1010,"height":1010,"url":"https:\/\/aigleshopping.ca\/wp-content\/uploads\/2025\/04\/823708958782.jpg","type":"image\/jpeg"}],"twitter_card":"summary_large_image","twitter_misc":{"Dur\u00e9e de lecture estim\u00e9e":"1 minute"},"schema":{"@context":"https:\/\/schema.org","@graph":[{"@type":"WebPage","@id":"https:\/\/aigleshopping.ca\/fr\/produit\/appareil-de-massage-automatique-des-pieds-et-des-mains\/","url":"https:\/\/aigleshopping.ca\/fr\/produit\/appareil-de-massage-automatique-des-pieds-et-des-mains\/","name":"Appareil de massage automatique des pieds et des mains - Aigle Shopping Canada","isPartOf":{"@id":"https:\/\/aigleshopping.ca\/#website"},"primaryImageOfPage":{"@id":"https:\/\/aigleshopping.ca\/fr\/produit\/appareil-de-massage-automatique-des-pieds-et-des-mains\/#primaryimage"},"image":{"@id":"https:\/\/aigleshopping.ca\/fr\/produit\/appareil-de-massage-automatique-des-pieds-et-des-mains\/#primaryimage"},"thumbnailUrl":"https:\/\/aigleshopping.ca\/wp-content\/uploads\/2025\/04\/823708958782.jpg","datePublished":"2025-04-06T21:30:22+00:00","breadcrumb":{"@id":"https:\/\/aigleshopping.ca\/fr\/produit\/appareil-de-massage-automatique-des-pieds-et-des-mains\/#breadcrumb"},"inLanguage":"fr-FR","potentialAction":[{"@type":"ReadAction","target":["https:\/\/aigleshopping.ca\/fr\/produit\/appareil-de-massage-automatique-des-pieds-et-des-mains\/"]}]},{"@type":"ImageObject","inLanguage":"fr-FR","@id":"https:\/\/aigleshopping.ca\/fr\/produit\/appareil-de-massage-automatique-des-pieds-et-des-mains\/#primaryimage","url":"https:\/\/aigleshopping.ca\/wp-content\/uploads\/2025\/04\/823708958782.jpg","contentUrl":"https:\/\/aigleshopping.ca\/wp-content\/uploads\/2025\/04\/823708958782.jpg","width":1010,"height":1010},{"@type":"BreadcrumbList","@id":"https:\/\/aigleshopping.ca\/fr\/produit\/appareil-de-massage-automatique-des-pieds-et-des-mains\/#breadcrumb","itemListElement":[{"@type":"ListItem","position":1,"name":"Home","item":"https:\/\/aigleshopping.ca\/fr\/home\/"},{"@type":"ListItem","position":2,"name":"Products","item":"https:\/\/aigleshopping.ca\/shop\/"},{"@type":"ListItem","position":3,"name":"Appareil de massage automatique des pieds et des mains"}]},{"@type":"WebSite","@id":"https:\/\/aigleshopping.ca\/#website","url":"https:\/\/aigleshopping.ca\/","name":"Aigle Shopping Canada","description":"Au-del\u00e0 des fronti\u00e8res, pour vous offrir le\u00a0meilleur!","publisher":{"@id":"https:\/\/aigleshopping.ca\/#organization"},"potentialAction":[{"@type":"SearchAction","target":{"@type":"EntryPoint","urlTemplate":"https:\/\/aigleshopping.ca\/?s={search_term_string}"},"query-input":{"@type":"PropertyValueSpecification","valueRequired":true,"valueName":"search_term_string"}}],"inLanguage":"fr-FR"},{"@type":"Organization","@id":"https:\/\/aigleshopping.ca\/#organization","name":"Aigle Shopping Canada","url":"https:\/\/aigleshopping.ca\/","logo":{"@type":"ImageObject","inLanguage":"fr-FR","@id":"https:\/\/aigleshopping.ca\/#\/schema\/logo\/image\/","url":"https:\/\/aigleshopping.ca\/wp-content\/uploads\/2025\/12\/logo_aigleshopping_ca.png","contentUrl":"https:\/\/aigleshopping.ca\/wp-content\/uploads\/2025\/12\/logo_aigleshopping_ca.png","width":800,"height":233,"caption":"Aigle Shopping Canada"},"image":{"@id":"https:\/\/aigleshopping.ca\/#\/schema\/logo\/image\/"}}]}},"jetpack_sharing_enabled":true,"_links":{"self":[{"href":"https:\/\/aigleshopping.ca\/fr\/wp-json\/wp\/v2\/product\/30338","targetHints":{"allow":["GET"]}}],"collection":[{"href":"https:\/\/aigleshopping.ca\/fr\/wp-json\/wp\/v2\/product"}],"about":[{"href":"https:\/\/aigleshopping.ca\/fr\/wp-json\/wp\/v2\/types\/product"}],"replies":[{"embeddable":true,"href":"https:\/\/aigleshopping.ca\/fr\/wp-json\/wp\/v2\/comments?post=30338"}],"wp:featuredmedia":[{"embeddable":true,"href":"https:\/\/aigleshopping.ca\/fr\/wp-json\/wp\/v2\/media\/29643"}],"wp:attachment":[{"href":"https:\/\/aigleshopping.ca\/fr\/wp-json\/wp\/v2\/media?parent=30338"}],"wp:term":[{"taxonomy":"product_brand","embeddable":true,"href":"https:\/\/aigleshopping.ca\/fr\/wp-json\/wp\/v2\/product_brand?post=30338"},{"taxonomy":"product_cat","embeddable":true,"href":"https:\/\/aigleshopping.ca\/fr\/wp-json\/wp\/v2\/product_cat?post=30338"},{"taxonomy":"product_tag","embeddable":true,"href":"https:\/\/aigleshopping.ca\/fr\/wp-json\/wp\/v2\/product_tag?post=30338"}],"curies":[{"name":"wp","href":"https:\/\/api.w.org\/{rel}","templated":true}]}}