{"id":30341,"date":"2025-04-06T21:31:14","date_gmt":"2025-04-06T21:31:14","guid":{"rendered":"https:\/\/aigleshopping.ca\/produit\/instrument-de-nettoyage-des-pores-pour-les-points-noirs-artefact-machine-electrique-pour-lacne-pour-les-points-noirs\/"},"modified":"2025-04-06T21:31:14","modified_gmt":"2025-04-06T21:31:14","slug":"instrument-de-nettoyage-des-pores-pour-les-points-noirs-artefact-machine-electrique-pour-lacne-pour-les-points-noirs","status":"publish","type":"product","link":"https:\/\/aigleshopping.ca\/fr\/produit\/instrument-de-nettoyage-des-pores-pour-les-points-noirs-artefact-machine-electrique-pour-lacne-pour-les-points-noirs\/","title":{"rendered":"Instrument de nettoyage des pores pour les points noirs artefact machine \u00e9lectrique pour l&rsquo;acn\u00e9 pour les points noirs"},"content":{"rendered":"<p>  Fonction : aspirer les points noirs, enlever l&rsquo;acn\u00e9 <br \/> Mode de fonctionnement : pompe \u00e0 vide \u00e9lectrique  <\/p>\n<h1> <\/h1>\n<p> <\/p>\n<h1>comment l&rsquo;utiliser<\/h1>\n<p>  1. Ouvrez vos pores<br \/>\n<br \/>  Le moyen le plus simple d'\u00a0\u00bbouvrir\u00a0\u00bb vos pores est de nettoyer la peau. Vous \u00e9liminerez ainsi le s\u00e9bum et la salet\u00e9 en surface<br \/>\n<br \/>  Un cosm\u00e9tique qui peut \u00eatre plac\u00e9 sur la couche sup\u00e9rieure de la peau (l&rsquo;\u00e9piderme).<br \/>\n<br \/>  Pour nettoyer correctement votre peau, suivez les \u00e9tapes suivantes :<br \/>\n<br \/>  Trouvez le nettoyant le mieux adapt\u00e9 \u00e0 votre peau. (Les nettoyants en \u00e9mulsion conviennent aux peaux s\u00e8ches ou sensibles, les nettoyants en gel conviennent aux peaux s\u00e8ches ou sensibles).<br \/>\n<br \/>  Peau mixte ou grasse).<br \/>\n<br \/>  Humidifiez votre visage avec de l&rsquo;eau ti\u00e8de (ni chaude ni froide).<br \/>\n<br \/>  Massez la peau avec le d\u00e9tergent pendant environ 1 minute sans vous brosser les dents.<br \/>\n<br \/>  Rincez abondamment \u00e0 l&rsquo;eau ti\u00e8de. Pour un nettoyage plus approfondi, vous pouvez essuyer d\u00e9licatement le nettoyant.<br \/>\n<br \/>  nombre<br \/>\n<br \/>  Pat (frotter) essuie votre visage.<br \/>\n<br \/>  Lorsque vous commencez par une base propre, vous devez r\u00e9sister aux points noirs, aux points blancs ou \u00e0 l&rsquo;acn\u00e9.<br \/>\n<br \/>  Acn\u00e9 explosive Essayez plut\u00f4t de r\u00e9soudre le probl\u00e8me de l&rsquo;acn\u00e9 de mani\u00e8re naturelle. Utilisez de la vapeur pour lib\u00e9rer les pores obstru\u00e9s ou des serviettes chaudes.<br \/>\n<br \/>  Ou attendez 10 minutes dans le bain de vapeur.<br \/>\n<br \/>  2. Ins\u00e9rez la taille appropri\u00e9e de NOOZLE<br \/>\n<br \/>  La t\u00eate \u00e0 trous est con\u00e7ue pour diff\u00e9rents types de taches. V\u00e9rifiez les points noirs que vous souhaitez \u00e9liminer<br \/>\n<br \/>  S\u00e9lectionnez un accessoire pour compl\u00e9ter le travail. Remplacez la buse \u00e0 l&rsquo;avant du tire-com\u00e9dons.<br \/>\n<br \/>  Et veillez \u00e0 ce qu&rsquo;il soit s\u00fbr.<br \/>\n<br \/>  3. Emplacement du tire-com\u00e9dons<br \/>\n<br \/>  Placez l&rsquo;extr\u00e9mit\u00e9 de la buse directement sur le point noir pour fermer compl\u00e8tement la buse. Cr\u00e9ez la s\u00e9curit\u00e9<br \/>\n<br \/>  L&rsquo;\u00e9tanch\u00e9it\u00e9 rend l&rsquo;aspiration plus efficace. Essayez de maintenir le nettoyeur en position verticale et de faire en sorte que l&#8217;embout affleure.<br \/>\n<br \/>  volume.<br \/>\n<br \/>  Pour obtenir de meilleurs r\u00e9sultats, aspirez un point noir \u00e0 la fois. Vous devrez peut-\u00eatre aussi d\u00e9placer l&rsquo;extracteur autour du nez pendant un certain temps pour trouver le meilleur angle pour les joues et les lignes du menton.<br \/>\n<br \/>  4. Ouvrez l&rsquo;appareil  <\/p>\n<p>  5. Appliquez une cr\u00e8me hydratante<br \/>\n<br \/>  Il est important d&rsquo;assouplir votre peau, d&rsquo;augmenter son \u00e9lasticit\u00e9 et sa souplesse, surtout si vous avez souvent des expectorations.<br \/>\n<br \/>  De base. Les humidificateurs aident \u00e0 r\u00e9parer les dommages pass\u00e9s et \u00e0 pr\u00e9venir les interruptions futures. vous pouvez l&rsquo;utiliser<br \/>\n<br \/>  Apr\u00e8s le bain ou avant de se coucher le soir.<br \/>\n<br \/>  L&rsquo;association d&rsquo;un nettoyage en profondeur et d&rsquo;une hydratation renforce la capacit\u00e9 de la peau \u00e0 respirer et rend la peau plus difficile \u00e0 nettoyer.<br \/>\n<br \/>  Le s\u00e9bum est pi\u00e9g\u00e9 dans les pores. Choisissez une cr\u00e8me hydratante adapt\u00e9e \u00e0 votre peau et appliquez-la d\u00e9licatement<br \/>\n<br \/>  Effectuez des mouvements circulaires \u00e0 l&rsquo;aide du coussinet du bout des doigts.<br \/>\n<br \/>  Comment localiser un point noir sp\u00e9cifique ?<br \/>\n<br \/>  D\u00e9posez la plus grande partie de l&#8217;embout sur votre point noir et mettez vos yeux de c\u00f4t\u00e9. Veillez \u00e0 ce que l&#8217;embout soit fermement press\u00e9<br \/>\n<br \/>  Votre peau n&rsquo;a pas d&rsquo;espace pour permettre \u00e0 l&rsquo;air d&rsquo;entrer ou de sortir de l&#8217;embout (en maintenant le d\u00e9maquillant \u00e0 un angle de 90 degr\u00e9s).<br \/>\n<br \/>  La pointe de l&#8217;embout doit former un joint, sinon elle ne produira pas l&rsquo;aspiration n\u00e9cessaire pour \u00e9liminer le point noir.<br \/>\n<br \/>  Remarque : ne prenez pas trop de temps, car vous risquez d&rsquo;avoir des bleus.<br \/>\n<br \/>  Lorsque vous activez l&rsquo;extracteur, vous ressentez une l\u00e9g\u00e8re g\u00eane due \u00e0 l&rsquo;aspiration.<br \/>\n<br \/>  Un petit morceau de peau. Cet inconfort est att\u00e9nu\u00e9 en rendant l&rsquo;action aussi rapide et douce que possible.<br \/>\n<br \/>  sp\u00e9cification<br \/>\n<br \/>  Pil : lityum-it<br \/>\n<br \/>  Voltaj : 3,7 V<br \/>\n<br \/>  Puissance : 6,5Wh<br \/>\n<br \/>  Capacit\u00e9 : 500mA<br \/>\n<br \/>  Taille du produit : 18&#215;2.5&#215;2.5 cm  <\/p>\n<p> <img decoding=\"async\" src=\"https:\/\/cf.cjdropshipping.com\/16368480\/1636893121580.jpg\"> <img decoding=\"async\" src=\"https:\/\/cf.cjdropshipping.com\/16368480\/1636893121604.jpg\"> <img decoding=\"async\" src=\"https:\/\/cf.cjdropshipping.com\/16368480\/1636893121629.jpg\"> <img decoding=\"async\" src=\"https:\/\/cf.cjdropshipping.com\/16368480\/1636893121667.jpg\"> <img decoding=\"async\" src=\"https:\/\/cf.cjdropshipping.com\/16368480\/1636893121699.jpg\"> <img decoding=\"async\" src=\"https:\/\/cf.cjdropshipping.com\/16368480\/1636893121726.jpg\"> <img decoding=\"async\" src=\"https:\/\/cf.cjdropshipping.com\/16368480\/1636893121756.jpg\"> <img decoding=\"async\" src=\"https:\/\/cf.cjdropshipping.com\/16368480\/1636893121812.jpg\"> <img decoding=\"async\" src=\"https:\/\/cf.cjdropshipping.com\/16368480\/1636893121847.jpg\">  <\/p>\n","protected":false},"excerpt":{"rendered":"<p>Fonction : aspirer les points noirs, enlever l&rsquo;acn\u00e9 Mode de fonctionnement : pompe \u00e0 vide \u00e9lectrique comment l&rsquo;utiliser 1. Ouvrez vos pores Le moyen le plus simple d&rsquo;\u00a0\u00bbouvrir\u00a0\u00bb vos pores est de nettoyer la peau. Vous \u00e9liminerez ainsi le s\u00e9bum et la salet\u00e9 en surface Un cosm\u00e9tique qui peut \u00eatre plac\u00e9 sur la couche sup\u00e9rieure [&hellip;]<\/p>\n","protected":false},"featured_media":29668,"comment_status":"open","ping_status":"closed","template":"","meta":{"content-type":""},"product_brand":[],"product_cat":[797],"product_tag":[],"class_list":{"0":"post-30341","1":"product","2":"type-product","3":"status-publish","4":"has-post-thumbnail","6":"product_cat-dispositifs-de-beaute","8":"first","9":"instock","10":"taxable","11":"shipping-taxable","12":"purchasable","13":"product-type-variable","14":"add-to-wishlist-after_add_to_cart"},"yoast_head":"<!-- This site is optimized with the Yoast SEO plugin v27.4 - https:\/\/yoast.com\/product\/yoast-seo-wordpress\/ -->\n<title>Instrument de nettoyage des pores pour les points noirs artefact machine \u00e9lectrique pour l&#039;acn\u00e9 pour les points noirs - Aigle Shopping Canada<\/title>\n<meta name=\"robots\" content=\"index, follow, max-snippet:-1, max-image-preview:large, max-video-preview:-1\" \/>\n<link rel=\"canonical\" href=\"https:\/\/aigleshopping.ca\/fr\/produit\/instrument-de-nettoyage-des-pores-pour-les-points-noirs-artefact-machine-electrique-pour-lacne-pour-les-points-noirs\/\" \/>\n<meta property=\"og:locale\" content=\"fr_FR\" \/>\n<meta property=\"og:type\" content=\"article\" \/>\n<meta property=\"og:title\" content=\"Instrument de nettoyage des pores pour les points noirs artefact machine \u00e9lectrique pour l&#039;acn\u00e9 pour les points noirs - Aigle Shopping Canada\" \/>\n<meta property=\"og:description\" content=\"Fonction : aspirer les points noirs, enlever l&rsquo;acn\u00e9 Mode de fonctionnement : pompe \u00e0 vide \u00e9lectrique comment l&rsquo;utiliser 1. Ouvrez vos pores Le moyen le plus simple d&#039;\u00a0\u00bbouvrir\u00a0\u00bb vos pores est de nettoyer la peau. Vous \u00e9liminerez ainsi le s\u00e9bum et la salet\u00e9 en surface Un cosm\u00e9tique qui peut \u00eatre plac\u00e9 sur la couche sup\u00e9rieure [&hellip;]\" \/>\n<meta property=\"og:url\" content=\"https:\/\/aigleshopping.ca\/fr\/produit\/instrument-de-nettoyage-des-pores-pour-les-points-noirs-artefact-machine-electrique-pour-lacne-pour-les-points-noirs\/\" \/>\n<meta property=\"og:site_name\" content=\"Aigle Shopping Canada\" \/>\n<meta property=\"og:image\" content=\"https:\/\/aigleshopping.ca\/wp-content\/uploads\/2025\/04\/1473829033152.jpg\" \/>\n\t<meta property=\"og:image:width\" content=\"1000\" \/>\n\t<meta property=\"og:image:height\" content=\"1000\" \/>\n\t<meta property=\"og:image:type\" content=\"image\/jpeg\" \/>\n<meta name=\"twitter:card\" content=\"summary_large_image\" \/>\n<meta name=\"twitter:label1\" content=\"Dur\u00e9e de lecture estim\u00e9e\" \/>\n\t<meta name=\"twitter:data1\" content=\"3 minutes\" \/>\n<script type=\"application\/ld+json\" class=\"yoast-schema-graph\">{\"@context\":\"https:\\\/\\\/schema.org\",\"@graph\":[{\"@type\":\"WebPage\",\"@id\":\"https:\\\/\\\/aigleshopping.ca\\\/fr\\\/produit\\\/instrument-de-nettoyage-des-pores-pour-les-points-noirs-artefact-machine-electrique-pour-lacne-pour-les-points-noirs\\\/\",\"url\":\"https:\\\/\\\/aigleshopping.ca\\\/fr\\\/produit\\\/instrument-de-nettoyage-des-pores-pour-les-points-noirs-artefact-machine-electrique-pour-lacne-pour-les-points-noirs\\\/\",\"name\":\"Instrument de nettoyage des pores pour les points noirs artefact machine \u00e9lectrique pour l'acn\u00e9 pour les points noirs - Aigle Shopping Canada\",\"isPartOf\":{\"@id\":\"https:\\\/\\\/aigleshopping.ca\\\/#website\"},\"primaryImageOfPage\":{\"@id\":\"https:\\\/\\\/aigleshopping.ca\\\/fr\\\/produit\\\/instrument-de-nettoyage-des-pores-pour-les-points-noirs-artefact-machine-electrique-pour-lacne-pour-les-points-noirs\\\/#primaryimage\"},\"image\":{\"@id\":\"https:\\\/\\\/aigleshopping.ca\\\/fr\\\/produit\\\/instrument-de-nettoyage-des-pores-pour-les-points-noirs-artefact-machine-electrique-pour-lacne-pour-les-points-noirs\\\/#primaryimage\"},\"thumbnailUrl\":\"https:\\\/\\\/aigleshopping.ca\\\/wp-content\\\/uploads\\\/2025\\\/04\\\/1473829033152.jpg\",\"datePublished\":\"2025-04-06T21:31:14+00:00\",\"breadcrumb\":{\"@id\":\"https:\\\/\\\/aigleshopping.ca\\\/fr\\\/produit\\\/instrument-de-nettoyage-des-pores-pour-les-points-noirs-artefact-machine-electrique-pour-lacne-pour-les-points-noirs\\\/#breadcrumb\"},\"inLanguage\":\"fr-FR\",\"potentialAction\":[{\"@type\":\"ReadAction\",\"target\":[\"https:\\\/\\\/aigleshopping.ca\\\/fr\\\/produit\\\/instrument-de-nettoyage-des-pores-pour-les-points-noirs-artefact-machine-electrique-pour-lacne-pour-les-points-noirs\\\/\"]}]},{\"@type\":\"ImageObject\",\"inLanguage\":\"fr-FR\",\"@id\":\"https:\\\/\\\/aigleshopping.ca\\\/fr\\\/produit\\\/instrument-de-nettoyage-des-pores-pour-les-points-noirs-artefact-machine-electrique-pour-lacne-pour-les-points-noirs\\\/#primaryimage\",\"url\":\"https:\\\/\\\/aigleshopping.ca\\\/wp-content\\\/uploads\\\/2025\\\/04\\\/1473829033152.jpg\",\"contentUrl\":\"https:\\\/\\\/aigleshopping.ca\\\/wp-content\\\/uploads\\\/2025\\\/04\\\/1473829033152.jpg\",\"width\":1000,\"height\":1000},{\"@type\":\"BreadcrumbList\",\"@id\":\"https:\\\/\\\/aigleshopping.ca\\\/fr\\\/produit\\\/instrument-de-nettoyage-des-pores-pour-les-points-noirs-artefact-machine-electrique-pour-lacne-pour-les-points-noirs\\\/#breadcrumb\",\"itemListElement\":[{\"@type\":\"ListItem\",\"position\":1,\"name\":\"Home\",\"item\":\"https:\\\/\\\/aigleshopping.ca\\\/fr\\\/home\\\/\"},{\"@type\":\"ListItem\",\"position\":2,\"name\":\"Products\",\"item\":\"https:\\\/\\\/aigleshopping.ca\\\/shop\\\/\"},{\"@type\":\"ListItem\",\"position\":3,\"name\":\"Instrument de nettoyage des pores pour les points noirs artefact machine \u00e9lectrique pour l&#8217;acn\u00e9 pour les points noirs\"}]},{\"@type\":\"WebSite\",\"@id\":\"https:\\\/\\\/aigleshopping.ca\\\/#website\",\"url\":\"https:\\\/\\\/aigleshopping.ca\\\/\",\"name\":\"Aigle Shopping Canada\",\"description\":\"Au-del\u00e0 des fronti\u00e8res, pour vous offrir le\u00a0meilleur!\",\"publisher\":{\"@id\":\"https:\\\/\\\/aigleshopping.ca\\\/#organization\"},\"potentialAction\":[{\"@type\":\"SearchAction\",\"target\":{\"@type\":\"EntryPoint\",\"urlTemplate\":\"https:\\\/\\\/aigleshopping.ca\\\/?s={search_term_string}\"},\"query-input\":{\"@type\":\"PropertyValueSpecification\",\"valueRequired\":true,\"valueName\":\"search_term_string\"}}],\"inLanguage\":\"fr-FR\"},{\"@type\":\"Organization\",\"@id\":\"https:\\\/\\\/aigleshopping.ca\\\/#organization\",\"name\":\"Aigle Shopping Canada\",\"url\":\"https:\\\/\\\/aigleshopping.ca\\\/\",\"logo\":{\"@type\":\"ImageObject\",\"inLanguage\":\"fr-FR\",\"@id\":\"https:\\\/\\\/aigleshopping.ca\\\/#\\\/schema\\\/logo\\\/image\\\/\",\"url\":\"https:\\\/\\\/aigleshopping.ca\\\/wp-content\\\/uploads\\\/2025\\\/12\\\/logo_aigleshopping_ca.png\",\"contentUrl\":\"https:\\\/\\\/aigleshopping.ca\\\/wp-content\\\/uploads\\\/2025\\\/12\\\/logo_aigleshopping_ca.png\",\"width\":800,\"height\":233,\"caption\":\"Aigle Shopping Canada\"},\"image\":{\"@id\":\"https:\\\/\\\/aigleshopping.ca\\\/#\\\/schema\\\/logo\\\/image\\\/\"}}]}<\/script>\n<!-- \/ Yoast SEO plugin. -->","yoast_head_json":{"title":"Instrument de nettoyage des pores pour les points noirs artefact machine \u00e9lectrique pour l'acn\u00e9 pour les points noirs - Aigle Shopping Canada","robots":{"index":"index","follow":"follow","max-snippet":"max-snippet:-1","max-image-preview":"max-image-preview:large","max-video-preview":"max-video-preview:-1"},"canonical":"https:\/\/aigleshopping.ca\/fr\/produit\/instrument-de-nettoyage-des-pores-pour-les-points-noirs-artefact-machine-electrique-pour-lacne-pour-les-points-noirs\/","og_locale":"fr_FR","og_type":"article","og_title":"Instrument de nettoyage des pores pour les points noirs artefact machine \u00e9lectrique pour l'acn\u00e9 pour les points noirs - Aigle Shopping Canada","og_description":"Fonction : aspirer les points noirs, enlever l&rsquo;acn\u00e9 Mode de fonctionnement : pompe \u00e0 vide \u00e9lectrique comment l&rsquo;utiliser 1. Ouvrez vos pores Le moyen le plus simple d'\u00a0\u00bbouvrir\u00a0\u00bb vos pores est de nettoyer la peau. Vous \u00e9liminerez ainsi le s\u00e9bum et la salet\u00e9 en surface Un cosm\u00e9tique qui peut \u00eatre plac\u00e9 sur la couche sup\u00e9rieure [&hellip;]","og_url":"https:\/\/aigleshopping.ca\/fr\/produit\/instrument-de-nettoyage-des-pores-pour-les-points-noirs-artefact-machine-electrique-pour-lacne-pour-les-points-noirs\/","og_site_name":"Aigle Shopping Canada","og_image":[{"width":1000,"height":1000,"url":"https:\/\/aigleshopping.ca\/wp-content\/uploads\/2025\/04\/1473829033152.jpg","type":"image\/jpeg"}],"twitter_card":"summary_large_image","twitter_misc":{"Dur\u00e9e de lecture estim\u00e9e":"3 minutes"},"schema":{"@context":"https:\/\/schema.org","@graph":[{"@type":"WebPage","@id":"https:\/\/aigleshopping.ca\/fr\/produit\/instrument-de-nettoyage-des-pores-pour-les-points-noirs-artefact-machine-electrique-pour-lacne-pour-les-points-noirs\/","url":"https:\/\/aigleshopping.ca\/fr\/produit\/instrument-de-nettoyage-des-pores-pour-les-points-noirs-artefact-machine-electrique-pour-lacne-pour-les-points-noirs\/","name":"Instrument de nettoyage des pores pour les points noirs artefact machine \u00e9lectrique pour l'acn\u00e9 pour les points noirs - Aigle Shopping Canada","isPartOf":{"@id":"https:\/\/aigleshopping.ca\/#website"},"primaryImageOfPage":{"@id":"https:\/\/aigleshopping.ca\/fr\/produit\/instrument-de-nettoyage-des-pores-pour-les-points-noirs-artefact-machine-electrique-pour-lacne-pour-les-points-noirs\/#primaryimage"},"image":{"@id":"https:\/\/aigleshopping.ca\/fr\/produit\/instrument-de-nettoyage-des-pores-pour-les-points-noirs-artefact-machine-electrique-pour-lacne-pour-les-points-noirs\/#primaryimage"},"thumbnailUrl":"https:\/\/aigleshopping.ca\/wp-content\/uploads\/2025\/04\/1473829033152.jpg","datePublished":"2025-04-06T21:31:14+00:00","breadcrumb":{"@id":"https:\/\/aigleshopping.ca\/fr\/produit\/instrument-de-nettoyage-des-pores-pour-les-points-noirs-artefact-machine-electrique-pour-lacne-pour-les-points-noirs\/#breadcrumb"},"inLanguage":"fr-FR","potentialAction":[{"@type":"ReadAction","target":["https:\/\/aigleshopping.ca\/fr\/produit\/instrument-de-nettoyage-des-pores-pour-les-points-noirs-artefact-machine-electrique-pour-lacne-pour-les-points-noirs\/"]}]},{"@type":"ImageObject","inLanguage":"fr-FR","@id":"https:\/\/aigleshopping.ca\/fr\/produit\/instrument-de-nettoyage-des-pores-pour-les-points-noirs-artefact-machine-electrique-pour-lacne-pour-les-points-noirs\/#primaryimage","url":"https:\/\/aigleshopping.ca\/wp-content\/uploads\/2025\/04\/1473829033152.jpg","contentUrl":"https:\/\/aigleshopping.ca\/wp-content\/uploads\/2025\/04\/1473829033152.jpg","width":1000,"height":1000},{"@type":"BreadcrumbList","@id":"https:\/\/aigleshopping.ca\/fr\/produit\/instrument-de-nettoyage-des-pores-pour-les-points-noirs-artefact-machine-electrique-pour-lacne-pour-les-points-noirs\/#breadcrumb","itemListElement":[{"@type":"ListItem","position":1,"name":"Home","item":"https:\/\/aigleshopping.ca\/fr\/home\/"},{"@type":"ListItem","position":2,"name":"Products","item":"https:\/\/aigleshopping.ca\/shop\/"},{"@type":"ListItem","position":3,"name":"Instrument de nettoyage des pores pour les points noirs artefact machine \u00e9lectrique pour l&#8217;acn\u00e9 pour les points noirs"}]},{"@type":"WebSite","@id":"https:\/\/aigleshopping.ca\/#website","url":"https:\/\/aigleshopping.ca\/","name":"Aigle Shopping Canada","description":"Au-del\u00e0 des fronti\u00e8res, pour vous offrir le\u00a0meilleur!","publisher":{"@id":"https:\/\/aigleshopping.ca\/#organization"},"potentialAction":[{"@type":"SearchAction","target":{"@type":"EntryPoint","urlTemplate":"https:\/\/aigleshopping.ca\/?s={search_term_string}"},"query-input":{"@type":"PropertyValueSpecification","valueRequired":true,"valueName":"search_term_string"}}],"inLanguage":"fr-FR"},{"@type":"Organization","@id":"https:\/\/aigleshopping.ca\/#organization","name":"Aigle Shopping Canada","url":"https:\/\/aigleshopping.ca\/","logo":{"@type":"ImageObject","inLanguage":"fr-FR","@id":"https:\/\/aigleshopping.ca\/#\/schema\/logo\/image\/","url":"https:\/\/aigleshopping.ca\/wp-content\/uploads\/2025\/12\/logo_aigleshopping_ca.png","contentUrl":"https:\/\/aigleshopping.ca\/wp-content\/uploads\/2025\/12\/logo_aigleshopping_ca.png","width":800,"height":233,"caption":"Aigle Shopping Canada"},"image":{"@id":"https:\/\/aigleshopping.ca\/#\/schema\/logo\/image\/"}}]}},"jetpack_sharing_enabled":true,"_links":{"self":[{"href":"https:\/\/aigleshopping.ca\/fr\/wp-json\/wp\/v2\/product\/30341","targetHints":{"allow":["GET"]}}],"collection":[{"href":"https:\/\/aigleshopping.ca\/fr\/wp-json\/wp\/v2\/product"}],"about":[{"href":"https:\/\/aigleshopping.ca\/fr\/wp-json\/wp\/v2\/types\/product"}],"replies":[{"embeddable":true,"href":"https:\/\/aigleshopping.ca\/fr\/wp-json\/wp\/v2\/comments?post=30341"}],"wp:featuredmedia":[{"embeddable":true,"href":"https:\/\/aigleshopping.ca\/fr\/wp-json\/wp\/v2\/media\/29668"}],"wp:attachment":[{"href":"https:\/\/aigleshopping.ca\/fr\/wp-json\/wp\/v2\/media?parent=30341"}],"wp:term":[{"taxonomy":"product_brand","embeddable":true,"href":"https:\/\/aigleshopping.ca\/fr\/wp-json\/wp\/v2\/product_brand?post=30341"},{"taxonomy":"product_cat","embeddable":true,"href":"https:\/\/aigleshopping.ca\/fr\/wp-json\/wp\/v2\/product_cat?post=30341"},{"taxonomy":"product_tag","embeddable":true,"href":"https:\/\/aigleshopping.ca\/fr\/wp-json\/wp\/v2\/product_tag?post=30341"}],"curies":[{"name":"wp","href":"https:\/\/api.w.org\/{rel}","templated":true}]}}