{"id":30348,"date":"2025-04-06T21:32:05","date_gmt":"2025-04-06T21:32:05","guid":{"rendered":"https:\/\/aigleshopping.ca\/produit\/masseur-cervical-et-depaules-telecommande-intelligente\/"},"modified":"2025-04-06T21:32:05","modified_gmt":"2025-04-06T21:32:05","slug":"masseur-cervical-et-depaules-telecommande-intelligente","status":"publish","type":"product","link":"https:\/\/aigleshopping.ca\/fr\/produit\/masseur-cervical-et-depaules-telecommande-intelligente\/","title":{"rendered":"Masseur cervical et d&rsquo;\u00e9paules T\u00e9l\u00e9commande intelligente"},"content":{"rendered":"<p> <span style=\"font-weight: bold\">Vue d&rsquo;ensemble :<\/span> <br \/> 1. Gr\u00e2ce \u00e0 la technologie des impulsions \u00e0 faible cycle, p\u00e9n\u00e9trez \u00e0 3-5 centim\u00e8tres sous la peau pour ouvrir les points douloureux et les m\u00e9ridiens, et soulager la douleur de la colonne cervicale.  <br \/>  2. Massage \u00e0 temp\u00e9rature constante. Une compresse chaude \u00e0 42\u2103 peut d\u00e9tendre les vaisseaux sanguins, relaxer les muscles et les os, acc\u00e9l\u00e9rer la circulation sanguine et soulager les douleurs cervicales.   <br \/>  3. 3 modes de massage et 15 niveaux de r\u00e9glage de la force. Mode acupuncture et moxibustion, mode massage et mode frappe.   <br \/>  4. Arr\u00eater \u00e0 intervalles r\u00e9guliers. La valeur par d\u00e9faut est de 15 minutes apr\u00e8s une coupure de courant automatique, ce qui est plus s\u00fbr.   <br \/>  5. Chargement par USB. Batterie de 1600mAh, charg\u00e9e pendant 2 heures, mass\u00e9e pendant 15 minutes chaque jour, elle a dur\u00e9 environ 1 mois.    <\/p>\n<p> <span style=\"font-weight: bold\">Sp\u00e9cification :<\/span> <br \/> Couleur : blanc\/rose\/bleu fonc\u00e9 <br \/> Taille : 142*138*60mm\/5.59*5.43*2.36&Prime; <br \/> Mat\u00e9riau : ABS + acier inoxydable 304 <br \/> Poids : 160g <br \/> Mode de chargement : USB <br \/> Tension : DC5V ; 1A ; 5W <br \/> Capacit\u00e9 de la batterie : 1600mAh   <\/p>\n<p> <span style=\"font-weight: bold\">Contenu de l&#8217;emballage :<\/span> <br \/> 1 X USB Neck Massager <br \/> 1 X USB Charger <br \/> 1 X Remote Controller <br \/> 1 X User Manual  <span style=\"font-family: Calibri, sans-serif;font-size: 10.5pt;text-align: justify\">&nbsp;<\/span> <\/p>\n<p> <img decoding=\"async\" src=\"https:\/\/cf.cjdropshipping.com\/16367616\/1636796092192.jpg\"> <img decoding=\"async\" src=\"https:\/\/cf.cjdropshipping.com\/16367616\/1636796065675.jpg\"> <img decoding=\"async\" src=\"https:\/\/cf.cjdropshipping.com\/16367616\/1636796028208.jpg\"> <img decoding=\"async\" src=\"https:\/\/cf.cjdropshipping.com\/16367616\/1636795988127.jpg\"> <img decoding=\"async\" src=\"https:\/\/cf.cjdropshipping.com\/16367616\/1636795966127.jpg\"> <img decoding=\"async\" src=\"https:\/\/cf.cjdropshipping.com\/16367616\/1636795949344.jpg\"> <img decoding=\"async\" src=\"https:\/\/cf.cjdropshipping.com\/16367616\/1636795932743.jpg\"> <img decoding=\"async\" src=\"https:\/\/cf.cjdropshipping.com\/16367616\/1636795922048.jpg\"> <img decoding=\"async\" src=\"https:\/\/cf.cjdropshipping.com\/16367616\/1636795908233.jpg\"> <img decoding=\"async\" src=\"https:\/\/cf.cjdropshipping.com\/16367616\/1636795890851.jpg\"> <img decoding=\"async\" src=\"https:\/\/cf.cjdropshipping.com\/16367616\/1636795845513.jpg\"> <img decoding=\"async\" src=\"https:\/\/cf.cjdropshipping.com\/b120e338-76a1-4961-bc8d-a512dde2becc.jpg\"> &nbsp;&nbsp; <\/p>\n<p><!--\/* Font Definitions *\/@font-face{font-family:\u5b8b\u4f53;panose-1:2 1 6 0 3 1 1 1 1 1;mso-font-alt:SimSun;mso-font-charset:134;mso-generic-font-family:auto;mso-font-pitch:variable;mso-font-signature:3 680460288 22 0 262145 0;}@font-face{font-family:\"Cambria Math\";panose-1:2 4 5 3 5 4 6 3 2 4;mso-font-charset:0;mso-generic-font-family:roman;mso-font-pitch:variable;mso-font-signature:-536869121 1107305727 33554432 0 415 0;}@font-face{font-family:Calibri;panose-1:2 15 5 2 2 2 4 3 2 4;mso-font-charset:0;mso-generic-font-family:swiss;mso-font-pitch:variable;mso-font-signature:-469750017 -1073732485 9 0 511 0;}@font-face{font-family:\"@\u5b8b\u4f53\";panose-1:2 1 6 0 3 1 1 1 1 1;mso-font-charset:134;mso-generic-font-family:auto;mso-font-pitch:variable;mso-font-signature:3 680460288 22 0 262145 0;}\/* Style Definitions *\/p.MsoNormal, li.MsoNormal, div.MsoNormal{mso-style-unhide:no;mso-style-qformat:yes;mso-style-parent:\"\";margin:0cm;margin-bottom:.0001pt;text-align:justify;text-justify:inter-ideograph;mso-pagination:none;font-size:10.5pt;mso-bidi-font-size:11.0pt;font-family:\"Calibri\",sans-serif;mso-ascii-font-family:Calibri;mso-ascii-theme-font:minor-latin;mso-fareast-font-family:\u5b8b\u4f53;mso-fareast-theme-font:minor-fareast;mso-hansi-font-family:Calibri;mso-hansi-theme-font:minor-latin;mso-bidi-font-family:\"Times New Roman\";mso-bidi-theme-font:minor-bidi;mso-font-kerning:1.0pt;}.MsoChpDefault{mso-style-type:export-only;mso-default-props:yes;font-family:\"Calibri\",sans-serif;mso-bidi-font-family:\"Times New Roman\";mso-bidi-theme-font:minor-bidi;}\/* Page Definitions *\/@page{mso-page-border-surround-header:no;mso-page-border-surround-footer:no;}@page WordSection1{size:595.3pt 841.9pt;margin:72.0pt 90.0pt 72.0pt 90.0pt;mso-header-margin:42.55pt;mso-footer-margin:49.6pt;mso-paper-source:0;layout-grid:15.6pt;}div.WordSection1{page:WordSection1;}--><\/p>\n","protected":false},"excerpt":{"rendered":"<p>Vue d&rsquo;ensemble : 1. Gr\u00e2ce \u00e0 la technologie des impulsions \u00e0 faible cycle, p\u00e9n\u00e9trez \u00e0 3-5 centim\u00e8tres sous la peau pour ouvrir les points douloureux et les m\u00e9ridiens, et soulager la douleur de la colonne cervicale. 2. Massage \u00e0 temp\u00e9rature constante. Une compresse chaude \u00e0 42\u2103 peut d\u00e9tendre les vaisseaux sanguins, relaxer les muscles et [&hellip;]<\/p>\n","protected":false},"featured_media":29701,"comment_status":"open","ping_status":"closed","template":"","meta":{"content-type":""},"product_brand":[],"product_cat":[797],"product_tag":[],"class_list":{"0":"post-30348","1":"product","2":"type-product","3":"status-publish","4":"has-post-thumbnail","6":"product_cat-dispositifs-de-beaute","8":"first","9":"instock","10":"taxable","11":"shipping-taxable","12":"purchasable","13":"product-type-variable","14":"add-to-wishlist-after_add_to_cart"},"yoast_head":"<!-- This site is optimized with the Yoast SEO plugin v27.4 - https:\/\/yoast.com\/product\/yoast-seo-wordpress\/ -->\n<title>Masseur cervical et d&#039;\u00e9paules T\u00e9l\u00e9commande intelligente - Aigle Shopping Canada<\/title>\n<meta name=\"robots\" content=\"index, follow, max-snippet:-1, max-image-preview:large, max-video-preview:-1\" \/>\n<link rel=\"canonical\" href=\"https:\/\/aigleshopping.ca\/fr\/produit\/masseur-cervical-et-depaules-telecommande-intelligente\/\" \/>\n<meta property=\"og:locale\" content=\"fr_FR\" \/>\n<meta property=\"og:type\" content=\"article\" \/>\n<meta property=\"og:title\" content=\"Masseur cervical et d&#039;\u00e9paules T\u00e9l\u00e9commande intelligente - Aigle Shopping Canada\" \/>\n<meta property=\"og:description\" content=\"Vue d&rsquo;ensemble : 1. Gr\u00e2ce \u00e0 la technologie des impulsions \u00e0 faible cycle, p\u00e9n\u00e9trez \u00e0 3-5 centim\u00e8tres sous la peau pour ouvrir les points douloureux et les m\u00e9ridiens, et soulager la douleur de la colonne cervicale. 2. Massage \u00e0 temp\u00e9rature constante. Une compresse chaude \u00e0 42\u2103 peut d\u00e9tendre les vaisseaux sanguins, relaxer les muscles et [&hellip;]\" \/>\n<meta property=\"og:url\" content=\"https:\/\/aigleshopping.ca\/fr\/produit\/masseur-cervical-et-depaules-telecommande-intelligente\/\" \/>\n<meta property=\"og:site_name\" content=\"Aigle Shopping Canada\" \/>\n<meta property=\"og:image\" content=\"https:\/\/aigleshopping.ca\/wp-content\/uploads\/2025\/04\/1230640775983.jpg\" \/>\n\t<meta property=\"og:image:width\" content=\"800\" \/>\n\t<meta property=\"og:image:height\" content=\"800\" \/>\n\t<meta property=\"og:image:type\" content=\"image\/jpeg\" \/>\n<meta name=\"twitter:card\" content=\"summary_large_image\" \/>\n<meta name=\"twitter:label1\" content=\"Dur\u00e9e de lecture estim\u00e9e\" \/>\n\t<meta name=\"twitter:data1\" content=\"1 minute\" \/>\n<script type=\"application\/ld+json\" class=\"yoast-schema-graph\">{\"@context\":\"https:\\\/\\\/schema.org\",\"@graph\":[{\"@type\":\"WebPage\",\"@id\":\"https:\\\/\\\/aigleshopping.ca\\\/fr\\\/produit\\\/masseur-cervical-et-depaules-telecommande-intelligente\\\/\",\"url\":\"https:\\\/\\\/aigleshopping.ca\\\/fr\\\/produit\\\/masseur-cervical-et-depaules-telecommande-intelligente\\\/\",\"name\":\"Masseur cervical et d'\u00e9paules T\u00e9l\u00e9commande intelligente - Aigle Shopping Canada\",\"isPartOf\":{\"@id\":\"https:\\\/\\\/aigleshopping.ca\\\/#website\"},\"primaryImageOfPage\":{\"@id\":\"https:\\\/\\\/aigleshopping.ca\\\/fr\\\/produit\\\/masseur-cervical-et-depaules-telecommande-intelligente\\\/#primaryimage\"},\"image\":{\"@id\":\"https:\\\/\\\/aigleshopping.ca\\\/fr\\\/produit\\\/masseur-cervical-et-depaules-telecommande-intelligente\\\/#primaryimage\"},\"thumbnailUrl\":\"https:\\\/\\\/aigleshopping.ca\\\/wp-content\\\/uploads\\\/2025\\\/04\\\/1230640775983.jpg\",\"datePublished\":\"2025-04-06T21:32:05+00:00\",\"breadcrumb\":{\"@id\":\"https:\\\/\\\/aigleshopping.ca\\\/fr\\\/produit\\\/masseur-cervical-et-depaules-telecommande-intelligente\\\/#breadcrumb\"},\"inLanguage\":\"fr-FR\",\"potentialAction\":[{\"@type\":\"ReadAction\",\"target\":[\"https:\\\/\\\/aigleshopping.ca\\\/fr\\\/produit\\\/masseur-cervical-et-depaules-telecommande-intelligente\\\/\"]}]},{\"@type\":\"ImageObject\",\"inLanguage\":\"fr-FR\",\"@id\":\"https:\\\/\\\/aigleshopping.ca\\\/fr\\\/produit\\\/masseur-cervical-et-depaules-telecommande-intelligente\\\/#primaryimage\",\"url\":\"https:\\\/\\\/aigleshopping.ca\\\/wp-content\\\/uploads\\\/2025\\\/04\\\/1230640775983.jpg\",\"contentUrl\":\"https:\\\/\\\/aigleshopping.ca\\\/wp-content\\\/uploads\\\/2025\\\/04\\\/1230640775983.jpg\",\"width\":800,\"height\":800},{\"@type\":\"BreadcrumbList\",\"@id\":\"https:\\\/\\\/aigleshopping.ca\\\/fr\\\/produit\\\/masseur-cervical-et-depaules-telecommande-intelligente\\\/#breadcrumb\",\"itemListElement\":[{\"@type\":\"ListItem\",\"position\":1,\"name\":\"Home\",\"item\":\"https:\\\/\\\/aigleshopping.ca\\\/fr\\\/home\\\/\"},{\"@type\":\"ListItem\",\"position\":2,\"name\":\"Products\",\"item\":\"https:\\\/\\\/aigleshopping.ca\\\/shop\\\/\"},{\"@type\":\"ListItem\",\"position\":3,\"name\":\"Masseur cervical et d&#8217;\u00e9paules T\u00e9l\u00e9commande intelligente\"}]},{\"@type\":\"WebSite\",\"@id\":\"https:\\\/\\\/aigleshopping.ca\\\/#website\",\"url\":\"https:\\\/\\\/aigleshopping.ca\\\/\",\"name\":\"Aigle Shopping Canada\",\"description\":\"Au-del\u00e0 des fronti\u00e8res, pour vous offrir le\u00a0meilleur!\",\"publisher\":{\"@id\":\"https:\\\/\\\/aigleshopping.ca\\\/#organization\"},\"potentialAction\":[{\"@type\":\"SearchAction\",\"target\":{\"@type\":\"EntryPoint\",\"urlTemplate\":\"https:\\\/\\\/aigleshopping.ca\\\/?s={search_term_string}\"},\"query-input\":{\"@type\":\"PropertyValueSpecification\",\"valueRequired\":true,\"valueName\":\"search_term_string\"}}],\"inLanguage\":\"fr-FR\"},{\"@type\":\"Organization\",\"@id\":\"https:\\\/\\\/aigleshopping.ca\\\/#organization\",\"name\":\"Aigle Shopping Canada\",\"url\":\"https:\\\/\\\/aigleshopping.ca\\\/\",\"logo\":{\"@type\":\"ImageObject\",\"inLanguage\":\"fr-FR\",\"@id\":\"https:\\\/\\\/aigleshopping.ca\\\/#\\\/schema\\\/logo\\\/image\\\/\",\"url\":\"https:\\\/\\\/aigleshopping.ca\\\/wp-content\\\/uploads\\\/2025\\\/12\\\/logo_aigleshopping_ca.png\",\"contentUrl\":\"https:\\\/\\\/aigleshopping.ca\\\/wp-content\\\/uploads\\\/2025\\\/12\\\/logo_aigleshopping_ca.png\",\"width\":800,\"height\":233,\"caption\":\"Aigle Shopping Canada\"},\"image\":{\"@id\":\"https:\\\/\\\/aigleshopping.ca\\\/#\\\/schema\\\/logo\\\/image\\\/\"}}]}<\/script>\n<!-- \/ Yoast SEO plugin. -->","yoast_head_json":{"title":"Masseur cervical et d'\u00e9paules T\u00e9l\u00e9commande intelligente - Aigle Shopping Canada","robots":{"index":"index","follow":"follow","max-snippet":"max-snippet:-1","max-image-preview":"max-image-preview:large","max-video-preview":"max-video-preview:-1"},"canonical":"https:\/\/aigleshopping.ca\/fr\/produit\/masseur-cervical-et-depaules-telecommande-intelligente\/","og_locale":"fr_FR","og_type":"article","og_title":"Masseur cervical et d'\u00e9paules T\u00e9l\u00e9commande intelligente - Aigle Shopping Canada","og_description":"Vue d&rsquo;ensemble : 1. Gr\u00e2ce \u00e0 la technologie des impulsions \u00e0 faible cycle, p\u00e9n\u00e9trez \u00e0 3-5 centim\u00e8tres sous la peau pour ouvrir les points douloureux et les m\u00e9ridiens, et soulager la douleur de la colonne cervicale. 2. Massage \u00e0 temp\u00e9rature constante. Une compresse chaude \u00e0 42\u2103 peut d\u00e9tendre les vaisseaux sanguins, relaxer les muscles et [&hellip;]","og_url":"https:\/\/aigleshopping.ca\/fr\/produit\/masseur-cervical-et-depaules-telecommande-intelligente\/","og_site_name":"Aigle Shopping Canada","og_image":[{"width":800,"height":800,"url":"https:\/\/aigleshopping.ca\/wp-content\/uploads\/2025\/04\/1230640775983.jpg","type":"image\/jpeg"}],"twitter_card":"summary_large_image","twitter_misc":{"Dur\u00e9e de lecture estim\u00e9e":"1 minute"},"schema":{"@context":"https:\/\/schema.org","@graph":[{"@type":"WebPage","@id":"https:\/\/aigleshopping.ca\/fr\/produit\/masseur-cervical-et-depaules-telecommande-intelligente\/","url":"https:\/\/aigleshopping.ca\/fr\/produit\/masseur-cervical-et-depaules-telecommande-intelligente\/","name":"Masseur cervical et d'\u00e9paules T\u00e9l\u00e9commande intelligente - Aigle Shopping Canada","isPartOf":{"@id":"https:\/\/aigleshopping.ca\/#website"},"primaryImageOfPage":{"@id":"https:\/\/aigleshopping.ca\/fr\/produit\/masseur-cervical-et-depaules-telecommande-intelligente\/#primaryimage"},"image":{"@id":"https:\/\/aigleshopping.ca\/fr\/produit\/masseur-cervical-et-depaules-telecommande-intelligente\/#primaryimage"},"thumbnailUrl":"https:\/\/aigleshopping.ca\/wp-content\/uploads\/2025\/04\/1230640775983.jpg","datePublished":"2025-04-06T21:32:05+00:00","breadcrumb":{"@id":"https:\/\/aigleshopping.ca\/fr\/produit\/masseur-cervical-et-depaules-telecommande-intelligente\/#breadcrumb"},"inLanguage":"fr-FR","potentialAction":[{"@type":"ReadAction","target":["https:\/\/aigleshopping.ca\/fr\/produit\/masseur-cervical-et-depaules-telecommande-intelligente\/"]}]},{"@type":"ImageObject","inLanguage":"fr-FR","@id":"https:\/\/aigleshopping.ca\/fr\/produit\/masseur-cervical-et-depaules-telecommande-intelligente\/#primaryimage","url":"https:\/\/aigleshopping.ca\/wp-content\/uploads\/2025\/04\/1230640775983.jpg","contentUrl":"https:\/\/aigleshopping.ca\/wp-content\/uploads\/2025\/04\/1230640775983.jpg","width":800,"height":800},{"@type":"BreadcrumbList","@id":"https:\/\/aigleshopping.ca\/fr\/produit\/masseur-cervical-et-depaules-telecommande-intelligente\/#breadcrumb","itemListElement":[{"@type":"ListItem","position":1,"name":"Home","item":"https:\/\/aigleshopping.ca\/fr\/home\/"},{"@type":"ListItem","position":2,"name":"Products","item":"https:\/\/aigleshopping.ca\/shop\/"},{"@type":"ListItem","position":3,"name":"Masseur cervical et d&#8217;\u00e9paules T\u00e9l\u00e9commande intelligente"}]},{"@type":"WebSite","@id":"https:\/\/aigleshopping.ca\/#website","url":"https:\/\/aigleshopping.ca\/","name":"Aigle Shopping Canada","description":"Au-del\u00e0 des fronti\u00e8res, pour vous offrir le\u00a0meilleur!","publisher":{"@id":"https:\/\/aigleshopping.ca\/#organization"},"potentialAction":[{"@type":"SearchAction","target":{"@type":"EntryPoint","urlTemplate":"https:\/\/aigleshopping.ca\/?s={search_term_string}"},"query-input":{"@type":"PropertyValueSpecification","valueRequired":true,"valueName":"search_term_string"}}],"inLanguage":"fr-FR"},{"@type":"Organization","@id":"https:\/\/aigleshopping.ca\/#organization","name":"Aigle Shopping Canada","url":"https:\/\/aigleshopping.ca\/","logo":{"@type":"ImageObject","inLanguage":"fr-FR","@id":"https:\/\/aigleshopping.ca\/#\/schema\/logo\/image\/","url":"https:\/\/aigleshopping.ca\/wp-content\/uploads\/2025\/12\/logo_aigleshopping_ca.png","contentUrl":"https:\/\/aigleshopping.ca\/wp-content\/uploads\/2025\/12\/logo_aigleshopping_ca.png","width":800,"height":233,"caption":"Aigle Shopping Canada"},"image":{"@id":"https:\/\/aigleshopping.ca\/#\/schema\/logo\/image\/"}}]}},"jetpack_sharing_enabled":true,"_links":{"self":[{"href":"https:\/\/aigleshopping.ca\/fr\/wp-json\/wp\/v2\/product\/30348","targetHints":{"allow":["GET"]}}],"collection":[{"href":"https:\/\/aigleshopping.ca\/fr\/wp-json\/wp\/v2\/product"}],"about":[{"href":"https:\/\/aigleshopping.ca\/fr\/wp-json\/wp\/v2\/types\/product"}],"replies":[{"embeddable":true,"href":"https:\/\/aigleshopping.ca\/fr\/wp-json\/wp\/v2\/comments?post=30348"}],"wp:featuredmedia":[{"embeddable":true,"href":"https:\/\/aigleshopping.ca\/fr\/wp-json\/wp\/v2\/media\/29701"}],"wp:attachment":[{"href":"https:\/\/aigleshopping.ca\/fr\/wp-json\/wp\/v2\/media?parent=30348"}],"wp:term":[{"taxonomy":"product_brand","embeddable":true,"href":"https:\/\/aigleshopping.ca\/fr\/wp-json\/wp\/v2\/product_brand?post=30348"},{"taxonomy":"product_cat","embeddable":true,"href":"https:\/\/aigleshopping.ca\/fr\/wp-json\/wp\/v2\/product_cat?post=30348"},{"taxonomy":"product_tag","embeddable":true,"href":"https:\/\/aigleshopping.ca\/fr\/wp-json\/wp\/v2\/product_tag?post=30348"}],"curies":[{"name":"wp","href":"https:\/\/api.w.org\/{rel}","templated":true}]}}