{"id":30379,"date":"2025-04-06T21:41:06","date_gmt":"2025-04-06T21:41:06","guid":{"rendered":"https:\/\/aigleshopping.ca\/produit\/tondeuse-a-cheveux-barber-hair-clipper-cordless-hair-cutting-machine-beard-trimmer-shaving-machine-wireless-electric-razor-men-shaver\/"},"modified":"2025-04-06T21:41:06","modified_gmt":"2025-04-06T21:41:06","slug":"tondeuse-a-cheveux-barber-hair-clipper-cordless-hair-cutting-machine-beard-trimmer-shaving-machine-wireless-electric-razor-men-shaver","status":"publish","type":"product","link":"https:\/\/aigleshopping.ca\/fr\/produit\/tondeuse-a-cheveux-barber-hair-clipper-cordless-hair-cutting-machine-beard-trimmer-shaving-machine-wireless-electric-razor-men-shaver\/","title":{"rendered":"Tondeuse \u00e0 cheveux Barber Hair Clipper Cordless Hair Cutting Machine Beard Trimmer Shaving Machine Wireless Electric Razor Men Shaver"},"content":{"rendered":"<p> <b>Informations sur le produit :<\/b> <\/p>\n<p>  Marque ; autre  <br \/>  Mode d&rsquo;alimentation : rechargeable  <br \/>  Mod\u00e8le ; T901  <br \/>  Taille ; pirate, comte, indien  <br \/>  Mat\u00e9riau de la lame ; lame en alliage de titane  <br \/>  M\u00e9thode de nettoyage : lavage de la t\u00eate du couteau  <br \/>  Y a-t-il une t\u00eate de broyage automatique ?  <br \/>  Personnes concern\u00e9es ; g\u00e9n\u00e9ralit\u00e9s  <br \/>  Puissance ; 5 (W)  <br \/>  fabriqu\u00e9 en Chine  <br \/>  Num\u00e9ro d&rsquo;article ; T901  <br \/>  Est-il \u00e9tanche ?  <br \/>  Principales plates-formes en aval : eBay, Amazon, wish, AliExpress, stations ind\u00e9pendantes, LAZADA.  <br \/>  Principales zones de vente : Afrique, Europe, Am\u00e9rique du Sud, Asie du Sud-Est, Am\u00e9rique du Nord, Asie du Nord-Est, Moyen-Orient  <br \/>  Disposer d&rsquo;une marque propre pouvant faire l&rsquo;objet d&rsquo;une licence ; oui  <br \/>  S&rsquo;il s&rsquo;agit d&rsquo;une source d&rsquo;approvisionnement exclusive pour l&rsquo;exportation transfrontali\u00e8re ;  <br \/>  La source des produits brevet\u00e9s ; Non  <br \/>  Type de moteur ; moteur \u00e0 noyau de cuivre  <br \/>  Technologie de la coquille ; moulage  <\/p>\n<p> <b>Liste d&#8217;emballage :<\/b> <\/p>\n<p>Tondeuse \u00e0 cheveux rechargeablex1<\/p>\n<p> <img decoding=\"async\" src=\"https:\/\/cf.cjdropshipping.com\/874fec82-dd4a-4351-8cb0-b3971479d550.jpg\"> <img decoding=\"async\" src=\"https:\/\/cf.cjdropshipping.com\/ae180556-c9a2-4850-b93e-cd262404b78e.jpg\"> <img decoding=\"async\" src=\"https:\/\/cf.cjdropshipping.com\/b0ca6100-0a21-49eb-bf1a-2a0d647b5068.jpg\">  <\/p>\n","protected":false},"excerpt":{"rendered":"<p>Informations sur le produit : Marque ; autre Mode d&rsquo;alimentation : rechargeable Mod\u00e8le ; T901 Taille ; pirate, comte, indien Mat\u00e9riau de la lame ; lame en alliage de titane M\u00e9thode de nettoyage : lavage de la t\u00eate du couteau Y a-t-il une t\u00eate de broyage automatique ? Personnes concern\u00e9es ; g\u00e9n\u00e9ralit\u00e9s Puissance ; 5 [&hellip;]<\/p>\n","protected":false},"featured_media":30002,"comment_status":"open","ping_status":"closed","template":"","meta":{"content-type":""},"product_brand":[],"product_cat":[797],"product_tag":[],"class_list":{"0":"post-30379","1":"product","2":"type-product","3":"status-publish","4":"has-post-thumbnail","6":"product_cat-dispositifs-de-beaute","8":"first","9":"instock","10":"taxable","11":"shipping-taxable","12":"purchasable","13":"product-type-variable","14":"add-to-wishlist-after_add_to_cart"},"yoast_head":"<!-- This site is optimized with the Yoast SEO plugin v27.4 - https:\/\/yoast.com\/product\/yoast-seo-wordpress\/ -->\n<title>Tondeuse \u00e0 cheveux Barber Hair Clipper Cordless Hair Cutting Machine Beard Trimmer Shaving Machine Wireless Electric Razor Men Shaver - Aigle Shopping Canada<\/title>\n<meta name=\"robots\" content=\"index, follow, max-snippet:-1, max-image-preview:large, max-video-preview:-1\" \/>\n<link rel=\"canonical\" href=\"https:\/\/aigleshopping.ca\/fr\/produit\/tondeuse-a-cheveux-barber-hair-clipper-cordless-hair-cutting-machine-beard-trimmer-shaving-machine-wireless-electric-razor-men-shaver\/\" \/>\n<meta property=\"og:locale\" content=\"fr_FR\" \/>\n<meta property=\"og:type\" content=\"article\" \/>\n<meta property=\"og:title\" content=\"Tondeuse \u00e0 cheveux Barber Hair Clipper Cordless Hair Cutting Machine Beard Trimmer Shaving Machine Wireless Electric Razor Men Shaver - Aigle Shopping Canada\" \/>\n<meta property=\"og:description\" content=\"Informations sur le produit : Marque ; autre Mode d&rsquo;alimentation : rechargeable Mod\u00e8le ; T901 Taille ; pirate, comte, indien Mat\u00e9riau de la lame ; lame en alliage de titane M\u00e9thode de nettoyage : lavage de la t\u00eate du couteau Y a-t-il une t\u00eate de broyage automatique ? Personnes concern\u00e9es ; g\u00e9n\u00e9ralit\u00e9s Puissance ; 5 [&hellip;]\" \/>\n<meta property=\"og:url\" content=\"https:\/\/aigleshopping.ca\/fr\/produit\/tondeuse-a-cheveux-barber-hair-clipper-cordless-hair-cutting-machine-beard-trimmer-shaving-machine-wireless-electric-razor-men-shaver\/\" \/>\n<meta property=\"og:site_name\" content=\"Aigle Shopping Canada\" \/>\n<meta property=\"og:image\" content=\"https:\/\/aigleshopping.ca\/wp-content\/uploads\/2025\/04\/ccfbb274-d759-4b5f-b56d-5260d1c75980.jpg\" \/>\n\t<meta property=\"og:image:width\" content=\"1080\" \/>\n\t<meta property=\"og:image:height\" content=\"1080\" \/>\n\t<meta property=\"og:image:type\" content=\"image\/jpeg\" \/>\n<meta name=\"twitter:card\" content=\"summary_large_image\" \/>\n<meta name=\"twitter:label1\" content=\"Dur\u00e9e de lecture estim\u00e9e\" \/>\n\t<meta name=\"twitter:data1\" content=\"1 minute\" \/>\n<script type=\"application\/ld+json\" class=\"yoast-schema-graph\">{\"@context\":\"https:\\\/\\\/schema.org\",\"@graph\":[{\"@type\":\"WebPage\",\"@id\":\"https:\\\/\\\/aigleshopping.ca\\\/fr\\\/produit\\\/tondeuse-a-cheveux-barber-hair-clipper-cordless-hair-cutting-machine-beard-trimmer-shaving-machine-wireless-electric-razor-men-shaver\\\/\",\"url\":\"https:\\\/\\\/aigleshopping.ca\\\/fr\\\/produit\\\/tondeuse-a-cheveux-barber-hair-clipper-cordless-hair-cutting-machine-beard-trimmer-shaving-machine-wireless-electric-razor-men-shaver\\\/\",\"name\":\"Tondeuse \u00e0 cheveux Barber Hair Clipper Cordless Hair Cutting Machine Beard Trimmer Shaving Machine Wireless Electric Razor Men Shaver - Aigle Shopping Canada\",\"isPartOf\":{\"@id\":\"https:\\\/\\\/aigleshopping.ca\\\/#website\"},\"primaryImageOfPage\":{\"@id\":\"https:\\\/\\\/aigleshopping.ca\\\/fr\\\/produit\\\/tondeuse-a-cheveux-barber-hair-clipper-cordless-hair-cutting-machine-beard-trimmer-shaving-machine-wireless-electric-razor-men-shaver\\\/#primaryimage\"},\"image\":{\"@id\":\"https:\\\/\\\/aigleshopping.ca\\\/fr\\\/produit\\\/tondeuse-a-cheveux-barber-hair-clipper-cordless-hair-cutting-machine-beard-trimmer-shaving-machine-wireless-electric-razor-men-shaver\\\/#primaryimage\"},\"thumbnailUrl\":\"https:\\\/\\\/aigleshopping.ca\\\/wp-content\\\/uploads\\\/2025\\\/04\\\/ccfbb274-d759-4b5f-b56d-5260d1c75980.jpg\",\"datePublished\":\"2025-04-06T21:41:06+00:00\",\"breadcrumb\":{\"@id\":\"https:\\\/\\\/aigleshopping.ca\\\/fr\\\/produit\\\/tondeuse-a-cheveux-barber-hair-clipper-cordless-hair-cutting-machine-beard-trimmer-shaving-machine-wireless-electric-razor-men-shaver\\\/#breadcrumb\"},\"inLanguage\":\"fr-FR\",\"potentialAction\":[{\"@type\":\"ReadAction\",\"target\":[\"https:\\\/\\\/aigleshopping.ca\\\/fr\\\/produit\\\/tondeuse-a-cheveux-barber-hair-clipper-cordless-hair-cutting-machine-beard-trimmer-shaving-machine-wireless-electric-razor-men-shaver\\\/\"]}]},{\"@type\":\"ImageObject\",\"inLanguage\":\"fr-FR\",\"@id\":\"https:\\\/\\\/aigleshopping.ca\\\/fr\\\/produit\\\/tondeuse-a-cheveux-barber-hair-clipper-cordless-hair-cutting-machine-beard-trimmer-shaving-machine-wireless-electric-razor-men-shaver\\\/#primaryimage\",\"url\":\"https:\\\/\\\/aigleshopping.ca\\\/wp-content\\\/uploads\\\/2025\\\/04\\\/ccfbb274-d759-4b5f-b56d-5260d1c75980.jpg\",\"contentUrl\":\"https:\\\/\\\/aigleshopping.ca\\\/wp-content\\\/uploads\\\/2025\\\/04\\\/ccfbb274-d759-4b5f-b56d-5260d1c75980.jpg\",\"width\":1080,\"height\":1080},{\"@type\":\"BreadcrumbList\",\"@id\":\"https:\\\/\\\/aigleshopping.ca\\\/fr\\\/produit\\\/tondeuse-a-cheveux-barber-hair-clipper-cordless-hair-cutting-machine-beard-trimmer-shaving-machine-wireless-electric-razor-men-shaver\\\/#breadcrumb\",\"itemListElement\":[{\"@type\":\"ListItem\",\"position\":1,\"name\":\"Home\",\"item\":\"https:\\\/\\\/aigleshopping.ca\\\/fr\\\/home\\\/\"},{\"@type\":\"ListItem\",\"position\":2,\"name\":\"Products\",\"item\":\"https:\\\/\\\/aigleshopping.ca\\\/shop\\\/\"},{\"@type\":\"ListItem\",\"position\":3,\"name\":\"Tondeuse \u00e0 cheveux Barber Hair Clipper Cordless Hair Cutting Machine Beard Trimmer Shaving Machine Wireless Electric Razor Men Shaver\"}]},{\"@type\":\"WebSite\",\"@id\":\"https:\\\/\\\/aigleshopping.ca\\\/#website\",\"url\":\"https:\\\/\\\/aigleshopping.ca\\\/\",\"name\":\"Aigle Shopping Canada\",\"description\":\"Au-del\u00e0 des fronti\u00e8res, pour vous offrir le\u00a0meilleur!\",\"publisher\":{\"@id\":\"https:\\\/\\\/aigleshopping.ca\\\/#organization\"},\"potentialAction\":[{\"@type\":\"SearchAction\",\"target\":{\"@type\":\"EntryPoint\",\"urlTemplate\":\"https:\\\/\\\/aigleshopping.ca\\\/?s={search_term_string}\"},\"query-input\":{\"@type\":\"PropertyValueSpecification\",\"valueRequired\":true,\"valueName\":\"search_term_string\"}}],\"inLanguage\":\"fr-FR\"},{\"@type\":\"Organization\",\"@id\":\"https:\\\/\\\/aigleshopping.ca\\\/#organization\",\"name\":\"Aigle Shopping Canada\",\"url\":\"https:\\\/\\\/aigleshopping.ca\\\/\",\"logo\":{\"@type\":\"ImageObject\",\"inLanguage\":\"fr-FR\",\"@id\":\"https:\\\/\\\/aigleshopping.ca\\\/#\\\/schema\\\/logo\\\/image\\\/\",\"url\":\"https:\\\/\\\/aigleshopping.ca\\\/wp-content\\\/uploads\\\/2025\\\/12\\\/logo_aigleshopping_ca.png\",\"contentUrl\":\"https:\\\/\\\/aigleshopping.ca\\\/wp-content\\\/uploads\\\/2025\\\/12\\\/logo_aigleshopping_ca.png\",\"width\":800,\"height\":233,\"caption\":\"Aigle Shopping Canada\"},\"image\":{\"@id\":\"https:\\\/\\\/aigleshopping.ca\\\/#\\\/schema\\\/logo\\\/image\\\/\"}}]}<\/script>\n<!-- \/ Yoast SEO plugin. -->","yoast_head_json":{"title":"Tondeuse \u00e0 cheveux Barber Hair Clipper Cordless Hair Cutting Machine Beard Trimmer Shaving Machine Wireless Electric Razor Men Shaver - Aigle Shopping Canada","robots":{"index":"index","follow":"follow","max-snippet":"max-snippet:-1","max-image-preview":"max-image-preview:large","max-video-preview":"max-video-preview:-1"},"canonical":"https:\/\/aigleshopping.ca\/fr\/produit\/tondeuse-a-cheveux-barber-hair-clipper-cordless-hair-cutting-machine-beard-trimmer-shaving-machine-wireless-electric-razor-men-shaver\/","og_locale":"fr_FR","og_type":"article","og_title":"Tondeuse \u00e0 cheveux Barber Hair Clipper Cordless Hair Cutting Machine Beard Trimmer Shaving Machine Wireless Electric Razor Men Shaver - Aigle Shopping Canada","og_description":"Informations sur le produit : Marque ; autre Mode d&rsquo;alimentation : rechargeable Mod\u00e8le ; T901 Taille ; pirate, comte, indien Mat\u00e9riau de la lame ; lame en alliage de titane M\u00e9thode de nettoyage : lavage de la t\u00eate du couteau Y a-t-il une t\u00eate de broyage automatique ? Personnes concern\u00e9es ; g\u00e9n\u00e9ralit\u00e9s Puissance ; 5 [&hellip;]","og_url":"https:\/\/aigleshopping.ca\/fr\/produit\/tondeuse-a-cheveux-barber-hair-clipper-cordless-hair-cutting-machine-beard-trimmer-shaving-machine-wireless-electric-razor-men-shaver\/","og_site_name":"Aigle Shopping Canada","og_image":[{"width":1080,"height":1080,"url":"https:\/\/aigleshopping.ca\/wp-content\/uploads\/2025\/04\/ccfbb274-d759-4b5f-b56d-5260d1c75980.jpg","type":"image\/jpeg"}],"twitter_card":"summary_large_image","twitter_misc":{"Dur\u00e9e de lecture estim\u00e9e":"1 minute"},"schema":{"@context":"https:\/\/schema.org","@graph":[{"@type":"WebPage","@id":"https:\/\/aigleshopping.ca\/fr\/produit\/tondeuse-a-cheveux-barber-hair-clipper-cordless-hair-cutting-machine-beard-trimmer-shaving-machine-wireless-electric-razor-men-shaver\/","url":"https:\/\/aigleshopping.ca\/fr\/produit\/tondeuse-a-cheveux-barber-hair-clipper-cordless-hair-cutting-machine-beard-trimmer-shaving-machine-wireless-electric-razor-men-shaver\/","name":"Tondeuse \u00e0 cheveux Barber Hair Clipper Cordless Hair Cutting Machine Beard Trimmer Shaving Machine Wireless Electric Razor Men Shaver - Aigle Shopping Canada","isPartOf":{"@id":"https:\/\/aigleshopping.ca\/#website"},"primaryImageOfPage":{"@id":"https:\/\/aigleshopping.ca\/fr\/produit\/tondeuse-a-cheveux-barber-hair-clipper-cordless-hair-cutting-machine-beard-trimmer-shaving-machine-wireless-electric-razor-men-shaver\/#primaryimage"},"image":{"@id":"https:\/\/aigleshopping.ca\/fr\/produit\/tondeuse-a-cheveux-barber-hair-clipper-cordless-hair-cutting-machine-beard-trimmer-shaving-machine-wireless-electric-razor-men-shaver\/#primaryimage"},"thumbnailUrl":"https:\/\/aigleshopping.ca\/wp-content\/uploads\/2025\/04\/ccfbb274-d759-4b5f-b56d-5260d1c75980.jpg","datePublished":"2025-04-06T21:41:06+00:00","breadcrumb":{"@id":"https:\/\/aigleshopping.ca\/fr\/produit\/tondeuse-a-cheveux-barber-hair-clipper-cordless-hair-cutting-machine-beard-trimmer-shaving-machine-wireless-electric-razor-men-shaver\/#breadcrumb"},"inLanguage":"fr-FR","potentialAction":[{"@type":"ReadAction","target":["https:\/\/aigleshopping.ca\/fr\/produit\/tondeuse-a-cheveux-barber-hair-clipper-cordless-hair-cutting-machine-beard-trimmer-shaving-machine-wireless-electric-razor-men-shaver\/"]}]},{"@type":"ImageObject","inLanguage":"fr-FR","@id":"https:\/\/aigleshopping.ca\/fr\/produit\/tondeuse-a-cheveux-barber-hair-clipper-cordless-hair-cutting-machine-beard-trimmer-shaving-machine-wireless-electric-razor-men-shaver\/#primaryimage","url":"https:\/\/aigleshopping.ca\/wp-content\/uploads\/2025\/04\/ccfbb274-d759-4b5f-b56d-5260d1c75980.jpg","contentUrl":"https:\/\/aigleshopping.ca\/wp-content\/uploads\/2025\/04\/ccfbb274-d759-4b5f-b56d-5260d1c75980.jpg","width":1080,"height":1080},{"@type":"BreadcrumbList","@id":"https:\/\/aigleshopping.ca\/fr\/produit\/tondeuse-a-cheveux-barber-hair-clipper-cordless-hair-cutting-machine-beard-trimmer-shaving-machine-wireless-electric-razor-men-shaver\/#breadcrumb","itemListElement":[{"@type":"ListItem","position":1,"name":"Home","item":"https:\/\/aigleshopping.ca\/fr\/home\/"},{"@type":"ListItem","position":2,"name":"Products","item":"https:\/\/aigleshopping.ca\/shop\/"},{"@type":"ListItem","position":3,"name":"Tondeuse \u00e0 cheveux Barber Hair Clipper Cordless Hair Cutting Machine Beard Trimmer Shaving Machine Wireless Electric Razor Men Shaver"}]},{"@type":"WebSite","@id":"https:\/\/aigleshopping.ca\/#website","url":"https:\/\/aigleshopping.ca\/","name":"Aigle Shopping Canada","description":"Au-del\u00e0 des fronti\u00e8res, pour vous offrir le\u00a0meilleur!","publisher":{"@id":"https:\/\/aigleshopping.ca\/#organization"},"potentialAction":[{"@type":"SearchAction","target":{"@type":"EntryPoint","urlTemplate":"https:\/\/aigleshopping.ca\/?s={search_term_string}"},"query-input":{"@type":"PropertyValueSpecification","valueRequired":true,"valueName":"search_term_string"}}],"inLanguage":"fr-FR"},{"@type":"Organization","@id":"https:\/\/aigleshopping.ca\/#organization","name":"Aigle Shopping Canada","url":"https:\/\/aigleshopping.ca\/","logo":{"@type":"ImageObject","inLanguage":"fr-FR","@id":"https:\/\/aigleshopping.ca\/#\/schema\/logo\/image\/","url":"https:\/\/aigleshopping.ca\/wp-content\/uploads\/2025\/12\/logo_aigleshopping_ca.png","contentUrl":"https:\/\/aigleshopping.ca\/wp-content\/uploads\/2025\/12\/logo_aigleshopping_ca.png","width":800,"height":233,"caption":"Aigle Shopping Canada"},"image":{"@id":"https:\/\/aigleshopping.ca\/#\/schema\/logo\/image\/"}}]}},"jetpack_sharing_enabled":true,"_links":{"self":[{"href":"https:\/\/aigleshopping.ca\/fr\/wp-json\/wp\/v2\/product\/30379","targetHints":{"allow":["GET"]}}],"collection":[{"href":"https:\/\/aigleshopping.ca\/fr\/wp-json\/wp\/v2\/product"}],"about":[{"href":"https:\/\/aigleshopping.ca\/fr\/wp-json\/wp\/v2\/types\/product"}],"replies":[{"embeddable":true,"href":"https:\/\/aigleshopping.ca\/fr\/wp-json\/wp\/v2\/comments?post=30379"}],"wp:featuredmedia":[{"embeddable":true,"href":"https:\/\/aigleshopping.ca\/fr\/wp-json\/wp\/v2\/media\/30002"}],"wp:attachment":[{"href":"https:\/\/aigleshopping.ca\/fr\/wp-json\/wp\/v2\/media?parent=30379"}],"wp:term":[{"taxonomy":"product_brand","embeddable":true,"href":"https:\/\/aigleshopping.ca\/fr\/wp-json\/wp\/v2\/product_brand?post=30379"},{"taxonomy":"product_cat","embeddable":true,"href":"https:\/\/aigleshopping.ca\/fr\/wp-json\/wp\/v2\/product_cat?post=30379"},{"taxonomy":"product_tag","embeddable":true,"href":"https:\/\/aigleshopping.ca\/fr\/wp-json\/wp\/v2\/product_tag?post=30379"}],"curies":[{"name":"wp","href":"https:\/\/api.w.org\/{rel}","templated":true}]}}