{"id":30395,"date":"2025-04-06T21:38:59","date_gmt":"2025-04-06T21:38:59","guid":{"rendered":"https:\/\/aigleshopping.ca\/produit\/collagen-face-mask-moisturizing-firming-face-sheet-mask-hyaluronic-acid-facial-masks-beauty-skin-care-gel-skin-care\/"},"modified":"2025-07-22T13:02:51","modified_gmt":"2025-07-22T13:02:51","slug":"collagen-face-mask-moisturizing-firming-face-sheet-mask-hyaluronic-acid-facial-masks-beauty-skin-care-gel-skin-care","status":"publish","type":"product","link":"https:\/\/aigleshopping.ca\/fr\/produit\/collagen-face-mask-moisturizing-firming-face-sheet-mask-hyaluronic-acid-facial-masks-beauty-skin-care-gel-skin-care\/","title":{"rendered":"Collagen Face Mask Moisturizing Firming Face Sheet Mask Hyaluronic Acid Facial Masks Beauty Skin Care Gel Skin Care"},"content":{"rendered":"<p> <b>  Comment l&rsquo;utiliser :  <br \/> <\/b>  Apr\u00e8s&nbsp;nettoyage&nbsp;les&nbsp;la peau,&nbsp;appliquer&nbsp;le masque sur le visage.&nbsp;Attendez&nbsp;pour&nbsp;15-20 minutes et retirez-le.  <b> <br \/> <\/b> <\/p>\n<p> <b> <br \/> <\/b> <\/p>\n<p> <b>Informations sur le produit :<\/b> <br \/> Cat\u00e9gorie de produit : patch <br \/> Type de peau : G\u00e9n\u00e9ral <br \/> Sp\u00e9cifications : sp\u00e9cifications normales <br \/> Dur\u00e9e de conservation : trois ans <br \/> Contenu net : 30 (g\/ml) <br \/> Cat\u00e9gorie de couleur : Blanc <br \/> Sp\u00e9cifications : masque \u00e0 la vitamine C\/30g, masque \u00e0 la Centella Asiatica\/30g, masque au collag\u00e8ne\/30g, masque \u00e0 l&rsquo;acide hyaluronique\/30g <br \/> Ingr\u00e9dients : Centella Asiatica, acide hyaluronique, vitamine C, collag\u00e8ne <br \/> Efficacit\u00e9 cosm\u00e9tique : hydratation, hydratation, hydratation, hydratation, adoucissement de la peau <\/p>\n<p> <b>Liste d&#8217;emballage<\/b> <br \/> Masque*1  <\/p>\n<p> <img decoding=\"async\" src=\"https:\/\/cf.cjdropshipping.com\/17200512\/2407040331260320400.jpg\"> <img decoding=\"async\" src=\"https:\/\/cf.cjdropshipping.com\/17200512\/2407040331260322700.jpg\"> <img decoding=\"async\" src=\"https:\/\/cf.cjdropshipping.com\/17200512\/2407040331260324700.jpg\"> <img decoding=\"async\" src=\"https:\/\/cf.cjdropshipping.com\/17200512\/2407040331260327900.jpg\"> <img decoding=\"async\" src=\"https:\/\/cf.cjdropshipping.com\/17200512\/2407040331260329800.jpg\"> <img decoding=\"async\" src=\"https:\/\/cf.cjdropshipping.com\/17200512\/2407040331270323500.jpg\"> <img decoding=\"async\" src=\"https:\/\/cf.cjdropshipping.com\/17200512\/2407040331270325800.jpg\"> <img decoding=\"async\" src=\"https:\/\/cf.cjdropshipping.com\/17200512\/2407040331270327700.jpg\"> <img decoding=\"async\" src=\"https:\/\/cf.cjdropshipping.com\/17200512\/2407040331270329900.jpg\"> <img decoding=\"async\" src=\"https:\/\/cf.cjdropshipping.com\/17200512\/2407040331280322300.jpg\"> <img decoding=\"async\" src=\"https:\/\/cf.cjdropshipping.com\/17200512\/2407040331280323800.jpg\"> <img decoding=\"async\" src=\"https:\/\/cf.cjdropshipping.com\/17200512\/2407040331280327200.jpg\"> <img decoding=\"async\" src=\"https:\/\/cf.cjdropshipping.com\/17200512\/2407040331290320300.jpg\"> <\/p>\n","protected":false},"excerpt":{"rendered":"<p>Comment l&rsquo;utiliser : Apr\u00e8s&nbsp;nettoyage&nbsp;les&nbsp;la peau,&nbsp;appliquer&nbsp;le masque sur le visage.&nbsp;Attendez&nbsp;pour&nbsp;15-20 minutes et retirez-le. Informations sur le produit : Cat\u00e9gorie de produit : patch Type de peau : G\u00e9n\u00e9ral Sp\u00e9cifications : sp\u00e9cifications normales Dur\u00e9e de conservation : trois ans Contenu net : 30 (g\/ml) Cat\u00e9gorie de couleur : Blanc Sp\u00e9cifications : masque \u00e0 la vitamine C\/30g, masque [&hellip;]<\/p>\n","protected":false},"featured_media":29922,"comment_status":"open","ping_status":"closed","template":"","meta":{"content-type":""},"product_brand":[],"product_cat":[797],"product_tag":[],"class_list":{"0":"post-30395","1":"product","2":"type-product","3":"status-publish","4":"has-post-thumbnail","6":"product_cat-dispositifs-de-beaute","8":"first","9":"instock","10":"taxable","11":"shipping-taxable","12":"purchasable","13":"product-type-variable","14":"add-to-wishlist-after_add_to_cart"},"yoast_head":"<!-- This site is optimized with the Yoast SEO plugin v27.4 - https:\/\/yoast.com\/product\/yoast-seo-wordpress\/ -->\n<title>Collagen Face Mask Moisturizing Firming Face Sheet Mask Hyaluronic Acid Facial Masks Beauty Skin Care Gel Skin Care - Aigle Shopping Canada<\/title>\n<meta name=\"robots\" content=\"index, follow, max-snippet:-1, max-image-preview:large, max-video-preview:-1\" \/>\n<link rel=\"canonical\" href=\"https:\/\/aigleshopping.ca\/fr\/produit\/collagen-face-mask-moisturizing-firming-face-sheet-mask-hyaluronic-acid-facial-masks-beauty-skin-care-gel-skin-care\/\" \/>\n<meta property=\"og:locale\" content=\"fr_FR\" \/>\n<meta property=\"og:type\" content=\"article\" \/>\n<meta property=\"og:title\" content=\"Collagen Face Mask Moisturizing Firming Face Sheet Mask Hyaluronic Acid Facial Masks Beauty Skin Care Gel Skin Care - Aigle Shopping Canada\" \/>\n<meta property=\"og:description\" content=\"Comment l&rsquo;utiliser : Apr\u00e8s&nbsp;nettoyage&nbsp;les&nbsp;la peau,&nbsp;appliquer&nbsp;le masque sur le visage.&nbsp;Attendez&nbsp;pour&nbsp;15-20 minutes et retirez-le. Informations sur le produit : Cat\u00e9gorie de produit : patch Type de peau : G\u00e9n\u00e9ral Sp\u00e9cifications : sp\u00e9cifications normales Dur\u00e9e de conservation : trois ans Contenu net : 30 (g\/ml) Cat\u00e9gorie de couleur : Blanc Sp\u00e9cifications : masque \u00e0 la vitamine C\/30g, masque [&hellip;]\" \/>\n<meta property=\"og:url\" content=\"https:\/\/aigleshopping.ca\/fr\/produit\/collagen-face-mask-moisturizing-firming-face-sheet-mask-hyaluronic-acid-facial-masks-beauty-skin-care-gel-skin-care\/\" \/>\n<meta property=\"og:site_name\" content=\"Aigle Shopping Canada\" \/>\n<meta property=\"article:modified_time\" content=\"2025-07-22T13:02:51+00:00\" \/>\n<meta property=\"og:image\" content=\"https:\/\/aigleshopping.ca\/wp-content\/uploads\/2025\/04\/96f40919-1f84-4eeb-84f1-26c0fb60e493.jpg\" \/>\n\t<meta property=\"og:image:width\" content=\"800\" \/>\n\t<meta property=\"og:image:height\" content=\"800\" \/>\n\t<meta property=\"og:image:type\" content=\"image\/jpeg\" \/>\n<meta name=\"twitter:card\" content=\"summary_large_image\" \/>\n<meta name=\"twitter:label1\" content=\"Dur\u00e9e de lecture estim\u00e9e\" \/>\n\t<meta name=\"twitter:data1\" content=\"1 minute\" \/>\n<script type=\"application\/ld+json\" class=\"yoast-schema-graph\">{\"@context\":\"https:\\\/\\\/schema.org\",\"@graph\":[{\"@type\":\"WebPage\",\"@id\":\"https:\\\/\\\/aigleshopping.ca\\\/fr\\\/produit\\\/collagen-face-mask-moisturizing-firming-face-sheet-mask-hyaluronic-acid-facial-masks-beauty-skin-care-gel-skin-care\\\/\",\"url\":\"https:\\\/\\\/aigleshopping.ca\\\/fr\\\/produit\\\/collagen-face-mask-moisturizing-firming-face-sheet-mask-hyaluronic-acid-facial-masks-beauty-skin-care-gel-skin-care\\\/\",\"name\":\"Collagen Face Mask Moisturizing Firming Face Sheet Mask Hyaluronic Acid Facial Masks Beauty Skin Care Gel Skin Care - Aigle Shopping Canada\",\"isPartOf\":{\"@id\":\"https:\\\/\\\/aigleshopping.ca\\\/#website\"},\"primaryImageOfPage\":{\"@id\":\"https:\\\/\\\/aigleshopping.ca\\\/fr\\\/produit\\\/collagen-face-mask-moisturizing-firming-face-sheet-mask-hyaluronic-acid-facial-masks-beauty-skin-care-gel-skin-care\\\/#primaryimage\"},\"image\":{\"@id\":\"https:\\\/\\\/aigleshopping.ca\\\/fr\\\/produit\\\/collagen-face-mask-moisturizing-firming-face-sheet-mask-hyaluronic-acid-facial-masks-beauty-skin-care-gel-skin-care\\\/#primaryimage\"},\"thumbnailUrl\":\"https:\\\/\\\/aigleshopping.ca\\\/wp-content\\\/uploads\\\/2025\\\/04\\\/96f40919-1f84-4eeb-84f1-26c0fb60e493.jpg\",\"datePublished\":\"2025-04-06T21:38:59+00:00\",\"dateModified\":\"2025-07-22T13:02:51+00:00\",\"breadcrumb\":{\"@id\":\"https:\\\/\\\/aigleshopping.ca\\\/fr\\\/produit\\\/collagen-face-mask-moisturizing-firming-face-sheet-mask-hyaluronic-acid-facial-masks-beauty-skin-care-gel-skin-care\\\/#breadcrumb\"},\"inLanguage\":\"fr-FR\",\"potentialAction\":[{\"@type\":\"ReadAction\",\"target\":[\"https:\\\/\\\/aigleshopping.ca\\\/fr\\\/produit\\\/collagen-face-mask-moisturizing-firming-face-sheet-mask-hyaluronic-acid-facial-masks-beauty-skin-care-gel-skin-care\\\/\"]}]},{\"@type\":\"ImageObject\",\"inLanguage\":\"fr-FR\",\"@id\":\"https:\\\/\\\/aigleshopping.ca\\\/fr\\\/produit\\\/collagen-face-mask-moisturizing-firming-face-sheet-mask-hyaluronic-acid-facial-masks-beauty-skin-care-gel-skin-care\\\/#primaryimage\",\"url\":\"https:\\\/\\\/aigleshopping.ca\\\/wp-content\\\/uploads\\\/2025\\\/04\\\/96f40919-1f84-4eeb-84f1-26c0fb60e493.jpg\",\"contentUrl\":\"https:\\\/\\\/aigleshopping.ca\\\/wp-content\\\/uploads\\\/2025\\\/04\\\/96f40919-1f84-4eeb-84f1-26c0fb60e493.jpg\",\"width\":800,\"height\":800},{\"@type\":\"BreadcrumbList\",\"@id\":\"https:\\\/\\\/aigleshopping.ca\\\/fr\\\/produit\\\/collagen-face-mask-moisturizing-firming-face-sheet-mask-hyaluronic-acid-facial-masks-beauty-skin-care-gel-skin-care\\\/#breadcrumb\",\"itemListElement\":[{\"@type\":\"ListItem\",\"position\":1,\"name\":\"Home\",\"item\":\"https:\\\/\\\/aigleshopping.ca\\\/fr\\\/home\\\/\"},{\"@type\":\"ListItem\",\"position\":2,\"name\":\"Products\",\"item\":\"https:\\\/\\\/aigleshopping.ca\\\/shop\\\/\"},{\"@type\":\"ListItem\",\"position\":3,\"name\":\"Collagen Face Mask Moisturizing Firming Face Sheet Mask Hyaluronic Acid Facial Masks Beauty Skin Care Gel Skin Care\"}]},{\"@type\":\"WebSite\",\"@id\":\"https:\\\/\\\/aigleshopping.ca\\\/#website\",\"url\":\"https:\\\/\\\/aigleshopping.ca\\\/\",\"name\":\"Aigle Shopping Canada\",\"description\":\"Au-del\u00e0 des fronti\u00e8res, pour vous offrir le\u00a0meilleur!\",\"publisher\":{\"@id\":\"https:\\\/\\\/aigleshopping.ca\\\/#organization\"},\"potentialAction\":[{\"@type\":\"SearchAction\",\"target\":{\"@type\":\"EntryPoint\",\"urlTemplate\":\"https:\\\/\\\/aigleshopping.ca\\\/?s={search_term_string}\"},\"query-input\":{\"@type\":\"PropertyValueSpecification\",\"valueRequired\":true,\"valueName\":\"search_term_string\"}}],\"inLanguage\":\"fr-FR\"},{\"@type\":\"Organization\",\"@id\":\"https:\\\/\\\/aigleshopping.ca\\\/#organization\",\"name\":\"Aigle Shopping Canada\",\"url\":\"https:\\\/\\\/aigleshopping.ca\\\/\",\"logo\":{\"@type\":\"ImageObject\",\"inLanguage\":\"fr-FR\",\"@id\":\"https:\\\/\\\/aigleshopping.ca\\\/#\\\/schema\\\/logo\\\/image\\\/\",\"url\":\"https:\\\/\\\/aigleshopping.ca\\\/wp-content\\\/uploads\\\/2025\\\/12\\\/logo_aigleshopping_ca.png\",\"contentUrl\":\"https:\\\/\\\/aigleshopping.ca\\\/wp-content\\\/uploads\\\/2025\\\/12\\\/logo_aigleshopping_ca.png\",\"width\":800,\"height\":233,\"caption\":\"Aigle Shopping Canada\"},\"image\":{\"@id\":\"https:\\\/\\\/aigleshopping.ca\\\/#\\\/schema\\\/logo\\\/image\\\/\"}}]}<\/script>\n<!-- \/ Yoast SEO plugin. -->","yoast_head_json":{"title":"Collagen Face Mask Moisturizing Firming Face Sheet Mask Hyaluronic Acid Facial Masks Beauty Skin Care Gel Skin Care - Aigle Shopping Canada","robots":{"index":"index","follow":"follow","max-snippet":"max-snippet:-1","max-image-preview":"max-image-preview:large","max-video-preview":"max-video-preview:-1"},"canonical":"https:\/\/aigleshopping.ca\/fr\/produit\/collagen-face-mask-moisturizing-firming-face-sheet-mask-hyaluronic-acid-facial-masks-beauty-skin-care-gel-skin-care\/","og_locale":"fr_FR","og_type":"article","og_title":"Collagen Face Mask Moisturizing Firming Face Sheet Mask Hyaluronic Acid Facial Masks Beauty Skin Care Gel Skin Care - Aigle Shopping Canada","og_description":"Comment l&rsquo;utiliser : Apr\u00e8s&nbsp;nettoyage&nbsp;les&nbsp;la peau,&nbsp;appliquer&nbsp;le masque sur le visage.&nbsp;Attendez&nbsp;pour&nbsp;15-20 minutes et retirez-le. Informations sur le produit : Cat\u00e9gorie de produit : patch Type de peau : G\u00e9n\u00e9ral Sp\u00e9cifications : sp\u00e9cifications normales Dur\u00e9e de conservation : trois ans Contenu net : 30 (g\/ml) Cat\u00e9gorie de couleur : Blanc Sp\u00e9cifications : masque \u00e0 la vitamine C\/30g, masque [&hellip;]","og_url":"https:\/\/aigleshopping.ca\/fr\/produit\/collagen-face-mask-moisturizing-firming-face-sheet-mask-hyaluronic-acid-facial-masks-beauty-skin-care-gel-skin-care\/","og_site_name":"Aigle Shopping Canada","article_modified_time":"2025-07-22T13:02:51+00:00","og_image":[{"width":800,"height":800,"url":"https:\/\/aigleshopping.ca\/wp-content\/uploads\/2025\/04\/96f40919-1f84-4eeb-84f1-26c0fb60e493.jpg","type":"image\/jpeg"}],"twitter_card":"summary_large_image","twitter_misc":{"Dur\u00e9e de lecture estim\u00e9e":"1 minute"},"schema":{"@context":"https:\/\/schema.org","@graph":[{"@type":"WebPage","@id":"https:\/\/aigleshopping.ca\/fr\/produit\/collagen-face-mask-moisturizing-firming-face-sheet-mask-hyaluronic-acid-facial-masks-beauty-skin-care-gel-skin-care\/","url":"https:\/\/aigleshopping.ca\/fr\/produit\/collagen-face-mask-moisturizing-firming-face-sheet-mask-hyaluronic-acid-facial-masks-beauty-skin-care-gel-skin-care\/","name":"Collagen Face Mask Moisturizing Firming Face Sheet Mask Hyaluronic Acid Facial Masks Beauty Skin Care Gel Skin Care - Aigle Shopping Canada","isPartOf":{"@id":"https:\/\/aigleshopping.ca\/#website"},"primaryImageOfPage":{"@id":"https:\/\/aigleshopping.ca\/fr\/produit\/collagen-face-mask-moisturizing-firming-face-sheet-mask-hyaluronic-acid-facial-masks-beauty-skin-care-gel-skin-care\/#primaryimage"},"image":{"@id":"https:\/\/aigleshopping.ca\/fr\/produit\/collagen-face-mask-moisturizing-firming-face-sheet-mask-hyaluronic-acid-facial-masks-beauty-skin-care-gel-skin-care\/#primaryimage"},"thumbnailUrl":"https:\/\/aigleshopping.ca\/wp-content\/uploads\/2025\/04\/96f40919-1f84-4eeb-84f1-26c0fb60e493.jpg","datePublished":"2025-04-06T21:38:59+00:00","dateModified":"2025-07-22T13:02:51+00:00","breadcrumb":{"@id":"https:\/\/aigleshopping.ca\/fr\/produit\/collagen-face-mask-moisturizing-firming-face-sheet-mask-hyaluronic-acid-facial-masks-beauty-skin-care-gel-skin-care\/#breadcrumb"},"inLanguage":"fr-FR","potentialAction":[{"@type":"ReadAction","target":["https:\/\/aigleshopping.ca\/fr\/produit\/collagen-face-mask-moisturizing-firming-face-sheet-mask-hyaluronic-acid-facial-masks-beauty-skin-care-gel-skin-care\/"]}]},{"@type":"ImageObject","inLanguage":"fr-FR","@id":"https:\/\/aigleshopping.ca\/fr\/produit\/collagen-face-mask-moisturizing-firming-face-sheet-mask-hyaluronic-acid-facial-masks-beauty-skin-care-gel-skin-care\/#primaryimage","url":"https:\/\/aigleshopping.ca\/wp-content\/uploads\/2025\/04\/96f40919-1f84-4eeb-84f1-26c0fb60e493.jpg","contentUrl":"https:\/\/aigleshopping.ca\/wp-content\/uploads\/2025\/04\/96f40919-1f84-4eeb-84f1-26c0fb60e493.jpg","width":800,"height":800},{"@type":"BreadcrumbList","@id":"https:\/\/aigleshopping.ca\/fr\/produit\/collagen-face-mask-moisturizing-firming-face-sheet-mask-hyaluronic-acid-facial-masks-beauty-skin-care-gel-skin-care\/#breadcrumb","itemListElement":[{"@type":"ListItem","position":1,"name":"Home","item":"https:\/\/aigleshopping.ca\/fr\/home\/"},{"@type":"ListItem","position":2,"name":"Products","item":"https:\/\/aigleshopping.ca\/shop\/"},{"@type":"ListItem","position":3,"name":"Collagen Face Mask Moisturizing Firming Face Sheet Mask Hyaluronic Acid Facial Masks Beauty Skin Care Gel Skin Care"}]},{"@type":"WebSite","@id":"https:\/\/aigleshopping.ca\/#website","url":"https:\/\/aigleshopping.ca\/","name":"Aigle Shopping Canada","description":"Au-del\u00e0 des fronti\u00e8res, pour vous offrir le\u00a0meilleur!","publisher":{"@id":"https:\/\/aigleshopping.ca\/#organization"},"potentialAction":[{"@type":"SearchAction","target":{"@type":"EntryPoint","urlTemplate":"https:\/\/aigleshopping.ca\/?s={search_term_string}"},"query-input":{"@type":"PropertyValueSpecification","valueRequired":true,"valueName":"search_term_string"}}],"inLanguage":"fr-FR"},{"@type":"Organization","@id":"https:\/\/aigleshopping.ca\/#organization","name":"Aigle Shopping Canada","url":"https:\/\/aigleshopping.ca\/","logo":{"@type":"ImageObject","inLanguage":"fr-FR","@id":"https:\/\/aigleshopping.ca\/#\/schema\/logo\/image\/","url":"https:\/\/aigleshopping.ca\/wp-content\/uploads\/2025\/12\/logo_aigleshopping_ca.png","contentUrl":"https:\/\/aigleshopping.ca\/wp-content\/uploads\/2025\/12\/logo_aigleshopping_ca.png","width":800,"height":233,"caption":"Aigle Shopping Canada"},"image":{"@id":"https:\/\/aigleshopping.ca\/#\/schema\/logo\/image\/"}}]}},"jetpack_sharing_enabled":true,"_links":{"self":[{"href":"https:\/\/aigleshopping.ca\/fr\/wp-json\/wp\/v2\/product\/30395","targetHints":{"allow":["GET"]}}],"collection":[{"href":"https:\/\/aigleshopping.ca\/fr\/wp-json\/wp\/v2\/product"}],"about":[{"href":"https:\/\/aigleshopping.ca\/fr\/wp-json\/wp\/v2\/types\/product"}],"replies":[{"embeddable":true,"href":"https:\/\/aigleshopping.ca\/fr\/wp-json\/wp\/v2\/comments?post=30395"}],"wp:featuredmedia":[{"embeddable":true,"href":"https:\/\/aigleshopping.ca\/fr\/wp-json\/wp\/v2\/media\/29922"}],"wp:attachment":[{"href":"https:\/\/aigleshopping.ca\/fr\/wp-json\/wp\/v2\/media?parent=30395"}],"wp:term":[{"taxonomy":"product_brand","embeddable":true,"href":"https:\/\/aigleshopping.ca\/fr\/wp-json\/wp\/v2\/product_brand?post=30395"},{"taxonomy":"product_cat","embeddable":true,"href":"https:\/\/aigleshopping.ca\/fr\/wp-json\/wp\/v2\/product_cat?post=30395"},{"taxonomy":"product_tag","embeddable":true,"href":"https:\/\/aigleshopping.ca\/fr\/wp-json\/wp\/v2\/product_tag?post=30395"}],"curies":[{"name":"wp","href":"https:\/\/api.w.org\/{rel}","templated":true}]}}