{"id":30408,"date":"2025-04-06T21:35:34","date_gmt":"2025-04-06T21:35:34","guid":{"rendered":"https:\/\/aigleshopping.ca\/produit\/appareil-de-beaute-pour-le-visage\/"},"modified":"2025-04-06T21:35:34","modified_gmt":"2025-04-06T21:35:34","slug":"appareil-de-beaute-pour-le-visage","status":"publish","type":"product","link":"https:\/\/aigleshopping.ca\/fr\/produit\/appareil-de-beaute-pour-le-visage\/","title":{"rendered":"Appareil de beaut\u00e9 pour le visage"},"content":{"rendered":"<ul>\n<li>Extracteur de points noirs\uff1a<\/li>\n<li>Nettoie en profondeur les points noirs, ne laisse aucun r\u00e9sidu et n&rsquo;est pas facile \u00e0 r\u00e9g\u00e9n\u00e9rer.<\/li>\n<li>Syst\u00e8me d&rsquo;aspiration, adapt\u00e9 \u00e0 tous les types de peau du visage, \u00e9limination des points noirs en profondeur.<\/li>\n<li>L&rsquo;ensemble comprend 4 types de t\u00eates d&rsquo;extraction, adapt\u00e9es aux diff\u00e9rents probl\u00e8mes de peau du visage.<\/li>\n<li>1 bouton, incluant 2 niveaux de puissance de r\u00e9glage.<\/li>\n<li>Le meilleur cadeau pour vous, vos amis, votre amoureux et votre famille.<\/li>\n<\/ul>\n<p>  Comment utiliser un nettoyeur de pores pour \u00e9liminer les points noirs de l&rsquo;acn\u00e9 : <br \/> 1. Avant l&rsquo;utilisation : Apr\u00e8s la douche, assurez-vous que les pores sont compl\u00e8tement ouverts et que le visage est humide <br \/> 2. Comment l&rsquo;utiliser : D\u00e9placez lentement le produit d&rsquo;avant en arri\u00e8re sur la peau. Ne restez pas trop longtemps au m\u00eame endroit. Vous pouvez inhaler de l&rsquo;huile, des points blancs, des boutons et des points noirs plus l\u00e9gers. Si le point noir est profond, il est pr\u00e9f\u00e9rable de l&rsquo;utiliser avec le point noir. Ce n&rsquo;est pas grave si vous ne pouvez pas l&rsquo;aspirer en m\u00eame temps. Ne l&rsquo;utilisez pas trop longtemps. Utilisez-le pendant un certain temps.          <br \/>  3. Apr\u00e8s utilisation, il peut \u00eatre m\u00e9lang\u00e9 \u00e0 un toner ou \u00e0 de l&rsquo;eau froide pour r\u00e9tr\u00e9cir les pores en vue d&rsquo;un entretien ult\u00e9rieur. Veuillez relire les instructions. <br \/> Comment utiliser un nettoyeur de pores pour \u00e9liminer les points noirs et l&rsquo;acn\u00e9 : <br \/> 1. Avant l&rsquo;utilisation : Apr\u00e8s la douche, assurez-vous que les pores sont compl\u00e8tement ouverts et que le visage est humide <br \/> 2. Comment l&rsquo;utiliser : D\u00e9placez lentement le produit d&rsquo;avant en arri\u00e8re sur la peau. Ne restez pas trop longtemps au m\u00eame endroit. Vous pouvez inhaler de l&rsquo;huile, des points blancs, des boutons et des points noirs plus l\u00e9gers. Si le point noir est profond, il est pr\u00e9f\u00e9rable de l&rsquo;utiliser avec le point noir. Ce n&rsquo;est pas grave si vous ne pouvez pas l&rsquo;aspirer en m\u00eame temps. Ne l&rsquo;utilisez pas trop longtemps. Utilisez-le pendant un certain temps.           <br \/>  3. Apr\u00e8s utilisation, il peut \u00eatre m\u00e9lang\u00e9 \u00e0 un toner ou \u00e0 de l&rsquo;eau froide pour r\u00e9tr\u00e9cir les pores en vue d&rsquo;un entretien ult\u00e9rieur.  <\/p>\n<p> <\/p>\n<p>  Caract\u00e9ristiques : <\/p>\n<p> Il peut \u00eatre utilis\u00e9 pour \u00e9liminer les points noirs, l&rsquo;acn\u00e9 et les nettoyages en profondeur du visage. Il convient au traitement de la peau s\u00e8che, de la peau rel\u00e2ch\u00e9e, de la peau terne et des rides, ainsi qu&rsquo;\u00e0 l&rsquo;am\u00e9lioration de la circulation sanguine de la peau. <\/p>\n<p> La fonction d&rsquo;aspiration nettoie les pores sales par aspiration et augmente la circulation sanguine de la peau. <\/p>\n<p> 4 t\u00eates diff\u00e9rentes <\/p>\n<p> Avec plus de 100 000 particules min\u00e9rales microcristallines naturelles et une absorption \u00e9lev\u00e9e, la t\u00eate en diamant peut frotter et peler les peaux mortes et les sucs, r\u00e9parer la peau et \u00e9liminer les rides et l&rsquo;acn\u00e9 sans endommager la peau. Champ d&rsquo;application : Toute zone autre que la zone autour des yeux, et la zone rid\u00e9e et rugueuse, convient \u00e0 l&rsquo;utilisation, comme : les coudes, les genoux et les chevilles <\/p>\n<p> Grande t\u00eate \u00e0 trou rond : forte aspiration, peut efficacement \u00e9liminer les points noirs, promouvoir la circulation sanguine et lymphatique, et rajeunir la peau. Peut \u00eatre appliqu\u00e9 sur les points noirs et les visages en V. Plage d&rsquo;utilisation : \u00e0 l&rsquo;exception de toute partie du visage en dehors des yeux.      <\/p>\n<p>  Petite t\u00eate \u00e0 trous ronds : faible aspiration, peut \u00eatre utilis\u00e9e pour \u00e9liminer les points noirs dans les zones sensibles. Domaine d&rsquo;utilisation : Peut \u00eatre utilis\u00e9 dans les zones sensibles, telles que le contour des yeux.   <\/p>\n<p>  T\u00eate \u00e0 trous ovales : Raffermit la peau, \u00e9limine les ridules et augmente l&rsquo;\u00e9lasticit\u00e9 de la peau. S&rsquo;applique au coin des yeux, \u00e0 la bouche et \u00e0 d&rsquo;autres zones sujettes aux ridules, afin de pr\u00e9venir la formation de rides. Plage d&rsquo;utilisation : peut \u00eatre utilis\u00e9 dans les zones sensibles, telles que le contour des yeux, l&rsquo;angle de la bouche et d&rsquo;autres zones.    <\/p>\n<\/p>\n<p> <img decoding=\"async\" src=\"https:\/\/cf.cjdropshipping.com\/16368480\/1636890817290.jpg\"> &nbsp;&nbsp; <img decoding=\"async\" src=\"https:\/\/cf.cjdropshipping.com\/16368480\/1636890817351.jpg\"> <img decoding=\"async\" src=\"https:\/\/cf.cjdropshipping.com\/16368480\/1636890817399.jpg\"> <\/p>\n","protected":false},"excerpt":{"rendered":"<p>Extracteur de points noirs\uff1a Nettoie en profondeur les points noirs, ne laisse aucun r\u00e9sidu et n&rsquo;est pas facile \u00e0 r\u00e9g\u00e9n\u00e9rer. Syst\u00e8me d&rsquo;aspiration, adapt\u00e9 \u00e0 tous les types de peau du visage, \u00e9limination des points noirs en profondeur. L&rsquo;ensemble comprend 4 types de t\u00eates d&rsquo;extraction, adapt\u00e9es aux diff\u00e9rents probl\u00e8mes de peau du visage. 1 bouton, incluant [&hellip;]<\/p>\n","protected":false},"featured_media":29833,"comment_status":"open","ping_status":"closed","template":"","meta":{"content-type":""},"product_brand":[],"product_cat":[797],"product_tag":[],"class_list":{"0":"post-30408","1":"product","2":"type-product","3":"status-publish","4":"has-post-thumbnail","6":"product_cat-dispositifs-de-beaute","8":"first","9":"instock","10":"taxable","11":"shipping-taxable","12":"purchasable","13":"product-type-variable","14":"add-to-wishlist-after_add_to_cart"},"yoast_head":"<!-- This site is optimized with the Yoast SEO plugin v27.4 - https:\/\/yoast.com\/product\/yoast-seo-wordpress\/ -->\n<title>Appareil de beaut\u00e9 pour le visage - Aigle Shopping Canada<\/title>\n<meta name=\"robots\" content=\"index, follow, max-snippet:-1, max-image-preview:large, max-video-preview:-1\" \/>\n<link rel=\"canonical\" href=\"https:\/\/aigleshopping.ca\/fr\/produit\/appareil-de-beaute-pour-le-visage\/\" \/>\n<meta property=\"og:locale\" content=\"fr_FR\" \/>\n<meta property=\"og:type\" content=\"article\" \/>\n<meta property=\"og:title\" content=\"Appareil de beaut\u00e9 pour le visage - Aigle Shopping Canada\" \/>\n<meta property=\"og:description\" content=\"Extracteur de points noirs\uff1a Nettoie en profondeur les points noirs, ne laisse aucun r\u00e9sidu et n&rsquo;est pas facile \u00e0 r\u00e9g\u00e9n\u00e9rer. Syst\u00e8me d&rsquo;aspiration, adapt\u00e9 \u00e0 tous les types de peau du visage, \u00e9limination des points noirs en profondeur. L&rsquo;ensemble comprend 4 types de t\u00eates d&rsquo;extraction, adapt\u00e9es aux diff\u00e9rents probl\u00e8mes de peau du visage. 1 bouton, incluant [&hellip;]\" \/>\n<meta property=\"og:url\" content=\"https:\/\/aigleshopping.ca\/fr\/produit\/appareil-de-beaute-pour-le-visage\/\" \/>\n<meta property=\"og:site_name\" content=\"Aigle Shopping Canada\" \/>\n<meta property=\"og:image\" content=\"https:\/\/aigleshopping.ca\/wp-content\/uploads\/2025\/04\/2160751884066.jpg\" \/>\n\t<meta property=\"og:image:width\" content=\"885\" \/>\n\t<meta property=\"og:image:height\" content=\"888\" \/>\n\t<meta property=\"og:image:type\" content=\"image\/jpeg\" \/>\n<meta name=\"twitter:card\" content=\"summary_large_image\" \/>\n<meta name=\"twitter:label1\" content=\"Dur\u00e9e de lecture estim\u00e9e\" \/>\n\t<meta name=\"twitter:data1\" content=\"3 minutes\" \/>\n<script type=\"application\/ld+json\" class=\"yoast-schema-graph\">{\"@context\":\"https:\\\/\\\/schema.org\",\"@graph\":[{\"@type\":\"WebPage\",\"@id\":\"https:\\\/\\\/aigleshopping.ca\\\/fr\\\/produit\\\/appareil-de-beaute-pour-le-visage\\\/\",\"url\":\"https:\\\/\\\/aigleshopping.ca\\\/fr\\\/produit\\\/appareil-de-beaute-pour-le-visage\\\/\",\"name\":\"Appareil de beaut\u00e9 pour le visage - Aigle Shopping Canada\",\"isPartOf\":{\"@id\":\"https:\\\/\\\/aigleshopping.ca\\\/#website\"},\"primaryImageOfPage\":{\"@id\":\"https:\\\/\\\/aigleshopping.ca\\\/fr\\\/produit\\\/appareil-de-beaute-pour-le-visage\\\/#primaryimage\"},\"image\":{\"@id\":\"https:\\\/\\\/aigleshopping.ca\\\/fr\\\/produit\\\/appareil-de-beaute-pour-le-visage\\\/#primaryimage\"},\"thumbnailUrl\":\"https:\\\/\\\/aigleshopping.ca\\\/wp-content\\\/uploads\\\/2025\\\/04\\\/2160751884066.jpg\",\"datePublished\":\"2025-04-06T21:35:34+00:00\",\"breadcrumb\":{\"@id\":\"https:\\\/\\\/aigleshopping.ca\\\/fr\\\/produit\\\/appareil-de-beaute-pour-le-visage\\\/#breadcrumb\"},\"inLanguage\":\"fr-FR\",\"potentialAction\":[{\"@type\":\"ReadAction\",\"target\":[\"https:\\\/\\\/aigleshopping.ca\\\/fr\\\/produit\\\/appareil-de-beaute-pour-le-visage\\\/\"]}]},{\"@type\":\"ImageObject\",\"inLanguage\":\"fr-FR\",\"@id\":\"https:\\\/\\\/aigleshopping.ca\\\/fr\\\/produit\\\/appareil-de-beaute-pour-le-visage\\\/#primaryimage\",\"url\":\"https:\\\/\\\/aigleshopping.ca\\\/wp-content\\\/uploads\\\/2025\\\/04\\\/2160751884066.jpg\",\"contentUrl\":\"https:\\\/\\\/aigleshopping.ca\\\/wp-content\\\/uploads\\\/2025\\\/04\\\/2160751884066.jpg\",\"width\":885,\"height\":888},{\"@type\":\"BreadcrumbList\",\"@id\":\"https:\\\/\\\/aigleshopping.ca\\\/fr\\\/produit\\\/appareil-de-beaute-pour-le-visage\\\/#breadcrumb\",\"itemListElement\":[{\"@type\":\"ListItem\",\"position\":1,\"name\":\"Home\",\"item\":\"https:\\\/\\\/aigleshopping.ca\\\/fr\\\/home\\\/\"},{\"@type\":\"ListItem\",\"position\":2,\"name\":\"Products\",\"item\":\"https:\\\/\\\/aigleshopping.ca\\\/shop\\\/\"},{\"@type\":\"ListItem\",\"position\":3,\"name\":\"Appareil de beaut\u00e9 pour le visage\"}]},{\"@type\":\"WebSite\",\"@id\":\"https:\\\/\\\/aigleshopping.ca\\\/#website\",\"url\":\"https:\\\/\\\/aigleshopping.ca\\\/\",\"name\":\"Aigle Shopping Canada\",\"description\":\"Au-del\u00e0 des fronti\u00e8res, pour vous offrir le\u00a0meilleur!\",\"publisher\":{\"@id\":\"https:\\\/\\\/aigleshopping.ca\\\/#organization\"},\"potentialAction\":[{\"@type\":\"SearchAction\",\"target\":{\"@type\":\"EntryPoint\",\"urlTemplate\":\"https:\\\/\\\/aigleshopping.ca\\\/?s={search_term_string}\"},\"query-input\":{\"@type\":\"PropertyValueSpecification\",\"valueRequired\":true,\"valueName\":\"search_term_string\"}}],\"inLanguage\":\"fr-FR\"},{\"@type\":\"Organization\",\"@id\":\"https:\\\/\\\/aigleshopping.ca\\\/#organization\",\"name\":\"Aigle Shopping Canada\",\"url\":\"https:\\\/\\\/aigleshopping.ca\\\/\",\"logo\":{\"@type\":\"ImageObject\",\"inLanguage\":\"fr-FR\",\"@id\":\"https:\\\/\\\/aigleshopping.ca\\\/#\\\/schema\\\/logo\\\/image\\\/\",\"url\":\"https:\\\/\\\/aigleshopping.ca\\\/wp-content\\\/uploads\\\/2025\\\/12\\\/logo_aigleshopping_ca.png\",\"contentUrl\":\"https:\\\/\\\/aigleshopping.ca\\\/wp-content\\\/uploads\\\/2025\\\/12\\\/logo_aigleshopping_ca.png\",\"width\":800,\"height\":233,\"caption\":\"Aigle Shopping Canada\"},\"image\":{\"@id\":\"https:\\\/\\\/aigleshopping.ca\\\/#\\\/schema\\\/logo\\\/image\\\/\"}}]}<\/script>\n<!-- \/ Yoast SEO plugin. -->","yoast_head_json":{"title":"Appareil de beaut\u00e9 pour le visage - Aigle Shopping Canada","robots":{"index":"index","follow":"follow","max-snippet":"max-snippet:-1","max-image-preview":"max-image-preview:large","max-video-preview":"max-video-preview:-1"},"canonical":"https:\/\/aigleshopping.ca\/fr\/produit\/appareil-de-beaute-pour-le-visage\/","og_locale":"fr_FR","og_type":"article","og_title":"Appareil de beaut\u00e9 pour le visage - Aigle Shopping Canada","og_description":"Extracteur de points noirs\uff1a Nettoie en profondeur les points noirs, ne laisse aucun r\u00e9sidu et n&rsquo;est pas facile \u00e0 r\u00e9g\u00e9n\u00e9rer. Syst\u00e8me d&rsquo;aspiration, adapt\u00e9 \u00e0 tous les types de peau du visage, \u00e9limination des points noirs en profondeur. L&rsquo;ensemble comprend 4 types de t\u00eates d&rsquo;extraction, adapt\u00e9es aux diff\u00e9rents probl\u00e8mes de peau du visage. 1 bouton, incluant [&hellip;]","og_url":"https:\/\/aigleshopping.ca\/fr\/produit\/appareil-de-beaute-pour-le-visage\/","og_site_name":"Aigle Shopping Canada","og_image":[{"width":885,"height":888,"url":"https:\/\/aigleshopping.ca\/wp-content\/uploads\/2025\/04\/2160751884066.jpg","type":"image\/jpeg"}],"twitter_card":"summary_large_image","twitter_misc":{"Dur\u00e9e de lecture estim\u00e9e":"3 minutes"},"schema":{"@context":"https:\/\/schema.org","@graph":[{"@type":"WebPage","@id":"https:\/\/aigleshopping.ca\/fr\/produit\/appareil-de-beaute-pour-le-visage\/","url":"https:\/\/aigleshopping.ca\/fr\/produit\/appareil-de-beaute-pour-le-visage\/","name":"Appareil de beaut\u00e9 pour le visage - Aigle Shopping Canada","isPartOf":{"@id":"https:\/\/aigleshopping.ca\/#website"},"primaryImageOfPage":{"@id":"https:\/\/aigleshopping.ca\/fr\/produit\/appareil-de-beaute-pour-le-visage\/#primaryimage"},"image":{"@id":"https:\/\/aigleshopping.ca\/fr\/produit\/appareil-de-beaute-pour-le-visage\/#primaryimage"},"thumbnailUrl":"https:\/\/aigleshopping.ca\/wp-content\/uploads\/2025\/04\/2160751884066.jpg","datePublished":"2025-04-06T21:35:34+00:00","breadcrumb":{"@id":"https:\/\/aigleshopping.ca\/fr\/produit\/appareil-de-beaute-pour-le-visage\/#breadcrumb"},"inLanguage":"fr-FR","potentialAction":[{"@type":"ReadAction","target":["https:\/\/aigleshopping.ca\/fr\/produit\/appareil-de-beaute-pour-le-visage\/"]}]},{"@type":"ImageObject","inLanguage":"fr-FR","@id":"https:\/\/aigleshopping.ca\/fr\/produit\/appareil-de-beaute-pour-le-visage\/#primaryimage","url":"https:\/\/aigleshopping.ca\/wp-content\/uploads\/2025\/04\/2160751884066.jpg","contentUrl":"https:\/\/aigleshopping.ca\/wp-content\/uploads\/2025\/04\/2160751884066.jpg","width":885,"height":888},{"@type":"BreadcrumbList","@id":"https:\/\/aigleshopping.ca\/fr\/produit\/appareil-de-beaute-pour-le-visage\/#breadcrumb","itemListElement":[{"@type":"ListItem","position":1,"name":"Home","item":"https:\/\/aigleshopping.ca\/fr\/home\/"},{"@type":"ListItem","position":2,"name":"Products","item":"https:\/\/aigleshopping.ca\/shop\/"},{"@type":"ListItem","position":3,"name":"Appareil de beaut\u00e9 pour le visage"}]},{"@type":"WebSite","@id":"https:\/\/aigleshopping.ca\/#website","url":"https:\/\/aigleshopping.ca\/","name":"Aigle Shopping Canada","description":"Au-del\u00e0 des fronti\u00e8res, pour vous offrir le\u00a0meilleur!","publisher":{"@id":"https:\/\/aigleshopping.ca\/#organization"},"potentialAction":[{"@type":"SearchAction","target":{"@type":"EntryPoint","urlTemplate":"https:\/\/aigleshopping.ca\/?s={search_term_string}"},"query-input":{"@type":"PropertyValueSpecification","valueRequired":true,"valueName":"search_term_string"}}],"inLanguage":"fr-FR"},{"@type":"Organization","@id":"https:\/\/aigleshopping.ca\/#organization","name":"Aigle Shopping Canada","url":"https:\/\/aigleshopping.ca\/","logo":{"@type":"ImageObject","inLanguage":"fr-FR","@id":"https:\/\/aigleshopping.ca\/#\/schema\/logo\/image\/","url":"https:\/\/aigleshopping.ca\/wp-content\/uploads\/2025\/12\/logo_aigleshopping_ca.png","contentUrl":"https:\/\/aigleshopping.ca\/wp-content\/uploads\/2025\/12\/logo_aigleshopping_ca.png","width":800,"height":233,"caption":"Aigle Shopping Canada"},"image":{"@id":"https:\/\/aigleshopping.ca\/#\/schema\/logo\/image\/"}}]}},"jetpack_sharing_enabled":true,"_links":{"self":[{"href":"https:\/\/aigleshopping.ca\/fr\/wp-json\/wp\/v2\/product\/30408","targetHints":{"allow":["GET"]}}],"collection":[{"href":"https:\/\/aigleshopping.ca\/fr\/wp-json\/wp\/v2\/product"}],"about":[{"href":"https:\/\/aigleshopping.ca\/fr\/wp-json\/wp\/v2\/types\/product"}],"replies":[{"embeddable":true,"href":"https:\/\/aigleshopping.ca\/fr\/wp-json\/wp\/v2\/comments?post=30408"}],"wp:featuredmedia":[{"embeddable":true,"href":"https:\/\/aigleshopping.ca\/fr\/wp-json\/wp\/v2\/media\/29833"}],"wp:attachment":[{"href":"https:\/\/aigleshopping.ca\/fr\/wp-json\/wp\/v2\/media?parent=30408"}],"wp:term":[{"taxonomy":"product_brand","embeddable":true,"href":"https:\/\/aigleshopping.ca\/fr\/wp-json\/wp\/v2\/product_brand?post=30408"},{"taxonomy":"product_cat","embeddable":true,"href":"https:\/\/aigleshopping.ca\/fr\/wp-json\/wp\/v2\/product_cat?post=30408"},{"taxonomy":"product_tag","embeddable":true,"href":"https:\/\/aigleshopping.ca\/fr\/wp-json\/wp\/v2\/product_tag?post=30408"}],"curies":[{"name":"wp","href":"https:\/\/api.w.org\/{rel}","templated":true}]}}