{"id":30409,"date":"2025-04-06T21:36:49","date_gmt":"2025-04-06T21:36:49","guid":{"rendered":"https:\/\/aigleshopping.ca\/produit\/aspirateur-electrique-a-affichage-numerique-lcd-appareil-de-pedicure-et-de-gommage-des-pieds\/"},"modified":"2025-04-06T21:36:49","modified_gmt":"2025-04-06T21:36:49","slug":"aspirateur-electrique-a-affichage-numerique-lcd-appareil-de-pedicure-et-de-gommage-des-pieds","status":"publish","type":"product","link":"https:\/\/aigleshopping.ca\/fr\/produit\/aspirateur-electrique-a-affichage-numerique-lcd-appareil-de-pedicure-et-de-gommage-des-pieds\/","title":{"rendered":"Aspirateur \u00e9lectrique \u00e0 affichage num\u00e9rique LCD Appareil de p\u00e9dicure et de gommage des pieds"},"content":{"rendered":"<p> <b>Informations sur le produit :<\/b> <\/p>\n<p>  Nom du produit : C6373 LCD foot sharpener <br \/> Tension d&rsquo;entr\u00e9e : 5V <br \/> Puissance : 6W <br \/> Position des engrenages : deux engrenages <br \/> Capacit\u00e9 de la batterie : 1500MAH batterie au lithium <br \/> Temps de charge : 2,5 heures <br \/> Temps de d\u00e9charge : 2150 minutes <br \/> M\u00e9thode de charge : Chargement par USB <br \/> Vitesse de rotation : la premi\u00e8re vitesse est d&rsquo;environ 1900 tr\/min, la seconde vitesse est d&rsquo;environ 2200 tr\/min <br \/> Niveau d&rsquo;\u00e9tanch\u00e9it\u00e9 : IPX7 <br \/> Mat\u00e9riau du produit : ABS, mat\u00e9riau de protection de l&rsquo;environnement <br \/> Caract\u00e9ristiques : <br \/> 1. Fonction de d\u00e9poussi\u00e9rage et de collecte des poussi\u00e8res <br \/> 2. Commutation libre entre vitesse rapide et vitesse lente <br \/> 3. Prise en charge du lavage du corps <br \/> 4. Batterie au lithium de grande capacit\u00e9.      <br \/>  5. Chargement, commutation rapide et lente de deux vitesses pour changer la lumi\u00e8re <br \/> 6. Longue dur\u00e9e de vie de la batterie, puissance \u00e9lev\u00e9e et faible bruit <br \/> 7. Protection contre la surcharge et la d\u00e9charge excessive <br \/> 8. L&rsquo;\u00e9cran LCD affiche la fonction et la puissance <br \/> Liste des produits : h\u00f4te, cordon d&rsquo;alimentation, t\u00eate de meulage grossier\/moyen\/fin, pince de la t\u00eate de meulage, couvercle anti-poussi\u00e8re, brosse de nettoyage, manuel neutre, bo\u00eete de couleur neutre     <\/p>\n<p>  <b> <br \/> Informations sur les dimensions : <\/b> <b> <br \/>  Taille du produit : 165*75*50MM <\/b>  <\/p>\n<p> <b>Liste d&#8217;emballage :<\/b> <\/p>\n<p>Aiguisoir pour les pieds*1(Set)<\/p>\n<p> <b> <br \/>  Image du produit :  <\/b> <\/p>\n<p> <b> <br \/> <\/b> <\/p>\n<p> <img decoding=\"async\" src=\"https:\/\/cf.cjdropshipping.com\/bfc9b157-518b-4045-8042-db76a60b4493.jpg\"> <img decoding=\"async\" src=\"https:\/\/cf.cjdropshipping.com\/77b61a11-fed0-4815-8420-6a0cf3c154a2.jpg\"> <img decoding=\"async\" src=\"https:\/\/cf.cjdropshipping.com\/1a6a7d7a-820e-4406-bb8a-94cf5c848f13.jpg\"> <img decoding=\"async\" src=\"https:\/\/cf.cjdropshipping.com\/dbfeff71-d994-442b-94d7-09592aa2218c.jpg\"> <img decoding=\"async\" src=\"https:\/\/cf.cjdropshipping.com\/5034a6f2-c4f9-4815-a40a-28c67d11a6fb.jpg\"> <img decoding=\"async\" src=\"https:\/\/cf.cjdropshipping.com\/4ed131dd-e0d8-4ee4-9351-6eeb1d83c7f7.jpg\"> <b> <br \/> <\/b> <\/p>\n","protected":false},"excerpt":{"rendered":"<p>Informations sur le produit : Nom du produit : C6373 LCD foot sharpener Tension d&rsquo;entr\u00e9e : 5V Puissance : 6W Position des engrenages : deux engrenages Capacit\u00e9 de la batterie : 1500MAH batterie au lithium Temps de charge : 2,5 heures Temps de d\u00e9charge : 2150 minutes M\u00e9thode de charge : Chargement par USB Vitesse [&hellip;]<\/p>\n","protected":false},"featured_media":29858,"comment_status":"open","ping_status":"closed","template":"","meta":{"content-type":""},"product_brand":[],"product_cat":[797],"product_tag":[],"class_list":{"0":"post-30409","1":"product","2":"type-product","3":"status-publish","4":"has-post-thumbnail","6":"product_cat-dispositifs-de-beaute","8":"first","9":"instock","10":"taxable","11":"shipping-taxable","12":"purchasable","13":"product-type-variable","14":"add-to-wishlist-after_add_to_cart"},"yoast_head":"<!-- This site is optimized with the Yoast SEO plugin v27.4 - https:\/\/yoast.com\/product\/yoast-seo-wordpress\/ -->\n<title>Aspirateur \u00e9lectrique \u00e0 affichage num\u00e9rique LCD Appareil de p\u00e9dicure et de gommage des pieds - Aigle Shopping Canada<\/title>\n<meta name=\"robots\" content=\"index, follow, max-snippet:-1, max-image-preview:large, max-video-preview:-1\" \/>\n<link rel=\"canonical\" href=\"https:\/\/aigleshopping.ca\/fr\/produit\/aspirateur-electrique-a-affichage-numerique-lcd-appareil-de-pedicure-et-de-gommage-des-pieds\/\" \/>\n<meta property=\"og:locale\" content=\"fr_FR\" \/>\n<meta property=\"og:type\" content=\"article\" \/>\n<meta property=\"og:title\" content=\"Aspirateur \u00e9lectrique \u00e0 affichage num\u00e9rique LCD Appareil de p\u00e9dicure et de gommage des pieds - Aigle Shopping Canada\" \/>\n<meta property=\"og:description\" content=\"Informations sur le produit : Nom du produit : C6373 LCD foot sharpener Tension d&rsquo;entr\u00e9e : 5V Puissance : 6W Position des engrenages : deux engrenages Capacit\u00e9 de la batterie : 1500MAH batterie au lithium Temps de charge : 2,5 heures Temps de d\u00e9charge : 2150 minutes M\u00e9thode de charge : Chargement par USB Vitesse [&hellip;]\" \/>\n<meta property=\"og:url\" content=\"https:\/\/aigleshopping.ca\/fr\/produit\/aspirateur-electrique-a-affichage-numerique-lcd-appareil-de-pedicure-et-de-gommage-des-pieds\/\" \/>\n<meta property=\"og:site_name\" content=\"Aigle Shopping Canada\" \/>\n<meta property=\"og:image\" content=\"https:\/\/aigleshopping.ca\/wp-content\/uploads\/2025\/04\/f2c6e337-c1bb-4343-8877-6da8fd78ad04.jpg\" \/>\n\t<meta property=\"og:image:width\" content=\"800\" \/>\n\t<meta property=\"og:image:height\" content=\"800\" \/>\n\t<meta property=\"og:image:type\" content=\"image\/jpeg\" \/>\n<meta name=\"twitter:card\" content=\"summary_large_image\" \/>\n<meta name=\"twitter:label1\" content=\"Dur\u00e9e de lecture estim\u00e9e\" \/>\n\t<meta name=\"twitter:data1\" content=\"1 minute\" \/>\n<script type=\"application\/ld+json\" class=\"yoast-schema-graph\">{\"@context\":\"https:\\\/\\\/schema.org\",\"@graph\":[{\"@type\":\"WebPage\",\"@id\":\"https:\\\/\\\/aigleshopping.ca\\\/fr\\\/produit\\\/aspirateur-electrique-a-affichage-numerique-lcd-appareil-de-pedicure-et-de-gommage-des-pieds\\\/\",\"url\":\"https:\\\/\\\/aigleshopping.ca\\\/fr\\\/produit\\\/aspirateur-electrique-a-affichage-numerique-lcd-appareil-de-pedicure-et-de-gommage-des-pieds\\\/\",\"name\":\"Aspirateur \u00e9lectrique \u00e0 affichage num\u00e9rique LCD Appareil de p\u00e9dicure et de gommage des pieds - Aigle Shopping Canada\",\"isPartOf\":{\"@id\":\"https:\\\/\\\/aigleshopping.ca\\\/#website\"},\"primaryImageOfPage\":{\"@id\":\"https:\\\/\\\/aigleshopping.ca\\\/fr\\\/produit\\\/aspirateur-electrique-a-affichage-numerique-lcd-appareil-de-pedicure-et-de-gommage-des-pieds\\\/#primaryimage\"},\"image\":{\"@id\":\"https:\\\/\\\/aigleshopping.ca\\\/fr\\\/produit\\\/aspirateur-electrique-a-affichage-numerique-lcd-appareil-de-pedicure-et-de-gommage-des-pieds\\\/#primaryimage\"},\"thumbnailUrl\":\"https:\\\/\\\/aigleshopping.ca\\\/wp-content\\\/uploads\\\/2025\\\/04\\\/f2c6e337-c1bb-4343-8877-6da8fd78ad04.jpg\",\"datePublished\":\"2025-04-06T21:36:49+00:00\",\"breadcrumb\":{\"@id\":\"https:\\\/\\\/aigleshopping.ca\\\/fr\\\/produit\\\/aspirateur-electrique-a-affichage-numerique-lcd-appareil-de-pedicure-et-de-gommage-des-pieds\\\/#breadcrumb\"},\"inLanguage\":\"fr-FR\",\"potentialAction\":[{\"@type\":\"ReadAction\",\"target\":[\"https:\\\/\\\/aigleshopping.ca\\\/fr\\\/produit\\\/aspirateur-electrique-a-affichage-numerique-lcd-appareil-de-pedicure-et-de-gommage-des-pieds\\\/\"]}]},{\"@type\":\"ImageObject\",\"inLanguage\":\"fr-FR\",\"@id\":\"https:\\\/\\\/aigleshopping.ca\\\/fr\\\/produit\\\/aspirateur-electrique-a-affichage-numerique-lcd-appareil-de-pedicure-et-de-gommage-des-pieds\\\/#primaryimage\",\"url\":\"https:\\\/\\\/aigleshopping.ca\\\/wp-content\\\/uploads\\\/2025\\\/04\\\/f2c6e337-c1bb-4343-8877-6da8fd78ad04.jpg\",\"contentUrl\":\"https:\\\/\\\/aigleshopping.ca\\\/wp-content\\\/uploads\\\/2025\\\/04\\\/f2c6e337-c1bb-4343-8877-6da8fd78ad04.jpg\",\"width\":800,\"height\":800},{\"@type\":\"BreadcrumbList\",\"@id\":\"https:\\\/\\\/aigleshopping.ca\\\/fr\\\/produit\\\/aspirateur-electrique-a-affichage-numerique-lcd-appareil-de-pedicure-et-de-gommage-des-pieds\\\/#breadcrumb\",\"itemListElement\":[{\"@type\":\"ListItem\",\"position\":1,\"name\":\"Home\",\"item\":\"https:\\\/\\\/aigleshopping.ca\\\/fr\\\/home\\\/\"},{\"@type\":\"ListItem\",\"position\":2,\"name\":\"Products\",\"item\":\"https:\\\/\\\/aigleshopping.ca\\\/shop\\\/\"},{\"@type\":\"ListItem\",\"position\":3,\"name\":\"Aspirateur \u00e9lectrique \u00e0 affichage num\u00e9rique LCD Appareil de p\u00e9dicure et de gommage des pieds\"}]},{\"@type\":\"WebSite\",\"@id\":\"https:\\\/\\\/aigleshopping.ca\\\/#website\",\"url\":\"https:\\\/\\\/aigleshopping.ca\\\/\",\"name\":\"Aigle Shopping Canada\",\"description\":\"Au-del\u00e0 des fronti\u00e8res, pour vous offrir le\u00a0meilleur!\",\"publisher\":{\"@id\":\"https:\\\/\\\/aigleshopping.ca\\\/#organization\"},\"potentialAction\":[{\"@type\":\"SearchAction\",\"target\":{\"@type\":\"EntryPoint\",\"urlTemplate\":\"https:\\\/\\\/aigleshopping.ca\\\/?s={search_term_string}\"},\"query-input\":{\"@type\":\"PropertyValueSpecification\",\"valueRequired\":true,\"valueName\":\"search_term_string\"}}],\"inLanguage\":\"fr-FR\"},{\"@type\":\"Organization\",\"@id\":\"https:\\\/\\\/aigleshopping.ca\\\/#organization\",\"name\":\"Aigle Shopping Canada\",\"url\":\"https:\\\/\\\/aigleshopping.ca\\\/\",\"logo\":{\"@type\":\"ImageObject\",\"inLanguage\":\"fr-FR\",\"@id\":\"https:\\\/\\\/aigleshopping.ca\\\/#\\\/schema\\\/logo\\\/image\\\/\",\"url\":\"https:\\\/\\\/aigleshopping.ca\\\/wp-content\\\/uploads\\\/2025\\\/12\\\/logo_aigleshopping_ca.png\",\"contentUrl\":\"https:\\\/\\\/aigleshopping.ca\\\/wp-content\\\/uploads\\\/2025\\\/12\\\/logo_aigleshopping_ca.png\",\"width\":800,\"height\":233,\"caption\":\"Aigle Shopping Canada\"},\"image\":{\"@id\":\"https:\\\/\\\/aigleshopping.ca\\\/#\\\/schema\\\/logo\\\/image\\\/\"}}]}<\/script>\n<!-- \/ Yoast SEO plugin. -->","yoast_head_json":{"title":"Aspirateur \u00e9lectrique \u00e0 affichage num\u00e9rique LCD Appareil de p\u00e9dicure et de gommage des pieds - Aigle Shopping Canada","robots":{"index":"index","follow":"follow","max-snippet":"max-snippet:-1","max-image-preview":"max-image-preview:large","max-video-preview":"max-video-preview:-1"},"canonical":"https:\/\/aigleshopping.ca\/fr\/produit\/aspirateur-electrique-a-affichage-numerique-lcd-appareil-de-pedicure-et-de-gommage-des-pieds\/","og_locale":"fr_FR","og_type":"article","og_title":"Aspirateur \u00e9lectrique \u00e0 affichage num\u00e9rique LCD Appareil de p\u00e9dicure et de gommage des pieds - Aigle Shopping Canada","og_description":"Informations sur le produit : Nom du produit : C6373 LCD foot sharpener Tension d&rsquo;entr\u00e9e : 5V Puissance : 6W Position des engrenages : deux engrenages Capacit\u00e9 de la batterie : 1500MAH batterie au lithium Temps de charge : 2,5 heures Temps de d\u00e9charge : 2150 minutes M\u00e9thode de charge : Chargement par USB Vitesse [&hellip;]","og_url":"https:\/\/aigleshopping.ca\/fr\/produit\/aspirateur-electrique-a-affichage-numerique-lcd-appareil-de-pedicure-et-de-gommage-des-pieds\/","og_site_name":"Aigle Shopping Canada","og_image":[{"width":800,"height":800,"url":"https:\/\/aigleshopping.ca\/wp-content\/uploads\/2025\/04\/f2c6e337-c1bb-4343-8877-6da8fd78ad04.jpg","type":"image\/jpeg"}],"twitter_card":"summary_large_image","twitter_misc":{"Dur\u00e9e de lecture estim\u00e9e":"1 minute"},"schema":{"@context":"https:\/\/schema.org","@graph":[{"@type":"WebPage","@id":"https:\/\/aigleshopping.ca\/fr\/produit\/aspirateur-electrique-a-affichage-numerique-lcd-appareil-de-pedicure-et-de-gommage-des-pieds\/","url":"https:\/\/aigleshopping.ca\/fr\/produit\/aspirateur-electrique-a-affichage-numerique-lcd-appareil-de-pedicure-et-de-gommage-des-pieds\/","name":"Aspirateur \u00e9lectrique \u00e0 affichage num\u00e9rique LCD Appareil de p\u00e9dicure et de gommage des pieds - Aigle Shopping Canada","isPartOf":{"@id":"https:\/\/aigleshopping.ca\/#website"},"primaryImageOfPage":{"@id":"https:\/\/aigleshopping.ca\/fr\/produit\/aspirateur-electrique-a-affichage-numerique-lcd-appareil-de-pedicure-et-de-gommage-des-pieds\/#primaryimage"},"image":{"@id":"https:\/\/aigleshopping.ca\/fr\/produit\/aspirateur-electrique-a-affichage-numerique-lcd-appareil-de-pedicure-et-de-gommage-des-pieds\/#primaryimage"},"thumbnailUrl":"https:\/\/aigleshopping.ca\/wp-content\/uploads\/2025\/04\/f2c6e337-c1bb-4343-8877-6da8fd78ad04.jpg","datePublished":"2025-04-06T21:36:49+00:00","breadcrumb":{"@id":"https:\/\/aigleshopping.ca\/fr\/produit\/aspirateur-electrique-a-affichage-numerique-lcd-appareil-de-pedicure-et-de-gommage-des-pieds\/#breadcrumb"},"inLanguage":"fr-FR","potentialAction":[{"@type":"ReadAction","target":["https:\/\/aigleshopping.ca\/fr\/produit\/aspirateur-electrique-a-affichage-numerique-lcd-appareil-de-pedicure-et-de-gommage-des-pieds\/"]}]},{"@type":"ImageObject","inLanguage":"fr-FR","@id":"https:\/\/aigleshopping.ca\/fr\/produit\/aspirateur-electrique-a-affichage-numerique-lcd-appareil-de-pedicure-et-de-gommage-des-pieds\/#primaryimage","url":"https:\/\/aigleshopping.ca\/wp-content\/uploads\/2025\/04\/f2c6e337-c1bb-4343-8877-6da8fd78ad04.jpg","contentUrl":"https:\/\/aigleshopping.ca\/wp-content\/uploads\/2025\/04\/f2c6e337-c1bb-4343-8877-6da8fd78ad04.jpg","width":800,"height":800},{"@type":"BreadcrumbList","@id":"https:\/\/aigleshopping.ca\/fr\/produit\/aspirateur-electrique-a-affichage-numerique-lcd-appareil-de-pedicure-et-de-gommage-des-pieds\/#breadcrumb","itemListElement":[{"@type":"ListItem","position":1,"name":"Home","item":"https:\/\/aigleshopping.ca\/fr\/home\/"},{"@type":"ListItem","position":2,"name":"Products","item":"https:\/\/aigleshopping.ca\/shop\/"},{"@type":"ListItem","position":3,"name":"Aspirateur \u00e9lectrique \u00e0 affichage num\u00e9rique LCD Appareil de p\u00e9dicure et de gommage des pieds"}]},{"@type":"WebSite","@id":"https:\/\/aigleshopping.ca\/#website","url":"https:\/\/aigleshopping.ca\/","name":"Aigle Shopping Canada","description":"Au-del\u00e0 des fronti\u00e8res, pour vous offrir le\u00a0meilleur!","publisher":{"@id":"https:\/\/aigleshopping.ca\/#organization"},"potentialAction":[{"@type":"SearchAction","target":{"@type":"EntryPoint","urlTemplate":"https:\/\/aigleshopping.ca\/?s={search_term_string}"},"query-input":{"@type":"PropertyValueSpecification","valueRequired":true,"valueName":"search_term_string"}}],"inLanguage":"fr-FR"},{"@type":"Organization","@id":"https:\/\/aigleshopping.ca\/#organization","name":"Aigle Shopping Canada","url":"https:\/\/aigleshopping.ca\/","logo":{"@type":"ImageObject","inLanguage":"fr-FR","@id":"https:\/\/aigleshopping.ca\/#\/schema\/logo\/image\/","url":"https:\/\/aigleshopping.ca\/wp-content\/uploads\/2025\/12\/logo_aigleshopping_ca.png","contentUrl":"https:\/\/aigleshopping.ca\/wp-content\/uploads\/2025\/12\/logo_aigleshopping_ca.png","width":800,"height":233,"caption":"Aigle Shopping Canada"},"image":{"@id":"https:\/\/aigleshopping.ca\/#\/schema\/logo\/image\/"}}]}},"jetpack_sharing_enabled":true,"_links":{"self":[{"href":"https:\/\/aigleshopping.ca\/fr\/wp-json\/wp\/v2\/product\/30409","targetHints":{"allow":["GET"]}}],"collection":[{"href":"https:\/\/aigleshopping.ca\/fr\/wp-json\/wp\/v2\/product"}],"about":[{"href":"https:\/\/aigleshopping.ca\/fr\/wp-json\/wp\/v2\/types\/product"}],"replies":[{"embeddable":true,"href":"https:\/\/aigleshopping.ca\/fr\/wp-json\/wp\/v2\/comments?post=30409"}],"wp:featuredmedia":[{"embeddable":true,"href":"https:\/\/aigleshopping.ca\/fr\/wp-json\/wp\/v2\/media\/29858"}],"wp:attachment":[{"href":"https:\/\/aigleshopping.ca\/fr\/wp-json\/wp\/v2\/media?parent=30409"}],"wp:term":[{"taxonomy":"product_brand","embeddable":true,"href":"https:\/\/aigleshopping.ca\/fr\/wp-json\/wp\/v2\/product_brand?post=30409"},{"taxonomy":"product_cat","embeddable":true,"href":"https:\/\/aigleshopping.ca\/fr\/wp-json\/wp\/v2\/product_cat?post=30409"},{"taxonomy":"product_tag","embeddable":true,"href":"https:\/\/aigleshopping.ca\/fr\/wp-json\/wp\/v2\/product_tag?post=30409"}],"curies":[{"name":"wp","href":"https:\/\/api.w.org\/{rel}","templated":true}]}}