{"id":30420,"date":"2025-04-06T21:34:54","date_gmt":"2025-04-06T21:34:54","guid":{"rendered":"https:\/\/aigleshopping.ca\/produit\/new-hot-sale-shoulder-and-neck-multifunctional-and-cervical-spine-massager-masseur-pour-les-epaules-et-le-cou-multifonctionnel-et-pour-la-colonne-vertebrale-cervicale\/"},"modified":"2025-04-06T21:34:54","modified_gmt":"2025-04-06T21:34:54","slug":"new-hot-sale-shoulder-and-neck-multifunctional-and-cervical-spine-massager-masseur-pour-les-epaules-et-le-cou-multifonctionnel-et-pour-la-colonne-vertebrale-cervicale","status":"publish","type":"product","link":"https:\/\/aigleshopping.ca\/fr\/produit\/new-hot-sale-shoulder-and-neck-multifunctional-and-cervical-spine-massager-masseur-pour-les-epaules-et-le-cou-multifonctionnel-et-pour-la-colonne-vertebrale-cervicale\/","title":{"rendered":"New Hot Sale Shoulder and Neck Multifunctional and Cervical Spine Massager (Masseur pour les \u00e9paules et le cou multifonctionnel et pour la colonne vert\u00e9brale cervicale)"},"content":{"rendered":"<p> <span style=\"font-weight: bold\">Informations sur le produit :<\/span> <\/p>\n<p>  Nom du produit : Masseur cervical <br \/> Dur\u00e9e du massage : 15min\/temps <br \/> Intensit\u00e9 du massage : 15 niveaux <br \/> Nombre de t\u00eates de massage : 2 t\u00eates de massage <br \/> Tension nominale : 5V <br \/> Modes de massage : 4 modes <br \/> Temps de charge : Environ 2 heures  <\/p>\n<div>\n<div>\n<ul>\n<li>\n<div>\n     <img decoding=\"async\" alt=\"\" src=\"https:\/\/cf.cjdropshipping.com\/20210124\/4063935444352.jpg\">\n    <\/div>\n<\/li>\n<li>\n<div>\n     <img decoding=\"async\" alt=\"\" src=\"https:\/\/cf.cjdropshipping.com\/20210124\/390093157679.jpg\">\n    <\/div>\n<\/li>\n<li>\n<div>\n     <img decoding=\"async\" alt=\"\" src=\"https:\/\/cf.cjdropshipping.com\/20210124\/905083836465.png\">\n    <\/div>\n<\/li>\n<li>\n<div>\n     <img decoding=\"async\" alt=\"\" src=\"https:\/\/cf.cjdropshipping.com\/20210124\/3183641016043.jpg\">\n    <\/div>\n<\/li>\n<li>\n<div>\n     <img decoding=\"async\" alt=\"\" src=\"https:\/\/cf.cjdropshipping.com\/20210124\/2336864081026.jpg\"> <\/p>\n<div>\n<div>\n       <br \/> \n      <\/div>\n<\/p><\/div>\n<\/p><\/div>\n<\/li>\n<\/ul><\/div>\n<\/div>\n","protected":false},"excerpt":{"rendered":"<p>Informations sur le produit : Nom du produit : Masseur cervical Dur\u00e9e du massage : 15min\/temps Intensit\u00e9 du massage : 15 niveaux Nombre de t\u00eates de massage : 2 t\u00eates de massage Tension nominale : 5V Modes de massage : 4 modes Temps de charge : Environ 2 heures<\/p>\n","protected":false},"featured_media":29806,"comment_status":"open","ping_status":"closed","template":"","meta":{"content-type":""},"product_brand":[],"product_cat":[797],"product_tag":[],"class_list":{"0":"post-30420","1":"product","2":"type-product","3":"status-publish","4":"has-post-thumbnail","6":"product_cat-dispositifs-de-beaute","8":"first","9":"instock","10":"taxable","11":"shipping-taxable","12":"purchasable","13":"product-type-variable","14":"add-to-wishlist-after_add_to_cart"},"yoast_head":"<!-- This site is optimized with the Yoast SEO plugin v27.4 - https:\/\/yoast.com\/product\/yoast-seo-wordpress\/ -->\n<title>New Hot Sale Shoulder and Neck Multifunctional and Cervical Spine Massager (Masseur pour les \u00e9paules et le cou multifonctionnel et pour la colonne vert\u00e9brale cervicale) - Aigle Shopping Canada<\/title>\n<meta name=\"robots\" content=\"index, follow, max-snippet:-1, max-image-preview:large, max-video-preview:-1\" \/>\n<link rel=\"canonical\" href=\"https:\/\/aigleshopping.ca\/fr\/produit\/new-hot-sale-shoulder-and-neck-multifunctional-and-cervical-spine-massager-masseur-pour-les-epaules-et-le-cou-multifonctionnel-et-pour-la-colonne-vertebrale-cervicale\/\" \/>\n<meta property=\"og:locale\" content=\"fr_FR\" \/>\n<meta property=\"og:type\" content=\"article\" \/>\n<meta property=\"og:title\" content=\"New Hot Sale Shoulder and Neck Multifunctional and Cervical Spine Massager (Masseur pour les \u00e9paules et le cou multifonctionnel et pour la colonne vert\u00e9brale cervicale) - Aigle Shopping Canada\" \/>\n<meta property=\"og:description\" content=\"Informations sur le produit : Nom du produit : Masseur cervical Dur\u00e9e du massage : 15min\/temps Intensit\u00e9 du massage : 15 niveaux Nombre de t\u00eates de massage : 2 t\u00eates de massage Tension nominale : 5V Modes de massage : 4 modes Temps de charge : Environ 2 heures\" \/>\n<meta property=\"og:url\" content=\"https:\/\/aigleshopping.ca\/fr\/produit\/new-hot-sale-shoulder-and-neck-multifunctional-and-cervical-spine-massager-masseur-pour-les-epaules-et-le-cou-multifonctionnel-et-pour-la-colonne-vertebrale-cervicale\/\" \/>\n<meta property=\"og:site_name\" content=\"Aigle Shopping Canada\" \/>\n<meta property=\"og:image\" content=\"https:\/\/aigleshopping.ca\/wp-content\/uploads\/2025\/04\/4063935444352.jpg\" \/>\n\t<meta property=\"og:image:width\" content=\"1200\" \/>\n\t<meta property=\"og:image:height\" content=\"1200\" \/>\n\t<meta property=\"og:image:type\" content=\"image\/jpeg\" \/>\n<meta name=\"twitter:card\" content=\"summary_large_image\" \/>\n<script type=\"application\/ld+json\" class=\"yoast-schema-graph\">{\"@context\":\"https:\\\/\\\/schema.org\",\"@graph\":[{\"@type\":\"WebPage\",\"@id\":\"https:\\\/\\\/aigleshopping.ca\\\/fr\\\/produit\\\/new-hot-sale-shoulder-and-neck-multifunctional-and-cervical-spine-massager-masseur-pour-les-epaules-et-le-cou-multifonctionnel-et-pour-la-colonne-vertebrale-cervicale\\\/\",\"url\":\"https:\\\/\\\/aigleshopping.ca\\\/fr\\\/produit\\\/new-hot-sale-shoulder-and-neck-multifunctional-and-cervical-spine-massager-masseur-pour-les-epaules-et-le-cou-multifonctionnel-et-pour-la-colonne-vertebrale-cervicale\\\/\",\"name\":\"New Hot Sale Shoulder and Neck Multifunctional and Cervical Spine Massager (Masseur pour les \u00e9paules et le cou multifonctionnel et pour la colonne vert\u00e9brale cervicale) - Aigle Shopping Canada\",\"isPartOf\":{\"@id\":\"https:\\\/\\\/aigleshopping.ca\\\/#website\"},\"primaryImageOfPage\":{\"@id\":\"https:\\\/\\\/aigleshopping.ca\\\/fr\\\/produit\\\/new-hot-sale-shoulder-and-neck-multifunctional-and-cervical-spine-massager-masseur-pour-les-epaules-et-le-cou-multifonctionnel-et-pour-la-colonne-vertebrale-cervicale\\\/#primaryimage\"},\"image\":{\"@id\":\"https:\\\/\\\/aigleshopping.ca\\\/fr\\\/produit\\\/new-hot-sale-shoulder-and-neck-multifunctional-and-cervical-spine-massager-masseur-pour-les-epaules-et-le-cou-multifonctionnel-et-pour-la-colonne-vertebrale-cervicale\\\/#primaryimage\"},\"thumbnailUrl\":\"https:\\\/\\\/aigleshopping.ca\\\/wp-content\\\/uploads\\\/2025\\\/04\\\/4063935444352.jpg\",\"datePublished\":\"2025-04-06T21:34:54+00:00\",\"breadcrumb\":{\"@id\":\"https:\\\/\\\/aigleshopping.ca\\\/fr\\\/produit\\\/new-hot-sale-shoulder-and-neck-multifunctional-and-cervical-spine-massager-masseur-pour-les-epaules-et-le-cou-multifonctionnel-et-pour-la-colonne-vertebrale-cervicale\\\/#breadcrumb\"},\"inLanguage\":\"fr-FR\",\"potentialAction\":[{\"@type\":\"ReadAction\",\"target\":[\"https:\\\/\\\/aigleshopping.ca\\\/fr\\\/produit\\\/new-hot-sale-shoulder-and-neck-multifunctional-and-cervical-spine-massager-masseur-pour-les-epaules-et-le-cou-multifonctionnel-et-pour-la-colonne-vertebrale-cervicale\\\/\"]}]},{\"@type\":\"ImageObject\",\"inLanguage\":\"fr-FR\",\"@id\":\"https:\\\/\\\/aigleshopping.ca\\\/fr\\\/produit\\\/new-hot-sale-shoulder-and-neck-multifunctional-and-cervical-spine-massager-masseur-pour-les-epaules-et-le-cou-multifonctionnel-et-pour-la-colonne-vertebrale-cervicale\\\/#primaryimage\",\"url\":\"https:\\\/\\\/aigleshopping.ca\\\/wp-content\\\/uploads\\\/2025\\\/04\\\/4063935444352.jpg\",\"contentUrl\":\"https:\\\/\\\/aigleshopping.ca\\\/wp-content\\\/uploads\\\/2025\\\/04\\\/4063935444352.jpg\",\"width\":1200,\"height\":1200},{\"@type\":\"BreadcrumbList\",\"@id\":\"https:\\\/\\\/aigleshopping.ca\\\/fr\\\/produit\\\/new-hot-sale-shoulder-and-neck-multifunctional-and-cervical-spine-massager-masseur-pour-les-epaules-et-le-cou-multifonctionnel-et-pour-la-colonne-vertebrale-cervicale\\\/#breadcrumb\",\"itemListElement\":[{\"@type\":\"ListItem\",\"position\":1,\"name\":\"Home\",\"item\":\"https:\\\/\\\/aigleshopping.ca\\\/fr\\\/home\\\/\"},{\"@type\":\"ListItem\",\"position\":2,\"name\":\"Products\",\"item\":\"https:\\\/\\\/aigleshopping.ca\\\/shop\\\/\"},{\"@type\":\"ListItem\",\"position\":3,\"name\":\"New Hot Sale Shoulder and Neck Multifunctional and Cervical Spine Massager (Masseur pour les \u00e9paules et le cou multifonctionnel et pour la colonne vert\u00e9brale cervicale)\"}]},{\"@type\":\"WebSite\",\"@id\":\"https:\\\/\\\/aigleshopping.ca\\\/#website\",\"url\":\"https:\\\/\\\/aigleshopping.ca\\\/\",\"name\":\"Aigle Shopping Canada\",\"description\":\"Au-del\u00e0 des fronti\u00e8res, pour vous offrir le\u00a0meilleur!\",\"publisher\":{\"@id\":\"https:\\\/\\\/aigleshopping.ca\\\/#organization\"},\"potentialAction\":[{\"@type\":\"SearchAction\",\"target\":{\"@type\":\"EntryPoint\",\"urlTemplate\":\"https:\\\/\\\/aigleshopping.ca\\\/?s={search_term_string}\"},\"query-input\":{\"@type\":\"PropertyValueSpecification\",\"valueRequired\":true,\"valueName\":\"search_term_string\"}}],\"inLanguage\":\"fr-FR\"},{\"@type\":\"Organization\",\"@id\":\"https:\\\/\\\/aigleshopping.ca\\\/#organization\",\"name\":\"Aigle Shopping Canada\",\"url\":\"https:\\\/\\\/aigleshopping.ca\\\/\",\"logo\":{\"@type\":\"ImageObject\",\"inLanguage\":\"fr-FR\",\"@id\":\"https:\\\/\\\/aigleshopping.ca\\\/#\\\/schema\\\/logo\\\/image\\\/\",\"url\":\"https:\\\/\\\/aigleshopping.ca\\\/wp-content\\\/uploads\\\/2025\\\/12\\\/logo_aigleshopping_ca.png\",\"contentUrl\":\"https:\\\/\\\/aigleshopping.ca\\\/wp-content\\\/uploads\\\/2025\\\/12\\\/logo_aigleshopping_ca.png\",\"width\":800,\"height\":233,\"caption\":\"Aigle Shopping Canada\"},\"image\":{\"@id\":\"https:\\\/\\\/aigleshopping.ca\\\/#\\\/schema\\\/logo\\\/image\\\/\"}}]}<\/script>\n<!-- \/ Yoast SEO plugin. -->","yoast_head_json":{"title":"New Hot Sale Shoulder and Neck Multifunctional and Cervical Spine Massager (Masseur pour les \u00e9paules et le cou multifonctionnel et pour la colonne vert\u00e9brale cervicale) - Aigle Shopping Canada","robots":{"index":"index","follow":"follow","max-snippet":"max-snippet:-1","max-image-preview":"max-image-preview:large","max-video-preview":"max-video-preview:-1"},"canonical":"https:\/\/aigleshopping.ca\/fr\/produit\/new-hot-sale-shoulder-and-neck-multifunctional-and-cervical-spine-massager-masseur-pour-les-epaules-et-le-cou-multifonctionnel-et-pour-la-colonne-vertebrale-cervicale\/","og_locale":"fr_FR","og_type":"article","og_title":"New Hot Sale Shoulder and Neck Multifunctional and Cervical Spine Massager (Masseur pour les \u00e9paules et le cou multifonctionnel et pour la colonne vert\u00e9brale cervicale) - Aigle Shopping Canada","og_description":"Informations sur le produit : Nom du produit : Masseur cervical Dur\u00e9e du massage : 15min\/temps Intensit\u00e9 du massage : 15 niveaux Nombre de t\u00eates de massage : 2 t\u00eates de massage Tension nominale : 5V Modes de massage : 4 modes Temps de charge : Environ 2 heures","og_url":"https:\/\/aigleshopping.ca\/fr\/produit\/new-hot-sale-shoulder-and-neck-multifunctional-and-cervical-spine-massager-masseur-pour-les-epaules-et-le-cou-multifonctionnel-et-pour-la-colonne-vertebrale-cervicale\/","og_site_name":"Aigle Shopping Canada","og_image":[{"width":1200,"height":1200,"url":"https:\/\/aigleshopping.ca\/wp-content\/uploads\/2025\/04\/4063935444352.jpg","type":"image\/jpeg"}],"twitter_card":"summary_large_image","schema":{"@context":"https:\/\/schema.org","@graph":[{"@type":"WebPage","@id":"https:\/\/aigleshopping.ca\/fr\/produit\/new-hot-sale-shoulder-and-neck-multifunctional-and-cervical-spine-massager-masseur-pour-les-epaules-et-le-cou-multifonctionnel-et-pour-la-colonne-vertebrale-cervicale\/","url":"https:\/\/aigleshopping.ca\/fr\/produit\/new-hot-sale-shoulder-and-neck-multifunctional-and-cervical-spine-massager-masseur-pour-les-epaules-et-le-cou-multifonctionnel-et-pour-la-colonne-vertebrale-cervicale\/","name":"New Hot Sale Shoulder and Neck Multifunctional and Cervical Spine Massager (Masseur pour les \u00e9paules et le cou multifonctionnel et pour la colonne vert\u00e9brale cervicale) - Aigle Shopping Canada","isPartOf":{"@id":"https:\/\/aigleshopping.ca\/#website"},"primaryImageOfPage":{"@id":"https:\/\/aigleshopping.ca\/fr\/produit\/new-hot-sale-shoulder-and-neck-multifunctional-and-cervical-spine-massager-masseur-pour-les-epaules-et-le-cou-multifonctionnel-et-pour-la-colonne-vertebrale-cervicale\/#primaryimage"},"image":{"@id":"https:\/\/aigleshopping.ca\/fr\/produit\/new-hot-sale-shoulder-and-neck-multifunctional-and-cervical-spine-massager-masseur-pour-les-epaules-et-le-cou-multifonctionnel-et-pour-la-colonne-vertebrale-cervicale\/#primaryimage"},"thumbnailUrl":"https:\/\/aigleshopping.ca\/wp-content\/uploads\/2025\/04\/4063935444352.jpg","datePublished":"2025-04-06T21:34:54+00:00","breadcrumb":{"@id":"https:\/\/aigleshopping.ca\/fr\/produit\/new-hot-sale-shoulder-and-neck-multifunctional-and-cervical-spine-massager-masseur-pour-les-epaules-et-le-cou-multifonctionnel-et-pour-la-colonne-vertebrale-cervicale\/#breadcrumb"},"inLanguage":"fr-FR","potentialAction":[{"@type":"ReadAction","target":["https:\/\/aigleshopping.ca\/fr\/produit\/new-hot-sale-shoulder-and-neck-multifunctional-and-cervical-spine-massager-masseur-pour-les-epaules-et-le-cou-multifonctionnel-et-pour-la-colonne-vertebrale-cervicale\/"]}]},{"@type":"ImageObject","inLanguage":"fr-FR","@id":"https:\/\/aigleshopping.ca\/fr\/produit\/new-hot-sale-shoulder-and-neck-multifunctional-and-cervical-spine-massager-masseur-pour-les-epaules-et-le-cou-multifonctionnel-et-pour-la-colonne-vertebrale-cervicale\/#primaryimage","url":"https:\/\/aigleshopping.ca\/wp-content\/uploads\/2025\/04\/4063935444352.jpg","contentUrl":"https:\/\/aigleshopping.ca\/wp-content\/uploads\/2025\/04\/4063935444352.jpg","width":1200,"height":1200},{"@type":"BreadcrumbList","@id":"https:\/\/aigleshopping.ca\/fr\/produit\/new-hot-sale-shoulder-and-neck-multifunctional-and-cervical-spine-massager-masseur-pour-les-epaules-et-le-cou-multifonctionnel-et-pour-la-colonne-vertebrale-cervicale\/#breadcrumb","itemListElement":[{"@type":"ListItem","position":1,"name":"Home","item":"https:\/\/aigleshopping.ca\/fr\/home\/"},{"@type":"ListItem","position":2,"name":"Products","item":"https:\/\/aigleshopping.ca\/shop\/"},{"@type":"ListItem","position":3,"name":"New Hot Sale Shoulder and Neck Multifunctional and Cervical Spine Massager (Masseur pour les \u00e9paules et le cou multifonctionnel et pour la colonne vert\u00e9brale cervicale)"}]},{"@type":"WebSite","@id":"https:\/\/aigleshopping.ca\/#website","url":"https:\/\/aigleshopping.ca\/","name":"Aigle Shopping Canada","description":"Au-del\u00e0 des fronti\u00e8res, pour vous offrir le\u00a0meilleur!","publisher":{"@id":"https:\/\/aigleshopping.ca\/#organization"},"potentialAction":[{"@type":"SearchAction","target":{"@type":"EntryPoint","urlTemplate":"https:\/\/aigleshopping.ca\/?s={search_term_string}"},"query-input":{"@type":"PropertyValueSpecification","valueRequired":true,"valueName":"search_term_string"}}],"inLanguage":"fr-FR"},{"@type":"Organization","@id":"https:\/\/aigleshopping.ca\/#organization","name":"Aigle Shopping Canada","url":"https:\/\/aigleshopping.ca\/","logo":{"@type":"ImageObject","inLanguage":"fr-FR","@id":"https:\/\/aigleshopping.ca\/#\/schema\/logo\/image\/","url":"https:\/\/aigleshopping.ca\/wp-content\/uploads\/2025\/12\/logo_aigleshopping_ca.png","contentUrl":"https:\/\/aigleshopping.ca\/wp-content\/uploads\/2025\/12\/logo_aigleshopping_ca.png","width":800,"height":233,"caption":"Aigle Shopping Canada"},"image":{"@id":"https:\/\/aigleshopping.ca\/#\/schema\/logo\/image\/"}}]}},"jetpack_sharing_enabled":true,"_links":{"self":[{"href":"https:\/\/aigleshopping.ca\/fr\/wp-json\/wp\/v2\/product\/30420","targetHints":{"allow":["GET"]}}],"collection":[{"href":"https:\/\/aigleshopping.ca\/fr\/wp-json\/wp\/v2\/product"}],"about":[{"href":"https:\/\/aigleshopping.ca\/fr\/wp-json\/wp\/v2\/types\/product"}],"replies":[{"embeddable":true,"href":"https:\/\/aigleshopping.ca\/fr\/wp-json\/wp\/v2\/comments?post=30420"}],"wp:featuredmedia":[{"embeddable":true,"href":"https:\/\/aigleshopping.ca\/fr\/wp-json\/wp\/v2\/media\/29806"}],"wp:attachment":[{"href":"https:\/\/aigleshopping.ca\/fr\/wp-json\/wp\/v2\/media?parent=30420"}],"wp:term":[{"taxonomy":"product_brand","embeddable":true,"href":"https:\/\/aigleshopping.ca\/fr\/wp-json\/wp\/v2\/product_brand?post=30420"},{"taxonomy":"product_cat","embeddable":true,"href":"https:\/\/aigleshopping.ca\/fr\/wp-json\/wp\/v2\/product_cat?post=30420"},{"taxonomy":"product_tag","embeddable":true,"href":"https:\/\/aigleshopping.ca\/fr\/wp-json\/wp\/v2\/product_tag?post=30420"}],"curies":[{"name":"wp","href":"https:\/\/api.w.org\/{rel}","templated":true}]}}