{"id":30430,"date":"2025-04-06T21:33:08","date_gmt":"2025-04-06T21:33:08","guid":{"rendered":"https:\/\/aigleshopping.ca\/produit\/fer-a-boucler-automatique-sans-fil-et-sans-fil-usb-fer-a-boucler-automatique-en-ceramique-fer-a-boucler-t-waves-fer-a-boucler-air-curler\/"},"modified":"2025-04-06T21:33:08","modified_gmt":"2025-04-06T21:33:08","slug":"fer-a-boucler-automatique-sans-fil-et-sans-fil-usb-fer-a-boucler-automatique-en-ceramique-fer-a-boucler-t-waves-fer-a-boucler-air-curler","status":"publish","type":"product","link":"https:\/\/aigleshopping.ca\/fr\/produit\/fer-a-boucler-automatique-sans-fil-et-sans-fil-usb-fer-a-boucler-automatique-en-ceramique-fer-a-boucler-t-waves-fer-a-boucler-air-curler\/","title":{"rendered":"Fer \u00e0 boucler automatique sans fil et sans fil USB Fer \u00e0 boucler automatique en c\u00e9ramique Fer \u00e0 boucler T Waves Fer \u00e0 boucler Air Curler"},"content":{"rendered":"<p>  Cat\u00e9gorie de produit : fer \u00e0 boucler <br \/> Applicable aux cheveux : humides et secs <br \/> Mat\u00e9riau du conducteur de chaleur : c\u00e9ramique tourmaline <br \/> Diam\u00e8tre du conducteur de chaleur : 16MM-20MM <br \/> Temps de modelage optimal : 1-2 minutes <br \/> Nombre de segments : 10 segments  <\/p>\n<p> <img decoding=\"async\" src=\"https:\/\/cf.cjdropshipping.com\/e4437e0a-d4df-4885-8258-7fcecf17d7cb.jpg\"> <img decoding=\"async\" src=\"https:\/\/cf.cjdropshipping.com\/13c6b664-f962-4b2f-b008-2407da72e79c.jpg\"> <img decoding=\"async\" src=\"https:\/\/cf.cjdropshipping.com\/7638cf45-aa7c-4f4f-a875-077b6094b081.jpg\"> <img decoding=\"async\" src=\"https:\/\/cf.cjdropshipping.com\/edf5f0aa-46ed-4b42-9dea-ed9c0da29539.jpg\"> <img decoding=\"async\" src=\"https:\/\/cf.cjdropshipping.com\/b9e4af17-49c8-4e62-9b92-7b2aedd5b7b4.jpg\">  <\/p>\n","protected":false},"excerpt":{"rendered":"<p>Cat\u00e9gorie de produit : fer \u00e0 boucler Applicable aux cheveux : humides et secs Mat\u00e9riau du conducteur de chaleur : c\u00e9ramique tourmaline Diam\u00e8tre du conducteur de chaleur : 16MM-20MM Temps de modelage optimal : 1-2 minutes Nombre de segments : 10 segments<\/p>\n","protected":false},"featured_media":29743,"comment_status":"open","ping_status":"closed","template":"","meta":{"content-type":""},"product_brand":[],"product_cat":[797],"product_tag":[],"class_list":{"0":"post-30430","1":"product","2":"type-product","3":"status-publish","4":"has-post-thumbnail","6":"product_cat-dispositifs-de-beaute","8":"first","9":"instock","10":"taxable","11":"shipping-taxable","12":"purchasable","13":"product-type-variable","14":"add-to-wishlist-after_add_to_cart"},"yoast_head":"<!-- This site is optimized with the Yoast SEO plugin v27.4 - https:\/\/yoast.com\/product\/yoast-seo-wordpress\/ -->\n<title>Fer \u00e0 boucler automatique sans fil et sans fil USB Fer \u00e0 boucler automatique en c\u00e9ramique Fer \u00e0 boucler T Waves Fer \u00e0 boucler Air Curler - Aigle Shopping Canada<\/title>\n<meta name=\"robots\" content=\"index, follow, max-snippet:-1, max-image-preview:large, max-video-preview:-1\" \/>\n<link rel=\"canonical\" href=\"https:\/\/aigleshopping.ca\/fr\/produit\/fer-a-boucler-automatique-sans-fil-et-sans-fil-usb-fer-a-boucler-automatique-en-ceramique-fer-a-boucler-t-waves-fer-a-boucler-air-curler\/\" \/>\n<meta property=\"og:locale\" content=\"fr_FR\" \/>\n<meta property=\"og:type\" content=\"article\" \/>\n<meta property=\"og:title\" content=\"Fer \u00e0 boucler automatique sans fil et sans fil USB Fer \u00e0 boucler automatique en c\u00e9ramique Fer \u00e0 boucler T Waves Fer \u00e0 boucler Air Curler - Aigle Shopping Canada\" \/>\n<meta property=\"og:description\" content=\"Cat\u00e9gorie de produit : fer \u00e0 boucler Applicable aux cheveux : humides et secs Mat\u00e9riau du conducteur de chaleur : c\u00e9ramique tourmaline Diam\u00e8tre du conducteur de chaleur : 16MM-20MM Temps de modelage optimal : 1-2 minutes Nombre de segments : 10 segments\" \/>\n<meta property=\"og:url\" content=\"https:\/\/aigleshopping.ca\/fr\/produit\/fer-a-boucler-automatique-sans-fil-et-sans-fil-usb-fer-a-boucler-automatique-en-ceramique-fer-a-boucler-t-waves-fer-a-boucler-air-curler\/\" \/>\n<meta property=\"og:site_name\" content=\"Aigle Shopping Canada\" \/>\n<meta property=\"og:image\" content=\"https:\/\/aigleshopping.ca\/wp-content\/uploads\/2025\/04\/687190f6-2053-4474-925b-2a96641f9b1d.jpg\" \/>\n\t<meta property=\"og:image:width\" content=\"1000\" \/>\n\t<meta property=\"og:image:height\" content=\"1000\" \/>\n\t<meta property=\"og:image:type\" content=\"image\/jpeg\" \/>\n<meta name=\"twitter:card\" content=\"summary_large_image\" \/>\n<script type=\"application\/ld+json\" class=\"yoast-schema-graph\">{\"@context\":\"https:\\\/\\\/schema.org\",\"@graph\":[{\"@type\":\"WebPage\",\"@id\":\"https:\\\/\\\/aigleshopping.ca\\\/fr\\\/produit\\\/fer-a-boucler-automatique-sans-fil-et-sans-fil-usb-fer-a-boucler-automatique-en-ceramique-fer-a-boucler-t-waves-fer-a-boucler-air-curler\\\/\",\"url\":\"https:\\\/\\\/aigleshopping.ca\\\/fr\\\/produit\\\/fer-a-boucler-automatique-sans-fil-et-sans-fil-usb-fer-a-boucler-automatique-en-ceramique-fer-a-boucler-t-waves-fer-a-boucler-air-curler\\\/\",\"name\":\"Fer \u00e0 boucler automatique sans fil et sans fil USB Fer \u00e0 boucler automatique en c\u00e9ramique Fer \u00e0 boucler T Waves Fer \u00e0 boucler Air Curler - Aigle Shopping Canada\",\"isPartOf\":{\"@id\":\"https:\\\/\\\/aigleshopping.ca\\\/#website\"},\"primaryImageOfPage\":{\"@id\":\"https:\\\/\\\/aigleshopping.ca\\\/fr\\\/produit\\\/fer-a-boucler-automatique-sans-fil-et-sans-fil-usb-fer-a-boucler-automatique-en-ceramique-fer-a-boucler-t-waves-fer-a-boucler-air-curler\\\/#primaryimage\"},\"image\":{\"@id\":\"https:\\\/\\\/aigleshopping.ca\\\/fr\\\/produit\\\/fer-a-boucler-automatique-sans-fil-et-sans-fil-usb-fer-a-boucler-automatique-en-ceramique-fer-a-boucler-t-waves-fer-a-boucler-air-curler\\\/#primaryimage\"},\"thumbnailUrl\":\"https:\\\/\\\/aigleshopping.ca\\\/wp-content\\\/uploads\\\/2025\\\/04\\\/687190f6-2053-4474-925b-2a96641f9b1d.jpg\",\"datePublished\":\"2025-04-06T21:33:08+00:00\",\"breadcrumb\":{\"@id\":\"https:\\\/\\\/aigleshopping.ca\\\/fr\\\/produit\\\/fer-a-boucler-automatique-sans-fil-et-sans-fil-usb-fer-a-boucler-automatique-en-ceramique-fer-a-boucler-t-waves-fer-a-boucler-air-curler\\\/#breadcrumb\"},\"inLanguage\":\"fr-FR\",\"potentialAction\":[{\"@type\":\"ReadAction\",\"target\":[\"https:\\\/\\\/aigleshopping.ca\\\/fr\\\/produit\\\/fer-a-boucler-automatique-sans-fil-et-sans-fil-usb-fer-a-boucler-automatique-en-ceramique-fer-a-boucler-t-waves-fer-a-boucler-air-curler\\\/\"]}]},{\"@type\":\"ImageObject\",\"inLanguage\":\"fr-FR\",\"@id\":\"https:\\\/\\\/aigleshopping.ca\\\/fr\\\/produit\\\/fer-a-boucler-automatique-sans-fil-et-sans-fil-usb-fer-a-boucler-automatique-en-ceramique-fer-a-boucler-t-waves-fer-a-boucler-air-curler\\\/#primaryimage\",\"url\":\"https:\\\/\\\/aigleshopping.ca\\\/wp-content\\\/uploads\\\/2025\\\/04\\\/687190f6-2053-4474-925b-2a96641f9b1d.jpg\",\"contentUrl\":\"https:\\\/\\\/aigleshopping.ca\\\/wp-content\\\/uploads\\\/2025\\\/04\\\/687190f6-2053-4474-925b-2a96641f9b1d.jpg\",\"width\":1000,\"height\":1000},{\"@type\":\"BreadcrumbList\",\"@id\":\"https:\\\/\\\/aigleshopping.ca\\\/fr\\\/produit\\\/fer-a-boucler-automatique-sans-fil-et-sans-fil-usb-fer-a-boucler-automatique-en-ceramique-fer-a-boucler-t-waves-fer-a-boucler-air-curler\\\/#breadcrumb\",\"itemListElement\":[{\"@type\":\"ListItem\",\"position\":1,\"name\":\"Home\",\"item\":\"https:\\\/\\\/aigleshopping.ca\\\/fr\\\/home\\\/\"},{\"@type\":\"ListItem\",\"position\":2,\"name\":\"Products\",\"item\":\"https:\\\/\\\/aigleshopping.ca\\\/shop\\\/\"},{\"@type\":\"ListItem\",\"position\":3,\"name\":\"Fer \u00e0 boucler automatique sans fil et sans fil USB Fer \u00e0 boucler automatique en c\u00e9ramique Fer \u00e0 boucler T Waves Fer \u00e0 boucler Air Curler\"}]},{\"@type\":\"WebSite\",\"@id\":\"https:\\\/\\\/aigleshopping.ca\\\/#website\",\"url\":\"https:\\\/\\\/aigleshopping.ca\\\/\",\"name\":\"Aigle Shopping Canada\",\"description\":\"Au-del\u00e0 des fronti\u00e8res, pour vous offrir le\u00a0meilleur!\",\"publisher\":{\"@id\":\"https:\\\/\\\/aigleshopping.ca\\\/#organization\"},\"potentialAction\":[{\"@type\":\"SearchAction\",\"target\":{\"@type\":\"EntryPoint\",\"urlTemplate\":\"https:\\\/\\\/aigleshopping.ca\\\/?s={search_term_string}\"},\"query-input\":{\"@type\":\"PropertyValueSpecification\",\"valueRequired\":true,\"valueName\":\"search_term_string\"}}],\"inLanguage\":\"fr-FR\"},{\"@type\":\"Organization\",\"@id\":\"https:\\\/\\\/aigleshopping.ca\\\/#organization\",\"name\":\"Aigle Shopping Canada\",\"url\":\"https:\\\/\\\/aigleshopping.ca\\\/\",\"logo\":{\"@type\":\"ImageObject\",\"inLanguage\":\"fr-FR\",\"@id\":\"https:\\\/\\\/aigleshopping.ca\\\/#\\\/schema\\\/logo\\\/image\\\/\",\"url\":\"https:\\\/\\\/aigleshopping.ca\\\/wp-content\\\/uploads\\\/2025\\\/12\\\/logo_aigleshopping_ca.png\",\"contentUrl\":\"https:\\\/\\\/aigleshopping.ca\\\/wp-content\\\/uploads\\\/2025\\\/12\\\/logo_aigleshopping_ca.png\",\"width\":800,\"height\":233,\"caption\":\"Aigle Shopping Canada\"},\"image\":{\"@id\":\"https:\\\/\\\/aigleshopping.ca\\\/#\\\/schema\\\/logo\\\/image\\\/\"}}]}<\/script>\n<!-- \/ Yoast SEO plugin. -->","yoast_head_json":{"title":"Fer \u00e0 boucler automatique sans fil et sans fil USB Fer \u00e0 boucler automatique en c\u00e9ramique Fer \u00e0 boucler T Waves Fer \u00e0 boucler Air Curler - Aigle Shopping Canada","robots":{"index":"index","follow":"follow","max-snippet":"max-snippet:-1","max-image-preview":"max-image-preview:large","max-video-preview":"max-video-preview:-1"},"canonical":"https:\/\/aigleshopping.ca\/fr\/produit\/fer-a-boucler-automatique-sans-fil-et-sans-fil-usb-fer-a-boucler-automatique-en-ceramique-fer-a-boucler-t-waves-fer-a-boucler-air-curler\/","og_locale":"fr_FR","og_type":"article","og_title":"Fer \u00e0 boucler automatique sans fil et sans fil USB Fer \u00e0 boucler automatique en c\u00e9ramique Fer \u00e0 boucler T Waves Fer \u00e0 boucler Air Curler - Aigle Shopping Canada","og_description":"Cat\u00e9gorie de produit : fer \u00e0 boucler Applicable aux cheveux : humides et secs Mat\u00e9riau du conducteur de chaleur : c\u00e9ramique tourmaline Diam\u00e8tre du conducteur de chaleur : 16MM-20MM Temps de modelage optimal : 1-2 minutes Nombre de segments : 10 segments","og_url":"https:\/\/aigleshopping.ca\/fr\/produit\/fer-a-boucler-automatique-sans-fil-et-sans-fil-usb-fer-a-boucler-automatique-en-ceramique-fer-a-boucler-t-waves-fer-a-boucler-air-curler\/","og_site_name":"Aigle Shopping Canada","og_image":[{"width":1000,"height":1000,"url":"https:\/\/aigleshopping.ca\/wp-content\/uploads\/2025\/04\/687190f6-2053-4474-925b-2a96641f9b1d.jpg","type":"image\/jpeg"}],"twitter_card":"summary_large_image","schema":{"@context":"https:\/\/schema.org","@graph":[{"@type":"WebPage","@id":"https:\/\/aigleshopping.ca\/fr\/produit\/fer-a-boucler-automatique-sans-fil-et-sans-fil-usb-fer-a-boucler-automatique-en-ceramique-fer-a-boucler-t-waves-fer-a-boucler-air-curler\/","url":"https:\/\/aigleshopping.ca\/fr\/produit\/fer-a-boucler-automatique-sans-fil-et-sans-fil-usb-fer-a-boucler-automatique-en-ceramique-fer-a-boucler-t-waves-fer-a-boucler-air-curler\/","name":"Fer \u00e0 boucler automatique sans fil et sans fil USB Fer \u00e0 boucler automatique en c\u00e9ramique Fer \u00e0 boucler T Waves Fer \u00e0 boucler Air Curler - Aigle Shopping Canada","isPartOf":{"@id":"https:\/\/aigleshopping.ca\/#website"},"primaryImageOfPage":{"@id":"https:\/\/aigleshopping.ca\/fr\/produit\/fer-a-boucler-automatique-sans-fil-et-sans-fil-usb-fer-a-boucler-automatique-en-ceramique-fer-a-boucler-t-waves-fer-a-boucler-air-curler\/#primaryimage"},"image":{"@id":"https:\/\/aigleshopping.ca\/fr\/produit\/fer-a-boucler-automatique-sans-fil-et-sans-fil-usb-fer-a-boucler-automatique-en-ceramique-fer-a-boucler-t-waves-fer-a-boucler-air-curler\/#primaryimage"},"thumbnailUrl":"https:\/\/aigleshopping.ca\/wp-content\/uploads\/2025\/04\/687190f6-2053-4474-925b-2a96641f9b1d.jpg","datePublished":"2025-04-06T21:33:08+00:00","breadcrumb":{"@id":"https:\/\/aigleshopping.ca\/fr\/produit\/fer-a-boucler-automatique-sans-fil-et-sans-fil-usb-fer-a-boucler-automatique-en-ceramique-fer-a-boucler-t-waves-fer-a-boucler-air-curler\/#breadcrumb"},"inLanguage":"fr-FR","potentialAction":[{"@type":"ReadAction","target":["https:\/\/aigleshopping.ca\/fr\/produit\/fer-a-boucler-automatique-sans-fil-et-sans-fil-usb-fer-a-boucler-automatique-en-ceramique-fer-a-boucler-t-waves-fer-a-boucler-air-curler\/"]}]},{"@type":"ImageObject","inLanguage":"fr-FR","@id":"https:\/\/aigleshopping.ca\/fr\/produit\/fer-a-boucler-automatique-sans-fil-et-sans-fil-usb-fer-a-boucler-automatique-en-ceramique-fer-a-boucler-t-waves-fer-a-boucler-air-curler\/#primaryimage","url":"https:\/\/aigleshopping.ca\/wp-content\/uploads\/2025\/04\/687190f6-2053-4474-925b-2a96641f9b1d.jpg","contentUrl":"https:\/\/aigleshopping.ca\/wp-content\/uploads\/2025\/04\/687190f6-2053-4474-925b-2a96641f9b1d.jpg","width":1000,"height":1000},{"@type":"BreadcrumbList","@id":"https:\/\/aigleshopping.ca\/fr\/produit\/fer-a-boucler-automatique-sans-fil-et-sans-fil-usb-fer-a-boucler-automatique-en-ceramique-fer-a-boucler-t-waves-fer-a-boucler-air-curler\/#breadcrumb","itemListElement":[{"@type":"ListItem","position":1,"name":"Home","item":"https:\/\/aigleshopping.ca\/fr\/home\/"},{"@type":"ListItem","position":2,"name":"Products","item":"https:\/\/aigleshopping.ca\/shop\/"},{"@type":"ListItem","position":3,"name":"Fer \u00e0 boucler automatique sans fil et sans fil USB Fer \u00e0 boucler automatique en c\u00e9ramique Fer \u00e0 boucler T Waves Fer \u00e0 boucler Air Curler"}]},{"@type":"WebSite","@id":"https:\/\/aigleshopping.ca\/#website","url":"https:\/\/aigleshopping.ca\/","name":"Aigle Shopping Canada","description":"Au-del\u00e0 des fronti\u00e8res, pour vous offrir le\u00a0meilleur!","publisher":{"@id":"https:\/\/aigleshopping.ca\/#organization"},"potentialAction":[{"@type":"SearchAction","target":{"@type":"EntryPoint","urlTemplate":"https:\/\/aigleshopping.ca\/?s={search_term_string}"},"query-input":{"@type":"PropertyValueSpecification","valueRequired":true,"valueName":"search_term_string"}}],"inLanguage":"fr-FR"},{"@type":"Organization","@id":"https:\/\/aigleshopping.ca\/#organization","name":"Aigle Shopping Canada","url":"https:\/\/aigleshopping.ca\/","logo":{"@type":"ImageObject","inLanguage":"fr-FR","@id":"https:\/\/aigleshopping.ca\/#\/schema\/logo\/image\/","url":"https:\/\/aigleshopping.ca\/wp-content\/uploads\/2025\/12\/logo_aigleshopping_ca.png","contentUrl":"https:\/\/aigleshopping.ca\/wp-content\/uploads\/2025\/12\/logo_aigleshopping_ca.png","width":800,"height":233,"caption":"Aigle Shopping Canada"},"image":{"@id":"https:\/\/aigleshopping.ca\/#\/schema\/logo\/image\/"}}]}},"jetpack_sharing_enabled":true,"_links":{"self":[{"href":"https:\/\/aigleshopping.ca\/fr\/wp-json\/wp\/v2\/product\/30430","targetHints":{"allow":["GET"]}}],"collection":[{"href":"https:\/\/aigleshopping.ca\/fr\/wp-json\/wp\/v2\/product"}],"about":[{"href":"https:\/\/aigleshopping.ca\/fr\/wp-json\/wp\/v2\/types\/product"}],"replies":[{"embeddable":true,"href":"https:\/\/aigleshopping.ca\/fr\/wp-json\/wp\/v2\/comments?post=30430"}],"wp:featuredmedia":[{"embeddable":true,"href":"https:\/\/aigleshopping.ca\/fr\/wp-json\/wp\/v2\/media\/29743"}],"wp:attachment":[{"href":"https:\/\/aigleshopping.ca\/fr\/wp-json\/wp\/v2\/media?parent=30430"}],"wp:term":[{"taxonomy":"product_brand","embeddable":true,"href":"https:\/\/aigleshopping.ca\/fr\/wp-json\/wp\/v2\/product_brand?post=30430"},{"taxonomy":"product_cat","embeddable":true,"href":"https:\/\/aigleshopping.ca\/fr\/wp-json\/wp\/v2\/product_cat?post=30430"},{"taxonomy":"product_tag","embeddable":true,"href":"https:\/\/aigleshopping.ca\/fr\/wp-json\/wp\/v2\/product_tag?post=30430"}],"curies":[{"name":"wp","href":"https:\/\/api.w.org\/{rel}","templated":true}]}}