{"id":30431,"date":"2025-04-06T21:27:31","date_gmt":"2025-04-06T21:27:31","guid":{"rendered":"https:\/\/aigleshopping.ca\/produit\/eliminateur-de-peaux-mortes-portatif-pour-le-soin-des-pieds\/"},"modified":"2025-04-06T21:27:31","modified_gmt":"2025-04-06T21:27:31","slug":"eliminateur-de-peaux-mortes-portatif-pour-le-soin-des-pieds","status":"publish","type":"product","link":"https:\/\/aigleshopping.ca\/fr\/produit\/eliminateur-de-peaux-mortes-portatif-pour-le-soin-des-pieds\/","title":{"rendered":"\u00c9liminateur de peaux mortes portatif pour le soin des pieds"},"content":{"rendered":"<div>\n <span data-spm-anchor-id=\"2114.10010108.1000023.i0.1eb07b7eLe4Y8W\">Zones de traitement :<\/span>\n<\/div>\n<div>\n  -uniquement pour les pieds et les talons\n<\/div>\n<div>\n  &nbsp;\n<\/div>\n<div>\n  Fonctionnalit\u00e9 :\n<\/div>\n<div>\n  &nbsp;\n<\/div>\n<div>\n  Aliment\u00e9 par 2 piles AA. (non incluses)\n<\/div>\n<div>\n  L&rsquo;ensemble de l&rsquo;extracteur est r\u00e9sistant \u00e0 l&rsquo;eau, y compris le corps de l&rsquo;appareil, ce qui signifie que vous pouvez le laver directement sous l&rsquo;eau, ce qui facilite le nettoyage.\n<\/div>\n<div>\n  Utilisation humide et s\u00e8che, pratique \u00e0 utiliser et \u00e0 ranger\n<\/div>\n<div>\n  Il est accompagn\u00e9 d&rsquo;un rouleau abrasif suppl\u00e9mentaire GRATUIT.\n<\/div>\n<div>\n  Mati\u00e8re plastique ABS, plus s\u00fbre et plus efficace que les grattoirs en m\u00e9tal et plus facile \u00e0 utiliser qu&rsquo;une pierre ponce.\n<\/div>\n<div>\n  Conception ergonomique, portable et facile \u00e0 tenir et \u00e0 utiliser.\n<\/div>\n<div>\n <br \/> \n<\/div>\n<div>\n  &nbsp;\n<\/div>\n<div>\n <span data-spm-anchor-id=\"2114.10010108.1000023.i1.1eb07b7eLe4Y8W\">1 x \u00c9liminateur de callosit\u00e9s \u00e9lectrique&nbsp;<\/span>\n<\/div>\n<div>\n  1 x T\u00eate de broyage de remplacement\n<\/div>\n<div>\n  1 x Brosse de nettoyage souple\n<\/div>\n<div>\n  1 x Couvercle transparent\n<\/div>\n<div>\n  1 x Manuel de l&rsquo;utilisateur (Veuillez lire le manuel de l&rsquo;utilisateur avant de l&rsquo;utiliser)\n<\/div>\n<p> <img decoding=\"async\" src=\"https:\/\/cf.cjdropshipping.com\/be7fbcf1-7235-439c-92af-acde1f3ab225.png\">  <\/p>\n<div>\n  &nbsp;\n<\/div>\n","protected":false},"excerpt":{"rendered":"<p>Zones de traitement : -uniquement pour les pieds et les talons &nbsp; Fonctionnalit\u00e9 : &nbsp; Aliment\u00e9 par 2 piles AA. (non incluses) L&rsquo;ensemble de l&rsquo;extracteur est r\u00e9sistant \u00e0 l&rsquo;eau, y compris le corps de l&rsquo;appareil, ce qui signifie que vous pouvez le laver directement sous l&rsquo;eau, ce qui facilite le nettoyage. Utilisation humide et s\u00e8che, [&hellip;]<\/p>\n","protected":false},"featured_media":29552,"comment_status":"open","ping_status":"closed","template":"","meta":{"content-type":""},"product_brand":[],"product_cat":[797],"product_tag":[],"class_list":{"0":"post-30431","1":"product","2":"type-product","3":"status-publish","4":"has-post-thumbnail","6":"product_cat-dispositifs-de-beaute","8":"first","9":"instock","10":"taxable","11":"shipping-taxable","12":"purchasable","13":"product-type-variable","14":"add-to-wishlist-after_add_to_cart"},"yoast_head":"<!-- This site is optimized with the Yoast SEO plugin v27.4 - https:\/\/yoast.com\/product\/yoast-seo-wordpress\/ -->\n<title>\u00c9liminateur de peaux mortes portatif pour le soin des pieds - Aigle Shopping Canada<\/title>\n<meta name=\"robots\" content=\"index, follow, max-snippet:-1, max-image-preview:large, max-video-preview:-1\" \/>\n<link rel=\"canonical\" href=\"https:\/\/aigleshopping.ca\/fr\/produit\/eliminateur-de-peaux-mortes-portatif-pour-le-soin-des-pieds\/\" \/>\n<meta property=\"og:locale\" content=\"fr_FR\" \/>\n<meta property=\"og:type\" content=\"article\" \/>\n<meta property=\"og:title\" content=\"\u00c9liminateur de peaux mortes portatif pour le soin des pieds - Aigle Shopping Canada\" \/>\n<meta property=\"og:description\" content=\"Zones de traitement : -uniquement pour les pieds et les talons &nbsp; Fonctionnalit\u00e9 : &nbsp; Aliment\u00e9 par 2 piles AA. (non incluses) L&rsquo;ensemble de l&rsquo;extracteur est r\u00e9sistant \u00e0 l&rsquo;eau, y compris le corps de l&rsquo;appareil, ce qui signifie que vous pouvez le laver directement sous l&rsquo;eau, ce qui facilite le nettoyage. Utilisation humide et s\u00e8che, [&hellip;]\" \/>\n<meta property=\"og:url\" content=\"https:\/\/aigleshopping.ca\/fr\/produit\/eliminateur-de-peaux-mortes-portatif-pour-le-soin-des-pieds\/\" \/>\n<meta property=\"og:site_name\" content=\"Aigle Shopping Canada\" \/>\n<meta property=\"og:image\" content=\"https:\/\/aigleshopping.ca\/wp-content\/uploads\/2025\/04\/3970678388814.jpg\" \/>\n\t<meta property=\"og:image:width\" content=\"640\" \/>\n\t<meta property=\"og:image:height\" content=\"640\" \/>\n\t<meta property=\"og:image:type\" content=\"image\/jpeg\" \/>\n<meta name=\"twitter:card\" content=\"summary_large_image\" \/>\n<meta name=\"twitter:label1\" content=\"Dur\u00e9e de lecture estim\u00e9e\" \/>\n\t<meta name=\"twitter:data1\" content=\"1 minute\" \/>\n<script type=\"application\/ld+json\" class=\"yoast-schema-graph\">{\"@context\":\"https:\\\/\\\/schema.org\",\"@graph\":[{\"@type\":\"WebPage\",\"@id\":\"https:\\\/\\\/aigleshopping.ca\\\/fr\\\/produit\\\/eliminateur-de-peaux-mortes-portatif-pour-le-soin-des-pieds\\\/\",\"url\":\"https:\\\/\\\/aigleshopping.ca\\\/fr\\\/produit\\\/eliminateur-de-peaux-mortes-portatif-pour-le-soin-des-pieds\\\/\",\"name\":\"\u00c9liminateur de peaux mortes portatif pour le soin des pieds - Aigle Shopping Canada\",\"isPartOf\":{\"@id\":\"https:\\\/\\\/aigleshopping.ca\\\/#website\"},\"primaryImageOfPage\":{\"@id\":\"https:\\\/\\\/aigleshopping.ca\\\/fr\\\/produit\\\/eliminateur-de-peaux-mortes-portatif-pour-le-soin-des-pieds\\\/#primaryimage\"},\"image\":{\"@id\":\"https:\\\/\\\/aigleshopping.ca\\\/fr\\\/produit\\\/eliminateur-de-peaux-mortes-portatif-pour-le-soin-des-pieds\\\/#primaryimage\"},\"thumbnailUrl\":\"https:\\\/\\\/aigleshopping.ca\\\/wp-content\\\/uploads\\\/2025\\\/04\\\/3970678388814.jpg\",\"datePublished\":\"2025-04-06T21:27:31+00:00\",\"breadcrumb\":{\"@id\":\"https:\\\/\\\/aigleshopping.ca\\\/fr\\\/produit\\\/eliminateur-de-peaux-mortes-portatif-pour-le-soin-des-pieds\\\/#breadcrumb\"},\"inLanguage\":\"fr-FR\",\"potentialAction\":[{\"@type\":\"ReadAction\",\"target\":[\"https:\\\/\\\/aigleshopping.ca\\\/fr\\\/produit\\\/eliminateur-de-peaux-mortes-portatif-pour-le-soin-des-pieds\\\/\"]}]},{\"@type\":\"ImageObject\",\"inLanguage\":\"fr-FR\",\"@id\":\"https:\\\/\\\/aigleshopping.ca\\\/fr\\\/produit\\\/eliminateur-de-peaux-mortes-portatif-pour-le-soin-des-pieds\\\/#primaryimage\",\"url\":\"https:\\\/\\\/aigleshopping.ca\\\/wp-content\\\/uploads\\\/2025\\\/04\\\/3970678388814.jpg\",\"contentUrl\":\"https:\\\/\\\/aigleshopping.ca\\\/wp-content\\\/uploads\\\/2025\\\/04\\\/3970678388814.jpg\",\"width\":640,\"height\":640},{\"@type\":\"BreadcrumbList\",\"@id\":\"https:\\\/\\\/aigleshopping.ca\\\/fr\\\/produit\\\/eliminateur-de-peaux-mortes-portatif-pour-le-soin-des-pieds\\\/#breadcrumb\",\"itemListElement\":[{\"@type\":\"ListItem\",\"position\":1,\"name\":\"Home\",\"item\":\"https:\\\/\\\/aigleshopping.ca\\\/fr\\\/home\\\/\"},{\"@type\":\"ListItem\",\"position\":2,\"name\":\"Products\",\"item\":\"https:\\\/\\\/aigleshopping.ca\\\/shop\\\/\"},{\"@type\":\"ListItem\",\"position\":3,\"name\":\"\u00c9liminateur de peaux mortes portatif pour le soin des pieds\"}]},{\"@type\":\"WebSite\",\"@id\":\"https:\\\/\\\/aigleshopping.ca\\\/#website\",\"url\":\"https:\\\/\\\/aigleshopping.ca\\\/\",\"name\":\"Aigle Shopping Canada\",\"description\":\"Au-del\u00e0 des fronti\u00e8res, pour vous offrir le\u00a0meilleur!\",\"publisher\":{\"@id\":\"https:\\\/\\\/aigleshopping.ca\\\/#organization\"},\"potentialAction\":[{\"@type\":\"SearchAction\",\"target\":{\"@type\":\"EntryPoint\",\"urlTemplate\":\"https:\\\/\\\/aigleshopping.ca\\\/?s={search_term_string}\"},\"query-input\":{\"@type\":\"PropertyValueSpecification\",\"valueRequired\":true,\"valueName\":\"search_term_string\"}}],\"inLanguage\":\"fr-FR\"},{\"@type\":\"Organization\",\"@id\":\"https:\\\/\\\/aigleshopping.ca\\\/#organization\",\"name\":\"Aigle Shopping Canada\",\"url\":\"https:\\\/\\\/aigleshopping.ca\\\/\",\"logo\":{\"@type\":\"ImageObject\",\"inLanguage\":\"fr-FR\",\"@id\":\"https:\\\/\\\/aigleshopping.ca\\\/#\\\/schema\\\/logo\\\/image\\\/\",\"url\":\"https:\\\/\\\/aigleshopping.ca\\\/wp-content\\\/uploads\\\/2025\\\/12\\\/logo_aigleshopping_ca.png\",\"contentUrl\":\"https:\\\/\\\/aigleshopping.ca\\\/wp-content\\\/uploads\\\/2025\\\/12\\\/logo_aigleshopping_ca.png\",\"width\":800,\"height\":233,\"caption\":\"Aigle Shopping Canada\"},\"image\":{\"@id\":\"https:\\\/\\\/aigleshopping.ca\\\/#\\\/schema\\\/logo\\\/image\\\/\"}}]}<\/script>\n<!-- \/ Yoast SEO plugin. -->","yoast_head_json":{"title":"\u00c9liminateur de peaux mortes portatif pour le soin des pieds - Aigle Shopping Canada","robots":{"index":"index","follow":"follow","max-snippet":"max-snippet:-1","max-image-preview":"max-image-preview:large","max-video-preview":"max-video-preview:-1"},"canonical":"https:\/\/aigleshopping.ca\/fr\/produit\/eliminateur-de-peaux-mortes-portatif-pour-le-soin-des-pieds\/","og_locale":"fr_FR","og_type":"article","og_title":"\u00c9liminateur de peaux mortes portatif pour le soin des pieds - Aigle Shopping Canada","og_description":"Zones de traitement : -uniquement pour les pieds et les talons &nbsp; Fonctionnalit\u00e9 : &nbsp; Aliment\u00e9 par 2 piles AA. (non incluses) L&rsquo;ensemble de l&rsquo;extracteur est r\u00e9sistant \u00e0 l&rsquo;eau, y compris le corps de l&rsquo;appareil, ce qui signifie que vous pouvez le laver directement sous l&rsquo;eau, ce qui facilite le nettoyage. Utilisation humide et s\u00e8che, [&hellip;]","og_url":"https:\/\/aigleshopping.ca\/fr\/produit\/eliminateur-de-peaux-mortes-portatif-pour-le-soin-des-pieds\/","og_site_name":"Aigle Shopping Canada","og_image":[{"width":640,"height":640,"url":"https:\/\/aigleshopping.ca\/wp-content\/uploads\/2025\/04\/3970678388814.jpg","type":"image\/jpeg"}],"twitter_card":"summary_large_image","twitter_misc":{"Dur\u00e9e de lecture estim\u00e9e":"1 minute"},"schema":{"@context":"https:\/\/schema.org","@graph":[{"@type":"WebPage","@id":"https:\/\/aigleshopping.ca\/fr\/produit\/eliminateur-de-peaux-mortes-portatif-pour-le-soin-des-pieds\/","url":"https:\/\/aigleshopping.ca\/fr\/produit\/eliminateur-de-peaux-mortes-portatif-pour-le-soin-des-pieds\/","name":"\u00c9liminateur de peaux mortes portatif pour le soin des pieds - Aigle Shopping Canada","isPartOf":{"@id":"https:\/\/aigleshopping.ca\/#website"},"primaryImageOfPage":{"@id":"https:\/\/aigleshopping.ca\/fr\/produit\/eliminateur-de-peaux-mortes-portatif-pour-le-soin-des-pieds\/#primaryimage"},"image":{"@id":"https:\/\/aigleshopping.ca\/fr\/produit\/eliminateur-de-peaux-mortes-portatif-pour-le-soin-des-pieds\/#primaryimage"},"thumbnailUrl":"https:\/\/aigleshopping.ca\/wp-content\/uploads\/2025\/04\/3970678388814.jpg","datePublished":"2025-04-06T21:27:31+00:00","breadcrumb":{"@id":"https:\/\/aigleshopping.ca\/fr\/produit\/eliminateur-de-peaux-mortes-portatif-pour-le-soin-des-pieds\/#breadcrumb"},"inLanguage":"fr-FR","potentialAction":[{"@type":"ReadAction","target":["https:\/\/aigleshopping.ca\/fr\/produit\/eliminateur-de-peaux-mortes-portatif-pour-le-soin-des-pieds\/"]}]},{"@type":"ImageObject","inLanguage":"fr-FR","@id":"https:\/\/aigleshopping.ca\/fr\/produit\/eliminateur-de-peaux-mortes-portatif-pour-le-soin-des-pieds\/#primaryimage","url":"https:\/\/aigleshopping.ca\/wp-content\/uploads\/2025\/04\/3970678388814.jpg","contentUrl":"https:\/\/aigleshopping.ca\/wp-content\/uploads\/2025\/04\/3970678388814.jpg","width":640,"height":640},{"@type":"BreadcrumbList","@id":"https:\/\/aigleshopping.ca\/fr\/produit\/eliminateur-de-peaux-mortes-portatif-pour-le-soin-des-pieds\/#breadcrumb","itemListElement":[{"@type":"ListItem","position":1,"name":"Home","item":"https:\/\/aigleshopping.ca\/fr\/home\/"},{"@type":"ListItem","position":2,"name":"Products","item":"https:\/\/aigleshopping.ca\/shop\/"},{"@type":"ListItem","position":3,"name":"\u00c9liminateur de peaux mortes portatif pour le soin des pieds"}]},{"@type":"WebSite","@id":"https:\/\/aigleshopping.ca\/#website","url":"https:\/\/aigleshopping.ca\/","name":"Aigle Shopping Canada","description":"Au-del\u00e0 des fronti\u00e8res, pour vous offrir le\u00a0meilleur!","publisher":{"@id":"https:\/\/aigleshopping.ca\/#organization"},"potentialAction":[{"@type":"SearchAction","target":{"@type":"EntryPoint","urlTemplate":"https:\/\/aigleshopping.ca\/?s={search_term_string}"},"query-input":{"@type":"PropertyValueSpecification","valueRequired":true,"valueName":"search_term_string"}}],"inLanguage":"fr-FR"},{"@type":"Organization","@id":"https:\/\/aigleshopping.ca\/#organization","name":"Aigle Shopping Canada","url":"https:\/\/aigleshopping.ca\/","logo":{"@type":"ImageObject","inLanguage":"fr-FR","@id":"https:\/\/aigleshopping.ca\/#\/schema\/logo\/image\/","url":"https:\/\/aigleshopping.ca\/wp-content\/uploads\/2025\/12\/logo_aigleshopping_ca.png","contentUrl":"https:\/\/aigleshopping.ca\/wp-content\/uploads\/2025\/12\/logo_aigleshopping_ca.png","width":800,"height":233,"caption":"Aigle Shopping Canada"},"image":{"@id":"https:\/\/aigleshopping.ca\/#\/schema\/logo\/image\/"}}]}},"jetpack_sharing_enabled":true,"_links":{"self":[{"href":"https:\/\/aigleshopping.ca\/fr\/wp-json\/wp\/v2\/product\/30431","targetHints":{"allow":["GET"]}}],"collection":[{"href":"https:\/\/aigleshopping.ca\/fr\/wp-json\/wp\/v2\/product"}],"about":[{"href":"https:\/\/aigleshopping.ca\/fr\/wp-json\/wp\/v2\/types\/product"}],"replies":[{"embeddable":true,"href":"https:\/\/aigleshopping.ca\/fr\/wp-json\/wp\/v2\/comments?post=30431"}],"wp:featuredmedia":[{"embeddable":true,"href":"https:\/\/aigleshopping.ca\/fr\/wp-json\/wp\/v2\/media\/29552"}],"wp:attachment":[{"href":"https:\/\/aigleshopping.ca\/fr\/wp-json\/wp\/v2\/media?parent=30431"}],"wp:term":[{"taxonomy":"product_brand","embeddable":true,"href":"https:\/\/aigleshopping.ca\/fr\/wp-json\/wp\/v2\/product_brand?post=30431"},{"taxonomy":"product_cat","embeddable":true,"href":"https:\/\/aigleshopping.ca\/fr\/wp-json\/wp\/v2\/product_cat?post=30431"},{"taxonomy":"product_tag","embeddable":true,"href":"https:\/\/aigleshopping.ca\/fr\/wp-json\/wp\/v2\/product_tag?post=30431"}],"curies":[{"name":"wp","href":"https:\/\/api.w.org\/{rel}","templated":true}]}}