{"id":30453,"date":"2025-04-06T21:44:21","date_gmt":"2025-04-06T21:44:21","guid":{"rendered":"https:\/\/aigleshopping.ca\/produit\/peigne-a-coiffer-peigne-a-lisser-les-cheveux-peigne-a-lisser-les-cheveux\/"},"modified":"2025-04-06T21:44:21","modified_gmt":"2025-04-06T21:44:21","slug":"peigne-a-coiffer-peigne-a-lisser-les-cheveux-peigne-a-lisser-les-cheveux","status":"publish","type":"product","link":"https:\/\/aigleshopping.ca\/fr\/produit\/peigne-a-coiffer-peigne-a-lisser-les-cheveux-peigne-a-lisser-les-cheveux\/","title":{"rendered":"Peigne \u00e0 coiffer Peigne \u00e0 lisser les cheveux Peigne \u00e0 lisser les cheveux"},"content":{"rendered":"<p> <b>Informations sur le produit :<\/b>  <\/p>\n<p>  Cat\u00e9gorie de produit : rouleau et droit \u00e0 double usage <br \/> Mode d&rsquo;alimentation : plug in <br \/> Mat\u00e9riau du conducteur de chaleur : c\u00e9ramique tourmaline <br \/> R\u00e9glage du contr\u00f4le de la temp\u00e9rature : 10 segments <br \/> Fonction : cheveux lisses ; cheveux boucl\u00e9s <br \/> Type de cheveux applicable : humides et secs  <\/p>\n<p> <\/p>\n<p> <b>Liste d&#8217;emballage :<\/b>  <\/p>\n<p>Peigne de fa\u00e7onnage X1<\/p>\n<p> <\/p>\n<p> <img decoding=\"async\" src=\"https:\/\/cf.cjdropshipping.com\/17181504\/2406121021100321100.jpg\"> <img decoding=\"async\" src=\"https:\/\/cf.cjdropshipping.com\/17181504\/2406121021100321800.jpg\"> <img decoding=\"async\" src=\"https:\/\/cf.cjdropshipping.com\/17181504\/2406121021100322500.jpg\"> <img decoding=\"async\" src=\"https:\/\/cf.cjdropshipping.com\/17181504\/2406121021100323100.jpg\"> <img decoding=\"async\" src=\"https:\/\/cf.cjdropshipping.com\/17181504\/2406121021100323800.jpg\">  <\/p>\n","protected":false},"excerpt":{"rendered":"<p>Informations sur le produit : Cat\u00e9gorie de produit : rouleau et droit \u00e0 double usage Mode d&rsquo;alimentation : plug in Mat\u00e9riau du conducteur de chaleur : c\u00e9ramique tourmaline R\u00e9glage du contr\u00f4le de la temp\u00e9rature : 10 segments Fonction : cheveux lisses ; cheveux boucl\u00e9s Type de cheveux applicable : humides et secs Liste d&#8217;emballage : [&hellip;]<\/p>\n","protected":false},"featured_media":30124,"comment_status":"open","ping_status":"closed","template":"","meta":{"content-type":""},"product_brand":[],"product_cat":[797],"product_tag":[],"class_list":{"0":"post-30453","1":"product","2":"type-product","3":"status-publish","4":"has-post-thumbnail","6":"product_cat-dispositifs-de-beaute","8":"first","9":"instock","10":"taxable","11":"shipping-taxable","12":"purchasable","13":"product-type-variable","14":"add-to-wishlist-after_add_to_cart"},"yoast_head":"<!-- This site is optimized with the Yoast SEO plugin v27.4 - https:\/\/yoast.com\/product\/yoast-seo-wordpress\/ -->\n<title>Peigne \u00e0 coiffer Peigne \u00e0 lisser les cheveux Peigne \u00e0 lisser les cheveux - Aigle Shopping Canada<\/title>\n<meta name=\"robots\" content=\"index, follow, max-snippet:-1, max-image-preview:large, max-video-preview:-1\" \/>\n<link rel=\"canonical\" href=\"https:\/\/aigleshopping.ca\/fr\/produit\/peigne-a-coiffer-peigne-a-lisser-les-cheveux-peigne-a-lisser-les-cheveux\/\" \/>\n<meta property=\"og:locale\" content=\"fr_FR\" \/>\n<meta property=\"og:type\" content=\"article\" \/>\n<meta property=\"og:title\" content=\"Peigne \u00e0 coiffer Peigne \u00e0 lisser les cheveux Peigne \u00e0 lisser les cheveux - Aigle Shopping Canada\" \/>\n<meta property=\"og:description\" content=\"Informations sur le produit : Cat\u00e9gorie de produit : rouleau et droit \u00e0 double usage Mode d&rsquo;alimentation : plug in Mat\u00e9riau du conducteur de chaleur : c\u00e9ramique tourmaline R\u00e9glage du contr\u00f4le de la temp\u00e9rature : 10 segments Fonction : cheveux lisses ; cheveux boucl\u00e9s Type de cheveux applicable : humides et secs Liste d&#8217;emballage : [&hellip;]\" \/>\n<meta property=\"og:url\" content=\"https:\/\/aigleshopping.ca\/fr\/produit\/peigne-a-coiffer-peigne-a-lisser-les-cheveux-peigne-a-lisser-les-cheveux\/\" \/>\n<meta property=\"og:site_name\" content=\"Aigle Shopping Canada\" \/>\n<meta property=\"og:image\" content=\"https:\/\/aigleshopping.ca\/wp-content\/uploads\/2025\/04\/1618563688952.jpg\" \/>\n\t<meta property=\"og:image:width\" content=\"1500\" \/>\n\t<meta property=\"og:image:height\" content=\"1500\" \/>\n\t<meta property=\"og:image:type\" content=\"image\/jpeg\" \/>\n<meta name=\"twitter:card\" content=\"summary_large_image\" \/>\n<script type=\"application\/ld+json\" class=\"yoast-schema-graph\">{\"@context\":\"https:\\\/\\\/schema.org\",\"@graph\":[{\"@type\":\"WebPage\",\"@id\":\"https:\\\/\\\/aigleshopping.ca\\\/fr\\\/produit\\\/peigne-a-coiffer-peigne-a-lisser-les-cheveux-peigne-a-lisser-les-cheveux\\\/\",\"url\":\"https:\\\/\\\/aigleshopping.ca\\\/fr\\\/produit\\\/peigne-a-coiffer-peigne-a-lisser-les-cheveux-peigne-a-lisser-les-cheveux\\\/\",\"name\":\"Peigne \u00e0 coiffer Peigne \u00e0 lisser les cheveux Peigne \u00e0 lisser les cheveux - Aigle Shopping Canada\",\"isPartOf\":{\"@id\":\"https:\\\/\\\/aigleshopping.ca\\\/#website\"},\"primaryImageOfPage\":{\"@id\":\"https:\\\/\\\/aigleshopping.ca\\\/fr\\\/produit\\\/peigne-a-coiffer-peigne-a-lisser-les-cheveux-peigne-a-lisser-les-cheveux\\\/#primaryimage\"},\"image\":{\"@id\":\"https:\\\/\\\/aigleshopping.ca\\\/fr\\\/produit\\\/peigne-a-coiffer-peigne-a-lisser-les-cheveux-peigne-a-lisser-les-cheveux\\\/#primaryimage\"},\"thumbnailUrl\":\"https:\\\/\\\/aigleshopping.ca\\\/wp-content\\\/uploads\\\/2025\\\/04\\\/1618563688952.jpg\",\"datePublished\":\"2025-04-06T21:44:21+00:00\",\"breadcrumb\":{\"@id\":\"https:\\\/\\\/aigleshopping.ca\\\/fr\\\/produit\\\/peigne-a-coiffer-peigne-a-lisser-les-cheveux-peigne-a-lisser-les-cheveux\\\/#breadcrumb\"},\"inLanguage\":\"fr-FR\",\"potentialAction\":[{\"@type\":\"ReadAction\",\"target\":[\"https:\\\/\\\/aigleshopping.ca\\\/fr\\\/produit\\\/peigne-a-coiffer-peigne-a-lisser-les-cheveux-peigne-a-lisser-les-cheveux\\\/\"]}]},{\"@type\":\"ImageObject\",\"inLanguage\":\"fr-FR\",\"@id\":\"https:\\\/\\\/aigleshopping.ca\\\/fr\\\/produit\\\/peigne-a-coiffer-peigne-a-lisser-les-cheveux-peigne-a-lisser-les-cheveux\\\/#primaryimage\",\"url\":\"https:\\\/\\\/aigleshopping.ca\\\/wp-content\\\/uploads\\\/2025\\\/04\\\/1618563688952.jpg\",\"contentUrl\":\"https:\\\/\\\/aigleshopping.ca\\\/wp-content\\\/uploads\\\/2025\\\/04\\\/1618563688952.jpg\",\"width\":1500,\"height\":1500},{\"@type\":\"BreadcrumbList\",\"@id\":\"https:\\\/\\\/aigleshopping.ca\\\/fr\\\/produit\\\/peigne-a-coiffer-peigne-a-lisser-les-cheveux-peigne-a-lisser-les-cheveux\\\/#breadcrumb\",\"itemListElement\":[{\"@type\":\"ListItem\",\"position\":1,\"name\":\"Home\",\"item\":\"https:\\\/\\\/aigleshopping.ca\\\/fr\\\/home\\\/\"},{\"@type\":\"ListItem\",\"position\":2,\"name\":\"Products\",\"item\":\"https:\\\/\\\/aigleshopping.ca\\\/shop\\\/\"},{\"@type\":\"ListItem\",\"position\":3,\"name\":\"Peigne \u00e0 coiffer Peigne \u00e0 lisser les cheveux Peigne \u00e0 lisser les cheveux\"}]},{\"@type\":\"WebSite\",\"@id\":\"https:\\\/\\\/aigleshopping.ca\\\/#website\",\"url\":\"https:\\\/\\\/aigleshopping.ca\\\/\",\"name\":\"Aigle Shopping Canada\",\"description\":\"Au-del\u00e0 des fronti\u00e8res, pour vous offrir le\u00a0meilleur!\",\"publisher\":{\"@id\":\"https:\\\/\\\/aigleshopping.ca\\\/#organization\"},\"potentialAction\":[{\"@type\":\"SearchAction\",\"target\":{\"@type\":\"EntryPoint\",\"urlTemplate\":\"https:\\\/\\\/aigleshopping.ca\\\/?s={search_term_string}\"},\"query-input\":{\"@type\":\"PropertyValueSpecification\",\"valueRequired\":true,\"valueName\":\"search_term_string\"}}],\"inLanguage\":\"fr-FR\"},{\"@type\":\"Organization\",\"@id\":\"https:\\\/\\\/aigleshopping.ca\\\/#organization\",\"name\":\"Aigle Shopping Canada\",\"url\":\"https:\\\/\\\/aigleshopping.ca\\\/\",\"logo\":{\"@type\":\"ImageObject\",\"inLanguage\":\"fr-FR\",\"@id\":\"https:\\\/\\\/aigleshopping.ca\\\/#\\\/schema\\\/logo\\\/image\\\/\",\"url\":\"https:\\\/\\\/aigleshopping.ca\\\/wp-content\\\/uploads\\\/2025\\\/12\\\/logo_aigleshopping_ca.png\",\"contentUrl\":\"https:\\\/\\\/aigleshopping.ca\\\/wp-content\\\/uploads\\\/2025\\\/12\\\/logo_aigleshopping_ca.png\",\"width\":800,\"height\":233,\"caption\":\"Aigle Shopping Canada\"},\"image\":{\"@id\":\"https:\\\/\\\/aigleshopping.ca\\\/#\\\/schema\\\/logo\\\/image\\\/\"}}]}<\/script>\n<!-- \/ Yoast SEO plugin. -->","yoast_head_json":{"title":"Peigne \u00e0 coiffer Peigne \u00e0 lisser les cheveux Peigne \u00e0 lisser les cheveux - Aigle Shopping Canada","robots":{"index":"index","follow":"follow","max-snippet":"max-snippet:-1","max-image-preview":"max-image-preview:large","max-video-preview":"max-video-preview:-1"},"canonical":"https:\/\/aigleshopping.ca\/fr\/produit\/peigne-a-coiffer-peigne-a-lisser-les-cheveux-peigne-a-lisser-les-cheveux\/","og_locale":"fr_FR","og_type":"article","og_title":"Peigne \u00e0 coiffer Peigne \u00e0 lisser les cheveux Peigne \u00e0 lisser les cheveux - Aigle Shopping Canada","og_description":"Informations sur le produit : Cat\u00e9gorie de produit : rouleau et droit \u00e0 double usage Mode d&rsquo;alimentation : plug in Mat\u00e9riau du conducteur de chaleur : c\u00e9ramique tourmaline R\u00e9glage du contr\u00f4le de la temp\u00e9rature : 10 segments Fonction : cheveux lisses ; cheveux boucl\u00e9s Type de cheveux applicable : humides et secs Liste d&#8217;emballage : [&hellip;]","og_url":"https:\/\/aigleshopping.ca\/fr\/produit\/peigne-a-coiffer-peigne-a-lisser-les-cheveux-peigne-a-lisser-les-cheveux\/","og_site_name":"Aigle Shopping Canada","og_image":[{"width":1500,"height":1500,"url":"https:\/\/aigleshopping.ca\/wp-content\/uploads\/2025\/04\/1618563688952.jpg","type":"image\/jpeg"}],"twitter_card":"summary_large_image","schema":{"@context":"https:\/\/schema.org","@graph":[{"@type":"WebPage","@id":"https:\/\/aigleshopping.ca\/fr\/produit\/peigne-a-coiffer-peigne-a-lisser-les-cheveux-peigne-a-lisser-les-cheveux\/","url":"https:\/\/aigleshopping.ca\/fr\/produit\/peigne-a-coiffer-peigne-a-lisser-les-cheveux-peigne-a-lisser-les-cheveux\/","name":"Peigne \u00e0 coiffer Peigne \u00e0 lisser les cheveux Peigne \u00e0 lisser les cheveux - Aigle Shopping Canada","isPartOf":{"@id":"https:\/\/aigleshopping.ca\/#website"},"primaryImageOfPage":{"@id":"https:\/\/aigleshopping.ca\/fr\/produit\/peigne-a-coiffer-peigne-a-lisser-les-cheveux-peigne-a-lisser-les-cheveux\/#primaryimage"},"image":{"@id":"https:\/\/aigleshopping.ca\/fr\/produit\/peigne-a-coiffer-peigne-a-lisser-les-cheveux-peigne-a-lisser-les-cheveux\/#primaryimage"},"thumbnailUrl":"https:\/\/aigleshopping.ca\/wp-content\/uploads\/2025\/04\/1618563688952.jpg","datePublished":"2025-04-06T21:44:21+00:00","breadcrumb":{"@id":"https:\/\/aigleshopping.ca\/fr\/produit\/peigne-a-coiffer-peigne-a-lisser-les-cheveux-peigne-a-lisser-les-cheveux\/#breadcrumb"},"inLanguage":"fr-FR","potentialAction":[{"@type":"ReadAction","target":["https:\/\/aigleshopping.ca\/fr\/produit\/peigne-a-coiffer-peigne-a-lisser-les-cheveux-peigne-a-lisser-les-cheveux\/"]}]},{"@type":"ImageObject","inLanguage":"fr-FR","@id":"https:\/\/aigleshopping.ca\/fr\/produit\/peigne-a-coiffer-peigne-a-lisser-les-cheveux-peigne-a-lisser-les-cheveux\/#primaryimage","url":"https:\/\/aigleshopping.ca\/wp-content\/uploads\/2025\/04\/1618563688952.jpg","contentUrl":"https:\/\/aigleshopping.ca\/wp-content\/uploads\/2025\/04\/1618563688952.jpg","width":1500,"height":1500},{"@type":"BreadcrumbList","@id":"https:\/\/aigleshopping.ca\/fr\/produit\/peigne-a-coiffer-peigne-a-lisser-les-cheveux-peigne-a-lisser-les-cheveux\/#breadcrumb","itemListElement":[{"@type":"ListItem","position":1,"name":"Home","item":"https:\/\/aigleshopping.ca\/fr\/home\/"},{"@type":"ListItem","position":2,"name":"Products","item":"https:\/\/aigleshopping.ca\/shop\/"},{"@type":"ListItem","position":3,"name":"Peigne \u00e0 coiffer Peigne \u00e0 lisser les cheveux Peigne \u00e0 lisser les cheveux"}]},{"@type":"WebSite","@id":"https:\/\/aigleshopping.ca\/#website","url":"https:\/\/aigleshopping.ca\/","name":"Aigle Shopping Canada","description":"Au-del\u00e0 des fronti\u00e8res, pour vous offrir le\u00a0meilleur!","publisher":{"@id":"https:\/\/aigleshopping.ca\/#organization"},"potentialAction":[{"@type":"SearchAction","target":{"@type":"EntryPoint","urlTemplate":"https:\/\/aigleshopping.ca\/?s={search_term_string}"},"query-input":{"@type":"PropertyValueSpecification","valueRequired":true,"valueName":"search_term_string"}}],"inLanguage":"fr-FR"},{"@type":"Organization","@id":"https:\/\/aigleshopping.ca\/#organization","name":"Aigle Shopping Canada","url":"https:\/\/aigleshopping.ca\/","logo":{"@type":"ImageObject","inLanguage":"fr-FR","@id":"https:\/\/aigleshopping.ca\/#\/schema\/logo\/image\/","url":"https:\/\/aigleshopping.ca\/wp-content\/uploads\/2025\/12\/logo_aigleshopping_ca.png","contentUrl":"https:\/\/aigleshopping.ca\/wp-content\/uploads\/2025\/12\/logo_aigleshopping_ca.png","width":800,"height":233,"caption":"Aigle Shopping Canada"},"image":{"@id":"https:\/\/aigleshopping.ca\/#\/schema\/logo\/image\/"}}]}},"jetpack_sharing_enabled":true,"_links":{"self":[{"href":"https:\/\/aigleshopping.ca\/fr\/wp-json\/wp\/v2\/product\/30453","targetHints":{"allow":["GET"]}}],"collection":[{"href":"https:\/\/aigleshopping.ca\/fr\/wp-json\/wp\/v2\/product"}],"about":[{"href":"https:\/\/aigleshopping.ca\/fr\/wp-json\/wp\/v2\/types\/product"}],"replies":[{"embeddable":true,"href":"https:\/\/aigleshopping.ca\/fr\/wp-json\/wp\/v2\/comments?post=30453"}],"wp:featuredmedia":[{"embeddable":true,"href":"https:\/\/aigleshopping.ca\/fr\/wp-json\/wp\/v2\/media\/30124"}],"wp:attachment":[{"href":"https:\/\/aigleshopping.ca\/fr\/wp-json\/wp\/v2\/media?parent=30453"}],"wp:term":[{"taxonomy":"product_brand","embeddable":true,"href":"https:\/\/aigleshopping.ca\/fr\/wp-json\/wp\/v2\/product_brand?post=30453"},{"taxonomy":"product_cat","embeddable":true,"href":"https:\/\/aigleshopping.ca\/fr\/wp-json\/wp\/v2\/product_cat?post=30453"},{"taxonomy":"product_tag","embeddable":true,"href":"https:\/\/aigleshopping.ca\/fr\/wp-json\/wp\/v2\/product_tag?post=30453"}],"curies":[{"name":"wp","href":"https:\/\/api.w.org\/{rel}","templated":true}]}}