{"id":30534,"date":"2025-03-20T07:23:19","date_gmt":"2025-03-20T07:23:19","guid":{"rendered":"https:\/\/aigleshopping.ca\/produit\/winter-thermal-base-pullover-mens-sweater-casual-polo-collar-polo-shirt\/"},"modified":"2025-03-20T07:23:19","modified_gmt":"2025-03-20T07:23:19","slug":"winter-thermal-base-pullover-mens-sweater-casual-polo-collar-polo-shirt","status":"publish","type":"product","link":"https:\/\/aigleshopping.ca\/fr\/produit\/winter-thermal-base-pullover-mens-sweater-casual-polo-collar-polo-shirt\/","title":{"rendered":"Winter Thermal Base Pullover Men&rsquo;s Sweater Casual Polo Collar Polo Shirt"},"content":{"rendered":"<p> <b>Informations sur le produit :<\/b> <br \/> Couleur : b-a85 Noir, b-a85 Abricot, b-a85 Gris  <br \/>  Convient aux personnes : Adolescents  <br \/>  Taille : M, L, XL, XXL  <br \/>  Version : En vrac  <br \/>  Style : pull-over  <br \/>  \u00c9paisseur : ordinaire  <br \/>  Nom du tissu : polyester  <br \/>  Sc\u00e9narios applicables : Loisirs  <br \/>  Personnes concern\u00e9es : Adolescents  <br \/>  Composition du tissu principal : Fibre de polyester (polyester)  <br \/>  Sexe applicable : Homme  <br \/>  Type d&rsquo;inventaire : Divers  <br \/>  Groupe d&rsquo;\u00e2ge concern\u00e9 : Adulte  <br \/>  Longueur des manches : manches longues  <br \/>  Saison appropri\u00e9e : Hiver  <br \/>  Style : Style cor\u00e9en  <\/p>\n<p><b>Note :<\/b> 1. les tailles asiatiques sont 1 \u00e0 2 tailles plus petites que les tailles europ\u00e9ennes et am\u00e9ricaines. Choisissez la taille la plus grande si votre taille se situe entre deux tailles. Veuillez tenir compte d&rsquo;une diff\u00e9rence de 2 \u00e0 3 cm due aux mesures manuelles. 2. Si vous ne savez pas comment choisir votre taille, veuillez contacter notre service client\u00e8le. 3) Comme vous le savez, les ordinateurs affichent les couleurs diff\u00e9remment, la couleur de l&rsquo;article r\u00e9el peut varier l\u00e9g\u00e8rement par rapport aux images suivantes.<br \/>\n<br \/> <br \/>\n<b>Liste d&#8217;emballage :  <\/b><br \/>\n<br \/>  Pull-over en polyester pour hommes \u00d7 1 PCS<br \/>\n<br \/> <br \/>\n<b>Image du produit :<\/b><br \/>\n<br \/> <br \/>\n<img decoding=\"async\" src=\"https:\/\/cf.cjdropshipping.com\/quick\/product\/659ce2ba-95c1-497b-b26b-2c7709778f23.jpg\"><br \/>\n<img decoding=\"async\" src=\"https:\/\/cf.cjdropshipping.com\/quick\/product\/1f0237cf-dbac-4c1a-9639-1b6ca9f5847d.jpg\"><br \/>\n<img decoding=\"async\" src=\"https:\/\/cf.cjdropshipping.com\/quick\/product\/0007242e-79dc-4f83-a9a0-02f09f208cb8.jpg\"><br \/>\n<img decoding=\"async\" src=\"https:\/\/cf.cjdropshipping.com\/quick\/product\/8f2ae17d-97b6-4458-82e9-36fdbd9274d4.jpg\"><br \/>\n<img decoding=\"async\" src=\"https:\/\/cf.cjdropshipping.com\/quick\/product\/f46ca4b1-e325-49c3-ac1f-24310201f9c0.jpg\"><br \/>\n<img decoding=\"async\" src=\"https:\/\/cf.cjdropshipping.com\/quick\/product\/147309e0-e949-427c-aaaa-f44a12cb6d95.jpg\"><br \/>\n<img decoding=\"async\" src=\"https:\/\/cf.cjdropshipping.com\/quick\/product\/b6eaf684-b8d9-4a5e-a982-f86c99d46e32.jpg\"><br \/>\n<img decoding=\"async\" src=\"https:\/\/cf.cjdropshipping.com\/quick\/product\/8b8143dd-e18d-4c4a-9e34-cc684f65cbee.jpg\"><br \/>\n<img decoding=\"async\" src=\"https:\/\/cf.cjdropshipping.com\/quick\/product\/e8e3d8a1-fb21-467c-b899-656f147e8c83.jpg\"><br \/>\n<img decoding=\"async\" src=\"https:\/\/cf.cjdropshipping.com\/quick\/product\/cd0e9269-6fa8-48a8-a5a1-6546d90de3f3.jpg\"><br \/>\n<img decoding=\"async\" src=\"https:\/\/cf.cjdropshipping.com\/quick\/product\/2aeb0584-c61a-42e2-9ad8-806794f4f051.jpg\"><br \/>\n<img decoding=\"async\" src=\"https:\/\/cf.cjdropshipping.com\/quick\/product\/70bc796a-a703-4be1-a6b6-7ff990ed6fdd.jpg\"><br \/>\n<img decoding=\"async\" src=\"https:\/\/cf.cjdropshipping.com\/quick\/product\/dbf586be-0ae8-462e-bcc9-341dcce60ea1.jpg\"><br \/>\n<img decoding=\"async\" src=\"https:\/\/cf.cjdropshipping.com\/quick\/product\/0095fbae-1196-4862-a6a2-9f261aab7bbb.jpg\"><br \/>\n<img decoding=\"async\" src=\"https:\/\/cf.cjdropshipping.com\/quick\/product\/f87e1bba-bb80-414c-8353-579cbc6ceb93.jpg\"><br \/>\n<img decoding=\"async\" src=\"https:\/\/cf.cjdropshipping.com\/quick\/product\/d0d44221-1299-4ae5-8e79-7beda38f63bc.jpg\"><br \/>\n<img decoding=\"async\" src=\"https:\/\/cf.cjdropshipping.com\/quick\/product\/3358537c-8a88-447f-a209-e8fb284c59ed.jpg\"><br \/>\n<img decoding=\"async\" src=\"https:\/\/cf.cjdropshipping.com\/quick\/product\/c5a2b1f5-b50b-492b-ad3b-26240cd11e77.jpg\"><br \/>\n<img decoding=\"async\" src=\"https:\/\/cf.cjdropshipping.com\/quick\/product\/aca39399-5b88-4cab-96dc-999cd419d361.jpg\"><br \/>\n<img decoding=\"async\" src=\"https:\/\/cf.cjdropshipping.com\/quick\/product\/dda55239-1c28-4b24-9f07-4e6a3ab1abaf.jpg\"><br \/>\n<img decoding=\"async\" src=\"https:\/\/cf.cjdropshipping.com\/quick\/product\/821a6a07-b9b3-45e2-b57f-c5707e73049a.jpg\"><br \/>\n<img decoding=\"async\" src=\"https:\/\/cf.cjdropshipping.com\/quick\/product\/00504b9e-6257-4163-8e26-01eca02e5acc.jpg\"><br \/>\n<img decoding=\"async\" src=\"https:\/\/cf.cjdropshipping.com\/quick\/product\/2c75ac40-9fad-44c8-9e86-8fc03e8e2034.jpg\"><br \/>\n<img decoding=\"async\" src=\"https:\/\/cf.cjdropshipping.com\/quick\/product\/8e10612a-4fe6-492a-a4df-07e1b58f7535.jpg\"><br \/>\n<img decoding=\"async\" src=\"https:\/\/cf.cjdropshipping.com\/quick\/product\/963603fd-6e8b-4e75-8da6-7011311661a3.jpg\"><br \/>\n<img decoding=\"async\" src=\"https:\/\/cf.cjdropshipping.com\/quick\/product\/37db1cb6-68fd-4143-a180-8585226324b2.jpg\"><br \/>\n<img decoding=\"async\" src=\"https:\/\/cf.cjdropshipping.com\/quick\/product\/98037edd-9e76-4181-b876-92df20cd240a.jpg\"><\/p>\n","protected":false},"excerpt":{"rendered":"<p>Informations sur le produit : Couleur : b-a85 Noir, b-a85 Abricot, b-a85 Gris Convient aux personnes : Adolescents Taille : M, L, XL, XXL Version : En vrac Style : pull-over \u00c9paisseur : ordinaire Nom du tissu : polyester Sc\u00e9narios applicables : Loisirs Personnes concern\u00e9es : Adolescents Composition du tissu principal : Fibre de polyester [&hellip;]<\/p>\n","protected":false},"featured_media":29222,"comment_status":"open","ping_status":"closed","template":"","meta":{"content-type":""},"product_brand":[],"product_cat":[691],"product_tag":[],"class_list":{"0":"post-30534","1":"product","2":"type-product","3":"status-publish","4":"has-post-thumbnail","6":"product_cat-sweatshirt-fr-2","8":"first","9":"instock","10":"taxable","11":"shipping-taxable","12":"purchasable","13":"product-type-variable","14":"add-to-wishlist-after_add_to_cart"},"yoast_head":"<!-- This site is optimized with the Yoast SEO plugin v27.5 - https:\/\/yoast.com\/product\/yoast-seo-wordpress\/ -->\n<title>Winter Thermal Base Pullover Men&#039;s Sweater Casual Polo Collar Polo Shirt - Aigle Shopping Canada<\/title>\n<meta name=\"robots\" content=\"index, follow, max-snippet:-1, max-image-preview:large, max-video-preview:-1\" \/>\n<link rel=\"canonical\" href=\"https:\/\/aigleshopping.ca\/fr\/produit\/winter-thermal-base-pullover-mens-sweater-casual-polo-collar-polo-shirt\/\" \/>\n<meta property=\"og:locale\" content=\"fr_FR\" \/>\n<meta property=\"og:type\" content=\"article\" \/>\n<meta property=\"og:title\" content=\"Winter Thermal Base Pullover Men&#039;s Sweater Casual Polo Collar Polo Shirt - Aigle Shopping Canada\" \/>\n<meta property=\"og:description\" content=\"Informations sur le produit : Couleur : b-a85 Noir, b-a85 Abricot, b-a85 Gris Convient aux personnes : Adolescents Taille : M, L, XL, XXL Version : En vrac Style : pull-over \u00c9paisseur : ordinaire Nom du tissu : polyester Sc\u00e9narios applicables : Loisirs Personnes concern\u00e9es : Adolescents Composition du tissu principal : Fibre de polyester [&hellip;]\" \/>\n<meta property=\"og:url\" content=\"https:\/\/aigleshopping.ca\/fr\/produit\/winter-thermal-base-pullover-mens-sweater-casual-polo-collar-polo-shirt\/\" \/>\n<meta property=\"og:site_name\" content=\"Aigle Shopping Canada\" \/>\n<meta property=\"og:image\" content=\"https:\/\/aigleshopping.ca\/wp-content\/uploads\/2025\/03\/3929b646-e878-4c96-8c09-22d427a5b7b1.jpg\" \/>\n\t<meta property=\"og:image:width\" content=\"800\" \/>\n\t<meta property=\"og:image:height\" content=\"800\" \/>\n\t<meta property=\"og:image:type\" content=\"image\/jpeg\" \/>\n<meta name=\"twitter:card\" content=\"summary_large_image\" \/>\n<meta name=\"twitter:label1\" content=\"Dur\u00e9e de lecture estim\u00e9e\" \/>\n\t<meta name=\"twitter:data1\" content=\"1 minute\" \/>\n<script type=\"application\/ld+json\" class=\"yoast-schema-graph\">{\"@context\":\"https:\\\/\\\/schema.org\",\"@graph\":[{\"@type\":\"WebPage\",\"@id\":\"https:\\\/\\\/aigleshopping.ca\\\/fr\\\/produit\\\/winter-thermal-base-pullover-mens-sweater-casual-polo-collar-polo-shirt\\\/\",\"url\":\"https:\\\/\\\/aigleshopping.ca\\\/fr\\\/produit\\\/winter-thermal-base-pullover-mens-sweater-casual-polo-collar-polo-shirt\\\/\",\"name\":\"Winter Thermal Base Pullover Men's Sweater Casual Polo Collar Polo Shirt - Aigle Shopping Canada\",\"isPartOf\":{\"@id\":\"https:\\\/\\\/aigleshopping.ca\\\/#website\"},\"primaryImageOfPage\":{\"@id\":\"https:\\\/\\\/aigleshopping.ca\\\/fr\\\/produit\\\/winter-thermal-base-pullover-mens-sweater-casual-polo-collar-polo-shirt\\\/#primaryimage\"},\"image\":{\"@id\":\"https:\\\/\\\/aigleshopping.ca\\\/fr\\\/produit\\\/winter-thermal-base-pullover-mens-sweater-casual-polo-collar-polo-shirt\\\/#primaryimage\"},\"thumbnailUrl\":\"https:\\\/\\\/aigleshopping.ca\\\/wp-content\\\/uploads\\\/2025\\\/03\\\/3929b646-e878-4c96-8c09-22d427a5b7b1.jpg\",\"datePublished\":\"2025-03-20T07:23:19+00:00\",\"breadcrumb\":{\"@id\":\"https:\\\/\\\/aigleshopping.ca\\\/fr\\\/produit\\\/winter-thermal-base-pullover-mens-sweater-casual-polo-collar-polo-shirt\\\/#breadcrumb\"},\"inLanguage\":\"fr-FR\",\"potentialAction\":[{\"@type\":\"ReadAction\",\"target\":[\"https:\\\/\\\/aigleshopping.ca\\\/fr\\\/produit\\\/winter-thermal-base-pullover-mens-sweater-casual-polo-collar-polo-shirt\\\/\"]}]},{\"@type\":\"ImageObject\",\"inLanguage\":\"fr-FR\",\"@id\":\"https:\\\/\\\/aigleshopping.ca\\\/fr\\\/produit\\\/winter-thermal-base-pullover-mens-sweater-casual-polo-collar-polo-shirt\\\/#primaryimage\",\"url\":\"https:\\\/\\\/aigleshopping.ca\\\/wp-content\\\/uploads\\\/2025\\\/03\\\/3929b646-e878-4c96-8c09-22d427a5b7b1.jpg\",\"contentUrl\":\"https:\\\/\\\/aigleshopping.ca\\\/wp-content\\\/uploads\\\/2025\\\/03\\\/3929b646-e878-4c96-8c09-22d427a5b7b1.jpg\",\"width\":800,\"height\":800},{\"@type\":\"BreadcrumbList\",\"@id\":\"https:\\\/\\\/aigleshopping.ca\\\/fr\\\/produit\\\/winter-thermal-base-pullover-mens-sweater-casual-polo-collar-polo-shirt\\\/#breadcrumb\",\"itemListElement\":[{\"@type\":\"ListItem\",\"position\":1,\"name\":\"Home\",\"item\":\"https:\\\/\\\/aigleshopping.ca\\\/fr\\\/home\\\/\"},{\"@type\":\"ListItem\",\"position\":2,\"name\":\"Products\",\"item\":\"https:\\\/\\\/aigleshopping.ca\\\/shop\\\/\"},{\"@type\":\"ListItem\",\"position\":3,\"name\":\"Winter Thermal Base Pullover Men&#8217;s Sweater Casual Polo Collar Polo Shirt\"}]},{\"@type\":\"WebSite\",\"@id\":\"https:\\\/\\\/aigleshopping.ca\\\/#website\",\"url\":\"https:\\\/\\\/aigleshopping.ca\\\/\",\"name\":\"Aigle Shopping Canada\",\"description\":\"Au-del\u00e0 des fronti\u00e8res, pour vous offrir le\u00a0meilleur!\",\"publisher\":{\"@id\":\"https:\\\/\\\/aigleshopping.ca\\\/#organization\"},\"potentialAction\":[{\"@type\":\"SearchAction\",\"target\":{\"@type\":\"EntryPoint\",\"urlTemplate\":\"https:\\\/\\\/aigleshopping.ca\\\/?s={search_term_string}\"},\"query-input\":{\"@type\":\"PropertyValueSpecification\",\"valueRequired\":true,\"valueName\":\"search_term_string\"}}],\"inLanguage\":\"fr-FR\"},{\"@type\":\"Organization\",\"@id\":\"https:\\\/\\\/aigleshopping.ca\\\/#organization\",\"name\":\"Aigle Shopping Canada\",\"url\":\"https:\\\/\\\/aigleshopping.ca\\\/\",\"logo\":{\"@type\":\"ImageObject\",\"inLanguage\":\"fr-FR\",\"@id\":\"https:\\\/\\\/aigleshopping.ca\\\/#\\\/schema\\\/logo\\\/image\\\/\",\"url\":\"https:\\\/\\\/aigleshopping.ca\\\/wp-content\\\/uploads\\\/2025\\\/12\\\/logo_aigleshopping_ca.png\",\"contentUrl\":\"https:\\\/\\\/aigleshopping.ca\\\/wp-content\\\/uploads\\\/2025\\\/12\\\/logo_aigleshopping_ca.png\",\"width\":800,\"height\":233,\"caption\":\"Aigle Shopping Canada\"},\"image\":{\"@id\":\"https:\\\/\\\/aigleshopping.ca\\\/#\\\/schema\\\/logo\\\/image\\\/\"}}]}<\/script>\n<!-- \/ Yoast SEO plugin. -->","yoast_head_json":{"title":"Winter Thermal Base Pullover Men's Sweater Casual Polo Collar Polo Shirt - Aigle Shopping Canada","robots":{"index":"index","follow":"follow","max-snippet":"max-snippet:-1","max-image-preview":"max-image-preview:large","max-video-preview":"max-video-preview:-1"},"canonical":"https:\/\/aigleshopping.ca\/fr\/produit\/winter-thermal-base-pullover-mens-sweater-casual-polo-collar-polo-shirt\/","og_locale":"fr_FR","og_type":"article","og_title":"Winter Thermal Base Pullover Men's Sweater Casual Polo Collar Polo Shirt - Aigle Shopping Canada","og_description":"Informations sur le produit : Couleur : b-a85 Noir, b-a85 Abricot, b-a85 Gris Convient aux personnes : Adolescents Taille : M, L, XL, XXL Version : En vrac Style : pull-over \u00c9paisseur : ordinaire Nom du tissu : polyester Sc\u00e9narios applicables : Loisirs Personnes concern\u00e9es : Adolescents Composition du tissu principal : Fibre de polyester [&hellip;]","og_url":"https:\/\/aigleshopping.ca\/fr\/produit\/winter-thermal-base-pullover-mens-sweater-casual-polo-collar-polo-shirt\/","og_site_name":"Aigle Shopping Canada","og_image":[{"width":800,"height":800,"url":"https:\/\/aigleshopping.ca\/wp-content\/uploads\/2025\/03\/3929b646-e878-4c96-8c09-22d427a5b7b1.jpg","type":"image\/jpeg"}],"twitter_card":"summary_large_image","twitter_misc":{"Dur\u00e9e de lecture estim\u00e9e":"1 minute"},"schema":{"@context":"https:\/\/schema.org","@graph":[{"@type":"WebPage","@id":"https:\/\/aigleshopping.ca\/fr\/produit\/winter-thermal-base-pullover-mens-sweater-casual-polo-collar-polo-shirt\/","url":"https:\/\/aigleshopping.ca\/fr\/produit\/winter-thermal-base-pullover-mens-sweater-casual-polo-collar-polo-shirt\/","name":"Winter Thermal Base Pullover Men's Sweater Casual Polo Collar Polo Shirt - Aigle Shopping Canada","isPartOf":{"@id":"https:\/\/aigleshopping.ca\/#website"},"primaryImageOfPage":{"@id":"https:\/\/aigleshopping.ca\/fr\/produit\/winter-thermal-base-pullover-mens-sweater-casual-polo-collar-polo-shirt\/#primaryimage"},"image":{"@id":"https:\/\/aigleshopping.ca\/fr\/produit\/winter-thermal-base-pullover-mens-sweater-casual-polo-collar-polo-shirt\/#primaryimage"},"thumbnailUrl":"https:\/\/aigleshopping.ca\/wp-content\/uploads\/2025\/03\/3929b646-e878-4c96-8c09-22d427a5b7b1.jpg","datePublished":"2025-03-20T07:23:19+00:00","breadcrumb":{"@id":"https:\/\/aigleshopping.ca\/fr\/produit\/winter-thermal-base-pullover-mens-sweater-casual-polo-collar-polo-shirt\/#breadcrumb"},"inLanguage":"fr-FR","potentialAction":[{"@type":"ReadAction","target":["https:\/\/aigleshopping.ca\/fr\/produit\/winter-thermal-base-pullover-mens-sweater-casual-polo-collar-polo-shirt\/"]}]},{"@type":"ImageObject","inLanguage":"fr-FR","@id":"https:\/\/aigleshopping.ca\/fr\/produit\/winter-thermal-base-pullover-mens-sweater-casual-polo-collar-polo-shirt\/#primaryimage","url":"https:\/\/aigleshopping.ca\/wp-content\/uploads\/2025\/03\/3929b646-e878-4c96-8c09-22d427a5b7b1.jpg","contentUrl":"https:\/\/aigleshopping.ca\/wp-content\/uploads\/2025\/03\/3929b646-e878-4c96-8c09-22d427a5b7b1.jpg","width":800,"height":800},{"@type":"BreadcrumbList","@id":"https:\/\/aigleshopping.ca\/fr\/produit\/winter-thermal-base-pullover-mens-sweater-casual-polo-collar-polo-shirt\/#breadcrumb","itemListElement":[{"@type":"ListItem","position":1,"name":"Home","item":"https:\/\/aigleshopping.ca\/fr\/home\/"},{"@type":"ListItem","position":2,"name":"Products","item":"https:\/\/aigleshopping.ca\/shop\/"},{"@type":"ListItem","position":3,"name":"Winter Thermal Base Pullover Men&#8217;s Sweater Casual Polo Collar Polo Shirt"}]},{"@type":"WebSite","@id":"https:\/\/aigleshopping.ca\/#website","url":"https:\/\/aigleshopping.ca\/","name":"Aigle Shopping Canada","description":"Au-del\u00e0 des fronti\u00e8res, pour vous offrir le\u00a0meilleur!","publisher":{"@id":"https:\/\/aigleshopping.ca\/#organization"},"potentialAction":[{"@type":"SearchAction","target":{"@type":"EntryPoint","urlTemplate":"https:\/\/aigleshopping.ca\/?s={search_term_string}"},"query-input":{"@type":"PropertyValueSpecification","valueRequired":true,"valueName":"search_term_string"}}],"inLanguage":"fr-FR"},{"@type":"Organization","@id":"https:\/\/aigleshopping.ca\/#organization","name":"Aigle Shopping Canada","url":"https:\/\/aigleshopping.ca\/","logo":{"@type":"ImageObject","inLanguage":"fr-FR","@id":"https:\/\/aigleshopping.ca\/#\/schema\/logo\/image\/","url":"https:\/\/aigleshopping.ca\/wp-content\/uploads\/2025\/12\/logo_aigleshopping_ca.png","contentUrl":"https:\/\/aigleshopping.ca\/wp-content\/uploads\/2025\/12\/logo_aigleshopping_ca.png","width":800,"height":233,"caption":"Aigle Shopping Canada"},"image":{"@id":"https:\/\/aigleshopping.ca\/#\/schema\/logo\/image\/"}}]}},"jetpack_sharing_enabled":true,"_links":{"self":[{"href":"https:\/\/aigleshopping.ca\/fr\/wp-json\/wp\/v2\/product\/30534","targetHints":{"allow":["GET"]}}],"collection":[{"href":"https:\/\/aigleshopping.ca\/fr\/wp-json\/wp\/v2\/product"}],"about":[{"href":"https:\/\/aigleshopping.ca\/fr\/wp-json\/wp\/v2\/types\/product"}],"replies":[{"embeddable":true,"href":"https:\/\/aigleshopping.ca\/fr\/wp-json\/wp\/v2\/comments?post=30534"}],"wp:featuredmedia":[{"embeddable":true,"href":"https:\/\/aigleshopping.ca\/fr\/wp-json\/wp\/v2\/media\/29222"}],"wp:attachment":[{"href":"https:\/\/aigleshopping.ca\/fr\/wp-json\/wp\/v2\/media?parent=30534"}],"wp:term":[{"taxonomy":"product_brand","embeddable":true,"href":"https:\/\/aigleshopping.ca\/fr\/wp-json\/wp\/v2\/product_brand?post=30534"},{"taxonomy":"product_cat","embeddable":true,"href":"https:\/\/aigleshopping.ca\/fr\/wp-json\/wp\/v2\/product_cat?post=30534"},{"taxonomy":"product_tag","embeddable":true,"href":"https:\/\/aigleshopping.ca\/fr\/wp-json\/wp\/v2\/product_tag?post=30534"}],"curies":[{"name":"wp","href":"https:\/\/api.w.org\/{rel}","templated":true}]}}