{"id":30576,"date":"2025-03-20T06:57:45","date_gmt":"2025-03-20T06:57:45","guid":{"rendered":"https:\/\/aigleshopping.ca\/produit\/couleur-unie-draping-loose-cool-wind-casual-sweater-coat\/"},"modified":"2025-03-20T06:57:45","modified_gmt":"2025-03-20T06:57:45","slug":"couleur-unie-draping-loose-cool-wind-casual-sweater-coat","status":"publish","type":"product","link":"https:\/\/aigleshopping.ca\/fr\/produit\/couleur-unie-draping-loose-cool-wind-casual-sweater-coat\/","title":{"rendered":"Couleur unie Draping Loose Cool Wind Casual Sweater Coat"},"content":{"rendered":"<p> <b>Informations sur le produit :<\/b> <br \/> Couleur : kaki, blanc, noir <br \/> Taille : M, L, XL, XXL, 3XL <br \/> Style : pull-over <br \/> Nom du tissu : m\u00e9lange de fibres chimiques <br \/> Sc\u00e9narios applicables : Loisirs <br \/> Composition du tissu principal : Fibre de polyester <br \/> Style : Style cor\u00e9en   <\/p>\n<p><b>Taille :<\/b><br \/>\n<br \/> <br \/>\n<img decoding=\"async\" src=\"https:\/\/oss-cf.cjdropshipping.com\/product\/2025\/01\/10\/05\/cf2b3778-ce60-4061-ab17-4f75a676647b_trans.jpeg\" data-key=\"1\"><br \/>\n<b>Note :<\/b> 1. les tailles asiatiques sont 1 \u00e0 2 tailles plus petites que les tailles europ\u00e9ennes et am\u00e9ricaines. Choisissez la taille la plus grande si votre taille se situe entre deux tailles. Veuillez tenir compte d&rsquo;une diff\u00e9rence de 2 \u00e0 3 cm due aux mesures manuelles. 2. Si vous ne savez pas comment choisir votre taille, veuillez contacter notre service client\u00e8le. 3) Comme vous le savez, les ordinateurs affichent les couleurs diff\u00e9remment, la couleur de l&rsquo;article r\u00e9el peut varier l\u00e9g\u00e8rement par rapport aux images suivantes.<br \/>\n<br \/> <br \/>\n<b>Liste d&#8217;emballage :  <\/b><br \/>\n<br \/>  Manteau x1pc<br \/>\n<br \/> <br \/>\n<b>Image du produit :<\/b><br \/>\n<br \/> <br \/>\n<img decoding=\"async\" src=\"https:\/\/oss-cf.cjdropshipping.com\/product\/2025\/01\/10\/07\/1c758a02-5fd2-44b5-8a06-fb7f51d79e2a.jpg\" data-src=\"https:\/\/cbu01.alicdn.com\/img\/ibank\/O1CN01QqQbvB1f5tiM84zP1_!!2207217413956-0-cib.jpg\" data-key=\"2\" data-uploadossfail=\"false\"><br \/>\n<img decoding=\"async\" src=\"https:\/\/oss-cf.cjdropshipping.com\/product\/2025\/01\/10\/07\/336a081a-6b1d-4ee5-93a0-227e22dd39ba.jpg\" data-src=\"https:\/\/cbu01.alicdn.com\/img\/ibank\/O1CN01HqkZQC1f5tiNcH5RE_!!2207217413956-0-cib.jpg\" data-key=\"3\" data-uploadossfail=\"false\"><br \/>\n<img decoding=\"async\" src=\"https:\/\/oss-cf.cjdropshipping.com\/product\/2025\/01\/10\/07\/a3c23e3e-583f-42d1-b1e7-261afb91f3cd.jpg\" data-src=\"https:\/\/cbu01.alicdn.com\/img\/ibank\/O1CN01JdCRLJ1f5tiGDfkkk_!!2207217413956-0-cib.jpg\" data-key=\"4\" data-uploadossfail=\"false\"><br \/>\n<img decoding=\"async\" src=\"https:\/\/oss-cf.cjdropshipping.com\/product\/2025\/01\/10\/07\/f2f06abe-1923-4a39-a1a4-6db6f05ef83f.jpg\" data-src=\"https:\/\/cbu01.alicdn.com\/img\/ibank\/O1CN01OFJlvO1f5tiIlfKum_!!2207217413956-0-cib.jpg\" data-key=\"5\" data-uploadossfail=\"false\"><br \/>\n<img decoding=\"async\" src=\"https:\/\/oss-cf.cjdropshipping.com\/product\/2025\/01\/10\/07\/6be931a8-8071-4759-9dd2-4282c4172c68.jpg\" data-src=\"https:\/\/cbu01.alicdn.com\/img\/ibank\/O1CN01N6kv251f5tiGoq0kV_!!2207217413956-0-cib.jpg\" data-key=\"6\" data-uploadossfail=\"false\"><br \/>\n<img decoding=\"async\" src=\"https:\/\/oss-cf.cjdropshipping.com\/product\/2025\/01\/10\/07\/85cc6a2d-77fd-4c37-9fe2-c087a69456b7.jpg\" data-src=\"https:\/\/cbu01.alicdn.com\/img\/ibank\/O1CN012HOqtM1f5tiNcGsy3_!!2207217413956-0-cib.jpg\" data-key=\"7\" data-uploadossfail=\"false\"><br \/>\n<img decoding=\"async\" src=\"https:\/\/oss-cf.cjdropshipping.com\/product\/2025\/01\/10\/07\/6aedf2d3-6aab-4f04-aff3-2dde7b5b5860.jpg\" data-src=\"https:\/\/cbu01.alicdn.com\/img\/ibank\/O1CN01IPwaCy1f5tiPJkJj3_!!2207217413956-0-cib.jpg\" data-key=\"8\" data-uploadossfail=\"false\"><br \/>\n<img decoding=\"async\" src=\"https:\/\/oss-cf.cjdropshipping.com\/product\/2025\/01\/10\/07\/aa70bb99-619e-4dc6-be44-f2a915f35596.jpg\" data-src=\"https:\/\/cbu01.alicdn.com\/img\/ibank\/O1CN01Q5EnAd1f5tiGDeLQZ_!!2207217413956-0-cib.jpg\" data-key=\"9\" data-uploadossfail=\"false\"><\/p>\n","protected":false},"excerpt":{"rendered":"<p>Informations sur le produit : Couleur : kaki, blanc, noir Taille : M, L, XL, XXL, 3XL Style : pull-over Nom du tissu : m\u00e9lange de fibres chimiques Sc\u00e9narios applicables : Loisirs Composition du tissu principal : Fibre de polyester Style : Style cor\u00e9en Taille : Note : 1. les tailles asiatiques sont 1 \u00e0 [&hellip;]<\/p>\n","protected":false},"featured_media":27850,"comment_status":"open","ping_status":"closed","template":"","meta":{"content-type":""},"product_brand":[],"product_cat":[691],"product_tag":[],"class_list":{"0":"post-30576","1":"product","2":"type-product","3":"status-publish","4":"has-post-thumbnail","6":"product_cat-sweatshirt-fr-2","8":"first","9":"instock","10":"taxable","11":"shipping-taxable","12":"purchasable","13":"product-type-variable","14":"add-to-wishlist-after_add_to_cart"},"yoast_head":"<!-- This site is optimized with the Yoast SEO plugin v27.4 - https:\/\/yoast.com\/product\/yoast-seo-wordpress\/ -->\n<title>Couleur unie Draping Loose Cool Wind Casual Sweater Coat - Aigle Shopping Canada<\/title>\n<meta name=\"robots\" content=\"index, follow, max-snippet:-1, max-image-preview:large, max-video-preview:-1\" \/>\n<link rel=\"canonical\" href=\"https:\/\/aigleshopping.ca\/fr\/produit\/couleur-unie-draping-loose-cool-wind-casual-sweater-coat\/\" \/>\n<meta property=\"og:locale\" content=\"fr_FR\" \/>\n<meta property=\"og:type\" content=\"article\" \/>\n<meta property=\"og:title\" content=\"Couleur unie Draping Loose Cool Wind Casual Sweater Coat - Aigle Shopping Canada\" \/>\n<meta property=\"og:description\" content=\"Informations sur le produit : Couleur : kaki, blanc, noir Taille : M, L, XL, XXL, 3XL Style : pull-over Nom du tissu : m\u00e9lange de fibres chimiques Sc\u00e9narios applicables : Loisirs Composition du tissu principal : Fibre de polyester Style : Style cor\u00e9en Taille : Note : 1. les tailles asiatiques sont 1 \u00e0 [&hellip;]\" \/>\n<meta property=\"og:url\" content=\"https:\/\/aigleshopping.ca\/fr\/produit\/couleur-unie-draping-loose-cool-wind-casual-sweater-coat\/\" \/>\n<meta property=\"og:site_name\" content=\"Aigle Shopping Canada\" \/>\n<meta property=\"og:image\" content=\"https:\/\/aigleshopping.ca\/wp-content\/uploads\/2025\/03\/O1CN01SLzOuE1f5tiLo79zk_2207217413956-0-cib.jpg\" \/>\n\t<meta property=\"og:image:width\" content=\"830\" \/>\n\t<meta property=\"og:image:height\" content=\"830\" \/>\n\t<meta property=\"og:image:type\" content=\"image\/jpeg\" \/>\n<meta name=\"twitter:card\" content=\"summary_large_image\" \/>\n<meta name=\"twitter:label1\" content=\"Dur\u00e9e de lecture estim\u00e9e\" \/>\n\t<meta name=\"twitter:data1\" content=\"1 minute\" \/>\n<script type=\"application\/ld+json\" class=\"yoast-schema-graph\">{\"@context\":\"https:\\\/\\\/schema.org\",\"@graph\":[{\"@type\":\"WebPage\",\"@id\":\"https:\\\/\\\/aigleshopping.ca\\\/fr\\\/produit\\\/couleur-unie-draping-loose-cool-wind-casual-sweater-coat\\\/\",\"url\":\"https:\\\/\\\/aigleshopping.ca\\\/fr\\\/produit\\\/couleur-unie-draping-loose-cool-wind-casual-sweater-coat\\\/\",\"name\":\"Couleur unie Draping Loose Cool Wind Casual Sweater Coat - Aigle Shopping Canada\",\"isPartOf\":{\"@id\":\"https:\\\/\\\/aigleshopping.ca\\\/#website\"},\"primaryImageOfPage\":{\"@id\":\"https:\\\/\\\/aigleshopping.ca\\\/fr\\\/produit\\\/couleur-unie-draping-loose-cool-wind-casual-sweater-coat\\\/#primaryimage\"},\"image\":{\"@id\":\"https:\\\/\\\/aigleshopping.ca\\\/fr\\\/produit\\\/couleur-unie-draping-loose-cool-wind-casual-sweater-coat\\\/#primaryimage\"},\"thumbnailUrl\":\"https:\\\/\\\/aigleshopping.ca\\\/wp-content\\\/uploads\\\/2025\\\/03\\\/O1CN01SLzOuE1f5tiLo79zk_2207217413956-0-cib.jpg\",\"datePublished\":\"2025-03-20T06:57:45+00:00\",\"breadcrumb\":{\"@id\":\"https:\\\/\\\/aigleshopping.ca\\\/fr\\\/produit\\\/couleur-unie-draping-loose-cool-wind-casual-sweater-coat\\\/#breadcrumb\"},\"inLanguage\":\"fr-FR\",\"potentialAction\":[{\"@type\":\"ReadAction\",\"target\":[\"https:\\\/\\\/aigleshopping.ca\\\/fr\\\/produit\\\/couleur-unie-draping-loose-cool-wind-casual-sweater-coat\\\/\"]}]},{\"@type\":\"ImageObject\",\"inLanguage\":\"fr-FR\",\"@id\":\"https:\\\/\\\/aigleshopping.ca\\\/fr\\\/produit\\\/couleur-unie-draping-loose-cool-wind-casual-sweater-coat\\\/#primaryimage\",\"url\":\"https:\\\/\\\/aigleshopping.ca\\\/wp-content\\\/uploads\\\/2025\\\/03\\\/O1CN01SLzOuE1f5tiLo79zk_2207217413956-0-cib.jpg\",\"contentUrl\":\"https:\\\/\\\/aigleshopping.ca\\\/wp-content\\\/uploads\\\/2025\\\/03\\\/O1CN01SLzOuE1f5tiLo79zk_2207217413956-0-cib.jpg\",\"width\":830,\"height\":830},{\"@type\":\"BreadcrumbList\",\"@id\":\"https:\\\/\\\/aigleshopping.ca\\\/fr\\\/produit\\\/couleur-unie-draping-loose-cool-wind-casual-sweater-coat\\\/#breadcrumb\",\"itemListElement\":[{\"@type\":\"ListItem\",\"position\":1,\"name\":\"Home\",\"item\":\"https:\\\/\\\/aigleshopping.ca\\\/fr\\\/home\\\/\"},{\"@type\":\"ListItem\",\"position\":2,\"name\":\"Products\",\"item\":\"https:\\\/\\\/aigleshopping.ca\\\/shop\\\/\"},{\"@type\":\"ListItem\",\"position\":3,\"name\":\"Couleur unie Draping Loose Cool Wind Casual Sweater Coat\"}]},{\"@type\":\"WebSite\",\"@id\":\"https:\\\/\\\/aigleshopping.ca\\\/#website\",\"url\":\"https:\\\/\\\/aigleshopping.ca\\\/\",\"name\":\"Aigle Shopping Canada\",\"description\":\"Au-del\u00e0 des fronti\u00e8res, pour vous offrir le\u00a0meilleur!\",\"publisher\":{\"@id\":\"https:\\\/\\\/aigleshopping.ca\\\/#organization\"},\"potentialAction\":[{\"@type\":\"SearchAction\",\"target\":{\"@type\":\"EntryPoint\",\"urlTemplate\":\"https:\\\/\\\/aigleshopping.ca\\\/?s={search_term_string}\"},\"query-input\":{\"@type\":\"PropertyValueSpecification\",\"valueRequired\":true,\"valueName\":\"search_term_string\"}}],\"inLanguage\":\"fr-FR\"},{\"@type\":\"Organization\",\"@id\":\"https:\\\/\\\/aigleshopping.ca\\\/#organization\",\"name\":\"Aigle Shopping Canada\",\"url\":\"https:\\\/\\\/aigleshopping.ca\\\/\",\"logo\":{\"@type\":\"ImageObject\",\"inLanguage\":\"fr-FR\",\"@id\":\"https:\\\/\\\/aigleshopping.ca\\\/#\\\/schema\\\/logo\\\/image\\\/\",\"url\":\"https:\\\/\\\/aigleshopping.ca\\\/wp-content\\\/uploads\\\/2025\\\/12\\\/logo_aigleshopping_ca.png\",\"contentUrl\":\"https:\\\/\\\/aigleshopping.ca\\\/wp-content\\\/uploads\\\/2025\\\/12\\\/logo_aigleshopping_ca.png\",\"width\":800,\"height\":233,\"caption\":\"Aigle Shopping Canada\"},\"image\":{\"@id\":\"https:\\\/\\\/aigleshopping.ca\\\/#\\\/schema\\\/logo\\\/image\\\/\"}}]}<\/script>\n<!-- \/ Yoast SEO plugin. -->","yoast_head_json":{"title":"Couleur unie Draping Loose Cool Wind Casual Sweater Coat - Aigle Shopping Canada","robots":{"index":"index","follow":"follow","max-snippet":"max-snippet:-1","max-image-preview":"max-image-preview:large","max-video-preview":"max-video-preview:-1"},"canonical":"https:\/\/aigleshopping.ca\/fr\/produit\/couleur-unie-draping-loose-cool-wind-casual-sweater-coat\/","og_locale":"fr_FR","og_type":"article","og_title":"Couleur unie Draping Loose Cool Wind Casual Sweater Coat - Aigle Shopping Canada","og_description":"Informations sur le produit : Couleur : kaki, blanc, noir Taille : M, L, XL, XXL, 3XL Style : pull-over Nom du tissu : m\u00e9lange de fibres chimiques Sc\u00e9narios applicables : Loisirs Composition du tissu principal : Fibre de polyester Style : Style cor\u00e9en Taille : Note : 1. les tailles asiatiques sont 1 \u00e0 [&hellip;]","og_url":"https:\/\/aigleshopping.ca\/fr\/produit\/couleur-unie-draping-loose-cool-wind-casual-sweater-coat\/","og_site_name":"Aigle Shopping Canada","og_image":[{"width":830,"height":830,"url":"https:\/\/aigleshopping.ca\/wp-content\/uploads\/2025\/03\/O1CN01SLzOuE1f5tiLo79zk_2207217413956-0-cib.jpg","type":"image\/jpeg"}],"twitter_card":"summary_large_image","twitter_misc":{"Dur\u00e9e de lecture estim\u00e9e":"1 minute"},"schema":{"@context":"https:\/\/schema.org","@graph":[{"@type":"WebPage","@id":"https:\/\/aigleshopping.ca\/fr\/produit\/couleur-unie-draping-loose-cool-wind-casual-sweater-coat\/","url":"https:\/\/aigleshopping.ca\/fr\/produit\/couleur-unie-draping-loose-cool-wind-casual-sweater-coat\/","name":"Couleur unie Draping Loose Cool Wind Casual Sweater Coat - Aigle Shopping Canada","isPartOf":{"@id":"https:\/\/aigleshopping.ca\/#website"},"primaryImageOfPage":{"@id":"https:\/\/aigleshopping.ca\/fr\/produit\/couleur-unie-draping-loose-cool-wind-casual-sweater-coat\/#primaryimage"},"image":{"@id":"https:\/\/aigleshopping.ca\/fr\/produit\/couleur-unie-draping-loose-cool-wind-casual-sweater-coat\/#primaryimage"},"thumbnailUrl":"https:\/\/aigleshopping.ca\/wp-content\/uploads\/2025\/03\/O1CN01SLzOuE1f5tiLo79zk_2207217413956-0-cib.jpg","datePublished":"2025-03-20T06:57:45+00:00","breadcrumb":{"@id":"https:\/\/aigleshopping.ca\/fr\/produit\/couleur-unie-draping-loose-cool-wind-casual-sweater-coat\/#breadcrumb"},"inLanguage":"fr-FR","potentialAction":[{"@type":"ReadAction","target":["https:\/\/aigleshopping.ca\/fr\/produit\/couleur-unie-draping-loose-cool-wind-casual-sweater-coat\/"]}]},{"@type":"ImageObject","inLanguage":"fr-FR","@id":"https:\/\/aigleshopping.ca\/fr\/produit\/couleur-unie-draping-loose-cool-wind-casual-sweater-coat\/#primaryimage","url":"https:\/\/aigleshopping.ca\/wp-content\/uploads\/2025\/03\/O1CN01SLzOuE1f5tiLo79zk_2207217413956-0-cib.jpg","contentUrl":"https:\/\/aigleshopping.ca\/wp-content\/uploads\/2025\/03\/O1CN01SLzOuE1f5tiLo79zk_2207217413956-0-cib.jpg","width":830,"height":830},{"@type":"BreadcrumbList","@id":"https:\/\/aigleshopping.ca\/fr\/produit\/couleur-unie-draping-loose-cool-wind-casual-sweater-coat\/#breadcrumb","itemListElement":[{"@type":"ListItem","position":1,"name":"Home","item":"https:\/\/aigleshopping.ca\/fr\/home\/"},{"@type":"ListItem","position":2,"name":"Products","item":"https:\/\/aigleshopping.ca\/shop\/"},{"@type":"ListItem","position":3,"name":"Couleur unie Draping Loose Cool Wind Casual Sweater Coat"}]},{"@type":"WebSite","@id":"https:\/\/aigleshopping.ca\/#website","url":"https:\/\/aigleshopping.ca\/","name":"Aigle Shopping Canada","description":"Au-del\u00e0 des fronti\u00e8res, pour vous offrir le\u00a0meilleur!","publisher":{"@id":"https:\/\/aigleshopping.ca\/#organization"},"potentialAction":[{"@type":"SearchAction","target":{"@type":"EntryPoint","urlTemplate":"https:\/\/aigleshopping.ca\/?s={search_term_string}"},"query-input":{"@type":"PropertyValueSpecification","valueRequired":true,"valueName":"search_term_string"}}],"inLanguage":"fr-FR"},{"@type":"Organization","@id":"https:\/\/aigleshopping.ca\/#organization","name":"Aigle Shopping Canada","url":"https:\/\/aigleshopping.ca\/","logo":{"@type":"ImageObject","inLanguage":"fr-FR","@id":"https:\/\/aigleshopping.ca\/#\/schema\/logo\/image\/","url":"https:\/\/aigleshopping.ca\/wp-content\/uploads\/2025\/12\/logo_aigleshopping_ca.png","contentUrl":"https:\/\/aigleshopping.ca\/wp-content\/uploads\/2025\/12\/logo_aigleshopping_ca.png","width":800,"height":233,"caption":"Aigle Shopping Canada"},"image":{"@id":"https:\/\/aigleshopping.ca\/#\/schema\/logo\/image\/"}}]}},"jetpack_sharing_enabled":true,"_links":{"self":[{"href":"https:\/\/aigleshopping.ca\/fr\/wp-json\/wp\/v2\/product\/30576","targetHints":{"allow":["GET"]}}],"collection":[{"href":"https:\/\/aigleshopping.ca\/fr\/wp-json\/wp\/v2\/product"}],"about":[{"href":"https:\/\/aigleshopping.ca\/fr\/wp-json\/wp\/v2\/types\/product"}],"replies":[{"embeddable":true,"href":"https:\/\/aigleshopping.ca\/fr\/wp-json\/wp\/v2\/comments?post=30576"}],"wp:featuredmedia":[{"embeddable":true,"href":"https:\/\/aigleshopping.ca\/fr\/wp-json\/wp\/v2\/media\/27850"}],"wp:attachment":[{"href":"https:\/\/aigleshopping.ca\/fr\/wp-json\/wp\/v2\/media?parent=30576"}],"wp:term":[{"taxonomy":"product_brand","embeddable":true,"href":"https:\/\/aigleshopping.ca\/fr\/wp-json\/wp\/v2\/product_brand?post=30576"},{"taxonomy":"product_cat","embeddable":true,"href":"https:\/\/aigleshopping.ca\/fr\/wp-json\/wp\/v2\/product_cat?post=30576"},{"taxonomy":"product_tag","embeddable":true,"href":"https:\/\/aigleshopping.ca\/fr\/wp-json\/wp\/v2\/product_tag?post=30576"}],"curies":[{"name":"wp","href":"https:\/\/api.w.org\/{rel}","templated":true}]}}