{"id":30618,"date":"2025-03-20T06:59:20","date_gmt":"2025-03-20T06:59:20","guid":{"rendered":"https:\/\/aigleshopping.ca\/produit\/spring-and-autumn-dads-long-sleeve-plus-sized-oversized-sweater-mens\/"},"modified":"2025-03-20T06:59:20","modified_gmt":"2025-03-20T06:59:20","slug":"spring-and-autumn-dads-long-sleeve-plus-sized-oversized-sweater-mens","status":"publish","type":"product","link":"https:\/\/aigleshopping.ca\/fr\/produit\/spring-and-autumn-dads-long-sleeve-plus-sized-oversized-sweater-mens\/","title":{"rendered":"Spring And Autumn Dad&rsquo;s Long Sleeve Plus-sized Oversized Sweater Men&rsquo;s"},"content":{"rendered":"<p> <b>Informations sur le produit :<\/b> <br \/> Couleur : Carr\u00e9 avec gris clair, damier gris fonc\u00e9, damier gris bleu, damier camel, rhombo\u00efdes gris clair, rhombo\u00efdes gris fonc\u00e9, rhombo\u00efdes gris bleu <br \/> Taille : XL, XXL, XXXL <br \/> Version : Loose <br \/> Style : Cardigan <br \/> \u00c9paisseur : ordinaire <br \/> Nom du tissu : m\u00e9lange de coton <br \/> Sc\u00e9narios d&rsquo;application : Loisirs <br \/> Personnes concern\u00e9es : Personnes d&rsquo;\u00e2ge moyen <br \/> Composition du tissu principal : Fibre de polyester (polyester) <br \/> Sexe applicable : Homme  <\/p>\n<p><b>Note :<\/b> 1. les tailles asiatiques sont 1 \u00e0 2 tailles plus petites que les tailles europ\u00e9ennes et am\u00e9ricaines. Choisissez la taille la plus grande si votre taille se situe entre deux tailles. Veuillez tenir compte d&rsquo;une diff\u00e9rence de 2 \u00e0 3 cm due aux mesures manuelles. 2. Si vous ne savez pas comment choisir votre taille, veuillez contacter notre service client\u00e8le. 3) Comme vous le savez, les ordinateurs affichent les couleurs diff\u00e9remment, la couleur de l&rsquo;article r\u00e9el peut varier l\u00e9g\u00e8rement par rapport aux images suivantes.<br \/>\n<br \/> <br \/>\n<b>Liste d&#8217;emballage :  <\/b><br \/>\n<br \/>  Pull * 1<br \/>\n<br \/> <br \/>\n<b>Image du produit :<\/b><br \/>\n<br \/> <br \/>\n<img decoding=\"async\" src=\"https:\/\/oss-cf.cjdropshipping.com\/product\/2025\/02\/14\/07\/2274e60b-d7a7-4ce3-a327-3e7ada0180a7_trans.jpeg\"><br \/>\n<img decoding=\"async\" src=\"https:\/\/cf.cjdropshipping.com\/quick\/product\/7a084cf0-b2d9-4884-a239-d71bdaf0ffe3.jpg\"><br \/>\n<img decoding=\"async\" src=\"https:\/\/cf.cjdropshipping.com\/quick\/product\/55bae950-e8fd-49da-9a2f-1d391527ad7c.jpg\"><br \/>\n<img decoding=\"async\" src=\"https:\/\/cf.cjdropshipping.com\/quick\/product\/f0feda77-d75f-42f6-b1e2-193591142f57.jpg\"><br \/>\n<img decoding=\"async\" src=\"https:\/\/cf.cjdropshipping.com\/quick\/product\/f1d3ee1d-1ff6-4a11-aae3-9cab838188b2.jpg\"><br \/>\n<img decoding=\"async\" src=\"https:\/\/cf.cjdropshipping.com\/quick\/product\/54b95beb-d67b-4f0d-9c89-dfa81e04126b.jpg\"><br \/>\n<img decoding=\"async\" src=\"https:\/\/cf.cjdropshipping.com\/quick\/product\/d3c0e910-d5aa-4f6b-925a-16bcd9dc8ad7.jpg\"><br \/>\n<img decoding=\"async\" src=\"https:\/\/cf.cjdropshipping.com\/quick\/product\/b160fb77-12c6-44e7-bcf8-02ac21078308.jpg\"><\/p>\n","protected":false},"excerpt":{"rendered":"<p>Informations sur le produit : Couleur : Carr\u00e9 avec gris clair, damier gris fonc\u00e9, damier gris bleu, damier camel, rhombo\u00efdes gris clair, rhombo\u00efdes gris fonc\u00e9, rhombo\u00efdes gris bleu Taille : XL, XXL, XXXL Version : Loose Style : Cardigan \u00c9paisseur : ordinaire Nom du tissu : m\u00e9lange de coton Sc\u00e9narios d&rsquo;application : Loisirs Personnes concern\u00e9es [&hellip;]<\/p>\n","protected":false},"featured_media":27935,"comment_status":"open","ping_status":"closed","template":"","meta":{"content-type":""},"product_brand":[],"product_cat":[691],"product_tag":[],"class_list":{"0":"post-30618","1":"product","2":"type-product","3":"status-publish","4":"has-post-thumbnail","6":"product_cat-sweatshirt-fr-2","8":"first","9":"instock","10":"taxable","11":"shipping-taxable","12":"purchasable","13":"product-type-variable","14":"add-to-wishlist-after_add_to_cart"},"yoast_head":"<!-- This site is optimized with the Yoast SEO plugin v27.4 - https:\/\/yoast.com\/product\/yoast-seo-wordpress\/ -->\n<title>Spring And Autumn Dad&#039;s Long Sleeve Plus-sized Oversized Sweater Men&#039;s - Aigle Shopping Canada<\/title>\n<meta name=\"robots\" content=\"index, follow, max-snippet:-1, max-image-preview:large, max-video-preview:-1\" \/>\n<link rel=\"canonical\" href=\"https:\/\/aigleshopping.ca\/fr\/produit\/spring-and-autumn-dads-long-sleeve-plus-sized-oversized-sweater-mens\/\" \/>\n<meta property=\"og:locale\" content=\"fr_FR\" \/>\n<meta property=\"og:type\" content=\"article\" \/>\n<meta property=\"og:title\" content=\"Spring And Autumn Dad&#039;s Long Sleeve Plus-sized Oversized Sweater Men&#039;s - Aigle Shopping Canada\" \/>\n<meta property=\"og:description\" content=\"Informations sur le produit : Couleur : Carr\u00e9 avec gris clair, damier gris fonc\u00e9, damier gris bleu, damier camel, rhombo\u00efdes gris clair, rhombo\u00efdes gris fonc\u00e9, rhombo\u00efdes gris bleu Taille : XL, XXL, XXXL Version : Loose Style : Cardigan \u00c9paisseur : ordinaire Nom du tissu : m\u00e9lange de coton Sc\u00e9narios d&rsquo;application : Loisirs Personnes concern\u00e9es [&hellip;]\" \/>\n<meta property=\"og:url\" content=\"https:\/\/aigleshopping.ca\/fr\/produit\/spring-and-autumn-dads-long-sleeve-plus-sized-oversized-sweater-mens\/\" \/>\n<meta property=\"og:site_name\" content=\"Aigle Shopping Canada\" \/>\n<meta property=\"og:image\" content=\"https:\/\/aigleshopping.ca\/wp-content\/uploads\/2025\/03\/7a084cf0-b2d9-4884-a239-d71bdaf0ffe3.jpg\" \/>\n\t<meta property=\"og:image:width\" content=\"750\" \/>\n\t<meta property=\"og:image:height\" content=\"750\" \/>\n\t<meta property=\"og:image:type\" content=\"image\/jpeg\" \/>\n<meta name=\"twitter:card\" content=\"summary_large_image\" \/>\n<meta name=\"twitter:label1\" content=\"Dur\u00e9e de lecture estim\u00e9e\" \/>\n\t<meta name=\"twitter:data1\" content=\"1 minute\" \/>\n<script type=\"application\/ld+json\" class=\"yoast-schema-graph\">{\"@context\":\"https:\\\/\\\/schema.org\",\"@graph\":[{\"@type\":\"WebPage\",\"@id\":\"https:\\\/\\\/aigleshopping.ca\\\/fr\\\/produit\\\/spring-and-autumn-dads-long-sleeve-plus-sized-oversized-sweater-mens\\\/\",\"url\":\"https:\\\/\\\/aigleshopping.ca\\\/fr\\\/produit\\\/spring-and-autumn-dads-long-sleeve-plus-sized-oversized-sweater-mens\\\/\",\"name\":\"Spring And Autumn Dad's Long Sleeve Plus-sized Oversized Sweater Men's - Aigle Shopping Canada\",\"isPartOf\":{\"@id\":\"https:\\\/\\\/aigleshopping.ca\\\/#website\"},\"primaryImageOfPage\":{\"@id\":\"https:\\\/\\\/aigleshopping.ca\\\/fr\\\/produit\\\/spring-and-autumn-dads-long-sleeve-plus-sized-oversized-sweater-mens\\\/#primaryimage\"},\"image\":{\"@id\":\"https:\\\/\\\/aigleshopping.ca\\\/fr\\\/produit\\\/spring-and-autumn-dads-long-sleeve-plus-sized-oversized-sweater-mens\\\/#primaryimage\"},\"thumbnailUrl\":\"https:\\\/\\\/aigleshopping.ca\\\/wp-content\\\/uploads\\\/2025\\\/03\\\/7a084cf0-b2d9-4884-a239-d71bdaf0ffe3.jpg\",\"datePublished\":\"2025-03-20T06:59:20+00:00\",\"breadcrumb\":{\"@id\":\"https:\\\/\\\/aigleshopping.ca\\\/fr\\\/produit\\\/spring-and-autumn-dads-long-sleeve-plus-sized-oversized-sweater-mens\\\/#breadcrumb\"},\"inLanguage\":\"fr-FR\",\"potentialAction\":[{\"@type\":\"ReadAction\",\"target\":[\"https:\\\/\\\/aigleshopping.ca\\\/fr\\\/produit\\\/spring-and-autumn-dads-long-sleeve-plus-sized-oversized-sweater-mens\\\/\"]}]},{\"@type\":\"ImageObject\",\"inLanguage\":\"fr-FR\",\"@id\":\"https:\\\/\\\/aigleshopping.ca\\\/fr\\\/produit\\\/spring-and-autumn-dads-long-sleeve-plus-sized-oversized-sweater-mens\\\/#primaryimage\",\"url\":\"https:\\\/\\\/aigleshopping.ca\\\/wp-content\\\/uploads\\\/2025\\\/03\\\/7a084cf0-b2d9-4884-a239-d71bdaf0ffe3.jpg\",\"contentUrl\":\"https:\\\/\\\/aigleshopping.ca\\\/wp-content\\\/uploads\\\/2025\\\/03\\\/7a084cf0-b2d9-4884-a239-d71bdaf0ffe3.jpg\",\"width\":750,\"height\":750},{\"@type\":\"BreadcrumbList\",\"@id\":\"https:\\\/\\\/aigleshopping.ca\\\/fr\\\/produit\\\/spring-and-autumn-dads-long-sleeve-plus-sized-oversized-sweater-mens\\\/#breadcrumb\",\"itemListElement\":[{\"@type\":\"ListItem\",\"position\":1,\"name\":\"Home\",\"item\":\"https:\\\/\\\/aigleshopping.ca\\\/fr\\\/home\\\/\"},{\"@type\":\"ListItem\",\"position\":2,\"name\":\"Products\",\"item\":\"https:\\\/\\\/aigleshopping.ca\\\/shop\\\/\"},{\"@type\":\"ListItem\",\"position\":3,\"name\":\"Spring And Autumn Dad&#8217;s Long Sleeve Plus-sized Oversized Sweater Men&#8217;s\"}]},{\"@type\":\"WebSite\",\"@id\":\"https:\\\/\\\/aigleshopping.ca\\\/#website\",\"url\":\"https:\\\/\\\/aigleshopping.ca\\\/\",\"name\":\"Aigle Shopping Canada\",\"description\":\"Au-del\u00e0 des fronti\u00e8res, pour vous offrir le\u00a0meilleur!\",\"publisher\":{\"@id\":\"https:\\\/\\\/aigleshopping.ca\\\/#organization\"},\"potentialAction\":[{\"@type\":\"SearchAction\",\"target\":{\"@type\":\"EntryPoint\",\"urlTemplate\":\"https:\\\/\\\/aigleshopping.ca\\\/?s={search_term_string}\"},\"query-input\":{\"@type\":\"PropertyValueSpecification\",\"valueRequired\":true,\"valueName\":\"search_term_string\"}}],\"inLanguage\":\"fr-FR\"},{\"@type\":\"Organization\",\"@id\":\"https:\\\/\\\/aigleshopping.ca\\\/#organization\",\"name\":\"Aigle Shopping Canada\",\"url\":\"https:\\\/\\\/aigleshopping.ca\\\/\",\"logo\":{\"@type\":\"ImageObject\",\"inLanguage\":\"fr-FR\",\"@id\":\"https:\\\/\\\/aigleshopping.ca\\\/#\\\/schema\\\/logo\\\/image\\\/\",\"url\":\"https:\\\/\\\/aigleshopping.ca\\\/wp-content\\\/uploads\\\/2025\\\/12\\\/logo_aigleshopping_ca.png\",\"contentUrl\":\"https:\\\/\\\/aigleshopping.ca\\\/wp-content\\\/uploads\\\/2025\\\/12\\\/logo_aigleshopping_ca.png\",\"width\":800,\"height\":233,\"caption\":\"Aigle Shopping Canada\"},\"image\":{\"@id\":\"https:\\\/\\\/aigleshopping.ca\\\/#\\\/schema\\\/logo\\\/image\\\/\"}}]}<\/script>\n<!-- \/ Yoast SEO plugin. -->","yoast_head_json":{"title":"Spring And Autumn Dad's Long Sleeve Plus-sized Oversized Sweater Men's - Aigle Shopping Canada","robots":{"index":"index","follow":"follow","max-snippet":"max-snippet:-1","max-image-preview":"max-image-preview:large","max-video-preview":"max-video-preview:-1"},"canonical":"https:\/\/aigleshopping.ca\/fr\/produit\/spring-and-autumn-dads-long-sleeve-plus-sized-oversized-sweater-mens\/","og_locale":"fr_FR","og_type":"article","og_title":"Spring And Autumn Dad's Long Sleeve Plus-sized Oversized Sweater Men's - Aigle Shopping Canada","og_description":"Informations sur le produit : Couleur : Carr\u00e9 avec gris clair, damier gris fonc\u00e9, damier gris bleu, damier camel, rhombo\u00efdes gris clair, rhombo\u00efdes gris fonc\u00e9, rhombo\u00efdes gris bleu Taille : XL, XXL, XXXL Version : Loose Style : Cardigan \u00c9paisseur : ordinaire Nom du tissu : m\u00e9lange de coton Sc\u00e9narios d&rsquo;application : Loisirs Personnes concern\u00e9es [&hellip;]","og_url":"https:\/\/aigleshopping.ca\/fr\/produit\/spring-and-autumn-dads-long-sleeve-plus-sized-oversized-sweater-mens\/","og_site_name":"Aigle Shopping Canada","og_image":[{"width":750,"height":750,"url":"https:\/\/aigleshopping.ca\/wp-content\/uploads\/2025\/03\/7a084cf0-b2d9-4884-a239-d71bdaf0ffe3.jpg","type":"image\/jpeg"}],"twitter_card":"summary_large_image","twitter_misc":{"Dur\u00e9e de lecture estim\u00e9e":"1 minute"},"schema":{"@context":"https:\/\/schema.org","@graph":[{"@type":"WebPage","@id":"https:\/\/aigleshopping.ca\/fr\/produit\/spring-and-autumn-dads-long-sleeve-plus-sized-oversized-sweater-mens\/","url":"https:\/\/aigleshopping.ca\/fr\/produit\/spring-and-autumn-dads-long-sleeve-plus-sized-oversized-sweater-mens\/","name":"Spring And Autumn Dad's Long Sleeve Plus-sized Oversized Sweater Men's - Aigle Shopping Canada","isPartOf":{"@id":"https:\/\/aigleshopping.ca\/#website"},"primaryImageOfPage":{"@id":"https:\/\/aigleshopping.ca\/fr\/produit\/spring-and-autumn-dads-long-sleeve-plus-sized-oversized-sweater-mens\/#primaryimage"},"image":{"@id":"https:\/\/aigleshopping.ca\/fr\/produit\/spring-and-autumn-dads-long-sleeve-plus-sized-oversized-sweater-mens\/#primaryimage"},"thumbnailUrl":"https:\/\/aigleshopping.ca\/wp-content\/uploads\/2025\/03\/7a084cf0-b2d9-4884-a239-d71bdaf0ffe3.jpg","datePublished":"2025-03-20T06:59:20+00:00","breadcrumb":{"@id":"https:\/\/aigleshopping.ca\/fr\/produit\/spring-and-autumn-dads-long-sleeve-plus-sized-oversized-sweater-mens\/#breadcrumb"},"inLanguage":"fr-FR","potentialAction":[{"@type":"ReadAction","target":["https:\/\/aigleshopping.ca\/fr\/produit\/spring-and-autumn-dads-long-sleeve-plus-sized-oversized-sweater-mens\/"]}]},{"@type":"ImageObject","inLanguage":"fr-FR","@id":"https:\/\/aigleshopping.ca\/fr\/produit\/spring-and-autumn-dads-long-sleeve-plus-sized-oversized-sweater-mens\/#primaryimage","url":"https:\/\/aigleshopping.ca\/wp-content\/uploads\/2025\/03\/7a084cf0-b2d9-4884-a239-d71bdaf0ffe3.jpg","contentUrl":"https:\/\/aigleshopping.ca\/wp-content\/uploads\/2025\/03\/7a084cf0-b2d9-4884-a239-d71bdaf0ffe3.jpg","width":750,"height":750},{"@type":"BreadcrumbList","@id":"https:\/\/aigleshopping.ca\/fr\/produit\/spring-and-autumn-dads-long-sleeve-plus-sized-oversized-sweater-mens\/#breadcrumb","itemListElement":[{"@type":"ListItem","position":1,"name":"Home","item":"https:\/\/aigleshopping.ca\/fr\/home\/"},{"@type":"ListItem","position":2,"name":"Products","item":"https:\/\/aigleshopping.ca\/shop\/"},{"@type":"ListItem","position":3,"name":"Spring And Autumn Dad&#8217;s Long Sleeve Plus-sized Oversized Sweater Men&#8217;s"}]},{"@type":"WebSite","@id":"https:\/\/aigleshopping.ca\/#website","url":"https:\/\/aigleshopping.ca\/","name":"Aigle Shopping Canada","description":"Au-del\u00e0 des fronti\u00e8res, pour vous offrir le\u00a0meilleur!","publisher":{"@id":"https:\/\/aigleshopping.ca\/#organization"},"potentialAction":[{"@type":"SearchAction","target":{"@type":"EntryPoint","urlTemplate":"https:\/\/aigleshopping.ca\/?s={search_term_string}"},"query-input":{"@type":"PropertyValueSpecification","valueRequired":true,"valueName":"search_term_string"}}],"inLanguage":"fr-FR"},{"@type":"Organization","@id":"https:\/\/aigleshopping.ca\/#organization","name":"Aigle Shopping Canada","url":"https:\/\/aigleshopping.ca\/","logo":{"@type":"ImageObject","inLanguage":"fr-FR","@id":"https:\/\/aigleshopping.ca\/#\/schema\/logo\/image\/","url":"https:\/\/aigleshopping.ca\/wp-content\/uploads\/2025\/12\/logo_aigleshopping_ca.png","contentUrl":"https:\/\/aigleshopping.ca\/wp-content\/uploads\/2025\/12\/logo_aigleshopping_ca.png","width":800,"height":233,"caption":"Aigle Shopping Canada"},"image":{"@id":"https:\/\/aigleshopping.ca\/#\/schema\/logo\/image\/"}}]}},"jetpack_sharing_enabled":true,"_links":{"self":[{"href":"https:\/\/aigleshopping.ca\/fr\/wp-json\/wp\/v2\/product\/30618","targetHints":{"allow":["GET"]}}],"collection":[{"href":"https:\/\/aigleshopping.ca\/fr\/wp-json\/wp\/v2\/product"}],"about":[{"href":"https:\/\/aigleshopping.ca\/fr\/wp-json\/wp\/v2\/types\/product"}],"replies":[{"embeddable":true,"href":"https:\/\/aigleshopping.ca\/fr\/wp-json\/wp\/v2\/comments?post=30618"}],"wp:featuredmedia":[{"embeddable":true,"href":"https:\/\/aigleshopping.ca\/fr\/wp-json\/wp\/v2\/media\/27935"}],"wp:attachment":[{"href":"https:\/\/aigleshopping.ca\/fr\/wp-json\/wp\/v2\/media?parent=30618"}],"wp:term":[{"taxonomy":"product_brand","embeddable":true,"href":"https:\/\/aigleshopping.ca\/fr\/wp-json\/wp\/v2\/product_brand?post=30618"},{"taxonomy":"product_cat","embeddable":true,"href":"https:\/\/aigleshopping.ca\/fr\/wp-json\/wp\/v2\/product_cat?post=30618"},{"taxonomy":"product_tag","embeddable":true,"href":"https:\/\/aigleshopping.ca\/fr\/wp-json\/wp\/v2\/product_tag?post=30618"}],"curies":[{"name":"wp","href":"https:\/\/api.w.org\/{rel}","templated":true}]}}