{"id":30713,"date":"2025-03-20T07:02:05","date_gmt":"2025-03-20T07:02:05","guid":{"rendered":"https:\/\/aigleshopping.ca\/produit\/stitching-trendy-comfort-and-casual-style-sweater-fake-two-piece-top\/"},"modified":"2025-03-20T07:02:05","modified_gmt":"2025-03-20T07:02:05","slug":"stitching-trendy-comfort-and-casual-style-sweater-fake-two-piece-top","status":"publish","type":"product","link":"https:\/\/aigleshopping.ca\/fr\/produit\/stitching-trendy-comfort-and-casual-style-sweater-fake-two-piece-top\/","title":{"rendered":"Stitching Trendy Comfort and Casual Style Sweater Fake Two-piece Top"},"content":{"rendered":"<p> <b>Informations sur le produit :<\/b> <br \/> Version : Droit <br \/> D\u00e9tails du style : couleur contrast\u00e9e <br \/> Composition du mat\u00e9riel : Polyester <br \/> Style : pull-over <br \/> Longueur des manches : manches longues <br \/> Type de col : Lapel <br \/> Taille : 160\/80A\/XS,165\/84A\/S,170\/88A\/M,175\/92A\/L,180\/96A\/XL,185\/100A\/XXL <br \/> Couleur : Noir ton caf\u00e9, ton bleu caf\u00e9  <\/p>\n<p><b>Taille :<\/b><br \/>\n<br \/> <br \/>\n<img decoding=\"async\" src=\"https:\/\/oss-cf.cjdropshipping.com\/product\/2024\/11\/20\/06\/702fafdc-a916-48a6-89d0-129079ef9afd_trans.jpeg\"><br \/>\n<b>Note :<\/b> 1. les tailles asiatiques sont 1 \u00e0 2 tailles plus petites que les tailles europ\u00e9ennes et am\u00e9ricaines. Choisissez la taille la plus grande si votre taille se situe entre deux tailles. Veuillez tenir compte d&rsquo;une diff\u00e9rence de 2 \u00e0 3 cm due aux mesures manuelles. 2. Si vous ne savez pas comment choisir votre taille, veuillez contacter notre service client\u00e8le. 3) Comme vous le savez, les ordinateurs affichent les couleurs diff\u00e9remment, la couleur de l&rsquo;article r\u00e9el peut varier l\u00e9g\u00e8rement par rapport aux images suivantes.<br \/>\n<br \/> <br \/>\n<b>Liste d&#8217;emballage :  <\/b><br \/>\n<br \/>  Pull-over en polyester pour hommes * 1<br \/>\n<br \/> <br \/>\n<b>Image du produit :<\/b><br \/>\n<br \/> <br \/>\n<img decoding=\"async\" src=\"https:\/\/oss-cf.cjdropshipping.com\/product\/2024\/11\/20\/06\/69284cb3-0cfb-4e18-a9fc-aa561c8f8356.jpg\"><br \/>\n<img decoding=\"async\" src=\"https:\/\/oss-cf.cjdropshipping.com\/product\/2024\/11\/20\/06\/5c89398d-66e4-430e-b453-9eac9b5501a1.jpg\"><br \/>\n<img decoding=\"async\" src=\"https:\/\/oss-cf.cjdropshipping.com\/product\/2024\/11\/20\/06\/86ec980c-0ff9-4a19-bafd-4fd5de0662a6.jpg\"><br \/>\n<img decoding=\"async\" src=\"https:\/\/oss-cf.cjdropshipping.com\/product\/2024\/11\/20\/06\/f70f7e0a-cab9-42f1-9984-056c9ee4a723.jpg\"><br \/>\n<img decoding=\"async\" src=\"https:\/\/oss-cf.cjdropshipping.com\/product\/2024\/11\/20\/06\/6b4414fa-e2a1-46f3-8c94-033e76e3a80a.jpg\"><br \/>\n<img decoding=\"async\" src=\"https:\/\/oss-cf.cjdropshipping.com\/product\/2024\/11\/20\/06\/3f67ecb3-4072-4429-81ca-cf8bdab2cd32.jpg\"><\/p>\n","protected":false},"excerpt":{"rendered":"<p>Informations sur le produit : Version : Droit D\u00e9tails du style : couleur contrast\u00e9e Composition du mat\u00e9riel : Polyester Style : pull-over Longueur des manches : manches longues Type de col : Lapel Taille : 160\/80A\/XS,165\/84A\/S,170\/88A\/M,175\/92A\/L,180\/96A\/XL,185\/100A\/XXL Couleur : Noir ton caf\u00e9, ton bleu caf\u00e9 Taille : Note : 1. les tailles asiatiques sont 1 \u00e0 [&hellip;]<\/p>\n","protected":false},"featured_media":28124,"comment_status":"open","ping_status":"closed","template":"","meta":{"content-type":""},"product_brand":[],"product_cat":[691],"product_tag":[],"class_list":{"0":"post-30713","1":"product","2":"type-product","3":"status-publish","4":"has-post-thumbnail","6":"product_cat-sweatshirt-fr-2","8":"first","9":"instock","10":"taxable","11":"shipping-taxable","12":"purchasable","13":"product-type-variable","14":"add-to-wishlist-after_add_to_cart"},"yoast_head":"<!-- This site is optimized with the Yoast SEO plugin v27.4 - https:\/\/yoast.com\/product\/yoast-seo-wordpress\/ -->\n<title>Stitching Trendy Comfort and Casual Style Sweater Fake Two-piece Top - Aigle Shopping Canada<\/title>\n<meta name=\"robots\" content=\"index, follow, max-snippet:-1, max-image-preview:large, max-video-preview:-1\" \/>\n<link rel=\"canonical\" href=\"https:\/\/aigleshopping.ca\/fr\/produit\/stitching-trendy-comfort-and-casual-style-sweater-fake-two-piece-top\/\" \/>\n<meta property=\"og:locale\" content=\"fr_FR\" \/>\n<meta property=\"og:type\" content=\"article\" \/>\n<meta property=\"og:title\" content=\"Stitching Trendy Comfort and Casual Style Sweater Fake Two-piece Top - Aigle Shopping Canada\" \/>\n<meta property=\"og:description\" content=\"Informations sur le produit : Version : Droit D\u00e9tails du style : couleur contrast\u00e9e Composition du mat\u00e9riel : Polyester Style : pull-over Longueur des manches : manches longues Type de col : Lapel Taille : 160\/80A\/XS,165\/84A\/S,170\/88A\/M,175\/92A\/L,180\/96A\/XL,185\/100A\/XXL Couleur : Noir ton caf\u00e9, ton bleu caf\u00e9 Taille : Note : 1. les tailles asiatiques sont 1 \u00e0 [&hellip;]\" \/>\n<meta property=\"og:url\" content=\"https:\/\/aigleshopping.ca\/fr\/produit\/stitching-trendy-comfort-and-casual-style-sweater-fake-two-piece-top\/\" \/>\n<meta property=\"og:site_name\" content=\"Aigle Shopping Canada\" \/>\n<meta property=\"og:image\" content=\"https:\/\/aigleshopping.ca\/wp-content\/uploads\/2025\/03\/2f7403cb-4c3f-4f31-8efb-b737ef4522f9.jpg\" \/>\n\t<meta property=\"og:image:width\" content=\"800\" \/>\n\t<meta property=\"og:image:height\" content=\"800\" \/>\n\t<meta property=\"og:image:type\" content=\"image\/jpeg\" \/>\n<meta name=\"twitter:card\" content=\"summary_large_image\" \/>\n<meta name=\"twitter:label1\" content=\"Dur\u00e9e de lecture estim\u00e9e\" \/>\n\t<meta name=\"twitter:data1\" content=\"1 minute\" \/>\n<script type=\"application\/ld+json\" class=\"yoast-schema-graph\">{\"@context\":\"https:\\\/\\\/schema.org\",\"@graph\":[{\"@type\":\"WebPage\",\"@id\":\"https:\\\/\\\/aigleshopping.ca\\\/fr\\\/produit\\\/stitching-trendy-comfort-and-casual-style-sweater-fake-two-piece-top\\\/\",\"url\":\"https:\\\/\\\/aigleshopping.ca\\\/fr\\\/produit\\\/stitching-trendy-comfort-and-casual-style-sweater-fake-two-piece-top\\\/\",\"name\":\"Stitching Trendy Comfort and Casual Style Sweater Fake Two-piece Top - Aigle Shopping Canada\",\"isPartOf\":{\"@id\":\"https:\\\/\\\/aigleshopping.ca\\\/#website\"},\"primaryImageOfPage\":{\"@id\":\"https:\\\/\\\/aigleshopping.ca\\\/fr\\\/produit\\\/stitching-trendy-comfort-and-casual-style-sweater-fake-two-piece-top\\\/#primaryimage\"},\"image\":{\"@id\":\"https:\\\/\\\/aigleshopping.ca\\\/fr\\\/produit\\\/stitching-trendy-comfort-and-casual-style-sweater-fake-two-piece-top\\\/#primaryimage\"},\"thumbnailUrl\":\"https:\\\/\\\/aigleshopping.ca\\\/wp-content\\\/uploads\\\/2025\\\/03\\\/2f7403cb-4c3f-4f31-8efb-b737ef4522f9.jpg\",\"datePublished\":\"2025-03-20T07:02:05+00:00\",\"breadcrumb\":{\"@id\":\"https:\\\/\\\/aigleshopping.ca\\\/fr\\\/produit\\\/stitching-trendy-comfort-and-casual-style-sweater-fake-two-piece-top\\\/#breadcrumb\"},\"inLanguage\":\"fr-FR\",\"potentialAction\":[{\"@type\":\"ReadAction\",\"target\":[\"https:\\\/\\\/aigleshopping.ca\\\/fr\\\/produit\\\/stitching-trendy-comfort-and-casual-style-sweater-fake-two-piece-top\\\/\"]}]},{\"@type\":\"ImageObject\",\"inLanguage\":\"fr-FR\",\"@id\":\"https:\\\/\\\/aigleshopping.ca\\\/fr\\\/produit\\\/stitching-trendy-comfort-and-casual-style-sweater-fake-two-piece-top\\\/#primaryimage\",\"url\":\"https:\\\/\\\/aigleshopping.ca\\\/wp-content\\\/uploads\\\/2025\\\/03\\\/2f7403cb-4c3f-4f31-8efb-b737ef4522f9.jpg\",\"contentUrl\":\"https:\\\/\\\/aigleshopping.ca\\\/wp-content\\\/uploads\\\/2025\\\/03\\\/2f7403cb-4c3f-4f31-8efb-b737ef4522f9.jpg\",\"width\":800,\"height\":800},{\"@type\":\"BreadcrumbList\",\"@id\":\"https:\\\/\\\/aigleshopping.ca\\\/fr\\\/produit\\\/stitching-trendy-comfort-and-casual-style-sweater-fake-two-piece-top\\\/#breadcrumb\",\"itemListElement\":[{\"@type\":\"ListItem\",\"position\":1,\"name\":\"Home\",\"item\":\"https:\\\/\\\/aigleshopping.ca\\\/fr\\\/home\\\/\"},{\"@type\":\"ListItem\",\"position\":2,\"name\":\"Products\",\"item\":\"https:\\\/\\\/aigleshopping.ca\\\/shop\\\/\"},{\"@type\":\"ListItem\",\"position\":3,\"name\":\"Stitching Trendy Comfort and Casual Style Sweater Fake Two-piece Top\"}]},{\"@type\":\"WebSite\",\"@id\":\"https:\\\/\\\/aigleshopping.ca\\\/#website\",\"url\":\"https:\\\/\\\/aigleshopping.ca\\\/\",\"name\":\"Aigle Shopping Canada\",\"description\":\"Au-del\u00e0 des fronti\u00e8res, pour vous offrir le\u00a0meilleur!\",\"publisher\":{\"@id\":\"https:\\\/\\\/aigleshopping.ca\\\/#organization\"},\"potentialAction\":[{\"@type\":\"SearchAction\",\"target\":{\"@type\":\"EntryPoint\",\"urlTemplate\":\"https:\\\/\\\/aigleshopping.ca\\\/?s={search_term_string}\"},\"query-input\":{\"@type\":\"PropertyValueSpecification\",\"valueRequired\":true,\"valueName\":\"search_term_string\"}}],\"inLanguage\":\"fr-FR\"},{\"@type\":\"Organization\",\"@id\":\"https:\\\/\\\/aigleshopping.ca\\\/#organization\",\"name\":\"Aigle Shopping Canada\",\"url\":\"https:\\\/\\\/aigleshopping.ca\\\/\",\"logo\":{\"@type\":\"ImageObject\",\"inLanguage\":\"fr-FR\",\"@id\":\"https:\\\/\\\/aigleshopping.ca\\\/#\\\/schema\\\/logo\\\/image\\\/\",\"url\":\"https:\\\/\\\/aigleshopping.ca\\\/wp-content\\\/uploads\\\/2025\\\/12\\\/logo_aigleshopping_ca.png\",\"contentUrl\":\"https:\\\/\\\/aigleshopping.ca\\\/wp-content\\\/uploads\\\/2025\\\/12\\\/logo_aigleshopping_ca.png\",\"width\":800,\"height\":233,\"caption\":\"Aigle Shopping Canada\"},\"image\":{\"@id\":\"https:\\\/\\\/aigleshopping.ca\\\/#\\\/schema\\\/logo\\\/image\\\/\"}}]}<\/script>\n<!-- \/ Yoast SEO plugin. -->","yoast_head_json":{"title":"Stitching Trendy Comfort and Casual Style Sweater Fake Two-piece Top - Aigle Shopping Canada","robots":{"index":"index","follow":"follow","max-snippet":"max-snippet:-1","max-image-preview":"max-image-preview:large","max-video-preview":"max-video-preview:-1"},"canonical":"https:\/\/aigleshopping.ca\/fr\/produit\/stitching-trendy-comfort-and-casual-style-sweater-fake-two-piece-top\/","og_locale":"fr_FR","og_type":"article","og_title":"Stitching Trendy Comfort and Casual Style Sweater Fake Two-piece Top - Aigle Shopping Canada","og_description":"Informations sur le produit : Version : Droit D\u00e9tails du style : couleur contrast\u00e9e Composition du mat\u00e9riel : Polyester Style : pull-over Longueur des manches : manches longues Type de col : Lapel Taille : 160\/80A\/XS,165\/84A\/S,170\/88A\/M,175\/92A\/L,180\/96A\/XL,185\/100A\/XXL Couleur : Noir ton caf\u00e9, ton bleu caf\u00e9 Taille : Note : 1. les tailles asiatiques sont 1 \u00e0 [&hellip;]","og_url":"https:\/\/aigleshopping.ca\/fr\/produit\/stitching-trendy-comfort-and-casual-style-sweater-fake-two-piece-top\/","og_site_name":"Aigle Shopping Canada","og_image":[{"width":800,"height":800,"url":"https:\/\/aigleshopping.ca\/wp-content\/uploads\/2025\/03\/2f7403cb-4c3f-4f31-8efb-b737ef4522f9.jpg","type":"image\/jpeg"}],"twitter_card":"summary_large_image","twitter_misc":{"Dur\u00e9e de lecture estim\u00e9e":"1 minute"},"schema":{"@context":"https:\/\/schema.org","@graph":[{"@type":"WebPage","@id":"https:\/\/aigleshopping.ca\/fr\/produit\/stitching-trendy-comfort-and-casual-style-sweater-fake-two-piece-top\/","url":"https:\/\/aigleshopping.ca\/fr\/produit\/stitching-trendy-comfort-and-casual-style-sweater-fake-two-piece-top\/","name":"Stitching Trendy Comfort and Casual Style Sweater Fake Two-piece Top - Aigle Shopping Canada","isPartOf":{"@id":"https:\/\/aigleshopping.ca\/#website"},"primaryImageOfPage":{"@id":"https:\/\/aigleshopping.ca\/fr\/produit\/stitching-trendy-comfort-and-casual-style-sweater-fake-two-piece-top\/#primaryimage"},"image":{"@id":"https:\/\/aigleshopping.ca\/fr\/produit\/stitching-trendy-comfort-and-casual-style-sweater-fake-two-piece-top\/#primaryimage"},"thumbnailUrl":"https:\/\/aigleshopping.ca\/wp-content\/uploads\/2025\/03\/2f7403cb-4c3f-4f31-8efb-b737ef4522f9.jpg","datePublished":"2025-03-20T07:02:05+00:00","breadcrumb":{"@id":"https:\/\/aigleshopping.ca\/fr\/produit\/stitching-trendy-comfort-and-casual-style-sweater-fake-two-piece-top\/#breadcrumb"},"inLanguage":"fr-FR","potentialAction":[{"@type":"ReadAction","target":["https:\/\/aigleshopping.ca\/fr\/produit\/stitching-trendy-comfort-and-casual-style-sweater-fake-two-piece-top\/"]}]},{"@type":"ImageObject","inLanguage":"fr-FR","@id":"https:\/\/aigleshopping.ca\/fr\/produit\/stitching-trendy-comfort-and-casual-style-sweater-fake-two-piece-top\/#primaryimage","url":"https:\/\/aigleshopping.ca\/wp-content\/uploads\/2025\/03\/2f7403cb-4c3f-4f31-8efb-b737ef4522f9.jpg","contentUrl":"https:\/\/aigleshopping.ca\/wp-content\/uploads\/2025\/03\/2f7403cb-4c3f-4f31-8efb-b737ef4522f9.jpg","width":800,"height":800},{"@type":"BreadcrumbList","@id":"https:\/\/aigleshopping.ca\/fr\/produit\/stitching-trendy-comfort-and-casual-style-sweater-fake-two-piece-top\/#breadcrumb","itemListElement":[{"@type":"ListItem","position":1,"name":"Home","item":"https:\/\/aigleshopping.ca\/fr\/home\/"},{"@type":"ListItem","position":2,"name":"Products","item":"https:\/\/aigleshopping.ca\/shop\/"},{"@type":"ListItem","position":3,"name":"Stitching Trendy Comfort and Casual Style Sweater Fake Two-piece Top"}]},{"@type":"WebSite","@id":"https:\/\/aigleshopping.ca\/#website","url":"https:\/\/aigleshopping.ca\/","name":"Aigle Shopping Canada","description":"Au-del\u00e0 des fronti\u00e8res, pour vous offrir le\u00a0meilleur!","publisher":{"@id":"https:\/\/aigleshopping.ca\/#organization"},"potentialAction":[{"@type":"SearchAction","target":{"@type":"EntryPoint","urlTemplate":"https:\/\/aigleshopping.ca\/?s={search_term_string}"},"query-input":{"@type":"PropertyValueSpecification","valueRequired":true,"valueName":"search_term_string"}}],"inLanguage":"fr-FR"},{"@type":"Organization","@id":"https:\/\/aigleshopping.ca\/#organization","name":"Aigle Shopping Canada","url":"https:\/\/aigleshopping.ca\/","logo":{"@type":"ImageObject","inLanguage":"fr-FR","@id":"https:\/\/aigleshopping.ca\/#\/schema\/logo\/image\/","url":"https:\/\/aigleshopping.ca\/wp-content\/uploads\/2025\/12\/logo_aigleshopping_ca.png","contentUrl":"https:\/\/aigleshopping.ca\/wp-content\/uploads\/2025\/12\/logo_aigleshopping_ca.png","width":800,"height":233,"caption":"Aigle Shopping Canada"},"image":{"@id":"https:\/\/aigleshopping.ca\/#\/schema\/logo\/image\/"}}]}},"jetpack_sharing_enabled":true,"_links":{"self":[{"href":"https:\/\/aigleshopping.ca\/fr\/wp-json\/wp\/v2\/product\/30713","targetHints":{"allow":["GET"]}}],"collection":[{"href":"https:\/\/aigleshopping.ca\/fr\/wp-json\/wp\/v2\/product"}],"about":[{"href":"https:\/\/aigleshopping.ca\/fr\/wp-json\/wp\/v2\/types\/product"}],"replies":[{"embeddable":true,"href":"https:\/\/aigleshopping.ca\/fr\/wp-json\/wp\/v2\/comments?post=30713"}],"wp:featuredmedia":[{"embeddable":true,"href":"https:\/\/aigleshopping.ca\/fr\/wp-json\/wp\/v2\/media\/28124"}],"wp:attachment":[{"href":"https:\/\/aigleshopping.ca\/fr\/wp-json\/wp\/v2\/media?parent=30713"}],"wp:term":[{"taxonomy":"product_brand","embeddable":true,"href":"https:\/\/aigleshopping.ca\/fr\/wp-json\/wp\/v2\/product_brand?post=30713"},{"taxonomy":"product_cat","embeddable":true,"href":"https:\/\/aigleshopping.ca\/fr\/wp-json\/wp\/v2\/product_cat?post=30713"},{"taxonomy":"product_tag","embeddable":true,"href":"https:\/\/aigleshopping.ca\/fr\/wp-json\/wp\/v2\/product_tag?post=30713"}],"curies":[{"name":"wp","href":"https:\/\/api.w.org\/{rel}","templated":true}]}}