{"id":30722,"date":"2025-03-20T07:11:59","date_gmt":"2025-03-20T07:11:59","guid":{"rendered":"https:\/\/aigleshopping.ca\/produit\/pull-over-epais-decontracte-et-decontracte-tendance-pour-les-jeunes\/"},"modified":"2025-07-26T17:01:13","modified_gmt":"2025-07-26T17:01:13","slug":"pull-over-epais-decontracte-et-decontracte-tendance-pour-les-jeunes","status":"publish","type":"product","link":"https:\/\/aigleshopping.ca\/fr\/produit\/pull-over-epais-decontracte-et-decontracte-tendance-pour-les-jeunes\/","title":{"rendered":"Pull-over \u00e9pais d\u00e9contract\u00e9 et d\u00e9contract\u00e9 tendance pour les jeunes"},"content":{"rendered":"<p> <b>Informations sur le produit :<\/b> <br \/> Couleur : Pull chaud 101 vert, pull chaud 101 orange, pull chaud 101 gris, pull chaud 102 vert, pull chaud 102 kaki, pull chaud 102 noir, pull chaud 102 rouge <br \/> Taille : M,L,XL,XXL,XXXL,4XL <br \/> Style : pull-over <br \/> Nom du tissu : m\u00e9lange de fibres chimiques <br \/> Sc\u00e9narios d&rsquo;application : Loisirs <br \/> Composition du tissu principal : fibre d&rsquo;alcool polyvinylique <br \/> Style : popularit\u00e9 pour les jeunes <br \/> Craft : Jacquard  <\/p>\n<p><b>Taille :<\/b><br \/>\n<br \/> <br \/>\n<img decoding=\"async\" src=\"https:\/\/oss-cf.cjdropshipping.com\/product\/2025\/01\/08\/06\/241d2f13-17e3-41cb-b1dc-5a4014570844_trans.jpeg\"><br \/>\n<b>Note :<\/b> 1. les tailles asiatiques sont 1 \u00e0 2 tailles plus petites que les tailles europ\u00e9ennes et am\u00e9ricaines. Choisissez la taille la plus grande si votre taille se situe entre deux tailles. Veuillez tenir compte d&rsquo;une diff\u00e9rence de 2 \u00e0 3 cm due aux mesures manuelles. 2. Si vous ne savez pas comment choisir votre taille, veuillez contacter notre service client\u00e8le. 3) Comme vous le savez, les ordinateurs affichent les couleurs diff\u00e9remment, la couleur de l&rsquo;article r\u00e9el peut varier l\u00e9g\u00e8rement par rapport aux images suivantes.<br \/>\n<br \/> <br \/>\n<b>Liste d&#8217;emballage :  <\/b><br \/>\n<br \/>  Chandail*1<br \/>\n<br \/> <br \/>\n<b>Image du produit :<\/b><br \/>\n<br \/> <br \/>\n<img decoding=\"async\" src=\"https:\/\/oss-cf.cjdropshipping.com\/product\/2025\/01\/08\/06\/905b992c-255e-4137-8559-62737ca33326.jpg\"><br \/>\n<img decoding=\"async\" src=\"https:\/\/oss-cf.cjdropshipping.com\/product\/2025\/01\/08\/06\/012aecaf-de23-4806-a382-7c09ce379107.jpg\"><br \/>\n<img decoding=\"async\" src=\"https:\/\/oss-cf.cjdropshipping.com\/product\/2025\/01\/08\/06\/27ea97f9-553c-45da-a056-36d1e5e70617.jpg\"><br \/>\n<img decoding=\"async\" src=\"https:\/\/oss-cf.cjdropshipping.com\/product\/2025\/01\/08\/06\/90c17d0c-7669-4518-879e-28fe6f7f7fc7.jpg\"><br \/>\n<img decoding=\"async\" src=\"https:\/\/oss-cf.cjdropshipping.com\/product\/2025\/01\/08\/06\/46bae970-75a3-4c15-9b8c-ec04a143ccaa_trans.jpeg\"><br \/>\n<img decoding=\"async\" src=\"https:\/\/oss-cf.cjdropshipping.com\/product\/2025\/01\/08\/06\/36fd0263-5806-47de-9c9d-a8fccfbc641a_trans.jpeg\"><br \/>\n<img decoding=\"async\" src=\"https:\/\/oss-cf.cjdropshipping.com\/product\/2025\/01\/08\/06\/300b70d7-994a-4f0c-a9e5-e8779fba20fe_trans.jpeg\"><\/p>\n","protected":false},"excerpt":{"rendered":"<p>Informations sur le produit : Couleur : Pull chaud 101 vert, pull chaud 101 orange, pull chaud 101 gris, pull chaud 102 vert, pull chaud 102 kaki, pull chaud 102 noir, pull chaud 102 rouge Taille : M,L,XL,XXL,XXXL,4XL Style : pull-over Nom du tissu : m\u00e9lange de fibres chimiques Sc\u00e9narios d&rsquo;application : Loisirs Composition du [&hellip;]<\/p>\n","protected":false},"featured_media":28600,"comment_status":"open","ping_status":"closed","template":"","meta":{"content-type":""},"product_brand":[],"product_cat":[691],"product_tag":[],"class_list":{"0":"post-30722","1":"product","2":"type-product","3":"status-publish","4":"has-post-thumbnail","6":"product_cat-sweatshirt-fr-2","8":"first","9":"instock","10":"taxable","11":"shipping-taxable","12":"purchasable","13":"product-type-variable","14":"add-to-wishlist-after_add_to_cart"},"yoast_head":"<!-- This site is optimized with the Yoast SEO plugin v27.4 - https:\/\/yoast.com\/product\/yoast-seo-wordpress\/ -->\n<title>Pull-over \u00e9pais d\u00e9contract\u00e9 et d\u00e9contract\u00e9 tendance pour les jeunes - Aigle Shopping Canada<\/title>\n<meta name=\"robots\" content=\"index, follow, max-snippet:-1, max-image-preview:large, max-video-preview:-1\" \/>\n<link rel=\"canonical\" href=\"https:\/\/aigleshopping.ca\/fr\/produit\/pull-over-epais-decontracte-et-decontracte-tendance-pour-les-jeunes\/\" \/>\n<meta property=\"og:locale\" content=\"fr_FR\" \/>\n<meta property=\"og:type\" content=\"article\" \/>\n<meta property=\"og:title\" content=\"Pull-over \u00e9pais d\u00e9contract\u00e9 et d\u00e9contract\u00e9 tendance pour les jeunes - Aigle Shopping Canada\" \/>\n<meta property=\"og:description\" content=\"Informations sur le produit : Couleur : Pull chaud 101 vert, pull chaud 101 orange, pull chaud 101 gris, pull chaud 102 vert, pull chaud 102 kaki, pull chaud 102 noir, pull chaud 102 rouge Taille : M,L,XL,XXL,XXXL,4XL Style : pull-over Nom du tissu : m\u00e9lange de fibres chimiques Sc\u00e9narios d&rsquo;application : Loisirs Composition du [&hellip;]\" \/>\n<meta property=\"og:url\" content=\"https:\/\/aigleshopping.ca\/fr\/produit\/pull-over-epais-decontracte-et-decontracte-tendance-pour-les-jeunes\/\" \/>\n<meta property=\"og:site_name\" content=\"Aigle Shopping Canada\" \/>\n<meta property=\"article:modified_time\" content=\"2025-07-26T17:01:13+00:00\" \/>\n<meta property=\"og:image\" content=\"https:\/\/aigleshopping.ca\/wp-content\/uploads\/2025\/03\/O1CN01a2HHDy1e64MrHzKzh_2209798943821-0-cib.jpg\" \/>\n\t<meta property=\"og:image:width\" content=\"800\" \/>\n\t<meta property=\"og:image:height\" content=\"800\" \/>\n\t<meta property=\"og:image:type\" content=\"image\/jpeg\" \/>\n<meta name=\"twitter:card\" content=\"summary_large_image\" \/>\n<meta name=\"twitter:label1\" content=\"Dur\u00e9e de lecture estim\u00e9e\" \/>\n\t<meta name=\"twitter:data1\" content=\"1 minute\" \/>\n<script type=\"application\/ld+json\" class=\"yoast-schema-graph\">{\"@context\":\"https:\\\/\\\/schema.org\",\"@graph\":[{\"@type\":\"WebPage\",\"@id\":\"https:\\\/\\\/aigleshopping.ca\\\/fr\\\/produit\\\/pull-over-epais-decontracte-et-decontracte-tendance-pour-les-jeunes\\\/\",\"url\":\"https:\\\/\\\/aigleshopping.ca\\\/fr\\\/produit\\\/pull-over-epais-decontracte-et-decontracte-tendance-pour-les-jeunes\\\/\",\"name\":\"Pull-over \u00e9pais d\u00e9contract\u00e9 et d\u00e9contract\u00e9 tendance pour les jeunes - Aigle Shopping Canada\",\"isPartOf\":{\"@id\":\"https:\\\/\\\/aigleshopping.ca\\\/#website\"},\"primaryImageOfPage\":{\"@id\":\"https:\\\/\\\/aigleshopping.ca\\\/fr\\\/produit\\\/pull-over-epais-decontracte-et-decontracte-tendance-pour-les-jeunes\\\/#primaryimage\"},\"image\":{\"@id\":\"https:\\\/\\\/aigleshopping.ca\\\/fr\\\/produit\\\/pull-over-epais-decontracte-et-decontracte-tendance-pour-les-jeunes\\\/#primaryimage\"},\"thumbnailUrl\":\"https:\\\/\\\/aigleshopping.ca\\\/wp-content\\\/uploads\\\/2025\\\/03\\\/O1CN01a2HHDy1e64MrHzKzh_2209798943821-0-cib.jpg\",\"datePublished\":\"2025-03-20T07:11:59+00:00\",\"dateModified\":\"2025-07-26T17:01:13+00:00\",\"breadcrumb\":{\"@id\":\"https:\\\/\\\/aigleshopping.ca\\\/fr\\\/produit\\\/pull-over-epais-decontracte-et-decontracte-tendance-pour-les-jeunes\\\/#breadcrumb\"},\"inLanguage\":\"fr-FR\",\"potentialAction\":[{\"@type\":\"ReadAction\",\"target\":[\"https:\\\/\\\/aigleshopping.ca\\\/fr\\\/produit\\\/pull-over-epais-decontracte-et-decontracte-tendance-pour-les-jeunes\\\/\"]}]},{\"@type\":\"ImageObject\",\"inLanguage\":\"fr-FR\",\"@id\":\"https:\\\/\\\/aigleshopping.ca\\\/fr\\\/produit\\\/pull-over-epais-decontracte-et-decontracte-tendance-pour-les-jeunes\\\/#primaryimage\",\"url\":\"https:\\\/\\\/aigleshopping.ca\\\/wp-content\\\/uploads\\\/2025\\\/03\\\/O1CN01a2HHDy1e64MrHzKzh_2209798943821-0-cib.jpg\",\"contentUrl\":\"https:\\\/\\\/aigleshopping.ca\\\/wp-content\\\/uploads\\\/2025\\\/03\\\/O1CN01a2HHDy1e64MrHzKzh_2209798943821-0-cib.jpg\",\"width\":800,\"height\":800},{\"@type\":\"BreadcrumbList\",\"@id\":\"https:\\\/\\\/aigleshopping.ca\\\/fr\\\/produit\\\/pull-over-epais-decontracte-et-decontracte-tendance-pour-les-jeunes\\\/#breadcrumb\",\"itemListElement\":[{\"@type\":\"ListItem\",\"position\":1,\"name\":\"Home\",\"item\":\"https:\\\/\\\/aigleshopping.ca\\\/fr\\\/home\\\/\"},{\"@type\":\"ListItem\",\"position\":2,\"name\":\"Products\",\"item\":\"https:\\\/\\\/aigleshopping.ca\\\/shop\\\/\"},{\"@type\":\"ListItem\",\"position\":3,\"name\":\"Pull-over \u00e9pais d\u00e9contract\u00e9 et d\u00e9contract\u00e9 tendance pour les jeunes\"}]},{\"@type\":\"WebSite\",\"@id\":\"https:\\\/\\\/aigleshopping.ca\\\/#website\",\"url\":\"https:\\\/\\\/aigleshopping.ca\\\/\",\"name\":\"Aigle Shopping Canada\",\"description\":\"Au-del\u00e0 des fronti\u00e8res, pour vous offrir le\u00a0meilleur!\",\"publisher\":{\"@id\":\"https:\\\/\\\/aigleshopping.ca\\\/#organization\"},\"potentialAction\":[{\"@type\":\"SearchAction\",\"target\":{\"@type\":\"EntryPoint\",\"urlTemplate\":\"https:\\\/\\\/aigleshopping.ca\\\/?s={search_term_string}\"},\"query-input\":{\"@type\":\"PropertyValueSpecification\",\"valueRequired\":true,\"valueName\":\"search_term_string\"}}],\"inLanguage\":\"fr-FR\"},{\"@type\":\"Organization\",\"@id\":\"https:\\\/\\\/aigleshopping.ca\\\/#organization\",\"name\":\"Aigle Shopping Canada\",\"url\":\"https:\\\/\\\/aigleshopping.ca\\\/\",\"logo\":{\"@type\":\"ImageObject\",\"inLanguage\":\"fr-FR\",\"@id\":\"https:\\\/\\\/aigleshopping.ca\\\/#\\\/schema\\\/logo\\\/image\\\/\",\"url\":\"https:\\\/\\\/aigleshopping.ca\\\/wp-content\\\/uploads\\\/2025\\\/12\\\/logo_aigleshopping_ca.png\",\"contentUrl\":\"https:\\\/\\\/aigleshopping.ca\\\/wp-content\\\/uploads\\\/2025\\\/12\\\/logo_aigleshopping_ca.png\",\"width\":800,\"height\":233,\"caption\":\"Aigle Shopping Canada\"},\"image\":{\"@id\":\"https:\\\/\\\/aigleshopping.ca\\\/#\\\/schema\\\/logo\\\/image\\\/\"}}]}<\/script>\n<!-- \/ Yoast SEO plugin. -->","yoast_head_json":{"title":"Pull-over \u00e9pais d\u00e9contract\u00e9 et d\u00e9contract\u00e9 tendance pour les jeunes - Aigle Shopping Canada","robots":{"index":"index","follow":"follow","max-snippet":"max-snippet:-1","max-image-preview":"max-image-preview:large","max-video-preview":"max-video-preview:-1"},"canonical":"https:\/\/aigleshopping.ca\/fr\/produit\/pull-over-epais-decontracte-et-decontracte-tendance-pour-les-jeunes\/","og_locale":"fr_FR","og_type":"article","og_title":"Pull-over \u00e9pais d\u00e9contract\u00e9 et d\u00e9contract\u00e9 tendance pour les jeunes - Aigle Shopping Canada","og_description":"Informations sur le produit : Couleur : Pull chaud 101 vert, pull chaud 101 orange, pull chaud 101 gris, pull chaud 102 vert, pull chaud 102 kaki, pull chaud 102 noir, pull chaud 102 rouge Taille : M,L,XL,XXL,XXXL,4XL Style : pull-over Nom du tissu : m\u00e9lange de fibres chimiques Sc\u00e9narios d&rsquo;application : Loisirs Composition du [&hellip;]","og_url":"https:\/\/aigleshopping.ca\/fr\/produit\/pull-over-epais-decontracte-et-decontracte-tendance-pour-les-jeunes\/","og_site_name":"Aigle Shopping Canada","article_modified_time":"2025-07-26T17:01:13+00:00","og_image":[{"width":800,"height":800,"url":"https:\/\/aigleshopping.ca\/wp-content\/uploads\/2025\/03\/O1CN01a2HHDy1e64MrHzKzh_2209798943821-0-cib.jpg","type":"image\/jpeg"}],"twitter_card":"summary_large_image","twitter_misc":{"Dur\u00e9e de lecture estim\u00e9e":"1 minute"},"schema":{"@context":"https:\/\/schema.org","@graph":[{"@type":"WebPage","@id":"https:\/\/aigleshopping.ca\/fr\/produit\/pull-over-epais-decontracte-et-decontracte-tendance-pour-les-jeunes\/","url":"https:\/\/aigleshopping.ca\/fr\/produit\/pull-over-epais-decontracte-et-decontracte-tendance-pour-les-jeunes\/","name":"Pull-over \u00e9pais d\u00e9contract\u00e9 et d\u00e9contract\u00e9 tendance pour les jeunes - Aigle Shopping Canada","isPartOf":{"@id":"https:\/\/aigleshopping.ca\/#website"},"primaryImageOfPage":{"@id":"https:\/\/aigleshopping.ca\/fr\/produit\/pull-over-epais-decontracte-et-decontracte-tendance-pour-les-jeunes\/#primaryimage"},"image":{"@id":"https:\/\/aigleshopping.ca\/fr\/produit\/pull-over-epais-decontracte-et-decontracte-tendance-pour-les-jeunes\/#primaryimage"},"thumbnailUrl":"https:\/\/aigleshopping.ca\/wp-content\/uploads\/2025\/03\/O1CN01a2HHDy1e64MrHzKzh_2209798943821-0-cib.jpg","datePublished":"2025-03-20T07:11:59+00:00","dateModified":"2025-07-26T17:01:13+00:00","breadcrumb":{"@id":"https:\/\/aigleshopping.ca\/fr\/produit\/pull-over-epais-decontracte-et-decontracte-tendance-pour-les-jeunes\/#breadcrumb"},"inLanguage":"fr-FR","potentialAction":[{"@type":"ReadAction","target":["https:\/\/aigleshopping.ca\/fr\/produit\/pull-over-epais-decontracte-et-decontracte-tendance-pour-les-jeunes\/"]}]},{"@type":"ImageObject","inLanguage":"fr-FR","@id":"https:\/\/aigleshopping.ca\/fr\/produit\/pull-over-epais-decontracte-et-decontracte-tendance-pour-les-jeunes\/#primaryimage","url":"https:\/\/aigleshopping.ca\/wp-content\/uploads\/2025\/03\/O1CN01a2HHDy1e64MrHzKzh_2209798943821-0-cib.jpg","contentUrl":"https:\/\/aigleshopping.ca\/wp-content\/uploads\/2025\/03\/O1CN01a2HHDy1e64MrHzKzh_2209798943821-0-cib.jpg","width":800,"height":800},{"@type":"BreadcrumbList","@id":"https:\/\/aigleshopping.ca\/fr\/produit\/pull-over-epais-decontracte-et-decontracte-tendance-pour-les-jeunes\/#breadcrumb","itemListElement":[{"@type":"ListItem","position":1,"name":"Home","item":"https:\/\/aigleshopping.ca\/fr\/home\/"},{"@type":"ListItem","position":2,"name":"Products","item":"https:\/\/aigleshopping.ca\/shop\/"},{"@type":"ListItem","position":3,"name":"Pull-over \u00e9pais d\u00e9contract\u00e9 et d\u00e9contract\u00e9 tendance pour les jeunes"}]},{"@type":"WebSite","@id":"https:\/\/aigleshopping.ca\/#website","url":"https:\/\/aigleshopping.ca\/","name":"Aigle Shopping Canada","description":"Au-del\u00e0 des fronti\u00e8res, pour vous offrir le\u00a0meilleur!","publisher":{"@id":"https:\/\/aigleshopping.ca\/#organization"},"potentialAction":[{"@type":"SearchAction","target":{"@type":"EntryPoint","urlTemplate":"https:\/\/aigleshopping.ca\/?s={search_term_string}"},"query-input":{"@type":"PropertyValueSpecification","valueRequired":true,"valueName":"search_term_string"}}],"inLanguage":"fr-FR"},{"@type":"Organization","@id":"https:\/\/aigleshopping.ca\/#organization","name":"Aigle Shopping Canada","url":"https:\/\/aigleshopping.ca\/","logo":{"@type":"ImageObject","inLanguage":"fr-FR","@id":"https:\/\/aigleshopping.ca\/#\/schema\/logo\/image\/","url":"https:\/\/aigleshopping.ca\/wp-content\/uploads\/2025\/12\/logo_aigleshopping_ca.png","contentUrl":"https:\/\/aigleshopping.ca\/wp-content\/uploads\/2025\/12\/logo_aigleshopping_ca.png","width":800,"height":233,"caption":"Aigle Shopping Canada"},"image":{"@id":"https:\/\/aigleshopping.ca\/#\/schema\/logo\/image\/"}}]}},"jetpack_sharing_enabled":true,"_links":{"self":[{"href":"https:\/\/aigleshopping.ca\/fr\/wp-json\/wp\/v2\/product\/30722","targetHints":{"allow":["GET"]}}],"collection":[{"href":"https:\/\/aigleshopping.ca\/fr\/wp-json\/wp\/v2\/product"}],"about":[{"href":"https:\/\/aigleshopping.ca\/fr\/wp-json\/wp\/v2\/types\/product"}],"replies":[{"embeddable":true,"href":"https:\/\/aigleshopping.ca\/fr\/wp-json\/wp\/v2\/comments?post=30722"}],"wp:featuredmedia":[{"embeddable":true,"href":"https:\/\/aigleshopping.ca\/fr\/wp-json\/wp\/v2\/media\/28600"}],"wp:attachment":[{"href":"https:\/\/aigleshopping.ca\/fr\/wp-json\/wp\/v2\/media?parent=30722"}],"wp:term":[{"taxonomy":"product_brand","embeddable":true,"href":"https:\/\/aigleshopping.ca\/fr\/wp-json\/wp\/v2\/product_brand?post=30722"},{"taxonomy":"product_cat","embeddable":true,"href":"https:\/\/aigleshopping.ca\/fr\/wp-json\/wp\/v2\/product_cat?post=30722"},{"taxonomy":"product_tag","embeddable":true,"href":"https:\/\/aigleshopping.ca\/fr\/wp-json\/wp\/v2\/product_tag?post=30722"}],"curies":[{"name":"wp","href":"https:\/\/api.w.org\/{rel}","templated":true}]}}