{"id":30787,"date":"2025-03-20T07:17:30","date_gmt":"2025-03-20T07:17:30","guid":{"rendered":"https:\/\/aigleshopping.ca\/produit\/velvet-hoodie-cotton-knitwear-teenagers-high-collar-warm-sweater\/"},"modified":"2025-07-26T17:01:19","modified_gmt":"2025-07-26T17:01:19","slug":"velvet-hoodie-cotton-knitwear-teenagers-high-collar-warm-sweater","status":"publish","type":"product","link":"https:\/\/aigleshopping.ca\/fr\/produit\/velvet-hoodie-cotton-knitwear-teenagers-high-collar-warm-sweater\/","title":{"rendered":"Velvet Hoodie Cotton Knitwear Teenagers High Collar Warm Sweater"},"content":{"rendered":"<p> <b>Informations sur le produit :<\/b> <br \/> Couleur : blanc, noir, rouge, gris, vert <br \/> Taille : M,L,XL,XXL,3XL <br \/> Style : pull-over <br \/> Nom du tissu : acrylique <br \/> Sc\u00e9narios applicables : Loisirs <br \/> Style : College <br \/> Proc\u00e9d\u00e9 : sans repassage  <\/p>\n<p><b>Note :<\/b> 1. les tailles asiatiques sont 1 \u00e0 2 tailles plus petites que les tailles europ\u00e9ennes et am\u00e9ricaines. Choisissez la taille la plus grande si votre taille se situe entre deux tailles. Veuillez tenir compte d&rsquo;une diff\u00e9rence de 2 \u00e0 3 cm due aux mesures manuelles. 2. Si vous ne savez pas comment choisir votre taille, veuillez contacter notre service client\u00e8le. 3) Comme vous le savez, les ordinateurs affichent les couleurs diff\u00e9remment, la couleur de l&rsquo;article r\u00e9el peut varier l\u00e9g\u00e8rement par rapport aux images suivantes.<br \/>\n<br \/> <br \/>\n<b>Liste d&#8217;emballage :  <\/b><br \/>\n<br \/>  Pull*1pcs<br \/>\n<br \/> <br \/>\n<b>Image du produit :<\/b><br \/>\n<br \/> <br \/>\n<img decoding=\"async\" src=\"https:\/\/oss-cf.cjdropshipping.com\/product\/2025\/01\/15\/06\/190ad11b-516c-4375-a46a-adfcb18d0e53_trans.jpeg\" data-key=\"1\"><br \/>\n<img decoding=\"async\" src=\"https:\/\/oss-cf.cjdropshipping.com\/product\/2025\/01\/15\/08\/91c2ecdf-e035-4525-aa69-11c5fbb9df21.jpg\" data-src=\"https:\/\/cbu01.alicdn.com\/img\/ibank\/O1CN01YQxRLR2FskElb5lAY_!!2398878936-0-cib.jpg\" data-key=\"2\" data-uploadossfail=\"false\"><br \/>\n<img decoding=\"async\" src=\"https:\/\/oss-cf.cjdropshipping.com\/product\/2025\/01\/15\/08\/6be0d595-6104-4483-8c7c-54907124a442.jpg\" data-src=\"https:\/\/cbu01.alicdn.com\/img\/ibank\/O1CN012CFHhk2FskEm79HAJ_!!2398878936-0-cib.jpg\" data-key=\"3\" data-uploadossfail=\"false\"><br \/>\n<img decoding=\"async\" src=\"https:\/\/oss-cf.cjdropshipping.com\/product\/2025\/01\/15\/08\/33471a30-7962-44ff-b265-4ed687e2ff09.jpg\" data-src=\"https:\/\/cbu01.alicdn.com\/img\/ibank\/O1CN01jEc8Ag2FskEg3JDRE_!!2398878936-0-cib.jpg\" data-key=\"4\" data-uploadossfail=\"false\"><br \/>\n<img decoding=\"async\" src=\"https:\/\/oss-cf.cjdropshipping.com\/product\/2025\/01\/15\/08\/b6eb591a-67b0-4b78-b8fa-d2eebcfecb96.jpg\" data-src=\"https:\/\/cbu01.alicdn.com\/img\/ibank\/O1CN01KT93iM2FskEizCnCe_!!2398878936-0-cib.jpg\" data-key=\"5\" data-uploadossfail=\"false\"><br \/>\n<img decoding=\"async\" src=\"https:\/\/oss-cf.cjdropshipping.com\/product\/2025\/01\/15\/08\/34f83d3f-945d-4ee4-ab0a-75898dd32da1.jpg\" data-src=\"https:\/\/cbu01.alicdn.com\/img\/ibank\/O1CN01oAwFYK2FskElb3LTe_!!2398878936-0-cib.jpg\" data-key=\"6\" data-uploadossfail=\"false\"><\/p>\n","protected":false},"excerpt":{"rendered":"<p>Informations sur le produit : Couleur : blanc, noir, rouge, gris, vert Taille : M,L,XL,XXL,3XL Style : pull-over Nom du tissu : acrylique Sc\u00e9narios applicables : Loisirs Style : College Proc\u00e9d\u00e9 : sans repassage Note : 1. les tailles asiatiques sont 1 \u00e0 2 tailles plus petites que les tailles europ\u00e9ennes et am\u00e9ricaines. Choisissez la [&hellip;]<\/p>\n","protected":false},"featured_media":28888,"comment_status":"open","ping_status":"closed","template":"","meta":{"content-type":""},"product_brand":[],"product_cat":[691],"product_tag":[],"class_list":{"0":"post-30787","1":"product","2":"type-product","3":"status-publish","4":"has-post-thumbnail","6":"product_cat-sweatshirt-fr-2","8":"first","9":"instock","10":"taxable","11":"shipping-taxable","12":"purchasable","13":"product-type-variable","14":"add-to-wishlist-after_add_to_cart"},"yoast_head":"<!-- This site is optimized with the Yoast SEO plugin v27.5 - https:\/\/yoast.com\/product\/yoast-seo-wordpress\/ -->\n<title>Velvet Hoodie Cotton Knitwear Teenagers High Collar Warm Sweater - Aigle Shopping Canada<\/title>\n<meta name=\"robots\" content=\"index, follow, max-snippet:-1, max-image-preview:large, max-video-preview:-1\" \/>\n<link rel=\"canonical\" href=\"https:\/\/aigleshopping.ca\/fr\/produit\/velvet-hoodie-cotton-knitwear-teenagers-high-collar-warm-sweater\/\" \/>\n<meta property=\"og:locale\" content=\"fr_FR\" \/>\n<meta property=\"og:type\" content=\"article\" \/>\n<meta property=\"og:title\" content=\"Velvet Hoodie Cotton Knitwear Teenagers High Collar Warm Sweater - Aigle Shopping Canada\" \/>\n<meta property=\"og:description\" content=\"Informations sur le produit : Couleur : blanc, noir, rouge, gris, vert Taille : M,L,XL,XXL,3XL Style : pull-over Nom du tissu : acrylique Sc\u00e9narios applicables : Loisirs Style : College Proc\u00e9d\u00e9 : sans repassage Note : 1. les tailles asiatiques sont 1 \u00e0 2 tailles plus petites que les tailles europ\u00e9ennes et am\u00e9ricaines. Choisissez la [&hellip;]\" \/>\n<meta property=\"og:url\" content=\"https:\/\/aigleshopping.ca\/fr\/produit\/velvet-hoodie-cotton-knitwear-teenagers-high-collar-warm-sweater\/\" \/>\n<meta property=\"og:site_name\" content=\"Aigle Shopping Canada\" \/>\n<meta property=\"article:modified_time\" content=\"2025-07-26T17:01:19+00:00\" \/>\n<meta property=\"og:image\" content=\"https:\/\/aigleshopping.ca\/wp-content\/uploads\/2025\/03\/O1CN01Q4jzel2FskEiRR0pU_2398878936-0-cib.jpg\" \/>\n\t<meta property=\"og:image:width\" content=\"800\" \/>\n\t<meta property=\"og:image:height\" content=\"800\" \/>\n\t<meta property=\"og:image:type\" content=\"image\/jpeg\" \/>\n<meta name=\"twitter:card\" content=\"summary_large_image\" \/>\n<meta name=\"twitter:label1\" content=\"Dur\u00e9e de lecture estim\u00e9e\" \/>\n\t<meta name=\"twitter:data1\" content=\"1 minute\" \/>\n<script type=\"application\/ld+json\" class=\"yoast-schema-graph\">{\"@context\":\"https:\\\/\\\/schema.org\",\"@graph\":[{\"@type\":\"WebPage\",\"@id\":\"https:\\\/\\\/aigleshopping.ca\\\/fr\\\/produit\\\/velvet-hoodie-cotton-knitwear-teenagers-high-collar-warm-sweater\\\/\",\"url\":\"https:\\\/\\\/aigleshopping.ca\\\/fr\\\/produit\\\/velvet-hoodie-cotton-knitwear-teenagers-high-collar-warm-sweater\\\/\",\"name\":\"Velvet Hoodie Cotton Knitwear Teenagers High Collar Warm Sweater - Aigle Shopping Canada\",\"isPartOf\":{\"@id\":\"https:\\\/\\\/aigleshopping.ca\\\/#website\"},\"primaryImageOfPage\":{\"@id\":\"https:\\\/\\\/aigleshopping.ca\\\/fr\\\/produit\\\/velvet-hoodie-cotton-knitwear-teenagers-high-collar-warm-sweater\\\/#primaryimage\"},\"image\":{\"@id\":\"https:\\\/\\\/aigleshopping.ca\\\/fr\\\/produit\\\/velvet-hoodie-cotton-knitwear-teenagers-high-collar-warm-sweater\\\/#primaryimage\"},\"thumbnailUrl\":\"https:\\\/\\\/aigleshopping.ca\\\/wp-content\\\/uploads\\\/2025\\\/03\\\/O1CN01Q4jzel2FskEiRR0pU_2398878936-0-cib.jpg\",\"datePublished\":\"2025-03-20T07:17:30+00:00\",\"dateModified\":\"2025-07-26T17:01:19+00:00\",\"breadcrumb\":{\"@id\":\"https:\\\/\\\/aigleshopping.ca\\\/fr\\\/produit\\\/velvet-hoodie-cotton-knitwear-teenagers-high-collar-warm-sweater\\\/#breadcrumb\"},\"inLanguage\":\"fr-FR\",\"potentialAction\":[{\"@type\":\"ReadAction\",\"target\":[\"https:\\\/\\\/aigleshopping.ca\\\/fr\\\/produit\\\/velvet-hoodie-cotton-knitwear-teenagers-high-collar-warm-sweater\\\/\"]}]},{\"@type\":\"ImageObject\",\"inLanguage\":\"fr-FR\",\"@id\":\"https:\\\/\\\/aigleshopping.ca\\\/fr\\\/produit\\\/velvet-hoodie-cotton-knitwear-teenagers-high-collar-warm-sweater\\\/#primaryimage\",\"url\":\"https:\\\/\\\/aigleshopping.ca\\\/wp-content\\\/uploads\\\/2025\\\/03\\\/O1CN01Q4jzel2FskEiRR0pU_2398878936-0-cib.jpg\",\"contentUrl\":\"https:\\\/\\\/aigleshopping.ca\\\/wp-content\\\/uploads\\\/2025\\\/03\\\/O1CN01Q4jzel2FskEiRR0pU_2398878936-0-cib.jpg\",\"width\":800,\"height\":800},{\"@type\":\"BreadcrumbList\",\"@id\":\"https:\\\/\\\/aigleshopping.ca\\\/fr\\\/produit\\\/velvet-hoodie-cotton-knitwear-teenagers-high-collar-warm-sweater\\\/#breadcrumb\",\"itemListElement\":[{\"@type\":\"ListItem\",\"position\":1,\"name\":\"Home\",\"item\":\"https:\\\/\\\/aigleshopping.ca\\\/fr\\\/home\\\/\"},{\"@type\":\"ListItem\",\"position\":2,\"name\":\"Products\",\"item\":\"https:\\\/\\\/aigleshopping.ca\\\/shop\\\/\"},{\"@type\":\"ListItem\",\"position\":3,\"name\":\"Velvet Hoodie Cotton Knitwear Teenagers High Collar Warm Sweater\"}]},{\"@type\":\"WebSite\",\"@id\":\"https:\\\/\\\/aigleshopping.ca\\\/#website\",\"url\":\"https:\\\/\\\/aigleshopping.ca\\\/\",\"name\":\"Aigle Shopping Canada\",\"description\":\"Au-del\u00e0 des fronti\u00e8res, pour vous offrir le\u00a0meilleur!\",\"publisher\":{\"@id\":\"https:\\\/\\\/aigleshopping.ca\\\/#organization\"},\"potentialAction\":[{\"@type\":\"SearchAction\",\"target\":{\"@type\":\"EntryPoint\",\"urlTemplate\":\"https:\\\/\\\/aigleshopping.ca\\\/?s={search_term_string}\"},\"query-input\":{\"@type\":\"PropertyValueSpecification\",\"valueRequired\":true,\"valueName\":\"search_term_string\"}}],\"inLanguage\":\"fr-FR\"},{\"@type\":\"Organization\",\"@id\":\"https:\\\/\\\/aigleshopping.ca\\\/#organization\",\"name\":\"Aigle Shopping Canada\",\"url\":\"https:\\\/\\\/aigleshopping.ca\\\/\",\"logo\":{\"@type\":\"ImageObject\",\"inLanguage\":\"fr-FR\",\"@id\":\"https:\\\/\\\/aigleshopping.ca\\\/#\\\/schema\\\/logo\\\/image\\\/\",\"url\":\"https:\\\/\\\/aigleshopping.ca\\\/wp-content\\\/uploads\\\/2025\\\/12\\\/logo_aigleshopping_ca.png\",\"contentUrl\":\"https:\\\/\\\/aigleshopping.ca\\\/wp-content\\\/uploads\\\/2025\\\/12\\\/logo_aigleshopping_ca.png\",\"width\":800,\"height\":233,\"caption\":\"Aigle Shopping Canada\"},\"image\":{\"@id\":\"https:\\\/\\\/aigleshopping.ca\\\/#\\\/schema\\\/logo\\\/image\\\/\"}}]}<\/script>\n<!-- \/ Yoast SEO plugin. -->","yoast_head_json":{"title":"Velvet Hoodie Cotton Knitwear Teenagers High Collar Warm Sweater - Aigle Shopping Canada","robots":{"index":"index","follow":"follow","max-snippet":"max-snippet:-1","max-image-preview":"max-image-preview:large","max-video-preview":"max-video-preview:-1"},"canonical":"https:\/\/aigleshopping.ca\/fr\/produit\/velvet-hoodie-cotton-knitwear-teenagers-high-collar-warm-sweater\/","og_locale":"fr_FR","og_type":"article","og_title":"Velvet Hoodie Cotton Knitwear Teenagers High Collar Warm Sweater - Aigle Shopping Canada","og_description":"Informations sur le produit : Couleur : blanc, noir, rouge, gris, vert Taille : M,L,XL,XXL,3XL Style : pull-over Nom du tissu : acrylique Sc\u00e9narios applicables : Loisirs Style : College Proc\u00e9d\u00e9 : sans repassage Note : 1. les tailles asiatiques sont 1 \u00e0 2 tailles plus petites que les tailles europ\u00e9ennes et am\u00e9ricaines. Choisissez la [&hellip;]","og_url":"https:\/\/aigleshopping.ca\/fr\/produit\/velvet-hoodie-cotton-knitwear-teenagers-high-collar-warm-sweater\/","og_site_name":"Aigle Shopping Canada","article_modified_time":"2025-07-26T17:01:19+00:00","og_image":[{"width":800,"height":800,"url":"https:\/\/aigleshopping.ca\/wp-content\/uploads\/2025\/03\/O1CN01Q4jzel2FskEiRR0pU_2398878936-0-cib.jpg","type":"image\/jpeg"}],"twitter_card":"summary_large_image","twitter_misc":{"Dur\u00e9e de lecture estim\u00e9e":"1 minute"},"schema":{"@context":"https:\/\/schema.org","@graph":[{"@type":"WebPage","@id":"https:\/\/aigleshopping.ca\/fr\/produit\/velvet-hoodie-cotton-knitwear-teenagers-high-collar-warm-sweater\/","url":"https:\/\/aigleshopping.ca\/fr\/produit\/velvet-hoodie-cotton-knitwear-teenagers-high-collar-warm-sweater\/","name":"Velvet Hoodie Cotton Knitwear Teenagers High Collar Warm Sweater - Aigle Shopping Canada","isPartOf":{"@id":"https:\/\/aigleshopping.ca\/#website"},"primaryImageOfPage":{"@id":"https:\/\/aigleshopping.ca\/fr\/produit\/velvet-hoodie-cotton-knitwear-teenagers-high-collar-warm-sweater\/#primaryimage"},"image":{"@id":"https:\/\/aigleshopping.ca\/fr\/produit\/velvet-hoodie-cotton-knitwear-teenagers-high-collar-warm-sweater\/#primaryimage"},"thumbnailUrl":"https:\/\/aigleshopping.ca\/wp-content\/uploads\/2025\/03\/O1CN01Q4jzel2FskEiRR0pU_2398878936-0-cib.jpg","datePublished":"2025-03-20T07:17:30+00:00","dateModified":"2025-07-26T17:01:19+00:00","breadcrumb":{"@id":"https:\/\/aigleshopping.ca\/fr\/produit\/velvet-hoodie-cotton-knitwear-teenagers-high-collar-warm-sweater\/#breadcrumb"},"inLanguage":"fr-FR","potentialAction":[{"@type":"ReadAction","target":["https:\/\/aigleshopping.ca\/fr\/produit\/velvet-hoodie-cotton-knitwear-teenagers-high-collar-warm-sweater\/"]}]},{"@type":"ImageObject","inLanguage":"fr-FR","@id":"https:\/\/aigleshopping.ca\/fr\/produit\/velvet-hoodie-cotton-knitwear-teenagers-high-collar-warm-sweater\/#primaryimage","url":"https:\/\/aigleshopping.ca\/wp-content\/uploads\/2025\/03\/O1CN01Q4jzel2FskEiRR0pU_2398878936-0-cib.jpg","contentUrl":"https:\/\/aigleshopping.ca\/wp-content\/uploads\/2025\/03\/O1CN01Q4jzel2FskEiRR0pU_2398878936-0-cib.jpg","width":800,"height":800},{"@type":"BreadcrumbList","@id":"https:\/\/aigleshopping.ca\/fr\/produit\/velvet-hoodie-cotton-knitwear-teenagers-high-collar-warm-sweater\/#breadcrumb","itemListElement":[{"@type":"ListItem","position":1,"name":"Home","item":"https:\/\/aigleshopping.ca\/fr\/home\/"},{"@type":"ListItem","position":2,"name":"Products","item":"https:\/\/aigleshopping.ca\/shop\/"},{"@type":"ListItem","position":3,"name":"Velvet Hoodie Cotton Knitwear Teenagers High Collar Warm Sweater"}]},{"@type":"WebSite","@id":"https:\/\/aigleshopping.ca\/#website","url":"https:\/\/aigleshopping.ca\/","name":"Aigle Shopping Canada","description":"Au-del\u00e0 des fronti\u00e8res, pour vous offrir le\u00a0meilleur!","publisher":{"@id":"https:\/\/aigleshopping.ca\/#organization"},"potentialAction":[{"@type":"SearchAction","target":{"@type":"EntryPoint","urlTemplate":"https:\/\/aigleshopping.ca\/?s={search_term_string}"},"query-input":{"@type":"PropertyValueSpecification","valueRequired":true,"valueName":"search_term_string"}}],"inLanguage":"fr-FR"},{"@type":"Organization","@id":"https:\/\/aigleshopping.ca\/#organization","name":"Aigle Shopping Canada","url":"https:\/\/aigleshopping.ca\/","logo":{"@type":"ImageObject","inLanguage":"fr-FR","@id":"https:\/\/aigleshopping.ca\/#\/schema\/logo\/image\/","url":"https:\/\/aigleshopping.ca\/wp-content\/uploads\/2025\/12\/logo_aigleshopping_ca.png","contentUrl":"https:\/\/aigleshopping.ca\/wp-content\/uploads\/2025\/12\/logo_aigleshopping_ca.png","width":800,"height":233,"caption":"Aigle Shopping Canada"},"image":{"@id":"https:\/\/aigleshopping.ca\/#\/schema\/logo\/image\/"}}]}},"jetpack_sharing_enabled":true,"_links":{"self":[{"href":"https:\/\/aigleshopping.ca\/fr\/wp-json\/wp\/v2\/product\/30787","targetHints":{"allow":["GET"]}}],"collection":[{"href":"https:\/\/aigleshopping.ca\/fr\/wp-json\/wp\/v2\/product"}],"about":[{"href":"https:\/\/aigleshopping.ca\/fr\/wp-json\/wp\/v2\/types\/product"}],"replies":[{"embeddable":true,"href":"https:\/\/aigleshopping.ca\/fr\/wp-json\/wp\/v2\/comments?post=30787"}],"wp:featuredmedia":[{"embeddable":true,"href":"https:\/\/aigleshopping.ca\/fr\/wp-json\/wp\/v2\/media\/28888"}],"wp:attachment":[{"href":"https:\/\/aigleshopping.ca\/fr\/wp-json\/wp\/v2\/media?parent=30787"}],"wp:term":[{"taxonomy":"product_brand","embeddable":true,"href":"https:\/\/aigleshopping.ca\/fr\/wp-json\/wp\/v2\/product_brand?post=30787"},{"taxonomy":"product_cat","embeddable":true,"href":"https:\/\/aigleshopping.ca\/fr\/wp-json\/wp\/v2\/product_cat?post=30787"},{"taxonomy":"product_tag","embeddable":true,"href":"https:\/\/aigleshopping.ca\/fr\/wp-json\/wp\/v2\/product_tag?post=30787"}],"curies":[{"name":"wp","href":"https:\/\/api.w.org\/{rel}","templated":true}]}}