{"id":30854,"date":"2025-03-20T06:55:00","date_gmt":"2025-03-20T06:55:00","guid":{"rendered":"https:\/\/aigleshopping.ca\/produit\/simple-new-versatile-couple-turtleneck-sweater-retro-autumn-and-winter-new\/"},"modified":"2025-03-20T06:55:00","modified_gmt":"2025-03-20T06:55:00","slug":"simple-new-versatile-couple-turtleneck-sweater-retro-autumn-and-winter-new","status":"publish","type":"product","link":"https:\/\/aigleshopping.ca\/fr\/produit\/simple-new-versatile-couple-turtleneck-sweater-retro-autumn-and-winter-new\/","title":{"rendered":"Simple New Versatile Couple Turtleneck Sweater Retro Autumn And Winter New"},"content":{"rendered":"<p> <b>Informations sur le produit :<\/b> <br \/> \u00c9paisseur : moyenne <br \/> Nom du tissu : fibre chimique <br \/> Couleur : blanc, orange, camel, noir, rouge, curcuma, bleu, vert fonc\u00e9, gris, rouge past\u00e8que, abricot, vert fluorescent <br \/> Type de manches : Manches princesse <br \/> Composition du tissu principal : Spandex <br \/> Taille : M,L,XL,2XL,3XL <br \/> Style de port : pull-over <br \/> Type de style : v\u00eatements priv\u00e9s socialite <br \/> Forme de combinaison : Pi\u00e8ce unique <br \/> Longueur des manches : manches longues <br \/> \u00c9l\u00e9ments populaires : couleur unie <br \/> Style : femmes adultes comme le style des femmes <br \/> Proc\u00e9d\u00e9 : sans repassage  <\/p>\n<p><b>Note :<\/b> <\/p>\n<p>  1. Les tailles asiatiques sont 1 \u00e0 2 tailles plus petites que les tailles europ\u00e9ennes et am\u00e9ricaines. Choisissez la taille la plus grande si votre taille se situe entre deux tailles. Veuillez tenir compte d&rsquo;une diff\u00e9rence de 2 \u00e0 3 cm due aux mesures manuelles. 2. Si vous ne savez pas comment choisir votre taille, veuillez contacter notre service client\u00e8le. 3) Comme vous le savez, les ordinateurs affichent les couleurs diff\u00e9remment, la couleur de l&rsquo;article r\u00e9el peut varier l\u00e9g\u00e8rement par rapport aux images suivantes.      <\/p>\n<p> <br \/>\n<b>Liste d&#8217;emballage :  <\/b><br \/>\n<br \/>  Chandail*1<br \/>\n <\/p>\n<p><b>Image du produit :<\/b><br \/>\n<br \/> <br \/>\n<img decoding=\"async\" src=\"https:\/\/oss-cf.cjdropshipping.com\/product\/2024\/12\/24\/08\/8762efa5-0010-439d-907e-dadd7bd34c0e.jpg\"><br \/>\n<img decoding=\"async\" src=\"https:\/\/oss-cf.cjdropshipping.com\/product\/2024\/12\/24\/08\/b74cca43-0c30-4ba2-86c9-d757c8954ac7.jpg\"><br \/>\n<img decoding=\"async\" src=\"https:\/\/oss-cf.cjdropshipping.com\/product\/2024\/12\/24\/08\/5ed59141-d942-4497-8a29-fafade18f191.jpg\"><br \/>\n<img decoding=\"async\" src=\"https:\/\/oss-cf.cjdropshipping.com\/product\/2024\/12\/24\/08\/d343cb39-cd40-457c-88cc-f1bacef6d79d.jpg\"><br \/>\n<img decoding=\"async\" src=\"https:\/\/oss-cf.cjdropshipping.com\/product\/2024\/12\/24\/08\/ab958e3d-2e9f-4a0d-8752-3210b2e7776f.jpg\"><br \/>\n<img decoding=\"async\" src=\"https:\/\/oss-cf.cjdropshipping.com\/product\/2024\/12\/24\/08\/27c54a59-9166-4ebf-b69a-cf3c103698b1.jpg\"><br \/>\n<img decoding=\"async\" src=\"https:\/\/cf.cjdropshipping.com\/quick\/product\/6018b92e-c634-4eeb-a41e-21548e1f9644.jpg\"><br \/>\n<img decoding=\"async\" src=\"https:\/\/cf.cjdropshipping.com\/quick\/product\/21082d78-dc52-436d-b85e-807e3bd80961.jpg\"><br \/>\n<img decoding=\"async\" src=\"https:\/\/cf.cjdropshipping.com\/quick\/product\/fe645f19-5dcf-4ffd-987a-068ed1b05c19.jpg\"><br \/>\n<img decoding=\"async\" src=\"https:\/\/cf.cjdropshipping.com\/quick\/product\/cf5aa9a8-d979-4b5f-aa0e-f991e15056ff.jpg\"><br \/>\n<img decoding=\"async\" src=\"https:\/\/cf.cjdropshipping.com\/quick\/product\/af3994e3-b5af-46f2-ae2f-65fd7ec2d927.jpg\"><br \/>\n<img decoding=\"async\" src=\"https:\/\/cf.cjdropshipping.com\/quick\/product\/980bdeb0-eee5-446a-9e96-744fbcede2a4.jpg\"><br \/>\n<img decoding=\"async\" src=\"https:\/\/cf.cjdropshipping.com\/quick\/product\/bdc1eb4a-ce07-43bc-bcd7-5995bfdd6107.jpg\"><\/p>\n","protected":false},"excerpt":{"rendered":"<p>Informations sur le produit : \u00c9paisseur : moyenne Nom du tissu : fibre chimique Couleur : blanc, orange, camel, noir, rouge, curcuma, bleu, vert fonc\u00e9, gris, rouge past\u00e8que, abricot, vert fluorescent Type de manches : Manches princesse Composition du tissu principal : Spandex Taille : M,L,XL,2XL,3XL Style de port : pull-over Type de style : [&hellip;]<\/p>\n","protected":false},"featured_media":27668,"comment_status":"open","ping_status":"closed","template":"","meta":{"content-type":""},"product_brand":[],"product_cat":[691],"product_tag":[],"class_list":{"0":"post-30854","1":"product","2":"type-product","3":"status-publish","4":"has-post-thumbnail","6":"product_cat-sweatshirt-fr-2","8":"first","9":"instock","10":"taxable","11":"shipping-taxable","12":"purchasable","13":"product-type-variable","14":"add-to-wishlist-after_add_to_cart"},"yoast_head":"<!-- This site is optimized with the Yoast SEO plugin v27.4 - https:\/\/yoast.com\/product\/yoast-seo-wordpress\/ -->\n<title>Simple New Versatile Couple Turtleneck Sweater Retro Autumn And Winter New - Aigle Shopping Canada<\/title>\n<meta name=\"robots\" content=\"index, follow, max-snippet:-1, max-image-preview:large, max-video-preview:-1\" \/>\n<link rel=\"canonical\" href=\"https:\/\/aigleshopping.ca\/fr\/produit\/simple-new-versatile-couple-turtleneck-sweater-retro-autumn-and-winter-new\/\" \/>\n<meta property=\"og:locale\" content=\"fr_FR\" \/>\n<meta property=\"og:type\" content=\"article\" \/>\n<meta property=\"og:title\" content=\"Simple New Versatile Couple Turtleneck Sweater Retro Autumn And Winter New - Aigle Shopping Canada\" \/>\n<meta property=\"og:description\" content=\"Informations sur le produit : \u00c9paisseur : moyenne Nom du tissu : fibre chimique Couleur : blanc, orange, camel, noir, rouge, curcuma, bleu, vert fonc\u00e9, gris, rouge past\u00e8que, abricot, vert fluorescent Type de manches : Manches princesse Composition du tissu principal : Spandex Taille : M,L,XL,2XL,3XL Style de port : pull-over Type de style : [&hellip;]\" \/>\n<meta property=\"og:url\" content=\"https:\/\/aigleshopping.ca\/fr\/produit\/simple-new-versatile-couple-turtleneck-sweater-retro-autumn-and-winter-new\/\" \/>\n<meta property=\"og:site_name\" content=\"Aigle Shopping Canada\" \/>\n<meta property=\"og:image\" content=\"https:\/\/aigleshopping.ca\/wp-content\/uploads\/2025\/03\/e1f0834a-7259-4f89-9f9c-8dafbe1e67ee.jpg\" \/>\n\t<meta property=\"og:image:width\" content=\"800\" \/>\n\t<meta property=\"og:image:height\" content=\"800\" \/>\n\t<meta property=\"og:image:type\" content=\"image\/jpeg\" \/>\n<meta name=\"twitter:card\" content=\"summary_large_image\" \/>\n<meta name=\"twitter:label1\" content=\"Dur\u00e9e de lecture estim\u00e9e\" \/>\n\t<meta name=\"twitter:data1\" content=\"1 minute\" \/>\n<script type=\"application\/ld+json\" class=\"yoast-schema-graph\">{\"@context\":\"https:\\\/\\\/schema.org\",\"@graph\":[{\"@type\":\"WebPage\",\"@id\":\"https:\\\/\\\/aigleshopping.ca\\\/fr\\\/produit\\\/simple-new-versatile-couple-turtleneck-sweater-retro-autumn-and-winter-new\\\/\",\"url\":\"https:\\\/\\\/aigleshopping.ca\\\/fr\\\/produit\\\/simple-new-versatile-couple-turtleneck-sweater-retro-autumn-and-winter-new\\\/\",\"name\":\"Simple New Versatile Couple Turtleneck Sweater Retro Autumn And Winter New - Aigle Shopping Canada\",\"isPartOf\":{\"@id\":\"https:\\\/\\\/aigleshopping.ca\\\/#website\"},\"primaryImageOfPage\":{\"@id\":\"https:\\\/\\\/aigleshopping.ca\\\/fr\\\/produit\\\/simple-new-versatile-couple-turtleneck-sweater-retro-autumn-and-winter-new\\\/#primaryimage\"},\"image\":{\"@id\":\"https:\\\/\\\/aigleshopping.ca\\\/fr\\\/produit\\\/simple-new-versatile-couple-turtleneck-sweater-retro-autumn-and-winter-new\\\/#primaryimage\"},\"thumbnailUrl\":\"https:\\\/\\\/aigleshopping.ca\\\/wp-content\\\/uploads\\\/2025\\\/03\\\/e1f0834a-7259-4f89-9f9c-8dafbe1e67ee.jpg\",\"datePublished\":\"2025-03-20T06:55:00+00:00\",\"breadcrumb\":{\"@id\":\"https:\\\/\\\/aigleshopping.ca\\\/fr\\\/produit\\\/simple-new-versatile-couple-turtleneck-sweater-retro-autumn-and-winter-new\\\/#breadcrumb\"},\"inLanguage\":\"fr-FR\",\"potentialAction\":[{\"@type\":\"ReadAction\",\"target\":[\"https:\\\/\\\/aigleshopping.ca\\\/fr\\\/produit\\\/simple-new-versatile-couple-turtleneck-sweater-retro-autumn-and-winter-new\\\/\"]}]},{\"@type\":\"ImageObject\",\"inLanguage\":\"fr-FR\",\"@id\":\"https:\\\/\\\/aigleshopping.ca\\\/fr\\\/produit\\\/simple-new-versatile-couple-turtleneck-sweater-retro-autumn-and-winter-new\\\/#primaryimage\",\"url\":\"https:\\\/\\\/aigleshopping.ca\\\/wp-content\\\/uploads\\\/2025\\\/03\\\/e1f0834a-7259-4f89-9f9c-8dafbe1e67ee.jpg\",\"contentUrl\":\"https:\\\/\\\/aigleshopping.ca\\\/wp-content\\\/uploads\\\/2025\\\/03\\\/e1f0834a-7259-4f89-9f9c-8dafbe1e67ee.jpg\",\"width\":800,\"height\":800},{\"@type\":\"BreadcrumbList\",\"@id\":\"https:\\\/\\\/aigleshopping.ca\\\/fr\\\/produit\\\/simple-new-versatile-couple-turtleneck-sweater-retro-autumn-and-winter-new\\\/#breadcrumb\",\"itemListElement\":[{\"@type\":\"ListItem\",\"position\":1,\"name\":\"Home\",\"item\":\"https:\\\/\\\/aigleshopping.ca\\\/fr\\\/home\\\/\"},{\"@type\":\"ListItem\",\"position\":2,\"name\":\"Products\",\"item\":\"https:\\\/\\\/aigleshopping.ca\\\/shop\\\/\"},{\"@type\":\"ListItem\",\"position\":3,\"name\":\"Simple New Versatile Couple Turtleneck Sweater Retro Autumn And Winter New\"}]},{\"@type\":\"WebSite\",\"@id\":\"https:\\\/\\\/aigleshopping.ca\\\/#website\",\"url\":\"https:\\\/\\\/aigleshopping.ca\\\/\",\"name\":\"Aigle Shopping Canada\",\"description\":\"Au-del\u00e0 des fronti\u00e8res, pour vous offrir le\u00a0meilleur!\",\"publisher\":{\"@id\":\"https:\\\/\\\/aigleshopping.ca\\\/#organization\"},\"potentialAction\":[{\"@type\":\"SearchAction\",\"target\":{\"@type\":\"EntryPoint\",\"urlTemplate\":\"https:\\\/\\\/aigleshopping.ca\\\/?s={search_term_string}\"},\"query-input\":{\"@type\":\"PropertyValueSpecification\",\"valueRequired\":true,\"valueName\":\"search_term_string\"}}],\"inLanguage\":\"fr-FR\"},{\"@type\":\"Organization\",\"@id\":\"https:\\\/\\\/aigleshopping.ca\\\/#organization\",\"name\":\"Aigle Shopping Canada\",\"url\":\"https:\\\/\\\/aigleshopping.ca\\\/\",\"logo\":{\"@type\":\"ImageObject\",\"inLanguage\":\"fr-FR\",\"@id\":\"https:\\\/\\\/aigleshopping.ca\\\/#\\\/schema\\\/logo\\\/image\\\/\",\"url\":\"https:\\\/\\\/aigleshopping.ca\\\/wp-content\\\/uploads\\\/2025\\\/12\\\/logo_aigleshopping_ca.png\",\"contentUrl\":\"https:\\\/\\\/aigleshopping.ca\\\/wp-content\\\/uploads\\\/2025\\\/12\\\/logo_aigleshopping_ca.png\",\"width\":800,\"height\":233,\"caption\":\"Aigle Shopping Canada\"},\"image\":{\"@id\":\"https:\\\/\\\/aigleshopping.ca\\\/#\\\/schema\\\/logo\\\/image\\\/\"}}]}<\/script>\n<!-- \/ Yoast SEO plugin. -->","yoast_head_json":{"title":"Simple New Versatile Couple Turtleneck Sweater Retro Autumn And Winter New - Aigle Shopping Canada","robots":{"index":"index","follow":"follow","max-snippet":"max-snippet:-1","max-image-preview":"max-image-preview:large","max-video-preview":"max-video-preview:-1"},"canonical":"https:\/\/aigleshopping.ca\/fr\/produit\/simple-new-versatile-couple-turtleneck-sweater-retro-autumn-and-winter-new\/","og_locale":"fr_FR","og_type":"article","og_title":"Simple New Versatile Couple Turtleneck Sweater Retro Autumn And Winter New - Aigle Shopping Canada","og_description":"Informations sur le produit : \u00c9paisseur : moyenne Nom du tissu : fibre chimique Couleur : blanc, orange, camel, noir, rouge, curcuma, bleu, vert fonc\u00e9, gris, rouge past\u00e8que, abricot, vert fluorescent Type de manches : Manches princesse Composition du tissu principal : Spandex Taille : M,L,XL,2XL,3XL Style de port : pull-over Type de style : [&hellip;]","og_url":"https:\/\/aigleshopping.ca\/fr\/produit\/simple-new-versatile-couple-turtleneck-sweater-retro-autumn-and-winter-new\/","og_site_name":"Aigle Shopping Canada","og_image":[{"width":800,"height":800,"url":"https:\/\/aigleshopping.ca\/wp-content\/uploads\/2025\/03\/e1f0834a-7259-4f89-9f9c-8dafbe1e67ee.jpg","type":"image\/jpeg"}],"twitter_card":"summary_large_image","twitter_misc":{"Dur\u00e9e de lecture estim\u00e9e":"1 minute"},"schema":{"@context":"https:\/\/schema.org","@graph":[{"@type":"WebPage","@id":"https:\/\/aigleshopping.ca\/fr\/produit\/simple-new-versatile-couple-turtleneck-sweater-retro-autumn-and-winter-new\/","url":"https:\/\/aigleshopping.ca\/fr\/produit\/simple-new-versatile-couple-turtleneck-sweater-retro-autumn-and-winter-new\/","name":"Simple New Versatile Couple Turtleneck Sweater Retro Autumn And Winter New - Aigle Shopping Canada","isPartOf":{"@id":"https:\/\/aigleshopping.ca\/#website"},"primaryImageOfPage":{"@id":"https:\/\/aigleshopping.ca\/fr\/produit\/simple-new-versatile-couple-turtleneck-sweater-retro-autumn-and-winter-new\/#primaryimage"},"image":{"@id":"https:\/\/aigleshopping.ca\/fr\/produit\/simple-new-versatile-couple-turtleneck-sweater-retro-autumn-and-winter-new\/#primaryimage"},"thumbnailUrl":"https:\/\/aigleshopping.ca\/wp-content\/uploads\/2025\/03\/e1f0834a-7259-4f89-9f9c-8dafbe1e67ee.jpg","datePublished":"2025-03-20T06:55:00+00:00","breadcrumb":{"@id":"https:\/\/aigleshopping.ca\/fr\/produit\/simple-new-versatile-couple-turtleneck-sweater-retro-autumn-and-winter-new\/#breadcrumb"},"inLanguage":"fr-FR","potentialAction":[{"@type":"ReadAction","target":["https:\/\/aigleshopping.ca\/fr\/produit\/simple-new-versatile-couple-turtleneck-sweater-retro-autumn-and-winter-new\/"]}]},{"@type":"ImageObject","inLanguage":"fr-FR","@id":"https:\/\/aigleshopping.ca\/fr\/produit\/simple-new-versatile-couple-turtleneck-sweater-retro-autumn-and-winter-new\/#primaryimage","url":"https:\/\/aigleshopping.ca\/wp-content\/uploads\/2025\/03\/e1f0834a-7259-4f89-9f9c-8dafbe1e67ee.jpg","contentUrl":"https:\/\/aigleshopping.ca\/wp-content\/uploads\/2025\/03\/e1f0834a-7259-4f89-9f9c-8dafbe1e67ee.jpg","width":800,"height":800},{"@type":"BreadcrumbList","@id":"https:\/\/aigleshopping.ca\/fr\/produit\/simple-new-versatile-couple-turtleneck-sweater-retro-autumn-and-winter-new\/#breadcrumb","itemListElement":[{"@type":"ListItem","position":1,"name":"Home","item":"https:\/\/aigleshopping.ca\/fr\/home\/"},{"@type":"ListItem","position":2,"name":"Products","item":"https:\/\/aigleshopping.ca\/shop\/"},{"@type":"ListItem","position":3,"name":"Simple New Versatile Couple Turtleneck Sweater Retro Autumn And Winter New"}]},{"@type":"WebSite","@id":"https:\/\/aigleshopping.ca\/#website","url":"https:\/\/aigleshopping.ca\/","name":"Aigle Shopping Canada","description":"Au-del\u00e0 des fronti\u00e8res, pour vous offrir le\u00a0meilleur!","publisher":{"@id":"https:\/\/aigleshopping.ca\/#organization"},"potentialAction":[{"@type":"SearchAction","target":{"@type":"EntryPoint","urlTemplate":"https:\/\/aigleshopping.ca\/?s={search_term_string}"},"query-input":{"@type":"PropertyValueSpecification","valueRequired":true,"valueName":"search_term_string"}}],"inLanguage":"fr-FR"},{"@type":"Organization","@id":"https:\/\/aigleshopping.ca\/#organization","name":"Aigle Shopping Canada","url":"https:\/\/aigleshopping.ca\/","logo":{"@type":"ImageObject","inLanguage":"fr-FR","@id":"https:\/\/aigleshopping.ca\/#\/schema\/logo\/image\/","url":"https:\/\/aigleshopping.ca\/wp-content\/uploads\/2025\/12\/logo_aigleshopping_ca.png","contentUrl":"https:\/\/aigleshopping.ca\/wp-content\/uploads\/2025\/12\/logo_aigleshopping_ca.png","width":800,"height":233,"caption":"Aigle Shopping Canada"},"image":{"@id":"https:\/\/aigleshopping.ca\/#\/schema\/logo\/image\/"}}]}},"jetpack_sharing_enabled":true,"_links":{"self":[{"href":"https:\/\/aigleshopping.ca\/fr\/wp-json\/wp\/v2\/product\/30854","targetHints":{"allow":["GET"]}}],"collection":[{"href":"https:\/\/aigleshopping.ca\/fr\/wp-json\/wp\/v2\/product"}],"about":[{"href":"https:\/\/aigleshopping.ca\/fr\/wp-json\/wp\/v2\/types\/product"}],"replies":[{"embeddable":true,"href":"https:\/\/aigleshopping.ca\/fr\/wp-json\/wp\/v2\/comments?post=30854"}],"wp:featuredmedia":[{"embeddable":true,"href":"https:\/\/aigleshopping.ca\/fr\/wp-json\/wp\/v2\/media\/27668"}],"wp:attachment":[{"href":"https:\/\/aigleshopping.ca\/fr\/wp-json\/wp\/v2\/media?parent=30854"}],"wp:term":[{"taxonomy":"product_brand","embeddable":true,"href":"https:\/\/aigleshopping.ca\/fr\/wp-json\/wp\/v2\/product_brand?post=30854"},{"taxonomy":"product_cat","embeddable":true,"href":"https:\/\/aigleshopping.ca\/fr\/wp-json\/wp\/v2\/product_cat?post=30854"},{"taxonomy":"product_tag","embeddable":true,"href":"https:\/\/aigleshopping.ca\/fr\/wp-json\/wp\/v2\/product_tag?post=30854"}],"curies":[{"name":"wp","href":"https:\/\/api.w.org\/{rel}","templated":true}]}}