{"id":30946,"date":"2025-03-20T07:08:10","date_gmt":"2025-03-20T07:08:10","guid":{"rendered":"https:\/\/aigleshopping.ca\/produit\/tencel-wool-autumn-and-winter-round-neck-long-sleeve-sweater-men\/"},"modified":"2025-03-20T07:08:10","modified_gmt":"2025-03-20T07:08:10","slug":"tencel-wool-autumn-and-winter-round-neck-long-sleeve-sweater-men","status":"publish","type":"product","link":"https:\/\/aigleshopping.ca\/fr\/produit\/tencel-wool-autumn-and-winter-round-neck-long-sleeve-sweater-men\/","title":{"rendered":"Tencel Wool Autumn And Winter Round Neck Long Sleeve Sweater Men"},"content":{"rendered":"<p> <b>Informations sur le produit :<\/b> <br \/> Couleur : bruy\u00e8re claire abricot, blanc, noir, marron, bleu saphir, vert temp\u00e9rament, vert jaune, marron fonc\u00e9 gris fonc\u00e9 <br \/> Taille : M (170\/92A),L (175\/96A),XL (180\/100A),2XL (185\/104A),3XL (190\/108A),4XL (195\/112A) <br \/> Style : slim fit <br \/> Style : pull-over <br \/> Nom du tissu : Polyester <br \/> Sexe applicable : Homme <br \/> Longueur des manches : manches longues <br \/> Saison appropri\u00e9e : Automne  <\/p>\n<p><b>Taille :<\/b><br \/>\n<br \/> <br \/>\n<img decoding=\"async\" src=\"https:\/\/oss-cf.cjdropshipping.com\/product\/2025\/02\/26\/06\/114522c2-d23b-4df4-a5ad-9e2095de5f7c_trans.jpeg\" data-key=\"1\"><br \/>\n<b>Note :<\/b> 1. les tailles asiatiques sont 1 \u00e0 2 tailles plus petites que les tailles europ\u00e9ennes et am\u00e9ricaines. Choisissez la taille la plus grande si votre taille se situe entre deux tailles. Veuillez tenir compte d&rsquo;une diff\u00e9rence de 2 \u00e0 3 cm due aux mesures manuelles. 2. Si vous ne savez pas comment choisir votre taille, veuillez contacter notre service client\u00e8le. 3) Comme vous le savez, les ordinateurs affichent les couleurs diff\u00e9remment, la couleur de l&rsquo;article r\u00e9el peut varier l\u00e9g\u00e8rement par rapport aux images suivantes.<br \/>\n<br \/> <br \/>\n<b>Liste d&#8217;emballage :  <\/b><br \/>\n<br \/>  Pull-over en polyester pour hommes * 1<br \/>\n<br \/> <br \/>\n<b>Image du produit :<\/b><br \/>\n<br \/> <br \/>\n<img decoding=\"async\" src=\"https:\/\/oss-cf.cjdropshipping.com\/product\/2025\/02\/26\/09\/c817b8da-85c9-4a3d-9f24-c851fb40f48d.jpg\" data-src=\"https:\/\/cbu01.alicdn.com\/img\/ibank\/O1CN01mWlOQO2Bx5WsWsGrv_!!2216966848404-0-cib.jpg\" data-key=\"2\" data-uploadossfail=\"false\"><br \/>\n<img decoding=\"async\" src=\"https:\/\/oss-cf.cjdropshipping.com\/product\/2025\/02\/26\/09\/2dd5ddf2-26bf-4dda-b7ac-fd5314fd06ea.jpg\" data-src=\"https:\/\/cbu01.alicdn.com\/img\/ibank\/O1CN01LOjT4y2Bx5Wxz8Bs1_!!2216966848404-0-cib.jpg\" data-key=\"3\" data-uploadossfail=\"false\"><br \/>\n<img decoding=\"async\" src=\"https:\/\/oss-cf.cjdropshipping.com\/product\/2025\/02\/26\/09\/c1ae74ba-57c2-477d-a557-dca8289c4d28.jpg\" data-src=\"https:\/\/cbu01.alicdn.com\/img\/ibank\/O1CN01bE0dfW2Bx5X1g0HhG_!!2216966848404-0-cib.jpg\" data-key=\"4\" data-uploadossfail=\"false\"><br \/>\n<img decoding=\"async\" src=\"https:\/\/oss-cf.cjdropshipping.com\/product\/2025\/02\/26\/09\/e449523a-5116-42ca-b11f-8041ad5ef392.jpg\" data-src=\"https:\/\/cbu01.alicdn.com\/img\/ibank\/O1CN01Bq2koW2Bx5Wxz9SpS_!!2216966848404-0-cib.jpg\" data-key=\"5\" data-uploadossfail=\"false\"><br \/>\n<img decoding=\"async\" src=\"https:\/\/oss-cf.cjdropshipping.com\/product\/2025\/02\/26\/09\/10275b45-6a41-43f2-90cb-3c735b92af07.jpg\" data-src=\"https:\/\/cbu01.alicdn.com\/img\/ibank\/O1CN01lu3HKG2Bx5X0VLLyb_!!2216966848404-0-cib.jpg\" data-key=\"6\" data-uploadossfail=\"false\"><br \/>\n<img decoding=\"async\" src=\"https:\/\/oss-cf.cjdropshipping.com\/product\/2025\/02\/26\/09\/21171832-7b41-4621-9450-1403c346206b.jpg\" data-src=\"https:\/\/cbu01.alicdn.com\/img\/ibank\/O1CN019pGcZ12Bx5WwvlY3C_!!2216966848404-0-cib.jpg\" data-key=\"7\" data-uploadossfail=\"false\"><br \/>\n<img decoding=\"async\" src=\"https:\/\/oss-cf.cjdropshipping.com\/product\/2025\/02\/26\/09\/75d1ce39-7989-4cef-a9f3-cd5e1ff07836.jpg\" data-src=\"https:\/\/cbu01.alicdn.com\/img\/ibank\/O1CN01nOgJXm2Bx5X0uwUHE_!!2216966848404-0-cib.jpg\" data-key=\"8\" data-uploadossfail=\"false\"><br \/>\n<img decoding=\"async\" src=\"https:\/\/oss-cf.cjdropshipping.com\/product\/2025\/02\/26\/09\/00ee3446-2da9-4128-bdd8-6cc230872883.jpg\" data-src=\"https:\/\/cbu01.alicdn.com\/img\/ibank\/O1CN0132izGK2Bx5WznQVoP_!!2216966848404-0-cib.jpg\" data-key=\"9\" data-uploadossfail=\"false\"><br \/>\n<img decoding=\"async\" src=\"https:\/\/oss-cf.cjdropshipping.com\/product\/2025\/02\/26\/09\/f39e889d-72ee-4e08-a78c-bda3a50c8c42.jpg\" data-src=\"https:\/\/cbu01.alicdn.com\/img\/ibank\/O1CN01CMvCJL2Bx5WzIPyY0_!!2216966848404-0-cib.jpg\" data-key=\"10\" data-uploadossfail=\"false\"><br \/>\n<img decoding=\"async\" src=\"https:\/\/oss-cf.cjdropshipping.com\/product\/2025\/02\/26\/09\/ec57c8d0-97d2-4702-8ee5-fd35dda83764.jpg\" data-src=\"https:\/\/cbu01.alicdn.com\/img\/ibank\/O1CN01PTLkES2Bx5X1r3GAR_!!2216966848404-0-cib.jpg\" data-key=\"11\" data-uploadossfail=\"false\"><br \/>\n<img decoding=\"async\" src=\"https:\/\/oss-cf.cjdropshipping.com\/product\/2025\/02\/26\/09\/a3522c1a-c497-4ac1-bfc0-4fd0487f4ceb.jpg\" data-src=\"https:\/\/cbu01.alicdn.com\/img\/ibank\/O1CN01ShREVA2Bx5X1fzgFu_!!2216966848404-0-cib.jpg\" data-key=\"12\" data-uploadossfail=\"false\"><br \/>\n<img decoding=\"async\" src=\"https:\/\/oss-cf.cjdropshipping.com\/product\/2025\/02\/26\/09\/c1541e6f-bed4-47fc-937e-d072017d8e8e.jpg\" data-src=\"https:\/\/cbu01.alicdn.com\/img\/ibank\/O1CN01GyvCCW2Bx5WxhvcPf_!!2216966848404-0-cib.jpg\" data-key=\"13\" data-uploadossfail=\"false\"><br \/>\n<img decoding=\"async\" src=\"https:\/\/oss-cf.cjdropshipping.com\/product\/2025\/02\/26\/09\/eed50a8c-6300-4f56-9f52-0e9db9bd29fb.jpg\" data-src=\"https:\/\/cbu01.alicdn.com\/img\/ibank\/O1CN01RZO3EG2Bx5WwvmtIX_!!2216966848404-0-cib.jpg\" data-key=\"14\" data-uploadossfail=\"false\"><br \/>\n<img decoding=\"async\" src=\"https:\/\/oss-cf.cjdropshipping.com\/product\/2025\/02\/26\/09\/268bffb2-b4f1-45e3-97ba-9549b41a5894.jpg\" data-src=\"https:\/\/cbu01.alicdn.com\/img\/ibank\/O1CN01py3TVk2Bx5X1g09Lb_!!2216966848404-0-cib.jpg\" data-key=\"15\" data-uploadossfail=\"false\"><br \/>\n<img decoding=\"async\" src=\"https:\/\/oss-cf.cjdropshipping.com\/product\/2025\/02\/26\/09\/7c53297e-a1b2-4018-8d82-9004c76051d6.jpg\" data-src=\"https:\/\/cbu01.alicdn.com\/img\/ibank\/O1CN01XOHkTz2Bx5X0tZURi_!!2216966848404-0-cib.jpg\" data-key=\"16\" data-uploadossfail=\"false\"><br \/>\n<img decoding=\"async\" src=\"https:\/\/oss-cf.cjdropshipping.com\/product\/2025\/02\/26\/09\/fbd136c8-3c1a-41fb-b8e0-81b5af18281a.jpg\" data-src=\"https:\/\/cbu01.alicdn.com\/img\/ibank\/O1CN01pVsx8i2Bx5X0uzm0u_!!2216966848404-0-cib.jpg\" data-key=\"17\" data-uploadossfail=\"false\"><br \/>\n<img decoding=\"async\" src=\"https:\/\/oss-cf.cjdropshipping.com\/product\/2025\/02\/26\/09\/1778e45c-c0d3-4275-b929-7f5b4f94ad8a.jpg\" data-src=\"https:\/\/cbu01.alicdn.com\/img\/ibank\/O1CN01Gye26u2Bx5X1g1DuC_!!2216966848404-0-cib.jpg\" data-key=\"18\" data-uploadossfail=\"false\"><\/p>\n","protected":false},"excerpt":{"rendered":"<p>Informations sur le produit : Couleur : bruy\u00e8re claire abricot, blanc, noir, marron, bleu saphir, vert temp\u00e9rament, vert jaune, marron fonc\u00e9 gris fonc\u00e9 Taille : M (170\/92A),L (175\/96A),XL (180\/100A),2XL (185\/104A),3XL (190\/108A),4XL (195\/112A) Style : slim fit Style : pull-over Nom du tissu : Polyester Sexe applicable : Homme Longueur des manches : manches longues Saison [&hellip;]<\/p>\n","protected":false},"featured_media":28420,"comment_status":"open","ping_status":"closed","template":"","meta":{"content-type":""},"product_brand":[],"product_cat":[691],"product_tag":[],"class_list":{"0":"post-30946","1":"product","2":"type-product","3":"status-publish","4":"has-post-thumbnail","6":"product_cat-sweatshirt-fr-2","8":"first","9":"instock","10":"taxable","11":"shipping-taxable","12":"purchasable","13":"product-type-variable","14":"add-to-wishlist-after_add_to_cart"},"yoast_head":"<!-- This site is optimized with the Yoast SEO plugin v27.4 - https:\/\/yoast.com\/product\/yoast-seo-wordpress\/ -->\n<title>Tencel Wool Autumn And Winter Round Neck Long Sleeve Sweater Men - Aigle Shopping Canada<\/title>\n<meta name=\"robots\" content=\"index, follow, max-snippet:-1, max-image-preview:large, max-video-preview:-1\" \/>\n<link rel=\"canonical\" href=\"https:\/\/aigleshopping.ca\/fr\/produit\/tencel-wool-autumn-and-winter-round-neck-long-sleeve-sweater-men\/\" \/>\n<meta property=\"og:locale\" content=\"fr_FR\" \/>\n<meta property=\"og:type\" content=\"article\" \/>\n<meta property=\"og:title\" content=\"Tencel Wool Autumn And Winter Round Neck Long Sleeve Sweater Men - Aigle Shopping Canada\" \/>\n<meta property=\"og:description\" content=\"Informations sur le produit : Couleur : bruy\u00e8re claire abricot, blanc, noir, marron, bleu saphir, vert temp\u00e9rament, vert jaune, marron fonc\u00e9 gris fonc\u00e9 Taille : M (170\/92A),L (175\/96A),XL (180\/100A),2XL (185\/104A),3XL (190\/108A),4XL (195\/112A) Style : slim fit Style : pull-over Nom du tissu : Polyester Sexe applicable : Homme Longueur des manches : manches longues Saison [&hellip;]\" \/>\n<meta property=\"og:url\" content=\"https:\/\/aigleshopping.ca\/fr\/produit\/tencel-wool-autumn-and-winter-round-neck-long-sleeve-sweater-men\/\" \/>\n<meta property=\"og:site_name\" content=\"Aigle Shopping Canada\" \/>\n<meta property=\"og:image\" content=\"https:\/\/aigleshopping.ca\/wp-content\/uploads\/2025\/03\/f084291e-091e-4c79-907d-8f7e7e5e8208.jpg\" \/>\n\t<meta property=\"og:image:width\" content=\"800\" \/>\n\t<meta property=\"og:image:height\" content=\"800\" \/>\n\t<meta property=\"og:image:type\" content=\"image\/jpeg\" \/>\n<meta name=\"twitter:card\" content=\"summary_large_image\" \/>\n<meta name=\"twitter:label1\" content=\"Dur\u00e9e de lecture estim\u00e9e\" \/>\n\t<meta name=\"twitter:data1\" content=\"1 minute\" \/>\n<script type=\"application\/ld+json\" class=\"yoast-schema-graph\">{\"@context\":\"https:\\\/\\\/schema.org\",\"@graph\":[{\"@type\":\"WebPage\",\"@id\":\"https:\\\/\\\/aigleshopping.ca\\\/fr\\\/produit\\\/tencel-wool-autumn-and-winter-round-neck-long-sleeve-sweater-men\\\/\",\"url\":\"https:\\\/\\\/aigleshopping.ca\\\/fr\\\/produit\\\/tencel-wool-autumn-and-winter-round-neck-long-sleeve-sweater-men\\\/\",\"name\":\"Tencel Wool Autumn And Winter Round Neck Long Sleeve Sweater Men - Aigle Shopping Canada\",\"isPartOf\":{\"@id\":\"https:\\\/\\\/aigleshopping.ca\\\/#website\"},\"primaryImageOfPage\":{\"@id\":\"https:\\\/\\\/aigleshopping.ca\\\/fr\\\/produit\\\/tencel-wool-autumn-and-winter-round-neck-long-sleeve-sweater-men\\\/#primaryimage\"},\"image\":{\"@id\":\"https:\\\/\\\/aigleshopping.ca\\\/fr\\\/produit\\\/tencel-wool-autumn-and-winter-round-neck-long-sleeve-sweater-men\\\/#primaryimage\"},\"thumbnailUrl\":\"https:\\\/\\\/aigleshopping.ca\\\/wp-content\\\/uploads\\\/2025\\\/03\\\/f084291e-091e-4c79-907d-8f7e7e5e8208.jpg\",\"datePublished\":\"2025-03-20T07:08:10+00:00\",\"breadcrumb\":{\"@id\":\"https:\\\/\\\/aigleshopping.ca\\\/fr\\\/produit\\\/tencel-wool-autumn-and-winter-round-neck-long-sleeve-sweater-men\\\/#breadcrumb\"},\"inLanguage\":\"fr-FR\",\"potentialAction\":[{\"@type\":\"ReadAction\",\"target\":[\"https:\\\/\\\/aigleshopping.ca\\\/fr\\\/produit\\\/tencel-wool-autumn-and-winter-round-neck-long-sleeve-sweater-men\\\/\"]}]},{\"@type\":\"ImageObject\",\"inLanguage\":\"fr-FR\",\"@id\":\"https:\\\/\\\/aigleshopping.ca\\\/fr\\\/produit\\\/tencel-wool-autumn-and-winter-round-neck-long-sleeve-sweater-men\\\/#primaryimage\",\"url\":\"https:\\\/\\\/aigleshopping.ca\\\/wp-content\\\/uploads\\\/2025\\\/03\\\/f084291e-091e-4c79-907d-8f7e7e5e8208.jpg\",\"contentUrl\":\"https:\\\/\\\/aigleshopping.ca\\\/wp-content\\\/uploads\\\/2025\\\/03\\\/f084291e-091e-4c79-907d-8f7e7e5e8208.jpg\",\"width\":800,\"height\":800},{\"@type\":\"BreadcrumbList\",\"@id\":\"https:\\\/\\\/aigleshopping.ca\\\/fr\\\/produit\\\/tencel-wool-autumn-and-winter-round-neck-long-sleeve-sweater-men\\\/#breadcrumb\",\"itemListElement\":[{\"@type\":\"ListItem\",\"position\":1,\"name\":\"Home\",\"item\":\"https:\\\/\\\/aigleshopping.ca\\\/fr\\\/home\\\/\"},{\"@type\":\"ListItem\",\"position\":2,\"name\":\"Products\",\"item\":\"https:\\\/\\\/aigleshopping.ca\\\/shop\\\/\"},{\"@type\":\"ListItem\",\"position\":3,\"name\":\"Tencel Wool Autumn And Winter Round Neck Long Sleeve Sweater Men\"}]},{\"@type\":\"WebSite\",\"@id\":\"https:\\\/\\\/aigleshopping.ca\\\/#website\",\"url\":\"https:\\\/\\\/aigleshopping.ca\\\/\",\"name\":\"Aigle Shopping Canada\",\"description\":\"Au-del\u00e0 des fronti\u00e8res, pour vous offrir le\u00a0meilleur!\",\"publisher\":{\"@id\":\"https:\\\/\\\/aigleshopping.ca\\\/#organization\"},\"potentialAction\":[{\"@type\":\"SearchAction\",\"target\":{\"@type\":\"EntryPoint\",\"urlTemplate\":\"https:\\\/\\\/aigleshopping.ca\\\/?s={search_term_string}\"},\"query-input\":{\"@type\":\"PropertyValueSpecification\",\"valueRequired\":true,\"valueName\":\"search_term_string\"}}],\"inLanguage\":\"fr-FR\"},{\"@type\":\"Organization\",\"@id\":\"https:\\\/\\\/aigleshopping.ca\\\/#organization\",\"name\":\"Aigle Shopping Canada\",\"url\":\"https:\\\/\\\/aigleshopping.ca\\\/\",\"logo\":{\"@type\":\"ImageObject\",\"inLanguage\":\"fr-FR\",\"@id\":\"https:\\\/\\\/aigleshopping.ca\\\/#\\\/schema\\\/logo\\\/image\\\/\",\"url\":\"https:\\\/\\\/aigleshopping.ca\\\/wp-content\\\/uploads\\\/2025\\\/12\\\/logo_aigleshopping_ca.png\",\"contentUrl\":\"https:\\\/\\\/aigleshopping.ca\\\/wp-content\\\/uploads\\\/2025\\\/12\\\/logo_aigleshopping_ca.png\",\"width\":800,\"height\":233,\"caption\":\"Aigle Shopping Canada\"},\"image\":{\"@id\":\"https:\\\/\\\/aigleshopping.ca\\\/#\\\/schema\\\/logo\\\/image\\\/\"}}]}<\/script>\n<!-- \/ Yoast SEO plugin. -->","yoast_head_json":{"title":"Tencel Wool Autumn And Winter Round Neck Long Sleeve Sweater Men - Aigle Shopping Canada","robots":{"index":"index","follow":"follow","max-snippet":"max-snippet:-1","max-image-preview":"max-image-preview:large","max-video-preview":"max-video-preview:-1"},"canonical":"https:\/\/aigleshopping.ca\/fr\/produit\/tencel-wool-autumn-and-winter-round-neck-long-sleeve-sweater-men\/","og_locale":"fr_FR","og_type":"article","og_title":"Tencel Wool Autumn And Winter Round Neck Long Sleeve Sweater Men - Aigle Shopping Canada","og_description":"Informations sur le produit : Couleur : bruy\u00e8re claire abricot, blanc, noir, marron, bleu saphir, vert temp\u00e9rament, vert jaune, marron fonc\u00e9 gris fonc\u00e9 Taille : M (170\/92A),L (175\/96A),XL (180\/100A),2XL (185\/104A),3XL (190\/108A),4XL (195\/112A) Style : slim fit Style : pull-over Nom du tissu : Polyester Sexe applicable : Homme Longueur des manches : manches longues Saison [&hellip;]","og_url":"https:\/\/aigleshopping.ca\/fr\/produit\/tencel-wool-autumn-and-winter-round-neck-long-sleeve-sweater-men\/","og_site_name":"Aigle Shopping Canada","og_image":[{"width":800,"height":800,"url":"https:\/\/aigleshopping.ca\/wp-content\/uploads\/2025\/03\/f084291e-091e-4c79-907d-8f7e7e5e8208.jpg","type":"image\/jpeg"}],"twitter_card":"summary_large_image","twitter_misc":{"Dur\u00e9e de lecture estim\u00e9e":"1 minute"},"schema":{"@context":"https:\/\/schema.org","@graph":[{"@type":"WebPage","@id":"https:\/\/aigleshopping.ca\/fr\/produit\/tencel-wool-autumn-and-winter-round-neck-long-sleeve-sweater-men\/","url":"https:\/\/aigleshopping.ca\/fr\/produit\/tencel-wool-autumn-and-winter-round-neck-long-sleeve-sweater-men\/","name":"Tencel Wool Autumn And Winter Round Neck Long Sleeve Sweater Men - Aigle Shopping Canada","isPartOf":{"@id":"https:\/\/aigleshopping.ca\/#website"},"primaryImageOfPage":{"@id":"https:\/\/aigleshopping.ca\/fr\/produit\/tencel-wool-autumn-and-winter-round-neck-long-sleeve-sweater-men\/#primaryimage"},"image":{"@id":"https:\/\/aigleshopping.ca\/fr\/produit\/tencel-wool-autumn-and-winter-round-neck-long-sleeve-sweater-men\/#primaryimage"},"thumbnailUrl":"https:\/\/aigleshopping.ca\/wp-content\/uploads\/2025\/03\/f084291e-091e-4c79-907d-8f7e7e5e8208.jpg","datePublished":"2025-03-20T07:08:10+00:00","breadcrumb":{"@id":"https:\/\/aigleshopping.ca\/fr\/produit\/tencel-wool-autumn-and-winter-round-neck-long-sleeve-sweater-men\/#breadcrumb"},"inLanguage":"fr-FR","potentialAction":[{"@type":"ReadAction","target":["https:\/\/aigleshopping.ca\/fr\/produit\/tencel-wool-autumn-and-winter-round-neck-long-sleeve-sweater-men\/"]}]},{"@type":"ImageObject","inLanguage":"fr-FR","@id":"https:\/\/aigleshopping.ca\/fr\/produit\/tencel-wool-autumn-and-winter-round-neck-long-sleeve-sweater-men\/#primaryimage","url":"https:\/\/aigleshopping.ca\/wp-content\/uploads\/2025\/03\/f084291e-091e-4c79-907d-8f7e7e5e8208.jpg","contentUrl":"https:\/\/aigleshopping.ca\/wp-content\/uploads\/2025\/03\/f084291e-091e-4c79-907d-8f7e7e5e8208.jpg","width":800,"height":800},{"@type":"BreadcrumbList","@id":"https:\/\/aigleshopping.ca\/fr\/produit\/tencel-wool-autumn-and-winter-round-neck-long-sleeve-sweater-men\/#breadcrumb","itemListElement":[{"@type":"ListItem","position":1,"name":"Home","item":"https:\/\/aigleshopping.ca\/fr\/home\/"},{"@type":"ListItem","position":2,"name":"Products","item":"https:\/\/aigleshopping.ca\/shop\/"},{"@type":"ListItem","position":3,"name":"Tencel Wool Autumn And Winter Round Neck Long Sleeve Sweater Men"}]},{"@type":"WebSite","@id":"https:\/\/aigleshopping.ca\/#website","url":"https:\/\/aigleshopping.ca\/","name":"Aigle Shopping Canada","description":"Au-del\u00e0 des fronti\u00e8res, pour vous offrir le\u00a0meilleur!","publisher":{"@id":"https:\/\/aigleshopping.ca\/#organization"},"potentialAction":[{"@type":"SearchAction","target":{"@type":"EntryPoint","urlTemplate":"https:\/\/aigleshopping.ca\/?s={search_term_string}"},"query-input":{"@type":"PropertyValueSpecification","valueRequired":true,"valueName":"search_term_string"}}],"inLanguage":"fr-FR"},{"@type":"Organization","@id":"https:\/\/aigleshopping.ca\/#organization","name":"Aigle Shopping Canada","url":"https:\/\/aigleshopping.ca\/","logo":{"@type":"ImageObject","inLanguage":"fr-FR","@id":"https:\/\/aigleshopping.ca\/#\/schema\/logo\/image\/","url":"https:\/\/aigleshopping.ca\/wp-content\/uploads\/2025\/12\/logo_aigleshopping_ca.png","contentUrl":"https:\/\/aigleshopping.ca\/wp-content\/uploads\/2025\/12\/logo_aigleshopping_ca.png","width":800,"height":233,"caption":"Aigle Shopping Canada"},"image":{"@id":"https:\/\/aigleshopping.ca\/#\/schema\/logo\/image\/"}}]}},"jetpack_sharing_enabled":true,"_links":{"self":[{"href":"https:\/\/aigleshopping.ca\/fr\/wp-json\/wp\/v2\/product\/30946","targetHints":{"allow":["GET"]}}],"collection":[{"href":"https:\/\/aigleshopping.ca\/fr\/wp-json\/wp\/v2\/product"}],"about":[{"href":"https:\/\/aigleshopping.ca\/fr\/wp-json\/wp\/v2\/types\/product"}],"replies":[{"embeddable":true,"href":"https:\/\/aigleshopping.ca\/fr\/wp-json\/wp\/v2\/comments?post=30946"}],"wp:featuredmedia":[{"embeddable":true,"href":"https:\/\/aigleshopping.ca\/fr\/wp-json\/wp\/v2\/media\/28420"}],"wp:attachment":[{"href":"https:\/\/aigleshopping.ca\/fr\/wp-json\/wp\/v2\/media?parent=30946"}],"wp:term":[{"taxonomy":"product_brand","embeddable":true,"href":"https:\/\/aigleshopping.ca\/fr\/wp-json\/wp\/v2\/product_brand?post=30946"},{"taxonomy":"product_cat","embeddable":true,"href":"https:\/\/aigleshopping.ca\/fr\/wp-json\/wp\/v2\/product_cat?post=30946"},{"taxonomy":"product_tag","embeddable":true,"href":"https:\/\/aigleshopping.ca\/fr\/wp-json\/wp\/v2\/product_tag?post=30946"}],"curies":[{"name":"wp","href":"https:\/\/api.w.org\/{rel}","templated":true}]}}