{"id":30984,"date":"2025-03-20T06:47:37","date_gmt":"2025-03-20T06:47:37","guid":{"rendered":"https:\/\/aigleshopping.ca\/produit\/retro-easy-matching-gradual-change-from-black-to-gray-brushed-cardigan-without-buckle\/"},"modified":"2025-03-20T06:47:37","modified_gmt":"2025-03-20T06:47:37","slug":"retro-easy-matching-gradual-change-from-black-to-gray-brushed-cardigan-without-buckle","status":"publish","type":"product","link":"https:\/\/aigleshopping.ca\/fr\/produit\/retro-easy-matching-gradual-change-from-black-to-gray-brushed-cardigan-without-buckle\/","title":{"rendered":"Retro Easy Matching Gradual Change From Black To Gray Brushed Cardigan Without Buckle"},"content":{"rendered":"<p> <b>Informations sur le produit :<\/b> <br \/> Couleur : Noir <br \/> Convient aux personnes : Adolescents <br \/> Taille : M,L,XL,2XL,3XL <br \/> Version : Loose <br \/> Style : Cardigan <br \/> \u00c9paisseur : ordinaire <br \/> Nom du tissu : Coton <br \/> Personnes concern\u00e9es : Adolescents <br \/> Composition du tissu principal : Fibre de polyester (polyester)  <\/p>\n<p><b>Note :<\/b> 1. les tailles asiatiques sont 1 \u00e0 2 tailles plus petites que les tailles europ\u00e9ennes et am\u00e9ricaines. Choisissez la taille la plus grande si votre taille se situe entre deux tailles. Veuillez tenir compte d&rsquo;une diff\u00e9rence de 2 \u00e0 3 cm due aux mesures manuelles. 2. Si vous ne savez pas comment choisir votre taille, veuillez contacter notre service client\u00e8le. 3) Comme vous le savez, les ordinateurs affichent les couleurs diff\u00e9remment, la couleur de l&rsquo;article r\u00e9el peut varier l\u00e9g\u00e8rement par rapport aux images suivantes.<br \/>\n<br \/> <br \/>\n<b>Liste d&#8217;emballage :  <\/b><br \/>\n<br \/>  COAT*1<br \/>\n<br \/> <br \/>\n<b>Image du produit :<\/b><br \/>\n<br \/> <br \/>\n<img decoding=\"async\" src=\"https:\/\/oss-cf.cjdropshipping.com\/product\/2025\/02\/22\/06\/4ef436e7-77c4-44b8-97bc-2f4ff6a7848c_trans.jpeg\" data-key=\"1\"><br \/>\n<img decoding=\"async\" src=\"https:\/\/oss-cf.cjdropshipping.com\/product\/2025\/02\/22\/08\/613b361d-0586-4d19-ab37-6f268a2bb40e.jpg\" data-src=\"https:\/\/cbu01.alicdn.com\/img\/ibank\/O1CN01Czs11X26dmnTRdU5s_!!2218878077685-0-cib.jpg\" data-key=\"2\" data-uploadossfail=\"false\"><br \/>\n<img decoding=\"async\" src=\"https:\/\/oss-cf.cjdropshipping.com\/product\/2025\/02\/22\/08\/a892c307-7f0d-412b-98b6-3365c2a8ffe9.jpg\" data-src=\"https:\/\/cbu01.alicdn.com\/img\/ibank\/O1CN01yB8r6826dmnSkqmr9_!!2218878077685-0-cib.jpg\" data-key=\"3\" data-uploadossfail=\"false\"><br \/>\n<img decoding=\"async\" src=\"https:\/\/oss-cf.cjdropshipping.com\/product\/2025\/02\/22\/08\/0e94843e-7c56-46c7-b8ae-6c988df7c619.jpg\" data-src=\"https:\/\/cbu01.alicdn.com\/img\/ibank\/O1CN012R0q6726dmnUN0HIp_!!2218878077685-0-cib.jpg\" data-key=\"4\" data-uploadossfail=\"false\"><br \/>\n<img decoding=\"async\" src=\"https:\/\/oss-cf.cjdropshipping.com\/product\/2025\/02\/22\/08\/0ea4257d-d552-47d9-a68c-359c64189374.jpg\" data-src=\"https:\/\/cbu01.alicdn.com\/img\/ibank\/O1CN01oGtpas26dmnVLE1wh_!!2218878077685-0-cib.jpg\" data-key=\"5\" data-uploadossfail=\"false\"><br \/>\n<img decoding=\"async\" src=\"https:\/\/oss-cf.cjdropshipping.com\/product\/2025\/02\/22\/08\/7b720057-a4ef-4ad4-b7f4-05fc511b2f9e.jpg\" data-src=\"https:\/\/cbu01.alicdn.com\/img\/ibank\/O1CN01uejt2k26dmnUuJCRu_!!2218878077685-0-cib.jpg\" data-key=\"6\" data-uploadossfail=\"false\"><br \/>\n<img decoding=\"async\" src=\"https:\/\/oss-cf.cjdropshipping.com\/product\/2025\/02\/22\/08\/ee477247-5260-42a0-aa3e-f617cd310f2b.jpg\" data-src=\"https:\/\/cbu01.alicdn.com\/img\/ibank\/O1CN01SpjEub26dmnTRgZSo_!!2218878077685-0-cib.jpg\" data-key=\"7\" data-uploadossfail=\"false\"><br \/>\n<img decoding=\"async\" src=\"https:\/\/oss-cf.cjdropshipping.com\/product\/2025\/02\/22\/08\/3c377a5c-2f82-4ea9-90ce-510427464981.jpg\" data-src=\"https:\/\/cbu01.alicdn.com\/img\/ibank\/O1CN01ig0A1U26dmnUN2QPl_!!2218878077685-0-cib.jpg\" data-key=\"8\" data-uploadossfail=\"false\"><br \/>\n<img decoding=\"async\" src=\"https:\/\/oss-cf.cjdropshipping.com\/product\/2025\/02\/22\/08\/bd03912a-c4f3-41d3-bd9b-b00aace4e5df.jpg\" data-src=\"https:\/\/cbu01.alicdn.com\/img\/ibank\/O1CN01pS9BA526dmnVLCxNL_!!2218878077685-0-cib.jpg\" data-key=\"9\" data-uploadossfail=\"false\"><br \/>\n<img decoding=\"async\" src=\"https:\/\/oss-cf.cjdropshipping.com\/product\/2025\/02\/22\/08\/5c5db6f6-273c-4615-acfb-b7b18cd4dcc7.jpg\" data-src=\"https:\/\/cbu01.alicdn.com\/img\/ibank\/O1CN01uxuijR26dmnQhVZBW_!!2218878077685-0-cib.jpg\" data-key=\"10\" data-uploadossfail=\"false\"><br \/>\n<img decoding=\"async\" src=\"https:\/\/oss-cf.cjdropshipping.com\/product\/2025\/02\/22\/08\/b376dbac-b2e9-4f88-aa25-92ce7bc94ac3.jpg\" data-src=\"https:\/\/cbu01.alicdn.com\/img\/ibank\/O1CN01vWAW2H26dmnVL8OVF_!!2218878077685-0-cib.jpg\" data-key=\"11\" data-uploadossfail=\"false\"><br \/>\n<img decoding=\"async\" src=\"https:\/\/oss-cf.cjdropshipping.com\/product\/2025\/02\/22\/08\/e7e8bec4-99a6-42bb-b417-f5ff1d2972fb.jpg\" data-src=\"https:\/\/cbu01.alicdn.com\/img\/ibank\/O1CN01gItfj126dmnRNYfFd_!!2218878077685-0-cib.jpg\" data-key=\"12\" data-uploadossfail=\"false\"><br \/>\n<img decoding=\"async\" src=\"https:\/\/oss-cf.cjdropshipping.com\/product\/2025\/02\/22\/08\/270bdea4-476f-4b26-970b-e77773348d9f.jpg\" data-src=\"https:\/\/cbu01.alicdn.com\/img\/ibank\/O1CN010Qk58326dmnUN3QpC_!!2218878077685-0-cib.jpg\" data-key=\"13\" data-uploadossfail=\"false\"><br \/>\n<img decoding=\"async\" src=\"https:\/\/oss-cf.cjdropshipping.com\/product\/2025\/02\/22\/08\/4432cd54-bf40-4f2a-b987-b70dc1709c70.jpg\" data-src=\"https:\/\/cbu01.alicdn.com\/img\/ibank\/O1CN014Xd0UJ26dmnTpLatn_!!2218878077685-0-cib.jpg\" data-key=\"14\" data-uploadossfail=\"false\"><br \/>\n<img decoding=\"async\" src=\"https:\/\/oss-cf.cjdropshipping.com\/product\/2025\/02\/22\/08\/f585b8a7-2c8b-4111-85d9-167b3a721200.jpg\" data-src=\"https:\/\/cbu01.alicdn.com\/img\/ibank\/O1CN01I6IaeX26dmnMLi1l1_!!2218878077685-0-cib.jpg\" data-key=\"15\" data-uploadossfail=\"false\"><br \/>\n<img decoding=\"async\" src=\"https:\/\/oss-cf.cjdropshipping.com\/product\/2025\/02\/22\/08\/15dbeeff-82c2-4862-be51-69fbc91db23f.jpg\" data-src=\"https:\/\/cbu01.alicdn.com\/img\/ibank\/O1CN01jSMAN226dmnTRdYFk_!!2218878077685-0-cib.jpg\" data-key=\"16\" data-uploadossfail=\"false\"><br \/>\n<img decoding=\"async\" src=\"https:\/\/oss-cf.cjdropshipping.com\/product\/2025\/02\/22\/08\/6f80f55b-6fef-469d-9247-6a64a868ec46.jpg\" data-src=\"https:\/\/cbu01.alicdn.com\/img\/ibank\/O1CN01JWFdX726dmnMLkJDl_!!2218878077685-0-cib.jpg\" data-key=\"17\" data-uploadossfail=\"false\"><br \/>\n<img decoding=\"async\" src=\"https:\/\/oss-cf.cjdropshipping.com\/product\/2025\/02\/22\/08\/53ea9849-d04d-4463-be11-f13b59871c14.jpg\" data-src=\"https:\/\/cbu01.alicdn.com\/img\/ibank\/O1CN01U6e5ln26dmnRXdI1g_!!2218878077685-0-cib.jpg\" data-key=\"18\" data-uploadossfail=\"false\"><br \/>\n<img decoding=\"async\" src=\"https:\/\/oss-cf.cjdropshipping.com\/product\/2025\/02\/22\/08\/7d0d2fee-ec51-47bc-9eff-d0845f3912c2.jpg\" data-src=\"https:\/\/cbu01.alicdn.com\/img\/ibank\/O1CN01SPzJew26dmnVLFdnO_!!2218878077685-0-cib.jpg\" data-key=\"19\" data-uploadossfail=\"false\"><br \/>\n<img decoding=\"async\" src=\"https:\/\/oss-cf.cjdropshipping.com\/product\/2025\/02\/22\/08\/c966ecf9-f568-4886-a037-722da6b1ba03.jpg\" data-src=\"https:\/\/cbu01.alicdn.com\/img\/ibank\/O1CN01jizu7f26dmnTpJJSp_!!2218878077685-0-cib.jpg\" data-key=\"20\" data-uploadossfail=\"false\"><br \/>\n<img decoding=\"async\" src=\"https:\/\/oss-cf.cjdropshipping.com\/product\/2025\/02\/22\/08\/aeec1656-5926-42c7-95de-9139ef647511.jpg\" data-src=\"https:\/\/cbu01.alicdn.com\/img\/ibank\/O1CN01juky5126dmnMLlW66_!!2218878077685-0-cib.jpg\" data-key=\"21\" data-uploadossfail=\"false\"><br \/>\n<img decoding=\"async\" src=\"https:\/\/oss-cf.cjdropshipping.com\/product\/2025\/02\/22\/08\/f512dc03-213b-4839-88eb-1141bf11551c.jpg\" data-src=\"https:\/\/cbu01.alicdn.com\/img\/ibank\/O1CN01M9AWF626dmnSxWfQw_!!2218878077685-0-cib.jpg\" data-key=\"22\" data-uploadossfail=\"false\"><br \/>\n<img decoding=\"async\" src=\"https:\/\/oss-cf.cjdropshipping.com\/product\/2025\/02\/22\/08\/a6c875e8-6ccf-4a54-adab-bf2b0ef98509.jpg\" data-src=\"https:\/\/cbu01.alicdn.com\/img\/ibank\/O1CN01NEe0jT26dmnTpIVY8_!!2218878077685-0-cib.jpg\" data-key=\"23\" data-uploadossfail=\"false\"><br \/>\n<img decoding=\"async\" src=\"https:\/\/oss-cf.cjdropshipping.com\/product\/2025\/02\/22\/08\/14bf230d-d234-4744-9568-3e6d946ca4d1.jpg\" data-src=\"https:\/\/cbu01.alicdn.com\/img\/ibank\/O1CN01maH2xv26dmnUuHzby_!!2218878077685-0-cib.jpg\" data-key=\"24\" data-uploadossfail=\"false\"><br \/>\n<img decoding=\"async\" src=\"https:\/\/oss-cf.cjdropshipping.com\/product\/2025\/02\/22\/08\/2be9935f-73c5-4a64-affb-3a461d605316.jpg\" data-src=\"https:\/\/cbu01.alicdn.com\/img\/ibank\/O1CN01JQRvew26dmnSqbcOK_!!2218878077685-0-cib.jpg\" data-key=\"25\" data-uploadossfail=\"false\"><br \/>\n<img decoding=\"async\" src=\"https:\/\/oss-cf.cjdropshipping.com\/product\/2025\/02\/22\/08\/0d78ac72-2363-4268-b7e5-48719c428dd1.jpg\" data-src=\"https:\/\/cbu01.alicdn.com\/img\/ibank\/O1CN01MKBukm26dmnMLkVhq_!!2218878077685-0-cib.jpg\" data-key=\"26\" data-uploadossfail=\"false\"><br \/>\n<img decoding=\"async\" src=\"https:\/\/oss-cf.cjdropshipping.com\/product\/2025\/02\/22\/08\/3f31264d-a117-44a0-a43e-9648f3799f60.jpg\" data-src=\"https:\/\/cbu01.alicdn.com\/img\/ibank\/O1CN015EQWO426dmnRNXnB9_!!2218878077685-0-cib.jpg\" data-key=\"27\" data-uploadossfail=\"false\"><br \/>\n<img decoding=\"async\" src=\"https:\/\/oss-cf.cjdropshipping.com\/product\/2025\/02\/22\/08\/8ead0de4-577d-4ab0-a018-a2038fea8d7d.jpg\" data-src=\"https:\/\/cbu01.alicdn.com\/img\/ibank\/O1CN016IbiPh26dmnTjFyAn_!!2218878077685-0-cib.jpg\" data-key=\"28\" data-uploadossfail=\"false\"><\/p>\n","protected":false},"excerpt":{"rendered":"<p>Informations sur le produit : Couleur : Noir Convient aux personnes : Adolescents Taille : M,L,XL,2XL,3XL Version : Loose Style : Cardigan \u00c9paisseur : ordinaire Nom du tissu : Coton Personnes concern\u00e9es : Adolescents Composition du tissu principal : Fibre de polyester (polyester) Note : 1. les tailles asiatiques sont 1 \u00e0 2 tailles plus [&hellip;]<\/p>\n","protected":false},"featured_media":27202,"comment_status":"open","ping_status":"closed","template":"","meta":{"content-type":""},"product_brand":[],"product_cat":[691],"product_tag":[],"class_list":{"0":"post-30984","1":"product","2":"type-product","3":"status-publish","4":"has-post-thumbnail","6":"product_cat-sweatshirt-fr-2","8":"first","9":"instock","10":"taxable","11":"shipping-taxable","12":"purchasable","13":"product-type-variable","14":"add-to-wishlist-after_add_to_cart"},"yoast_head":"<!-- This site is optimized with the Yoast SEO plugin v27.3 - https:\/\/yoast.com\/product\/yoast-seo-wordpress\/ -->\n<title>Retro Easy Matching Gradual Change From Black To Gray Brushed Cardigan Without Buckle - Aigle Shopping Canada<\/title>\n<meta name=\"robots\" content=\"index, follow, max-snippet:-1, max-image-preview:large, max-video-preview:-1\" \/>\n<link rel=\"canonical\" href=\"https:\/\/aigleshopping.ca\/fr\/produit\/retro-easy-matching-gradual-change-from-black-to-gray-brushed-cardigan-without-buckle\/\" \/>\n<meta property=\"og:locale\" content=\"fr_FR\" \/>\n<meta property=\"og:type\" content=\"article\" \/>\n<meta property=\"og:title\" content=\"Retro Easy Matching Gradual Change From Black To Gray Brushed Cardigan Without Buckle - Aigle Shopping Canada\" \/>\n<meta property=\"og:description\" content=\"Informations sur le produit : Couleur : Noir Convient aux personnes : Adolescents Taille : M,L,XL,2XL,3XL Version : Loose Style : Cardigan \u00c9paisseur : ordinaire Nom du tissu : Coton Personnes concern\u00e9es : Adolescents Composition du tissu principal : Fibre de polyester (polyester) Note : 1. les tailles asiatiques sont 1 \u00e0 2 tailles plus [&hellip;]\" \/>\n<meta property=\"og:url\" content=\"https:\/\/aigleshopping.ca\/fr\/produit\/retro-easy-matching-gradual-change-from-black-to-gray-brushed-cardigan-without-buckle\/\" \/>\n<meta property=\"og:site_name\" content=\"Aigle Shopping Canada\" \/>\n<meta property=\"og:image\" content=\"https:\/\/aigleshopping.ca\/wp-content\/uploads\/2025\/03\/O1CN01qdyUXt26dmnMLkNOI_2218878077685-0-cib.jpg\" \/>\n\t<meta property=\"og:image:width\" content=\"800\" \/>\n\t<meta property=\"og:image:height\" content=\"800\" \/>\n\t<meta property=\"og:image:type\" content=\"image\/jpeg\" \/>\n<meta name=\"twitter:card\" content=\"summary_large_image\" \/>\n<meta name=\"twitter:label1\" content=\"Dur\u00e9e de lecture estim\u00e9e\" \/>\n\t<meta name=\"twitter:data1\" content=\"1 minute\" \/>\n<script type=\"application\/ld+json\" class=\"yoast-schema-graph\">{\"@context\":\"https:\\\/\\\/schema.org\",\"@graph\":[{\"@type\":\"WebPage\",\"@id\":\"https:\\\/\\\/aigleshopping.ca\\\/fr\\\/produit\\\/retro-easy-matching-gradual-change-from-black-to-gray-brushed-cardigan-without-buckle\\\/\",\"url\":\"https:\\\/\\\/aigleshopping.ca\\\/fr\\\/produit\\\/retro-easy-matching-gradual-change-from-black-to-gray-brushed-cardigan-without-buckle\\\/\",\"name\":\"Retro Easy Matching Gradual Change From Black To Gray Brushed Cardigan Without Buckle - Aigle Shopping Canada\",\"isPartOf\":{\"@id\":\"https:\\\/\\\/aigleshopping.ca\\\/#website\"},\"primaryImageOfPage\":{\"@id\":\"https:\\\/\\\/aigleshopping.ca\\\/fr\\\/produit\\\/retro-easy-matching-gradual-change-from-black-to-gray-brushed-cardigan-without-buckle\\\/#primaryimage\"},\"image\":{\"@id\":\"https:\\\/\\\/aigleshopping.ca\\\/fr\\\/produit\\\/retro-easy-matching-gradual-change-from-black-to-gray-brushed-cardigan-without-buckle\\\/#primaryimage\"},\"thumbnailUrl\":\"https:\\\/\\\/aigleshopping.ca\\\/wp-content\\\/uploads\\\/2025\\\/03\\\/O1CN01qdyUXt26dmnMLkNOI_2218878077685-0-cib.jpg\",\"datePublished\":\"2025-03-20T06:47:37+00:00\",\"breadcrumb\":{\"@id\":\"https:\\\/\\\/aigleshopping.ca\\\/fr\\\/produit\\\/retro-easy-matching-gradual-change-from-black-to-gray-brushed-cardigan-without-buckle\\\/#breadcrumb\"},\"inLanguage\":\"fr-FR\",\"potentialAction\":[{\"@type\":\"ReadAction\",\"target\":[\"https:\\\/\\\/aigleshopping.ca\\\/fr\\\/produit\\\/retro-easy-matching-gradual-change-from-black-to-gray-brushed-cardigan-without-buckle\\\/\"]}]},{\"@type\":\"ImageObject\",\"inLanguage\":\"fr-FR\",\"@id\":\"https:\\\/\\\/aigleshopping.ca\\\/fr\\\/produit\\\/retro-easy-matching-gradual-change-from-black-to-gray-brushed-cardigan-without-buckle\\\/#primaryimage\",\"url\":\"https:\\\/\\\/aigleshopping.ca\\\/wp-content\\\/uploads\\\/2025\\\/03\\\/O1CN01qdyUXt26dmnMLkNOI_2218878077685-0-cib.jpg\",\"contentUrl\":\"https:\\\/\\\/aigleshopping.ca\\\/wp-content\\\/uploads\\\/2025\\\/03\\\/O1CN01qdyUXt26dmnMLkNOI_2218878077685-0-cib.jpg\",\"width\":800,\"height\":800},{\"@type\":\"BreadcrumbList\",\"@id\":\"https:\\\/\\\/aigleshopping.ca\\\/fr\\\/produit\\\/retro-easy-matching-gradual-change-from-black-to-gray-brushed-cardigan-without-buckle\\\/#breadcrumb\",\"itemListElement\":[{\"@type\":\"ListItem\",\"position\":1,\"name\":\"Home\",\"item\":\"https:\\\/\\\/aigleshopping.ca\\\/fr\\\/home\\\/\"},{\"@type\":\"ListItem\",\"position\":2,\"name\":\"Products\",\"item\":\"https:\\\/\\\/aigleshopping.ca\\\/shop\\\/\"},{\"@type\":\"ListItem\",\"position\":3,\"name\":\"Retro Easy Matching Gradual Change From Black To Gray Brushed Cardigan Without Buckle\"}]},{\"@type\":\"WebSite\",\"@id\":\"https:\\\/\\\/aigleshopping.ca\\\/#website\",\"url\":\"https:\\\/\\\/aigleshopping.ca\\\/\",\"name\":\"Aigle Shopping Canada\",\"description\":\"Au-del\u00e0 des fronti\u00e8res, pour vous offrir le\u00a0meilleur!\",\"publisher\":{\"@id\":\"https:\\\/\\\/aigleshopping.ca\\\/#organization\"},\"potentialAction\":[{\"@type\":\"SearchAction\",\"target\":{\"@type\":\"EntryPoint\",\"urlTemplate\":\"https:\\\/\\\/aigleshopping.ca\\\/?s={search_term_string}\"},\"query-input\":{\"@type\":\"PropertyValueSpecification\",\"valueRequired\":true,\"valueName\":\"search_term_string\"}}],\"inLanguage\":\"fr-FR\"},{\"@type\":\"Organization\",\"@id\":\"https:\\\/\\\/aigleshopping.ca\\\/#organization\",\"name\":\"Aigle Shopping Canada\",\"url\":\"https:\\\/\\\/aigleshopping.ca\\\/\",\"logo\":{\"@type\":\"ImageObject\",\"inLanguage\":\"fr-FR\",\"@id\":\"https:\\\/\\\/aigleshopping.ca\\\/#\\\/schema\\\/logo\\\/image\\\/\",\"url\":\"https:\\\/\\\/aigleshopping.ca\\\/wp-content\\\/uploads\\\/2025\\\/12\\\/logo_aigleshopping_ca.png\",\"contentUrl\":\"https:\\\/\\\/aigleshopping.ca\\\/wp-content\\\/uploads\\\/2025\\\/12\\\/logo_aigleshopping_ca.png\",\"width\":800,\"height\":233,\"caption\":\"Aigle Shopping Canada\"},\"image\":{\"@id\":\"https:\\\/\\\/aigleshopping.ca\\\/#\\\/schema\\\/logo\\\/image\\\/\"}}]}<\/script>\n<!-- \/ Yoast SEO plugin. -->","yoast_head_json":{"title":"Retro Easy Matching Gradual Change From Black To Gray Brushed Cardigan Without Buckle - Aigle Shopping Canada","robots":{"index":"index","follow":"follow","max-snippet":"max-snippet:-1","max-image-preview":"max-image-preview:large","max-video-preview":"max-video-preview:-1"},"canonical":"https:\/\/aigleshopping.ca\/fr\/produit\/retro-easy-matching-gradual-change-from-black-to-gray-brushed-cardigan-without-buckle\/","og_locale":"fr_FR","og_type":"article","og_title":"Retro Easy Matching Gradual Change From Black To Gray Brushed Cardigan Without Buckle - Aigle Shopping Canada","og_description":"Informations sur le produit : Couleur : Noir Convient aux personnes : Adolescents Taille : M,L,XL,2XL,3XL Version : Loose Style : Cardigan \u00c9paisseur : ordinaire Nom du tissu : Coton Personnes concern\u00e9es : Adolescents Composition du tissu principal : Fibre de polyester (polyester) Note : 1. les tailles asiatiques sont 1 \u00e0 2 tailles plus [&hellip;]","og_url":"https:\/\/aigleshopping.ca\/fr\/produit\/retro-easy-matching-gradual-change-from-black-to-gray-brushed-cardigan-without-buckle\/","og_site_name":"Aigle Shopping Canada","og_image":[{"width":800,"height":800,"url":"https:\/\/aigleshopping.ca\/wp-content\/uploads\/2025\/03\/O1CN01qdyUXt26dmnMLkNOI_2218878077685-0-cib.jpg","type":"image\/jpeg"}],"twitter_card":"summary_large_image","twitter_misc":{"Dur\u00e9e de lecture estim\u00e9e":"1 minute"},"schema":{"@context":"https:\/\/schema.org","@graph":[{"@type":"WebPage","@id":"https:\/\/aigleshopping.ca\/fr\/produit\/retro-easy-matching-gradual-change-from-black-to-gray-brushed-cardigan-without-buckle\/","url":"https:\/\/aigleshopping.ca\/fr\/produit\/retro-easy-matching-gradual-change-from-black-to-gray-brushed-cardigan-without-buckle\/","name":"Retro Easy Matching Gradual Change From Black To Gray Brushed Cardigan Without Buckle - Aigle Shopping Canada","isPartOf":{"@id":"https:\/\/aigleshopping.ca\/#website"},"primaryImageOfPage":{"@id":"https:\/\/aigleshopping.ca\/fr\/produit\/retro-easy-matching-gradual-change-from-black-to-gray-brushed-cardigan-without-buckle\/#primaryimage"},"image":{"@id":"https:\/\/aigleshopping.ca\/fr\/produit\/retro-easy-matching-gradual-change-from-black-to-gray-brushed-cardigan-without-buckle\/#primaryimage"},"thumbnailUrl":"https:\/\/aigleshopping.ca\/wp-content\/uploads\/2025\/03\/O1CN01qdyUXt26dmnMLkNOI_2218878077685-0-cib.jpg","datePublished":"2025-03-20T06:47:37+00:00","breadcrumb":{"@id":"https:\/\/aigleshopping.ca\/fr\/produit\/retro-easy-matching-gradual-change-from-black-to-gray-brushed-cardigan-without-buckle\/#breadcrumb"},"inLanguage":"fr-FR","potentialAction":[{"@type":"ReadAction","target":["https:\/\/aigleshopping.ca\/fr\/produit\/retro-easy-matching-gradual-change-from-black-to-gray-brushed-cardigan-without-buckle\/"]}]},{"@type":"ImageObject","inLanguage":"fr-FR","@id":"https:\/\/aigleshopping.ca\/fr\/produit\/retro-easy-matching-gradual-change-from-black-to-gray-brushed-cardigan-without-buckle\/#primaryimage","url":"https:\/\/aigleshopping.ca\/wp-content\/uploads\/2025\/03\/O1CN01qdyUXt26dmnMLkNOI_2218878077685-0-cib.jpg","contentUrl":"https:\/\/aigleshopping.ca\/wp-content\/uploads\/2025\/03\/O1CN01qdyUXt26dmnMLkNOI_2218878077685-0-cib.jpg","width":800,"height":800},{"@type":"BreadcrumbList","@id":"https:\/\/aigleshopping.ca\/fr\/produit\/retro-easy-matching-gradual-change-from-black-to-gray-brushed-cardigan-without-buckle\/#breadcrumb","itemListElement":[{"@type":"ListItem","position":1,"name":"Home","item":"https:\/\/aigleshopping.ca\/fr\/home\/"},{"@type":"ListItem","position":2,"name":"Products","item":"https:\/\/aigleshopping.ca\/shop\/"},{"@type":"ListItem","position":3,"name":"Retro Easy Matching Gradual Change From Black To Gray Brushed Cardigan Without Buckle"}]},{"@type":"WebSite","@id":"https:\/\/aigleshopping.ca\/#website","url":"https:\/\/aigleshopping.ca\/","name":"Aigle Shopping Canada","description":"Au-del\u00e0 des fronti\u00e8res, pour vous offrir le\u00a0meilleur!","publisher":{"@id":"https:\/\/aigleshopping.ca\/#organization"},"potentialAction":[{"@type":"SearchAction","target":{"@type":"EntryPoint","urlTemplate":"https:\/\/aigleshopping.ca\/?s={search_term_string}"},"query-input":{"@type":"PropertyValueSpecification","valueRequired":true,"valueName":"search_term_string"}}],"inLanguage":"fr-FR"},{"@type":"Organization","@id":"https:\/\/aigleshopping.ca\/#organization","name":"Aigle Shopping Canada","url":"https:\/\/aigleshopping.ca\/","logo":{"@type":"ImageObject","inLanguage":"fr-FR","@id":"https:\/\/aigleshopping.ca\/#\/schema\/logo\/image\/","url":"https:\/\/aigleshopping.ca\/wp-content\/uploads\/2025\/12\/logo_aigleshopping_ca.png","contentUrl":"https:\/\/aigleshopping.ca\/wp-content\/uploads\/2025\/12\/logo_aigleshopping_ca.png","width":800,"height":233,"caption":"Aigle Shopping Canada"},"image":{"@id":"https:\/\/aigleshopping.ca\/#\/schema\/logo\/image\/"}}]}},"jetpack_sharing_enabled":true,"_links":{"self":[{"href":"https:\/\/aigleshopping.ca\/fr\/wp-json\/wp\/v2\/product\/30984","targetHints":{"allow":["GET"]}}],"collection":[{"href":"https:\/\/aigleshopping.ca\/fr\/wp-json\/wp\/v2\/product"}],"about":[{"href":"https:\/\/aigleshopping.ca\/fr\/wp-json\/wp\/v2\/types\/product"}],"replies":[{"embeddable":true,"href":"https:\/\/aigleshopping.ca\/fr\/wp-json\/wp\/v2\/comments?post=30984"}],"wp:featuredmedia":[{"embeddable":true,"href":"https:\/\/aigleshopping.ca\/fr\/wp-json\/wp\/v2\/media\/27202"}],"wp:attachment":[{"href":"https:\/\/aigleshopping.ca\/fr\/wp-json\/wp\/v2\/media?parent=30984"}],"wp:term":[{"taxonomy":"product_brand","embeddable":true,"href":"https:\/\/aigleshopping.ca\/fr\/wp-json\/wp\/v2\/product_brand?post=30984"},{"taxonomy":"product_cat","embeddable":true,"href":"https:\/\/aigleshopping.ca\/fr\/wp-json\/wp\/v2\/product_cat?post=30984"},{"taxonomy":"product_tag","embeddable":true,"href":"https:\/\/aigleshopping.ca\/fr\/wp-json\/wp\/v2\/product_tag?post=30984"}],"curies":[{"name":"wp","href":"https:\/\/api.w.org\/{rel}","templated":true}]}}