{"id":31019,"date":"2025-03-20T06:44:42","date_gmt":"2025-03-20T06:44:42","guid":{"rendered":"https:\/\/aigleshopping.ca\/produit\/pull-en-laine-pure-col-rond-assortis-a-une-chemise-decontractee-en-tricot-de-bas-de-laine\/"},"modified":"2025-03-20T06:44:42","modified_gmt":"2025-03-20T06:44:42","slug":"pull-en-laine-pure-col-rond-assortis-a-une-chemise-decontractee-en-tricot-de-bas-de-laine","status":"publish","type":"product","link":"https:\/\/aigleshopping.ca\/fr\/produit\/pull-en-laine-pure-col-rond-assortis-a-une-chemise-decontractee-en-tricot-de-bas-de-laine\/","title":{"rendered":"Pull en laine pure Col rond Assortis \u00e0 une chemise d\u00e9contract\u00e9e en tricot de bas de laine"},"content":{"rendered":"<p> <b>Informations sur le produit :<\/b> <br \/> Couleur : Noir, vert menthe,, bleu algue, camel fleur, jaune Camel Camel, curcuma, caramel, bleu acier, couleur rose gris clair, camel clair, vert pierre bleue, gris fonc\u00e9, bleu ciel, rouge violac\u00e9 gris moyen <br \/> Taille : S,M,L,XL,XXL,XXXL <br \/> Style : pull-over <br \/> Style : commuting <br \/> Proc\u00e9d\u00e9 : sans repassage  <\/p>\n<p><b>Taille :<\/b><br \/>\n<br \/> <br \/>\n<img decoding=\"async\" src=\"https:\/\/oss-cf.cjdropshipping.com\/product\/2025\/02\/19\/06\/09946c9f-5895-4e29-8296-6cdf1942d189.jpg?x-oss-process=image\/quality,q_100\"><br \/>\n<b>Note :<\/b> 1. les tailles asiatiques sont 1 \u00e0 2 tailles plus petites que les tailles europ\u00e9ennes et am\u00e9ricaines. Choisissez la taille la plus grande si votre taille se situe entre deux tailles. Veuillez tenir compte d&rsquo;une diff\u00e9rence de 2 \u00e0 3 cm due aux mesures manuelles. 2. Si vous ne savez pas comment choisir votre taille, veuillez contacter notre service client\u00e8le. 3) Comme vous le savez, les ordinateurs affichent les couleurs diff\u00e9remment, la couleur de l&rsquo;article r\u00e9el peut varier l\u00e9g\u00e8rement par rapport aux images suivantes.<br \/>\n<br \/> <br \/>\n<b>Liste d&#8217;emballage :  <\/b><br \/>\n<br \/>  Pull en laine * 1<br \/>\n<br \/> <br \/>\n<b>Image du produit :<\/b><br \/>\n<br \/> <br \/>\n<img decoding=\"async\" src=\"https:\/\/oss-cf.cjdropshipping.com\/product\/2025\/02\/19\/06\/0e76a29e-fa43-425c-a98d-71152bf0632c_trans.jpeg\"><br \/>\n<img decoding=\"async\" src=\"https:\/\/oss-cf.cjdropshipping.com\/product\/2025\/02\/19\/06\/b1ee7ccb-ce68-4fad-906b-2e74f670c66d_trans.jpeg\"><br \/>\n<img decoding=\"async\" src=\"https:\/\/oss-cf.cjdropshipping.com\/product\/2025\/02\/19\/06\/1fdf578d-9dfa-4081-9e08-161a458f4c56_trans.jpeg\"><br \/>\n<img decoding=\"async\" src=\"https:\/\/cf.cjdropshipping.com\/quick\/product\/61832ae1-8057-4740-a169-cf810cf60b9d.jpg\"><br \/>\n<img decoding=\"async\" src=\"https:\/\/cf.cjdropshipping.com\/quick\/product\/1408371d-f196-47c5-a5ed-a32ab30d5b69.jpg\"><br \/>\n<img decoding=\"async\" src=\"https:\/\/cf.cjdropshipping.com\/quick\/product\/a60818aa-7866-41ac-b044-051be940d005.jpg\"><br \/>\n<img decoding=\"async\" src=\"https:\/\/oss-cf.cjdropshipping.com\/product\/2025\/02\/19\/06\/af34e439-2130-4bc2-8696-a8d97bd93409_trans.jpeg\"><br \/>\n<img decoding=\"async\" src=\"https:\/\/oss-cf.cjdropshipping.com\/product\/2025\/02\/19\/06\/19151c60-fb19-4797-8604-547af93a76d0_trans.jpeg\"><br \/>\n<img decoding=\"async\" src=\"https:\/\/oss-cf.cjdropshipping.com\/product\/2025\/02\/19\/06\/dbf7a77f-3ad3-4c90-8f43-a8c7c3946ae0_trans.jpeg\"><br \/>\n<img decoding=\"async\" src=\"https:\/\/oss-cf.cjdropshipping.com\/product\/2025\/02\/19\/06\/22fa63dc-509a-4e7f-a68c-671921306f03_trans.jpeg\"><br \/>\n<img decoding=\"async\" src=\"https:\/\/cf.cjdropshipping.com\/quick\/product\/01e0d53b-6c9b-4583-97ab-21174ee62a07.jpg\"><br \/>\n<img decoding=\"async\" src=\"https:\/\/cf.cjdropshipping.com\/quick\/product\/4718f310-c1cf-4660-aaaa-e1091dd15745.jpg\"><br \/>\n<img decoding=\"async\" src=\"https:\/\/oss-cf.cjdropshipping.com\/product\/2025\/02\/19\/06\/a4e08ddc-a221-4ffd-8e84-3aa3c25ecebf_trans.jpeg\"><br \/>\n<img decoding=\"async\" src=\"https:\/\/oss-cf.cjdropshipping.com\/product\/2025\/02\/19\/06\/6dc88025-8962-4839-8836-1cef0b1676bc_trans.jpeg\"><br \/>\n<img decoding=\"async\" src=\"https:\/\/oss-cf.cjdropshipping.com\/product\/2025\/02\/19\/06\/1b15c39d-92d3-4429-a618-b025d67d1440_trans.jpeg\"><br \/>\n<img decoding=\"async\" src=\"https:\/\/cf.cjdropshipping.com\/quick\/product\/51a5a76c-7f20-4486-9cc6-7d623140028a.jpg\"><br \/>\n<img decoding=\"async\" src=\"https:\/\/cf.cjdropshipping.com\/quick\/product\/7ed8aa10-55b3-4e6d-8bba-357ace7a1db7.jpg\"><\/p>\n","protected":false},"excerpt":{"rendered":"<p>Informations sur le produit : Couleur : Noir, vert menthe,, bleu algue, camel fleur, jaune Camel Camel, curcuma, caramel, bleu acier, couleur rose gris clair, camel clair, vert pierre bleue, gris fonc\u00e9, bleu ciel, rouge violac\u00e9 gris moyen Taille : S,M,L,XL,XXL,XXXL Style : pull-over Style : commuting Proc\u00e9d\u00e9 : sans repassage Taille : Note : [&hellip;]<\/p>\n","protected":false},"featured_media":26964,"comment_status":"open","ping_status":"closed","template":"","meta":{"content-type":""},"product_brand":[],"product_cat":[691],"product_tag":[],"class_list":{"0":"post-31019","1":"product","2":"type-product","3":"status-publish","4":"has-post-thumbnail","6":"product_cat-sweatshirt-fr-2","8":"first","9":"instock","10":"taxable","11":"shipping-taxable","12":"purchasable","13":"product-type-variable","14":"add-to-wishlist-after_add_to_cart"},"yoast_head":"<!-- This site is optimized with the Yoast SEO plugin v27.4 - https:\/\/yoast.com\/product\/yoast-seo-wordpress\/ -->\n<title>Pull en laine pure Col rond Assortis \u00e0 une chemise d\u00e9contract\u00e9e en tricot de bas de laine - Aigle Shopping Canada<\/title>\n<meta name=\"robots\" content=\"index, follow, max-snippet:-1, max-image-preview:large, max-video-preview:-1\" \/>\n<link rel=\"canonical\" href=\"https:\/\/aigleshopping.ca\/fr\/produit\/pull-en-laine-pure-col-rond-assortis-a-une-chemise-decontractee-en-tricot-de-bas-de-laine\/\" \/>\n<meta property=\"og:locale\" content=\"fr_FR\" \/>\n<meta property=\"og:type\" content=\"article\" \/>\n<meta property=\"og:title\" content=\"Pull en laine pure Col rond Assortis \u00e0 une chemise d\u00e9contract\u00e9e en tricot de bas de laine - Aigle Shopping Canada\" \/>\n<meta property=\"og:description\" content=\"Informations sur le produit : Couleur : Noir, vert menthe,, bleu algue, camel fleur, jaune Camel Camel, curcuma, caramel, bleu acier, couleur rose gris clair, camel clair, vert pierre bleue, gris fonc\u00e9, bleu ciel, rouge violac\u00e9 gris moyen Taille : S,M,L,XL,XXL,XXXL Style : pull-over Style : commuting Proc\u00e9d\u00e9 : sans repassage Taille : Note : [&hellip;]\" \/>\n<meta property=\"og:url\" content=\"https:\/\/aigleshopping.ca\/fr\/produit\/pull-en-laine-pure-col-rond-assortis-a-une-chemise-decontractee-en-tricot-de-bas-de-laine\/\" \/>\n<meta property=\"og:site_name\" content=\"Aigle Shopping Canada\" \/>\n<meta property=\"og:image\" content=\"https:\/\/aigleshopping.ca\/wp-content\/uploads\/2025\/03\/e93f10fb-cb55-45f9-8a1c-34721075958c.jpg\" \/>\n\t<meta property=\"og:image:width\" content=\"800\" \/>\n\t<meta property=\"og:image:height\" content=\"800\" \/>\n\t<meta property=\"og:image:type\" content=\"image\/jpeg\" \/>\n<meta name=\"twitter:card\" content=\"summary_large_image\" \/>\n<meta name=\"twitter:label1\" content=\"Dur\u00e9e de lecture estim\u00e9e\" \/>\n\t<meta name=\"twitter:data1\" content=\"1 minute\" \/>\n<script type=\"application\/ld+json\" class=\"yoast-schema-graph\">{\"@context\":\"https:\\\/\\\/schema.org\",\"@graph\":[{\"@type\":\"WebPage\",\"@id\":\"https:\\\/\\\/aigleshopping.ca\\\/fr\\\/produit\\\/pull-en-laine-pure-col-rond-assortis-a-une-chemise-decontractee-en-tricot-de-bas-de-laine\\\/\",\"url\":\"https:\\\/\\\/aigleshopping.ca\\\/fr\\\/produit\\\/pull-en-laine-pure-col-rond-assortis-a-une-chemise-decontractee-en-tricot-de-bas-de-laine\\\/\",\"name\":\"Pull en laine pure Col rond Assortis \u00e0 une chemise d\u00e9contract\u00e9e en tricot de bas de laine - Aigle Shopping Canada\",\"isPartOf\":{\"@id\":\"https:\\\/\\\/aigleshopping.ca\\\/#website\"},\"primaryImageOfPage\":{\"@id\":\"https:\\\/\\\/aigleshopping.ca\\\/fr\\\/produit\\\/pull-en-laine-pure-col-rond-assortis-a-une-chemise-decontractee-en-tricot-de-bas-de-laine\\\/#primaryimage\"},\"image\":{\"@id\":\"https:\\\/\\\/aigleshopping.ca\\\/fr\\\/produit\\\/pull-en-laine-pure-col-rond-assortis-a-une-chemise-decontractee-en-tricot-de-bas-de-laine\\\/#primaryimage\"},\"thumbnailUrl\":\"https:\\\/\\\/aigleshopping.ca\\\/wp-content\\\/uploads\\\/2025\\\/03\\\/e93f10fb-cb55-45f9-8a1c-34721075958c.jpg\",\"datePublished\":\"2025-03-20T06:44:42+00:00\",\"breadcrumb\":{\"@id\":\"https:\\\/\\\/aigleshopping.ca\\\/fr\\\/produit\\\/pull-en-laine-pure-col-rond-assortis-a-une-chemise-decontractee-en-tricot-de-bas-de-laine\\\/#breadcrumb\"},\"inLanguage\":\"fr-FR\",\"potentialAction\":[{\"@type\":\"ReadAction\",\"target\":[\"https:\\\/\\\/aigleshopping.ca\\\/fr\\\/produit\\\/pull-en-laine-pure-col-rond-assortis-a-une-chemise-decontractee-en-tricot-de-bas-de-laine\\\/\"]}]},{\"@type\":\"ImageObject\",\"inLanguage\":\"fr-FR\",\"@id\":\"https:\\\/\\\/aigleshopping.ca\\\/fr\\\/produit\\\/pull-en-laine-pure-col-rond-assortis-a-une-chemise-decontractee-en-tricot-de-bas-de-laine\\\/#primaryimage\",\"url\":\"https:\\\/\\\/aigleshopping.ca\\\/wp-content\\\/uploads\\\/2025\\\/03\\\/e93f10fb-cb55-45f9-8a1c-34721075958c.jpg\",\"contentUrl\":\"https:\\\/\\\/aigleshopping.ca\\\/wp-content\\\/uploads\\\/2025\\\/03\\\/e93f10fb-cb55-45f9-8a1c-34721075958c.jpg\",\"width\":800,\"height\":800},{\"@type\":\"BreadcrumbList\",\"@id\":\"https:\\\/\\\/aigleshopping.ca\\\/fr\\\/produit\\\/pull-en-laine-pure-col-rond-assortis-a-une-chemise-decontractee-en-tricot-de-bas-de-laine\\\/#breadcrumb\",\"itemListElement\":[{\"@type\":\"ListItem\",\"position\":1,\"name\":\"Home\",\"item\":\"https:\\\/\\\/aigleshopping.ca\\\/fr\\\/home\\\/\"},{\"@type\":\"ListItem\",\"position\":2,\"name\":\"Products\",\"item\":\"https:\\\/\\\/aigleshopping.ca\\\/shop\\\/\"},{\"@type\":\"ListItem\",\"position\":3,\"name\":\"Pull en laine pure Col rond Assortis \u00e0 une chemise d\u00e9contract\u00e9e en tricot de bas de laine\"}]},{\"@type\":\"WebSite\",\"@id\":\"https:\\\/\\\/aigleshopping.ca\\\/#website\",\"url\":\"https:\\\/\\\/aigleshopping.ca\\\/\",\"name\":\"Aigle Shopping Canada\",\"description\":\"Au-del\u00e0 des fronti\u00e8res, pour vous offrir le\u00a0meilleur!\",\"publisher\":{\"@id\":\"https:\\\/\\\/aigleshopping.ca\\\/#organization\"},\"potentialAction\":[{\"@type\":\"SearchAction\",\"target\":{\"@type\":\"EntryPoint\",\"urlTemplate\":\"https:\\\/\\\/aigleshopping.ca\\\/?s={search_term_string}\"},\"query-input\":{\"@type\":\"PropertyValueSpecification\",\"valueRequired\":true,\"valueName\":\"search_term_string\"}}],\"inLanguage\":\"fr-FR\"},{\"@type\":\"Organization\",\"@id\":\"https:\\\/\\\/aigleshopping.ca\\\/#organization\",\"name\":\"Aigle Shopping Canada\",\"url\":\"https:\\\/\\\/aigleshopping.ca\\\/\",\"logo\":{\"@type\":\"ImageObject\",\"inLanguage\":\"fr-FR\",\"@id\":\"https:\\\/\\\/aigleshopping.ca\\\/#\\\/schema\\\/logo\\\/image\\\/\",\"url\":\"https:\\\/\\\/aigleshopping.ca\\\/wp-content\\\/uploads\\\/2025\\\/12\\\/logo_aigleshopping_ca.png\",\"contentUrl\":\"https:\\\/\\\/aigleshopping.ca\\\/wp-content\\\/uploads\\\/2025\\\/12\\\/logo_aigleshopping_ca.png\",\"width\":800,\"height\":233,\"caption\":\"Aigle Shopping Canada\"},\"image\":{\"@id\":\"https:\\\/\\\/aigleshopping.ca\\\/#\\\/schema\\\/logo\\\/image\\\/\"}}]}<\/script>\n<!-- \/ Yoast SEO plugin. -->","yoast_head_json":{"title":"Pull en laine pure Col rond Assortis \u00e0 une chemise d\u00e9contract\u00e9e en tricot de bas de laine - Aigle Shopping Canada","robots":{"index":"index","follow":"follow","max-snippet":"max-snippet:-1","max-image-preview":"max-image-preview:large","max-video-preview":"max-video-preview:-1"},"canonical":"https:\/\/aigleshopping.ca\/fr\/produit\/pull-en-laine-pure-col-rond-assortis-a-une-chemise-decontractee-en-tricot-de-bas-de-laine\/","og_locale":"fr_FR","og_type":"article","og_title":"Pull en laine pure Col rond Assortis \u00e0 une chemise d\u00e9contract\u00e9e en tricot de bas de laine - Aigle Shopping Canada","og_description":"Informations sur le produit : Couleur : Noir, vert menthe,, bleu algue, camel fleur, jaune Camel Camel, curcuma, caramel, bleu acier, couleur rose gris clair, camel clair, vert pierre bleue, gris fonc\u00e9, bleu ciel, rouge violac\u00e9 gris moyen Taille : S,M,L,XL,XXL,XXXL Style : pull-over Style : commuting Proc\u00e9d\u00e9 : sans repassage Taille : Note : [&hellip;]","og_url":"https:\/\/aigleshopping.ca\/fr\/produit\/pull-en-laine-pure-col-rond-assortis-a-une-chemise-decontractee-en-tricot-de-bas-de-laine\/","og_site_name":"Aigle Shopping Canada","og_image":[{"width":800,"height":800,"url":"https:\/\/aigleshopping.ca\/wp-content\/uploads\/2025\/03\/e93f10fb-cb55-45f9-8a1c-34721075958c.jpg","type":"image\/jpeg"}],"twitter_card":"summary_large_image","twitter_misc":{"Dur\u00e9e de lecture estim\u00e9e":"1 minute"},"schema":{"@context":"https:\/\/schema.org","@graph":[{"@type":"WebPage","@id":"https:\/\/aigleshopping.ca\/fr\/produit\/pull-en-laine-pure-col-rond-assortis-a-une-chemise-decontractee-en-tricot-de-bas-de-laine\/","url":"https:\/\/aigleshopping.ca\/fr\/produit\/pull-en-laine-pure-col-rond-assortis-a-une-chemise-decontractee-en-tricot-de-bas-de-laine\/","name":"Pull en laine pure Col rond Assortis \u00e0 une chemise d\u00e9contract\u00e9e en tricot de bas de laine - Aigle Shopping Canada","isPartOf":{"@id":"https:\/\/aigleshopping.ca\/#website"},"primaryImageOfPage":{"@id":"https:\/\/aigleshopping.ca\/fr\/produit\/pull-en-laine-pure-col-rond-assortis-a-une-chemise-decontractee-en-tricot-de-bas-de-laine\/#primaryimage"},"image":{"@id":"https:\/\/aigleshopping.ca\/fr\/produit\/pull-en-laine-pure-col-rond-assortis-a-une-chemise-decontractee-en-tricot-de-bas-de-laine\/#primaryimage"},"thumbnailUrl":"https:\/\/aigleshopping.ca\/wp-content\/uploads\/2025\/03\/e93f10fb-cb55-45f9-8a1c-34721075958c.jpg","datePublished":"2025-03-20T06:44:42+00:00","breadcrumb":{"@id":"https:\/\/aigleshopping.ca\/fr\/produit\/pull-en-laine-pure-col-rond-assortis-a-une-chemise-decontractee-en-tricot-de-bas-de-laine\/#breadcrumb"},"inLanguage":"fr-FR","potentialAction":[{"@type":"ReadAction","target":["https:\/\/aigleshopping.ca\/fr\/produit\/pull-en-laine-pure-col-rond-assortis-a-une-chemise-decontractee-en-tricot-de-bas-de-laine\/"]}]},{"@type":"ImageObject","inLanguage":"fr-FR","@id":"https:\/\/aigleshopping.ca\/fr\/produit\/pull-en-laine-pure-col-rond-assortis-a-une-chemise-decontractee-en-tricot-de-bas-de-laine\/#primaryimage","url":"https:\/\/aigleshopping.ca\/wp-content\/uploads\/2025\/03\/e93f10fb-cb55-45f9-8a1c-34721075958c.jpg","contentUrl":"https:\/\/aigleshopping.ca\/wp-content\/uploads\/2025\/03\/e93f10fb-cb55-45f9-8a1c-34721075958c.jpg","width":800,"height":800},{"@type":"BreadcrumbList","@id":"https:\/\/aigleshopping.ca\/fr\/produit\/pull-en-laine-pure-col-rond-assortis-a-une-chemise-decontractee-en-tricot-de-bas-de-laine\/#breadcrumb","itemListElement":[{"@type":"ListItem","position":1,"name":"Home","item":"https:\/\/aigleshopping.ca\/fr\/home\/"},{"@type":"ListItem","position":2,"name":"Products","item":"https:\/\/aigleshopping.ca\/shop\/"},{"@type":"ListItem","position":3,"name":"Pull en laine pure Col rond Assortis \u00e0 une chemise d\u00e9contract\u00e9e en tricot de bas de laine"}]},{"@type":"WebSite","@id":"https:\/\/aigleshopping.ca\/#website","url":"https:\/\/aigleshopping.ca\/","name":"Aigle Shopping Canada","description":"Au-del\u00e0 des fronti\u00e8res, pour vous offrir le\u00a0meilleur!","publisher":{"@id":"https:\/\/aigleshopping.ca\/#organization"},"potentialAction":[{"@type":"SearchAction","target":{"@type":"EntryPoint","urlTemplate":"https:\/\/aigleshopping.ca\/?s={search_term_string}"},"query-input":{"@type":"PropertyValueSpecification","valueRequired":true,"valueName":"search_term_string"}}],"inLanguage":"fr-FR"},{"@type":"Organization","@id":"https:\/\/aigleshopping.ca\/#organization","name":"Aigle Shopping Canada","url":"https:\/\/aigleshopping.ca\/","logo":{"@type":"ImageObject","inLanguage":"fr-FR","@id":"https:\/\/aigleshopping.ca\/#\/schema\/logo\/image\/","url":"https:\/\/aigleshopping.ca\/wp-content\/uploads\/2025\/12\/logo_aigleshopping_ca.png","contentUrl":"https:\/\/aigleshopping.ca\/wp-content\/uploads\/2025\/12\/logo_aigleshopping_ca.png","width":800,"height":233,"caption":"Aigle Shopping Canada"},"image":{"@id":"https:\/\/aigleshopping.ca\/#\/schema\/logo\/image\/"}}]}},"jetpack_sharing_enabled":true,"_links":{"self":[{"href":"https:\/\/aigleshopping.ca\/fr\/wp-json\/wp\/v2\/product\/31019","targetHints":{"allow":["GET"]}}],"collection":[{"href":"https:\/\/aigleshopping.ca\/fr\/wp-json\/wp\/v2\/product"}],"about":[{"href":"https:\/\/aigleshopping.ca\/fr\/wp-json\/wp\/v2\/types\/product"}],"replies":[{"embeddable":true,"href":"https:\/\/aigleshopping.ca\/fr\/wp-json\/wp\/v2\/comments?post=31019"}],"wp:featuredmedia":[{"embeddable":true,"href":"https:\/\/aigleshopping.ca\/fr\/wp-json\/wp\/v2\/media\/26964"}],"wp:attachment":[{"href":"https:\/\/aigleshopping.ca\/fr\/wp-json\/wp\/v2\/media?parent=31019"}],"wp:term":[{"taxonomy":"product_brand","embeddable":true,"href":"https:\/\/aigleshopping.ca\/fr\/wp-json\/wp\/v2\/product_brand?post=31019"},{"taxonomy":"product_cat","embeddable":true,"href":"https:\/\/aigleshopping.ca\/fr\/wp-json\/wp\/v2\/product_cat?post=31019"},{"taxonomy":"product_tag","embeddable":true,"href":"https:\/\/aigleshopping.ca\/fr\/wp-json\/wp\/v2\/product_tag?post=31019"}],"curies":[{"name":"wp","href":"https:\/\/api.w.org\/{rel}","templated":true}]}}