{"id":31138,"date":"2025-03-09T21:30:55","date_gmt":"2025-03-09T21:30:55","guid":{"rendered":"https:\/\/aigleshopping.ca\/produit\/chargeur-magnetique-sans-fil-tresor-electrique-chargeur-sans-fil-source-dalimentation-portable-pied-5000ma\/"},"modified":"2025-03-09T21:30:55","modified_gmt":"2025-03-09T21:30:55","slug":"chargeur-magnetique-sans-fil-tresor-electrique-chargeur-sans-fil-source-dalimentation-portable-pied-5000ma","status":"publish","type":"product","link":"https:\/\/aigleshopping.ca\/fr\/produit\/chargeur-magnetique-sans-fil-tresor-electrique-chargeur-sans-fil-source-dalimentation-portable-pied-5000ma\/","title":{"rendered":"Chargeur magn\u00e9tique sans fil Tr\u00e9sor \u00e9lectrique Chargeur sans fil Source d&rsquo;alimentation portable Pied 5000MA"},"content":{"rendered":"<p> <b>Informations sur le produit :<\/b> <br \/> Couleur : blanc <br \/> Mat\u00e9riau de la coque : PVC <br \/> Fonction : charge sans fil <br \/> Taille : 100*65 * 16mm <br \/> Style : Design cr\u00e9atif   <\/p>\n<p> <br \/>\n<b>Liste d&#8217;emballage :  <\/b><br \/>\n<br \/>  Banque d&rsquo;alimentation * 1&nbsp;<br \/>\n<b>Image du produit :<\/b><br \/>\n<br \/> <br \/>\n<img decoding=\"async\" src=\"https:\/\/cf.cjdropshipping.com\/027ce058-5f42-4398-a57a-2105d255c7f2.jpg\"><br \/>\n<img decoding=\"async\" src=\"https:\/\/cf.cjdropshipping.com\/da109d82-7b48-4d9d-923a-67b96d4e94cc.jpg\"><br \/>\n<img decoding=\"async\" src=\"https:\/\/cf.cjdropshipping.com\/8d4a95ff-990e-48c8-8755-b4e846854e16.jpg\"><br \/>\n<img decoding=\"async\" src=\"https:\/\/cf.cjdropshipping.com\/9c1fa75b-350d-4864-9ef1-c94de67cfec8.jpg\"><br \/>\n<img decoding=\"async\" src=\"https:\/\/cf.cjdropshipping.com\/71de09a5-4d5a-4ffa-8bf4-605b51739e6e.jpg\"><\/p>\n","protected":false},"excerpt":{"rendered":"<p>Informations sur le produit : Couleur : blanc Mat\u00e9riau de la coque : PVC Fonction : charge sans fil Taille : 100*65 * 16mm Style : Design cr\u00e9atif Liste d&#8217;emballage : Banque d&rsquo;alimentation * 1&nbsp; Image du produit :<\/p>\n","protected":false},"featured_media":19883,"comment_status":"open","ping_status":"closed","template":"","meta":{"content-type":""},"product_brand":[],"product_cat":[739],"product_tag":[],"class_list":{"0":"post-31138","1":"product","2":"type-product","3":"status-publish","4":"has-post-thumbnail","6":"product_cat-banque-denergie-et-station-de-recharge","8":"first","9":"instock","10":"taxable","11":"shipping-taxable","12":"purchasable","13":"product-type-variable","14":"add-to-wishlist-after_add_to_cart"},"yoast_head":"<!-- This site is optimized with the Yoast SEO plugin v27.4 - https:\/\/yoast.com\/product\/yoast-seo-wordpress\/ -->\n<title>Chargeur magn\u00e9tique sans fil Tr\u00e9sor \u00e9lectrique Chargeur sans fil Source d&#039;alimentation portable Pied 5000MA - Aigle Shopping Canada<\/title>\n<meta name=\"robots\" content=\"index, follow, max-snippet:-1, max-image-preview:large, max-video-preview:-1\" \/>\n<link rel=\"canonical\" href=\"https:\/\/aigleshopping.ca\/fr\/produit\/chargeur-magnetique-sans-fil-tresor-electrique-chargeur-sans-fil-source-dalimentation-portable-pied-5000ma\/\" \/>\n<meta property=\"og:locale\" content=\"fr_FR\" \/>\n<meta property=\"og:type\" content=\"article\" \/>\n<meta property=\"og:title\" content=\"Chargeur magn\u00e9tique sans fil Tr\u00e9sor \u00e9lectrique Chargeur sans fil Source d&#039;alimentation portable Pied 5000MA - Aigle Shopping Canada\" \/>\n<meta property=\"og:description\" content=\"Informations sur le produit : Couleur : blanc Mat\u00e9riau de la coque : PVC Fonction : charge sans fil Taille : 100*65 * 16mm Style : Design cr\u00e9atif Liste d&#8217;emballage : Banque d&rsquo;alimentation * 1&nbsp; Image du produit :\" \/>\n<meta property=\"og:url\" content=\"https:\/\/aigleshopping.ca\/fr\/produit\/chargeur-magnetique-sans-fil-tresor-electrique-chargeur-sans-fil-source-dalimentation-portable-pied-5000ma\/\" \/>\n<meta property=\"og:site_name\" content=\"Aigle Shopping Canada\" \/>\n<meta property=\"og:image\" content=\"https:\/\/aigleshopping.ca\/wp-content\/uploads\/2025\/03\/e4cc81d6-d2d0-4b22-b10e-b0670ad9ec5f.jpg\" \/>\n\t<meta property=\"og:image:width\" content=\"800\" \/>\n\t<meta property=\"og:image:height\" content=\"800\" \/>\n\t<meta property=\"og:image:type\" content=\"image\/jpeg\" \/>\n<meta name=\"twitter:card\" content=\"summary_large_image\" \/>\n<script type=\"application\/ld+json\" class=\"yoast-schema-graph\">{\"@context\":\"https:\\\/\\\/schema.org\",\"@graph\":[{\"@type\":\"WebPage\",\"@id\":\"https:\\\/\\\/aigleshopping.ca\\\/fr\\\/produit\\\/chargeur-magnetique-sans-fil-tresor-electrique-chargeur-sans-fil-source-dalimentation-portable-pied-5000ma\\\/\",\"url\":\"https:\\\/\\\/aigleshopping.ca\\\/fr\\\/produit\\\/chargeur-magnetique-sans-fil-tresor-electrique-chargeur-sans-fil-source-dalimentation-portable-pied-5000ma\\\/\",\"name\":\"Chargeur magn\u00e9tique sans fil Tr\u00e9sor \u00e9lectrique Chargeur sans fil Source d'alimentation portable Pied 5000MA - Aigle Shopping Canada\",\"isPartOf\":{\"@id\":\"https:\\\/\\\/aigleshopping.ca\\\/#website\"},\"primaryImageOfPage\":{\"@id\":\"https:\\\/\\\/aigleshopping.ca\\\/fr\\\/produit\\\/chargeur-magnetique-sans-fil-tresor-electrique-chargeur-sans-fil-source-dalimentation-portable-pied-5000ma\\\/#primaryimage\"},\"image\":{\"@id\":\"https:\\\/\\\/aigleshopping.ca\\\/fr\\\/produit\\\/chargeur-magnetique-sans-fil-tresor-electrique-chargeur-sans-fil-source-dalimentation-portable-pied-5000ma\\\/#primaryimage\"},\"thumbnailUrl\":\"https:\\\/\\\/aigleshopping.ca\\\/wp-content\\\/uploads\\\/2025\\\/03\\\/e4cc81d6-d2d0-4b22-b10e-b0670ad9ec5f.jpg\",\"datePublished\":\"2025-03-09T21:30:55+00:00\",\"breadcrumb\":{\"@id\":\"https:\\\/\\\/aigleshopping.ca\\\/fr\\\/produit\\\/chargeur-magnetique-sans-fil-tresor-electrique-chargeur-sans-fil-source-dalimentation-portable-pied-5000ma\\\/#breadcrumb\"},\"inLanguage\":\"fr-FR\",\"potentialAction\":[{\"@type\":\"ReadAction\",\"target\":[\"https:\\\/\\\/aigleshopping.ca\\\/fr\\\/produit\\\/chargeur-magnetique-sans-fil-tresor-electrique-chargeur-sans-fil-source-dalimentation-portable-pied-5000ma\\\/\"]}]},{\"@type\":\"ImageObject\",\"inLanguage\":\"fr-FR\",\"@id\":\"https:\\\/\\\/aigleshopping.ca\\\/fr\\\/produit\\\/chargeur-magnetique-sans-fil-tresor-electrique-chargeur-sans-fil-source-dalimentation-portable-pied-5000ma\\\/#primaryimage\",\"url\":\"https:\\\/\\\/aigleshopping.ca\\\/wp-content\\\/uploads\\\/2025\\\/03\\\/e4cc81d6-d2d0-4b22-b10e-b0670ad9ec5f.jpg\",\"contentUrl\":\"https:\\\/\\\/aigleshopping.ca\\\/wp-content\\\/uploads\\\/2025\\\/03\\\/e4cc81d6-d2d0-4b22-b10e-b0670ad9ec5f.jpg\",\"width\":800,\"height\":800},{\"@type\":\"BreadcrumbList\",\"@id\":\"https:\\\/\\\/aigleshopping.ca\\\/fr\\\/produit\\\/chargeur-magnetique-sans-fil-tresor-electrique-chargeur-sans-fil-source-dalimentation-portable-pied-5000ma\\\/#breadcrumb\",\"itemListElement\":[{\"@type\":\"ListItem\",\"position\":1,\"name\":\"Home\",\"item\":\"https:\\\/\\\/aigleshopping.ca\\\/fr\\\/home\\\/\"},{\"@type\":\"ListItem\",\"position\":2,\"name\":\"Products\",\"item\":\"https:\\\/\\\/aigleshopping.ca\\\/shop\\\/\"},{\"@type\":\"ListItem\",\"position\":3,\"name\":\"Chargeur magn\u00e9tique sans fil Tr\u00e9sor \u00e9lectrique Chargeur sans fil Source d&#8217;alimentation portable Pied 5000MA\"}]},{\"@type\":\"WebSite\",\"@id\":\"https:\\\/\\\/aigleshopping.ca\\\/#website\",\"url\":\"https:\\\/\\\/aigleshopping.ca\\\/\",\"name\":\"Aigle Shopping Canada\",\"description\":\"Au-del\u00e0 des fronti\u00e8res, pour vous offrir le\u00a0meilleur!\",\"publisher\":{\"@id\":\"https:\\\/\\\/aigleshopping.ca\\\/#organization\"},\"potentialAction\":[{\"@type\":\"SearchAction\",\"target\":{\"@type\":\"EntryPoint\",\"urlTemplate\":\"https:\\\/\\\/aigleshopping.ca\\\/?s={search_term_string}\"},\"query-input\":{\"@type\":\"PropertyValueSpecification\",\"valueRequired\":true,\"valueName\":\"search_term_string\"}}],\"inLanguage\":\"fr-FR\"},{\"@type\":\"Organization\",\"@id\":\"https:\\\/\\\/aigleshopping.ca\\\/#organization\",\"name\":\"Aigle Shopping Canada\",\"url\":\"https:\\\/\\\/aigleshopping.ca\\\/\",\"logo\":{\"@type\":\"ImageObject\",\"inLanguage\":\"fr-FR\",\"@id\":\"https:\\\/\\\/aigleshopping.ca\\\/#\\\/schema\\\/logo\\\/image\\\/\",\"url\":\"https:\\\/\\\/aigleshopping.ca\\\/wp-content\\\/uploads\\\/2025\\\/12\\\/logo_aigleshopping_ca.png\",\"contentUrl\":\"https:\\\/\\\/aigleshopping.ca\\\/wp-content\\\/uploads\\\/2025\\\/12\\\/logo_aigleshopping_ca.png\",\"width\":800,\"height\":233,\"caption\":\"Aigle Shopping Canada\"},\"image\":{\"@id\":\"https:\\\/\\\/aigleshopping.ca\\\/#\\\/schema\\\/logo\\\/image\\\/\"}}]}<\/script>\n<!-- \/ Yoast SEO plugin. -->","yoast_head_json":{"title":"Chargeur magn\u00e9tique sans fil Tr\u00e9sor \u00e9lectrique Chargeur sans fil Source d'alimentation portable Pied 5000MA - Aigle Shopping Canada","robots":{"index":"index","follow":"follow","max-snippet":"max-snippet:-1","max-image-preview":"max-image-preview:large","max-video-preview":"max-video-preview:-1"},"canonical":"https:\/\/aigleshopping.ca\/fr\/produit\/chargeur-magnetique-sans-fil-tresor-electrique-chargeur-sans-fil-source-dalimentation-portable-pied-5000ma\/","og_locale":"fr_FR","og_type":"article","og_title":"Chargeur magn\u00e9tique sans fil Tr\u00e9sor \u00e9lectrique Chargeur sans fil Source d'alimentation portable Pied 5000MA - Aigle Shopping Canada","og_description":"Informations sur le produit : Couleur : blanc Mat\u00e9riau de la coque : PVC Fonction : charge sans fil Taille : 100*65 * 16mm Style : Design cr\u00e9atif Liste d&#8217;emballage : Banque d&rsquo;alimentation * 1&nbsp; Image du produit :","og_url":"https:\/\/aigleshopping.ca\/fr\/produit\/chargeur-magnetique-sans-fil-tresor-electrique-chargeur-sans-fil-source-dalimentation-portable-pied-5000ma\/","og_site_name":"Aigle Shopping Canada","og_image":[{"width":800,"height":800,"url":"https:\/\/aigleshopping.ca\/wp-content\/uploads\/2025\/03\/e4cc81d6-d2d0-4b22-b10e-b0670ad9ec5f.jpg","type":"image\/jpeg"}],"twitter_card":"summary_large_image","schema":{"@context":"https:\/\/schema.org","@graph":[{"@type":"WebPage","@id":"https:\/\/aigleshopping.ca\/fr\/produit\/chargeur-magnetique-sans-fil-tresor-electrique-chargeur-sans-fil-source-dalimentation-portable-pied-5000ma\/","url":"https:\/\/aigleshopping.ca\/fr\/produit\/chargeur-magnetique-sans-fil-tresor-electrique-chargeur-sans-fil-source-dalimentation-portable-pied-5000ma\/","name":"Chargeur magn\u00e9tique sans fil Tr\u00e9sor \u00e9lectrique Chargeur sans fil Source d'alimentation portable Pied 5000MA - Aigle Shopping Canada","isPartOf":{"@id":"https:\/\/aigleshopping.ca\/#website"},"primaryImageOfPage":{"@id":"https:\/\/aigleshopping.ca\/fr\/produit\/chargeur-magnetique-sans-fil-tresor-electrique-chargeur-sans-fil-source-dalimentation-portable-pied-5000ma\/#primaryimage"},"image":{"@id":"https:\/\/aigleshopping.ca\/fr\/produit\/chargeur-magnetique-sans-fil-tresor-electrique-chargeur-sans-fil-source-dalimentation-portable-pied-5000ma\/#primaryimage"},"thumbnailUrl":"https:\/\/aigleshopping.ca\/wp-content\/uploads\/2025\/03\/e4cc81d6-d2d0-4b22-b10e-b0670ad9ec5f.jpg","datePublished":"2025-03-09T21:30:55+00:00","breadcrumb":{"@id":"https:\/\/aigleshopping.ca\/fr\/produit\/chargeur-magnetique-sans-fil-tresor-electrique-chargeur-sans-fil-source-dalimentation-portable-pied-5000ma\/#breadcrumb"},"inLanguage":"fr-FR","potentialAction":[{"@type":"ReadAction","target":["https:\/\/aigleshopping.ca\/fr\/produit\/chargeur-magnetique-sans-fil-tresor-electrique-chargeur-sans-fil-source-dalimentation-portable-pied-5000ma\/"]}]},{"@type":"ImageObject","inLanguage":"fr-FR","@id":"https:\/\/aigleshopping.ca\/fr\/produit\/chargeur-magnetique-sans-fil-tresor-electrique-chargeur-sans-fil-source-dalimentation-portable-pied-5000ma\/#primaryimage","url":"https:\/\/aigleshopping.ca\/wp-content\/uploads\/2025\/03\/e4cc81d6-d2d0-4b22-b10e-b0670ad9ec5f.jpg","contentUrl":"https:\/\/aigleshopping.ca\/wp-content\/uploads\/2025\/03\/e4cc81d6-d2d0-4b22-b10e-b0670ad9ec5f.jpg","width":800,"height":800},{"@type":"BreadcrumbList","@id":"https:\/\/aigleshopping.ca\/fr\/produit\/chargeur-magnetique-sans-fil-tresor-electrique-chargeur-sans-fil-source-dalimentation-portable-pied-5000ma\/#breadcrumb","itemListElement":[{"@type":"ListItem","position":1,"name":"Home","item":"https:\/\/aigleshopping.ca\/fr\/home\/"},{"@type":"ListItem","position":2,"name":"Products","item":"https:\/\/aigleshopping.ca\/shop\/"},{"@type":"ListItem","position":3,"name":"Chargeur magn\u00e9tique sans fil Tr\u00e9sor \u00e9lectrique Chargeur sans fil Source d&#8217;alimentation portable Pied 5000MA"}]},{"@type":"WebSite","@id":"https:\/\/aigleshopping.ca\/#website","url":"https:\/\/aigleshopping.ca\/","name":"Aigle Shopping Canada","description":"Au-del\u00e0 des fronti\u00e8res, pour vous offrir le\u00a0meilleur!","publisher":{"@id":"https:\/\/aigleshopping.ca\/#organization"},"potentialAction":[{"@type":"SearchAction","target":{"@type":"EntryPoint","urlTemplate":"https:\/\/aigleshopping.ca\/?s={search_term_string}"},"query-input":{"@type":"PropertyValueSpecification","valueRequired":true,"valueName":"search_term_string"}}],"inLanguage":"fr-FR"},{"@type":"Organization","@id":"https:\/\/aigleshopping.ca\/#organization","name":"Aigle Shopping Canada","url":"https:\/\/aigleshopping.ca\/","logo":{"@type":"ImageObject","inLanguage":"fr-FR","@id":"https:\/\/aigleshopping.ca\/#\/schema\/logo\/image\/","url":"https:\/\/aigleshopping.ca\/wp-content\/uploads\/2025\/12\/logo_aigleshopping_ca.png","contentUrl":"https:\/\/aigleshopping.ca\/wp-content\/uploads\/2025\/12\/logo_aigleshopping_ca.png","width":800,"height":233,"caption":"Aigle Shopping Canada"},"image":{"@id":"https:\/\/aigleshopping.ca\/#\/schema\/logo\/image\/"}}]}},"jetpack_sharing_enabled":true,"_links":{"self":[{"href":"https:\/\/aigleshopping.ca\/fr\/wp-json\/wp\/v2\/product\/31138","targetHints":{"allow":["GET"]}}],"collection":[{"href":"https:\/\/aigleshopping.ca\/fr\/wp-json\/wp\/v2\/product"}],"about":[{"href":"https:\/\/aigleshopping.ca\/fr\/wp-json\/wp\/v2\/types\/product"}],"replies":[{"embeddable":true,"href":"https:\/\/aigleshopping.ca\/fr\/wp-json\/wp\/v2\/comments?post=31138"}],"wp:featuredmedia":[{"embeddable":true,"href":"https:\/\/aigleshopping.ca\/fr\/wp-json\/wp\/v2\/media\/19883"}],"wp:attachment":[{"href":"https:\/\/aigleshopping.ca\/fr\/wp-json\/wp\/v2\/media?parent=31138"}],"wp:term":[{"taxonomy":"product_brand","embeddable":true,"href":"https:\/\/aigleshopping.ca\/fr\/wp-json\/wp\/v2\/product_brand?post=31138"},{"taxonomy":"product_cat","embeddable":true,"href":"https:\/\/aigleshopping.ca\/fr\/wp-json\/wp\/v2\/product_cat?post=31138"},{"taxonomy":"product_tag","embeddable":true,"href":"https:\/\/aigleshopping.ca\/fr\/wp-json\/wp\/v2\/product_tag?post=31138"}],"curies":[{"name":"wp","href":"https:\/\/api.w.org\/{rel}","templated":true}]}}