{"id":31218,"date":"2025-03-20T06:09:18","date_gmt":"2025-03-20T06:09:18","guid":{"rendered":"https:\/\/aigleshopping.ca\/produit\/heavy-mens-knitted-cardigan-coat-autumn-and-winter-v-neck-cotton-knitwear\/"},"modified":"2025-03-20T06:09:18","modified_gmt":"2025-03-20T06:09:18","slug":"heavy-mens-knitted-cardigan-coat-autumn-and-winter-v-neck-cotton-knitwear","status":"publish","type":"product","link":"https:\/\/aigleshopping.ca\/fr\/produit\/heavy-mens-knitted-cardigan-coat-autumn-and-winter-v-neck-cotton-knitwear\/","title":{"rendered":"Heavy Men&rsquo;s Knitted Cardigan Coat Autumn And Winter V-neck Cotton Knitwear"},"content":{"rendered":"<p> <b>Informations sur le produit :<\/b> <br \/> Couleur : blanc, noir, kaki, vert <br \/> Convient aux personnes : Jeunes <br \/> Taille : 165,170,175,180,185,190 <br \/> Version : Loose <br \/> Style : Cardigan <br \/> \u00c9paisseur : \u00e9paississement <br \/> Nom du tissu : acrylique <br \/> Sc\u00e9narios d&rsquo;application : Loisirs <br \/> Personnes concern\u00e9es : Jeunes <br \/> Longueur des manches : manches longues <br \/> Style : Simple <br \/> Proc\u00e9d\u00e9 : sans repassage  <\/p>\n<p><b>Taille :<\/b><br \/>\n<br \/> <br \/>\n<img decoding=\"async\" src=\"https:\/\/oss-cf.cjdropshipping.com\/product\/2024\/12\/22\/12\/d5411cfe-b643-4460-b2df-53f5bdea4d3c.jpg\"> <\/p>\n<p><b>Note :<\/b> <\/p>\n<p>  1. Les tailles asiatiques sont 1 \u00e0 2 tailles plus petites que les tailles europ\u00e9ennes et am\u00e9ricaines. Choisissez la taille la plus grande si votre taille se situe entre deux tailles. Veuillez tenir compte d&rsquo;une diff\u00e9rence de 2 \u00e0 3 cm due aux mesures manuelles. 2. Si vous ne savez pas comment choisir votre taille, veuillez contacter notre service client\u00e8le. 3) Comme vous le savez, les ordinateurs affichent les couleurs diff\u00e9remment, la couleur de l&rsquo;article r\u00e9el peut varier l\u00e9g\u00e8rement par rapport aux images suivantes.      <\/p>\n<p> <br \/>\n<b>Liste d&#8217;emballage :  <\/b><br \/>\n<br \/>  Manteau x1<br \/>\n <\/p>\n<p><b>Image du produit :<\/b><br \/>\n<br \/> <br \/>\n<img decoding=\"async\" src=\"https:\/\/oss-cf.cjdropshipping.com\/product\/2024\/12\/22\/12\/81261c81-0f28-451a-9617-8999828c259b_trans.jpeg\"><br \/>\n<img decoding=\"async\" src=\"https:\/\/oss-cf.cjdropshipping.com\/product\/2024\/12\/22\/12\/e69e0a19-34f6-4376-b948-238ab8207f0b_trans.jpeg\"><br \/>\n<img decoding=\"async\" src=\"https:\/\/oss-cf.cjdropshipping.com\/product\/2024\/12\/22\/12\/dc0efbba-340f-44f6-ba36-2ceb78d0cd1c_trans.jpeg\"><br \/>\n<img decoding=\"async\" src=\"https:\/\/oss-cf.cjdropshipping.com\/product\/2024\/12\/22\/12\/5e8d35b2-3a3e-4ff3-90ec-c3bb7415523c_trans.jpeg\"><br \/>\n<img decoding=\"async\" src=\"https:\/\/oss-cf.cjdropshipping.com\/product\/2024\/12\/22\/12\/e5c6be66-6638-47de-b83b-613fce41f91f_trans.jpeg\"><br \/>\n<img decoding=\"async\" src=\"https:\/\/oss-cf.cjdropshipping.com\/product\/2024\/12\/22\/12\/619721f2-4b1f-4f9e-843d-8dd7861a249e_trans.jpeg\"><br \/>\n<img decoding=\"async\" src=\"https:\/\/oss-cf.cjdropshipping.com\/product\/2024\/12\/22\/12\/7bd229fa-0f48-49ed-8ac1-fe5657e4979f_trans.jpeg\"><br \/>\n<img decoding=\"async\" src=\"https:\/\/oss-cf.cjdropshipping.com\/product\/2024\/12\/22\/12\/b18ac6ea-e4ce-4faa-b5c6-f838bd7433fb_trans.jpeg\"><br \/>\n<img decoding=\"async\" src=\"https:\/\/oss-cf.cjdropshipping.com\/product\/2024\/12\/22\/12\/106a5e37-ceab-4901-aee4-40a32cbd2431_trans.jpeg\"><br \/>\n<img decoding=\"async\" src=\"https:\/\/oss-cf.cjdropshipping.com\/product\/2024\/12\/22\/12\/70202c3c-e9df-4024-9085-8e305bf7fa45_trans.jpeg\"><br \/>\n<img decoding=\"async\" src=\"https:\/\/oss-cf.cjdropshipping.com\/product\/2024\/12\/22\/12\/ddf66019-f6b1-42fe-ad15-abd9d89610bf_trans.jpeg\"><br \/>\n<img decoding=\"async\" src=\"https:\/\/oss-cf.cjdropshipping.com\/product\/2024\/12\/22\/12\/ee70bf07-0b06-4ac1-ac77-c5f6e7b94226_trans.jpeg\"><br \/>\n<img decoding=\"async\" src=\"https:\/\/oss-cf.cjdropshipping.com\/product\/2024\/12\/22\/12\/52b82b4d-1e51-42c5-8f99-d6cca1259426_trans.jpeg\"><br \/>\n<img decoding=\"async\" src=\"https:\/\/oss-cf.cjdropshipping.com\/product\/2024\/12\/22\/12\/e1d54be0-a446-483e-af43-e4accbf396fc_trans.jpeg\"><br \/>\n<img decoding=\"async\" src=\"https:\/\/oss-cf.cjdropshipping.com\/product\/2024\/12\/22\/12\/2adf7288-c05d-4caa-a7af-cb396e22ec22_trans.jpeg\"><br \/>\n<img decoding=\"async\" src=\"https:\/\/oss-cf.cjdropshipping.com\/product\/2024\/12\/22\/12\/4f154dd5-cbe1-47a0-b2fb-d1fd4778eadb_trans.jpeg\"><br \/>\n<img decoding=\"async\" src=\"https:\/\/oss-cf.cjdropshipping.com\/product\/2024\/12\/22\/12\/ff90e440-3ea7-4989-9cf9-ecbb22793476_trans.jpeg\"><\/p>\n","protected":false},"excerpt":{"rendered":"<p>Informations sur le produit : Couleur : blanc, noir, kaki, vert Convient aux personnes : Jeunes Taille : 165,170,175,180,185,190 Version : Loose Style : Cardigan \u00c9paisseur : \u00e9paississement Nom du tissu : acrylique Sc\u00e9narios d&rsquo;application : Loisirs Personnes concern\u00e9es : Jeunes Longueur des manches : manches longues Style : Simple Proc\u00e9d\u00e9 : sans repassage Taille [&hellip;]<\/p>\n","protected":false},"featured_media":24839,"comment_status":"open","ping_status":"closed","template":"","meta":{"content-type":""},"product_brand":[],"product_cat":[691],"product_tag":[],"class_list":{"0":"post-31218","1":"product","2":"type-product","3":"status-publish","4":"has-post-thumbnail","6":"product_cat-sweatshirt-fr-2","8":"first","9":"instock","10":"taxable","11":"shipping-taxable","12":"purchasable","13":"product-type-variable","14":"add-to-wishlist-after_add_to_cart"},"yoast_head":"<!-- This site is optimized with the Yoast SEO plugin v27.4 - https:\/\/yoast.com\/product\/yoast-seo-wordpress\/ -->\n<title>Heavy Men&#039;s Knitted Cardigan Coat Autumn And Winter V-neck Cotton Knitwear - Aigle Shopping Canada<\/title>\n<meta name=\"robots\" content=\"index, follow, max-snippet:-1, max-image-preview:large, max-video-preview:-1\" \/>\n<link rel=\"canonical\" href=\"https:\/\/aigleshopping.ca\/fr\/produit\/heavy-mens-knitted-cardigan-coat-autumn-and-winter-v-neck-cotton-knitwear\/\" \/>\n<meta property=\"og:locale\" content=\"fr_FR\" \/>\n<meta property=\"og:type\" content=\"article\" \/>\n<meta property=\"og:title\" content=\"Heavy Men&#039;s Knitted Cardigan Coat Autumn And Winter V-neck Cotton Knitwear - Aigle Shopping Canada\" \/>\n<meta property=\"og:description\" content=\"Informations sur le produit : Couleur : blanc, noir, kaki, vert Convient aux personnes : Jeunes Taille : 165,170,175,180,185,190 Version : Loose Style : Cardigan \u00c9paisseur : \u00e9paississement Nom du tissu : acrylique Sc\u00e9narios d&rsquo;application : Loisirs Personnes concern\u00e9es : Jeunes Longueur des manches : manches longues Style : Simple Proc\u00e9d\u00e9 : sans repassage Taille [&hellip;]\" \/>\n<meta property=\"og:url\" content=\"https:\/\/aigleshopping.ca\/fr\/produit\/heavy-mens-knitted-cardigan-coat-autumn-and-winter-v-neck-cotton-knitwear\/\" \/>\n<meta property=\"og:site_name\" content=\"Aigle Shopping Canada\" \/>\n<meta property=\"og:image\" content=\"https:\/\/aigleshopping.ca\/wp-content\/uploads\/2025\/03\/48a12792-6019-4f2c-b40d-d4274bf17090.jpg\" \/>\n\t<meta property=\"og:image:width\" content=\"800\" \/>\n\t<meta property=\"og:image:height\" content=\"800\" \/>\n\t<meta property=\"og:image:type\" content=\"image\/jpeg\" \/>\n<meta name=\"twitter:card\" content=\"summary_large_image\" \/>\n<meta name=\"twitter:label1\" content=\"Dur\u00e9e de lecture estim\u00e9e\" \/>\n\t<meta name=\"twitter:data1\" content=\"1 minute\" \/>\n<script type=\"application\/ld+json\" class=\"yoast-schema-graph\">{\"@context\":\"https:\\\/\\\/schema.org\",\"@graph\":[{\"@type\":\"WebPage\",\"@id\":\"https:\\\/\\\/aigleshopping.ca\\\/fr\\\/produit\\\/heavy-mens-knitted-cardigan-coat-autumn-and-winter-v-neck-cotton-knitwear\\\/\",\"url\":\"https:\\\/\\\/aigleshopping.ca\\\/fr\\\/produit\\\/heavy-mens-knitted-cardigan-coat-autumn-and-winter-v-neck-cotton-knitwear\\\/\",\"name\":\"Heavy Men's Knitted Cardigan Coat Autumn And Winter V-neck Cotton Knitwear - Aigle Shopping Canada\",\"isPartOf\":{\"@id\":\"https:\\\/\\\/aigleshopping.ca\\\/#website\"},\"primaryImageOfPage\":{\"@id\":\"https:\\\/\\\/aigleshopping.ca\\\/fr\\\/produit\\\/heavy-mens-knitted-cardigan-coat-autumn-and-winter-v-neck-cotton-knitwear\\\/#primaryimage\"},\"image\":{\"@id\":\"https:\\\/\\\/aigleshopping.ca\\\/fr\\\/produit\\\/heavy-mens-knitted-cardigan-coat-autumn-and-winter-v-neck-cotton-knitwear\\\/#primaryimage\"},\"thumbnailUrl\":\"https:\\\/\\\/aigleshopping.ca\\\/wp-content\\\/uploads\\\/2025\\\/03\\\/48a12792-6019-4f2c-b40d-d4274bf17090.jpg\",\"datePublished\":\"2025-03-20T06:09:18+00:00\",\"breadcrumb\":{\"@id\":\"https:\\\/\\\/aigleshopping.ca\\\/fr\\\/produit\\\/heavy-mens-knitted-cardigan-coat-autumn-and-winter-v-neck-cotton-knitwear\\\/#breadcrumb\"},\"inLanguage\":\"fr-FR\",\"potentialAction\":[{\"@type\":\"ReadAction\",\"target\":[\"https:\\\/\\\/aigleshopping.ca\\\/fr\\\/produit\\\/heavy-mens-knitted-cardigan-coat-autumn-and-winter-v-neck-cotton-knitwear\\\/\"]}]},{\"@type\":\"ImageObject\",\"inLanguage\":\"fr-FR\",\"@id\":\"https:\\\/\\\/aigleshopping.ca\\\/fr\\\/produit\\\/heavy-mens-knitted-cardigan-coat-autumn-and-winter-v-neck-cotton-knitwear\\\/#primaryimage\",\"url\":\"https:\\\/\\\/aigleshopping.ca\\\/wp-content\\\/uploads\\\/2025\\\/03\\\/48a12792-6019-4f2c-b40d-d4274bf17090.jpg\",\"contentUrl\":\"https:\\\/\\\/aigleshopping.ca\\\/wp-content\\\/uploads\\\/2025\\\/03\\\/48a12792-6019-4f2c-b40d-d4274bf17090.jpg\",\"width\":800,\"height\":800},{\"@type\":\"BreadcrumbList\",\"@id\":\"https:\\\/\\\/aigleshopping.ca\\\/fr\\\/produit\\\/heavy-mens-knitted-cardigan-coat-autumn-and-winter-v-neck-cotton-knitwear\\\/#breadcrumb\",\"itemListElement\":[{\"@type\":\"ListItem\",\"position\":1,\"name\":\"Home\",\"item\":\"https:\\\/\\\/aigleshopping.ca\\\/fr\\\/home\\\/\"},{\"@type\":\"ListItem\",\"position\":2,\"name\":\"Products\",\"item\":\"https:\\\/\\\/aigleshopping.ca\\\/shop\\\/\"},{\"@type\":\"ListItem\",\"position\":3,\"name\":\"Heavy Men&#8217;s Knitted Cardigan Coat Autumn And Winter V-neck Cotton Knitwear\"}]},{\"@type\":\"WebSite\",\"@id\":\"https:\\\/\\\/aigleshopping.ca\\\/#website\",\"url\":\"https:\\\/\\\/aigleshopping.ca\\\/\",\"name\":\"Aigle Shopping Canada\",\"description\":\"Au-del\u00e0 des fronti\u00e8res, pour vous offrir le\u00a0meilleur!\",\"publisher\":{\"@id\":\"https:\\\/\\\/aigleshopping.ca\\\/#organization\"},\"potentialAction\":[{\"@type\":\"SearchAction\",\"target\":{\"@type\":\"EntryPoint\",\"urlTemplate\":\"https:\\\/\\\/aigleshopping.ca\\\/?s={search_term_string}\"},\"query-input\":{\"@type\":\"PropertyValueSpecification\",\"valueRequired\":true,\"valueName\":\"search_term_string\"}}],\"inLanguage\":\"fr-FR\"},{\"@type\":\"Organization\",\"@id\":\"https:\\\/\\\/aigleshopping.ca\\\/#organization\",\"name\":\"Aigle Shopping Canada\",\"url\":\"https:\\\/\\\/aigleshopping.ca\\\/\",\"logo\":{\"@type\":\"ImageObject\",\"inLanguage\":\"fr-FR\",\"@id\":\"https:\\\/\\\/aigleshopping.ca\\\/#\\\/schema\\\/logo\\\/image\\\/\",\"url\":\"https:\\\/\\\/aigleshopping.ca\\\/wp-content\\\/uploads\\\/2025\\\/12\\\/logo_aigleshopping_ca.png\",\"contentUrl\":\"https:\\\/\\\/aigleshopping.ca\\\/wp-content\\\/uploads\\\/2025\\\/12\\\/logo_aigleshopping_ca.png\",\"width\":800,\"height\":233,\"caption\":\"Aigle Shopping Canada\"},\"image\":{\"@id\":\"https:\\\/\\\/aigleshopping.ca\\\/#\\\/schema\\\/logo\\\/image\\\/\"}}]}<\/script>\n<!-- \/ Yoast SEO plugin. -->","yoast_head_json":{"title":"Heavy Men's Knitted Cardigan Coat Autumn And Winter V-neck Cotton Knitwear - Aigle Shopping Canada","robots":{"index":"index","follow":"follow","max-snippet":"max-snippet:-1","max-image-preview":"max-image-preview:large","max-video-preview":"max-video-preview:-1"},"canonical":"https:\/\/aigleshopping.ca\/fr\/produit\/heavy-mens-knitted-cardigan-coat-autumn-and-winter-v-neck-cotton-knitwear\/","og_locale":"fr_FR","og_type":"article","og_title":"Heavy Men's Knitted Cardigan Coat Autumn And Winter V-neck Cotton Knitwear - Aigle Shopping Canada","og_description":"Informations sur le produit : Couleur : blanc, noir, kaki, vert Convient aux personnes : Jeunes Taille : 165,170,175,180,185,190 Version : Loose Style : Cardigan \u00c9paisseur : \u00e9paississement Nom du tissu : acrylique Sc\u00e9narios d&rsquo;application : Loisirs Personnes concern\u00e9es : Jeunes Longueur des manches : manches longues Style : Simple Proc\u00e9d\u00e9 : sans repassage Taille [&hellip;]","og_url":"https:\/\/aigleshopping.ca\/fr\/produit\/heavy-mens-knitted-cardigan-coat-autumn-and-winter-v-neck-cotton-knitwear\/","og_site_name":"Aigle Shopping Canada","og_image":[{"width":800,"height":800,"url":"https:\/\/aigleshopping.ca\/wp-content\/uploads\/2025\/03\/48a12792-6019-4f2c-b40d-d4274bf17090.jpg","type":"image\/jpeg"}],"twitter_card":"summary_large_image","twitter_misc":{"Dur\u00e9e de lecture estim\u00e9e":"1 minute"},"schema":{"@context":"https:\/\/schema.org","@graph":[{"@type":"WebPage","@id":"https:\/\/aigleshopping.ca\/fr\/produit\/heavy-mens-knitted-cardigan-coat-autumn-and-winter-v-neck-cotton-knitwear\/","url":"https:\/\/aigleshopping.ca\/fr\/produit\/heavy-mens-knitted-cardigan-coat-autumn-and-winter-v-neck-cotton-knitwear\/","name":"Heavy Men's Knitted Cardigan Coat Autumn And Winter V-neck Cotton Knitwear - Aigle Shopping Canada","isPartOf":{"@id":"https:\/\/aigleshopping.ca\/#website"},"primaryImageOfPage":{"@id":"https:\/\/aigleshopping.ca\/fr\/produit\/heavy-mens-knitted-cardigan-coat-autumn-and-winter-v-neck-cotton-knitwear\/#primaryimage"},"image":{"@id":"https:\/\/aigleshopping.ca\/fr\/produit\/heavy-mens-knitted-cardigan-coat-autumn-and-winter-v-neck-cotton-knitwear\/#primaryimage"},"thumbnailUrl":"https:\/\/aigleshopping.ca\/wp-content\/uploads\/2025\/03\/48a12792-6019-4f2c-b40d-d4274bf17090.jpg","datePublished":"2025-03-20T06:09:18+00:00","breadcrumb":{"@id":"https:\/\/aigleshopping.ca\/fr\/produit\/heavy-mens-knitted-cardigan-coat-autumn-and-winter-v-neck-cotton-knitwear\/#breadcrumb"},"inLanguage":"fr-FR","potentialAction":[{"@type":"ReadAction","target":["https:\/\/aigleshopping.ca\/fr\/produit\/heavy-mens-knitted-cardigan-coat-autumn-and-winter-v-neck-cotton-knitwear\/"]}]},{"@type":"ImageObject","inLanguage":"fr-FR","@id":"https:\/\/aigleshopping.ca\/fr\/produit\/heavy-mens-knitted-cardigan-coat-autumn-and-winter-v-neck-cotton-knitwear\/#primaryimage","url":"https:\/\/aigleshopping.ca\/wp-content\/uploads\/2025\/03\/48a12792-6019-4f2c-b40d-d4274bf17090.jpg","contentUrl":"https:\/\/aigleshopping.ca\/wp-content\/uploads\/2025\/03\/48a12792-6019-4f2c-b40d-d4274bf17090.jpg","width":800,"height":800},{"@type":"BreadcrumbList","@id":"https:\/\/aigleshopping.ca\/fr\/produit\/heavy-mens-knitted-cardigan-coat-autumn-and-winter-v-neck-cotton-knitwear\/#breadcrumb","itemListElement":[{"@type":"ListItem","position":1,"name":"Home","item":"https:\/\/aigleshopping.ca\/fr\/home\/"},{"@type":"ListItem","position":2,"name":"Products","item":"https:\/\/aigleshopping.ca\/shop\/"},{"@type":"ListItem","position":3,"name":"Heavy Men&#8217;s Knitted Cardigan Coat Autumn And Winter V-neck Cotton Knitwear"}]},{"@type":"WebSite","@id":"https:\/\/aigleshopping.ca\/#website","url":"https:\/\/aigleshopping.ca\/","name":"Aigle Shopping Canada","description":"Au-del\u00e0 des fronti\u00e8res, pour vous offrir le\u00a0meilleur!","publisher":{"@id":"https:\/\/aigleshopping.ca\/#organization"},"potentialAction":[{"@type":"SearchAction","target":{"@type":"EntryPoint","urlTemplate":"https:\/\/aigleshopping.ca\/?s={search_term_string}"},"query-input":{"@type":"PropertyValueSpecification","valueRequired":true,"valueName":"search_term_string"}}],"inLanguage":"fr-FR"},{"@type":"Organization","@id":"https:\/\/aigleshopping.ca\/#organization","name":"Aigle Shopping Canada","url":"https:\/\/aigleshopping.ca\/","logo":{"@type":"ImageObject","inLanguage":"fr-FR","@id":"https:\/\/aigleshopping.ca\/#\/schema\/logo\/image\/","url":"https:\/\/aigleshopping.ca\/wp-content\/uploads\/2025\/12\/logo_aigleshopping_ca.png","contentUrl":"https:\/\/aigleshopping.ca\/wp-content\/uploads\/2025\/12\/logo_aigleshopping_ca.png","width":800,"height":233,"caption":"Aigle Shopping Canada"},"image":{"@id":"https:\/\/aigleshopping.ca\/#\/schema\/logo\/image\/"}}]}},"jetpack_sharing_enabled":true,"_links":{"self":[{"href":"https:\/\/aigleshopping.ca\/fr\/wp-json\/wp\/v2\/product\/31218","targetHints":{"allow":["GET"]}}],"collection":[{"href":"https:\/\/aigleshopping.ca\/fr\/wp-json\/wp\/v2\/product"}],"about":[{"href":"https:\/\/aigleshopping.ca\/fr\/wp-json\/wp\/v2\/types\/product"}],"replies":[{"embeddable":true,"href":"https:\/\/aigleshopping.ca\/fr\/wp-json\/wp\/v2\/comments?post=31218"}],"wp:featuredmedia":[{"embeddable":true,"href":"https:\/\/aigleshopping.ca\/fr\/wp-json\/wp\/v2\/media\/24839"}],"wp:attachment":[{"href":"https:\/\/aigleshopping.ca\/fr\/wp-json\/wp\/v2\/media?parent=31218"}],"wp:term":[{"taxonomy":"product_brand","embeddable":true,"href":"https:\/\/aigleshopping.ca\/fr\/wp-json\/wp\/v2\/product_brand?post=31218"},{"taxonomy":"product_cat","embeddable":true,"href":"https:\/\/aigleshopping.ca\/fr\/wp-json\/wp\/v2\/product_cat?post=31218"},{"taxonomy":"product_tag","embeddable":true,"href":"https:\/\/aigleshopping.ca\/fr\/wp-json\/wp\/v2\/product_tag?post=31218"}],"curies":[{"name":"wp","href":"https:\/\/api.w.org\/{rel}","templated":true}]}}