{"id":31343,"date":"2025-03-20T06:20:28","date_gmt":"2025-03-20T06:20:28","guid":{"rendered":"https:\/\/aigleshopping.ca\/produit\/pull-a-col-roule-dautomne-et-dhiver-pour-hommes-pour-garder-la-chaleur-a-linterieur\/"},"modified":"2025-03-20T06:20:28","modified_gmt":"2025-03-20T06:20:28","slug":"pull-a-col-roule-dautomne-et-dhiver-pour-hommes-pour-garder-la-chaleur-a-linterieur","status":"publish","type":"product","link":"https:\/\/aigleshopping.ca\/fr\/produit\/pull-a-col-roule-dautomne-et-dhiver-pour-hommes-pour-garder-la-chaleur-a-linterieur\/","title":{"rendered":"Pull \u00e0 col roul\u00e9 d&rsquo;automne et d&rsquo;hiver pour hommes pour garder la chaleur \u00e0 l&rsquo;int\u00e9rieur"},"content":{"rendered":"<p> <b>Informations sur le produit :<\/b> <br \/> Couleur : pull blanc, bleu violac\u00e9, grand rouge, bleu marine, noir, jaune gingembre, caramel, rouge vin, kaki, beige, vert fonc\u00e9, rose cuir, gris clair, bleu clair, vert frais, camel, gris moyen.  <br \/>  Convient aux personnes : Taille plus  <br \/>  Taille : S, M, L, XL, XXL, XXXL  <br \/>  Version : En vrac  <br \/>  Style : pull-over  <br \/>  \u00c9paisseur : \u00e9paississement  <br \/>  Nom du tissu : m\u00e9lange de fibres chimiques  <br \/>  Sc\u00e9narios applicables : Quotidiennement  <br \/>  Population concern\u00e9e : Taille plus  <br \/>  Composition du tissu principal : Fibre de polyester (polyester)  <br \/>  Sexe applicable : Homme  <br \/>  Type d&rsquo;inventaire : transaction globale  <br \/>  Groupe d&rsquo;\u00e2ge concern\u00e9 : Adulte  <br \/>  Longueur des manches : manches longues  <br \/>  Saison appropri\u00e9e : Hiver  <br \/>  Style : Britannique  <br \/>  Proc\u00e9d\u00e9 : traitement sans repassage  <\/p>\n<p><b>Note :<\/b> 1. les tailles asiatiques sont 1 \u00e0 2 tailles plus petites que les tailles europ\u00e9ennes et am\u00e9ricaines. Choisissez la taille la plus grande si votre taille se situe entre deux tailles. Veuillez tenir compte d&rsquo;une diff\u00e9rence de 2 \u00e0 3 cm due aux mesures manuelles. 2. Si vous ne savez pas comment choisir votre taille, veuillez contacter notre service client\u00e8le. 3) Comme vous le savez, les ordinateurs affichent les couleurs diff\u00e9remment, la couleur de l&rsquo;article r\u00e9el peut varier l\u00e9g\u00e8rement par rapport aux images suivantes.<br \/>\n<br \/> <br \/>\n<b>Liste d&#8217;emballage :  <\/b><br \/>\n<br \/>  Pull en polyester pour femmes \u00d7 1 PCS<br \/>\n<br \/> <br \/>\n<b>Image du produit :<\/b><br \/>\n<br \/> <br \/>\n<img decoding=\"async\" src=\"https:\/\/oss-cf.cjdropshipping.com\/product\/2025\/02\/09\/13\/b3f39df7-7daf-419c-9771-c26490441b1d_trans.jpeg\"><br \/>\n<img decoding=\"async\" src=\"https:\/\/oss-cf.cjdropshipping.com\/product\/2025\/02\/09\/13\/3d6d898c-8830-4afe-98a1-80f13d43c22c_trans.jpeg\"><br \/>\n<img decoding=\"async\" src=\"https:\/\/oss-cf.cjdropshipping.com\/product\/2025\/02\/09\/13\/aee7f37b-a58a-4426-a69e-e246964a9c5d_trans.jpeg\"><br \/>\n<img decoding=\"async\" src=\"https:\/\/cf.cjdropshipping.com\/quick\/product\/720d2403-a470-442e-8356-c6700103901b.jpg\"><br \/>\n<img decoding=\"async\" src=\"https:\/\/oss-cf.cjdropshipping.com\/product\/2025\/02\/09\/13\/5e969cab-de6e-490a-8fa3-e409a3e3813f_trans.jpeg\"><br \/>\n<img decoding=\"async\" src=\"https:\/\/oss-cf.cjdropshipping.com\/product\/2025\/02\/09\/13\/dd53fae4-6d94-4e69-914b-2905bfc7ce21_trans.jpeg\"><br \/>\n<img decoding=\"async\" src=\"https:\/\/cf.cjdropshipping.com\/quick\/product\/fa570ac2-97f9-4f1e-9fdd-df4cc572476e.jpg\"><br \/>\n<img decoding=\"async\" src=\"https:\/\/oss-cf.cjdropshipping.com\/product\/2025\/02\/09\/13\/0529e402-8769-4341-9f00-76d511bd76e2_trans.jpeg\"><br \/>\n<img decoding=\"async\" src=\"https:\/\/oss-cf.cjdropshipping.com\/product\/2025\/02\/09\/13\/940420a8-ddad-45dd-ac46-a6ca908dc025_trans.jpeg\"><br \/>\n<img decoding=\"async\" src=\"https:\/\/oss-cf.cjdropshipping.com\/product\/2025\/02\/09\/13\/320368f1-0e14-49dc-af1e-c8d80eb858e5_trans.jpeg\"><br \/>\n<img decoding=\"async\" src=\"https:\/\/cf.cjdropshipping.com\/quick\/product\/f132e025-d5aa-491e-a7d9-0f10801d9f38.jpg\"><br \/>\n<img decoding=\"async\" src=\"https:\/\/oss-cf.cjdropshipping.com\/product\/2025\/02\/09\/13\/2dff6709-15ce-42ed-9310-b613463224d1_trans.jpeg\"><br \/>\n<img decoding=\"async\" src=\"https:\/\/oss-cf.cjdropshipping.com\/product\/2025\/02\/09\/13\/7f5d2e8a-76e9-401c-bf83-2613263d846c_trans.jpeg\"><br \/>\n<img decoding=\"async\" src=\"https:\/\/cf.cjdropshipping.com\/quick\/product\/cfa11f1a-f298-4b4a-aa46-adf48a42609a.jpg\"><br \/>\n<img decoding=\"async\" src=\"https:\/\/oss-cf.cjdropshipping.com\/product\/2025\/02\/09\/13\/ae4dc69e-fc87-4d00-aea2-c84a649cc779_trans.jpeg\"><br \/>\n<img decoding=\"async\" src=\"https:\/\/oss-cf.cjdropshipping.com\/product\/2025\/02\/09\/13\/4bf8a44a-fe76-4429-9a0c-8aa08b19fc74_trans.jpeg\"><br \/>\n<img decoding=\"async\" src=\"https:\/\/oss-cf.cjdropshipping.com\/product\/2025\/02\/09\/13\/3ac99813-fba9-431e-b823-a7014019cebb_trans.jpeg\"><br \/>\n<img decoding=\"async\" src=\"https:\/\/oss-cf.cjdropshipping.com\/product\/2025\/02\/09\/13\/5395b404-7146-49dc-9810-a98901628088_trans.jpeg\"><br \/>\n<img decoding=\"async\" src=\"https:\/\/cf.cjdropshipping.com\/quick\/product\/78bdac96-82eb-408a-a1d2-8c94847784e6.jpg\"><br \/>\n<img decoding=\"async\" src=\"https:\/\/cf.cjdropshipping.com\/quick\/product\/b552022b-4fdd-47d6-a979-2efa2279f64a.jpg\"><br \/>\n<img decoding=\"async\" src=\"https:\/\/cf.cjdropshipping.com\/quick\/product\/abf0f98b-c906-4815-99a0-6e7c0f4ef9a5.jpg\"><br \/>\n<img decoding=\"async\" src=\"https:\/\/cf.cjdropshipping.com\/quick\/product\/ff490ebf-51e0-44bf-ad31-b550db2ea2ae.jpg\"><br \/>\n<img decoding=\"async\" src=\"https:\/\/oss-cf.cjdropshipping.com\/product\/2025\/02\/09\/13\/92a88156-8394-4503-a91e-9ad1cfa03efd_trans.jpeg\"><br \/>\n<img decoding=\"async\" src=\"https:\/\/oss-cf.cjdropshipping.com\/product\/2025\/02\/09\/13\/95ff4729-2e1b-4b76-b419-d030175ee76e_trans.jpeg\"><br \/>\n<img decoding=\"async\" src=\"https:\/\/cf.cjdropshipping.com\/quick\/product\/982a92ab-c2ba-4a10-94b2-ee9c9b99aebe.jpg\"><br \/>\n<img decoding=\"async\" src=\"https:\/\/cf.cjdropshipping.com\/quick\/product\/fa41a57b-50b3-4343-bf93-026835288ee7.jpg\"><br \/>\n<img decoding=\"async\" src=\"https:\/\/cf.cjdropshipping.com\/quick\/product\/23151cc3-780c-4f0f-9386-80298915f487.jpg\"><br \/>\n<img decoding=\"async\" src=\"https:\/\/cf.cjdropshipping.com\/quick\/product\/a23a66be-86a6-43d0-be48-322a62c4cce2.jpg\"><br \/>\n<img decoding=\"async\" src=\"https:\/\/cf.cjdropshipping.com\/quick\/product\/943bac35-74bd-42d0-90f1-5aa716a6503e.jpg\"><br \/>\n<img decoding=\"async\" src=\"https:\/\/oss-cf.cjdropshipping.com\/product\/2025\/02\/09\/13\/df7cd8ed-68d4-468e-9aea-0cfcea1ed462_trans.jpeg\"><br \/>\n<img decoding=\"async\" src=\"https:\/\/oss-cf.cjdropshipping.com\/product\/2025\/02\/09\/13\/9c7840a9-5f60-4af0-917c-7939e23728bc_trans.jpeg\"><br \/>\n<img decoding=\"async\" src=\"https:\/\/oss-cf.cjdropshipping.com\/product\/2025\/02\/09\/13\/6c6a133c-f8ef-4290-b3a2-f433fa72ae5b_trans.jpeg\"><br \/>\n<img decoding=\"async\" src=\"https:\/\/oss-cf.cjdropshipping.com\/product\/2025\/02\/09\/13\/7945f528-b47b-41f2-86e9-817e6173c288_trans.jpeg\"><br \/>\n<img decoding=\"async\" src=\"https:\/\/oss-cf.cjdropshipping.com\/product\/2025\/02\/09\/13\/2d0d3398-f537-4213-9299-77d7801e0195_trans.jpeg\"><br \/>\n<img decoding=\"async\" src=\"https:\/\/oss-cf.cjdropshipping.com\/product\/2025\/02\/09\/13\/0568e405-89dc-45cd-bcb9-795a9242a597_trans.jpeg\"><br \/>\n<img decoding=\"async\" src=\"https:\/\/cf.cjdropshipping.com\/quick\/product\/6a108354-616e-4b38-ba4b-cc7574bf760a.jpg\"><\/p>\n","protected":false},"excerpt":{"rendered":"<p>Informations sur le produit : Couleur : pull blanc, bleu violac\u00e9, grand rouge, bleu marine, noir, jaune gingembre, caramel, rouge vin, kaki, beige, vert fonc\u00e9, rose cuir, gris clair, bleu clair, vert frais, camel, gris moyen. Convient aux personnes : Taille plus Taille : S, M, L, XL, XXL, XXXL Version : En vrac Style [&hellip;]<\/p>\n","protected":false},"featured_media":25532,"comment_status":"open","ping_status":"closed","template":"","meta":{"content-type":""},"product_brand":[],"product_cat":[691],"product_tag":[],"class_list":{"0":"post-31343","1":"product","2":"type-product","3":"status-publish","4":"has-post-thumbnail","6":"product_cat-sweatshirt-fr-2","8":"first","9":"instock","10":"taxable","11":"shipping-taxable","12":"purchasable","13":"product-type-variable","14":"add-to-wishlist-after_add_to_cart"},"yoast_head":"<!-- This site is optimized with the Yoast SEO plugin v27.4 - https:\/\/yoast.com\/product\/yoast-seo-wordpress\/ -->\n<title>Pull \u00e0 col roul\u00e9 d&#039;automne et d&#039;hiver pour hommes pour garder la chaleur \u00e0 l&#039;int\u00e9rieur - Aigle Shopping Canada<\/title>\n<meta name=\"robots\" content=\"index, follow, max-snippet:-1, max-image-preview:large, max-video-preview:-1\" \/>\n<link rel=\"canonical\" href=\"https:\/\/aigleshopping.ca\/fr\/produit\/pull-a-col-roule-dautomne-et-dhiver-pour-hommes-pour-garder-la-chaleur-a-linterieur\/\" \/>\n<meta property=\"og:locale\" content=\"fr_FR\" \/>\n<meta property=\"og:type\" content=\"article\" \/>\n<meta property=\"og:title\" content=\"Pull \u00e0 col roul\u00e9 d&#039;automne et d&#039;hiver pour hommes pour garder la chaleur \u00e0 l&#039;int\u00e9rieur - Aigle Shopping Canada\" \/>\n<meta property=\"og:description\" content=\"Informations sur le produit : Couleur : pull blanc, bleu violac\u00e9, grand rouge, bleu marine, noir, jaune gingembre, caramel, rouge vin, kaki, beige, vert fonc\u00e9, rose cuir, gris clair, bleu clair, vert frais, camel, gris moyen. Convient aux personnes : Taille plus Taille : S, M, L, XL, XXL, XXXL Version : En vrac Style [&hellip;]\" \/>\n<meta property=\"og:url\" content=\"https:\/\/aigleshopping.ca\/fr\/produit\/pull-a-col-roule-dautomne-et-dhiver-pour-hommes-pour-garder-la-chaleur-a-linterieur\/\" \/>\n<meta property=\"og:site_name\" content=\"Aigle Shopping Canada\" \/>\n<meta property=\"og:image\" content=\"https:\/\/aigleshopping.ca\/wp-content\/uploads\/2025\/03\/c8f518b6-611b-403f-b34b-c57a981856fb.jpg\" \/>\n\t<meta property=\"og:image:width\" content=\"800\" \/>\n\t<meta property=\"og:image:height\" content=\"800\" \/>\n\t<meta property=\"og:image:type\" content=\"image\/jpeg\" \/>\n<meta name=\"twitter:card\" content=\"summary_large_image\" \/>\n<meta name=\"twitter:label1\" content=\"Dur\u00e9e de lecture estim\u00e9e\" \/>\n\t<meta name=\"twitter:data1\" content=\"1 minute\" \/>\n<script type=\"application\/ld+json\" class=\"yoast-schema-graph\">{\"@context\":\"https:\\\/\\\/schema.org\",\"@graph\":[{\"@type\":\"WebPage\",\"@id\":\"https:\\\/\\\/aigleshopping.ca\\\/fr\\\/produit\\\/pull-a-col-roule-dautomne-et-dhiver-pour-hommes-pour-garder-la-chaleur-a-linterieur\\\/\",\"url\":\"https:\\\/\\\/aigleshopping.ca\\\/fr\\\/produit\\\/pull-a-col-roule-dautomne-et-dhiver-pour-hommes-pour-garder-la-chaleur-a-linterieur\\\/\",\"name\":\"Pull \u00e0 col roul\u00e9 d'automne et d'hiver pour hommes pour garder la chaleur \u00e0 l'int\u00e9rieur - Aigle Shopping Canada\",\"isPartOf\":{\"@id\":\"https:\\\/\\\/aigleshopping.ca\\\/#website\"},\"primaryImageOfPage\":{\"@id\":\"https:\\\/\\\/aigleshopping.ca\\\/fr\\\/produit\\\/pull-a-col-roule-dautomne-et-dhiver-pour-hommes-pour-garder-la-chaleur-a-linterieur\\\/#primaryimage\"},\"image\":{\"@id\":\"https:\\\/\\\/aigleshopping.ca\\\/fr\\\/produit\\\/pull-a-col-roule-dautomne-et-dhiver-pour-hommes-pour-garder-la-chaleur-a-linterieur\\\/#primaryimage\"},\"thumbnailUrl\":\"https:\\\/\\\/aigleshopping.ca\\\/wp-content\\\/uploads\\\/2025\\\/03\\\/c8f518b6-611b-403f-b34b-c57a981856fb.jpg\",\"datePublished\":\"2025-03-20T06:20:28+00:00\",\"breadcrumb\":{\"@id\":\"https:\\\/\\\/aigleshopping.ca\\\/fr\\\/produit\\\/pull-a-col-roule-dautomne-et-dhiver-pour-hommes-pour-garder-la-chaleur-a-linterieur\\\/#breadcrumb\"},\"inLanguage\":\"fr-FR\",\"potentialAction\":[{\"@type\":\"ReadAction\",\"target\":[\"https:\\\/\\\/aigleshopping.ca\\\/fr\\\/produit\\\/pull-a-col-roule-dautomne-et-dhiver-pour-hommes-pour-garder-la-chaleur-a-linterieur\\\/\"]}]},{\"@type\":\"ImageObject\",\"inLanguage\":\"fr-FR\",\"@id\":\"https:\\\/\\\/aigleshopping.ca\\\/fr\\\/produit\\\/pull-a-col-roule-dautomne-et-dhiver-pour-hommes-pour-garder-la-chaleur-a-linterieur\\\/#primaryimage\",\"url\":\"https:\\\/\\\/aigleshopping.ca\\\/wp-content\\\/uploads\\\/2025\\\/03\\\/c8f518b6-611b-403f-b34b-c57a981856fb.jpg\",\"contentUrl\":\"https:\\\/\\\/aigleshopping.ca\\\/wp-content\\\/uploads\\\/2025\\\/03\\\/c8f518b6-611b-403f-b34b-c57a981856fb.jpg\",\"width\":800,\"height\":800},{\"@type\":\"BreadcrumbList\",\"@id\":\"https:\\\/\\\/aigleshopping.ca\\\/fr\\\/produit\\\/pull-a-col-roule-dautomne-et-dhiver-pour-hommes-pour-garder-la-chaleur-a-linterieur\\\/#breadcrumb\",\"itemListElement\":[{\"@type\":\"ListItem\",\"position\":1,\"name\":\"Home\",\"item\":\"https:\\\/\\\/aigleshopping.ca\\\/fr\\\/home\\\/\"},{\"@type\":\"ListItem\",\"position\":2,\"name\":\"Products\",\"item\":\"https:\\\/\\\/aigleshopping.ca\\\/shop\\\/\"},{\"@type\":\"ListItem\",\"position\":3,\"name\":\"Pull \u00e0 col roul\u00e9 d&#8217;automne et d&#8217;hiver pour hommes pour garder la chaleur \u00e0 l&#8217;int\u00e9rieur\"}]},{\"@type\":\"WebSite\",\"@id\":\"https:\\\/\\\/aigleshopping.ca\\\/#website\",\"url\":\"https:\\\/\\\/aigleshopping.ca\\\/\",\"name\":\"Aigle Shopping Canada\",\"description\":\"Au-del\u00e0 des fronti\u00e8res, pour vous offrir le\u00a0meilleur!\",\"publisher\":{\"@id\":\"https:\\\/\\\/aigleshopping.ca\\\/#organization\"},\"potentialAction\":[{\"@type\":\"SearchAction\",\"target\":{\"@type\":\"EntryPoint\",\"urlTemplate\":\"https:\\\/\\\/aigleshopping.ca\\\/?s={search_term_string}\"},\"query-input\":{\"@type\":\"PropertyValueSpecification\",\"valueRequired\":true,\"valueName\":\"search_term_string\"}}],\"inLanguage\":\"fr-FR\"},{\"@type\":\"Organization\",\"@id\":\"https:\\\/\\\/aigleshopping.ca\\\/#organization\",\"name\":\"Aigle Shopping Canada\",\"url\":\"https:\\\/\\\/aigleshopping.ca\\\/\",\"logo\":{\"@type\":\"ImageObject\",\"inLanguage\":\"fr-FR\",\"@id\":\"https:\\\/\\\/aigleshopping.ca\\\/#\\\/schema\\\/logo\\\/image\\\/\",\"url\":\"https:\\\/\\\/aigleshopping.ca\\\/wp-content\\\/uploads\\\/2025\\\/12\\\/logo_aigleshopping_ca.png\",\"contentUrl\":\"https:\\\/\\\/aigleshopping.ca\\\/wp-content\\\/uploads\\\/2025\\\/12\\\/logo_aigleshopping_ca.png\",\"width\":800,\"height\":233,\"caption\":\"Aigle Shopping Canada\"},\"image\":{\"@id\":\"https:\\\/\\\/aigleshopping.ca\\\/#\\\/schema\\\/logo\\\/image\\\/\"}}]}<\/script>\n<!-- \/ Yoast SEO plugin. -->","yoast_head_json":{"title":"Pull \u00e0 col roul\u00e9 d'automne et d'hiver pour hommes pour garder la chaleur \u00e0 l'int\u00e9rieur - Aigle Shopping Canada","robots":{"index":"index","follow":"follow","max-snippet":"max-snippet:-1","max-image-preview":"max-image-preview:large","max-video-preview":"max-video-preview:-1"},"canonical":"https:\/\/aigleshopping.ca\/fr\/produit\/pull-a-col-roule-dautomne-et-dhiver-pour-hommes-pour-garder-la-chaleur-a-linterieur\/","og_locale":"fr_FR","og_type":"article","og_title":"Pull \u00e0 col roul\u00e9 d'automne et d'hiver pour hommes pour garder la chaleur \u00e0 l'int\u00e9rieur - Aigle Shopping Canada","og_description":"Informations sur le produit : Couleur : pull blanc, bleu violac\u00e9, grand rouge, bleu marine, noir, jaune gingembre, caramel, rouge vin, kaki, beige, vert fonc\u00e9, rose cuir, gris clair, bleu clair, vert frais, camel, gris moyen. Convient aux personnes : Taille plus Taille : S, M, L, XL, XXL, XXXL Version : En vrac Style [&hellip;]","og_url":"https:\/\/aigleshopping.ca\/fr\/produit\/pull-a-col-roule-dautomne-et-dhiver-pour-hommes-pour-garder-la-chaleur-a-linterieur\/","og_site_name":"Aigle Shopping Canada","og_image":[{"width":800,"height":800,"url":"https:\/\/aigleshopping.ca\/wp-content\/uploads\/2025\/03\/c8f518b6-611b-403f-b34b-c57a981856fb.jpg","type":"image\/jpeg"}],"twitter_card":"summary_large_image","twitter_misc":{"Dur\u00e9e de lecture estim\u00e9e":"1 minute"},"schema":{"@context":"https:\/\/schema.org","@graph":[{"@type":"WebPage","@id":"https:\/\/aigleshopping.ca\/fr\/produit\/pull-a-col-roule-dautomne-et-dhiver-pour-hommes-pour-garder-la-chaleur-a-linterieur\/","url":"https:\/\/aigleshopping.ca\/fr\/produit\/pull-a-col-roule-dautomne-et-dhiver-pour-hommes-pour-garder-la-chaleur-a-linterieur\/","name":"Pull \u00e0 col roul\u00e9 d'automne et d'hiver pour hommes pour garder la chaleur \u00e0 l'int\u00e9rieur - Aigle Shopping Canada","isPartOf":{"@id":"https:\/\/aigleshopping.ca\/#website"},"primaryImageOfPage":{"@id":"https:\/\/aigleshopping.ca\/fr\/produit\/pull-a-col-roule-dautomne-et-dhiver-pour-hommes-pour-garder-la-chaleur-a-linterieur\/#primaryimage"},"image":{"@id":"https:\/\/aigleshopping.ca\/fr\/produit\/pull-a-col-roule-dautomne-et-dhiver-pour-hommes-pour-garder-la-chaleur-a-linterieur\/#primaryimage"},"thumbnailUrl":"https:\/\/aigleshopping.ca\/wp-content\/uploads\/2025\/03\/c8f518b6-611b-403f-b34b-c57a981856fb.jpg","datePublished":"2025-03-20T06:20:28+00:00","breadcrumb":{"@id":"https:\/\/aigleshopping.ca\/fr\/produit\/pull-a-col-roule-dautomne-et-dhiver-pour-hommes-pour-garder-la-chaleur-a-linterieur\/#breadcrumb"},"inLanguage":"fr-FR","potentialAction":[{"@type":"ReadAction","target":["https:\/\/aigleshopping.ca\/fr\/produit\/pull-a-col-roule-dautomne-et-dhiver-pour-hommes-pour-garder-la-chaleur-a-linterieur\/"]}]},{"@type":"ImageObject","inLanguage":"fr-FR","@id":"https:\/\/aigleshopping.ca\/fr\/produit\/pull-a-col-roule-dautomne-et-dhiver-pour-hommes-pour-garder-la-chaleur-a-linterieur\/#primaryimage","url":"https:\/\/aigleshopping.ca\/wp-content\/uploads\/2025\/03\/c8f518b6-611b-403f-b34b-c57a981856fb.jpg","contentUrl":"https:\/\/aigleshopping.ca\/wp-content\/uploads\/2025\/03\/c8f518b6-611b-403f-b34b-c57a981856fb.jpg","width":800,"height":800},{"@type":"BreadcrumbList","@id":"https:\/\/aigleshopping.ca\/fr\/produit\/pull-a-col-roule-dautomne-et-dhiver-pour-hommes-pour-garder-la-chaleur-a-linterieur\/#breadcrumb","itemListElement":[{"@type":"ListItem","position":1,"name":"Home","item":"https:\/\/aigleshopping.ca\/fr\/home\/"},{"@type":"ListItem","position":2,"name":"Products","item":"https:\/\/aigleshopping.ca\/shop\/"},{"@type":"ListItem","position":3,"name":"Pull \u00e0 col roul\u00e9 d&#8217;automne et d&#8217;hiver pour hommes pour garder la chaleur \u00e0 l&#8217;int\u00e9rieur"}]},{"@type":"WebSite","@id":"https:\/\/aigleshopping.ca\/#website","url":"https:\/\/aigleshopping.ca\/","name":"Aigle Shopping Canada","description":"Au-del\u00e0 des fronti\u00e8res, pour vous offrir le\u00a0meilleur!","publisher":{"@id":"https:\/\/aigleshopping.ca\/#organization"},"potentialAction":[{"@type":"SearchAction","target":{"@type":"EntryPoint","urlTemplate":"https:\/\/aigleshopping.ca\/?s={search_term_string}"},"query-input":{"@type":"PropertyValueSpecification","valueRequired":true,"valueName":"search_term_string"}}],"inLanguage":"fr-FR"},{"@type":"Organization","@id":"https:\/\/aigleshopping.ca\/#organization","name":"Aigle Shopping Canada","url":"https:\/\/aigleshopping.ca\/","logo":{"@type":"ImageObject","inLanguage":"fr-FR","@id":"https:\/\/aigleshopping.ca\/#\/schema\/logo\/image\/","url":"https:\/\/aigleshopping.ca\/wp-content\/uploads\/2025\/12\/logo_aigleshopping_ca.png","contentUrl":"https:\/\/aigleshopping.ca\/wp-content\/uploads\/2025\/12\/logo_aigleshopping_ca.png","width":800,"height":233,"caption":"Aigle Shopping Canada"},"image":{"@id":"https:\/\/aigleshopping.ca\/#\/schema\/logo\/image\/"}}]}},"jetpack_sharing_enabled":true,"_links":{"self":[{"href":"https:\/\/aigleshopping.ca\/fr\/wp-json\/wp\/v2\/product\/31343","targetHints":{"allow":["GET"]}}],"collection":[{"href":"https:\/\/aigleshopping.ca\/fr\/wp-json\/wp\/v2\/product"}],"about":[{"href":"https:\/\/aigleshopping.ca\/fr\/wp-json\/wp\/v2\/types\/product"}],"replies":[{"embeddable":true,"href":"https:\/\/aigleshopping.ca\/fr\/wp-json\/wp\/v2\/comments?post=31343"}],"wp:featuredmedia":[{"embeddable":true,"href":"https:\/\/aigleshopping.ca\/fr\/wp-json\/wp\/v2\/media\/25532"}],"wp:attachment":[{"href":"https:\/\/aigleshopping.ca\/fr\/wp-json\/wp\/v2\/media?parent=31343"}],"wp:term":[{"taxonomy":"product_brand","embeddable":true,"href":"https:\/\/aigleshopping.ca\/fr\/wp-json\/wp\/v2\/product_brand?post=31343"},{"taxonomy":"product_cat","embeddable":true,"href":"https:\/\/aigleshopping.ca\/fr\/wp-json\/wp\/v2\/product_cat?post=31343"},{"taxonomy":"product_tag","embeddable":true,"href":"https:\/\/aigleshopping.ca\/fr\/wp-json\/wp\/v2\/product_tag?post=31343"}],"curies":[{"name":"wp","href":"https:\/\/api.w.org\/{rel}","templated":true}]}}