{"id":31514,"date":"2025-03-20T06:18:58","date_gmt":"2025-03-20T06:18:58","guid":{"rendered":"https:\/\/aigleshopping.ca\/produit\/top-en-tricot-tendance-pour-hommes\/"},"modified":"2025-03-20T06:18:58","modified_gmt":"2025-03-20T06:18:58","slug":"top-en-tricot-tendance-pour-hommes","status":"publish","type":"product","link":"https:\/\/aigleshopping.ca\/fr\/produit\/top-en-tricot-tendance-pour-hommes\/","title":{"rendered":"Top en tricot tendance pour hommes"},"content":{"rendered":"<p> <b>Informations sur le produit :<\/b> <br \/> Couleur : caf\u00e9 blanc, blanc verd\u00e2tre, noir et blanc <br \/> Taille : M,L,XL,2XL,3XL <br \/> Version : Loose <br \/> Style : pull-over <br \/> Composition du tissu principal : fibre acrylique <br \/> Longueur des manches : manches longues  <\/p>\n<p><b>Note :<\/b> 1. les tailles asiatiques sont 1 \u00e0 2 tailles plus petites que les tailles europ\u00e9ennes et am\u00e9ricaines. Choisissez la taille la plus grande si votre taille se situe entre deux tailles. Veuillez tenir compte d&rsquo;une diff\u00e9rence de 2 \u00e0 3 cm due aux mesures manuelles. 2. Si vous ne savez pas comment choisir votre taille, veuillez contacter notre service client\u00e8le. 3) Comme vous le savez, les ordinateurs affichent les couleurs diff\u00e9remment, la couleur de l&rsquo;article r\u00e9el peut varier l\u00e9g\u00e8rement par rapport aux images suivantes.<br \/>\n<br \/> <br \/>\n<b>Liste d&#8217;emballage :  <\/b><br \/>\n<br \/>  Haut*1<br \/>\n<br \/> <br \/>\n<b>Image du produit :<\/b><br \/>\n<br \/> <br \/>\n<img decoding=\"async\" src=\"https:\/\/oss-cf.cjdropshipping.com\/product\/2025\/02\/17\/06\/9525442b-b2f2-4287-b13c-6017145f5a7d_trans.jpeg\" data-key=\"1\"><br \/>\n<img decoding=\"async\" src=\"https:\/\/oss-cf.cjdropshipping.com\/product\/2025\/02\/17\/10\/828045e0-d808-4fe4-8005-a59e20c726d7.jpg\" data-src=\"https:\/\/cbu01.alicdn.com\/img\/ibank\/O1CN01Se6Jzd2Bx5WnvgMhp_!!2216966848404-0-cib.jpg\" data-key=\"2\" data-uploadossfail=\"false\"><br \/>\n<img decoding=\"async\" src=\"https:\/\/oss-cf.cjdropshipping.com\/product\/2025\/02\/17\/10\/dae654df-0e41-469c-91b9-58a3fcb28e89.jpg\" data-src=\"https:\/\/cbu01.alicdn.com\/img\/ibank\/O1CN01tFNVsu2Bx5WsR20Ke_!!2216966848404-0-cib.jpg\" data-key=\"3\" data-uploadossfail=\"false\"><br \/>\n<img decoding=\"async\" src=\"https:\/\/oss-cf.cjdropshipping.com\/product\/2025\/02\/17\/10\/5b4b7ac6-d9b5-4d99-a17a-e439066953f2.jpg\" data-src=\"https:\/\/cbu01.alicdn.com\/img\/ibank\/O1CN01eYyWqI2Bx5WqTKgjX_!!2216966848404-0-cib.jpg\" data-key=\"4\" data-uploadossfail=\"false\"><br \/>\n<img decoding=\"async\" src=\"https:\/\/oss-cf.cjdropshipping.com\/product\/2025\/02\/17\/10\/260ce35a-d17f-4468-a62e-75d0be09eda3.jpg\" data-src=\"https:\/\/cbu01.alicdn.com\/img\/ibank\/O1CN01FAyRlf2Bx5WiSFLGi_!!2216966848404-0-cib.jpg\" data-key=\"5\" data-uploadossfail=\"false\"><br \/>\n<img decoding=\"async\" src=\"https:\/\/oss-cf.cjdropshipping.com\/product\/2025\/02\/17\/10\/b839d957-d71a-42e4-b41d-3c3518545082.jpg\" data-src=\"https:\/\/cbu01.alicdn.com\/img\/ibank\/O1CN01TVJGkZ2Bx5WsxSHbu_!!2216966848404-0-cib.jpg\" data-key=\"6\" data-uploadossfail=\"false\"><br \/>\n<img decoding=\"async\" src=\"https:\/\/oss-cf.cjdropshipping.com\/product\/2025\/02\/17\/10\/510790d5-b51c-4bdb-b39f-ca76a620a6ff.jpg\" data-src=\"https:\/\/cbu01.alicdn.com\/img\/ibank\/O1CN01Ow0AOH2Bx5Wqw3EUQ_!!2216966848404-0-cib.jpg\" data-key=\"7\" data-uploadossfail=\"false\"><br \/>\n<img decoding=\"async\" src=\"https:\/\/oss-cf.cjdropshipping.com\/product\/2025\/02\/17\/10\/eace1e3a-8ef8-445b-8e95-9e8b300f0192.jpg\" data-src=\"https:\/\/cbu01.alicdn.com\/img\/ibank\/O1CN01MJOnTc2Bx5WpGSfJZ_!!2216966848404-0-cib.jpg\" data-key=\"8\" data-uploadossfail=\"false\"><br \/>\n<img decoding=\"async\" src=\"https:\/\/oss-cf.cjdropshipping.com\/product\/2025\/02\/17\/10\/a228994a-2e92-4b66-834d-12d8ad3cef7f.jpg\" data-src=\"https:\/\/cbu01.alicdn.com\/img\/ibank\/O1CN019fHj6K2Bx5WsxSPzg_!!2216966848404-0-cib.jpg\" data-key=\"9\" data-uploadossfail=\"false\"><br \/>\n<img decoding=\"async\" src=\"https:\/\/oss-cf.cjdropshipping.com\/product\/2025\/02\/17\/10\/c0570109-8545-43ed-bce4-559fa179e72c.jpg\" data-src=\"https:\/\/cbu01.alicdn.com\/img\/ibank\/O1CN01Pxwd7k2Bx5WneKOru_!!2216966848404-0-cib.jpg\" data-key=\"10\" data-uploadossfail=\"false\"><br \/>\n<img decoding=\"async\" src=\"https:\/\/oss-cf.cjdropshipping.com\/product\/2025\/02\/17\/10\/85f5098b-a52a-45e9-9e53-f20786d8aadc.jpg\" data-src=\"https:\/\/cbu01.alicdn.com\/img\/ibank\/O1CN01wQKYog2Bx5WsxTUOS_!!2216966848404-0-cib.jpg\" data-key=\"11\" data-uploadossfail=\"false\"><br \/>\n<img decoding=\"async\" src=\"https:\/\/oss-cf.cjdropshipping.com\/product\/2025\/02\/17\/10\/bdfccdd4-89cc-4b6c-8884-69c680d240c8.jpg\" data-src=\"https:\/\/cbu01.alicdn.com\/img\/ibank\/O1CN01pvA5Yp2Bx5WneKnxL_!!2216966848404-0-cib.jpg\" data-key=\"12\" data-uploadossfail=\"false\"><br \/>\n<img decoding=\"async\" src=\"https:\/\/oss-cf.cjdropshipping.com\/product\/2025\/02\/17\/10\/8af624dd-ab72-4b3a-9054-19ec03442ac3.jpg\" data-src=\"https:\/\/cbu01.alicdn.com\/img\/ibank\/O1CN01wy7UDk2Bx5WrsA0bH_!!2216966848404-0-cib.jpg\" data-key=\"13\" data-uploadossfail=\"false\"><br \/>\n<img decoding=\"async\" src=\"https:\/\/oss-cf.cjdropshipping.com\/product\/2025\/02\/17\/10\/da19e8b2-82d5-4075-9a69-9f02986d7c30.jpg\" data-src=\"https:\/\/cbu01.alicdn.com\/img\/ibank\/O1CN01c6VYuE2Bx5WrgPve3_!!2216966848404-0-cib.jpg\" data-key=\"14\" data-uploadossfail=\"false\"><br \/>\n<img decoding=\"async\" src=\"https:\/\/oss-cf.cjdropshipping.com\/product\/2025\/02\/17\/10\/5ccf5ef5-a25b-461b-b4d0-064fbb81d03b.jpg\" data-src=\"https:\/\/cbu01.alicdn.com\/img\/ibank\/O1CN01GCZT9y2Bx5WnvglgA_!!2216966848404-0-cib.jpg\" data-key=\"15\" data-uploadossfail=\"false\"><\/p>\n","protected":false},"excerpt":{"rendered":"<p>Informations sur le produit : Couleur : caf\u00e9 blanc, blanc verd\u00e2tre, noir et blanc Taille : M,L,XL,2XL,3XL Version : Loose Style : pull-over Composition du tissu principal : fibre acrylique Longueur des manches : manches longues Note : 1. les tailles asiatiques sont 1 \u00e0 2 tailles plus petites que les tailles europ\u00e9ennes et am\u00e9ricaines. [&hellip;]<\/p>\n","protected":false},"featured_media":25444,"comment_status":"open","ping_status":"closed","template":"","meta":{"content-type":""},"product_brand":[],"product_cat":[691],"product_tag":[],"class_list":{"0":"post-31514","1":"product","2":"type-product","3":"status-publish","4":"has-post-thumbnail","6":"product_cat-sweatshirt-fr-2","8":"first","9":"instock","10":"taxable","11":"shipping-taxable","12":"purchasable","13":"product-type-variable","14":"add-to-wishlist-after_add_to_cart"},"yoast_head":"<!-- This site is optimized with the Yoast SEO plugin v27.4 - https:\/\/yoast.com\/product\/yoast-seo-wordpress\/ -->\n<title>Top en tricot tendance pour hommes - Aigle Shopping Canada<\/title>\n<meta name=\"robots\" content=\"index, follow, max-snippet:-1, max-image-preview:large, max-video-preview:-1\" \/>\n<link rel=\"canonical\" href=\"https:\/\/aigleshopping.ca\/fr\/produit\/top-en-tricot-tendance-pour-hommes\/\" \/>\n<meta property=\"og:locale\" content=\"fr_FR\" \/>\n<meta property=\"og:type\" content=\"article\" \/>\n<meta property=\"og:title\" content=\"Top en tricot tendance pour hommes - Aigle Shopping Canada\" \/>\n<meta property=\"og:description\" content=\"Informations sur le produit : Couleur : caf\u00e9 blanc, blanc verd\u00e2tre, noir et blanc Taille : M,L,XL,2XL,3XL Version : Loose Style : pull-over Composition du tissu principal : fibre acrylique Longueur des manches : manches longues Note : 1. les tailles asiatiques sont 1 \u00e0 2 tailles plus petites que les tailles europ\u00e9ennes et am\u00e9ricaines. [&hellip;]\" \/>\n<meta property=\"og:url\" content=\"https:\/\/aigleshopping.ca\/fr\/produit\/top-en-tricot-tendance-pour-hommes\/\" \/>\n<meta property=\"og:site_name\" content=\"Aigle Shopping Canada\" \/>\n<meta property=\"og:image\" content=\"https:\/\/aigleshopping.ca\/wp-content\/uploads\/2025\/03\/O1CN01XQcq5629CFnRin0w3_2215020858031-0-cib.jpg\" \/>\n\t<meta property=\"og:image:width\" content=\"1000\" \/>\n\t<meta property=\"og:image:height\" content=\"1000\" \/>\n\t<meta property=\"og:image:type\" content=\"image\/jpeg\" \/>\n<meta name=\"twitter:card\" content=\"summary_large_image\" \/>\n<meta name=\"twitter:label1\" content=\"Dur\u00e9e de lecture estim\u00e9e\" \/>\n\t<meta name=\"twitter:data1\" content=\"1 minute\" \/>\n<script type=\"application\/ld+json\" class=\"yoast-schema-graph\">{\"@context\":\"https:\\\/\\\/schema.org\",\"@graph\":[{\"@type\":\"WebPage\",\"@id\":\"https:\\\/\\\/aigleshopping.ca\\\/fr\\\/produit\\\/top-en-tricot-tendance-pour-hommes\\\/\",\"url\":\"https:\\\/\\\/aigleshopping.ca\\\/fr\\\/produit\\\/top-en-tricot-tendance-pour-hommes\\\/\",\"name\":\"Top en tricot tendance pour hommes - Aigle Shopping Canada\",\"isPartOf\":{\"@id\":\"https:\\\/\\\/aigleshopping.ca\\\/#website\"},\"primaryImageOfPage\":{\"@id\":\"https:\\\/\\\/aigleshopping.ca\\\/fr\\\/produit\\\/top-en-tricot-tendance-pour-hommes\\\/#primaryimage\"},\"image\":{\"@id\":\"https:\\\/\\\/aigleshopping.ca\\\/fr\\\/produit\\\/top-en-tricot-tendance-pour-hommes\\\/#primaryimage\"},\"thumbnailUrl\":\"https:\\\/\\\/aigleshopping.ca\\\/wp-content\\\/uploads\\\/2025\\\/03\\\/O1CN01XQcq5629CFnRin0w3_2215020858031-0-cib.jpg\",\"datePublished\":\"2025-03-20T06:18:58+00:00\",\"breadcrumb\":{\"@id\":\"https:\\\/\\\/aigleshopping.ca\\\/fr\\\/produit\\\/top-en-tricot-tendance-pour-hommes\\\/#breadcrumb\"},\"inLanguage\":\"fr-FR\",\"potentialAction\":[{\"@type\":\"ReadAction\",\"target\":[\"https:\\\/\\\/aigleshopping.ca\\\/fr\\\/produit\\\/top-en-tricot-tendance-pour-hommes\\\/\"]}]},{\"@type\":\"ImageObject\",\"inLanguage\":\"fr-FR\",\"@id\":\"https:\\\/\\\/aigleshopping.ca\\\/fr\\\/produit\\\/top-en-tricot-tendance-pour-hommes\\\/#primaryimage\",\"url\":\"https:\\\/\\\/aigleshopping.ca\\\/wp-content\\\/uploads\\\/2025\\\/03\\\/O1CN01XQcq5629CFnRin0w3_2215020858031-0-cib.jpg\",\"contentUrl\":\"https:\\\/\\\/aigleshopping.ca\\\/wp-content\\\/uploads\\\/2025\\\/03\\\/O1CN01XQcq5629CFnRin0w3_2215020858031-0-cib.jpg\",\"width\":1000,\"height\":1000},{\"@type\":\"BreadcrumbList\",\"@id\":\"https:\\\/\\\/aigleshopping.ca\\\/fr\\\/produit\\\/top-en-tricot-tendance-pour-hommes\\\/#breadcrumb\",\"itemListElement\":[{\"@type\":\"ListItem\",\"position\":1,\"name\":\"Home\",\"item\":\"https:\\\/\\\/aigleshopping.ca\\\/fr\\\/home\\\/\"},{\"@type\":\"ListItem\",\"position\":2,\"name\":\"Products\",\"item\":\"https:\\\/\\\/aigleshopping.ca\\\/shop\\\/\"},{\"@type\":\"ListItem\",\"position\":3,\"name\":\"Top en tricot tendance pour hommes\"}]},{\"@type\":\"WebSite\",\"@id\":\"https:\\\/\\\/aigleshopping.ca\\\/#website\",\"url\":\"https:\\\/\\\/aigleshopping.ca\\\/\",\"name\":\"Aigle Shopping Canada\",\"description\":\"Au-del\u00e0 des fronti\u00e8res, pour vous offrir le\u00a0meilleur!\",\"publisher\":{\"@id\":\"https:\\\/\\\/aigleshopping.ca\\\/#organization\"},\"potentialAction\":[{\"@type\":\"SearchAction\",\"target\":{\"@type\":\"EntryPoint\",\"urlTemplate\":\"https:\\\/\\\/aigleshopping.ca\\\/?s={search_term_string}\"},\"query-input\":{\"@type\":\"PropertyValueSpecification\",\"valueRequired\":true,\"valueName\":\"search_term_string\"}}],\"inLanguage\":\"fr-FR\"},{\"@type\":\"Organization\",\"@id\":\"https:\\\/\\\/aigleshopping.ca\\\/#organization\",\"name\":\"Aigle Shopping Canada\",\"url\":\"https:\\\/\\\/aigleshopping.ca\\\/\",\"logo\":{\"@type\":\"ImageObject\",\"inLanguage\":\"fr-FR\",\"@id\":\"https:\\\/\\\/aigleshopping.ca\\\/#\\\/schema\\\/logo\\\/image\\\/\",\"url\":\"https:\\\/\\\/aigleshopping.ca\\\/wp-content\\\/uploads\\\/2025\\\/12\\\/logo_aigleshopping_ca.png\",\"contentUrl\":\"https:\\\/\\\/aigleshopping.ca\\\/wp-content\\\/uploads\\\/2025\\\/12\\\/logo_aigleshopping_ca.png\",\"width\":800,\"height\":233,\"caption\":\"Aigle Shopping Canada\"},\"image\":{\"@id\":\"https:\\\/\\\/aigleshopping.ca\\\/#\\\/schema\\\/logo\\\/image\\\/\"}}]}<\/script>\n<!-- \/ Yoast SEO plugin. -->","yoast_head_json":{"title":"Top en tricot tendance pour hommes - Aigle Shopping Canada","robots":{"index":"index","follow":"follow","max-snippet":"max-snippet:-1","max-image-preview":"max-image-preview:large","max-video-preview":"max-video-preview:-1"},"canonical":"https:\/\/aigleshopping.ca\/fr\/produit\/top-en-tricot-tendance-pour-hommes\/","og_locale":"fr_FR","og_type":"article","og_title":"Top en tricot tendance pour hommes - Aigle Shopping Canada","og_description":"Informations sur le produit : Couleur : caf\u00e9 blanc, blanc verd\u00e2tre, noir et blanc Taille : M,L,XL,2XL,3XL Version : Loose Style : pull-over Composition du tissu principal : fibre acrylique Longueur des manches : manches longues Note : 1. les tailles asiatiques sont 1 \u00e0 2 tailles plus petites que les tailles europ\u00e9ennes et am\u00e9ricaines. [&hellip;]","og_url":"https:\/\/aigleshopping.ca\/fr\/produit\/top-en-tricot-tendance-pour-hommes\/","og_site_name":"Aigle Shopping Canada","og_image":[{"width":1000,"height":1000,"url":"https:\/\/aigleshopping.ca\/wp-content\/uploads\/2025\/03\/O1CN01XQcq5629CFnRin0w3_2215020858031-0-cib.jpg","type":"image\/jpeg"}],"twitter_card":"summary_large_image","twitter_misc":{"Dur\u00e9e de lecture estim\u00e9e":"1 minute"},"schema":{"@context":"https:\/\/schema.org","@graph":[{"@type":"WebPage","@id":"https:\/\/aigleshopping.ca\/fr\/produit\/top-en-tricot-tendance-pour-hommes\/","url":"https:\/\/aigleshopping.ca\/fr\/produit\/top-en-tricot-tendance-pour-hommes\/","name":"Top en tricot tendance pour hommes - Aigle Shopping Canada","isPartOf":{"@id":"https:\/\/aigleshopping.ca\/#website"},"primaryImageOfPage":{"@id":"https:\/\/aigleshopping.ca\/fr\/produit\/top-en-tricot-tendance-pour-hommes\/#primaryimage"},"image":{"@id":"https:\/\/aigleshopping.ca\/fr\/produit\/top-en-tricot-tendance-pour-hommes\/#primaryimage"},"thumbnailUrl":"https:\/\/aigleshopping.ca\/wp-content\/uploads\/2025\/03\/O1CN01XQcq5629CFnRin0w3_2215020858031-0-cib.jpg","datePublished":"2025-03-20T06:18:58+00:00","breadcrumb":{"@id":"https:\/\/aigleshopping.ca\/fr\/produit\/top-en-tricot-tendance-pour-hommes\/#breadcrumb"},"inLanguage":"fr-FR","potentialAction":[{"@type":"ReadAction","target":["https:\/\/aigleshopping.ca\/fr\/produit\/top-en-tricot-tendance-pour-hommes\/"]}]},{"@type":"ImageObject","inLanguage":"fr-FR","@id":"https:\/\/aigleshopping.ca\/fr\/produit\/top-en-tricot-tendance-pour-hommes\/#primaryimage","url":"https:\/\/aigleshopping.ca\/wp-content\/uploads\/2025\/03\/O1CN01XQcq5629CFnRin0w3_2215020858031-0-cib.jpg","contentUrl":"https:\/\/aigleshopping.ca\/wp-content\/uploads\/2025\/03\/O1CN01XQcq5629CFnRin0w3_2215020858031-0-cib.jpg","width":1000,"height":1000},{"@type":"BreadcrumbList","@id":"https:\/\/aigleshopping.ca\/fr\/produit\/top-en-tricot-tendance-pour-hommes\/#breadcrumb","itemListElement":[{"@type":"ListItem","position":1,"name":"Home","item":"https:\/\/aigleshopping.ca\/fr\/home\/"},{"@type":"ListItem","position":2,"name":"Products","item":"https:\/\/aigleshopping.ca\/shop\/"},{"@type":"ListItem","position":3,"name":"Top en tricot tendance pour hommes"}]},{"@type":"WebSite","@id":"https:\/\/aigleshopping.ca\/#website","url":"https:\/\/aigleshopping.ca\/","name":"Aigle Shopping Canada","description":"Au-del\u00e0 des fronti\u00e8res, pour vous offrir le\u00a0meilleur!","publisher":{"@id":"https:\/\/aigleshopping.ca\/#organization"},"potentialAction":[{"@type":"SearchAction","target":{"@type":"EntryPoint","urlTemplate":"https:\/\/aigleshopping.ca\/?s={search_term_string}"},"query-input":{"@type":"PropertyValueSpecification","valueRequired":true,"valueName":"search_term_string"}}],"inLanguage":"fr-FR"},{"@type":"Organization","@id":"https:\/\/aigleshopping.ca\/#organization","name":"Aigle Shopping Canada","url":"https:\/\/aigleshopping.ca\/","logo":{"@type":"ImageObject","inLanguage":"fr-FR","@id":"https:\/\/aigleshopping.ca\/#\/schema\/logo\/image\/","url":"https:\/\/aigleshopping.ca\/wp-content\/uploads\/2025\/12\/logo_aigleshopping_ca.png","contentUrl":"https:\/\/aigleshopping.ca\/wp-content\/uploads\/2025\/12\/logo_aigleshopping_ca.png","width":800,"height":233,"caption":"Aigle Shopping Canada"},"image":{"@id":"https:\/\/aigleshopping.ca\/#\/schema\/logo\/image\/"}}]}},"jetpack_sharing_enabled":true,"_links":{"self":[{"href":"https:\/\/aigleshopping.ca\/fr\/wp-json\/wp\/v2\/product\/31514","targetHints":{"allow":["GET"]}}],"collection":[{"href":"https:\/\/aigleshopping.ca\/fr\/wp-json\/wp\/v2\/product"}],"about":[{"href":"https:\/\/aigleshopping.ca\/fr\/wp-json\/wp\/v2\/types\/product"}],"replies":[{"embeddable":true,"href":"https:\/\/aigleshopping.ca\/fr\/wp-json\/wp\/v2\/comments?post=31514"}],"wp:featuredmedia":[{"embeddable":true,"href":"https:\/\/aigleshopping.ca\/fr\/wp-json\/wp\/v2\/media\/25444"}],"wp:attachment":[{"href":"https:\/\/aigleshopping.ca\/fr\/wp-json\/wp\/v2\/media?parent=31514"}],"wp:term":[{"taxonomy":"product_brand","embeddable":true,"href":"https:\/\/aigleshopping.ca\/fr\/wp-json\/wp\/v2\/product_brand?post=31514"},{"taxonomy":"product_cat","embeddable":true,"href":"https:\/\/aigleshopping.ca\/fr\/wp-json\/wp\/v2\/product_cat?post=31514"},{"taxonomy":"product_tag","embeddable":true,"href":"https:\/\/aigleshopping.ca\/fr\/wp-json\/wp\/v2\/product_tag?post=31514"}],"curies":[{"name":"wp","href":"https:\/\/api.w.org\/{rel}","templated":true}]}}