{"id":31561,"date":"2025-03-20T06:24:47","date_gmt":"2025-03-20T06:24:47","guid":{"rendered":"https:\/\/aigleshopping.ca\/produit\/manteau-en-tricot-pour-hommes-avec-demi-fermeture-a-glissiere-couleur-unie-pull-epais-torsade\/"},"modified":"2025-03-20T06:24:47","modified_gmt":"2025-03-20T06:24:47","slug":"manteau-en-tricot-pour-hommes-avec-demi-fermeture-a-glissiere-couleur-unie-pull-epais-torsade","status":"publish","type":"product","link":"https:\/\/aigleshopping.ca\/fr\/produit\/manteau-en-tricot-pour-hommes-avec-demi-fermeture-a-glissiere-couleur-unie-pull-epais-torsade\/","title":{"rendered":"Manteau en tricot pour hommes avec demi-fermeture \u00e0 glissi\u00e8re, couleur unie, pull \u00e9pais torsad\u00e9"},"content":{"rendered":"<p> <b>Informations sur le produit :<\/b> <br \/> Couleur : blanc, noir, bleu, marron, vert <br \/> Convient aux personnes : Jeunes <br \/> Taille : S,M,L,XL,XXL,XXXL <br \/> Version : Loose <br \/> Style : pull-over <br \/> \u00c9paisseur : \u00e9paississement <br \/> Nom du tissu : m\u00e9lange de fibres chimiques <br \/> Sc\u00e9narios d&rsquo;application : Quotidien <br \/> Personnes concern\u00e9es : Jeunes <br \/> Composition du tissu principal : fibre acrylique <br \/> Longueur des manches : manches longues <br \/> Saison appropri\u00e9e : Hiver <br \/> Style : Style britannique <br \/> Artisanat : fleur torsad\u00e9e   <\/p>\n<p><b>Taille :<\/b><br \/>\n<br \/> <br \/>\n<img decoding=\"async\" src=\"https:\/\/oss-cf.cjdropshipping.com\/product\/2025\/02\/20\/06\/1dcc0549-55ca-4952-bd91-29882c95dddf.jpg\"><br \/>\n<b>Note :<\/b> 1. les tailles asiatiques sont 1 \u00e0 2 tailles plus petites que les tailles europ\u00e9ennes et am\u00e9ricaines. Choisissez la taille la plus grande si votre taille se situe entre deux tailles. Veuillez tenir compte d&rsquo;une diff\u00e9rence de 2 \u00e0 3 cm due aux mesures manuelles. 2. Si vous ne savez pas comment choisir votre taille, veuillez contacter notre service client\u00e8le. 3) Comme vous le savez, les ordinateurs affichent les couleurs diff\u00e9remment, la couleur de l&rsquo;article r\u00e9el peut varier l\u00e9g\u00e8rement par rapport aux images suivantes.<br \/>\n<br \/> <br \/>\n<b>Liste d&#8217;emballage :  <\/b><br \/>\n<br \/>  Pull x1<br \/>\n<br \/> <br \/>\n<b>Image du produit :<\/b><br \/>\n<br \/> <br \/>\n<img decoding=\"async\" src=\"https:\/\/cf.cjdropshipping.com\/quick\/product\/47a09c5a-54ec-496a-b199-0576469b3e2b.jpg\"><br \/>\n<img decoding=\"async\" src=\"https:\/\/cf.cjdropshipping.com\/quick\/product\/786cb7be-9bf3-4c19-82ff-50d77576a8d5.jpg\"><br \/>\n<img decoding=\"async\" src=\"https:\/\/cf.cjdropshipping.com\/quick\/product\/4eff8a96-6c7d-4aad-be16-f2d72ea0e842.jpg\"><br \/>\n<img decoding=\"async\" src=\"https:\/\/cf.cjdropshipping.com\/quick\/product\/f85797ca-5bfa-4a32-bd20-2c237ed76d63.jpg\"><br \/>\n<img decoding=\"async\" src=\"https:\/\/cf.cjdropshipping.com\/quick\/product\/0ab0cfa7-f64b-4bbc-8472-b276f3e91e67.jpg\"><br \/>\n<img decoding=\"async\" src=\"https:\/\/cf.cjdropshipping.com\/quick\/product\/ec0c9985-952d-45c0-bec8-0f5e6ec96157.jpg\"><br \/>\n<img decoding=\"async\" src=\"https:\/\/cf.cjdropshipping.com\/quick\/product\/f82c4585-beed-4026-9d1f-5c9bae4cd7ba.jpg\"><br \/>\n<img decoding=\"async\" src=\"https:\/\/cf.cjdropshipping.com\/quick\/product\/55e7e61c-d73c-4dc5-933c-853f44a7d093.jpg\"><br \/>\n<img decoding=\"async\" src=\"https:\/\/cf.cjdropshipping.com\/quick\/product\/a9caf2a1-79d9-4108-85c5-a77e3fa76b72.jpg\"><\/p>\n","protected":false},"excerpt":{"rendered":"<p>Informations sur le produit : Couleur : blanc, noir, bleu, marron, vert Convient aux personnes : Jeunes Taille : S,M,L,XL,XXL,XXXL Version : Loose Style : pull-over \u00c9paisseur : \u00e9paississement Nom du tissu : m\u00e9lange de fibres chimiques Sc\u00e9narios d&rsquo;application : Quotidien Personnes concern\u00e9es : Jeunes Composition du tissu principal : fibre acrylique Longueur des manches [&hellip;]<\/p>\n","protected":false},"featured_media":25805,"comment_status":"open","ping_status":"closed","template":"","meta":{"content-type":""},"product_brand":[],"product_cat":[691],"product_tag":[],"class_list":{"0":"post-31561","1":"product","2":"type-product","3":"status-publish","4":"has-post-thumbnail","6":"product_cat-sweatshirt-fr-2","8":"first","9":"instock","10":"taxable","11":"shipping-taxable","12":"purchasable","13":"product-type-variable","14":"add-to-wishlist-after_add_to_cart"},"yoast_head":"<!-- This site is optimized with the Yoast SEO plugin v27.4 - https:\/\/yoast.com\/product\/yoast-seo-wordpress\/ -->\n<title>Manteau en tricot pour hommes avec demi-fermeture \u00e0 glissi\u00e8re, couleur unie, pull \u00e9pais torsad\u00e9 - Aigle Shopping Canada<\/title>\n<meta name=\"robots\" content=\"index, follow, max-snippet:-1, max-image-preview:large, max-video-preview:-1\" \/>\n<link rel=\"canonical\" href=\"https:\/\/aigleshopping.ca\/fr\/produit\/manteau-en-tricot-pour-hommes-avec-demi-fermeture-a-glissiere-couleur-unie-pull-epais-torsade\/\" \/>\n<meta property=\"og:locale\" content=\"fr_FR\" \/>\n<meta property=\"og:type\" content=\"article\" \/>\n<meta property=\"og:title\" content=\"Manteau en tricot pour hommes avec demi-fermeture \u00e0 glissi\u00e8re, couleur unie, pull \u00e9pais torsad\u00e9 - Aigle Shopping Canada\" \/>\n<meta property=\"og:description\" content=\"Informations sur le produit : Couleur : blanc, noir, bleu, marron, vert Convient aux personnes : Jeunes Taille : S,M,L,XL,XXL,XXXL Version : Loose Style : pull-over \u00c9paisseur : \u00e9paississement Nom du tissu : m\u00e9lange de fibres chimiques Sc\u00e9narios d&rsquo;application : Quotidien Personnes concern\u00e9es : Jeunes Composition du tissu principal : fibre acrylique Longueur des manches [&hellip;]\" \/>\n<meta property=\"og:url\" content=\"https:\/\/aigleshopping.ca\/fr\/produit\/manteau-en-tricot-pour-hommes-avec-demi-fermeture-a-glissiere-couleur-unie-pull-epais-torsade\/\" \/>\n<meta property=\"og:site_name\" content=\"Aigle Shopping Canada\" \/>\n<meta property=\"og:image\" content=\"https:\/\/aigleshopping.ca\/wp-content\/uploads\/2025\/03\/786cb7be-9bf3-4c19-82ff-50d77576a8d5.jpg\" \/>\n\t<meta property=\"og:image:width\" content=\"800\" \/>\n\t<meta property=\"og:image:height\" content=\"800\" \/>\n\t<meta property=\"og:image:type\" content=\"image\/jpeg\" \/>\n<meta name=\"twitter:card\" content=\"summary_large_image\" \/>\n<meta name=\"twitter:label1\" content=\"Dur\u00e9e de lecture estim\u00e9e\" \/>\n\t<meta name=\"twitter:data1\" content=\"1 minute\" \/>\n<script type=\"application\/ld+json\" class=\"yoast-schema-graph\">{\"@context\":\"https:\\\/\\\/schema.org\",\"@graph\":[{\"@type\":\"WebPage\",\"@id\":\"https:\\\/\\\/aigleshopping.ca\\\/fr\\\/produit\\\/manteau-en-tricot-pour-hommes-avec-demi-fermeture-a-glissiere-couleur-unie-pull-epais-torsade\\\/\",\"url\":\"https:\\\/\\\/aigleshopping.ca\\\/fr\\\/produit\\\/manteau-en-tricot-pour-hommes-avec-demi-fermeture-a-glissiere-couleur-unie-pull-epais-torsade\\\/\",\"name\":\"Manteau en tricot pour hommes avec demi-fermeture \u00e0 glissi\u00e8re, couleur unie, pull \u00e9pais torsad\u00e9 - Aigle Shopping Canada\",\"isPartOf\":{\"@id\":\"https:\\\/\\\/aigleshopping.ca\\\/#website\"},\"primaryImageOfPage\":{\"@id\":\"https:\\\/\\\/aigleshopping.ca\\\/fr\\\/produit\\\/manteau-en-tricot-pour-hommes-avec-demi-fermeture-a-glissiere-couleur-unie-pull-epais-torsade\\\/#primaryimage\"},\"image\":{\"@id\":\"https:\\\/\\\/aigleshopping.ca\\\/fr\\\/produit\\\/manteau-en-tricot-pour-hommes-avec-demi-fermeture-a-glissiere-couleur-unie-pull-epais-torsade\\\/#primaryimage\"},\"thumbnailUrl\":\"https:\\\/\\\/aigleshopping.ca\\\/wp-content\\\/uploads\\\/2025\\\/03\\\/786cb7be-9bf3-4c19-82ff-50d77576a8d5.jpg\",\"datePublished\":\"2025-03-20T06:24:47+00:00\",\"breadcrumb\":{\"@id\":\"https:\\\/\\\/aigleshopping.ca\\\/fr\\\/produit\\\/manteau-en-tricot-pour-hommes-avec-demi-fermeture-a-glissiere-couleur-unie-pull-epais-torsade\\\/#breadcrumb\"},\"inLanguage\":\"fr-FR\",\"potentialAction\":[{\"@type\":\"ReadAction\",\"target\":[\"https:\\\/\\\/aigleshopping.ca\\\/fr\\\/produit\\\/manteau-en-tricot-pour-hommes-avec-demi-fermeture-a-glissiere-couleur-unie-pull-epais-torsade\\\/\"]}]},{\"@type\":\"ImageObject\",\"inLanguage\":\"fr-FR\",\"@id\":\"https:\\\/\\\/aigleshopping.ca\\\/fr\\\/produit\\\/manteau-en-tricot-pour-hommes-avec-demi-fermeture-a-glissiere-couleur-unie-pull-epais-torsade\\\/#primaryimage\",\"url\":\"https:\\\/\\\/aigleshopping.ca\\\/wp-content\\\/uploads\\\/2025\\\/03\\\/786cb7be-9bf3-4c19-82ff-50d77576a8d5.jpg\",\"contentUrl\":\"https:\\\/\\\/aigleshopping.ca\\\/wp-content\\\/uploads\\\/2025\\\/03\\\/786cb7be-9bf3-4c19-82ff-50d77576a8d5.jpg\",\"width\":800,\"height\":800},{\"@type\":\"BreadcrumbList\",\"@id\":\"https:\\\/\\\/aigleshopping.ca\\\/fr\\\/produit\\\/manteau-en-tricot-pour-hommes-avec-demi-fermeture-a-glissiere-couleur-unie-pull-epais-torsade\\\/#breadcrumb\",\"itemListElement\":[{\"@type\":\"ListItem\",\"position\":1,\"name\":\"Home\",\"item\":\"https:\\\/\\\/aigleshopping.ca\\\/fr\\\/home\\\/\"},{\"@type\":\"ListItem\",\"position\":2,\"name\":\"Products\",\"item\":\"https:\\\/\\\/aigleshopping.ca\\\/shop\\\/\"},{\"@type\":\"ListItem\",\"position\":3,\"name\":\"Manteau en tricot pour hommes avec demi-fermeture \u00e0 glissi\u00e8re, couleur unie, pull \u00e9pais torsad\u00e9\"}]},{\"@type\":\"WebSite\",\"@id\":\"https:\\\/\\\/aigleshopping.ca\\\/#website\",\"url\":\"https:\\\/\\\/aigleshopping.ca\\\/\",\"name\":\"Aigle Shopping Canada\",\"description\":\"Au-del\u00e0 des fronti\u00e8res, pour vous offrir le\u00a0meilleur!\",\"publisher\":{\"@id\":\"https:\\\/\\\/aigleshopping.ca\\\/#organization\"},\"potentialAction\":[{\"@type\":\"SearchAction\",\"target\":{\"@type\":\"EntryPoint\",\"urlTemplate\":\"https:\\\/\\\/aigleshopping.ca\\\/?s={search_term_string}\"},\"query-input\":{\"@type\":\"PropertyValueSpecification\",\"valueRequired\":true,\"valueName\":\"search_term_string\"}}],\"inLanguage\":\"fr-FR\"},{\"@type\":\"Organization\",\"@id\":\"https:\\\/\\\/aigleshopping.ca\\\/#organization\",\"name\":\"Aigle Shopping Canada\",\"url\":\"https:\\\/\\\/aigleshopping.ca\\\/\",\"logo\":{\"@type\":\"ImageObject\",\"inLanguage\":\"fr-FR\",\"@id\":\"https:\\\/\\\/aigleshopping.ca\\\/#\\\/schema\\\/logo\\\/image\\\/\",\"url\":\"https:\\\/\\\/aigleshopping.ca\\\/wp-content\\\/uploads\\\/2025\\\/12\\\/logo_aigleshopping_ca.png\",\"contentUrl\":\"https:\\\/\\\/aigleshopping.ca\\\/wp-content\\\/uploads\\\/2025\\\/12\\\/logo_aigleshopping_ca.png\",\"width\":800,\"height\":233,\"caption\":\"Aigle Shopping Canada\"},\"image\":{\"@id\":\"https:\\\/\\\/aigleshopping.ca\\\/#\\\/schema\\\/logo\\\/image\\\/\"}}]}<\/script>\n<!-- \/ Yoast SEO plugin. -->","yoast_head_json":{"title":"Manteau en tricot pour hommes avec demi-fermeture \u00e0 glissi\u00e8re, couleur unie, pull \u00e9pais torsad\u00e9 - Aigle Shopping Canada","robots":{"index":"index","follow":"follow","max-snippet":"max-snippet:-1","max-image-preview":"max-image-preview:large","max-video-preview":"max-video-preview:-1"},"canonical":"https:\/\/aigleshopping.ca\/fr\/produit\/manteau-en-tricot-pour-hommes-avec-demi-fermeture-a-glissiere-couleur-unie-pull-epais-torsade\/","og_locale":"fr_FR","og_type":"article","og_title":"Manteau en tricot pour hommes avec demi-fermeture \u00e0 glissi\u00e8re, couleur unie, pull \u00e9pais torsad\u00e9 - Aigle Shopping Canada","og_description":"Informations sur le produit : Couleur : blanc, noir, bleu, marron, vert Convient aux personnes : Jeunes Taille : S,M,L,XL,XXL,XXXL Version : Loose Style : pull-over \u00c9paisseur : \u00e9paississement Nom du tissu : m\u00e9lange de fibres chimiques Sc\u00e9narios d&rsquo;application : Quotidien Personnes concern\u00e9es : Jeunes Composition du tissu principal : fibre acrylique Longueur des manches [&hellip;]","og_url":"https:\/\/aigleshopping.ca\/fr\/produit\/manteau-en-tricot-pour-hommes-avec-demi-fermeture-a-glissiere-couleur-unie-pull-epais-torsade\/","og_site_name":"Aigle Shopping Canada","og_image":[{"width":800,"height":800,"url":"https:\/\/aigleshopping.ca\/wp-content\/uploads\/2025\/03\/786cb7be-9bf3-4c19-82ff-50d77576a8d5.jpg","type":"image\/jpeg"}],"twitter_card":"summary_large_image","twitter_misc":{"Dur\u00e9e de lecture estim\u00e9e":"1 minute"},"schema":{"@context":"https:\/\/schema.org","@graph":[{"@type":"WebPage","@id":"https:\/\/aigleshopping.ca\/fr\/produit\/manteau-en-tricot-pour-hommes-avec-demi-fermeture-a-glissiere-couleur-unie-pull-epais-torsade\/","url":"https:\/\/aigleshopping.ca\/fr\/produit\/manteau-en-tricot-pour-hommes-avec-demi-fermeture-a-glissiere-couleur-unie-pull-epais-torsade\/","name":"Manteau en tricot pour hommes avec demi-fermeture \u00e0 glissi\u00e8re, couleur unie, pull \u00e9pais torsad\u00e9 - Aigle Shopping Canada","isPartOf":{"@id":"https:\/\/aigleshopping.ca\/#website"},"primaryImageOfPage":{"@id":"https:\/\/aigleshopping.ca\/fr\/produit\/manteau-en-tricot-pour-hommes-avec-demi-fermeture-a-glissiere-couleur-unie-pull-epais-torsade\/#primaryimage"},"image":{"@id":"https:\/\/aigleshopping.ca\/fr\/produit\/manteau-en-tricot-pour-hommes-avec-demi-fermeture-a-glissiere-couleur-unie-pull-epais-torsade\/#primaryimage"},"thumbnailUrl":"https:\/\/aigleshopping.ca\/wp-content\/uploads\/2025\/03\/786cb7be-9bf3-4c19-82ff-50d77576a8d5.jpg","datePublished":"2025-03-20T06:24:47+00:00","breadcrumb":{"@id":"https:\/\/aigleshopping.ca\/fr\/produit\/manteau-en-tricot-pour-hommes-avec-demi-fermeture-a-glissiere-couleur-unie-pull-epais-torsade\/#breadcrumb"},"inLanguage":"fr-FR","potentialAction":[{"@type":"ReadAction","target":["https:\/\/aigleshopping.ca\/fr\/produit\/manteau-en-tricot-pour-hommes-avec-demi-fermeture-a-glissiere-couleur-unie-pull-epais-torsade\/"]}]},{"@type":"ImageObject","inLanguage":"fr-FR","@id":"https:\/\/aigleshopping.ca\/fr\/produit\/manteau-en-tricot-pour-hommes-avec-demi-fermeture-a-glissiere-couleur-unie-pull-epais-torsade\/#primaryimage","url":"https:\/\/aigleshopping.ca\/wp-content\/uploads\/2025\/03\/786cb7be-9bf3-4c19-82ff-50d77576a8d5.jpg","contentUrl":"https:\/\/aigleshopping.ca\/wp-content\/uploads\/2025\/03\/786cb7be-9bf3-4c19-82ff-50d77576a8d5.jpg","width":800,"height":800},{"@type":"BreadcrumbList","@id":"https:\/\/aigleshopping.ca\/fr\/produit\/manteau-en-tricot-pour-hommes-avec-demi-fermeture-a-glissiere-couleur-unie-pull-epais-torsade\/#breadcrumb","itemListElement":[{"@type":"ListItem","position":1,"name":"Home","item":"https:\/\/aigleshopping.ca\/fr\/home\/"},{"@type":"ListItem","position":2,"name":"Products","item":"https:\/\/aigleshopping.ca\/shop\/"},{"@type":"ListItem","position":3,"name":"Manteau en tricot pour hommes avec demi-fermeture \u00e0 glissi\u00e8re, couleur unie, pull \u00e9pais torsad\u00e9"}]},{"@type":"WebSite","@id":"https:\/\/aigleshopping.ca\/#website","url":"https:\/\/aigleshopping.ca\/","name":"Aigle Shopping Canada","description":"Au-del\u00e0 des fronti\u00e8res, pour vous offrir le\u00a0meilleur!","publisher":{"@id":"https:\/\/aigleshopping.ca\/#organization"},"potentialAction":[{"@type":"SearchAction","target":{"@type":"EntryPoint","urlTemplate":"https:\/\/aigleshopping.ca\/?s={search_term_string}"},"query-input":{"@type":"PropertyValueSpecification","valueRequired":true,"valueName":"search_term_string"}}],"inLanguage":"fr-FR"},{"@type":"Organization","@id":"https:\/\/aigleshopping.ca\/#organization","name":"Aigle Shopping Canada","url":"https:\/\/aigleshopping.ca\/","logo":{"@type":"ImageObject","inLanguage":"fr-FR","@id":"https:\/\/aigleshopping.ca\/#\/schema\/logo\/image\/","url":"https:\/\/aigleshopping.ca\/wp-content\/uploads\/2025\/12\/logo_aigleshopping_ca.png","contentUrl":"https:\/\/aigleshopping.ca\/wp-content\/uploads\/2025\/12\/logo_aigleshopping_ca.png","width":800,"height":233,"caption":"Aigle Shopping Canada"},"image":{"@id":"https:\/\/aigleshopping.ca\/#\/schema\/logo\/image\/"}}]}},"jetpack_sharing_enabled":true,"_links":{"self":[{"href":"https:\/\/aigleshopping.ca\/fr\/wp-json\/wp\/v2\/product\/31561","targetHints":{"allow":["GET"]}}],"collection":[{"href":"https:\/\/aigleshopping.ca\/fr\/wp-json\/wp\/v2\/product"}],"about":[{"href":"https:\/\/aigleshopping.ca\/fr\/wp-json\/wp\/v2\/types\/product"}],"replies":[{"embeddable":true,"href":"https:\/\/aigleshopping.ca\/fr\/wp-json\/wp\/v2\/comments?post=31561"}],"wp:featuredmedia":[{"embeddable":true,"href":"https:\/\/aigleshopping.ca\/fr\/wp-json\/wp\/v2\/media\/25805"}],"wp:attachment":[{"href":"https:\/\/aigleshopping.ca\/fr\/wp-json\/wp\/v2\/media?parent=31561"}],"wp:term":[{"taxonomy":"product_brand","embeddable":true,"href":"https:\/\/aigleshopping.ca\/fr\/wp-json\/wp\/v2\/product_brand?post=31561"},{"taxonomy":"product_cat","embeddable":true,"href":"https:\/\/aigleshopping.ca\/fr\/wp-json\/wp\/v2\/product_cat?post=31561"},{"taxonomy":"product_tag","embeddable":true,"href":"https:\/\/aigleshopping.ca\/fr\/wp-json\/wp\/v2\/product_tag?post=31561"}],"curies":[{"name":"wp","href":"https:\/\/api.w.org\/{rel}","templated":true}]}}