{"id":31593,"date":"2025-03-20T06:35:15","date_gmt":"2025-03-20T06:35:15","guid":{"rendered":"https:\/\/aigleshopping.ca\/produit\/manteau-epais-pour-hommes-col-torsade-bouton-fashion-knitwear\/"},"modified":"2025-03-20T06:35:15","modified_gmt":"2025-03-20T06:35:15","slug":"manteau-epais-pour-hommes-col-torsade-bouton-fashion-knitwear","status":"publish","type":"product","link":"https:\/\/aigleshopping.ca\/fr\/produit\/manteau-epais-pour-hommes-col-torsade-bouton-fashion-knitwear\/","title":{"rendered":"Manteau \u00e9pais pour hommes Col torsad\u00e9 Bouton Fashion Knitwear"},"content":{"rendered":"<p> <b>Informations sur le produit :<\/b> <br \/> Motif : rayures  <br \/>  Couleur : Gentleman camel, gris, bleu fonc\u00e9  <br \/>  Convient aux personnes : Jeunes  <br \/>  Taille : S, M, L, XL, 2XL  <br \/>  Version : En vrac  <br \/>  Style : pull-over  <br \/>  \u00c9paisseur : \u00e9paississement  <br \/>  \u00c9paisseur du fil de laine : laine standard  <br \/>  Sc\u00e9narios applicables : Loisirs  <br \/>  Personnes concern\u00e9es : Jeunes  <br \/>  Sexe applicable : Homme  <br \/>  Type d&rsquo;inventaire : transaction globale  <br \/>  Groupe d&rsquo;\u00e2ge concern\u00e9 : Adulte  <br \/>  Longueur des manches : manches longues  <br \/>  Saison appropri\u00e9e : Hiver  <br \/>  Style : D\u00e9contract\u00e9  <br \/>  Artisanat : Jacquard   <\/p>\n<p><b>Note :<\/b> 1. les tailles asiatiques sont 1 \u00e0 2 tailles plus petites que les tailles europ\u00e9ennes et am\u00e9ricaines. Choisissez la taille la plus grande si votre taille se situe entre deux tailles. Veuillez tenir compte d&rsquo;une diff\u00e9rence de 2 \u00e0 3 cm due aux mesures manuelles. 2. Si vous ne savez pas comment choisir votre taille, veuillez contacter notre service client\u00e8le. 3) Comme vous le savez, les ordinateurs affichent les couleurs diff\u00e9remment, la couleur de l&rsquo;article r\u00e9el peut varier l\u00e9g\u00e8rement par rapport aux images suivantes.<br \/>\n<br \/> <br \/>\n<b>Liste d&#8217;emballage :  <\/b><br \/>\n<br \/>  Manteau *1<br \/>\n<br \/> <br \/>\n<b>Image du produit :<\/b><br \/>\n<br \/> <br \/>\n<img decoding=\"async\" src=\"https:\/\/oss-cf.cjdropshipping.com\/product\/2025\/01\/31\/07\/06be091f-8fd7-42fc-8ded-59cfe3b6af22_trans.jpeg\"><br \/>\n<img decoding=\"async\" src=\"https:\/\/oss-cf.cjdropshipping.com\/product\/2025\/01\/31\/07\/e716ef48-1bd6-4c2d-8f2c-8af5fd1fcb02_trans.jpeg\"><br \/>\n<img decoding=\"async\" src=\"https:\/\/oss-cf.cjdropshipping.com\/product\/2025\/01\/31\/07\/83510237-43a7-4fb9-afe9-c3c03a91bbf3_trans.jpeg\"><br \/>\n<img decoding=\"async\" src=\"https:\/\/oss-cf.cjdropshipping.com\/product\/2025\/01\/31\/07\/85405b0f-552b-44fa-ad9c-250fd758c5b5_trans.jpeg\"><br \/>\n<img decoding=\"async\" src=\"https:\/\/oss-cf.cjdropshipping.com\/product\/2025\/01\/31\/07\/f32b36d2-5b69-4fab-b169-235fe35ccd3a_trans.jpeg\"><br \/>\n<img decoding=\"async\" src=\"https:\/\/oss-cf.cjdropshipping.com\/product\/2025\/01\/31\/07\/ed24c456-3ff8-41b8-a236-967c767776fd_trans.jpeg\"><br \/>\n<img decoding=\"async\" src=\"https:\/\/oss-cf.cjdropshipping.com\/product\/2025\/01\/31\/07\/b5773068-ab13-4cbe-a33c-c0d8135cd804_trans.jpeg\"><br \/>\n<img decoding=\"async\" src=\"https:\/\/oss-cf.cjdropshipping.com\/product\/2025\/01\/31\/07\/4a63e496-05a8-4a20-9668-8c4e0acf8817_trans.jpeg\"><br \/>\n<img decoding=\"async\" src=\"https:\/\/oss-cf.cjdropshipping.com\/product\/2025\/01\/31\/07\/163f1945-220d-41fd-a845-16c9f8e9c607_trans.jpeg\"><br \/>\n<img decoding=\"async\" src=\"https:\/\/oss-cf.cjdropshipping.com\/product\/2025\/01\/31\/07\/08ba6214-62d8-41ed-a29c-eadbe21412be_trans.jpeg\"><br \/>\n<img decoding=\"async\" src=\"https:\/\/oss-cf.cjdropshipping.com\/product\/2025\/01\/31\/07\/8ee82c9b-7d6e-4156-aa18-0659569c00e0_trans.jpeg\"><br \/>\n<img decoding=\"async\" src=\"https:\/\/oss-cf.cjdropshipping.com\/product\/2025\/01\/31\/07\/81744972-09a5-4b26-b36c-f3aa28f78f3b_trans.jpeg\"><br \/>\n<img decoding=\"async\" src=\"https:\/\/oss-cf.cjdropshipping.com\/product\/2025\/01\/31\/07\/b11eadaa-f2f9-4e11-b2e9-2e7100204fa5_trans.jpeg\"><br \/>\n<img decoding=\"async\" src=\"https:\/\/oss-cf.cjdropshipping.com\/product\/2025\/01\/31\/07\/a3f3f5ec-fe77-4645-a1c0-89ca27453457_trans.jpeg\"><br \/>\n<img decoding=\"async\" src=\"https:\/\/oss-cf.cjdropshipping.com\/product\/2025\/01\/31\/07\/aa211704-b1e7-4c60-9b43-0bb5931556d0_trans.jpeg\"><br \/>\n<img decoding=\"async\" src=\"https:\/\/oss-cf.cjdropshipping.com\/product\/2025\/01\/31\/07\/e3ead81a-57e8-4eae-b436-83695791d45f_trans.jpeg\"><br \/>\n<img decoding=\"async\" src=\"https:\/\/oss-cf.cjdropshipping.com\/product\/2025\/01\/31\/07\/da7d34fb-c757-4eeb-b081-87193ed8c622_trans.jpeg\"><\/p>\n","protected":false},"excerpt":{"rendered":"<p>Informations sur le produit : Motif : rayures Couleur : Gentleman camel, gris, bleu fonc\u00e9 Convient aux personnes : Jeunes Taille : S, M, L, XL, 2XL Version : En vrac Style : pull-over \u00c9paisseur : \u00e9paississement \u00c9paisseur du fil de laine : laine standard Sc\u00e9narios applicables : Loisirs Personnes concern\u00e9es : Jeunes Sexe applicable [&hellip;]<\/p>\n","protected":false},"featured_media":26453,"comment_status":"open","ping_status":"closed","template":"","meta":{"content-type":""},"product_brand":[],"product_cat":[691],"product_tag":[],"class_list":{"0":"post-31593","1":"product","2":"type-product","3":"status-publish","4":"has-post-thumbnail","6":"product_cat-sweatshirt-fr-2","8":"first","9":"instock","10":"taxable","11":"shipping-taxable","12":"purchasable","13":"product-type-variable","14":"add-to-wishlist-after_add_to_cart"},"yoast_head":"<!-- This site is optimized with the Yoast SEO plugin v27.4 - https:\/\/yoast.com\/product\/yoast-seo-wordpress\/ -->\n<title>Manteau \u00e9pais pour hommes Col torsad\u00e9 Bouton Fashion Knitwear - Aigle Shopping Canada<\/title>\n<meta name=\"robots\" content=\"index, follow, max-snippet:-1, max-image-preview:large, max-video-preview:-1\" \/>\n<link rel=\"canonical\" href=\"https:\/\/aigleshopping.ca\/fr\/produit\/manteau-epais-pour-hommes-col-torsade-bouton-fashion-knitwear\/\" \/>\n<meta property=\"og:locale\" content=\"fr_FR\" \/>\n<meta property=\"og:type\" content=\"article\" \/>\n<meta property=\"og:title\" content=\"Manteau \u00e9pais pour hommes Col torsad\u00e9 Bouton Fashion Knitwear - Aigle Shopping Canada\" \/>\n<meta property=\"og:description\" content=\"Informations sur le produit : Motif : rayures Couleur : Gentleman camel, gris, bleu fonc\u00e9 Convient aux personnes : Jeunes Taille : S, M, L, XL, 2XL Version : En vrac Style : pull-over \u00c9paisseur : \u00e9paississement \u00c9paisseur du fil de laine : laine standard Sc\u00e9narios applicables : Loisirs Personnes concern\u00e9es : Jeunes Sexe applicable [&hellip;]\" \/>\n<meta property=\"og:url\" content=\"https:\/\/aigleshopping.ca\/fr\/produit\/manteau-epais-pour-hommes-col-torsade-bouton-fashion-knitwear\/\" \/>\n<meta property=\"og:site_name\" content=\"Aigle Shopping Canada\" \/>\n<meta property=\"og:image\" content=\"https:\/\/aigleshopping.ca\/wp-content\/uploads\/2025\/03\/O1CN01qtt4K31e7RKpQyguK_2912783824-0-cib.jpg\" \/>\n\t<meta property=\"og:image:width\" content=\"800\" \/>\n\t<meta property=\"og:image:height\" content=\"800\" \/>\n\t<meta property=\"og:image:type\" content=\"image\/jpeg\" \/>\n<meta name=\"twitter:card\" content=\"summary_large_image\" \/>\n<meta name=\"twitter:label1\" content=\"Dur\u00e9e de lecture estim\u00e9e\" \/>\n\t<meta name=\"twitter:data1\" content=\"1 minute\" \/>\n<script type=\"application\/ld+json\" class=\"yoast-schema-graph\">{\"@context\":\"https:\\\/\\\/schema.org\",\"@graph\":[{\"@type\":\"WebPage\",\"@id\":\"https:\\\/\\\/aigleshopping.ca\\\/fr\\\/produit\\\/manteau-epais-pour-hommes-col-torsade-bouton-fashion-knitwear\\\/\",\"url\":\"https:\\\/\\\/aigleshopping.ca\\\/fr\\\/produit\\\/manteau-epais-pour-hommes-col-torsade-bouton-fashion-knitwear\\\/\",\"name\":\"Manteau \u00e9pais pour hommes Col torsad\u00e9 Bouton Fashion Knitwear - Aigle Shopping Canada\",\"isPartOf\":{\"@id\":\"https:\\\/\\\/aigleshopping.ca\\\/#website\"},\"primaryImageOfPage\":{\"@id\":\"https:\\\/\\\/aigleshopping.ca\\\/fr\\\/produit\\\/manteau-epais-pour-hommes-col-torsade-bouton-fashion-knitwear\\\/#primaryimage\"},\"image\":{\"@id\":\"https:\\\/\\\/aigleshopping.ca\\\/fr\\\/produit\\\/manteau-epais-pour-hommes-col-torsade-bouton-fashion-knitwear\\\/#primaryimage\"},\"thumbnailUrl\":\"https:\\\/\\\/aigleshopping.ca\\\/wp-content\\\/uploads\\\/2025\\\/03\\\/O1CN01qtt4K31e7RKpQyguK_2912783824-0-cib.jpg\",\"datePublished\":\"2025-03-20T06:35:15+00:00\",\"breadcrumb\":{\"@id\":\"https:\\\/\\\/aigleshopping.ca\\\/fr\\\/produit\\\/manteau-epais-pour-hommes-col-torsade-bouton-fashion-knitwear\\\/#breadcrumb\"},\"inLanguage\":\"fr-FR\",\"potentialAction\":[{\"@type\":\"ReadAction\",\"target\":[\"https:\\\/\\\/aigleshopping.ca\\\/fr\\\/produit\\\/manteau-epais-pour-hommes-col-torsade-bouton-fashion-knitwear\\\/\"]}]},{\"@type\":\"ImageObject\",\"inLanguage\":\"fr-FR\",\"@id\":\"https:\\\/\\\/aigleshopping.ca\\\/fr\\\/produit\\\/manteau-epais-pour-hommes-col-torsade-bouton-fashion-knitwear\\\/#primaryimage\",\"url\":\"https:\\\/\\\/aigleshopping.ca\\\/wp-content\\\/uploads\\\/2025\\\/03\\\/O1CN01qtt4K31e7RKpQyguK_2912783824-0-cib.jpg\",\"contentUrl\":\"https:\\\/\\\/aigleshopping.ca\\\/wp-content\\\/uploads\\\/2025\\\/03\\\/O1CN01qtt4K31e7RKpQyguK_2912783824-0-cib.jpg\",\"width\":800,\"height\":800},{\"@type\":\"BreadcrumbList\",\"@id\":\"https:\\\/\\\/aigleshopping.ca\\\/fr\\\/produit\\\/manteau-epais-pour-hommes-col-torsade-bouton-fashion-knitwear\\\/#breadcrumb\",\"itemListElement\":[{\"@type\":\"ListItem\",\"position\":1,\"name\":\"Home\",\"item\":\"https:\\\/\\\/aigleshopping.ca\\\/fr\\\/home\\\/\"},{\"@type\":\"ListItem\",\"position\":2,\"name\":\"Products\",\"item\":\"https:\\\/\\\/aigleshopping.ca\\\/shop\\\/\"},{\"@type\":\"ListItem\",\"position\":3,\"name\":\"Manteau \u00e9pais pour hommes Col torsad\u00e9 Bouton Fashion Knitwear\"}]},{\"@type\":\"WebSite\",\"@id\":\"https:\\\/\\\/aigleshopping.ca\\\/#website\",\"url\":\"https:\\\/\\\/aigleshopping.ca\\\/\",\"name\":\"Aigle Shopping Canada\",\"description\":\"Au-del\u00e0 des fronti\u00e8res, pour vous offrir le\u00a0meilleur!\",\"publisher\":{\"@id\":\"https:\\\/\\\/aigleshopping.ca\\\/#organization\"},\"potentialAction\":[{\"@type\":\"SearchAction\",\"target\":{\"@type\":\"EntryPoint\",\"urlTemplate\":\"https:\\\/\\\/aigleshopping.ca\\\/?s={search_term_string}\"},\"query-input\":{\"@type\":\"PropertyValueSpecification\",\"valueRequired\":true,\"valueName\":\"search_term_string\"}}],\"inLanguage\":\"fr-FR\"},{\"@type\":\"Organization\",\"@id\":\"https:\\\/\\\/aigleshopping.ca\\\/#organization\",\"name\":\"Aigle Shopping Canada\",\"url\":\"https:\\\/\\\/aigleshopping.ca\\\/\",\"logo\":{\"@type\":\"ImageObject\",\"inLanguage\":\"fr-FR\",\"@id\":\"https:\\\/\\\/aigleshopping.ca\\\/#\\\/schema\\\/logo\\\/image\\\/\",\"url\":\"https:\\\/\\\/aigleshopping.ca\\\/wp-content\\\/uploads\\\/2025\\\/12\\\/logo_aigleshopping_ca.png\",\"contentUrl\":\"https:\\\/\\\/aigleshopping.ca\\\/wp-content\\\/uploads\\\/2025\\\/12\\\/logo_aigleshopping_ca.png\",\"width\":800,\"height\":233,\"caption\":\"Aigle Shopping Canada\"},\"image\":{\"@id\":\"https:\\\/\\\/aigleshopping.ca\\\/#\\\/schema\\\/logo\\\/image\\\/\"}}]}<\/script>\n<!-- \/ Yoast SEO plugin. -->","yoast_head_json":{"title":"Manteau \u00e9pais pour hommes Col torsad\u00e9 Bouton Fashion Knitwear - Aigle Shopping Canada","robots":{"index":"index","follow":"follow","max-snippet":"max-snippet:-1","max-image-preview":"max-image-preview:large","max-video-preview":"max-video-preview:-1"},"canonical":"https:\/\/aigleshopping.ca\/fr\/produit\/manteau-epais-pour-hommes-col-torsade-bouton-fashion-knitwear\/","og_locale":"fr_FR","og_type":"article","og_title":"Manteau \u00e9pais pour hommes Col torsad\u00e9 Bouton Fashion Knitwear - Aigle Shopping Canada","og_description":"Informations sur le produit : Motif : rayures Couleur : Gentleman camel, gris, bleu fonc\u00e9 Convient aux personnes : Jeunes Taille : S, M, L, XL, 2XL Version : En vrac Style : pull-over \u00c9paisseur : \u00e9paississement \u00c9paisseur du fil de laine : laine standard Sc\u00e9narios applicables : Loisirs Personnes concern\u00e9es : Jeunes Sexe applicable [&hellip;]","og_url":"https:\/\/aigleshopping.ca\/fr\/produit\/manteau-epais-pour-hommes-col-torsade-bouton-fashion-knitwear\/","og_site_name":"Aigle Shopping Canada","og_image":[{"width":800,"height":800,"url":"https:\/\/aigleshopping.ca\/wp-content\/uploads\/2025\/03\/O1CN01qtt4K31e7RKpQyguK_2912783824-0-cib.jpg","type":"image\/jpeg"}],"twitter_card":"summary_large_image","twitter_misc":{"Dur\u00e9e de lecture estim\u00e9e":"1 minute"},"schema":{"@context":"https:\/\/schema.org","@graph":[{"@type":"WebPage","@id":"https:\/\/aigleshopping.ca\/fr\/produit\/manteau-epais-pour-hommes-col-torsade-bouton-fashion-knitwear\/","url":"https:\/\/aigleshopping.ca\/fr\/produit\/manteau-epais-pour-hommes-col-torsade-bouton-fashion-knitwear\/","name":"Manteau \u00e9pais pour hommes Col torsad\u00e9 Bouton Fashion Knitwear - Aigle Shopping Canada","isPartOf":{"@id":"https:\/\/aigleshopping.ca\/#website"},"primaryImageOfPage":{"@id":"https:\/\/aigleshopping.ca\/fr\/produit\/manteau-epais-pour-hommes-col-torsade-bouton-fashion-knitwear\/#primaryimage"},"image":{"@id":"https:\/\/aigleshopping.ca\/fr\/produit\/manteau-epais-pour-hommes-col-torsade-bouton-fashion-knitwear\/#primaryimage"},"thumbnailUrl":"https:\/\/aigleshopping.ca\/wp-content\/uploads\/2025\/03\/O1CN01qtt4K31e7RKpQyguK_2912783824-0-cib.jpg","datePublished":"2025-03-20T06:35:15+00:00","breadcrumb":{"@id":"https:\/\/aigleshopping.ca\/fr\/produit\/manteau-epais-pour-hommes-col-torsade-bouton-fashion-knitwear\/#breadcrumb"},"inLanguage":"fr-FR","potentialAction":[{"@type":"ReadAction","target":["https:\/\/aigleshopping.ca\/fr\/produit\/manteau-epais-pour-hommes-col-torsade-bouton-fashion-knitwear\/"]}]},{"@type":"ImageObject","inLanguage":"fr-FR","@id":"https:\/\/aigleshopping.ca\/fr\/produit\/manteau-epais-pour-hommes-col-torsade-bouton-fashion-knitwear\/#primaryimage","url":"https:\/\/aigleshopping.ca\/wp-content\/uploads\/2025\/03\/O1CN01qtt4K31e7RKpQyguK_2912783824-0-cib.jpg","contentUrl":"https:\/\/aigleshopping.ca\/wp-content\/uploads\/2025\/03\/O1CN01qtt4K31e7RKpQyguK_2912783824-0-cib.jpg","width":800,"height":800},{"@type":"BreadcrumbList","@id":"https:\/\/aigleshopping.ca\/fr\/produit\/manteau-epais-pour-hommes-col-torsade-bouton-fashion-knitwear\/#breadcrumb","itemListElement":[{"@type":"ListItem","position":1,"name":"Home","item":"https:\/\/aigleshopping.ca\/fr\/home\/"},{"@type":"ListItem","position":2,"name":"Products","item":"https:\/\/aigleshopping.ca\/shop\/"},{"@type":"ListItem","position":3,"name":"Manteau \u00e9pais pour hommes Col torsad\u00e9 Bouton Fashion Knitwear"}]},{"@type":"WebSite","@id":"https:\/\/aigleshopping.ca\/#website","url":"https:\/\/aigleshopping.ca\/","name":"Aigle Shopping Canada","description":"Au-del\u00e0 des fronti\u00e8res, pour vous offrir le\u00a0meilleur!","publisher":{"@id":"https:\/\/aigleshopping.ca\/#organization"},"potentialAction":[{"@type":"SearchAction","target":{"@type":"EntryPoint","urlTemplate":"https:\/\/aigleshopping.ca\/?s={search_term_string}"},"query-input":{"@type":"PropertyValueSpecification","valueRequired":true,"valueName":"search_term_string"}}],"inLanguage":"fr-FR"},{"@type":"Organization","@id":"https:\/\/aigleshopping.ca\/#organization","name":"Aigle Shopping Canada","url":"https:\/\/aigleshopping.ca\/","logo":{"@type":"ImageObject","inLanguage":"fr-FR","@id":"https:\/\/aigleshopping.ca\/#\/schema\/logo\/image\/","url":"https:\/\/aigleshopping.ca\/wp-content\/uploads\/2025\/12\/logo_aigleshopping_ca.png","contentUrl":"https:\/\/aigleshopping.ca\/wp-content\/uploads\/2025\/12\/logo_aigleshopping_ca.png","width":800,"height":233,"caption":"Aigle Shopping Canada"},"image":{"@id":"https:\/\/aigleshopping.ca\/#\/schema\/logo\/image\/"}}]}},"jetpack_sharing_enabled":true,"_links":{"self":[{"href":"https:\/\/aigleshopping.ca\/fr\/wp-json\/wp\/v2\/product\/31593","targetHints":{"allow":["GET"]}}],"collection":[{"href":"https:\/\/aigleshopping.ca\/fr\/wp-json\/wp\/v2\/product"}],"about":[{"href":"https:\/\/aigleshopping.ca\/fr\/wp-json\/wp\/v2\/types\/product"}],"replies":[{"embeddable":true,"href":"https:\/\/aigleshopping.ca\/fr\/wp-json\/wp\/v2\/comments?post=31593"}],"wp:featuredmedia":[{"embeddable":true,"href":"https:\/\/aigleshopping.ca\/fr\/wp-json\/wp\/v2\/media\/26453"}],"wp:attachment":[{"href":"https:\/\/aigleshopping.ca\/fr\/wp-json\/wp\/v2\/media?parent=31593"}],"wp:term":[{"taxonomy":"product_brand","embeddable":true,"href":"https:\/\/aigleshopping.ca\/fr\/wp-json\/wp\/v2\/product_brand?post=31593"},{"taxonomy":"product_cat","embeddable":true,"href":"https:\/\/aigleshopping.ca\/fr\/wp-json\/wp\/v2\/product_cat?post=31593"},{"taxonomy":"product_tag","embeddable":true,"href":"https:\/\/aigleshopping.ca\/fr\/wp-json\/wp\/v2\/product_tag?post=31593"}],"curies":[{"name":"wp","href":"https:\/\/api.w.org\/{rel}","templated":true}]}}