{"id":31594,"date":"2025-03-20T06:28:27","date_gmt":"2025-03-20T06:28:27","guid":{"rendered":"https:\/\/aigleshopping.ca\/produit\/mens-pullover-loose-trendy-korean-style-casual-long-sleeve-sweater\/"},"modified":"2025-03-20T06:28:27","modified_gmt":"2025-03-20T06:28:27","slug":"mens-pullover-loose-trendy-korean-style-casual-long-sleeve-sweater","status":"publish","type":"product","link":"https:\/\/aigleshopping.ca\/fr\/produit\/mens-pullover-loose-trendy-korean-style-casual-long-sleeve-sweater\/","title":{"rendered":"Men&rsquo;s Pullover Loose Trendy Korean-style Casual Long-sleeve Sweater"},"content":{"rendered":"<p> <b>Informations sur le produit :<\/b> <br \/> Couleur : rouge, vert, noir, gris fonc\u00e9, blanc cr\u00e8me, bleu <br \/> Convient aux personnes : Jeunes <br \/> Taille : M,L,XL,2XL,3XL <br \/> Version : Loose <br \/> Style : pull-over <br \/> Epaisseur : ordinaire <br \/> Sc\u00e9narios d&rsquo;application : Loisirs <br \/> Personnes concern\u00e9es : Jeunes <br \/> Composition du tissu principal : Fibre de polyester (polyester)  <\/p>\n<p><b>Note :<\/b> <\/p>\n<p>  1. Les tailles asiatiques sont 1 \u00e0 2 tailles plus petites que les tailles europ\u00e9ennes et am\u00e9ricaines. Choisissez la taille la plus grande si votre taille se situe entre deux tailles. Veuillez tenir compte d&rsquo;une diff\u00e9rence de 2 \u00e0 3 cm due aux mesures manuelles. 2. Si vous ne savez pas comment choisir votre taille, veuillez contacter notre service client\u00e8le. 3) Comme vous le savez, les ordinateurs affichent les couleurs diff\u00e9remment, la couleur de l&rsquo;article r\u00e9el peut varier l\u00e9g\u00e8rement par rapport aux images suivantes.      <\/p>\n<p> <br \/>\n<b>Liste d&#8217;emballage :  <\/b><br \/>\n<br \/>  TOP*1<br \/>\n <\/p>\n<p><b>Image du produit :<\/b><br \/>\n<br \/> <br \/>\n<img decoding=\"async\" src=\"https:\/\/oss-cf.cjdropshipping.com\/product\/2024\/12\/17\/15\/33216692-f4ce-43b6-a6a2-a1b7ff7be44c_trans.jpeg\"><br \/>\n<img decoding=\"async\" src=\"https:\/\/oss-cf.cjdropshipping.com\/product\/2024\/12\/17\/15\/1af4e9cf-5cf3-419b-a86e-7f58ffa1d3bb.jpg\"><br \/>\n<img decoding=\"async\" src=\"https:\/\/oss-cf.cjdropshipping.com\/product\/2024\/12\/17\/15\/d0ece8c4-b486-4c71-aa5e-d7b654ed8019.jpg\"><br \/>\n<img decoding=\"async\" src=\"https:\/\/oss-cf.cjdropshipping.com\/product\/2024\/12\/17\/15\/216b876d-019c-437b-bf18-29c02dbf5393.jpg\"><br \/>\n<img decoding=\"async\" src=\"https:\/\/oss-cf.cjdropshipping.com\/product\/2024\/12\/17\/15\/4c7926de-41e8-4927-afee-bdada2f52c32.jpg\"><br \/>\n<img decoding=\"async\" src=\"https:\/\/oss-cf.cjdropshipping.com\/product\/2024\/12\/17\/15\/ff7a57d4-6c4b-4b88-9249-115525167191.jpg\"><br \/>\n<img decoding=\"async\" src=\"https:\/\/oss-cf.cjdropshipping.com\/product\/2024\/12\/17\/15\/857dc2e7-0c67-473d-ac64-cef2f7dc418f.jpg\"><\/p>\n","protected":false},"excerpt":{"rendered":"<p>Informations sur le produit : Couleur : rouge, vert, noir, gris fonc\u00e9, blanc cr\u00e8me, bleu Convient aux personnes : Jeunes Taille : M,L,XL,2XL,3XL Version : Loose Style : pull-over Epaisseur : ordinaire Sc\u00e9narios d&rsquo;application : Loisirs Personnes concern\u00e9es : Jeunes Composition du tissu principal : Fibre de polyester (polyester) Note : 1. Les tailles asiatiques [&hellip;]<\/p>\n","protected":false},"featured_media":26048,"comment_status":"open","ping_status":"closed","template":"","meta":{"content-type":""},"product_brand":[],"product_cat":[691],"product_tag":[],"class_list":{"0":"post-31594","1":"product","2":"type-product","3":"status-publish","4":"has-post-thumbnail","6":"product_cat-sweatshirt-fr-2","8":"first","9":"instock","10":"taxable","11":"shipping-taxable","12":"purchasable","13":"product-type-variable","14":"add-to-wishlist-after_add_to_cart"},"yoast_head":"<!-- This site is optimized with the Yoast SEO plugin v27.4 - https:\/\/yoast.com\/product\/yoast-seo-wordpress\/ -->\n<title>Men&#039;s Pullover Loose Trendy Korean-style Casual Long-sleeve Sweater - Aigle Shopping Canada<\/title>\n<meta name=\"robots\" content=\"index, follow, max-snippet:-1, max-image-preview:large, max-video-preview:-1\" \/>\n<link rel=\"canonical\" href=\"https:\/\/aigleshopping.ca\/fr\/produit\/mens-pullover-loose-trendy-korean-style-casual-long-sleeve-sweater\/\" \/>\n<meta property=\"og:locale\" content=\"fr_FR\" \/>\n<meta property=\"og:type\" content=\"article\" \/>\n<meta property=\"og:title\" content=\"Men&#039;s Pullover Loose Trendy Korean-style Casual Long-sleeve Sweater - Aigle Shopping Canada\" \/>\n<meta property=\"og:description\" content=\"Informations sur le produit : Couleur : rouge, vert, noir, gris fonc\u00e9, blanc cr\u00e8me, bleu Convient aux personnes : Jeunes Taille : M,L,XL,2XL,3XL Version : Loose Style : pull-over Epaisseur : ordinaire Sc\u00e9narios d&rsquo;application : Loisirs Personnes concern\u00e9es : Jeunes Composition du tissu principal : Fibre de polyester (polyester) Note : 1. Les tailles asiatiques [&hellip;]\" \/>\n<meta property=\"og:url\" content=\"https:\/\/aigleshopping.ca\/fr\/produit\/mens-pullover-loose-trendy-korean-style-casual-long-sleeve-sweater\/\" \/>\n<meta property=\"og:site_name\" content=\"Aigle Shopping Canada\" \/>\n<meta property=\"og:image\" content=\"https:\/\/aigleshopping.ca\/wp-content\/uploads\/2025\/03\/0f0d6915-4343-4d7f-9634-81c551a4bebc.jpg\" \/>\n\t<meta property=\"og:image:width\" content=\"800\" \/>\n\t<meta property=\"og:image:height\" content=\"800\" \/>\n\t<meta property=\"og:image:type\" content=\"image\/jpeg\" \/>\n<meta name=\"twitter:card\" content=\"summary_large_image\" \/>\n<meta name=\"twitter:label1\" content=\"Dur\u00e9e de lecture estim\u00e9e\" \/>\n\t<meta name=\"twitter:data1\" content=\"1 minute\" \/>\n<script type=\"application\/ld+json\" class=\"yoast-schema-graph\">{\"@context\":\"https:\\\/\\\/schema.org\",\"@graph\":[{\"@type\":\"WebPage\",\"@id\":\"https:\\\/\\\/aigleshopping.ca\\\/fr\\\/produit\\\/mens-pullover-loose-trendy-korean-style-casual-long-sleeve-sweater\\\/\",\"url\":\"https:\\\/\\\/aigleshopping.ca\\\/fr\\\/produit\\\/mens-pullover-loose-trendy-korean-style-casual-long-sleeve-sweater\\\/\",\"name\":\"Men's Pullover Loose Trendy Korean-style Casual Long-sleeve Sweater - Aigle Shopping Canada\",\"isPartOf\":{\"@id\":\"https:\\\/\\\/aigleshopping.ca\\\/#website\"},\"primaryImageOfPage\":{\"@id\":\"https:\\\/\\\/aigleshopping.ca\\\/fr\\\/produit\\\/mens-pullover-loose-trendy-korean-style-casual-long-sleeve-sweater\\\/#primaryimage\"},\"image\":{\"@id\":\"https:\\\/\\\/aigleshopping.ca\\\/fr\\\/produit\\\/mens-pullover-loose-trendy-korean-style-casual-long-sleeve-sweater\\\/#primaryimage\"},\"thumbnailUrl\":\"https:\\\/\\\/aigleshopping.ca\\\/wp-content\\\/uploads\\\/2025\\\/03\\\/0f0d6915-4343-4d7f-9634-81c551a4bebc.jpg\",\"datePublished\":\"2025-03-20T06:28:27+00:00\",\"breadcrumb\":{\"@id\":\"https:\\\/\\\/aigleshopping.ca\\\/fr\\\/produit\\\/mens-pullover-loose-trendy-korean-style-casual-long-sleeve-sweater\\\/#breadcrumb\"},\"inLanguage\":\"fr-FR\",\"potentialAction\":[{\"@type\":\"ReadAction\",\"target\":[\"https:\\\/\\\/aigleshopping.ca\\\/fr\\\/produit\\\/mens-pullover-loose-trendy-korean-style-casual-long-sleeve-sweater\\\/\"]}]},{\"@type\":\"ImageObject\",\"inLanguage\":\"fr-FR\",\"@id\":\"https:\\\/\\\/aigleshopping.ca\\\/fr\\\/produit\\\/mens-pullover-loose-trendy-korean-style-casual-long-sleeve-sweater\\\/#primaryimage\",\"url\":\"https:\\\/\\\/aigleshopping.ca\\\/wp-content\\\/uploads\\\/2025\\\/03\\\/0f0d6915-4343-4d7f-9634-81c551a4bebc.jpg\",\"contentUrl\":\"https:\\\/\\\/aigleshopping.ca\\\/wp-content\\\/uploads\\\/2025\\\/03\\\/0f0d6915-4343-4d7f-9634-81c551a4bebc.jpg\",\"width\":800,\"height\":800},{\"@type\":\"BreadcrumbList\",\"@id\":\"https:\\\/\\\/aigleshopping.ca\\\/fr\\\/produit\\\/mens-pullover-loose-trendy-korean-style-casual-long-sleeve-sweater\\\/#breadcrumb\",\"itemListElement\":[{\"@type\":\"ListItem\",\"position\":1,\"name\":\"Home\",\"item\":\"https:\\\/\\\/aigleshopping.ca\\\/fr\\\/home\\\/\"},{\"@type\":\"ListItem\",\"position\":2,\"name\":\"Products\",\"item\":\"https:\\\/\\\/aigleshopping.ca\\\/shop\\\/\"},{\"@type\":\"ListItem\",\"position\":3,\"name\":\"Men&#8217;s Pullover Loose Trendy Korean-style Casual Long-sleeve Sweater\"}]},{\"@type\":\"WebSite\",\"@id\":\"https:\\\/\\\/aigleshopping.ca\\\/#website\",\"url\":\"https:\\\/\\\/aigleshopping.ca\\\/\",\"name\":\"Aigle Shopping Canada\",\"description\":\"Au-del\u00e0 des fronti\u00e8res, pour vous offrir le\u00a0meilleur!\",\"publisher\":{\"@id\":\"https:\\\/\\\/aigleshopping.ca\\\/#organization\"},\"potentialAction\":[{\"@type\":\"SearchAction\",\"target\":{\"@type\":\"EntryPoint\",\"urlTemplate\":\"https:\\\/\\\/aigleshopping.ca\\\/?s={search_term_string}\"},\"query-input\":{\"@type\":\"PropertyValueSpecification\",\"valueRequired\":true,\"valueName\":\"search_term_string\"}}],\"inLanguage\":\"fr-FR\"},{\"@type\":\"Organization\",\"@id\":\"https:\\\/\\\/aigleshopping.ca\\\/#organization\",\"name\":\"Aigle Shopping Canada\",\"url\":\"https:\\\/\\\/aigleshopping.ca\\\/\",\"logo\":{\"@type\":\"ImageObject\",\"inLanguage\":\"fr-FR\",\"@id\":\"https:\\\/\\\/aigleshopping.ca\\\/#\\\/schema\\\/logo\\\/image\\\/\",\"url\":\"https:\\\/\\\/aigleshopping.ca\\\/wp-content\\\/uploads\\\/2025\\\/12\\\/logo_aigleshopping_ca.png\",\"contentUrl\":\"https:\\\/\\\/aigleshopping.ca\\\/wp-content\\\/uploads\\\/2025\\\/12\\\/logo_aigleshopping_ca.png\",\"width\":800,\"height\":233,\"caption\":\"Aigle Shopping Canada\"},\"image\":{\"@id\":\"https:\\\/\\\/aigleshopping.ca\\\/#\\\/schema\\\/logo\\\/image\\\/\"}}]}<\/script>\n<!-- \/ Yoast SEO plugin. -->","yoast_head_json":{"title":"Men's Pullover Loose Trendy Korean-style Casual Long-sleeve Sweater - Aigle Shopping Canada","robots":{"index":"index","follow":"follow","max-snippet":"max-snippet:-1","max-image-preview":"max-image-preview:large","max-video-preview":"max-video-preview:-1"},"canonical":"https:\/\/aigleshopping.ca\/fr\/produit\/mens-pullover-loose-trendy-korean-style-casual-long-sleeve-sweater\/","og_locale":"fr_FR","og_type":"article","og_title":"Men's Pullover Loose Trendy Korean-style Casual Long-sleeve Sweater - Aigle Shopping Canada","og_description":"Informations sur le produit : Couleur : rouge, vert, noir, gris fonc\u00e9, blanc cr\u00e8me, bleu Convient aux personnes : Jeunes Taille : M,L,XL,2XL,3XL Version : Loose Style : pull-over Epaisseur : ordinaire Sc\u00e9narios d&rsquo;application : Loisirs Personnes concern\u00e9es : Jeunes Composition du tissu principal : Fibre de polyester (polyester) Note : 1. Les tailles asiatiques [&hellip;]","og_url":"https:\/\/aigleshopping.ca\/fr\/produit\/mens-pullover-loose-trendy-korean-style-casual-long-sleeve-sweater\/","og_site_name":"Aigle Shopping Canada","og_image":[{"width":800,"height":800,"url":"https:\/\/aigleshopping.ca\/wp-content\/uploads\/2025\/03\/0f0d6915-4343-4d7f-9634-81c551a4bebc.jpg","type":"image\/jpeg"}],"twitter_card":"summary_large_image","twitter_misc":{"Dur\u00e9e de lecture estim\u00e9e":"1 minute"},"schema":{"@context":"https:\/\/schema.org","@graph":[{"@type":"WebPage","@id":"https:\/\/aigleshopping.ca\/fr\/produit\/mens-pullover-loose-trendy-korean-style-casual-long-sleeve-sweater\/","url":"https:\/\/aigleshopping.ca\/fr\/produit\/mens-pullover-loose-trendy-korean-style-casual-long-sleeve-sweater\/","name":"Men's Pullover Loose Trendy Korean-style Casual Long-sleeve Sweater - Aigle Shopping Canada","isPartOf":{"@id":"https:\/\/aigleshopping.ca\/#website"},"primaryImageOfPage":{"@id":"https:\/\/aigleshopping.ca\/fr\/produit\/mens-pullover-loose-trendy-korean-style-casual-long-sleeve-sweater\/#primaryimage"},"image":{"@id":"https:\/\/aigleshopping.ca\/fr\/produit\/mens-pullover-loose-trendy-korean-style-casual-long-sleeve-sweater\/#primaryimage"},"thumbnailUrl":"https:\/\/aigleshopping.ca\/wp-content\/uploads\/2025\/03\/0f0d6915-4343-4d7f-9634-81c551a4bebc.jpg","datePublished":"2025-03-20T06:28:27+00:00","breadcrumb":{"@id":"https:\/\/aigleshopping.ca\/fr\/produit\/mens-pullover-loose-trendy-korean-style-casual-long-sleeve-sweater\/#breadcrumb"},"inLanguage":"fr-FR","potentialAction":[{"@type":"ReadAction","target":["https:\/\/aigleshopping.ca\/fr\/produit\/mens-pullover-loose-trendy-korean-style-casual-long-sleeve-sweater\/"]}]},{"@type":"ImageObject","inLanguage":"fr-FR","@id":"https:\/\/aigleshopping.ca\/fr\/produit\/mens-pullover-loose-trendy-korean-style-casual-long-sleeve-sweater\/#primaryimage","url":"https:\/\/aigleshopping.ca\/wp-content\/uploads\/2025\/03\/0f0d6915-4343-4d7f-9634-81c551a4bebc.jpg","contentUrl":"https:\/\/aigleshopping.ca\/wp-content\/uploads\/2025\/03\/0f0d6915-4343-4d7f-9634-81c551a4bebc.jpg","width":800,"height":800},{"@type":"BreadcrumbList","@id":"https:\/\/aigleshopping.ca\/fr\/produit\/mens-pullover-loose-trendy-korean-style-casual-long-sleeve-sweater\/#breadcrumb","itemListElement":[{"@type":"ListItem","position":1,"name":"Home","item":"https:\/\/aigleshopping.ca\/fr\/home\/"},{"@type":"ListItem","position":2,"name":"Products","item":"https:\/\/aigleshopping.ca\/shop\/"},{"@type":"ListItem","position":3,"name":"Men&#8217;s Pullover Loose Trendy Korean-style Casual Long-sleeve Sweater"}]},{"@type":"WebSite","@id":"https:\/\/aigleshopping.ca\/#website","url":"https:\/\/aigleshopping.ca\/","name":"Aigle Shopping Canada","description":"Au-del\u00e0 des fronti\u00e8res, pour vous offrir le\u00a0meilleur!","publisher":{"@id":"https:\/\/aigleshopping.ca\/#organization"},"potentialAction":[{"@type":"SearchAction","target":{"@type":"EntryPoint","urlTemplate":"https:\/\/aigleshopping.ca\/?s={search_term_string}"},"query-input":{"@type":"PropertyValueSpecification","valueRequired":true,"valueName":"search_term_string"}}],"inLanguage":"fr-FR"},{"@type":"Organization","@id":"https:\/\/aigleshopping.ca\/#organization","name":"Aigle Shopping Canada","url":"https:\/\/aigleshopping.ca\/","logo":{"@type":"ImageObject","inLanguage":"fr-FR","@id":"https:\/\/aigleshopping.ca\/#\/schema\/logo\/image\/","url":"https:\/\/aigleshopping.ca\/wp-content\/uploads\/2025\/12\/logo_aigleshopping_ca.png","contentUrl":"https:\/\/aigleshopping.ca\/wp-content\/uploads\/2025\/12\/logo_aigleshopping_ca.png","width":800,"height":233,"caption":"Aigle Shopping Canada"},"image":{"@id":"https:\/\/aigleshopping.ca\/#\/schema\/logo\/image\/"}}]}},"jetpack_sharing_enabled":true,"_links":{"self":[{"href":"https:\/\/aigleshopping.ca\/fr\/wp-json\/wp\/v2\/product\/31594","targetHints":{"allow":["GET"]}}],"collection":[{"href":"https:\/\/aigleshopping.ca\/fr\/wp-json\/wp\/v2\/product"}],"about":[{"href":"https:\/\/aigleshopping.ca\/fr\/wp-json\/wp\/v2\/types\/product"}],"replies":[{"embeddable":true,"href":"https:\/\/aigleshopping.ca\/fr\/wp-json\/wp\/v2\/comments?post=31594"}],"wp:featuredmedia":[{"embeddable":true,"href":"https:\/\/aigleshopping.ca\/fr\/wp-json\/wp\/v2\/media\/26048"}],"wp:attachment":[{"href":"https:\/\/aigleshopping.ca\/fr\/wp-json\/wp\/v2\/media?parent=31594"}],"wp:term":[{"taxonomy":"product_brand","embeddable":true,"href":"https:\/\/aigleshopping.ca\/fr\/wp-json\/wp\/v2\/product_brand?post=31594"},{"taxonomy":"product_cat","embeddable":true,"href":"https:\/\/aigleshopping.ca\/fr\/wp-json\/wp\/v2\/product_cat?post=31594"},{"taxonomy":"product_tag","embeddable":true,"href":"https:\/\/aigleshopping.ca\/fr\/wp-json\/wp\/v2\/product_tag?post=31594"}],"curies":[{"name":"wp","href":"https:\/\/api.w.org\/{rel}","templated":true}]}}