{"id":31640,"date":"2025-03-20T06:36:33","date_gmt":"2025-03-20T06:36:33","guid":{"rendered":"https:\/\/aigleshopping.ca\/produit\/pull-a-col-roule-pour-hommes-automne-et-hiver\/"},"modified":"2025-03-20T06:36:33","modified_gmt":"2025-03-20T06:36:33","slug":"pull-a-col-roule-pour-hommes-automne-et-hiver","status":"publish","type":"product","link":"https:\/\/aigleshopping.ca\/fr\/produit\/pull-a-col-roule-pour-hommes-automne-et-hiver\/","title":{"rendered":"Pull \u00e0 col roul\u00e9 pour hommes Automne et hiver"},"content":{"rendered":"<p> <b>Informations sur le produit :<\/b> <br \/> Convient aux personnes : Jeunes <br \/> Taille : M,L,XL,XXL,XXXL <br \/> Version : slim fit <br \/> Style : pull-over <br \/> \u00c9paisseur : doublure polaire <br \/> Nom du tissu : fibre de polyester <br \/> Sc\u00e9narios d&rsquo;application : Loisirs <br \/> Groupe d&rsquo;\u00e2ge concern\u00e9 : Adulte <br \/> Longueur des manches : manches longues  <\/p>\n<p><b>Note :<\/b> <\/p>\n<p>  1. Les tailles asiatiques sont 1 \u00e0 2 tailles plus petites que les tailles europ\u00e9ennes et am\u00e9ricaines. Choisissez la taille la plus grande si votre taille se situe entre deux tailles. Veuillez tenir compte d&rsquo;une diff\u00e9rence de 2 \u00e0 3 cm due aux mesures manuelles. 2. Si vous ne savez pas comment choisir votre taille, veuillez contacter notre service client\u00e8le. 3) Comme vous le savez, les ordinateurs affichent les couleurs diff\u00e9remment, la couleur de l&rsquo;article r\u00e9el peut varier l\u00e9g\u00e8rement par rapport aux images suivantes.      <\/p>\n<p> <br \/>\n<b>Liste d&#8217;emballage :  <\/b><br \/>\n<br \/>  Pull * 1<br \/>\n <\/p>\n<p><b>Image du produit :<\/b><br \/>\n<br \/> <br \/>\n<img decoding=\"async\" src=\"https:\/\/oss-cf.cjdropshipping.com\/product\/2024\/12\/25\/03\/d1ae0d12-0b78-4ce0-8f5a-850983d3d4a1.jpg\"><br \/>\n<img decoding=\"async\" src=\"https:\/\/oss-cf.cjdropshipping.com\/product\/2024\/12\/25\/03\/901e1988-4a1d-4347-8a31-dc80c46f13ce_trans.jpeg\"><br \/>\n<img decoding=\"async\" src=\"https:\/\/oss-cf.cjdropshipping.com\/product\/2024\/12\/25\/03\/d8d4f3f7-6176-4e22-9437-bf49eb3e50f6_trans.jpeg\"><br \/>\n<img decoding=\"async\" src=\"https:\/\/oss-cf.cjdropshipping.com\/product\/2024\/12\/25\/03\/3057d371-8992-4f4a-a3ca-efeedd691903_trans.jpeg\"><br \/>\n<img decoding=\"async\" src=\"https:\/\/oss-cf.cjdropshipping.com\/product\/2024\/12\/25\/03\/6fe4d30b-20f1-4dc2-8fb1-75fbe760cf35_trans.jpeg\"><br \/>\n<img decoding=\"async\" src=\"https:\/\/oss-cf.cjdropshipping.com\/product\/2024\/12\/25\/03\/d8ae5490-0981-4d52-be50-087846ead85d_trans.jpeg\"><\/p>\n","protected":false},"excerpt":{"rendered":"<p>Informations sur le produit : Convient aux personnes : Jeunes Taille : M,L,XL,XXL,XXXL Version : slim fit Style : pull-over \u00c9paisseur : doublure polaire Nom du tissu : fibre de polyester Sc\u00e9narios d&rsquo;application : Loisirs Groupe d&rsquo;\u00e2ge concern\u00e9 : Adulte Longueur des manches : manches longues Note : 1. Les tailles asiatiques sont 1 \u00e0 [&hellip;]<\/p>\n","protected":false},"featured_media":26506,"comment_status":"open","ping_status":"closed","template":"","meta":{"content-type":""},"product_brand":[],"product_cat":[691],"product_tag":[],"class_list":{"0":"post-31640","1":"product","2":"type-product","3":"status-publish","4":"has-post-thumbnail","6":"product_cat-sweatshirt-fr-2","8":"first","9":"instock","10":"taxable","11":"shipping-taxable","12":"purchasable","13":"product-type-variable","14":"add-to-wishlist-after_add_to_cart"},"yoast_head":"<!-- This site is optimized with the Yoast SEO plugin v27.4 - https:\/\/yoast.com\/product\/yoast-seo-wordpress\/ -->\n<title>Pull \u00e0 col roul\u00e9 pour hommes Automne et hiver - Aigle Shopping Canada<\/title>\n<meta name=\"robots\" content=\"index, follow, max-snippet:-1, max-image-preview:large, max-video-preview:-1\" \/>\n<link rel=\"canonical\" href=\"https:\/\/aigleshopping.ca\/fr\/produit\/pull-a-col-roule-pour-hommes-automne-et-hiver\/\" \/>\n<meta property=\"og:locale\" content=\"fr_FR\" \/>\n<meta property=\"og:type\" content=\"article\" \/>\n<meta property=\"og:title\" content=\"Pull \u00e0 col roul\u00e9 pour hommes Automne et hiver - Aigle Shopping Canada\" \/>\n<meta property=\"og:description\" content=\"Informations sur le produit : Convient aux personnes : Jeunes Taille : M,L,XL,XXL,XXXL Version : slim fit Style : pull-over \u00c9paisseur : doublure polaire Nom du tissu : fibre de polyester Sc\u00e9narios d&rsquo;application : Loisirs Groupe d&rsquo;\u00e2ge concern\u00e9 : Adulte Longueur des manches : manches longues Note : 1. Les tailles asiatiques sont 1 \u00e0 [&hellip;]\" \/>\n<meta property=\"og:url\" content=\"https:\/\/aigleshopping.ca\/fr\/produit\/pull-a-col-roule-pour-hommes-automne-et-hiver\/\" \/>\n<meta property=\"og:site_name\" content=\"Aigle Shopping Canada\" \/>\n<meta property=\"og:image\" content=\"https:\/\/aigleshopping.ca\/wp-content\/uploads\/2025\/03\/6e960738-b27b-4bd6-9d46-257f506de4d3.jpg\" \/>\n\t<meta property=\"og:image:width\" content=\"800\" \/>\n\t<meta property=\"og:image:height\" content=\"800\" \/>\n\t<meta property=\"og:image:type\" content=\"image\/jpeg\" \/>\n<meta name=\"twitter:card\" content=\"summary_large_image\" \/>\n<meta name=\"twitter:label1\" content=\"Dur\u00e9e de lecture estim\u00e9e\" \/>\n\t<meta name=\"twitter:data1\" content=\"1 minute\" \/>\n<script type=\"application\/ld+json\" class=\"yoast-schema-graph\">{\"@context\":\"https:\\\/\\\/schema.org\",\"@graph\":[{\"@type\":\"WebPage\",\"@id\":\"https:\\\/\\\/aigleshopping.ca\\\/fr\\\/produit\\\/pull-a-col-roule-pour-hommes-automne-et-hiver\\\/\",\"url\":\"https:\\\/\\\/aigleshopping.ca\\\/fr\\\/produit\\\/pull-a-col-roule-pour-hommes-automne-et-hiver\\\/\",\"name\":\"Pull \u00e0 col roul\u00e9 pour hommes Automne et hiver - Aigle Shopping Canada\",\"isPartOf\":{\"@id\":\"https:\\\/\\\/aigleshopping.ca\\\/#website\"},\"primaryImageOfPage\":{\"@id\":\"https:\\\/\\\/aigleshopping.ca\\\/fr\\\/produit\\\/pull-a-col-roule-pour-hommes-automne-et-hiver\\\/#primaryimage\"},\"image\":{\"@id\":\"https:\\\/\\\/aigleshopping.ca\\\/fr\\\/produit\\\/pull-a-col-roule-pour-hommes-automne-et-hiver\\\/#primaryimage\"},\"thumbnailUrl\":\"https:\\\/\\\/aigleshopping.ca\\\/wp-content\\\/uploads\\\/2025\\\/03\\\/6e960738-b27b-4bd6-9d46-257f506de4d3.jpg\",\"datePublished\":\"2025-03-20T06:36:33+00:00\",\"breadcrumb\":{\"@id\":\"https:\\\/\\\/aigleshopping.ca\\\/fr\\\/produit\\\/pull-a-col-roule-pour-hommes-automne-et-hiver\\\/#breadcrumb\"},\"inLanguage\":\"fr-FR\",\"potentialAction\":[{\"@type\":\"ReadAction\",\"target\":[\"https:\\\/\\\/aigleshopping.ca\\\/fr\\\/produit\\\/pull-a-col-roule-pour-hommes-automne-et-hiver\\\/\"]}]},{\"@type\":\"ImageObject\",\"inLanguage\":\"fr-FR\",\"@id\":\"https:\\\/\\\/aigleshopping.ca\\\/fr\\\/produit\\\/pull-a-col-roule-pour-hommes-automne-et-hiver\\\/#primaryimage\",\"url\":\"https:\\\/\\\/aigleshopping.ca\\\/wp-content\\\/uploads\\\/2025\\\/03\\\/6e960738-b27b-4bd6-9d46-257f506de4d3.jpg\",\"contentUrl\":\"https:\\\/\\\/aigleshopping.ca\\\/wp-content\\\/uploads\\\/2025\\\/03\\\/6e960738-b27b-4bd6-9d46-257f506de4d3.jpg\",\"width\":800,\"height\":800},{\"@type\":\"BreadcrumbList\",\"@id\":\"https:\\\/\\\/aigleshopping.ca\\\/fr\\\/produit\\\/pull-a-col-roule-pour-hommes-automne-et-hiver\\\/#breadcrumb\",\"itemListElement\":[{\"@type\":\"ListItem\",\"position\":1,\"name\":\"Home\",\"item\":\"https:\\\/\\\/aigleshopping.ca\\\/fr\\\/home\\\/\"},{\"@type\":\"ListItem\",\"position\":2,\"name\":\"Products\",\"item\":\"https:\\\/\\\/aigleshopping.ca\\\/shop\\\/\"},{\"@type\":\"ListItem\",\"position\":3,\"name\":\"Pull \u00e0 col roul\u00e9 pour hommes Automne et hiver\"}]},{\"@type\":\"WebSite\",\"@id\":\"https:\\\/\\\/aigleshopping.ca\\\/#website\",\"url\":\"https:\\\/\\\/aigleshopping.ca\\\/\",\"name\":\"Aigle Shopping Canada\",\"description\":\"Au-del\u00e0 des fronti\u00e8res, pour vous offrir le\u00a0meilleur!\",\"publisher\":{\"@id\":\"https:\\\/\\\/aigleshopping.ca\\\/#organization\"},\"potentialAction\":[{\"@type\":\"SearchAction\",\"target\":{\"@type\":\"EntryPoint\",\"urlTemplate\":\"https:\\\/\\\/aigleshopping.ca\\\/?s={search_term_string}\"},\"query-input\":{\"@type\":\"PropertyValueSpecification\",\"valueRequired\":true,\"valueName\":\"search_term_string\"}}],\"inLanguage\":\"fr-FR\"},{\"@type\":\"Organization\",\"@id\":\"https:\\\/\\\/aigleshopping.ca\\\/#organization\",\"name\":\"Aigle Shopping Canada\",\"url\":\"https:\\\/\\\/aigleshopping.ca\\\/\",\"logo\":{\"@type\":\"ImageObject\",\"inLanguage\":\"fr-FR\",\"@id\":\"https:\\\/\\\/aigleshopping.ca\\\/#\\\/schema\\\/logo\\\/image\\\/\",\"url\":\"https:\\\/\\\/aigleshopping.ca\\\/wp-content\\\/uploads\\\/2025\\\/12\\\/logo_aigleshopping_ca.png\",\"contentUrl\":\"https:\\\/\\\/aigleshopping.ca\\\/wp-content\\\/uploads\\\/2025\\\/12\\\/logo_aigleshopping_ca.png\",\"width\":800,\"height\":233,\"caption\":\"Aigle Shopping Canada\"},\"image\":{\"@id\":\"https:\\\/\\\/aigleshopping.ca\\\/#\\\/schema\\\/logo\\\/image\\\/\"}}]}<\/script>\n<!-- \/ Yoast SEO plugin. -->","yoast_head_json":{"title":"Pull \u00e0 col roul\u00e9 pour hommes Automne et hiver - Aigle Shopping Canada","robots":{"index":"index","follow":"follow","max-snippet":"max-snippet:-1","max-image-preview":"max-image-preview:large","max-video-preview":"max-video-preview:-1"},"canonical":"https:\/\/aigleshopping.ca\/fr\/produit\/pull-a-col-roule-pour-hommes-automne-et-hiver\/","og_locale":"fr_FR","og_type":"article","og_title":"Pull \u00e0 col roul\u00e9 pour hommes Automne et hiver - Aigle Shopping Canada","og_description":"Informations sur le produit : Convient aux personnes : Jeunes Taille : M,L,XL,XXL,XXXL Version : slim fit Style : pull-over \u00c9paisseur : doublure polaire Nom du tissu : fibre de polyester Sc\u00e9narios d&rsquo;application : Loisirs Groupe d&rsquo;\u00e2ge concern\u00e9 : Adulte Longueur des manches : manches longues Note : 1. Les tailles asiatiques sont 1 \u00e0 [&hellip;]","og_url":"https:\/\/aigleshopping.ca\/fr\/produit\/pull-a-col-roule-pour-hommes-automne-et-hiver\/","og_site_name":"Aigle Shopping Canada","og_image":[{"width":800,"height":800,"url":"https:\/\/aigleshopping.ca\/wp-content\/uploads\/2025\/03\/6e960738-b27b-4bd6-9d46-257f506de4d3.jpg","type":"image\/jpeg"}],"twitter_card":"summary_large_image","twitter_misc":{"Dur\u00e9e de lecture estim\u00e9e":"1 minute"},"schema":{"@context":"https:\/\/schema.org","@graph":[{"@type":"WebPage","@id":"https:\/\/aigleshopping.ca\/fr\/produit\/pull-a-col-roule-pour-hommes-automne-et-hiver\/","url":"https:\/\/aigleshopping.ca\/fr\/produit\/pull-a-col-roule-pour-hommes-automne-et-hiver\/","name":"Pull \u00e0 col roul\u00e9 pour hommes Automne et hiver - Aigle Shopping Canada","isPartOf":{"@id":"https:\/\/aigleshopping.ca\/#website"},"primaryImageOfPage":{"@id":"https:\/\/aigleshopping.ca\/fr\/produit\/pull-a-col-roule-pour-hommes-automne-et-hiver\/#primaryimage"},"image":{"@id":"https:\/\/aigleshopping.ca\/fr\/produit\/pull-a-col-roule-pour-hommes-automne-et-hiver\/#primaryimage"},"thumbnailUrl":"https:\/\/aigleshopping.ca\/wp-content\/uploads\/2025\/03\/6e960738-b27b-4bd6-9d46-257f506de4d3.jpg","datePublished":"2025-03-20T06:36:33+00:00","breadcrumb":{"@id":"https:\/\/aigleshopping.ca\/fr\/produit\/pull-a-col-roule-pour-hommes-automne-et-hiver\/#breadcrumb"},"inLanguage":"fr-FR","potentialAction":[{"@type":"ReadAction","target":["https:\/\/aigleshopping.ca\/fr\/produit\/pull-a-col-roule-pour-hommes-automne-et-hiver\/"]}]},{"@type":"ImageObject","inLanguage":"fr-FR","@id":"https:\/\/aigleshopping.ca\/fr\/produit\/pull-a-col-roule-pour-hommes-automne-et-hiver\/#primaryimage","url":"https:\/\/aigleshopping.ca\/wp-content\/uploads\/2025\/03\/6e960738-b27b-4bd6-9d46-257f506de4d3.jpg","contentUrl":"https:\/\/aigleshopping.ca\/wp-content\/uploads\/2025\/03\/6e960738-b27b-4bd6-9d46-257f506de4d3.jpg","width":800,"height":800},{"@type":"BreadcrumbList","@id":"https:\/\/aigleshopping.ca\/fr\/produit\/pull-a-col-roule-pour-hommes-automne-et-hiver\/#breadcrumb","itemListElement":[{"@type":"ListItem","position":1,"name":"Home","item":"https:\/\/aigleshopping.ca\/fr\/home\/"},{"@type":"ListItem","position":2,"name":"Products","item":"https:\/\/aigleshopping.ca\/shop\/"},{"@type":"ListItem","position":3,"name":"Pull \u00e0 col roul\u00e9 pour hommes Automne et hiver"}]},{"@type":"WebSite","@id":"https:\/\/aigleshopping.ca\/#website","url":"https:\/\/aigleshopping.ca\/","name":"Aigle Shopping Canada","description":"Au-del\u00e0 des fronti\u00e8res, pour vous offrir le\u00a0meilleur!","publisher":{"@id":"https:\/\/aigleshopping.ca\/#organization"},"potentialAction":[{"@type":"SearchAction","target":{"@type":"EntryPoint","urlTemplate":"https:\/\/aigleshopping.ca\/?s={search_term_string}"},"query-input":{"@type":"PropertyValueSpecification","valueRequired":true,"valueName":"search_term_string"}}],"inLanguage":"fr-FR"},{"@type":"Organization","@id":"https:\/\/aigleshopping.ca\/#organization","name":"Aigle Shopping Canada","url":"https:\/\/aigleshopping.ca\/","logo":{"@type":"ImageObject","inLanguage":"fr-FR","@id":"https:\/\/aigleshopping.ca\/#\/schema\/logo\/image\/","url":"https:\/\/aigleshopping.ca\/wp-content\/uploads\/2025\/12\/logo_aigleshopping_ca.png","contentUrl":"https:\/\/aigleshopping.ca\/wp-content\/uploads\/2025\/12\/logo_aigleshopping_ca.png","width":800,"height":233,"caption":"Aigle Shopping Canada"},"image":{"@id":"https:\/\/aigleshopping.ca\/#\/schema\/logo\/image\/"}}]}},"jetpack_sharing_enabled":true,"_links":{"self":[{"href":"https:\/\/aigleshopping.ca\/fr\/wp-json\/wp\/v2\/product\/31640","targetHints":{"allow":["GET"]}}],"collection":[{"href":"https:\/\/aigleshopping.ca\/fr\/wp-json\/wp\/v2\/product"}],"about":[{"href":"https:\/\/aigleshopping.ca\/fr\/wp-json\/wp\/v2\/types\/product"}],"replies":[{"embeddable":true,"href":"https:\/\/aigleshopping.ca\/fr\/wp-json\/wp\/v2\/comments?post=31640"}],"wp:featuredmedia":[{"embeddable":true,"href":"https:\/\/aigleshopping.ca\/fr\/wp-json\/wp\/v2\/media\/26506"}],"wp:attachment":[{"href":"https:\/\/aigleshopping.ca\/fr\/wp-json\/wp\/v2\/media?parent=31640"}],"wp:term":[{"taxonomy":"product_brand","embeddable":true,"href":"https:\/\/aigleshopping.ca\/fr\/wp-json\/wp\/v2\/product_brand?post=31640"},{"taxonomy":"product_cat","embeddable":true,"href":"https:\/\/aigleshopping.ca\/fr\/wp-json\/wp\/v2\/product_cat?post=31640"},{"taxonomy":"product_tag","embeddable":true,"href":"https:\/\/aigleshopping.ca\/fr\/wp-json\/wp\/v2\/product_tag?post=31640"}],"curies":[{"name":"wp","href":"https:\/\/api.w.org\/{rel}","templated":true}]}}