{"id":31658,"date":"2025-03-20T06:29:55","date_gmt":"2025-03-20T06:29:55","guid":{"rendered":"https:\/\/aigleshopping.ca\/produit\/hommes-retro-casual-patchwork-couleur-contrastee-col-rond-tricote\/"},"modified":"2025-03-20T06:29:55","modified_gmt":"2025-03-20T06:29:55","slug":"hommes-retro-casual-patchwork-couleur-contrastee-col-rond-tricote","status":"publish","type":"product","link":"https:\/\/aigleshopping.ca\/fr\/produit\/hommes-retro-casual-patchwork-couleur-contrastee-col-rond-tricote\/","title":{"rendered":"Hommes Retro Casual Patchwork couleur contrast\u00e9e col rond tricot\u00e9"},"content":{"rendered":"<p> <b>Informations sur le produit :<\/b> <br \/> Version : Droit <br \/> Type de manche : Regular <br \/> Composition du mat\u00e9riel : fibre polyacrylonitrile (fibre acrylique) 68% fibre polyester 22% laine 8% fibre polycarbaminate (spandex) 2% <br \/> Style : pull-over <br \/> Longueur des manches : manches longues <br \/> Type de col : col rond <br \/> Taille : S M L XS <br \/> Couleur : Multicolore  <\/p>\n<p><b>Taille :<\/b><br \/>\n<br \/> <br \/>\n<img decoding=\"async\" src=\"https:\/\/oss-cf.cjdropshipping.com\/product\/2025\/02\/25\/01\/2d7ed1d6-ddf5-4184-a827-7eda4e41be69.jpeg?x-oss-process=image\/quality,q_100\"><br \/>\n<b>Note :<\/b> 1. les tailles asiatiques sont 1 \u00e0 2 tailles plus petites que les tailles europ\u00e9ennes et am\u00e9ricaines. Choisissez la taille la plus grande si votre taille se situe entre deux tailles. Veuillez tenir compte d&rsquo;une diff\u00e9rence de 2 \u00e0 3 cm due aux mesures manuelles. 2. Si vous ne savez pas comment choisir votre taille, veuillez contacter notre service client\u00e8le. 3) Comme vous le savez, les ordinateurs affichent les couleurs diff\u00e9remment, la couleur de l&rsquo;article r\u00e9el peut varier l\u00e9g\u00e8rement par rapport aux images suivantes.<br \/>\n<br \/> <br \/>\n<b>Liste d&#8217;emballage :  <\/b><br \/>\n<br \/>  1* Tricot<br \/>\n<br \/> <br \/>\n<b>Image du produit :<\/b><br \/>\n<br \/> <br \/>\n<img decoding=\"async\" src=\"https:\/\/oss-cf.cjdropshipping.com\/product\/2025\/02\/25\/01\/79c50103-bb8d-4067-82bb-8979a0c88fc5.jpg\"><br \/>\n<img decoding=\"async\" src=\"https:\/\/oss-cf.cjdropshipping.com\/product\/2025\/02\/25\/01\/f433c074-90c9-4335-a3aa-2bab2be6e7ef.jpg\"><br \/>\n<img decoding=\"async\" src=\"https:\/\/oss-cf.cjdropshipping.com\/product\/2025\/02\/25\/01\/c0ea04d0-d1ec-4154-bc03-524ca55c8719.jpg\"><br \/>\n<img decoding=\"async\" src=\"https:\/\/oss-cf.cjdropshipping.com\/product\/2025\/02\/25\/01\/9dba5121-1aef-48b6-8ce6-a50d0a77e12b.jpg\"><br \/>\n<img decoding=\"async\" src=\"https:\/\/oss-cf.cjdropshipping.com\/product\/2025\/02\/25\/01\/de6f92f5-42c7-4257-8855-2d15d4092ef6.jpg\"><br \/>\n<img decoding=\"async\" src=\"https:\/\/oss-cf.cjdropshipping.com\/product\/2025\/02\/25\/01\/2d9316f9-7fa4-4c0e-a9ea-550170e48d22.jpg\"><br \/>\n<img decoding=\"async\" src=\"https:\/\/oss-cf.cjdropshipping.com\/product\/2025\/02\/25\/01\/1bf3ca9f-2406-4dcf-bd3b-1f63499f5733_trans.jpeg\"><\/p>\n","protected":false},"excerpt":{"rendered":"<p>Informations sur le produit : Version : Droit Type de manche : Regular Composition du mat\u00e9riel : fibre polyacrylonitrile (fibre acrylique) 68% fibre polyester 22% laine 8% fibre polycarbaminate (spandex) 2% Style : pull-over Longueur des manches : manches longues Type de col : col rond Taille : S M L XS Couleur : Multicolore [&hellip;]<\/p>\n","protected":false},"featured_media":26160,"comment_status":"open","ping_status":"closed","template":"","meta":{"content-type":""},"product_brand":[],"product_cat":[691],"product_tag":[],"class_list":{"0":"post-31658","1":"product","2":"type-product","3":"status-publish","4":"has-post-thumbnail","6":"product_cat-sweatshirt-fr-2","8":"first","9":"instock","10":"taxable","11":"shipping-taxable","12":"purchasable","13":"product-type-variable","14":"add-to-wishlist-after_add_to_cart"},"yoast_head":"<!-- This site is optimized with the Yoast SEO plugin v27.4 - https:\/\/yoast.com\/product\/yoast-seo-wordpress\/ -->\n<title>Hommes Retro Casual Patchwork couleur contrast\u00e9e col rond tricot\u00e9 - Aigle Shopping Canada<\/title>\n<meta name=\"robots\" content=\"index, follow, max-snippet:-1, max-image-preview:large, max-video-preview:-1\" \/>\n<link rel=\"canonical\" href=\"https:\/\/aigleshopping.ca\/fr\/produit\/hommes-retro-casual-patchwork-couleur-contrastee-col-rond-tricote\/\" \/>\n<meta property=\"og:locale\" content=\"fr_FR\" \/>\n<meta property=\"og:type\" content=\"article\" \/>\n<meta property=\"og:title\" content=\"Hommes Retro Casual Patchwork couleur contrast\u00e9e col rond tricot\u00e9 - Aigle Shopping Canada\" \/>\n<meta property=\"og:description\" content=\"Informations sur le produit : Version : Droit Type de manche : Regular Composition du mat\u00e9riel : fibre polyacrylonitrile (fibre acrylique) 68% fibre polyester 22% laine 8% fibre polycarbaminate (spandex) 2% Style : pull-over Longueur des manches : manches longues Type de col : col rond Taille : S M L XS Couleur : Multicolore [&hellip;]\" \/>\n<meta property=\"og:url\" content=\"https:\/\/aigleshopping.ca\/fr\/produit\/hommes-retro-casual-patchwork-couleur-contrastee-col-rond-tricote\/\" \/>\n<meta property=\"og:site_name\" content=\"Aigle Shopping Canada\" \/>\n<meta property=\"og:image\" content=\"https:\/\/aigleshopping.ca\/wp-content\/uploads\/2025\/03\/402d9ca2-5ebb-4a7b-9034-4602f4fb6f73.jpg\" \/>\n\t<meta property=\"og:image:width\" content=\"1043\" \/>\n\t<meta property=\"og:image:height\" content=\"1043\" \/>\n\t<meta property=\"og:image:type\" content=\"image\/jpeg\" \/>\n<meta name=\"twitter:card\" content=\"summary_large_image\" \/>\n<meta name=\"twitter:label1\" content=\"Dur\u00e9e de lecture estim\u00e9e\" \/>\n\t<meta name=\"twitter:data1\" content=\"1 minute\" \/>\n<script type=\"application\/ld+json\" class=\"yoast-schema-graph\">{\"@context\":\"https:\\\/\\\/schema.org\",\"@graph\":[{\"@type\":\"WebPage\",\"@id\":\"https:\\\/\\\/aigleshopping.ca\\\/fr\\\/produit\\\/hommes-retro-casual-patchwork-couleur-contrastee-col-rond-tricote\\\/\",\"url\":\"https:\\\/\\\/aigleshopping.ca\\\/fr\\\/produit\\\/hommes-retro-casual-patchwork-couleur-contrastee-col-rond-tricote\\\/\",\"name\":\"Hommes Retro Casual Patchwork couleur contrast\u00e9e col rond tricot\u00e9 - Aigle Shopping Canada\",\"isPartOf\":{\"@id\":\"https:\\\/\\\/aigleshopping.ca\\\/#website\"},\"primaryImageOfPage\":{\"@id\":\"https:\\\/\\\/aigleshopping.ca\\\/fr\\\/produit\\\/hommes-retro-casual-patchwork-couleur-contrastee-col-rond-tricote\\\/#primaryimage\"},\"image\":{\"@id\":\"https:\\\/\\\/aigleshopping.ca\\\/fr\\\/produit\\\/hommes-retro-casual-patchwork-couleur-contrastee-col-rond-tricote\\\/#primaryimage\"},\"thumbnailUrl\":\"https:\\\/\\\/aigleshopping.ca\\\/wp-content\\\/uploads\\\/2025\\\/03\\\/402d9ca2-5ebb-4a7b-9034-4602f4fb6f73.jpg\",\"datePublished\":\"2025-03-20T06:29:55+00:00\",\"breadcrumb\":{\"@id\":\"https:\\\/\\\/aigleshopping.ca\\\/fr\\\/produit\\\/hommes-retro-casual-patchwork-couleur-contrastee-col-rond-tricote\\\/#breadcrumb\"},\"inLanguage\":\"fr-FR\",\"potentialAction\":[{\"@type\":\"ReadAction\",\"target\":[\"https:\\\/\\\/aigleshopping.ca\\\/fr\\\/produit\\\/hommes-retro-casual-patchwork-couleur-contrastee-col-rond-tricote\\\/\"]}]},{\"@type\":\"ImageObject\",\"inLanguage\":\"fr-FR\",\"@id\":\"https:\\\/\\\/aigleshopping.ca\\\/fr\\\/produit\\\/hommes-retro-casual-patchwork-couleur-contrastee-col-rond-tricote\\\/#primaryimage\",\"url\":\"https:\\\/\\\/aigleshopping.ca\\\/wp-content\\\/uploads\\\/2025\\\/03\\\/402d9ca2-5ebb-4a7b-9034-4602f4fb6f73.jpg\",\"contentUrl\":\"https:\\\/\\\/aigleshopping.ca\\\/wp-content\\\/uploads\\\/2025\\\/03\\\/402d9ca2-5ebb-4a7b-9034-4602f4fb6f73.jpg\",\"width\":1043,\"height\":1043},{\"@type\":\"BreadcrumbList\",\"@id\":\"https:\\\/\\\/aigleshopping.ca\\\/fr\\\/produit\\\/hommes-retro-casual-patchwork-couleur-contrastee-col-rond-tricote\\\/#breadcrumb\",\"itemListElement\":[{\"@type\":\"ListItem\",\"position\":1,\"name\":\"Home\",\"item\":\"https:\\\/\\\/aigleshopping.ca\\\/fr\\\/home\\\/\"},{\"@type\":\"ListItem\",\"position\":2,\"name\":\"Products\",\"item\":\"https:\\\/\\\/aigleshopping.ca\\\/shop\\\/\"},{\"@type\":\"ListItem\",\"position\":3,\"name\":\"Hommes Retro Casual Patchwork couleur contrast\u00e9e col rond tricot\u00e9\"}]},{\"@type\":\"WebSite\",\"@id\":\"https:\\\/\\\/aigleshopping.ca\\\/#website\",\"url\":\"https:\\\/\\\/aigleshopping.ca\\\/\",\"name\":\"Aigle Shopping Canada\",\"description\":\"Au-del\u00e0 des fronti\u00e8res, pour vous offrir le\u00a0meilleur!\",\"publisher\":{\"@id\":\"https:\\\/\\\/aigleshopping.ca\\\/#organization\"},\"potentialAction\":[{\"@type\":\"SearchAction\",\"target\":{\"@type\":\"EntryPoint\",\"urlTemplate\":\"https:\\\/\\\/aigleshopping.ca\\\/?s={search_term_string}\"},\"query-input\":{\"@type\":\"PropertyValueSpecification\",\"valueRequired\":true,\"valueName\":\"search_term_string\"}}],\"inLanguage\":\"fr-FR\"},{\"@type\":\"Organization\",\"@id\":\"https:\\\/\\\/aigleshopping.ca\\\/#organization\",\"name\":\"Aigle Shopping Canada\",\"url\":\"https:\\\/\\\/aigleshopping.ca\\\/\",\"logo\":{\"@type\":\"ImageObject\",\"inLanguage\":\"fr-FR\",\"@id\":\"https:\\\/\\\/aigleshopping.ca\\\/#\\\/schema\\\/logo\\\/image\\\/\",\"url\":\"https:\\\/\\\/aigleshopping.ca\\\/wp-content\\\/uploads\\\/2025\\\/12\\\/logo_aigleshopping_ca.png\",\"contentUrl\":\"https:\\\/\\\/aigleshopping.ca\\\/wp-content\\\/uploads\\\/2025\\\/12\\\/logo_aigleshopping_ca.png\",\"width\":800,\"height\":233,\"caption\":\"Aigle Shopping Canada\"},\"image\":{\"@id\":\"https:\\\/\\\/aigleshopping.ca\\\/#\\\/schema\\\/logo\\\/image\\\/\"}}]}<\/script>\n<!-- \/ Yoast SEO plugin. -->","yoast_head_json":{"title":"Hommes Retro Casual Patchwork couleur contrast\u00e9e col rond tricot\u00e9 - Aigle Shopping Canada","robots":{"index":"index","follow":"follow","max-snippet":"max-snippet:-1","max-image-preview":"max-image-preview:large","max-video-preview":"max-video-preview:-1"},"canonical":"https:\/\/aigleshopping.ca\/fr\/produit\/hommes-retro-casual-patchwork-couleur-contrastee-col-rond-tricote\/","og_locale":"fr_FR","og_type":"article","og_title":"Hommes Retro Casual Patchwork couleur contrast\u00e9e col rond tricot\u00e9 - Aigle Shopping Canada","og_description":"Informations sur le produit : Version : Droit Type de manche : Regular Composition du mat\u00e9riel : fibre polyacrylonitrile (fibre acrylique) 68% fibre polyester 22% laine 8% fibre polycarbaminate (spandex) 2% Style : pull-over Longueur des manches : manches longues Type de col : col rond Taille : S M L XS Couleur : Multicolore [&hellip;]","og_url":"https:\/\/aigleshopping.ca\/fr\/produit\/hommes-retro-casual-patchwork-couleur-contrastee-col-rond-tricote\/","og_site_name":"Aigle Shopping Canada","og_image":[{"width":1043,"height":1043,"url":"https:\/\/aigleshopping.ca\/wp-content\/uploads\/2025\/03\/402d9ca2-5ebb-4a7b-9034-4602f4fb6f73.jpg","type":"image\/jpeg"}],"twitter_card":"summary_large_image","twitter_misc":{"Dur\u00e9e de lecture estim\u00e9e":"1 minute"},"schema":{"@context":"https:\/\/schema.org","@graph":[{"@type":"WebPage","@id":"https:\/\/aigleshopping.ca\/fr\/produit\/hommes-retro-casual-patchwork-couleur-contrastee-col-rond-tricote\/","url":"https:\/\/aigleshopping.ca\/fr\/produit\/hommes-retro-casual-patchwork-couleur-contrastee-col-rond-tricote\/","name":"Hommes Retro Casual Patchwork couleur contrast\u00e9e col rond tricot\u00e9 - Aigle Shopping Canada","isPartOf":{"@id":"https:\/\/aigleshopping.ca\/#website"},"primaryImageOfPage":{"@id":"https:\/\/aigleshopping.ca\/fr\/produit\/hommes-retro-casual-patchwork-couleur-contrastee-col-rond-tricote\/#primaryimage"},"image":{"@id":"https:\/\/aigleshopping.ca\/fr\/produit\/hommes-retro-casual-patchwork-couleur-contrastee-col-rond-tricote\/#primaryimage"},"thumbnailUrl":"https:\/\/aigleshopping.ca\/wp-content\/uploads\/2025\/03\/402d9ca2-5ebb-4a7b-9034-4602f4fb6f73.jpg","datePublished":"2025-03-20T06:29:55+00:00","breadcrumb":{"@id":"https:\/\/aigleshopping.ca\/fr\/produit\/hommes-retro-casual-patchwork-couleur-contrastee-col-rond-tricote\/#breadcrumb"},"inLanguage":"fr-FR","potentialAction":[{"@type":"ReadAction","target":["https:\/\/aigleshopping.ca\/fr\/produit\/hommes-retro-casual-patchwork-couleur-contrastee-col-rond-tricote\/"]}]},{"@type":"ImageObject","inLanguage":"fr-FR","@id":"https:\/\/aigleshopping.ca\/fr\/produit\/hommes-retro-casual-patchwork-couleur-contrastee-col-rond-tricote\/#primaryimage","url":"https:\/\/aigleshopping.ca\/wp-content\/uploads\/2025\/03\/402d9ca2-5ebb-4a7b-9034-4602f4fb6f73.jpg","contentUrl":"https:\/\/aigleshopping.ca\/wp-content\/uploads\/2025\/03\/402d9ca2-5ebb-4a7b-9034-4602f4fb6f73.jpg","width":1043,"height":1043},{"@type":"BreadcrumbList","@id":"https:\/\/aigleshopping.ca\/fr\/produit\/hommes-retro-casual-patchwork-couleur-contrastee-col-rond-tricote\/#breadcrumb","itemListElement":[{"@type":"ListItem","position":1,"name":"Home","item":"https:\/\/aigleshopping.ca\/fr\/home\/"},{"@type":"ListItem","position":2,"name":"Products","item":"https:\/\/aigleshopping.ca\/shop\/"},{"@type":"ListItem","position":3,"name":"Hommes Retro Casual Patchwork couleur contrast\u00e9e col rond tricot\u00e9"}]},{"@type":"WebSite","@id":"https:\/\/aigleshopping.ca\/#website","url":"https:\/\/aigleshopping.ca\/","name":"Aigle Shopping Canada","description":"Au-del\u00e0 des fronti\u00e8res, pour vous offrir le\u00a0meilleur!","publisher":{"@id":"https:\/\/aigleshopping.ca\/#organization"},"potentialAction":[{"@type":"SearchAction","target":{"@type":"EntryPoint","urlTemplate":"https:\/\/aigleshopping.ca\/?s={search_term_string}"},"query-input":{"@type":"PropertyValueSpecification","valueRequired":true,"valueName":"search_term_string"}}],"inLanguage":"fr-FR"},{"@type":"Organization","@id":"https:\/\/aigleshopping.ca\/#organization","name":"Aigle Shopping Canada","url":"https:\/\/aigleshopping.ca\/","logo":{"@type":"ImageObject","inLanguage":"fr-FR","@id":"https:\/\/aigleshopping.ca\/#\/schema\/logo\/image\/","url":"https:\/\/aigleshopping.ca\/wp-content\/uploads\/2025\/12\/logo_aigleshopping_ca.png","contentUrl":"https:\/\/aigleshopping.ca\/wp-content\/uploads\/2025\/12\/logo_aigleshopping_ca.png","width":800,"height":233,"caption":"Aigle Shopping Canada"},"image":{"@id":"https:\/\/aigleshopping.ca\/#\/schema\/logo\/image\/"}}]}},"jetpack_sharing_enabled":true,"_links":{"self":[{"href":"https:\/\/aigleshopping.ca\/fr\/wp-json\/wp\/v2\/product\/31658","targetHints":{"allow":["GET"]}}],"collection":[{"href":"https:\/\/aigleshopping.ca\/fr\/wp-json\/wp\/v2\/product"}],"about":[{"href":"https:\/\/aigleshopping.ca\/fr\/wp-json\/wp\/v2\/types\/product"}],"replies":[{"embeddable":true,"href":"https:\/\/aigleshopping.ca\/fr\/wp-json\/wp\/v2\/comments?post=31658"}],"wp:featuredmedia":[{"embeddable":true,"href":"https:\/\/aigleshopping.ca\/fr\/wp-json\/wp\/v2\/media\/26160"}],"wp:attachment":[{"href":"https:\/\/aigleshopping.ca\/fr\/wp-json\/wp\/v2\/media?parent=31658"}],"wp:term":[{"taxonomy":"product_brand","embeddable":true,"href":"https:\/\/aigleshopping.ca\/fr\/wp-json\/wp\/v2\/product_brand?post=31658"},{"taxonomy":"product_cat","embeddable":true,"href":"https:\/\/aigleshopping.ca\/fr\/wp-json\/wp\/v2\/product_cat?post=31658"},{"taxonomy":"product_tag","embeddable":true,"href":"https:\/\/aigleshopping.ca\/fr\/wp-json\/wp\/v2\/product_tag?post=31658"}],"curies":[{"name":"wp","href":"https:\/\/api.w.org\/{rel}","templated":true}]}}