{"id":31697,"date":"2025-03-20T06:37:53","date_gmt":"2025-03-20T06:37:53","guid":{"rendered":"https:\/\/aigleshopping.ca\/produit\/mens-winter-and-autumn-casual-v-neck-long-sleeve-sweater-henley-shirt-top\/"},"modified":"2025-03-20T06:37:53","modified_gmt":"2025-03-20T06:37:53","slug":"mens-winter-and-autumn-casual-v-neck-long-sleeve-sweater-henley-shirt-top","status":"publish","type":"product","link":"https:\/\/aigleshopping.ca\/fr\/produit\/mens-winter-and-autumn-casual-v-neck-long-sleeve-sweater-henley-shirt-top\/","title":{"rendered":"Men&rsquo;s Winter And Autumn Casual V-neck Long Sleeve Sweater Henley Shirt Top"},"content":{"rendered":"<p> <b>Informations sur le produit :<\/b> <br \/> Couleur : abricot camel, blanc  <br \/>  Convient aux personnes : Jeunes  <br \/>  Taille : M (170\/92A),L (175\/96A),XL (180\/100A),2XL (185\/104A),3XL (190\/108A)  <br \/>  Version : En vrac  <br \/>  Style : pull-over  <br \/>  \u00c9paisseur : ordinaire  <br \/>  Nom du tissu : 49,4 % viscose 29,7 % polyester 20,9 % nylon  <br \/>  Sc\u00e9narios applicables : Loisirs  <br \/>  Personnes concern\u00e9es : Jeunes  <br \/>  Composition du tissu principal : nylon\/nylon  <br \/>  Sexe applicable : Homme  <br \/>  Longueur des manches : manches longues  <br \/>  Saison appropri\u00e9e : Automne  <br \/>  Style : R\u00e9tro  <br \/>  Fabrication : couleur unie   <\/p>\n<p> <\/p>\n<p><b>Taille :<\/b><br \/>\n<br \/> <br \/>\n<img decoding=\"async\" src=\"https:\/\/oss-cf.cjdropshipping.com\/product\/2025\/02\/27\/05\/0067d74d-8ad1-4e28-b922-5a779c6bf6bb_trans.jpeg\" data-key=\"1\"> <\/p>\n<p> <\/p>\n<p> <\/p>\n<p><b>Note :<\/b> <\/p>\n<div>\n  1. Les tailles asiatiques sont 1 \u00e0 2 tailles plus petites que les tailles europ\u00e9ennes et am\u00e9ricaines. Choisissez la taille la plus grande si votre taille se situe entre deux tailles. Veuillez tenir compte d&rsquo;une diff\u00e9rence de 2 \u00e0 3 cm due aux mesures manuelles. 2. Si vous ne savez pas comment choisir votre taille, veuillez contacter notre service client\u00e8le. 3) Comme vous le savez, les ordinateurs affichent les couleurs diff\u00e9remment, la couleur de l&rsquo;article r\u00e9el peut varier l\u00e9g\u00e8rement par rapport aux images suivantes.<br \/>\n <br \/> <br \/>\n <b> <br \/> <\/b> <\/p>\n<div>\n  <b>Liste d&#8217;emballage : <\/b><br \/>\n  <br \/> Pull *1  <\/p>\n<p> <\/p>\n<p>  <b>Image du produit :<\/b><br \/>\n  <br \/> <br \/>\n  <img decoding=\"async\" src=\"https:\/\/oss-cf.cjdropshipping.com\/product\/2025\/02\/27\/05\/33a489fe-f217-4980-9b2f-666229a25d50_trans.jpeg\" data-src=\"https:\/\/cbu01.alicdn.com\/img\/ibank\/O1CN01jngfbl2Bx5X06fQia_!!2216966848404-0-cib.jpg\" data-key=\"2\" data-uploadossfail=\"false\"><br \/>\n  <img decoding=\"async\" src=\"https:\/\/oss-cf.cjdropshipping.com\/product\/2025\/02\/27\/05\/2b3de263-8009-429e-9038-f6ba2209fa8c_trans.jpeg\" data-src=\"https:\/\/cbu01.alicdn.com\/img\/ibank\/O1CN01dcanjN2Bx5WzRC5sc_!!2216966848404-0-cib.jpg\" data-key=\"3\" data-uploadossfail=\"false\"><br \/>\n  <img decoding=\"async\" src=\"https:\/\/oss-cf.cjdropshipping.com\/product\/2025\/02\/27\/05\/cec5a08c-8e35-4d44-96cc-1e0dbb70117e_trans.jpeg\" data-src=\"https:\/\/cbu01.alicdn.com\/img\/ibank\/O1CN013rMzsQ2Bx5X06coPk_!!2216966848404-0-cib.jpg\" data-key=\"4\" data-uploadossfail=\"false\"><br \/>\n  <img decoding=\"async\" src=\"https:\/\/oss-cf.cjdropshipping.com\/product\/2025\/02\/27\/05\/df8c5977-42a2-472c-907a-2a48291afe62_trans.jpeg\" data-src=\"https:\/\/cbu01.alicdn.com\/img\/ibank\/O1CN01AKCjoT2Bx5X1HPG4m_!!2216966848404-0-cib.jpg\" data-key=\"5\" data-uploadossfail=\"false\"><br \/>\n  <img decoding=\"async\" src=\"https:\/\/oss-cf.cjdropshipping.com\/product\/2025\/02\/27\/05\/a24768fc-5cbb-450e-bb89-56596dd526f1_trans.jpeg\" data-src=\"https:\/\/cbu01.alicdn.com\/img\/ibank\/O1CN01nXUnb42Bx5X0VB5Ji_!!2216966848404-0-cib.jpg\" data-key=\"6\" data-uploadossfail=\"false\"><br \/>\n  <img decoding=\"async\" src=\"https:\/\/oss-cf.cjdropshipping.com\/product\/2025\/02\/27\/05\/3d5bd04b-48f0-4c6b-ae38-8a0dbb880903_trans.jpeg\" data-src=\"https:\/\/cbu01.alicdn.com\/img\/ibank\/O1CN01Ks64jo2Bx5X1HOFkY_!!2216966848404-0-cib.jpg\" data-key=\"7\" data-uploadossfail=\"false\"><br \/>\n  <img decoding=\"async\" src=\"https:\/\/oss-cf.cjdropshipping.com\/product\/2025\/02\/27\/05\/e2c6d7b3-75cb-4f26-9c24-53003f60996f_trans.jpeg\" data-src=\"https:\/\/cbu01.alicdn.com\/img\/ibank\/O1CN01DtdTXR2Bx5X20GugT_!!2216966848404-0-cib.jpg\" data-key=\"8\" data-uploadossfail=\"false\"><br \/>\n  <img decoding=\"async\" src=\"https:\/\/oss-cf.cjdropshipping.com\/product\/2025\/02\/27\/05\/a8744d31-cc2c-4687-a53c-ac2b0fa02dba_trans.jpeg\" data-src=\"https:\/\/cbu01.alicdn.com\/img\/ibank\/O1CN01tA3khw2Bx5WynuOzw_!!2216966848404-0-cib.jpg\" data-key=\"9\" data-uploadossfail=\"false\"><br \/>\n  <img decoding=\"async\" src=\"https:\/\/oss-cf.cjdropshipping.com\/product\/2025\/02\/27\/05\/610ec732-560f-4e94-bc47-70a288db3b48_trans.jpeg\" data-src=\"https:\/\/cbu01.alicdn.com\/img\/ibank\/O1CN01bcznGk2Bx5Ws8Pq54_!!2216966848404-0-cib.jpg\" data-key=\"10\" data-uploadossfail=\"false\"><br \/>\n  <img decoding=\"async\" src=\"https:\/\/oss-cf.cjdropshipping.com\/product\/2025\/02\/27\/05\/056a228a-32e8-4729-b40c-a2d54385cd2d_trans.jpeg\" data-src=\"https:\/\/cbu01.alicdn.com\/img\/ibank\/O1CN01lBrQrV2Bx5X1S6DT0_!!2216966848404-0-cib.jpg\" data-key=\"11\" data-uploadossfail=\"false\"><br \/>\n  <img decoding=\"async\" src=\"https:\/\/oss-cf.cjdropshipping.com\/product\/2025\/02\/27\/05\/566150a2-4a82-4226-b626-6f7849c501fa_trans.jpeg\" data-src=\"https:\/\/cbu01.alicdn.com\/img\/ibank\/O1CN01GDVo382Bx5WytpHeS_!!2216966848404-0-cib.jpg\" data-key=\"12\" data-uploadossfail=\"false\"><br \/>\n  <img decoding=\"async\" src=\"https:\/\/oss-cf.cjdropshipping.com\/product\/2025\/02\/27\/05\/80e10e29-dabc-4eb5-bf0b-439339e01699_trans.jpeg\" data-src=\"https:\/\/cbu01.alicdn.com\/img\/ibank\/O1CN01EQayoa2Bx5Ws8QVi6_!!2216966848404-0-cib.jpg\" data-key=\"13\" data-uploadossfail=\"false\"><br \/>\n  <img decoding=\"async\" src=\"https:\/\/oss-cf.cjdropshipping.com\/product\/2025\/02\/27\/05\/78848a45-cf0b-4f22-8fd1-aeee9a043270_trans.jpeg\" data-src=\"https:\/\/cbu01.alicdn.com\/img\/ibank\/O1CN01nZgzNG2Bx5WzRB5VX_!!2216966848404-0-cib.jpg\" data-key=\"14\" data-uploadossfail=\"false\"><br \/>\n  <img decoding=\"async\" src=\"https:\/\/oss-cf.cjdropshipping.com\/product\/2025\/02\/27\/05\/232247bd-68e3-4475-b067-c577261ad3d9_trans.jpeg\" data-src=\"https:\/\/cbu01.alicdn.com\/img\/ibank\/O1CN01Kfnw4Q2Bx5Wxa1Xml_!!2216966848404-0-cib.jpg\" data-key=\"15\" data-uploadossfail=\"false\"><br \/>\n  <img decoding=\"async\" src=\"https:\/\/oss-cf.cjdropshipping.com\/product\/2025\/02\/27\/05\/5677b0db-f346-4bcd-9b61-b4807363cfb1_trans.jpeg\" data-src=\"https:\/\/cbu01.alicdn.com\/img\/ibank\/O1CN01cJKOWA2Bx5WxJ8iIt_!!2216966848404-0-cib.jpg\" data-key=\"16\" data-uploadossfail=\"false\"><br \/>\n  <img decoding=\"async\" src=\"https:\/\/oss-cf.cjdropshipping.com\/product\/2025\/02\/27\/05\/6d6cfb0e-faa3-4bdd-8235-f9c77ff3f9b2_trans.jpeg\" data-src=\"https:\/\/cbu01.alicdn.com\/img\/ibank\/O1CN01t2ZZQr2Bx5Wxa0GiH_!!2216966848404-0-cib.jpg\" data-key=\"17\" data-uploadossfail=\"false\"><br \/>\n  <img decoding=\"async\" src=\"https:\/\/oss-cf.cjdropshipping.com\/product\/2025\/02\/27\/05\/1a1e0348-ff19-43b3-9d1c-4a3f8debf59b_trans.jpeg\" data-src=\"https:\/\/cbu01.alicdn.com\/img\/ibank\/O1CN013OtFtA2Bx5X20HJZW_!!2216966848404-0-cib.jpg\" data-key=\"18\" data-uploadossfail=\"false\">\n <\/div>\n<\/div>\n","protected":false},"excerpt":{"rendered":"<p>Informations sur le produit : Couleur : abricot camel, blanc Convient aux personnes : Jeunes Taille : M (170\/92A),L (175\/96A),XL (180\/100A),2XL (185\/104A),3XL (190\/108A) Version : En vrac Style : pull-over \u00c9paisseur : ordinaire Nom du tissu : 49,4 % viscose 29,7 % polyester 20,9 % nylon Sc\u00e9narios applicables : Loisirs Personnes concern\u00e9es : Jeunes Composition [&hellip;]<\/p>\n","protected":false},"featured_media":26575,"comment_status":"open","ping_status":"closed","template":"","meta":{"content-type":""},"product_brand":[],"product_cat":[691],"product_tag":[],"class_list":{"0":"post-31697","1":"product","2":"type-product","3":"status-publish","4":"has-post-thumbnail","6":"product_cat-sweatshirt-fr-2","8":"first","9":"instock","10":"taxable","11":"shipping-taxable","12":"purchasable","13":"product-type-variable","14":"add-to-wishlist-after_add_to_cart"},"yoast_head":"<!-- This site is optimized with the Yoast SEO plugin v27.4 - https:\/\/yoast.com\/product\/yoast-seo-wordpress\/ -->\n<title>Men&#039;s Winter And Autumn Casual V-neck Long Sleeve Sweater Henley Shirt Top - Aigle Shopping Canada<\/title>\n<meta name=\"robots\" content=\"index, follow, max-snippet:-1, max-image-preview:large, max-video-preview:-1\" \/>\n<link rel=\"canonical\" href=\"https:\/\/aigleshopping.ca\/fr\/produit\/mens-winter-and-autumn-casual-v-neck-long-sleeve-sweater-henley-shirt-top\/\" \/>\n<meta property=\"og:locale\" content=\"fr_FR\" \/>\n<meta property=\"og:type\" content=\"article\" \/>\n<meta property=\"og:title\" content=\"Men&#039;s Winter And Autumn Casual V-neck Long Sleeve Sweater Henley Shirt Top - Aigle Shopping Canada\" \/>\n<meta property=\"og:description\" content=\"Informations sur le produit : Couleur : abricot camel, blanc Convient aux personnes : Jeunes Taille : M (170\/92A),L (175\/96A),XL (180\/100A),2XL (185\/104A),3XL (190\/108A) Version : En vrac Style : pull-over \u00c9paisseur : ordinaire Nom du tissu : 49,4 % viscose 29,7 % polyester 20,9 % nylon Sc\u00e9narios applicables : Loisirs Personnes concern\u00e9es : Jeunes Composition [&hellip;]\" \/>\n<meta property=\"og:url\" content=\"https:\/\/aigleshopping.ca\/fr\/produit\/mens-winter-and-autumn-casual-v-neck-long-sleeve-sweater-henley-shirt-top\/\" \/>\n<meta property=\"og:site_name\" content=\"Aigle Shopping Canada\" \/>\n<meta property=\"og:image\" content=\"https:\/\/aigleshopping.ca\/wp-content\/uploads\/2025\/03\/cc297610-8280-4baf-a173-ebed42984362.jpg\" \/>\n\t<meta property=\"og:image:width\" content=\"1000\" \/>\n\t<meta property=\"og:image:height\" content=\"1000\" \/>\n\t<meta property=\"og:image:type\" content=\"image\/jpeg\" \/>\n<meta name=\"twitter:card\" content=\"summary_large_image\" \/>\n<meta name=\"twitter:label1\" content=\"Dur\u00e9e de lecture estim\u00e9e\" \/>\n\t<meta name=\"twitter:data1\" content=\"1 minute\" \/>\n<script type=\"application\/ld+json\" class=\"yoast-schema-graph\">{\"@context\":\"https:\\\/\\\/schema.org\",\"@graph\":[{\"@type\":\"WebPage\",\"@id\":\"https:\\\/\\\/aigleshopping.ca\\\/fr\\\/produit\\\/mens-winter-and-autumn-casual-v-neck-long-sleeve-sweater-henley-shirt-top\\\/\",\"url\":\"https:\\\/\\\/aigleshopping.ca\\\/fr\\\/produit\\\/mens-winter-and-autumn-casual-v-neck-long-sleeve-sweater-henley-shirt-top\\\/\",\"name\":\"Men's Winter And Autumn Casual V-neck Long Sleeve Sweater Henley Shirt Top - Aigle Shopping Canada\",\"isPartOf\":{\"@id\":\"https:\\\/\\\/aigleshopping.ca\\\/#website\"},\"primaryImageOfPage\":{\"@id\":\"https:\\\/\\\/aigleshopping.ca\\\/fr\\\/produit\\\/mens-winter-and-autumn-casual-v-neck-long-sleeve-sweater-henley-shirt-top\\\/#primaryimage\"},\"image\":{\"@id\":\"https:\\\/\\\/aigleshopping.ca\\\/fr\\\/produit\\\/mens-winter-and-autumn-casual-v-neck-long-sleeve-sweater-henley-shirt-top\\\/#primaryimage\"},\"thumbnailUrl\":\"https:\\\/\\\/aigleshopping.ca\\\/wp-content\\\/uploads\\\/2025\\\/03\\\/cc297610-8280-4baf-a173-ebed42984362.jpg\",\"datePublished\":\"2025-03-20T06:37:53+00:00\",\"breadcrumb\":{\"@id\":\"https:\\\/\\\/aigleshopping.ca\\\/fr\\\/produit\\\/mens-winter-and-autumn-casual-v-neck-long-sleeve-sweater-henley-shirt-top\\\/#breadcrumb\"},\"inLanguage\":\"fr-FR\",\"potentialAction\":[{\"@type\":\"ReadAction\",\"target\":[\"https:\\\/\\\/aigleshopping.ca\\\/fr\\\/produit\\\/mens-winter-and-autumn-casual-v-neck-long-sleeve-sweater-henley-shirt-top\\\/\"]}]},{\"@type\":\"ImageObject\",\"inLanguage\":\"fr-FR\",\"@id\":\"https:\\\/\\\/aigleshopping.ca\\\/fr\\\/produit\\\/mens-winter-and-autumn-casual-v-neck-long-sleeve-sweater-henley-shirt-top\\\/#primaryimage\",\"url\":\"https:\\\/\\\/aigleshopping.ca\\\/wp-content\\\/uploads\\\/2025\\\/03\\\/cc297610-8280-4baf-a173-ebed42984362.jpg\",\"contentUrl\":\"https:\\\/\\\/aigleshopping.ca\\\/wp-content\\\/uploads\\\/2025\\\/03\\\/cc297610-8280-4baf-a173-ebed42984362.jpg\",\"width\":1000,\"height\":1000},{\"@type\":\"BreadcrumbList\",\"@id\":\"https:\\\/\\\/aigleshopping.ca\\\/fr\\\/produit\\\/mens-winter-and-autumn-casual-v-neck-long-sleeve-sweater-henley-shirt-top\\\/#breadcrumb\",\"itemListElement\":[{\"@type\":\"ListItem\",\"position\":1,\"name\":\"Home\",\"item\":\"https:\\\/\\\/aigleshopping.ca\\\/fr\\\/home\\\/\"},{\"@type\":\"ListItem\",\"position\":2,\"name\":\"Products\",\"item\":\"https:\\\/\\\/aigleshopping.ca\\\/shop\\\/\"},{\"@type\":\"ListItem\",\"position\":3,\"name\":\"Men&#8217;s Winter And Autumn Casual V-neck Long Sleeve Sweater Henley Shirt Top\"}]},{\"@type\":\"WebSite\",\"@id\":\"https:\\\/\\\/aigleshopping.ca\\\/#website\",\"url\":\"https:\\\/\\\/aigleshopping.ca\\\/\",\"name\":\"Aigle Shopping Canada\",\"description\":\"Au-del\u00e0 des fronti\u00e8res, pour vous offrir le\u00a0meilleur!\",\"publisher\":{\"@id\":\"https:\\\/\\\/aigleshopping.ca\\\/#organization\"},\"potentialAction\":[{\"@type\":\"SearchAction\",\"target\":{\"@type\":\"EntryPoint\",\"urlTemplate\":\"https:\\\/\\\/aigleshopping.ca\\\/?s={search_term_string}\"},\"query-input\":{\"@type\":\"PropertyValueSpecification\",\"valueRequired\":true,\"valueName\":\"search_term_string\"}}],\"inLanguage\":\"fr-FR\"},{\"@type\":\"Organization\",\"@id\":\"https:\\\/\\\/aigleshopping.ca\\\/#organization\",\"name\":\"Aigle Shopping Canada\",\"url\":\"https:\\\/\\\/aigleshopping.ca\\\/\",\"logo\":{\"@type\":\"ImageObject\",\"inLanguage\":\"fr-FR\",\"@id\":\"https:\\\/\\\/aigleshopping.ca\\\/#\\\/schema\\\/logo\\\/image\\\/\",\"url\":\"https:\\\/\\\/aigleshopping.ca\\\/wp-content\\\/uploads\\\/2025\\\/12\\\/logo_aigleshopping_ca.png\",\"contentUrl\":\"https:\\\/\\\/aigleshopping.ca\\\/wp-content\\\/uploads\\\/2025\\\/12\\\/logo_aigleshopping_ca.png\",\"width\":800,\"height\":233,\"caption\":\"Aigle Shopping Canada\"},\"image\":{\"@id\":\"https:\\\/\\\/aigleshopping.ca\\\/#\\\/schema\\\/logo\\\/image\\\/\"}}]}<\/script>\n<!-- \/ Yoast SEO plugin. -->","yoast_head_json":{"title":"Men's Winter And Autumn Casual V-neck Long Sleeve Sweater Henley Shirt Top - Aigle Shopping Canada","robots":{"index":"index","follow":"follow","max-snippet":"max-snippet:-1","max-image-preview":"max-image-preview:large","max-video-preview":"max-video-preview:-1"},"canonical":"https:\/\/aigleshopping.ca\/fr\/produit\/mens-winter-and-autumn-casual-v-neck-long-sleeve-sweater-henley-shirt-top\/","og_locale":"fr_FR","og_type":"article","og_title":"Men's Winter And Autumn Casual V-neck Long Sleeve Sweater Henley Shirt Top - Aigle Shopping Canada","og_description":"Informations sur le produit : Couleur : abricot camel, blanc Convient aux personnes : Jeunes Taille : M (170\/92A),L (175\/96A),XL (180\/100A),2XL (185\/104A),3XL (190\/108A) Version : En vrac Style : pull-over \u00c9paisseur : ordinaire Nom du tissu : 49,4 % viscose 29,7 % polyester 20,9 % nylon Sc\u00e9narios applicables : Loisirs Personnes concern\u00e9es : Jeunes Composition [&hellip;]","og_url":"https:\/\/aigleshopping.ca\/fr\/produit\/mens-winter-and-autumn-casual-v-neck-long-sleeve-sweater-henley-shirt-top\/","og_site_name":"Aigle Shopping Canada","og_image":[{"width":1000,"height":1000,"url":"https:\/\/aigleshopping.ca\/wp-content\/uploads\/2025\/03\/cc297610-8280-4baf-a173-ebed42984362.jpg","type":"image\/jpeg"}],"twitter_card":"summary_large_image","twitter_misc":{"Dur\u00e9e de lecture estim\u00e9e":"1 minute"},"schema":{"@context":"https:\/\/schema.org","@graph":[{"@type":"WebPage","@id":"https:\/\/aigleshopping.ca\/fr\/produit\/mens-winter-and-autumn-casual-v-neck-long-sleeve-sweater-henley-shirt-top\/","url":"https:\/\/aigleshopping.ca\/fr\/produit\/mens-winter-and-autumn-casual-v-neck-long-sleeve-sweater-henley-shirt-top\/","name":"Men's Winter And Autumn Casual V-neck Long Sleeve Sweater Henley Shirt Top - Aigle Shopping Canada","isPartOf":{"@id":"https:\/\/aigleshopping.ca\/#website"},"primaryImageOfPage":{"@id":"https:\/\/aigleshopping.ca\/fr\/produit\/mens-winter-and-autumn-casual-v-neck-long-sleeve-sweater-henley-shirt-top\/#primaryimage"},"image":{"@id":"https:\/\/aigleshopping.ca\/fr\/produit\/mens-winter-and-autumn-casual-v-neck-long-sleeve-sweater-henley-shirt-top\/#primaryimage"},"thumbnailUrl":"https:\/\/aigleshopping.ca\/wp-content\/uploads\/2025\/03\/cc297610-8280-4baf-a173-ebed42984362.jpg","datePublished":"2025-03-20T06:37:53+00:00","breadcrumb":{"@id":"https:\/\/aigleshopping.ca\/fr\/produit\/mens-winter-and-autumn-casual-v-neck-long-sleeve-sweater-henley-shirt-top\/#breadcrumb"},"inLanguage":"fr-FR","potentialAction":[{"@type":"ReadAction","target":["https:\/\/aigleshopping.ca\/fr\/produit\/mens-winter-and-autumn-casual-v-neck-long-sleeve-sweater-henley-shirt-top\/"]}]},{"@type":"ImageObject","inLanguage":"fr-FR","@id":"https:\/\/aigleshopping.ca\/fr\/produit\/mens-winter-and-autumn-casual-v-neck-long-sleeve-sweater-henley-shirt-top\/#primaryimage","url":"https:\/\/aigleshopping.ca\/wp-content\/uploads\/2025\/03\/cc297610-8280-4baf-a173-ebed42984362.jpg","contentUrl":"https:\/\/aigleshopping.ca\/wp-content\/uploads\/2025\/03\/cc297610-8280-4baf-a173-ebed42984362.jpg","width":1000,"height":1000},{"@type":"BreadcrumbList","@id":"https:\/\/aigleshopping.ca\/fr\/produit\/mens-winter-and-autumn-casual-v-neck-long-sleeve-sweater-henley-shirt-top\/#breadcrumb","itemListElement":[{"@type":"ListItem","position":1,"name":"Home","item":"https:\/\/aigleshopping.ca\/fr\/home\/"},{"@type":"ListItem","position":2,"name":"Products","item":"https:\/\/aigleshopping.ca\/shop\/"},{"@type":"ListItem","position":3,"name":"Men&#8217;s Winter And Autumn Casual V-neck Long Sleeve Sweater Henley Shirt Top"}]},{"@type":"WebSite","@id":"https:\/\/aigleshopping.ca\/#website","url":"https:\/\/aigleshopping.ca\/","name":"Aigle Shopping Canada","description":"Au-del\u00e0 des fronti\u00e8res, pour vous offrir le\u00a0meilleur!","publisher":{"@id":"https:\/\/aigleshopping.ca\/#organization"},"potentialAction":[{"@type":"SearchAction","target":{"@type":"EntryPoint","urlTemplate":"https:\/\/aigleshopping.ca\/?s={search_term_string}"},"query-input":{"@type":"PropertyValueSpecification","valueRequired":true,"valueName":"search_term_string"}}],"inLanguage":"fr-FR"},{"@type":"Organization","@id":"https:\/\/aigleshopping.ca\/#organization","name":"Aigle Shopping Canada","url":"https:\/\/aigleshopping.ca\/","logo":{"@type":"ImageObject","inLanguage":"fr-FR","@id":"https:\/\/aigleshopping.ca\/#\/schema\/logo\/image\/","url":"https:\/\/aigleshopping.ca\/wp-content\/uploads\/2025\/12\/logo_aigleshopping_ca.png","contentUrl":"https:\/\/aigleshopping.ca\/wp-content\/uploads\/2025\/12\/logo_aigleshopping_ca.png","width":800,"height":233,"caption":"Aigle Shopping Canada"},"image":{"@id":"https:\/\/aigleshopping.ca\/#\/schema\/logo\/image\/"}}]}},"jetpack_sharing_enabled":true,"_links":{"self":[{"href":"https:\/\/aigleshopping.ca\/fr\/wp-json\/wp\/v2\/product\/31697","targetHints":{"allow":["GET"]}}],"collection":[{"href":"https:\/\/aigleshopping.ca\/fr\/wp-json\/wp\/v2\/product"}],"about":[{"href":"https:\/\/aigleshopping.ca\/fr\/wp-json\/wp\/v2\/types\/product"}],"replies":[{"embeddable":true,"href":"https:\/\/aigleshopping.ca\/fr\/wp-json\/wp\/v2\/comments?post=31697"}],"wp:featuredmedia":[{"embeddable":true,"href":"https:\/\/aigleshopping.ca\/fr\/wp-json\/wp\/v2\/media\/26575"}],"wp:attachment":[{"href":"https:\/\/aigleshopping.ca\/fr\/wp-json\/wp\/v2\/media?parent=31697"}],"wp:term":[{"taxonomy":"product_brand","embeddable":true,"href":"https:\/\/aigleshopping.ca\/fr\/wp-json\/wp\/v2\/product_brand?post=31697"},{"taxonomy":"product_cat","embeddable":true,"href":"https:\/\/aigleshopping.ca\/fr\/wp-json\/wp\/v2\/product_cat?post=31697"},{"taxonomy":"product_tag","embeddable":true,"href":"https:\/\/aigleshopping.ca\/fr\/wp-json\/wp\/v2\/product_tag?post=31697"}],"curies":[{"name":"wp","href":"https:\/\/api.w.org\/{rel}","templated":true}]}}