{"id":31708,"date":"2025-03-20T06:32:26","date_gmt":"2025-03-20T06:32:26","guid":{"rendered":"https:\/\/aigleshopping.ca\/produit\/gilet-sans-manches-pour-hommes-couleur-unie-et-col-en-v-decontracte\/"},"modified":"2025-03-20T06:32:26","modified_gmt":"2025-03-20T06:32:26","slug":"gilet-sans-manches-pour-hommes-couleur-unie-et-col-en-v-decontracte","status":"publish","type":"product","link":"https:\/\/aigleshopping.ca\/fr\/produit\/gilet-sans-manches-pour-hommes-couleur-unie-et-col-en-v-decontracte\/","title":{"rendered":"Gilet sans manches pour hommes Couleur unie et col en V d\u00e9contract\u00e9"},"content":{"rendered":"<p> <b>Informations sur le produit :<\/b> <br \/> Couleur : gris clair, rouge vin, noir, bleu marine, camel <br \/> Taille : M, L, XL, XXL, XXXL <br \/> \u00c9paisseur : fine <br \/> Longueur des manches : sans manches <br \/> Style : affaires l\u00e9g\u00e8res <br \/> Traitement : Aucun   <\/p>\n<p><b>Taille :<\/b><br \/>\n<br \/> <br \/>\n<img decoding=\"async\" src=\"https:\/\/oss-cf.cjdropshipping.com\/product\/2024\/12\/12\/08\/2afba98e-dc39-42f7-b22e-6ae5afefc3aa_fine.jpeg\"><br \/>\n<img decoding=\"async\" src=\"https:\/\/oss-cf.cjdropshipping.com\/product\/2024\/12\/12\/08\/7f505959-98f8-4351-82fb-18798bd3d0ee_fine.jpeg\"><br \/>\n<b>Note :<\/b> 1. les tailles asiatiques sont 1 \u00e0 2 tailles plus petites que les tailles europ\u00e9ennes et am\u00e9ricaines. Choisissez la taille la plus grande si votre taille se situe entre deux tailles. Veuillez tenir compte d&rsquo;une diff\u00e9rence de 2 \u00e0 3 cm due aux mesures manuelles. 2. Si vous ne savez pas comment choisir votre taille, veuillez contacter notre service client\u00e8le. 3) Comme vous le savez, les ordinateurs affichent les couleurs diff\u00e9remment, la couleur de l&rsquo;article r\u00e9el peut varier l\u00e9g\u00e8rement par rapport aux images suivantes.<br \/>\n<br \/> <br \/>\n<b>Liste d&#8217;emballage :  <\/b><br \/>\n<br \/>  Pull x1 pi\u00e8ces<br \/>\n<br \/> <br \/>\n<b>Image du produit :<\/b><br \/>\n<br \/> <br \/>\n<img decoding=\"async\" src=\"https:\/\/cf.cjdropshipping.com\/quick\/product\/7cb94ca2-7ee3-4b55-a05f-c4576832b868.jpg\"><br \/>\n<img decoding=\"async\" src=\"https:\/\/cf.cjdropshipping.com\/quick\/product\/8d02fb29-38cd-4c4b-8ce8-28f567e0a673.jpg\"><br \/>\n<img decoding=\"async\" src=\"https:\/\/cf.cjdropshipping.com\/quick\/product\/6461bb29-833a-4154-96b9-96e6fa67e22d.jpg\"><br \/>\n<img decoding=\"async\" src=\"https:\/\/cf.cjdropshipping.com\/quick\/product\/be4b20ee-8621-4c51-9f70-7c9c73999d25.jpg\"><br \/>\n<img decoding=\"async\" src=\"https:\/\/cf.cjdropshipping.com\/quick\/product\/45ec27ae-1d43-4435-bb19-8f3eb50fadb9.jpg\"><br \/>\n<img decoding=\"async\" src=\"https:\/\/cf.cjdropshipping.com\/quick\/product\/130058c6-dc39-4fae-ab9c-3e73eba71e01.jpg\"><br \/>\n<img decoding=\"async\" src=\"https:\/\/cf.cjdropshipping.com\/quick\/product\/a18fed84-703e-4c3e-ba7b-f7945cce74a5.jpg\"><br \/>\n<img decoding=\"async\" src=\"https:\/\/cf.cjdropshipping.com\/quick\/product\/ee249af7-0ae4-4e11-bb5f-21a6d8a12543.jpg\"><br \/>\n<img decoding=\"async\" src=\"https:\/\/cf.cjdropshipping.com\/quick\/product\/8b1480fe-f653-4b7b-b778-fc249ca56f9c.jpg\"><br \/>\n<img decoding=\"async\" src=\"https:\/\/cf.cjdropshipping.com\/quick\/product\/d13ce879-4389-4d21-87e0-44d829f1f5ce.jpg\"><br \/>\n<img decoding=\"async\" src=\"https:\/\/cf.cjdropshipping.com\/quick\/product\/f431ece5-c0bf-4b10-9000-625c91fa85fd.jpg\"><br \/>\n<img decoding=\"async\" src=\"https:\/\/cf.cjdropshipping.com\/quick\/product\/395d8c0b-f5e5-4001-8f2c-384466311ce1.jpg\"><br \/>\n<img decoding=\"async\" src=\"https:\/\/cf.cjdropshipping.com\/quick\/product\/283f55a5-b74a-423c-af56-1f7ccd4b7dd7.jpg\"><br \/>\n<img decoding=\"async\" src=\"https:\/\/cf.cjdropshipping.com\/quick\/product\/d6037dd4-df36-47ee-8622-c7fbaf780053.jpg\"><br \/>\n<img decoding=\"async\" src=\"https:\/\/cf.cjdropshipping.com\/quick\/product\/0730b689-f234-47d5-9e3b-b2dce5c69fe7.jpg\"><br \/>\n<img decoding=\"async\" src=\"https:\/\/cf.cjdropshipping.com\/quick\/product\/d4530f37-ca14-41aa-967d-560851e2a041.jpg\"><br \/>\n<img decoding=\"async\" src=\"https:\/\/cf.cjdropshipping.com\/quick\/product\/2e10d85b-daa8-4ed5-a8a1-9d3cf0753d0c.jpg\"><\/p>\n","protected":false},"excerpt":{"rendered":"<p>Informations sur le produit : Couleur : gris clair, rouge vin, noir, bleu marine, camel Taille : M, L, XL, XXL, XXXL \u00c9paisseur : fine Longueur des manches : sans manches Style : affaires l\u00e9g\u00e8res Traitement : Aucun Taille : Note : 1. les tailles asiatiques sont 1 \u00e0 2 tailles plus petites que les [&hellip;]<\/p>\n","protected":false},"featured_media":26294,"comment_status":"open","ping_status":"closed","template":"","meta":{"content-type":""},"product_brand":[],"product_cat":[691],"product_tag":[],"class_list":{"0":"post-31708","1":"product","2":"type-product","3":"status-publish","4":"has-post-thumbnail","6":"product_cat-sweatshirt-fr-2","8":"first","9":"instock","10":"taxable","11":"shipping-taxable","12":"purchasable","13":"product-type-variable","14":"add-to-wishlist-after_add_to_cart"},"yoast_head":"<!-- This site is optimized with the Yoast SEO plugin v27.4 - https:\/\/yoast.com\/product\/yoast-seo-wordpress\/ -->\n<title>Gilet sans manches pour hommes Couleur unie et col en V d\u00e9contract\u00e9 - Aigle Shopping Canada<\/title>\n<meta name=\"robots\" content=\"index, follow, max-snippet:-1, max-image-preview:large, max-video-preview:-1\" \/>\n<link rel=\"canonical\" href=\"https:\/\/aigleshopping.ca\/fr\/produit\/gilet-sans-manches-pour-hommes-couleur-unie-et-col-en-v-decontracte\/\" \/>\n<meta property=\"og:locale\" content=\"fr_FR\" \/>\n<meta property=\"og:type\" content=\"article\" \/>\n<meta property=\"og:title\" content=\"Gilet sans manches pour hommes Couleur unie et col en V d\u00e9contract\u00e9 - Aigle Shopping Canada\" \/>\n<meta property=\"og:description\" content=\"Informations sur le produit : Couleur : gris clair, rouge vin, noir, bleu marine, camel Taille : M, L, XL, XXL, XXXL \u00c9paisseur : fine Longueur des manches : sans manches Style : affaires l\u00e9g\u00e8res Traitement : Aucun Taille : Note : 1. les tailles asiatiques sont 1 \u00e0 2 tailles plus petites que les [&hellip;]\" \/>\n<meta property=\"og:url\" content=\"https:\/\/aigleshopping.ca\/fr\/produit\/gilet-sans-manches-pour-hommes-couleur-unie-et-col-en-v-decontracte\/\" \/>\n<meta property=\"og:site_name\" content=\"Aigle Shopping Canada\" \/>\n<meta property=\"og:image\" content=\"https:\/\/aigleshopping.ca\/wp-content\/uploads\/2025\/03\/8b1480fe-f653-4b7b-b778-fc249ca56f9c.jpg\" \/>\n\t<meta property=\"og:image:width\" content=\"640\" \/>\n\t<meta property=\"og:image:height\" content=\"640\" \/>\n\t<meta property=\"og:image:type\" content=\"image\/jpeg\" \/>\n<meta name=\"twitter:card\" content=\"summary_large_image\" \/>\n<meta name=\"twitter:label1\" content=\"Dur\u00e9e de lecture estim\u00e9e\" \/>\n\t<meta name=\"twitter:data1\" content=\"1 minute\" \/>\n<script type=\"application\/ld+json\" class=\"yoast-schema-graph\">{\"@context\":\"https:\\\/\\\/schema.org\",\"@graph\":[{\"@type\":\"WebPage\",\"@id\":\"https:\\\/\\\/aigleshopping.ca\\\/fr\\\/produit\\\/gilet-sans-manches-pour-hommes-couleur-unie-et-col-en-v-decontracte\\\/\",\"url\":\"https:\\\/\\\/aigleshopping.ca\\\/fr\\\/produit\\\/gilet-sans-manches-pour-hommes-couleur-unie-et-col-en-v-decontracte\\\/\",\"name\":\"Gilet sans manches pour hommes Couleur unie et col en V d\u00e9contract\u00e9 - Aigle Shopping Canada\",\"isPartOf\":{\"@id\":\"https:\\\/\\\/aigleshopping.ca\\\/#website\"},\"primaryImageOfPage\":{\"@id\":\"https:\\\/\\\/aigleshopping.ca\\\/fr\\\/produit\\\/gilet-sans-manches-pour-hommes-couleur-unie-et-col-en-v-decontracte\\\/#primaryimage\"},\"image\":{\"@id\":\"https:\\\/\\\/aigleshopping.ca\\\/fr\\\/produit\\\/gilet-sans-manches-pour-hommes-couleur-unie-et-col-en-v-decontracte\\\/#primaryimage\"},\"thumbnailUrl\":\"https:\\\/\\\/aigleshopping.ca\\\/wp-content\\\/uploads\\\/2025\\\/03\\\/8b1480fe-f653-4b7b-b778-fc249ca56f9c.jpg\",\"datePublished\":\"2025-03-20T06:32:26+00:00\",\"breadcrumb\":{\"@id\":\"https:\\\/\\\/aigleshopping.ca\\\/fr\\\/produit\\\/gilet-sans-manches-pour-hommes-couleur-unie-et-col-en-v-decontracte\\\/#breadcrumb\"},\"inLanguage\":\"fr-FR\",\"potentialAction\":[{\"@type\":\"ReadAction\",\"target\":[\"https:\\\/\\\/aigleshopping.ca\\\/fr\\\/produit\\\/gilet-sans-manches-pour-hommes-couleur-unie-et-col-en-v-decontracte\\\/\"]}]},{\"@type\":\"ImageObject\",\"inLanguage\":\"fr-FR\",\"@id\":\"https:\\\/\\\/aigleshopping.ca\\\/fr\\\/produit\\\/gilet-sans-manches-pour-hommes-couleur-unie-et-col-en-v-decontracte\\\/#primaryimage\",\"url\":\"https:\\\/\\\/aigleshopping.ca\\\/wp-content\\\/uploads\\\/2025\\\/03\\\/8b1480fe-f653-4b7b-b778-fc249ca56f9c.jpg\",\"contentUrl\":\"https:\\\/\\\/aigleshopping.ca\\\/wp-content\\\/uploads\\\/2025\\\/03\\\/8b1480fe-f653-4b7b-b778-fc249ca56f9c.jpg\",\"width\":640,\"height\":640},{\"@type\":\"BreadcrumbList\",\"@id\":\"https:\\\/\\\/aigleshopping.ca\\\/fr\\\/produit\\\/gilet-sans-manches-pour-hommes-couleur-unie-et-col-en-v-decontracte\\\/#breadcrumb\",\"itemListElement\":[{\"@type\":\"ListItem\",\"position\":1,\"name\":\"Home\",\"item\":\"https:\\\/\\\/aigleshopping.ca\\\/fr\\\/home\\\/\"},{\"@type\":\"ListItem\",\"position\":2,\"name\":\"Products\",\"item\":\"https:\\\/\\\/aigleshopping.ca\\\/shop\\\/\"},{\"@type\":\"ListItem\",\"position\":3,\"name\":\"Gilet sans manches pour hommes Couleur unie et col en V d\u00e9contract\u00e9\"}]},{\"@type\":\"WebSite\",\"@id\":\"https:\\\/\\\/aigleshopping.ca\\\/#website\",\"url\":\"https:\\\/\\\/aigleshopping.ca\\\/\",\"name\":\"Aigle Shopping Canada\",\"description\":\"Au-del\u00e0 des fronti\u00e8res, pour vous offrir le\u00a0meilleur!\",\"publisher\":{\"@id\":\"https:\\\/\\\/aigleshopping.ca\\\/#organization\"},\"potentialAction\":[{\"@type\":\"SearchAction\",\"target\":{\"@type\":\"EntryPoint\",\"urlTemplate\":\"https:\\\/\\\/aigleshopping.ca\\\/?s={search_term_string}\"},\"query-input\":{\"@type\":\"PropertyValueSpecification\",\"valueRequired\":true,\"valueName\":\"search_term_string\"}}],\"inLanguage\":\"fr-FR\"},{\"@type\":\"Organization\",\"@id\":\"https:\\\/\\\/aigleshopping.ca\\\/#organization\",\"name\":\"Aigle Shopping Canada\",\"url\":\"https:\\\/\\\/aigleshopping.ca\\\/\",\"logo\":{\"@type\":\"ImageObject\",\"inLanguage\":\"fr-FR\",\"@id\":\"https:\\\/\\\/aigleshopping.ca\\\/#\\\/schema\\\/logo\\\/image\\\/\",\"url\":\"https:\\\/\\\/aigleshopping.ca\\\/wp-content\\\/uploads\\\/2025\\\/12\\\/logo_aigleshopping_ca.png\",\"contentUrl\":\"https:\\\/\\\/aigleshopping.ca\\\/wp-content\\\/uploads\\\/2025\\\/12\\\/logo_aigleshopping_ca.png\",\"width\":800,\"height\":233,\"caption\":\"Aigle Shopping Canada\"},\"image\":{\"@id\":\"https:\\\/\\\/aigleshopping.ca\\\/#\\\/schema\\\/logo\\\/image\\\/\"}}]}<\/script>\n<!-- \/ Yoast SEO plugin. -->","yoast_head_json":{"title":"Gilet sans manches pour hommes Couleur unie et col en V d\u00e9contract\u00e9 - Aigle Shopping Canada","robots":{"index":"index","follow":"follow","max-snippet":"max-snippet:-1","max-image-preview":"max-image-preview:large","max-video-preview":"max-video-preview:-1"},"canonical":"https:\/\/aigleshopping.ca\/fr\/produit\/gilet-sans-manches-pour-hommes-couleur-unie-et-col-en-v-decontracte\/","og_locale":"fr_FR","og_type":"article","og_title":"Gilet sans manches pour hommes Couleur unie et col en V d\u00e9contract\u00e9 - Aigle Shopping Canada","og_description":"Informations sur le produit : Couleur : gris clair, rouge vin, noir, bleu marine, camel Taille : M, L, XL, XXL, XXXL \u00c9paisseur : fine Longueur des manches : sans manches Style : affaires l\u00e9g\u00e8res Traitement : Aucun Taille : Note : 1. les tailles asiatiques sont 1 \u00e0 2 tailles plus petites que les [&hellip;]","og_url":"https:\/\/aigleshopping.ca\/fr\/produit\/gilet-sans-manches-pour-hommes-couleur-unie-et-col-en-v-decontracte\/","og_site_name":"Aigle Shopping Canada","og_image":[{"width":640,"height":640,"url":"https:\/\/aigleshopping.ca\/wp-content\/uploads\/2025\/03\/8b1480fe-f653-4b7b-b778-fc249ca56f9c.jpg","type":"image\/jpeg"}],"twitter_card":"summary_large_image","twitter_misc":{"Dur\u00e9e de lecture estim\u00e9e":"1 minute"},"schema":{"@context":"https:\/\/schema.org","@graph":[{"@type":"WebPage","@id":"https:\/\/aigleshopping.ca\/fr\/produit\/gilet-sans-manches-pour-hommes-couleur-unie-et-col-en-v-decontracte\/","url":"https:\/\/aigleshopping.ca\/fr\/produit\/gilet-sans-manches-pour-hommes-couleur-unie-et-col-en-v-decontracte\/","name":"Gilet sans manches pour hommes Couleur unie et col en V d\u00e9contract\u00e9 - Aigle Shopping Canada","isPartOf":{"@id":"https:\/\/aigleshopping.ca\/#website"},"primaryImageOfPage":{"@id":"https:\/\/aigleshopping.ca\/fr\/produit\/gilet-sans-manches-pour-hommes-couleur-unie-et-col-en-v-decontracte\/#primaryimage"},"image":{"@id":"https:\/\/aigleshopping.ca\/fr\/produit\/gilet-sans-manches-pour-hommes-couleur-unie-et-col-en-v-decontracte\/#primaryimage"},"thumbnailUrl":"https:\/\/aigleshopping.ca\/wp-content\/uploads\/2025\/03\/8b1480fe-f653-4b7b-b778-fc249ca56f9c.jpg","datePublished":"2025-03-20T06:32:26+00:00","breadcrumb":{"@id":"https:\/\/aigleshopping.ca\/fr\/produit\/gilet-sans-manches-pour-hommes-couleur-unie-et-col-en-v-decontracte\/#breadcrumb"},"inLanguage":"fr-FR","potentialAction":[{"@type":"ReadAction","target":["https:\/\/aigleshopping.ca\/fr\/produit\/gilet-sans-manches-pour-hommes-couleur-unie-et-col-en-v-decontracte\/"]}]},{"@type":"ImageObject","inLanguage":"fr-FR","@id":"https:\/\/aigleshopping.ca\/fr\/produit\/gilet-sans-manches-pour-hommes-couleur-unie-et-col-en-v-decontracte\/#primaryimage","url":"https:\/\/aigleshopping.ca\/wp-content\/uploads\/2025\/03\/8b1480fe-f653-4b7b-b778-fc249ca56f9c.jpg","contentUrl":"https:\/\/aigleshopping.ca\/wp-content\/uploads\/2025\/03\/8b1480fe-f653-4b7b-b778-fc249ca56f9c.jpg","width":640,"height":640},{"@type":"BreadcrumbList","@id":"https:\/\/aigleshopping.ca\/fr\/produit\/gilet-sans-manches-pour-hommes-couleur-unie-et-col-en-v-decontracte\/#breadcrumb","itemListElement":[{"@type":"ListItem","position":1,"name":"Home","item":"https:\/\/aigleshopping.ca\/fr\/home\/"},{"@type":"ListItem","position":2,"name":"Products","item":"https:\/\/aigleshopping.ca\/shop\/"},{"@type":"ListItem","position":3,"name":"Gilet sans manches pour hommes Couleur unie et col en V d\u00e9contract\u00e9"}]},{"@type":"WebSite","@id":"https:\/\/aigleshopping.ca\/#website","url":"https:\/\/aigleshopping.ca\/","name":"Aigle Shopping Canada","description":"Au-del\u00e0 des fronti\u00e8res, pour vous offrir le\u00a0meilleur!","publisher":{"@id":"https:\/\/aigleshopping.ca\/#organization"},"potentialAction":[{"@type":"SearchAction","target":{"@type":"EntryPoint","urlTemplate":"https:\/\/aigleshopping.ca\/?s={search_term_string}"},"query-input":{"@type":"PropertyValueSpecification","valueRequired":true,"valueName":"search_term_string"}}],"inLanguage":"fr-FR"},{"@type":"Organization","@id":"https:\/\/aigleshopping.ca\/#organization","name":"Aigle Shopping Canada","url":"https:\/\/aigleshopping.ca\/","logo":{"@type":"ImageObject","inLanguage":"fr-FR","@id":"https:\/\/aigleshopping.ca\/#\/schema\/logo\/image\/","url":"https:\/\/aigleshopping.ca\/wp-content\/uploads\/2025\/12\/logo_aigleshopping_ca.png","contentUrl":"https:\/\/aigleshopping.ca\/wp-content\/uploads\/2025\/12\/logo_aigleshopping_ca.png","width":800,"height":233,"caption":"Aigle Shopping Canada"},"image":{"@id":"https:\/\/aigleshopping.ca\/#\/schema\/logo\/image\/"}}]}},"jetpack_sharing_enabled":true,"_links":{"self":[{"href":"https:\/\/aigleshopping.ca\/fr\/wp-json\/wp\/v2\/product\/31708","targetHints":{"allow":["GET"]}}],"collection":[{"href":"https:\/\/aigleshopping.ca\/fr\/wp-json\/wp\/v2\/product"}],"about":[{"href":"https:\/\/aigleshopping.ca\/fr\/wp-json\/wp\/v2\/types\/product"}],"replies":[{"embeddable":true,"href":"https:\/\/aigleshopping.ca\/fr\/wp-json\/wp\/v2\/comments?post=31708"}],"wp:featuredmedia":[{"embeddable":true,"href":"https:\/\/aigleshopping.ca\/fr\/wp-json\/wp\/v2\/media\/26294"}],"wp:attachment":[{"href":"https:\/\/aigleshopping.ca\/fr\/wp-json\/wp\/v2\/media?parent=31708"}],"wp:term":[{"taxonomy":"product_brand","embeddable":true,"href":"https:\/\/aigleshopping.ca\/fr\/wp-json\/wp\/v2\/product_brand?post=31708"},{"taxonomy":"product_cat","embeddable":true,"href":"https:\/\/aigleshopping.ca\/fr\/wp-json\/wp\/v2\/product_cat?post=31708"},{"taxonomy":"product_tag","embeddable":true,"href":"https:\/\/aigleshopping.ca\/fr\/wp-json\/wp\/v2\/product_tag?post=31708"}],"curies":[{"name":"wp","href":"https:\/\/api.w.org\/{rel}","templated":true}]}}