{"id":31748,"date":"2025-03-20T06:40:36","date_gmt":"2025-03-20T06:40:36","guid":{"rendered":"https:\/\/aigleshopping.ca\/produit\/new-mens-v-neck-sweater-fashion\/"},"modified":"2025-03-20T06:40:36","modified_gmt":"2025-03-20T06:40:36","slug":"new-mens-v-neck-sweater-fashion","status":"publish","type":"product","link":"https:\/\/aigleshopping.ca\/fr\/produit\/new-mens-v-neck-sweater-fashion\/","title":{"rendered":"New Men&rsquo;s V-neck Sweater Fashion"},"content":{"rendered":"<p> <b>Informations sur le produit :<\/b> <br \/> Couleur : blanc, bleu fonc\u00e9, grand rouge, bleu marine, noir, jaune gingembre, caramel, rouge vin, kaki, beige, vert fonc\u00e9, rose cuir, gris clair, bleu clair, vert frais, camel, gris moyen.  <br \/>  Convient aux personnes : Jeunes  <br \/>  Taille : M, S, L, XL, XXL, XXXL  <br \/>  Version : En vrac  <br \/>  Style : pull-over  <br \/>  \u00c9paisseur : ordinaire  <br \/>  Nom du tissu : m\u00e9lange de fibres chimiques  <br \/>  Sc\u00e9narios applicables : Quotidiennement  <br \/>  Personnes concern\u00e9es : Jeunes  <br \/>  Composition du tissu principal : fibre acrylique  <br \/>  Sexe applicable : Homme  <br \/>  Groupe d&rsquo;\u00e2ge concern\u00e9 : Adulte  <br \/>  Longueur des manches : manches longues  <br \/>  Saison appropri\u00e9e : printemps et automne  <br \/>  Style : commuting   <\/p>\n<p><b>Note :<\/b> 1. les tailles asiatiques sont 1 \u00e0 2 tailles plus petites que les tailles europ\u00e9ennes et am\u00e9ricaines. Choisissez la taille la plus grande si votre taille se situe entre deux tailles. Veuillez tenir compte d&rsquo;une diff\u00e9rence de 2 \u00e0 3 cm due aux mesures manuelles. 2. Si vous ne savez pas comment choisir votre taille, veuillez contacter notre service client\u00e8le. 3) Comme vous le savez, les ordinateurs affichent les couleurs diff\u00e9remment, la couleur de l&rsquo;article r\u00e9el peut varier l\u00e9g\u00e8rement par rapport aux images suivantes.<br \/>\n<br \/> <br \/>\n<b>Liste d&#8217;emballage :  <\/b><br \/>\n<br \/>  Pull *1<br \/>\n<br \/> <br \/>\n<b>Image du produit :<\/b><br \/>\n<br \/> <br \/>\n<img decoding=\"async\" src=\"https:\/\/oss-cf.cjdropshipping.com\/product\/2025\/02\/21\/07\/9ca35317-1826-40a2-bb8d-ba4621346993_trans.jpeg\"><br \/>\n<img decoding=\"async\" src=\"https:\/\/oss-cf.cjdropshipping.com\/product\/2025\/02\/21\/07\/94f2b98b-e77d-4750-bddc-65e4dfdf259b_trans.jpeg\"><br \/>\n<img decoding=\"async\" src=\"https:\/\/oss-cf.cjdropshipping.com\/product\/2025\/02\/21\/07\/058028b8-f04f-45c7-926c-b70afa0a1035_trans.jpeg\"><br \/>\n<img decoding=\"async\" src=\"https:\/\/oss-cf.cjdropshipping.com\/product\/2025\/02\/21\/07\/ead5b6df-aba0-431e-9a73-21d6a8f2924d_trans.jpeg\"><br \/>\n<img decoding=\"async\" src=\"https:\/\/oss-cf.cjdropshipping.com\/product\/2025\/02\/21\/07\/14550f27-0f15-4cbf-b988-1436016411d0_trans.jpeg\"><br \/>\n<img decoding=\"async\" src=\"https:\/\/oss-cf.cjdropshipping.com\/product\/2025\/02\/21\/07\/1eef84dc-4191-4bd1-9283-bcebc02c2210_trans.jpeg\"><br \/>\n<img decoding=\"async\" src=\"https:\/\/oss-cf.cjdropshipping.com\/product\/2025\/02\/21\/07\/4af7565f-a995-4677-bce3-8f84885a3bab_trans.jpeg\"><br \/>\n<img decoding=\"async\" src=\"https:\/\/oss-cf.cjdropshipping.com\/product\/2025\/02\/21\/07\/b58b67bb-2e87-4ac1-a908-347e3d1877c4_trans.jpeg\"><br \/>\n<img decoding=\"async\" src=\"https:\/\/oss-cf.cjdropshipping.com\/product\/2025\/02\/21\/07\/55dd67dc-4f3b-4d77-bf59-385b3a79c1a9_trans.jpeg\"><br \/>\n<img decoding=\"async\" src=\"https:\/\/oss-cf.cjdropshipping.com\/product\/2025\/02\/21\/07\/3ddacc07-2d6e-44d8-a617-7a4e3183fe2f_trans.jpeg\"><br \/>\n<img decoding=\"async\" src=\"https:\/\/oss-cf.cjdropshipping.com\/product\/2025\/02\/21\/07\/0f7930cd-709a-40c9-97f2-a210c592891e_trans.jpeg\"><br \/>\n<img decoding=\"async\" src=\"https:\/\/oss-cf.cjdropshipping.com\/product\/2025\/02\/21\/07\/4be10734-d2f5-4894-8dcf-f348a4fe950a_trans.jpeg\"><br \/>\n<img decoding=\"async\" src=\"https:\/\/oss-cf.cjdropshipping.com\/product\/2025\/02\/21\/07\/c95d8ee4-5a8a-48a5-889d-bf27922bfa57_trans.jpeg\"><br \/>\n<img decoding=\"async\" src=\"https:\/\/oss-cf.cjdropshipping.com\/product\/2025\/02\/21\/07\/44fc63cf-c5f8-4bc1-b6d9-41c61bc1c5ee_trans.jpeg\"><\/p>\n","protected":false},"excerpt":{"rendered":"<p>Informations sur le produit : Couleur : blanc, bleu fonc\u00e9, grand rouge, bleu marine, noir, jaune gingembre, caramel, rouge vin, kaki, beige, vert fonc\u00e9, rose cuir, gris clair, bleu clair, vert frais, camel, gris moyen. Convient aux personnes : Jeunes Taille : M, S, L, XL, XXL, XXXL Version : En vrac Style : pull-over [&hellip;]<\/p>\n","protected":false},"featured_media":26727,"comment_status":"open","ping_status":"closed","template":"","meta":{"content-type":""},"product_brand":[],"product_cat":[691],"product_tag":[],"class_list":{"0":"post-31748","1":"product","2":"type-product","3":"status-publish","4":"has-post-thumbnail","6":"product_cat-sweatshirt-fr-2","8":"first","9":"instock","10":"taxable","11":"shipping-taxable","12":"purchasable","13":"product-type-variable","14":"add-to-wishlist-after_add_to_cart"},"yoast_head":"<!-- This site is optimized with the Yoast SEO plugin v27.4 - https:\/\/yoast.com\/product\/yoast-seo-wordpress\/ -->\n<title>New Men&#039;s V-neck Sweater Fashion - Aigle Shopping Canada<\/title>\n<meta name=\"robots\" content=\"index, follow, max-snippet:-1, max-image-preview:large, max-video-preview:-1\" \/>\n<link rel=\"canonical\" href=\"https:\/\/aigleshopping.ca\/fr\/produit\/new-mens-v-neck-sweater-fashion\/\" \/>\n<meta property=\"og:locale\" content=\"fr_FR\" \/>\n<meta property=\"og:type\" content=\"article\" \/>\n<meta property=\"og:title\" content=\"New Men&#039;s V-neck Sweater Fashion - Aigle Shopping Canada\" \/>\n<meta property=\"og:description\" content=\"Informations sur le produit : Couleur : blanc, bleu fonc\u00e9, grand rouge, bleu marine, noir, jaune gingembre, caramel, rouge vin, kaki, beige, vert fonc\u00e9, rose cuir, gris clair, bleu clair, vert frais, camel, gris moyen. Convient aux personnes : Jeunes Taille : M, S, L, XL, XXL, XXXL Version : En vrac Style : pull-over [&hellip;]\" \/>\n<meta property=\"og:url\" content=\"https:\/\/aigleshopping.ca\/fr\/produit\/new-mens-v-neck-sweater-fashion\/\" \/>\n<meta property=\"og:site_name\" content=\"Aigle Shopping Canada\" \/>\n<meta property=\"og:image\" content=\"https:\/\/aigleshopping.ca\/wp-content\/uploads\/2025\/03\/974494a8-2464-41f6-9927-2db61f8bb44d.jpg\" \/>\n\t<meta property=\"og:image:width\" content=\"800\" \/>\n\t<meta property=\"og:image:height\" content=\"800\" \/>\n\t<meta property=\"og:image:type\" content=\"image\/jpeg\" \/>\n<meta name=\"twitter:card\" content=\"summary_large_image\" \/>\n<meta name=\"twitter:label1\" content=\"Dur\u00e9e de lecture estim\u00e9e\" \/>\n\t<meta name=\"twitter:data1\" content=\"1 minute\" \/>\n<script type=\"application\/ld+json\" class=\"yoast-schema-graph\">{\"@context\":\"https:\\\/\\\/schema.org\",\"@graph\":[{\"@type\":\"WebPage\",\"@id\":\"https:\\\/\\\/aigleshopping.ca\\\/fr\\\/produit\\\/new-mens-v-neck-sweater-fashion\\\/\",\"url\":\"https:\\\/\\\/aigleshopping.ca\\\/fr\\\/produit\\\/new-mens-v-neck-sweater-fashion\\\/\",\"name\":\"New Men's V-neck Sweater Fashion - Aigle Shopping Canada\",\"isPartOf\":{\"@id\":\"https:\\\/\\\/aigleshopping.ca\\\/#website\"},\"primaryImageOfPage\":{\"@id\":\"https:\\\/\\\/aigleshopping.ca\\\/fr\\\/produit\\\/new-mens-v-neck-sweater-fashion\\\/#primaryimage\"},\"image\":{\"@id\":\"https:\\\/\\\/aigleshopping.ca\\\/fr\\\/produit\\\/new-mens-v-neck-sweater-fashion\\\/#primaryimage\"},\"thumbnailUrl\":\"https:\\\/\\\/aigleshopping.ca\\\/wp-content\\\/uploads\\\/2025\\\/03\\\/974494a8-2464-41f6-9927-2db61f8bb44d.jpg\",\"datePublished\":\"2025-03-20T06:40:36+00:00\",\"breadcrumb\":{\"@id\":\"https:\\\/\\\/aigleshopping.ca\\\/fr\\\/produit\\\/new-mens-v-neck-sweater-fashion\\\/#breadcrumb\"},\"inLanguage\":\"fr-FR\",\"potentialAction\":[{\"@type\":\"ReadAction\",\"target\":[\"https:\\\/\\\/aigleshopping.ca\\\/fr\\\/produit\\\/new-mens-v-neck-sweater-fashion\\\/\"]}]},{\"@type\":\"ImageObject\",\"inLanguage\":\"fr-FR\",\"@id\":\"https:\\\/\\\/aigleshopping.ca\\\/fr\\\/produit\\\/new-mens-v-neck-sweater-fashion\\\/#primaryimage\",\"url\":\"https:\\\/\\\/aigleshopping.ca\\\/wp-content\\\/uploads\\\/2025\\\/03\\\/974494a8-2464-41f6-9927-2db61f8bb44d.jpg\",\"contentUrl\":\"https:\\\/\\\/aigleshopping.ca\\\/wp-content\\\/uploads\\\/2025\\\/03\\\/974494a8-2464-41f6-9927-2db61f8bb44d.jpg\",\"width\":800,\"height\":800},{\"@type\":\"BreadcrumbList\",\"@id\":\"https:\\\/\\\/aigleshopping.ca\\\/fr\\\/produit\\\/new-mens-v-neck-sweater-fashion\\\/#breadcrumb\",\"itemListElement\":[{\"@type\":\"ListItem\",\"position\":1,\"name\":\"Home\",\"item\":\"https:\\\/\\\/aigleshopping.ca\\\/fr\\\/home\\\/\"},{\"@type\":\"ListItem\",\"position\":2,\"name\":\"Products\",\"item\":\"https:\\\/\\\/aigleshopping.ca\\\/shop\\\/\"},{\"@type\":\"ListItem\",\"position\":3,\"name\":\"New Men&#8217;s V-neck Sweater Fashion\"}]},{\"@type\":\"WebSite\",\"@id\":\"https:\\\/\\\/aigleshopping.ca\\\/#website\",\"url\":\"https:\\\/\\\/aigleshopping.ca\\\/\",\"name\":\"Aigle Shopping Canada\",\"description\":\"Au-del\u00e0 des fronti\u00e8res, pour vous offrir le\u00a0meilleur!\",\"publisher\":{\"@id\":\"https:\\\/\\\/aigleshopping.ca\\\/#organization\"},\"potentialAction\":[{\"@type\":\"SearchAction\",\"target\":{\"@type\":\"EntryPoint\",\"urlTemplate\":\"https:\\\/\\\/aigleshopping.ca\\\/?s={search_term_string}\"},\"query-input\":{\"@type\":\"PropertyValueSpecification\",\"valueRequired\":true,\"valueName\":\"search_term_string\"}}],\"inLanguage\":\"fr-FR\"},{\"@type\":\"Organization\",\"@id\":\"https:\\\/\\\/aigleshopping.ca\\\/#organization\",\"name\":\"Aigle Shopping Canada\",\"url\":\"https:\\\/\\\/aigleshopping.ca\\\/\",\"logo\":{\"@type\":\"ImageObject\",\"inLanguage\":\"fr-FR\",\"@id\":\"https:\\\/\\\/aigleshopping.ca\\\/#\\\/schema\\\/logo\\\/image\\\/\",\"url\":\"https:\\\/\\\/aigleshopping.ca\\\/wp-content\\\/uploads\\\/2025\\\/12\\\/logo_aigleshopping_ca.png\",\"contentUrl\":\"https:\\\/\\\/aigleshopping.ca\\\/wp-content\\\/uploads\\\/2025\\\/12\\\/logo_aigleshopping_ca.png\",\"width\":800,\"height\":233,\"caption\":\"Aigle Shopping Canada\"},\"image\":{\"@id\":\"https:\\\/\\\/aigleshopping.ca\\\/#\\\/schema\\\/logo\\\/image\\\/\"}}]}<\/script>\n<!-- \/ Yoast SEO plugin. -->","yoast_head_json":{"title":"New Men's V-neck Sweater Fashion - Aigle Shopping Canada","robots":{"index":"index","follow":"follow","max-snippet":"max-snippet:-1","max-image-preview":"max-image-preview:large","max-video-preview":"max-video-preview:-1"},"canonical":"https:\/\/aigleshopping.ca\/fr\/produit\/new-mens-v-neck-sweater-fashion\/","og_locale":"fr_FR","og_type":"article","og_title":"New Men's V-neck Sweater Fashion - Aigle Shopping Canada","og_description":"Informations sur le produit : Couleur : blanc, bleu fonc\u00e9, grand rouge, bleu marine, noir, jaune gingembre, caramel, rouge vin, kaki, beige, vert fonc\u00e9, rose cuir, gris clair, bleu clair, vert frais, camel, gris moyen. Convient aux personnes : Jeunes Taille : M, S, L, XL, XXL, XXXL Version : En vrac Style : pull-over [&hellip;]","og_url":"https:\/\/aigleshopping.ca\/fr\/produit\/new-mens-v-neck-sweater-fashion\/","og_site_name":"Aigle Shopping Canada","og_image":[{"width":800,"height":800,"url":"https:\/\/aigleshopping.ca\/wp-content\/uploads\/2025\/03\/974494a8-2464-41f6-9927-2db61f8bb44d.jpg","type":"image\/jpeg"}],"twitter_card":"summary_large_image","twitter_misc":{"Dur\u00e9e de lecture estim\u00e9e":"1 minute"},"schema":{"@context":"https:\/\/schema.org","@graph":[{"@type":"WebPage","@id":"https:\/\/aigleshopping.ca\/fr\/produit\/new-mens-v-neck-sweater-fashion\/","url":"https:\/\/aigleshopping.ca\/fr\/produit\/new-mens-v-neck-sweater-fashion\/","name":"New Men's V-neck Sweater Fashion - Aigle Shopping Canada","isPartOf":{"@id":"https:\/\/aigleshopping.ca\/#website"},"primaryImageOfPage":{"@id":"https:\/\/aigleshopping.ca\/fr\/produit\/new-mens-v-neck-sweater-fashion\/#primaryimage"},"image":{"@id":"https:\/\/aigleshopping.ca\/fr\/produit\/new-mens-v-neck-sweater-fashion\/#primaryimage"},"thumbnailUrl":"https:\/\/aigleshopping.ca\/wp-content\/uploads\/2025\/03\/974494a8-2464-41f6-9927-2db61f8bb44d.jpg","datePublished":"2025-03-20T06:40:36+00:00","breadcrumb":{"@id":"https:\/\/aigleshopping.ca\/fr\/produit\/new-mens-v-neck-sweater-fashion\/#breadcrumb"},"inLanguage":"fr-FR","potentialAction":[{"@type":"ReadAction","target":["https:\/\/aigleshopping.ca\/fr\/produit\/new-mens-v-neck-sweater-fashion\/"]}]},{"@type":"ImageObject","inLanguage":"fr-FR","@id":"https:\/\/aigleshopping.ca\/fr\/produit\/new-mens-v-neck-sweater-fashion\/#primaryimage","url":"https:\/\/aigleshopping.ca\/wp-content\/uploads\/2025\/03\/974494a8-2464-41f6-9927-2db61f8bb44d.jpg","contentUrl":"https:\/\/aigleshopping.ca\/wp-content\/uploads\/2025\/03\/974494a8-2464-41f6-9927-2db61f8bb44d.jpg","width":800,"height":800},{"@type":"BreadcrumbList","@id":"https:\/\/aigleshopping.ca\/fr\/produit\/new-mens-v-neck-sweater-fashion\/#breadcrumb","itemListElement":[{"@type":"ListItem","position":1,"name":"Home","item":"https:\/\/aigleshopping.ca\/fr\/home\/"},{"@type":"ListItem","position":2,"name":"Products","item":"https:\/\/aigleshopping.ca\/shop\/"},{"@type":"ListItem","position":3,"name":"New Men&#8217;s V-neck Sweater Fashion"}]},{"@type":"WebSite","@id":"https:\/\/aigleshopping.ca\/#website","url":"https:\/\/aigleshopping.ca\/","name":"Aigle Shopping Canada","description":"Au-del\u00e0 des fronti\u00e8res, pour vous offrir le\u00a0meilleur!","publisher":{"@id":"https:\/\/aigleshopping.ca\/#organization"},"potentialAction":[{"@type":"SearchAction","target":{"@type":"EntryPoint","urlTemplate":"https:\/\/aigleshopping.ca\/?s={search_term_string}"},"query-input":{"@type":"PropertyValueSpecification","valueRequired":true,"valueName":"search_term_string"}}],"inLanguage":"fr-FR"},{"@type":"Organization","@id":"https:\/\/aigleshopping.ca\/#organization","name":"Aigle Shopping Canada","url":"https:\/\/aigleshopping.ca\/","logo":{"@type":"ImageObject","inLanguage":"fr-FR","@id":"https:\/\/aigleshopping.ca\/#\/schema\/logo\/image\/","url":"https:\/\/aigleshopping.ca\/wp-content\/uploads\/2025\/12\/logo_aigleshopping_ca.png","contentUrl":"https:\/\/aigleshopping.ca\/wp-content\/uploads\/2025\/12\/logo_aigleshopping_ca.png","width":800,"height":233,"caption":"Aigle Shopping Canada"},"image":{"@id":"https:\/\/aigleshopping.ca\/#\/schema\/logo\/image\/"}}]}},"jetpack_sharing_enabled":true,"_links":{"self":[{"href":"https:\/\/aigleshopping.ca\/fr\/wp-json\/wp\/v2\/product\/31748","targetHints":{"allow":["GET"]}}],"collection":[{"href":"https:\/\/aigleshopping.ca\/fr\/wp-json\/wp\/v2\/product"}],"about":[{"href":"https:\/\/aigleshopping.ca\/fr\/wp-json\/wp\/v2\/types\/product"}],"replies":[{"embeddable":true,"href":"https:\/\/aigleshopping.ca\/fr\/wp-json\/wp\/v2\/comments?post=31748"}],"wp:featuredmedia":[{"embeddable":true,"href":"https:\/\/aigleshopping.ca\/fr\/wp-json\/wp\/v2\/media\/26727"}],"wp:attachment":[{"href":"https:\/\/aigleshopping.ca\/fr\/wp-json\/wp\/v2\/media?parent=31748"}],"wp:term":[{"taxonomy":"product_brand","embeddable":true,"href":"https:\/\/aigleshopping.ca\/fr\/wp-json\/wp\/v2\/product_brand?post=31748"},{"taxonomy":"product_cat","embeddable":true,"href":"https:\/\/aigleshopping.ca\/fr\/wp-json\/wp\/v2\/product_cat?post=31748"},{"taxonomy":"product_tag","embeddable":true,"href":"https:\/\/aigleshopping.ca\/fr\/wp-json\/wp\/v2\/product_tag?post=31748"}],"curies":[{"name":"wp","href":"https:\/\/api.w.org\/{rel}","templated":true}]}}