{"id":31939,"date":"2025-03-20T05:55:44","date_gmt":"2025-03-20T05:55:44","guid":{"rendered":"https:\/\/aigleshopping.ca\/produit\/color-matching-knitted-v-neck-pullover-lazy-sweater-pull-over-paresseux-a-col-en-v\/"},"modified":"2025-03-20T05:55:44","modified_gmt":"2025-03-20T05:55:44","slug":"color-matching-knitted-v-neck-pullover-lazy-sweater-pull-over-paresseux-a-col-en-v","status":"publish","type":"product","link":"https:\/\/aigleshopping.ca\/fr\/produit\/color-matching-knitted-v-neck-pullover-lazy-sweater-pull-over-paresseux-a-col-en-v\/","title":{"rendered":"Color Matching Knitted V-neck Pullover Lazy Sweater (pull-over paresseux \u00e0 col en V)"},"content":{"rendered":"<p> <b>Informations sur le produit :<\/b> <br \/> Couleur : vert, gris fonc\u00e9, marron <br \/> Taille : M,L,XL <br \/> Style : slim fit <br \/> Style : pull-over <br \/> Nom du tissu : tricot\u00e9 <br \/> Style : College <br \/> Artisanat : fleur torsad\u00e9e  <\/p>\n<p><b>Note :<\/b> <\/p>\n<p>  1. Les tailles asiatiques sont 1 \u00e0 2 tailles plus petites que les tailles europ\u00e9ennes et am\u00e9ricaines. Choisissez la taille la plus grande si votre taille se situe entre deux tailles. Veuillez tenir compte d&rsquo;une diff\u00e9rence de 2 \u00e0 3 cm due aux mesures manuelles. 2. Si vous ne savez pas comment choisir votre taille, veuillez contacter notre service client\u00e8le. 3) Comme vous le savez, les ordinateurs affichent les couleurs diff\u00e9remment, la couleur de l&rsquo;article r\u00e9el peut varier l\u00e9g\u00e8rement par rapport aux images suivantes.      <\/p>\n<p> <br \/>\n<b>Liste d&#8217;emballage :  <\/b><br \/>\n<br \/>  Chandail*1<br \/>\n <\/p>\n<p><b>Image du produit :<\/b><br \/>\n<br \/> <br \/>\n<img decoding=\"async\" src=\"https:\/\/oss-cf.cjdropshipping.com\/product\/2025\/02\/06\/13\/d79c241e-fec9-4283-9ae9-56cbe40ae5e3.jpg\"><br \/>\n<img decoding=\"async\" src=\"https:\/\/cbu01.alicdn.com\/img\/ibank\/O1CN01EQweJw2NY9Nfs518a_!!3998529974-0-cib.jpg?__r__=1734504018511\"><br \/>\n<img decoding=\"async\" src=\"https:\/\/cbu01.alicdn.com\/img\/ibank\/O1CN016E2rDq2NY9NguoBue_!!3998529974-0-cib.jpg?__r__=1734504018511\"><br \/>\n<img decoding=\"async\" src=\"https:\/\/cbu01.alicdn.com\/img\/ibank\/O1CN01w3FDiI2NY9NhxK06D_!!3998529974-0-cib.jpg?__r__=1734504018512\"><br \/>\n<img decoding=\"async\" src=\"https:\/\/cbu01.alicdn.com\/img\/ibank\/O1CN01BvAwT52NY9Nh7rpMX_!!3998529974-0-cib.jpg?__r__=1734504018512\"><br \/>\n<img decoding=\"async\" src=\"https:\/\/cbu01.alicdn.com\/img\/ibank\/O1CN01iLUFw42NY9Newk2u8_!!3998529974-0-cib.jpg?__r__=1734504018511\"><br \/>\n<img decoding=\"async\" src=\"https:\/\/cbu01.alicdn.com\/img\/ibank\/O1CN01NBKe0G2NY9Nguikk5_!!3998529974-0-cib.jpg?__r__=1734504018511\"><br \/>\n<img decoding=\"async\" src=\"https:\/\/cbu01.alicdn.com\/img\/ibank\/O1CN01MALcSu2NY9NjWt1qr_!!3998529974-0-cib.jpg?__r__=1734504018512\"><br \/>\n<img decoding=\"async\" src=\"https:\/\/cbu01.alicdn.com\/img\/ibank\/O1CN01cV6RAr2NY9NhxQNS3_!!3998529974-0-cib.jpg?__r__=1734504018511\"><\/p>\n","protected":false},"excerpt":{"rendered":"<p>Informations sur le produit : Couleur : vert, gris fonc\u00e9, marron Taille : M,L,XL Style : slim fit Style : pull-over Nom du tissu : tricot\u00e9 Style : College Artisanat : fleur torsad\u00e9e Note : 1. Les tailles asiatiques sont 1 \u00e0 2 tailles plus petites que les tailles europ\u00e9ennes et am\u00e9ricaines. Choisissez la taille [&hellip;]<\/p>\n","protected":false},"featured_media":24209,"comment_status":"open","ping_status":"closed","template":"","meta":{"content-type":""},"product_brand":[],"product_cat":[691],"product_tag":[],"class_list":{"0":"post-31939","1":"product","2":"type-product","3":"status-publish","4":"has-post-thumbnail","6":"product_cat-sweatshirt-fr-2","8":"first","9":"instock","10":"taxable","11":"shipping-taxable","12":"purchasable","13":"product-type-variable","14":"add-to-wishlist-after_add_to_cart"},"yoast_head":"<!-- This site is optimized with the Yoast SEO plugin v27.4 - https:\/\/yoast.com\/product\/yoast-seo-wordpress\/ -->\n<title>Color Matching Knitted V-neck Pullover Lazy Sweater (pull-over paresseux \u00e0 col en V) - Aigle Shopping Canada<\/title>\n<meta name=\"robots\" content=\"index, follow, max-snippet:-1, max-image-preview:large, max-video-preview:-1\" \/>\n<link rel=\"canonical\" href=\"https:\/\/aigleshopping.ca\/fr\/produit\/color-matching-knitted-v-neck-pullover-lazy-sweater-pull-over-paresseux-a-col-en-v\/\" \/>\n<meta property=\"og:locale\" content=\"fr_FR\" \/>\n<meta property=\"og:type\" content=\"article\" \/>\n<meta property=\"og:title\" content=\"Color Matching Knitted V-neck Pullover Lazy Sweater (pull-over paresseux \u00e0 col en V) - Aigle Shopping Canada\" \/>\n<meta property=\"og:description\" content=\"Informations sur le produit : Couleur : vert, gris fonc\u00e9, marron Taille : M,L,XL Style : slim fit Style : pull-over Nom du tissu : tricot\u00e9 Style : College Artisanat : fleur torsad\u00e9e Note : 1. Les tailles asiatiques sont 1 \u00e0 2 tailles plus petites que les tailles europ\u00e9ennes et am\u00e9ricaines. Choisissez la taille [&hellip;]\" \/>\n<meta property=\"og:url\" content=\"https:\/\/aigleshopping.ca\/fr\/produit\/color-matching-knitted-v-neck-pullover-lazy-sweater-pull-over-paresseux-a-col-en-v\/\" \/>\n<meta property=\"og:site_name\" content=\"Aigle Shopping Canada\" \/>\n<meta property=\"og:image\" content=\"https:\/\/aigleshopping.ca\/wp-content\/uploads\/2025\/03\/O1CN016E2rDq2NY9NguoBue_3998529974-0-cib.jpg\" \/>\n\t<meta property=\"og:image:width\" content=\"800\" \/>\n\t<meta property=\"og:image:height\" content=\"800\" \/>\n\t<meta property=\"og:image:type\" content=\"image\/jpeg\" \/>\n<meta name=\"twitter:card\" content=\"summary_large_image\" \/>\n<meta name=\"twitter:label1\" content=\"Dur\u00e9e de lecture estim\u00e9e\" \/>\n\t<meta name=\"twitter:data1\" content=\"1 minute\" \/>\n<script type=\"application\/ld+json\" class=\"yoast-schema-graph\">{\"@context\":\"https:\\\/\\\/schema.org\",\"@graph\":[{\"@type\":\"WebPage\",\"@id\":\"https:\\\/\\\/aigleshopping.ca\\\/fr\\\/produit\\\/color-matching-knitted-v-neck-pullover-lazy-sweater-pull-over-paresseux-a-col-en-v\\\/\",\"url\":\"https:\\\/\\\/aigleshopping.ca\\\/fr\\\/produit\\\/color-matching-knitted-v-neck-pullover-lazy-sweater-pull-over-paresseux-a-col-en-v\\\/\",\"name\":\"Color Matching Knitted V-neck Pullover Lazy Sweater (pull-over paresseux \u00e0 col en V) - Aigle Shopping Canada\",\"isPartOf\":{\"@id\":\"https:\\\/\\\/aigleshopping.ca\\\/#website\"},\"primaryImageOfPage\":{\"@id\":\"https:\\\/\\\/aigleshopping.ca\\\/fr\\\/produit\\\/color-matching-knitted-v-neck-pullover-lazy-sweater-pull-over-paresseux-a-col-en-v\\\/#primaryimage\"},\"image\":{\"@id\":\"https:\\\/\\\/aigleshopping.ca\\\/fr\\\/produit\\\/color-matching-knitted-v-neck-pullover-lazy-sweater-pull-over-paresseux-a-col-en-v\\\/#primaryimage\"},\"thumbnailUrl\":\"https:\\\/\\\/aigleshopping.ca\\\/wp-content\\\/uploads\\\/2025\\\/03\\\/O1CN016E2rDq2NY9NguoBue_3998529974-0-cib.jpg\",\"datePublished\":\"2025-03-20T05:55:44+00:00\",\"breadcrumb\":{\"@id\":\"https:\\\/\\\/aigleshopping.ca\\\/fr\\\/produit\\\/color-matching-knitted-v-neck-pullover-lazy-sweater-pull-over-paresseux-a-col-en-v\\\/#breadcrumb\"},\"inLanguage\":\"fr-FR\",\"potentialAction\":[{\"@type\":\"ReadAction\",\"target\":[\"https:\\\/\\\/aigleshopping.ca\\\/fr\\\/produit\\\/color-matching-knitted-v-neck-pullover-lazy-sweater-pull-over-paresseux-a-col-en-v\\\/\"]}]},{\"@type\":\"ImageObject\",\"inLanguage\":\"fr-FR\",\"@id\":\"https:\\\/\\\/aigleshopping.ca\\\/fr\\\/produit\\\/color-matching-knitted-v-neck-pullover-lazy-sweater-pull-over-paresseux-a-col-en-v\\\/#primaryimage\",\"url\":\"https:\\\/\\\/aigleshopping.ca\\\/wp-content\\\/uploads\\\/2025\\\/03\\\/O1CN016E2rDq2NY9NguoBue_3998529974-0-cib.jpg\",\"contentUrl\":\"https:\\\/\\\/aigleshopping.ca\\\/wp-content\\\/uploads\\\/2025\\\/03\\\/O1CN016E2rDq2NY9NguoBue_3998529974-0-cib.jpg\",\"width\":800,\"height\":800},{\"@type\":\"BreadcrumbList\",\"@id\":\"https:\\\/\\\/aigleshopping.ca\\\/fr\\\/produit\\\/color-matching-knitted-v-neck-pullover-lazy-sweater-pull-over-paresseux-a-col-en-v\\\/#breadcrumb\",\"itemListElement\":[{\"@type\":\"ListItem\",\"position\":1,\"name\":\"Home\",\"item\":\"https:\\\/\\\/aigleshopping.ca\\\/fr\\\/home\\\/\"},{\"@type\":\"ListItem\",\"position\":2,\"name\":\"Products\",\"item\":\"https:\\\/\\\/aigleshopping.ca\\\/shop\\\/\"},{\"@type\":\"ListItem\",\"position\":3,\"name\":\"Color Matching Knitted V-neck Pullover Lazy Sweater (pull-over paresseux \u00e0 col en V)\"}]},{\"@type\":\"WebSite\",\"@id\":\"https:\\\/\\\/aigleshopping.ca\\\/#website\",\"url\":\"https:\\\/\\\/aigleshopping.ca\\\/\",\"name\":\"Aigle Shopping Canada\",\"description\":\"Au-del\u00e0 des fronti\u00e8res, pour vous offrir le\u00a0meilleur!\",\"publisher\":{\"@id\":\"https:\\\/\\\/aigleshopping.ca\\\/#organization\"},\"potentialAction\":[{\"@type\":\"SearchAction\",\"target\":{\"@type\":\"EntryPoint\",\"urlTemplate\":\"https:\\\/\\\/aigleshopping.ca\\\/?s={search_term_string}\"},\"query-input\":{\"@type\":\"PropertyValueSpecification\",\"valueRequired\":true,\"valueName\":\"search_term_string\"}}],\"inLanguage\":\"fr-FR\"},{\"@type\":\"Organization\",\"@id\":\"https:\\\/\\\/aigleshopping.ca\\\/#organization\",\"name\":\"Aigle Shopping Canada\",\"url\":\"https:\\\/\\\/aigleshopping.ca\\\/\",\"logo\":{\"@type\":\"ImageObject\",\"inLanguage\":\"fr-FR\",\"@id\":\"https:\\\/\\\/aigleshopping.ca\\\/#\\\/schema\\\/logo\\\/image\\\/\",\"url\":\"https:\\\/\\\/aigleshopping.ca\\\/wp-content\\\/uploads\\\/2025\\\/12\\\/logo_aigleshopping_ca.png\",\"contentUrl\":\"https:\\\/\\\/aigleshopping.ca\\\/wp-content\\\/uploads\\\/2025\\\/12\\\/logo_aigleshopping_ca.png\",\"width\":800,\"height\":233,\"caption\":\"Aigle Shopping Canada\"},\"image\":{\"@id\":\"https:\\\/\\\/aigleshopping.ca\\\/#\\\/schema\\\/logo\\\/image\\\/\"}}]}<\/script>\n<!-- \/ Yoast SEO plugin. -->","yoast_head_json":{"title":"Color Matching Knitted V-neck Pullover Lazy Sweater (pull-over paresseux \u00e0 col en V) - Aigle Shopping Canada","robots":{"index":"index","follow":"follow","max-snippet":"max-snippet:-1","max-image-preview":"max-image-preview:large","max-video-preview":"max-video-preview:-1"},"canonical":"https:\/\/aigleshopping.ca\/fr\/produit\/color-matching-knitted-v-neck-pullover-lazy-sweater-pull-over-paresseux-a-col-en-v\/","og_locale":"fr_FR","og_type":"article","og_title":"Color Matching Knitted V-neck Pullover Lazy Sweater (pull-over paresseux \u00e0 col en V) - Aigle Shopping Canada","og_description":"Informations sur le produit : Couleur : vert, gris fonc\u00e9, marron Taille : M,L,XL Style : slim fit Style : pull-over Nom du tissu : tricot\u00e9 Style : College Artisanat : fleur torsad\u00e9e Note : 1. Les tailles asiatiques sont 1 \u00e0 2 tailles plus petites que les tailles europ\u00e9ennes et am\u00e9ricaines. Choisissez la taille [&hellip;]","og_url":"https:\/\/aigleshopping.ca\/fr\/produit\/color-matching-knitted-v-neck-pullover-lazy-sweater-pull-over-paresseux-a-col-en-v\/","og_site_name":"Aigle Shopping Canada","og_image":[{"width":800,"height":800,"url":"https:\/\/aigleshopping.ca\/wp-content\/uploads\/2025\/03\/O1CN016E2rDq2NY9NguoBue_3998529974-0-cib.jpg","type":"image\/jpeg"}],"twitter_card":"summary_large_image","twitter_misc":{"Dur\u00e9e de lecture estim\u00e9e":"1 minute"},"schema":{"@context":"https:\/\/schema.org","@graph":[{"@type":"WebPage","@id":"https:\/\/aigleshopping.ca\/fr\/produit\/color-matching-knitted-v-neck-pullover-lazy-sweater-pull-over-paresseux-a-col-en-v\/","url":"https:\/\/aigleshopping.ca\/fr\/produit\/color-matching-knitted-v-neck-pullover-lazy-sweater-pull-over-paresseux-a-col-en-v\/","name":"Color Matching Knitted V-neck Pullover Lazy Sweater (pull-over paresseux \u00e0 col en V) - Aigle Shopping Canada","isPartOf":{"@id":"https:\/\/aigleshopping.ca\/#website"},"primaryImageOfPage":{"@id":"https:\/\/aigleshopping.ca\/fr\/produit\/color-matching-knitted-v-neck-pullover-lazy-sweater-pull-over-paresseux-a-col-en-v\/#primaryimage"},"image":{"@id":"https:\/\/aigleshopping.ca\/fr\/produit\/color-matching-knitted-v-neck-pullover-lazy-sweater-pull-over-paresseux-a-col-en-v\/#primaryimage"},"thumbnailUrl":"https:\/\/aigleshopping.ca\/wp-content\/uploads\/2025\/03\/O1CN016E2rDq2NY9NguoBue_3998529974-0-cib.jpg","datePublished":"2025-03-20T05:55:44+00:00","breadcrumb":{"@id":"https:\/\/aigleshopping.ca\/fr\/produit\/color-matching-knitted-v-neck-pullover-lazy-sweater-pull-over-paresseux-a-col-en-v\/#breadcrumb"},"inLanguage":"fr-FR","potentialAction":[{"@type":"ReadAction","target":["https:\/\/aigleshopping.ca\/fr\/produit\/color-matching-knitted-v-neck-pullover-lazy-sweater-pull-over-paresseux-a-col-en-v\/"]}]},{"@type":"ImageObject","inLanguage":"fr-FR","@id":"https:\/\/aigleshopping.ca\/fr\/produit\/color-matching-knitted-v-neck-pullover-lazy-sweater-pull-over-paresseux-a-col-en-v\/#primaryimage","url":"https:\/\/aigleshopping.ca\/wp-content\/uploads\/2025\/03\/O1CN016E2rDq2NY9NguoBue_3998529974-0-cib.jpg","contentUrl":"https:\/\/aigleshopping.ca\/wp-content\/uploads\/2025\/03\/O1CN016E2rDq2NY9NguoBue_3998529974-0-cib.jpg","width":800,"height":800},{"@type":"BreadcrumbList","@id":"https:\/\/aigleshopping.ca\/fr\/produit\/color-matching-knitted-v-neck-pullover-lazy-sweater-pull-over-paresseux-a-col-en-v\/#breadcrumb","itemListElement":[{"@type":"ListItem","position":1,"name":"Home","item":"https:\/\/aigleshopping.ca\/fr\/home\/"},{"@type":"ListItem","position":2,"name":"Products","item":"https:\/\/aigleshopping.ca\/shop\/"},{"@type":"ListItem","position":3,"name":"Color Matching Knitted V-neck Pullover Lazy Sweater (pull-over paresseux \u00e0 col en V)"}]},{"@type":"WebSite","@id":"https:\/\/aigleshopping.ca\/#website","url":"https:\/\/aigleshopping.ca\/","name":"Aigle Shopping Canada","description":"Au-del\u00e0 des fronti\u00e8res, pour vous offrir le\u00a0meilleur!","publisher":{"@id":"https:\/\/aigleshopping.ca\/#organization"},"potentialAction":[{"@type":"SearchAction","target":{"@type":"EntryPoint","urlTemplate":"https:\/\/aigleshopping.ca\/?s={search_term_string}"},"query-input":{"@type":"PropertyValueSpecification","valueRequired":true,"valueName":"search_term_string"}}],"inLanguage":"fr-FR"},{"@type":"Organization","@id":"https:\/\/aigleshopping.ca\/#organization","name":"Aigle Shopping Canada","url":"https:\/\/aigleshopping.ca\/","logo":{"@type":"ImageObject","inLanguage":"fr-FR","@id":"https:\/\/aigleshopping.ca\/#\/schema\/logo\/image\/","url":"https:\/\/aigleshopping.ca\/wp-content\/uploads\/2025\/12\/logo_aigleshopping_ca.png","contentUrl":"https:\/\/aigleshopping.ca\/wp-content\/uploads\/2025\/12\/logo_aigleshopping_ca.png","width":800,"height":233,"caption":"Aigle Shopping Canada"},"image":{"@id":"https:\/\/aigleshopping.ca\/#\/schema\/logo\/image\/"}}]}},"jetpack_sharing_enabled":true,"_links":{"self":[{"href":"https:\/\/aigleshopping.ca\/fr\/wp-json\/wp\/v2\/product\/31939","targetHints":{"allow":["GET"]}}],"collection":[{"href":"https:\/\/aigleshopping.ca\/fr\/wp-json\/wp\/v2\/product"}],"about":[{"href":"https:\/\/aigleshopping.ca\/fr\/wp-json\/wp\/v2\/types\/product"}],"replies":[{"embeddable":true,"href":"https:\/\/aigleshopping.ca\/fr\/wp-json\/wp\/v2\/comments?post=31939"}],"wp:featuredmedia":[{"embeddable":true,"href":"https:\/\/aigleshopping.ca\/fr\/wp-json\/wp\/v2\/media\/24209"}],"wp:attachment":[{"href":"https:\/\/aigleshopping.ca\/fr\/wp-json\/wp\/v2\/media?parent=31939"}],"wp:term":[{"taxonomy":"product_brand","embeddable":true,"href":"https:\/\/aigleshopping.ca\/fr\/wp-json\/wp\/v2\/product_brand?post=31939"},{"taxonomy":"product_cat","embeddable":true,"href":"https:\/\/aigleshopping.ca\/fr\/wp-json\/wp\/v2\/product_cat?post=31939"},{"taxonomy":"product_tag","embeddable":true,"href":"https:\/\/aigleshopping.ca\/fr\/wp-json\/wp\/v2\/product_tag?post=31939"}],"curies":[{"name":"wp","href":"https:\/\/api.w.org\/{rel}","templated":true}]}}