{"id":31973,"date":"2025-03-20T05:58:26","date_gmt":"2025-03-20T05:58:26","guid":{"rendered":"https:\/\/aigleshopping.ca\/produit\/pull-cardigan-a-double-fermeture-eclair-manteau-en-tricot-pour-hommes\/"},"modified":"2025-03-20T05:58:26","modified_gmt":"2025-03-20T05:58:26","slug":"pull-cardigan-a-double-fermeture-eclair-manteau-en-tricot-pour-hommes","status":"publish","type":"product","link":"https:\/\/aigleshopping.ca\/fr\/produit\/pull-cardigan-a-double-fermeture-eclair-manteau-en-tricot-pour-hommes\/","title":{"rendered":"Pull cardigan \u00e0 double fermeture \u00e9clair Manteau en tricot pour hommes"},"content":{"rendered":"<p> <b>Informations sur le produit :<\/b> <br \/> Couleur : gris, noir, kaki, abricot <br \/> Taille : M,L,XL,2XL,3XL <br \/> Version : Loose <br \/> \u00c9paisseur : regular <br \/> Nom du tissu : m\u00e9lange de coton <br \/> Composition principale du tissu : Fibre de polyester (polyester) <br \/> Sexe applicable : Homme <br \/> Longueur des manches : manches longues  <\/p>\n<p><b>Taille :<\/b><br \/>\n<br \/> <br \/>\n<img decoding=\"async\" src=\"https:\/\/oss-cf.cjdropshipping.com\/product\/2024\/11\/18\/10\/935ddee6-4a6e-40f5-938f-15fb33456904.jpg?x-oss-process=image\/quality,q_100\"> <\/p>\n<p><b>Note :<\/b> <\/p>\n<p>  1. Les tailles asiatiques sont 1 \u00e0 2 tailles plus petites que les tailles europ\u00e9ennes et am\u00e9ricaines. Choisissez la taille la plus grande si votre taille se situe entre deux tailles. Veuillez tenir compte d&rsquo;une diff\u00e9rence de 2 \u00e0 3 cm due aux mesures manuelles. 2. Si vous ne savez pas comment choisir votre taille, veuillez contacter notre service client\u00e8le. 3) Comme vous le savez, les ordinateurs affichent les couleurs diff\u00e9remment, la couleur de l&rsquo;article r\u00e9el peut varier l\u00e9g\u00e8rement par rapport aux images suivantes.      <\/p>\n<p> <br \/>\n<b>Liste d&#8217;emballage :  <\/b><br \/>\n<br \/>  1*Pull<br \/>\n <\/p>\n<p><b>Image du produit :<\/b><br \/>\n<br \/> <br \/>\n<img decoding=\"async\" src=\"https:\/\/oss-cf.cjdropshipping.com\/product\/2024\/11\/18\/10\/a3c30440-7276-41f2-9384-f0a4a5c6c3a2.jpg\"><br \/>\n<img decoding=\"async\" src=\"https:\/\/oss-cf.cjdropshipping.com\/product\/2024\/11\/18\/10\/83cd0161-04f8-4d0e-bd23-d3ce6c737c66_trans.jpeg\"><br \/>\n<img decoding=\"async\" src=\"https:\/\/oss-cf.cjdropshipping.com\/product\/2024\/11\/18\/10\/7c81015d-dc55-4a6e-b8fd-5b57c960fae1_trans.jpeg\"><br \/>\n<img decoding=\"async\" src=\"https:\/\/oss-cf.cjdropshipping.com\/product\/2024\/11\/18\/10\/fb43b8e0-8a0c-4308-8854-166a9d7a9b9e_trans.jpeg\"><br \/>\n<img decoding=\"async\" src=\"https:\/\/oss-cf.cjdropshipping.com\/product\/2024\/11\/18\/10\/a7839b4a-942f-4588-af2f-290bb8ddbdbd_trans.jpeg\"><br \/>\n<img decoding=\"async\" src=\"https:\/\/oss-cf.cjdropshipping.com\/product\/2024\/11\/18\/10\/d39abb67-e7ca-4bb5-8297-f42fe1654ae0_trans.jpeg\"><br \/>\n<img decoding=\"async\" src=\"https:\/\/oss-cf.cjdropshipping.com\/product\/2024\/11\/18\/10\/31eb68dc-f11e-4fc5-8410-1b5fe41bc85e.jpg\"><br \/>\n<img decoding=\"async\" src=\"https:\/\/oss-cf.cjdropshipping.com\/product\/2024\/11\/18\/10\/8e835b66-26e7-4f67-9b44-df0ffebbf0c4.jpg\"><br \/>\n<img decoding=\"async\" src=\"https:\/\/oss-cf.cjdropshipping.com\/product\/2024\/11\/18\/10\/b2603ff4-7483-4cdf-95e8-1d788321b6aa.jpg\"><br \/>\n<img decoding=\"async\" src=\"https:\/\/oss-cf.cjdropshipping.com\/product\/2024\/11\/18\/10\/1c6988dd-4db8-47c2-963f-1eb1f4425a78.jpg\"><br \/>\n<img decoding=\"async\" src=\"https:\/\/oss-cf.cjdropshipping.com\/product\/2024\/11\/18\/10\/585afa7e-a797-4582-a021-9187e2e44e06.jpg\"><br \/>\n<img decoding=\"async\" src=\"https:\/\/oss-cf.cjdropshipping.com\/product\/2024\/11\/18\/10\/e3454477-49ac-4e47-8a03-b656ec5ac001.jpg\"><br \/>\n<img decoding=\"async\" src=\"https:\/\/oss-cf.cjdropshipping.com\/product\/2024\/11\/18\/10\/49eb01f5-f890-45f7-b933-a10342c5935d.jpg\"><br \/>\n<img decoding=\"async\" src=\"https:\/\/oss-cf.cjdropshipping.com\/product\/2024\/11\/18\/10\/76f784f5-7e16-4068-a619-f9783d01a015.jpg\"><br \/>\n<img decoding=\"async\" src=\"https:\/\/oss-cf.cjdropshipping.com\/product\/2024\/11\/18\/10\/c3cec36d-607f-4692-8cc0-16f542e57e50.jpg\"><br \/>\n<img decoding=\"async\" src=\"https:\/\/oss-cf.cjdropshipping.com\/product\/2024\/11\/18\/10\/bc69759d-384e-425e-874e-f4b5dba21a05.jpg\"><br \/>\n<img decoding=\"async\" src=\"https:\/\/oss-cf.cjdropshipping.com\/product\/2024\/11\/18\/10\/4c85ef5b-70be-4d66-b806-20001c842e97.jpg\"><\/p>\n","protected":false},"excerpt":{"rendered":"<p>Informations sur le produit : Couleur : gris, noir, kaki, abricot Taille : M,L,XL,2XL,3XL Version : Loose \u00c9paisseur : regular Nom du tissu : m\u00e9lange de coton Composition principale du tissu : Fibre de polyester (polyester) Sexe applicable : Homme Longueur des manches : manches longues Taille : Note : 1. Les tailles asiatiques sont [&hellip;]<\/p>\n","protected":false},"featured_media":24303,"comment_status":"open","ping_status":"closed","template":"","meta":{"content-type":""},"product_brand":[],"product_cat":[691],"product_tag":[],"class_list":{"0":"post-31973","1":"product","2":"type-product","3":"status-publish","4":"has-post-thumbnail","6":"product_cat-sweatshirt-fr-2","8":"first","9":"instock","10":"taxable","11":"shipping-taxable","12":"purchasable","13":"product-type-variable","14":"add-to-wishlist-after_add_to_cart"},"yoast_head":"<!-- This site is optimized with the Yoast SEO plugin v27.4 - https:\/\/yoast.com\/product\/yoast-seo-wordpress\/ -->\n<title>Pull cardigan \u00e0 double fermeture \u00e9clair Manteau en tricot pour hommes - Aigle Shopping Canada<\/title>\n<meta name=\"robots\" content=\"index, follow, max-snippet:-1, max-image-preview:large, max-video-preview:-1\" \/>\n<link rel=\"canonical\" href=\"https:\/\/aigleshopping.ca\/fr\/produit\/pull-cardigan-a-double-fermeture-eclair-manteau-en-tricot-pour-hommes\/\" \/>\n<meta property=\"og:locale\" content=\"fr_FR\" \/>\n<meta property=\"og:type\" content=\"article\" \/>\n<meta property=\"og:title\" content=\"Pull cardigan \u00e0 double fermeture \u00e9clair Manteau en tricot pour hommes - Aigle Shopping Canada\" \/>\n<meta property=\"og:description\" content=\"Informations sur le produit : Couleur : gris, noir, kaki, abricot Taille : M,L,XL,2XL,3XL Version : Loose \u00c9paisseur : regular Nom du tissu : m\u00e9lange de coton Composition principale du tissu : Fibre de polyester (polyester) Sexe applicable : Homme Longueur des manches : manches longues Taille : Note : 1. Les tailles asiatiques sont [&hellip;]\" \/>\n<meta property=\"og:url\" content=\"https:\/\/aigleshopping.ca\/fr\/produit\/pull-cardigan-a-double-fermeture-eclair-manteau-en-tricot-pour-hommes\/\" \/>\n<meta property=\"og:site_name\" content=\"Aigle Shopping Canada\" \/>\n<meta property=\"og:image\" content=\"https:\/\/aigleshopping.ca\/wp-content\/uploads\/2025\/03\/891bd546-22aa-4726-9edd-71a15573ae59.jpg\" \/>\n\t<meta property=\"og:image:width\" content=\"800\" \/>\n\t<meta property=\"og:image:height\" content=\"800\" \/>\n\t<meta property=\"og:image:type\" content=\"image\/jpeg\" \/>\n<meta name=\"twitter:card\" content=\"summary_large_image\" \/>\n<meta name=\"twitter:label1\" content=\"Dur\u00e9e de lecture estim\u00e9e\" \/>\n\t<meta name=\"twitter:data1\" content=\"1 minute\" \/>\n<script type=\"application\/ld+json\" class=\"yoast-schema-graph\">{\"@context\":\"https:\\\/\\\/schema.org\",\"@graph\":[{\"@type\":\"WebPage\",\"@id\":\"https:\\\/\\\/aigleshopping.ca\\\/fr\\\/produit\\\/pull-cardigan-a-double-fermeture-eclair-manteau-en-tricot-pour-hommes\\\/\",\"url\":\"https:\\\/\\\/aigleshopping.ca\\\/fr\\\/produit\\\/pull-cardigan-a-double-fermeture-eclair-manteau-en-tricot-pour-hommes\\\/\",\"name\":\"Pull cardigan \u00e0 double fermeture \u00e9clair Manteau en tricot pour hommes - Aigle Shopping Canada\",\"isPartOf\":{\"@id\":\"https:\\\/\\\/aigleshopping.ca\\\/#website\"},\"primaryImageOfPage\":{\"@id\":\"https:\\\/\\\/aigleshopping.ca\\\/fr\\\/produit\\\/pull-cardigan-a-double-fermeture-eclair-manteau-en-tricot-pour-hommes\\\/#primaryimage\"},\"image\":{\"@id\":\"https:\\\/\\\/aigleshopping.ca\\\/fr\\\/produit\\\/pull-cardigan-a-double-fermeture-eclair-manteau-en-tricot-pour-hommes\\\/#primaryimage\"},\"thumbnailUrl\":\"https:\\\/\\\/aigleshopping.ca\\\/wp-content\\\/uploads\\\/2025\\\/03\\\/891bd546-22aa-4726-9edd-71a15573ae59.jpg\",\"datePublished\":\"2025-03-20T05:58:26+00:00\",\"breadcrumb\":{\"@id\":\"https:\\\/\\\/aigleshopping.ca\\\/fr\\\/produit\\\/pull-cardigan-a-double-fermeture-eclair-manteau-en-tricot-pour-hommes\\\/#breadcrumb\"},\"inLanguage\":\"fr-FR\",\"potentialAction\":[{\"@type\":\"ReadAction\",\"target\":[\"https:\\\/\\\/aigleshopping.ca\\\/fr\\\/produit\\\/pull-cardigan-a-double-fermeture-eclair-manteau-en-tricot-pour-hommes\\\/\"]}]},{\"@type\":\"ImageObject\",\"inLanguage\":\"fr-FR\",\"@id\":\"https:\\\/\\\/aigleshopping.ca\\\/fr\\\/produit\\\/pull-cardigan-a-double-fermeture-eclair-manteau-en-tricot-pour-hommes\\\/#primaryimage\",\"url\":\"https:\\\/\\\/aigleshopping.ca\\\/wp-content\\\/uploads\\\/2025\\\/03\\\/891bd546-22aa-4726-9edd-71a15573ae59.jpg\",\"contentUrl\":\"https:\\\/\\\/aigleshopping.ca\\\/wp-content\\\/uploads\\\/2025\\\/03\\\/891bd546-22aa-4726-9edd-71a15573ae59.jpg\",\"width\":800,\"height\":800},{\"@type\":\"BreadcrumbList\",\"@id\":\"https:\\\/\\\/aigleshopping.ca\\\/fr\\\/produit\\\/pull-cardigan-a-double-fermeture-eclair-manteau-en-tricot-pour-hommes\\\/#breadcrumb\",\"itemListElement\":[{\"@type\":\"ListItem\",\"position\":1,\"name\":\"Home\",\"item\":\"https:\\\/\\\/aigleshopping.ca\\\/fr\\\/home\\\/\"},{\"@type\":\"ListItem\",\"position\":2,\"name\":\"Products\",\"item\":\"https:\\\/\\\/aigleshopping.ca\\\/shop\\\/\"},{\"@type\":\"ListItem\",\"position\":3,\"name\":\"Pull cardigan \u00e0 double fermeture \u00e9clair Manteau en tricot pour hommes\"}]},{\"@type\":\"WebSite\",\"@id\":\"https:\\\/\\\/aigleshopping.ca\\\/#website\",\"url\":\"https:\\\/\\\/aigleshopping.ca\\\/\",\"name\":\"Aigle Shopping Canada\",\"description\":\"Au-del\u00e0 des fronti\u00e8res, pour vous offrir le\u00a0meilleur!\",\"publisher\":{\"@id\":\"https:\\\/\\\/aigleshopping.ca\\\/#organization\"},\"potentialAction\":[{\"@type\":\"SearchAction\",\"target\":{\"@type\":\"EntryPoint\",\"urlTemplate\":\"https:\\\/\\\/aigleshopping.ca\\\/?s={search_term_string}\"},\"query-input\":{\"@type\":\"PropertyValueSpecification\",\"valueRequired\":true,\"valueName\":\"search_term_string\"}}],\"inLanguage\":\"fr-FR\"},{\"@type\":\"Organization\",\"@id\":\"https:\\\/\\\/aigleshopping.ca\\\/#organization\",\"name\":\"Aigle Shopping Canada\",\"url\":\"https:\\\/\\\/aigleshopping.ca\\\/\",\"logo\":{\"@type\":\"ImageObject\",\"inLanguage\":\"fr-FR\",\"@id\":\"https:\\\/\\\/aigleshopping.ca\\\/#\\\/schema\\\/logo\\\/image\\\/\",\"url\":\"https:\\\/\\\/aigleshopping.ca\\\/wp-content\\\/uploads\\\/2025\\\/12\\\/logo_aigleshopping_ca.png\",\"contentUrl\":\"https:\\\/\\\/aigleshopping.ca\\\/wp-content\\\/uploads\\\/2025\\\/12\\\/logo_aigleshopping_ca.png\",\"width\":800,\"height\":233,\"caption\":\"Aigle Shopping Canada\"},\"image\":{\"@id\":\"https:\\\/\\\/aigleshopping.ca\\\/#\\\/schema\\\/logo\\\/image\\\/\"}}]}<\/script>\n<!-- \/ Yoast SEO plugin. -->","yoast_head_json":{"title":"Pull cardigan \u00e0 double fermeture \u00e9clair Manteau en tricot pour hommes - Aigle Shopping Canada","robots":{"index":"index","follow":"follow","max-snippet":"max-snippet:-1","max-image-preview":"max-image-preview:large","max-video-preview":"max-video-preview:-1"},"canonical":"https:\/\/aigleshopping.ca\/fr\/produit\/pull-cardigan-a-double-fermeture-eclair-manteau-en-tricot-pour-hommes\/","og_locale":"fr_FR","og_type":"article","og_title":"Pull cardigan \u00e0 double fermeture \u00e9clair Manteau en tricot pour hommes - Aigle Shopping Canada","og_description":"Informations sur le produit : Couleur : gris, noir, kaki, abricot Taille : M,L,XL,2XL,3XL Version : Loose \u00c9paisseur : regular Nom du tissu : m\u00e9lange de coton Composition principale du tissu : Fibre de polyester (polyester) Sexe applicable : Homme Longueur des manches : manches longues Taille : Note : 1. Les tailles asiatiques sont [&hellip;]","og_url":"https:\/\/aigleshopping.ca\/fr\/produit\/pull-cardigan-a-double-fermeture-eclair-manteau-en-tricot-pour-hommes\/","og_site_name":"Aigle Shopping Canada","og_image":[{"width":800,"height":800,"url":"https:\/\/aigleshopping.ca\/wp-content\/uploads\/2025\/03\/891bd546-22aa-4726-9edd-71a15573ae59.jpg","type":"image\/jpeg"}],"twitter_card":"summary_large_image","twitter_misc":{"Dur\u00e9e de lecture estim\u00e9e":"1 minute"},"schema":{"@context":"https:\/\/schema.org","@graph":[{"@type":"WebPage","@id":"https:\/\/aigleshopping.ca\/fr\/produit\/pull-cardigan-a-double-fermeture-eclair-manteau-en-tricot-pour-hommes\/","url":"https:\/\/aigleshopping.ca\/fr\/produit\/pull-cardigan-a-double-fermeture-eclair-manteau-en-tricot-pour-hommes\/","name":"Pull cardigan \u00e0 double fermeture \u00e9clair Manteau en tricot pour hommes - Aigle Shopping Canada","isPartOf":{"@id":"https:\/\/aigleshopping.ca\/#website"},"primaryImageOfPage":{"@id":"https:\/\/aigleshopping.ca\/fr\/produit\/pull-cardigan-a-double-fermeture-eclair-manteau-en-tricot-pour-hommes\/#primaryimage"},"image":{"@id":"https:\/\/aigleshopping.ca\/fr\/produit\/pull-cardigan-a-double-fermeture-eclair-manteau-en-tricot-pour-hommes\/#primaryimage"},"thumbnailUrl":"https:\/\/aigleshopping.ca\/wp-content\/uploads\/2025\/03\/891bd546-22aa-4726-9edd-71a15573ae59.jpg","datePublished":"2025-03-20T05:58:26+00:00","breadcrumb":{"@id":"https:\/\/aigleshopping.ca\/fr\/produit\/pull-cardigan-a-double-fermeture-eclair-manteau-en-tricot-pour-hommes\/#breadcrumb"},"inLanguage":"fr-FR","potentialAction":[{"@type":"ReadAction","target":["https:\/\/aigleshopping.ca\/fr\/produit\/pull-cardigan-a-double-fermeture-eclair-manteau-en-tricot-pour-hommes\/"]}]},{"@type":"ImageObject","inLanguage":"fr-FR","@id":"https:\/\/aigleshopping.ca\/fr\/produit\/pull-cardigan-a-double-fermeture-eclair-manteau-en-tricot-pour-hommes\/#primaryimage","url":"https:\/\/aigleshopping.ca\/wp-content\/uploads\/2025\/03\/891bd546-22aa-4726-9edd-71a15573ae59.jpg","contentUrl":"https:\/\/aigleshopping.ca\/wp-content\/uploads\/2025\/03\/891bd546-22aa-4726-9edd-71a15573ae59.jpg","width":800,"height":800},{"@type":"BreadcrumbList","@id":"https:\/\/aigleshopping.ca\/fr\/produit\/pull-cardigan-a-double-fermeture-eclair-manteau-en-tricot-pour-hommes\/#breadcrumb","itemListElement":[{"@type":"ListItem","position":1,"name":"Home","item":"https:\/\/aigleshopping.ca\/fr\/home\/"},{"@type":"ListItem","position":2,"name":"Products","item":"https:\/\/aigleshopping.ca\/shop\/"},{"@type":"ListItem","position":3,"name":"Pull cardigan \u00e0 double fermeture \u00e9clair Manteau en tricot pour hommes"}]},{"@type":"WebSite","@id":"https:\/\/aigleshopping.ca\/#website","url":"https:\/\/aigleshopping.ca\/","name":"Aigle Shopping Canada","description":"Au-del\u00e0 des fronti\u00e8res, pour vous offrir le\u00a0meilleur!","publisher":{"@id":"https:\/\/aigleshopping.ca\/#organization"},"potentialAction":[{"@type":"SearchAction","target":{"@type":"EntryPoint","urlTemplate":"https:\/\/aigleshopping.ca\/?s={search_term_string}"},"query-input":{"@type":"PropertyValueSpecification","valueRequired":true,"valueName":"search_term_string"}}],"inLanguage":"fr-FR"},{"@type":"Organization","@id":"https:\/\/aigleshopping.ca\/#organization","name":"Aigle Shopping Canada","url":"https:\/\/aigleshopping.ca\/","logo":{"@type":"ImageObject","inLanguage":"fr-FR","@id":"https:\/\/aigleshopping.ca\/#\/schema\/logo\/image\/","url":"https:\/\/aigleshopping.ca\/wp-content\/uploads\/2025\/12\/logo_aigleshopping_ca.png","contentUrl":"https:\/\/aigleshopping.ca\/wp-content\/uploads\/2025\/12\/logo_aigleshopping_ca.png","width":800,"height":233,"caption":"Aigle Shopping Canada"},"image":{"@id":"https:\/\/aigleshopping.ca\/#\/schema\/logo\/image\/"}}]}},"jetpack_sharing_enabled":true,"_links":{"self":[{"href":"https:\/\/aigleshopping.ca\/fr\/wp-json\/wp\/v2\/product\/31973","targetHints":{"allow":["GET"]}}],"collection":[{"href":"https:\/\/aigleshopping.ca\/fr\/wp-json\/wp\/v2\/product"}],"about":[{"href":"https:\/\/aigleshopping.ca\/fr\/wp-json\/wp\/v2\/types\/product"}],"replies":[{"embeddable":true,"href":"https:\/\/aigleshopping.ca\/fr\/wp-json\/wp\/v2\/comments?post=31973"}],"wp:featuredmedia":[{"embeddable":true,"href":"https:\/\/aigleshopping.ca\/fr\/wp-json\/wp\/v2\/media\/24303"}],"wp:attachment":[{"href":"https:\/\/aigleshopping.ca\/fr\/wp-json\/wp\/v2\/media?parent=31973"}],"wp:term":[{"taxonomy":"product_brand","embeddable":true,"href":"https:\/\/aigleshopping.ca\/fr\/wp-json\/wp\/v2\/product_brand?post=31973"},{"taxonomy":"product_cat","embeddable":true,"href":"https:\/\/aigleshopping.ca\/fr\/wp-json\/wp\/v2\/product_cat?post=31973"},{"taxonomy":"product_tag","embeddable":true,"href":"https:\/\/aigleshopping.ca\/fr\/wp-json\/wp\/v2\/product_tag?post=31973"}],"curies":[{"name":"wp","href":"https:\/\/api.w.org\/{rel}","templated":true}]}}