{"id":31994,"date":"2025-03-20T05:51:50","date_gmt":"2025-03-20T05:51:50","guid":{"rendered":"https:\/\/aigleshopping.ca\/produit\/gilet-decontracte-dage-moyen-a-col-en-v-pull-sans-manches\/"},"modified":"2025-03-20T05:51:50","modified_gmt":"2025-03-20T05:51:50","slug":"gilet-decontracte-dage-moyen-a-col-en-v-pull-sans-manches","status":"publish","type":"product","link":"https:\/\/aigleshopping.ca\/fr\/produit\/gilet-decontracte-dage-moyen-a-col-en-v-pull-sans-manches\/","title":{"rendered":"Gilet d\u00e9contract\u00e9 d&rsquo;\u00e2ge moyen \u00e0 col en V Pull sans manches"},"content":{"rendered":"<p> <b>Informations sur le produit :<\/b> <br \/> Motif : couleur unie <br \/> Couleur : bleu fonc\u00e9, gris \u00e9l\u00e9phant, noir, bleu fleur, gris clair, violet cachemire <br \/> Taille : S,M,L,XL,XXL,XXXL <br \/> Version : Regular <br \/> Style : pull-over <br \/> Epaisseur : ordinaire <br \/> Sc\u00e9narios d&rsquo;application : Loisirs <br \/> Personnes concern\u00e9es : Personnes d&rsquo;\u00e2ge moyen <br \/> Sexe applicable : Homme <br \/> Groupe d&rsquo;\u00e2ge concern\u00e9 : Adulte <br \/> Longueur des manches : manches longues <br \/> Saison appropri\u00e9e : Automne <br \/> Style : affaires l\u00e9g\u00e8res <br \/> Fabrication : collage\/couture   <\/p>\n<p><b>Taille :<\/b><br \/>\n<br \/> <br \/>\n<img decoding=\"async\" src=\"https:\/\/oss-cf.cjdropshipping.com\/product\/2025\/01\/15\/06\/0c699e21-75a1-4b98-9903-71bc7fd90983.jpeg?x-oss-process=image\/quality,q_100\"> <\/p>\n<p><b>Note :<\/b> <\/p>\n<p>  1. Les tailles asiatiques sont 1 \u00e0 2 tailles plus petites que les tailles europ\u00e9ennes et am\u00e9ricaines. Choisissez la taille la plus grande si votre taille se situe entre deux tailles. Veuillez tenir compte d&rsquo;une diff\u00e9rence de 2 \u00e0 3 cm due aux mesures manuelles. 2. Si vous ne savez pas comment choisir votre taille, veuillez contacter notre service client\u00e8le. 3) Comme vous le savez, les ordinateurs affichent les couleurs diff\u00e9remment, la couleur de l&rsquo;article r\u00e9el peut varier l\u00e9g\u00e8rement par rapport aux images suivantes.      <\/p>\n<p> <br \/>\n<b>Liste d&#8217;emballage :  <\/b><br \/>\n<br \/>  Chandail*1<br \/>\n <\/p>\n<p><b>Image du produit :<\/b><br \/>\n<br \/> <br \/>\n<img decoding=\"async\" src=\"https:\/\/oss-cf.cjdropshipping.com\/product\/2025\/01\/15\/06\/f9fac06a-2265-45b8-bd1e-e381f305f1d4_trans.jpeg\"><br \/>\n<img decoding=\"async\" src=\"https:\/\/oss-cf.cjdropshipping.com\/product\/2025\/01\/15\/06\/670af76c-eed3-4a81-830b-719d5db5ce38_trans.jpeg\"><br \/>\n<img decoding=\"async\" src=\"https:\/\/oss-cf.cjdropshipping.com\/product\/2025\/01\/15\/06\/c1009f04-5c3c-427a-b8ff-7a17ef67cd91_trans.jpeg\"><br \/>\n<img decoding=\"async\" src=\"https:\/\/oss-cf.cjdropshipping.com\/product\/2025\/01\/15\/06\/91441f89-3107-4fce-a89b-a56448fe57d3_trans.jpeg\"><br \/>\n<img decoding=\"async\" src=\"https:\/\/oss-cf.cjdropshipping.com\/product\/2025\/01\/15\/06\/751c5521-57fd-4dec-a54e-b73a26efe1c5_trans.jpeg\"><br \/>\n<img decoding=\"async\" src=\"https:\/\/oss-cf.cjdropshipping.com\/product\/2025\/01\/15\/06\/2ac72940-3063-4c6f-8e5b-17bffc3318d9_trans.jpeg\"><br \/>\n<img decoding=\"async\" src=\"https:\/\/oss-cf.cjdropshipping.com\/product\/2025\/01\/15\/06\/6c74aba9-f697-465c-8409-14b15db8a7c4_trans.jpeg\"><br \/>\n<img decoding=\"async\" src=\"https:\/\/oss-cf.cjdropshipping.com\/product\/2025\/01\/15\/06\/a295946e-140d-4d47-bdce-f18fddb3641f_trans.jpeg\"><br \/>\n<img decoding=\"async\" src=\"https:\/\/oss-cf.cjdropshipping.com\/product\/2025\/01\/15\/06\/b0be5d6b-7827-4332-b79a-1000dd97d0d3_trans.jpeg\"><br \/>\n<img decoding=\"async\" src=\"https:\/\/oss-cf.cjdropshipping.com\/product\/2025\/01\/15\/06\/857b2dfe-66aa-4041-a3ca-8d47a709d032_trans.jpeg\"><br \/>\n<img decoding=\"async\" src=\"https:\/\/oss-cf.cjdropshipping.com\/product\/2025\/01\/15\/06\/bf975e5e-9831-4e50-90d8-c77d3ba5deb7_trans.jpeg\"><br \/>\n<img decoding=\"async\" src=\"https:\/\/oss-cf.cjdropshipping.com\/product\/2025\/01\/15\/06\/e099f678-7b74-4450-aea4-649f70443827_trans.jpeg\"><br \/>\n<img decoding=\"async\" src=\"https:\/\/oss-cf.cjdropshipping.com\/product\/2025\/01\/15\/06\/65df3a62-dbad-4951-8401-b2f31d1b112b_trans.jpeg\"><br \/>\n<img decoding=\"async\" src=\"https:\/\/oss-cf.cjdropshipping.com\/product\/2025\/01\/15\/06\/17180f6e-3525-42d7-a2b3-29f0be8227a6_trans.jpeg\"><br \/>\n<img decoding=\"async\" src=\"https:\/\/oss-cf.cjdropshipping.com\/product\/2025\/01\/15\/06\/ceb120cf-d8ea-48b0-8194-fc6d4e84d47c_trans.jpeg\"><br \/>\n<img decoding=\"async\" src=\"https:\/\/oss-cf.cjdropshipping.com\/product\/2025\/01\/15\/06\/ef31ce0d-3c74-4c51-8a69-1867e2226529_trans.jpeg\"><br \/>\n<img decoding=\"async\" src=\"https:\/\/oss-cf.cjdropshipping.com\/product\/2025\/01\/15\/06\/263cac3b-453a-4645-a190-d84c6e2d06f3_trans.jpeg\"><br \/>\n<img decoding=\"async\" src=\"https:\/\/oss-cf.cjdropshipping.com\/product\/2025\/01\/15\/06\/a851c4bc-f500-4025-adbe-a4711b796bd5_trans.jpeg\"><br \/>\n<img decoding=\"async\" src=\"https:\/\/oss-cf.cjdropshipping.com\/product\/2025\/01\/15\/06\/9ed16e67-0388-4da0-839c-0f7d0db761f6_trans.jpeg\"><\/p>\n","protected":false},"excerpt":{"rendered":"<p>Informations sur le produit : Motif : couleur unie Couleur : bleu fonc\u00e9, gris \u00e9l\u00e9phant, noir, bleu fleur, gris clair, violet cachemire Taille : S,M,L,XL,XXL,XXXL Version : Regular Style : pull-over Epaisseur : ordinaire Sc\u00e9narios d&rsquo;application : Loisirs Personnes concern\u00e9es : Personnes d&rsquo;\u00e2ge moyen Sexe applicable : Homme Groupe d&rsquo;\u00e2ge concern\u00e9 : Adulte Longueur des [&hellip;]<\/p>\n","protected":false},"featured_media":23987,"comment_status":"open","ping_status":"closed","template":"","meta":{"content-type":""},"product_brand":[],"product_cat":[691],"product_tag":[],"class_list":{"0":"post-31994","1":"product","2":"type-product","3":"status-publish","4":"has-post-thumbnail","6":"product_cat-sweatshirt-fr-2","8":"first","9":"instock","10":"taxable","11":"shipping-taxable","12":"purchasable","13":"product-type-variable","14":"add-to-wishlist-after_add_to_cart"},"yoast_head":"<!-- This site is optimized with the Yoast SEO plugin v27.4 - https:\/\/yoast.com\/product\/yoast-seo-wordpress\/ -->\n<title>Gilet d\u00e9contract\u00e9 d&#039;\u00e2ge moyen \u00e0 col en V Pull sans manches - Aigle Shopping Canada<\/title>\n<meta name=\"robots\" content=\"index, follow, max-snippet:-1, max-image-preview:large, max-video-preview:-1\" \/>\n<link rel=\"canonical\" href=\"https:\/\/aigleshopping.ca\/fr\/produit\/gilet-decontracte-dage-moyen-a-col-en-v-pull-sans-manches\/\" \/>\n<meta property=\"og:locale\" content=\"fr_FR\" \/>\n<meta property=\"og:type\" content=\"article\" \/>\n<meta property=\"og:title\" content=\"Gilet d\u00e9contract\u00e9 d&#039;\u00e2ge moyen \u00e0 col en V Pull sans manches - Aigle Shopping Canada\" \/>\n<meta property=\"og:description\" content=\"Informations sur le produit : Motif : couleur unie Couleur : bleu fonc\u00e9, gris \u00e9l\u00e9phant, noir, bleu fleur, gris clair, violet cachemire Taille : S,M,L,XL,XXL,XXXL Version : Regular Style : pull-over Epaisseur : ordinaire Sc\u00e9narios d&rsquo;application : Loisirs Personnes concern\u00e9es : Personnes d&rsquo;\u00e2ge moyen Sexe applicable : Homme Groupe d&rsquo;\u00e2ge concern\u00e9 : Adulte Longueur des [&hellip;]\" \/>\n<meta property=\"og:url\" content=\"https:\/\/aigleshopping.ca\/fr\/produit\/gilet-decontracte-dage-moyen-a-col-en-v-pull-sans-manches\/\" \/>\n<meta property=\"og:site_name\" content=\"Aigle Shopping Canada\" \/>\n<meta property=\"og:image\" content=\"https:\/\/aigleshopping.ca\/wp-content\/uploads\/2025\/03\/O1CN01bgs2wN1kPezO1McX7_2217760794676-0-cib.jpg\" \/>\n\t<meta property=\"og:image:width\" content=\"800\" \/>\n\t<meta property=\"og:image:height\" content=\"800\" \/>\n\t<meta property=\"og:image:type\" content=\"image\/jpeg\" \/>\n<meta name=\"twitter:card\" content=\"summary_large_image\" \/>\n<meta name=\"twitter:label1\" content=\"Dur\u00e9e de lecture estim\u00e9e\" \/>\n\t<meta name=\"twitter:data1\" content=\"1 minute\" \/>\n<script type=\"application\/ld+json\" class=\"yoast-schema-graph\">{\"@context\":\"https:\\\/\\\/schema.org\",\"@graph\":[{\"@type\":\"WebPage\",\"@id\":\"https:\\\/\\\/aigleshopping.ca\\\/fr\\\/produit\\\/gilet-decontracte-dage-moyen-a-col-en-v-pull-sans-manches\\\/\",\"url\":\"https:\\\/\\\/aigleshopping.ca\\\/fr\\\/produit\\\/gilet-decontracte-dage-moyen-a-col-en-v-pull-sans-manches\\\/\",\"name\":\"Gilet d\u00e9contract\u00e9 d'\u00e2ge moyen \u00e0 col en V Pull sans manches - Aigle Shopping Canada\",\"isPartOf\":{\"@id\":\"https:\\\/\\\/aigleshopping.ca\\\/#website\"},\"primaryImageOfPage\":{\"@id\":\"https:\\\/\\\/aigleshopping.ca\\\/fr\\\/produit\\\/gilet-decontracte-dage-moyen-a-col-en-v-pull-sans-manches\\\/#primaryimage\"},\"image\":{\"@id\":\"https:\\\/\\\/aigleshopping.ca\\\/fr\\\/produit\\\/gilet-decontracte-dage-moyen-a-col-en-v-pull-sans-manches\\\/#primaryimage\"},\"thumbnailUrl\":\"https:\\\/\\\/aigleshopping.ca\\\/wp-content\\\/uploads\\\/2025\\\/03\\\/O1CN01bgs2wN1kPezO1McX7_2217760794676-0-cib.jpg\",\"datePublished\":\"2025-03-20T05:51:50+00:00\",\"breadcrumb\":{\"@id\":\"https:\\\/\\\/aigleshopping.ca\\\/fr\\\/produit\\\/gilet-decontracte-dage-moyen-a-col-en-v-pull-sans-manches\\\/#breadcrumb\"},\"inLanguage\":\"fr-FR\",\"potentialAction\":[{\"@type\":\"ReadAction\",\"target\":[\"https:\\\/\\\/aigleshopping.ca\\\/fr\\\/produit\\\/gilet-decontracte-dage-moyen-a-col-en-v-pull-sans-manches\\\/\"]}]},{\"@type\":\"ImageObject\",\"inLanguage\":\"fr-FR\",\"@id\":\"https:\\\/\\\/aigleshopping.ca\\\/fr\\\/produit\\\/gilet-decontracte-dage-moyen-a-col-en-v-pull-sans-manches\\\/#primaryimage\",\"url\":\"https:\\\/\\\/aigleshopping.ca\\\/wp-content\\\/uploads\\\/2025\\\/03\\\/O1CN01bgs2wN1kPezO1McX7_2217760794676-0-cib.jpg\",\"contentUrl\":\"https:\\\/\\\/aigleshopping.ca\\\/wp-content\\\/uploads\\\/2025\\\/03\\\/O1CN01bgs2wN1kPezO1McX7_2217760794676-0-cib.jpg\",\"width\":800,\"height\":800},{\"@type\":\"BreadcrumbList\",\"@id\":\"https:\\\/\\\/aigleshopping.ca\\\/fr\\\/produit\\\/gilet-decontracte-dage-moyen-a-col-en-v-pull-sans-manches\\\/#breadcrumb\",\"itemListElement\":[{\"@type\":\"ListItem\",\"position\":1,\"name\":\"Home\",\"item\":\"https:\\\/\\\/aigleshopping.ca\\\/fr\\\/home\\\/\"},{\"@type\":\"ListItem\",\"position\":2,\"name\":\"Products\",\"item\":\"https:\\\/\\\/aigleshopping.ca\\\/shop\\\/\"},{\"@type\":\"ListItem\",\"position\":3,\"name\":\"Gilet d\u00e9contract\u00e9 d&#8217;\u00e2ge moyen \u00e0 col en V Pull sans manches\"}]},{\"@type\":\"WebSite\",\"@id\":\"https:\\\/\\\/aigleshopping.ca\\\/#website\",\"url\":\"https:\\\/\\\/aigleshopping.ca\\\/\",\"name\":\"Aigle Shopping Canada\",\"description\":\"Au-del\u00e0 des fronti\u00e8res, pour vous offrir le\u00a0meilleur!\",\"publisher\":{\"@id\":\"https:\\\/\\\/aigleshopping.ca\\\/#organization\"},\"potentialAction\":[{\"@type\":\"SearchAction\",\"target\":{\"@type\":\"EntryPoint\",\"urlTemplate\":\"https:\\\/\\\/aigleshopping.ca\\\/?s={search_term_string}\"},\"query-input\":{\"@type\":\"PropertyValueSpecification\",\"valueRequired\":true,\"valueName\":\"search_term_string\"}}],\"inLanguage\":\"fr-FR\"},{\"@type\":\"Organization\",\"@id\":\"https:\\\/\\\/aigleshopping.ca\\\/#organization\",\"name\":\"Aigle Shopping Canada\",\"url\":\"https:\\\/\\\/aigleshopping.ca\\\/\",\"logo\":{\"@type\":\"ImageObject\",\"inLanguage\":\"fr-FR\",\"@id\":\"https:\\\/\\\/aigleshopping.ca\\\/#\\\/schema\\\/logo\\\/image\\\/\",\"url\":\"https:\\\/\\\/aigleshopping.ca\\\/wp-content\\\/uploads\\\/2025\\\/12\\\/logo_aigleshopping_ca.png\",\"contentUrl\":\"https:\\\/\\\/aigleshopping.ca\\\/wp-content\\\/uploads\\\/2025\\\/12\\\/logo_aigleshopping_ca.png\",\"width\":800,\"height\":233,\"caption\":\"Aigle Shopping Canada\"},\"image\":{\"@id\":\"https:\\\/\\\/aigleshopping.ca\\\/#\\\/schema\\\/logo\\\/image\\\/\"}}]}<\/script>\n<!-- \/ Yoast SEO plugin. -->","yoast_head_json":{"title":"Gilet d\u00e9contract\u00e9 d'\u00e2ge moyen \u00e0 col en V Pull sans manches - Aigle Shopping Canada","robots":{"index":"index","follow":"follow","max-snippet":"max-snippet:-1","max-image-preview":"max-image-preview:large","max-video-preview":"max-video-preview:-1"},"canonical":"https:\/\/aigleshopping.ca\/fr\/produit\/gilet-decontracte-dage-moyen-a-col-en-v-pull-sans-manches\/","og_locale":"fr_FR","og_type":"article","og_title":"Gilet d\u00e9contract\u00e9 d'\u00e2ge moyen \u00e0 col en V Pull sans manches - Aigle Shopping Canada","og_description":"Informations sur le produit : Motif : couleur unie Couleur : bleu fonc\u00e9, gris \u00e9l\u00e9phant, noir, bleu fleur, gris clair, violet cachemire Taille : S,M,L,XL,XXL,XXXL Version : Regular Style : pull-over Epaisseur : ordinaire Sc\u00e9narios d&rsquo;application : Loisirs Personnes concern\u00e9es : Personnes d&rsquo;\u00e2ge moyen Sexe applicable : Homme Groupe d&rsquo;\u00e2ge concern\u00e9 : Adulte Longueur des [&hellip;]","og_url":"https:\/\/aigleshopping.ca\/fr\/produit\/gilet-decontracte-dage-moyen-a-col-en-v-pull-sans-manches\/","og_site_name":"Aigle Shopping Canada","og_image":[{"width":800,"height":800,"url":"https:\/\/aigleshopping.ca\/wp-content\/uploads\/2025\/03\/O1CN01bgs2wN1kPezO1McX7_2217760794676-0-cib.jpg","type":"image\/jpeg"}],"twitter_card":"summary_large_image","twitter_misc":{"Dur\u00e9e de lecture estim\u00e9e":"1 minute"},"schema":{"@context":"https:\/\/schema.org","@graph":[{"@type":"WebPage","@id":"https:\/\/aigleshopping.ca\/fr\/produit\/gilet-decontracte-dage-moyen-a-col-en-v-pull-sans-manches\/","url":"https:\/\/aigleshopping.ca\/fr\/produit\/gilet-decontracte-dage-moyen-a-col-en-v-pull-sans-manches\/","name":"Gilet d\u00e9contract\u00e9 d'\u00e2ge moyen \u00e0 col en V Pull sans manches - Aigle Shopping Canada","isPartOf":{"@id":"https:\/\/aigleshopping.ca\/#website"},"primaryImageOfPage":{"@id":"https:\/\/aigleshopping.ca\/fr\/produit\/gilet-decontracte-dage-moyen-a-col-en-v-pull-sans-manches\/#primaryimage"},"image":{"@id":"https:\/\/aigleshopping.ca\/fr\/produit\/gilet-decontracte-dage-moyen-a-col-en-v-pull-sans-manches\/#primaryimage"},"thumbnailUrl":"https:\/\/aigleshopping.ca\/wp-content\/uploads\/2025\/03\/O1CN01bgs2wN1kPezO1McX7_2217760794676-0-cib.jpg","datePublished":"2025-03-20T05:51:50+00:00","breadcrumb":{"@id":"https:\/\/aigleshopping.ca\/fr\/produit\/gilet-decontracte-dage-moyen-a-col-en-v-pull-sans-manches\/#breadcrumb"},"inLanguage":"fr-FR","potentialAction":[{"@type":"ReadAction","target":["https:\/\/aigleshopping.ca\/fr\/produit\/gilet-decontracte-dage-moyen-a-col-en-v-pull-sans-manches\/"]}]},{"@type":"ImageObject","inLanguage":"fr-FR","@id":"https:\/\/aigleshopping.ca\/fr\/produit\/gilet-decontracte-dage-moyen-a-col-en-v-pull-sans-manches\/#primaryimage","url":"https:\/\/aigleshopping.ca\/wp-content\/uploads\/2025\/03\/O1CN01bgs2wN1kPezO1McX7_2217760794676-0-cib.jpg","contentUrl":"https:\/\/aigleshopping.ca\/wp-content\/uploads\/2025\/03\/O1CN01bgs2wN1kPezO1McX7_2217760794676-0-cib.jpg","width":800,"height":800},{"@type":"BreadcrumbList","@id":"https:\/\/aigleshopping.ca\/fr\/produit\/gilet-decontracte-dage-moyen-a-col-en-v-pull-sans-manches\/#breadcrumb","itemListElement":[{"@type":"ListItem","position":1,"name":"Home","item":"https:\/\/aigleshopping.ca\/fr\/home\/"},{"@type":"ListItem","position":2,"name":"Products","item":"https:\/\/aigleshopping.ca\/shop\/"},{"@type":"ListItem","position":3,"name":"Gilet d\u00e9contract\u00e9 d&#8217;\u00e2ge moyen \u00e0 col en V Pull sans manches"}]},{"@type":"WebSite","@id":"https:\/\/aigleshopping.ca\/#website","url":"https:\/\/aigleshopping.ca\/","name":"Aigle Shopping Canada","description":"Au-del\u00e0 des fronti\u00e8res, pour vous offrir le\u00a0meilleur!","publisher":{"@id":"https:\/\/aigleshopping.ca\/#organization"},"potentialAction":[{"@type":"SearchAction","target":{"@type":"EntryPoint","urlTemplate":"https:\/\/aigleshopping.ca\/?s={search_term_string}"},"query-input":{"@type":"PropertyValueSpecification","valueRequired":true,"valueName":"search_term_string"}}],"inLanguage":"fr-FR"},{"@type":"Organization","@id":"https:\/\/aigleshopping.ca\/#organization","name":"Aigle Shopping Canada","url":"https:\/\/aigleshopping.ca\/","logo":{"@type":"ImageObject","inLanguage":"fr-FR","@id":"https:\/\/aigleshopping.ca\/#\/schema\/logo\/image\/","url":"https:\/\/aigleshopping.ca\/wp-content\/uploads\/2025\/12\/logo_aigleshopping_ca.png","contentUrl":"https:\/\/aigleshopping.ca\/wp-content\/uploads\/2025\/12\/logo_aigleshopping_ca.png","width":800,"height":233,"caption":"Aigle Shopping Canada"},"image":{"@id":"https:\/\/aigleshopping.ca\/#\/schema\/logo\/image\/"}}]}},"jetpack_sharing_enabled":true,"_links":{"self":[{"href":"https:\/\/aigleshopping.ca\/fr\/wp-json\/wp\/v2\/product\/31994","targetHints":{"allow":["GET"]}}],"collection":[{"href":"https:\/\/aigleshopping.ca\/fr\/wp-json\/wp\/v2\/product"}],"about":[{"href":"https:\/\/aigleshopping.ca\/fr\/wp-json\/wp\/v2\/types\/product"}],"replies":[{"embeddable":true,"href":"https:\/\/aigleshopping.ca\/fr\/wp-json\/wp\/v2\/comments?post=31994"}],"wp:featuredmedia":[{"embeddable":true,"href":"https:\/\/aigleshopping.ca\/fr\/wp-json\/wp\/v2\/media\/23987"}],"wp:attachment":[{"href":"https:\/\/aigleshopping.ca\/fr\/wp-json\/wp\/v2\/media?parent=31994"}],"wp:term":[{"taxonomy":"product_brand","embeddable":true,"href":"https:\/\/aigleshopping.ca\/fr\/wp-json\/wp\/v2\/product_brand?post=31994"},{"taxonomy":"product_cat","embeddable":true,"href":"https:\/\/aigleshopping.ca\/fr\/wp-json\/wp\/v2\/product_cat?post=31994"},{"taxonomy":"product_tag","embeddable":true,"href":"https:\/\/aigleshopping.ca\/fr\/wp-json\/wp\/v2\/product_tag?post=31994"}],"curies":[{"name":"wp","href":"https:\/\/api.w.org\/{rel}","templated":true}]}}